{"id":18140,"date":"2022-10-27T13:32:55","date_gmt":"2022-10-27T05:32:55","guid":{"rendered":"https:\/\/sumkcaps.com\/?post_type=product&#038;p=18140"},"modified":"2026-02-06T11:53:34","modified_gmt":"2026-02-06T03:53:34","slug":"sufox-231137-custom-six-panel-3d-embroidery-fitted-snapback-cap","status":"publish","type":"product","link":"https:\/\/sumkcaps.com\/it\/prodotto\/sufox-231137-cappellino-snapback-personalizzato-a-sei-pannelli-con-ricamo-3d\/","title":{"rendered":"Sumkcaps 231137 Cappello snapback personalizzato a sei pannelli con ricamo 3D"},"content":{"rendered":"<h3 data-start=\"139\" data-end=\"153\">Decorazione<\/h3>\n<p data-start=\"154\" data-end=\"524\">Questo berretto \u00e8 dotato di un ricamo 3D audace e accattivante, che consente di realizzare disegni intricati e in rilievo che risaltano con una finitura professionale e di alta qualit\u00e0. Perfetto per mostrare loghi, nomi di squadre o grafiche personalizzate, il ricamo 3D aumenta l'impatto visivo del vostro disegno, rendendolo una scelta perfetta per il branding, le promozioni o le dichiarazioni di moda personalizzate.<\/p>\n<h3 data-start=\"526\" data-end=\"538\">Materiale<\/h3>\n<p data-start=\"539\" data-end=\"922\">Realizzato in acrilico 100%, questo berretto \u00e8 leggero, resistente e offre una vestibilit\u00e0 confortevole. Il tessuto acrilico \u00e8 noto per la sua capacit\u00e0 di mantenere la vivacit\u00e0 dei colori e di resistere allo sbiadimento, assicurando che i vostri disegni personalizzati rimangano brillanti e chiari anche dopo un uso ripetuto. La traspirabilit\u00e0 e le propriet\u00e0 di traspirazione del materiale lo rendono una scelta ideale per essere indossato tutto il giorno in diversi climi.<\/p>\n<h3 data-start=\"924\" data-end=\"933\">Colore<\/h3>\n<p data-start=\"934\" data-end=\"1324\">Il cappellino \u00e8 personalizzabile e il rosa \u00e8 una delle opzioni di colore disponibili. Il rosa \u00e8 un colore vivace e audace, che aggiunge un tocco giocoso a qualsiasi abbigliamento e si fa notare negli ambienti pi\u00f9 alla moda. Sia che preferiate un look classico sia che vogliate sperimentare altre tonalit\u00e0, le opzioni di colore sono versatili e possono essere adattate alle vostre esigenze specifiche o ai requisiti di branding.<\/p>\n<h3 data-start=\"1326\" data-end=\"1340\">Vestibilit\u00e0 e dimensioni<\/h3>\n<p data-start=\"1341\" data-end=\"1716\">Progettato con una vestibilit\u00e0 regolabile OSFM (One Size Fits Most), il berretto snapback si adatta comodamente a teste di dimensioni comprese tra 7 e 7 3\/4. La chiusura a scatto regolabile assicura una vestibilit\u00e0 sicura e personalizzata, garantendo flessibilit\u00e0 e comfort per le varie forme della testa. La versatilit\u00e0 delle sue dimensioni lo rende ideale per un'ampia gamma di individui, dagli indossatori occasionali ai partecipanti agli eventi.<\/p>\n<h3 data-start=\"1718\" data-end=\"1727\">Visiera<\/h3>\n<p data-start=\"1728\" data-end=\"2038\">Il <strong data-start=\"1732\" data-end=\"1745\">fattura piatta<\/strong> Il design conferisce a questo berretto un aspetto contemporaneo ed elegante, comunemente visto nello streetwear e nella moda moderna. Offre un tocco di stile e aiuta a proteggere il viso dal sole. La visiera piatta mantiene inoltre intatta la forma del berretto, assicurando una silhouette pulita e strutturata che rimane nitida durante l'uso.<\/p>\n<h3 data-start=\"2040\" data-end=\"2051\">Servizio<\/h3>\n<p data-start=\"2052\" data-end=\"2445\">Questo prodotto \u00e8 disponibile per servizi OEM e ODM, che offrono opzioni di personalizzazione complete per soddisfare le vostre esigenze di design e branding. Sia che si richiedano colori specifici, posizionamento del logo o altre modifiche, la flessibilit\u00e0 del servizio assicura che il cappuccio possa essere adattato alle vostre esatte specifiche, rendendolo perfetto per eventi promozionali, branding aziendale o moda personalizzata.<\/p>\n<h3 data-start=\"2447\" data-end=\"2466\">Tempi di consegna<\/h3>\n<p data-start=\"2467\" data-end=\"2824\">Il tempo di produzione dei campioni \u00e8 di 7-9 giorni lavorativi, per consentirvi di valutare il design prima di impegnarvi in un ordine completo. Una volta approvato il campione, i tempi di produzione per i grandi ordini sono di circa 18-22 giorni lavorativi, assicurandovi di ricevere i vostri cappellini personalizzati in tempo, sia per un lancio promozionale, che per un evento di squadra o per la distribuzione al dettaglio.<\/p>","protected":false},"excerpt":{"rendered":"<p>Sumkcaps 231137 Custom Six Panel 3D Embroidery Fitted Snapback Cap \u00e8 uno degli stili pi\u00f9 popolari di berretto, leggero e traspirante. I nostri Snapback sono disponibili in una variet\u00e0 di stili e colori di tutte le migliori marche.<\/p>","protected":false},"featured_media":18141,"template":"","meta":{"_acf_changed":false,"_kad_blocks_custom_css":"","_kad_blocks_head_custom_js":"","_kad_blocks_body_custom_js":"","_kad_blocks_footer_custom_js":""},"product_brand":[],"product_cat":[42],"product_tag":[],"class_list":{"0":"post-18140","1":"product","2":"type-product","3":"status-publish","4":"has-post-thumbnail","6":"product_cat-snapback-cap","8":"first","9":"outofstock","10":"shipping-taxable","11":"product-type-simple"},"acf":[],"yoast_head":"<!-- This site is optimized with the Yoast SEO Premium plugin v20.8 (Yoast SEO v25.9) - https:\/\/yoast.com\/wordpress\/plugins\/seo\/ -->\n<title>Custom 3D Embroidery Fitted Snapback Cap | China Manufactuer<\/title>\n<meta name=\"description\" content=\"More Than 10 Years Of Experience In The Headwear Industry. Cap Manufacturers.100% Satisfaction Guarantee. Expert Service. Bulk Discount. Quick delivery.\" \/>\n<meta name=\"robots\" content=\"index, follow, max-snippet:-1, max-image-preview:large, max-video-preview:-1\" \/>\n<link rel=\"canonical\" href=\"https:\/\/sumkcaps.com\/it\/prodotto\/sufox-231137-cappellino-snapback-personalizzato-a-sei-pannelli-con-ricamo-3d\/\" \/>\n<meta property=\"og:locale\" content=\"it_IT\" \/>\n<meta property=\"og:type\" content=\"article\" \/>\n<meta property=\"og:title\" content=\"Sumkcaps 231137 Custom Six Panel 3D Embroidery Fitted Snapback Cap - Sumkcaps\" \/>\n<meta property=\"og:description\" content=\"More Than 10 Years Of Experience In The Headwear Industry. Cap Manufacturers.100% Satisfaction Guarantee. Expert Service. Bulk Discount. Quick delivery.\" \/>\n<meta property=\"og:url\" content=\"https:\/\/sumkcaps.com\/it\/prodotto\/sufox-231137-cappellino-snapback-personalizzato-a-sei-pannelli-con-ricamo-3d\/\" \/>\n<meta property=\"og:site_name\" content=\"Sumkcaps-China Original Headwear Manufacturer and Suppliers\" \/>\n<meta property=\"article:publisher\" content=\"https:\/\/www.facebook.com\/sumkcap\" \/>\n<meta property=\"article:modified_time\" content=\"2026-02-06T03:53:34+00:00\" \/>\n<meta property=\"og:image\" content=\"https:\/\/sumkcaps.com\/wp-content\/uploads\/2022\/10\/6_panel_3d_embroidery_fitted_snapback_cap-1-4-scaled.jpg\" \/>\n\t<meta property=\"og:image:width\" content=\"2560\" \/>\n\t<meta property=\"og:image:height\" content=\"2560\" \/>\n\t<meta property=\"og:image:type\" content=\"image\/jpeg\" \/>\n<meta name=\"twitter:card\" content=\"summary_large_image\" \/>\n<meta name=\"twitter:label1\" content=\"Tempo di lettura stimato\" \/>\n\t<meta name=\"twitter:data1\" content=\"2 minuti\" \/>\n<script type=\"application\/ld+json\" class=\"yoast-schema-graph\">{\"@context\":\"https:\/\/schema.org\",\"@graph\":[{\"@type\":\"WebPage\",\"@id\":\"https:\/\/sumkcaps.com\/product\/sufox-231137-custom-six-panel-3d-embroidery-fitted-snapback-cap\/\",\"url\":\"https:\/\/sumkcaps.com\/product\/sufox-231137-custom-six-panel-3d-embroidery-fitted-snapback-cap\/\",\"name\":\"Custom 3D Embroidery Fitted Snapback Cap | China Manufactuer\",\"isPartOf\":{\"@id\":\"https:\/\/sumkcaps.com\/#website\"},\"primaryImageOfPage\":{\"@id\":\"https:\/\/sumkcaps.com\/product\/sufox-231137-custom-six-panel-3d-embroidery-fitted-snapback-cap\/#primaryimage\"},\"image\":{\"@id\":\"https:\/\/sumkcaps.com\/product\/sufox-231137-custom-six-panel-3d-embroidery-fitted-snapback-cap\/#primaryimage\"},\"thumbnailUrl\":\"https:\/\/sumkcaps.com\/wp-content\/uploads\/2022\/10\/6_panel_3d_embroidery_fitted_snapback_cap-1-4-scaled.jpg\",\"datePublished\":\"2022-10-27T05:32:55+00:00\",\"dateModified\":\"2026-02-06T03:53:34+00:00\",\"description\":\"More Than 10 Years Of Experience In The Headwear Industry. Cap Manufacturers.100% Satisfaction Guarantee. Expert Service. Bulk Discount. Quick delivery.\",\"breadcrumb\":{\"@id\":\"https:\/\/sumkcaps.com\/product\/sufox-231137-custom-six-panel-3d-embroidery-fitted-snapback-cap\/#breadcrumb\"},\"inLanguage\":\"it-IT\",\"potentialAction\":[{\"@type\":\"ReadAction\",\"target\":[\"https:\/\/sumkcaps.com\/product\/sufox-231137-custom-six-panel-3d-embroidery-fitted-snapback-cap\/\"]}]},{\"@type\":\"ImageObject\",\"inLanguage\":\"it-IT\",\"@id\":\"https:\/\/sumkcaps.com\/product\/sufox-231137-custom-six-panel-3d-embroidery-fitted-snapback-cap\/#primaryimage\",\"url\":\"https:\/\/sumkcaps.com\/wp-content\/uploads\/2022\/10\/6_panel_3d_embroidery_fitted_snapback_cap-1-4-scaled.jpg\",\"contentUrl\":\"https:\/\/sumkcaps.com\/wp-content\/uploads\/2022\/10\/6_panel_3d_embroidery_fitted_snapback_cap-1-4-scaled.jpg\",\"width\":2560,\"height\":2560},{\"@type\":\"BreadcrumbList\",\"@id\":\"https:\/\/sumkcaps.com\/product\/sufox-231137-custom-six-panel-3d-embroidery-fitted-snapback-cap\/#breadcrumb\",\"itemListElement\":[{\"@type\":\"ListItem\",\"position\":1,\"name\":\"Home\",\"item\":\"https:\/\/sumkcaps.com\/\"},{\"@type\":\"ListItem\",\"position\":2,\"name\":\"Products\",\"item\":\"https:\/\/sumkcaps.com\/product\/\"},{\"@type\":\"ListItem\",\"position\":3,\"name\":\"Sumkcaps 231137 Custom Six Panel 3D Embroidery Fitted Snapback Cap\"}]},{\"@type\":\"WebSite\",\"@id\":\"https:\/\/sumkcaps.com\/#website\",\"url\":\"https:\/\/sumkcaps.com\/\",\"name\":\"Sumkcaps-China Original Headwear Manufacturer and Suppliers\",\"description\":\"We are China Cap And Hat Original Factory, whose main business is to custom cap and hat as client&#039;s LOGO. Any cap style, any cap color, any qty, any material and qty is no problem. In one words, any small details can be customized as your request.\",\"publisher\":{\"@id\":\"https:\/\/sumkcaps.com\/#organization\"},\"potentialAction\":[{\"@type\":\"SearchAction\",\"target\":{\"@type\":\"EntryPoint\",\"urlTemplate\":\"https:\/\/sumkcaps.com\/?s={search_term_string}\"},\"query-input\":{\"@type\":\"PropertyValueSpecification\",\"valueRequired\":true,\"valueName\":\"search_term_string\"}}],\"inLanguage\":\"it-IT\"},{\"@type\":\"Organization\",\"@id\":\"https:\/\/sumkcaps.com\/#organization\",\"name\":\"Sumkcaps-China Original Headwear Manufacturer and Suppliers\",\"url\":\"https:\/\/sumkcaps.com\/\",\"logo\":{\"@type\":\"ImageObject\",\"inLanguage\":\"it-IT\",\"@id\":\"https:\/\/sumkcaps.com\/#\/schema\/logo\/image\/\",\"url\":\"https:\/\/sumkcaps.com\/wp-content\/uploads\/2025\/12\/1234.jpg\",\"contentUrl\":\"https:\/\/sumkcaps.com\/wp-content\/uploads\/2025\/12\/1234.jpg\",\"width\":800,\"height\":800,\"caption\":\"Sumkcaps-China Original Headwear Manufacturer and Suppliers\"},\"image\":{\"@id\":\"https:\/\/sumkcaps.com\/#\/schema\/logo\/image\/\"},\"sameAs\":[\"https:\/\/www.facebook.com\/sumkcap\",\"https:\/\/www.instagram.com\/sumkcaps7\/\",\"https:\/\/www.pinterest.com\/sumkcapschina\/\"]}]}<\/script>\n<!-- \/ Yoast SEO Premium plugin. -->","yoast_head_json":{"title":"Personalizzato 3D ricamo Fitted Snapback Cap | Cina Manufactuer","description":"Pi\u00f9 di 10 anni di esperienza nell'industria dei cappelli. Produttori di berretti.100% Garanzia di soddisfazione. Servizio esperto. Sconto in blocco. Consegna rapida.","robots":{"index":"index","follow":"follow","max-snippet":"max-snippet:-1","max-image-preview":"max-image-preview:large","max-video-preview":"max-video-preview:-1"},"canonical":"https:\/\/sumkcaps.com\/it\/prodotto\/sufox-231137-cappellino-snapback-personalizzato-a-sei-pannelli-con-ricamo-3d\/","og_locale":"it_IT","og_type":"article","og_title":"Sumkcaps 231137 Custom Six Panel 3D Embroidery Fitted Snapback Cap - Sumkcaps","og_description":"More Than 10 Years Of Experience In The Headwear Industry. Cap Manufacturers.100% Satisfaction Guarantee. Expert Service. Bulk Discount. Quick delivery.","og_url":"https:\/\/sumkcaps.com\/it\/prodotto\/sufox-231137-cappellino-snapback-personalizzato-a-sei-pannelli-con-ricamo-3d\/","og_site_name":"Sumkcaps-China Original Headwear Manufacturer and Suppliers","article_publisher":"https:\/\/www.facebook.com\/sumkcap","article_modified_time":"2026-02-06T03:53:34+00:00","og_image":[{"width":2560,"height":2560,"url":"https:\/\/sumkcaps.com\/wp-content\/uploads\/2022\/10\/6_panel_3d_embroidery_fitted_snapback_cap-1-4-scaled.jpg","type":"image\/jpeg"}],"twitter_card":"summary_large_image","twitter_misc":{"Tempo di lettura stimato":"2 minuti"},"schema":{"@context":"https:\/\/schema.org","@graph":[{"@type":"WebPage","@id":"https:\/\/sumkcaps.com\/product\/sufox-231137-custom-six-panel-3d-embroidery-fitted-snapback-cap\/","url":"https:\/\/sumkcaps.com\/product\/sufox-231137-custom-six-panel-3d-embroidery-fitted-snapback-cap\/","name":"Personalizzato 3D ricamo Fitted Snapback Cap | Cina Manufactuer","isPartOf":{"@id":"https:\/\/sumkcaps.com\/#website"},"primaryImageOfPage":{"@id":"https:\/\/sumkcaps.com\/product\/sufox-231137-custom-six-panel-3d-embroidery-fitted-snapback-cap\/#primaryimage"},"image":{"@id":"https:\/\/sumkcaps.com\/product\/sufox-231137-custom-six-panel-3d-embroidery-fitted-snapback-cap\/#primaryimage"},"thumbnailUrl":"https:\/\/sumkcaps.com\/wp-content\/uploads\/2022\/10\/6_panel_3d_embroidery_fitted_snapback_cap-1-4-scaled.jpg","datePublished":"2022-10-27T05:32:55+00:00","dateModified":"2026-02-06T03:53:34+00:00","description":"Pi\u00f9 di 10 anni di esperienza nell'industria dei cappelli. Produttori di berretti.100% Garanzia di soddisfazione. Servizio esperto. Sconto in blocco. Consegna rapida.","breadcrumb":{"@id":"https:\/\/sumkcaps.com\/product\/sufox-231137-custom-six-panel-3d-embroidery-fitted-snapback-cap\/#breadcrumb"},"inLanguage":"it-IT","potentialAction":[{"@type":"ReadAction","target":["https:\/\/sumkcaps.com\/product\/sufox-231137-custom-six-panel-3d-embroidery-fitted-snapback-cap\/"]}]},{"@type":"ImageObject","inLanguage":"it-IT","@id":"https:\/\/sumkcaps.com\/product\/sufox-231137-custom-six-panel-3d-embroidery-fitted-snapback-cap\/#primaryimage","url":"https:\/\/sumkcaps.com\/wp-content\/uploads\/2022\/10\/6_panel_3d_embroidery_fitted_snapback_cap-1-4-scaled.jpg","contentUrl":"https:\/\/sumkcaps.com\/wp-content\/uploads\/2022\/10\/6_panel_3d_embroidery_fitted_snapback_cap-1-4-scaled.jpg","width":2560,"height":2560},{"@type":"BreadcrumbList","@id":"https:\/\/sumkcaps.com\/product\/sufox-231137-custom-six-panel-3d-embroidery-fitted-snapback-cap\/#breadcrumb","itemListElement":[{"@type":"ListItem","position":1,"name":"Home","item":"https:\/\/sumkcaps.com\/"},{"@type":"ListItem","position":2,"name":"Products","item":"https:\/\/sumkcaps.com\/product\/"},{"@type":"ListItem","position":3,"name":"Sumkcaps 231137 Custom Six Panel 3D Embroidery Fitted Snapback Cap"}]},{"@type":"WebSite","@id":"https:\/\/sumkcaps.com\/#website","url":"https:\/\/sumkcaps.com\/","name":"Sumkcaps-Cina Produttore e fornitore di copricapi originali","description":"Siamo fabbrica originale del cappello e del cappuccio della Cina, di cui l'affare principale \u00e8 al cappuccio ed al cappello su ordinazione come client&#039;s LOGO. Qualsiasi stile del cappuccio, qualsiasi colore del cappuccio, qualsiasi qty, qualsiasi materiale e qty non \u00e8 un problema. In una parola, qualsiasi piccolo dettaglio pu\u00f2 essere personalizzato come vostra richiesta.","publisher":{"@id":"https:\/\/sumkcaps.com\/#organization"},"potentialAction":[{"@type":"SearchAction","target":{"@type":"EntryPoint","urlTemplate":"https:\/\/sumkcaps.com\/?s={search_term_string}"},"query-input":{"@type":"PropertyValueSpecification","valueRequired":true,"valueName":"search_term_string"}}],"inLanguage":"it-IT"},{"@type":"Organization","@id":"https:\/\/sumkcaps.com\/#organization","name":"Sumkcaps-Cina Produttore e fornitore di copricapi originali","url":"https:\/\/sumkcaps.com\/","logo":{"@type":"ImageObject","inLanguage":"it-IT","@id":"https:\/\/sumkcaps.com\/#\/schema\/logo\/image\/","url":"https:\/\/sumkcaps.com\/wp-content\/uploads\/2025\/12\/1234.jpg","contentUrl":"https:\/\/sumkcaps.com\/wp-content\/uploads\/2025\/12\/1234.jpg","width":800,"height":800,"caption":"Sumkcaps-China Original Headwear Manufacturer and Suppliers"},"image":{"@id":"https:\/\/sumkcaps.com\/#\/schema\/logo\/image\/"},"sameAs":["https:\/\/www.facebook.com\/sumkcap","https:\/\/www.instagram.com\/sumkcaps7\/","https:\/\/www.pinterest.com\/sumkcapschina\/"]}]}},"taxonomy_info":{"product_cat":[{"value":42,"label":"Snapback Hats Wholesale"}]},"featured_image_src_large":["https:\/\/sumkcaps.com\/wp-content\/uploads\/2022\/10\/6_panel_3d_embroidery_fitted_snapback_cap-1-4-1024x1024.jpg",800,800,true],"author_info":[],"comment_info":"","_links":{"self":[{"href":"https:\/\/sumkcaps.com\/it\/wp-json\/wp\/v2\/product\/18140","targetHints":{"allow":["GET"]}}],"collection":[{"href":"https:\/\/sumkcaps.com\/it\/wp-json\/wp\/v2\/product"}],"about":[{"href":"https:\/\/sumkcaps.com\/it\/wp-json\/wp\/v2\/types\/product"}],"wp:featuredmedia":[{"embeddable":true,"href":"https:\/\/sumkcaps.com\/it\/wp-json\/wp\/v2\/media\/18141"}],"wp:attachment":[{"href":"https:\/\/sumkcaps.com\/it\/wp-json\/wp\/v2\/media?parent=18140"}],"wp:term":[{"taxonomy":"product_brand","embeddable":true,"href":"https:\/\/sumkcaps.com\/it\/wp-json\/wp\/v2\/product_brand?post=18140"},{"taxonomy":"product_cat","embeddable":true,"href":"https:\/\/sumkcaps.com\/it\/wp-json\/wp\/v2\/product_cat?post=18140"},{"taxonomy":"product_tag","embeddable":true,"href":"https:\/\/sumkcaps.com\/it\/wp-json\/wp\/v2\/product_tag?post=18140"}],"curies":[{"name":"wp","href":"https:\/\/api.w.org\/{rel}","templated":true}]}}