{"id":18023,"date":"2022-10-27T09:18:13","date_gmt":"2022-10-27T01:18:13","guid":{"rendered":"https:\/\/sumkcaps.com\/?post_type=product&#038;p=18023"},"modified":"2025-07-10T09:05:57","modified_gmt":"2025-07-10T01:05:57","slug":"sufox-231122-custom-six-panel-3d-embroidery-fitted-snapback-cap","status":"publish","type":"product","link":"https:\/\/sumkcaps.com\/it\/prodotto\/sufox-231122-cappellino-snapback-personalizzato-a-sei-pannelli-con-ricamo-3d\/","title":{"rendered":"Sumkcaps 231122 Cappello snapback personalizzato a sei pannelli con ricamo 3D"},"content":{"rendered":"<h2 data-start=\"269\" data-end=\"323\"><strong data-start=\"276\" data-end=\"321\">Tipo e struttura del cappello: Cappello snapback aderente<\/strong><\/h2>\n<p data-start=\"324\" data-end=\"766\">Questo cappello appartiene al <strong data-start=\"348\" data-end=\"371\">famiglia di cappellini snapback<\/strong>, caratterizzato dalla sua <strong data-start=\"394\" data-end=\"407\">fattura piatta<\/strong> e <strong data-start=\"412\" data-end=\"439\">chiusura a scatto regolabile<\/strong>. A differenza dei cappelli da pap\u00e0 casual o dei cappellini da prestazione, il <strong data-start=\"489\" data-end=\"508\">snapback aderente<\/strong> \u00e8 strutturato ed elegante e offre una vestibilit\u00e0 aderente che combina lo stile urbano con la funzionalit\u00e0 dei copricapi. Il <strong data-start=\"613\" data-end=\"639\">Struttura a sei pannelli<\/strong> Il tessuto di questo modello migliora il mantenimento della forma e offre una silhouette classica, ideale per lo streetwear, il branding di squadra e i marchi di lifestyle.<\/p>\n<h2 data-start=\"768\" data-end=\"815\"><strong data-start=\"775\" data-end=\"813\">Composizione del materiale: Acrilico 100%<\/strong><\/h2>\n<p data-start=\"816\" data-end=\"1107\">L'acrilico \u00e8 un materiale resistente, leggero e che mantiene la forma. \u00c8 ampiamente utilizzato nei copricapi street-style per la sua capacit\u00e0 di mantenere nitidi i disegni ricamati, pur rimanendo confortevole e traspirante. Questo tessuto offre anche <strong data-start=\"1052\" data-end=\"1070\">vibrazione del colore<\/strong>, permettendo ai loghi e ai motivi di risaltare.<\/p>\n<h2 data-start=\"1109\" data-end=\"1167\"><strong data-start=\"1116\" data-end=\"1165\">Stile di decorazione: Personalizzazione del ricamo 3D<\/strong><\/h2>\n<p data-start=\"1168\" data-end=\"1555\">Il ricamo in 3D \u00e8 una delle tecniche di decorazione pi\u00f9 pregiate nella produzione di cappelli. Conferisce a loghi e testi un effetto in rilievo e tattile che aggiunge profondit\u00e0 e dimensione. Questo metodo \u00e8 ideale per i marchi che cercano un visual branding di grande impatto. Abbinato a <strong data-start=\"1419\" data-end=\"1449\">opzioni di personalizzazione complete<\/strong>Gli utenti possono progettare opere d'arte uniche, loghi di squadre o grafiche promozionali su misura per l'identit\u00e0 del proprio marchio.<\/p>\n<h2 data-start=\"1557\" data-end=\"1603\"><strong data-start=\"1564\" data-end=\"1601\">Stile visiera: Estetica Flat Bill<\/strong><\/h2>\n<p data-start=\"1604\" data-end=\"1901\">Il <strong data-start=\"1608\" data-end=\"1627\">visiera flat bill<\/strong> offre un'estetica moderna e urbana, preferita dai marchi streetwear, dalla cultura hip-hop e dai giovani. A differenza delle visiere ricurve dei cappelli da pap\u00e0 o dei berretti da baseball, la visiera piatta conferisce un look audace e contemporaneo, rendendolo una dichiarazione di moda oltre che un copricapo funzionale.<\/p>\n<h2 data-start=\"1903\" data-end=\"1958\"><strong data-start=\"1910\" data-end=\"1956\">Personalizzazione del colore: Corrispondenza completa con i pantoni<\/strong><\/h2>\n<p data-start=\"1959\" data-end=\"2183\">Questo tappo supporta <strong data-start=\"1977\" data-end=\"2004\">colori completamente personalizzati<\/strong>che consente ai marchi di abbinare esattamente le tonalit\u00e0 Pantone. Sia che abbiate bisogno di monocromie decise o di contrasti vivaci, la personalizzazione aiuta ad allineare perfettamente il prodotto al vostro visual branding.<\/p>\n<h2 data-start=\"1959\" data-end=\"2183\"><strong data-start=\"2192\" data-end=\"2222\">Mercati di destinazione e casi d'uso<\/strong><\/h2>\n<ul data-start=\"2225\" data-end=\"2551\">\n<li data-start=\"2225\" data-end=\"2307\">\n<p data-start=\"2227\" data-end=\"2307\"><strong data-start=\"2227\" data-end=\"2249\">Marchi di streetwear:<\/strong> Costruire linee di prodotti iconici con un forte visual branding.<\/p>\n<\/li>\n<li data-start=\"2308\" data-end=\"2391\">\n<p data-start=\"2310\" data-end=\"2391\"><strong data-start=\"2310\" data-end=\"2327\">Squadre sportive:<\/strong> Copricapo per squadre dall'aspetto professionale con design incentrato sul logo.<\/p>\n<\/li>\n<li data-start=\"2392\" data-end=\"2473\">\n<p data-start=\"2394\" data-end=\"2473\"><strong data-start=\"2394\" data-end=\"2419\">Promozioni aziendali:<\/strong> Elevate l'identit\u00e0 del marchio con regali di alta qualit\u00e0 per la testa.<\/p>\n<\/li>\n<li data-start=\"2474\" data-end=\"2551\">\n<p data-start=\"2476\" data-end=\"2551\"><strong data-start=\"2476\" data-end=\"2501\">Merce e vendita al dettaglio:<\/strong> Ideale per la rivendita in negozi di abbigliamento e lifestyle.<\/p>\n<\/li>\n<\/ul>\n<h2 data-start=\"2553\" data-end=\"2594\"><strong data-start=\"2560\" data-end=\"2592\">MOQ e servizi di produzione<\/strong><\/h2>\n<p data-start=\"2595\" data-end=\"2894\">Con un <strong data-start=\"2602\" data-end=\"2663\">quantit\u00e0 minima ordinabile di 200 pezzi per disegno e colore<\/strong>Questo prodotto \u00e8 ottimizzato per gli acquirenti in massa, come i marchi di moda, i creatori di merch e gli organizzatori di eventi. Sumkcaps offre <strong data-start=\"2785\" data-end=\"2807\">Servizi OEM e ODM<\/strong>che facilita il lancio della propria linea di tappi con il supporto della personalizzazione diretta da parte della fabbrica.<\/p>","protected":false},"excerpt":{"rendered":"<p>Sumkcaps 231122 \u00e8 uno snapback personalizzato a sei pannelli realizzato in acrilico 100%. Caratterizzato da un audace ricamo 3D e da una visiera piatta, offre una personalizzazione a colori e servizi OEM e ODM. MOQ 200 pezzi per disegno\/colore, perfetto per marchi streetwear, squadre e promozioni.<\/p>","protected":false},"featured_media":18024,"template":"","meta":{"_acf_changed":false,"_kad_blocks_custom_css":"","_kad_blocks_head_custom_js":"","_kad_blocks_body_custom_js":"","_kad_blocks_footer_custom_js":""},"product_brand":[],"product_cat":[42],"product_tag":[],"class_list":{"0":"post-18023","1":"product","2":"type-product","3":"status-publish","4":"has-post-thumbnail","6":"product_cat-snapback-cap","8":"first","9":"outofstock","10":"shipping-taxable","11":"product-type-simple"},"acf":[],"yoast_head":"<!-- This site is optimized with the Yoast SEO Premium plugin v20.8 (Yoast SEO v25.9) - https:\/\/yoast.com\/wordpress\/plugins\/seo\/ -->\n<title>Custom 3D Embroidery Fitted Snapback Cap | China Manufactuer<\/title>\n<meta name=\"description\" content=\"Custom Cap, Logo Cap, Brand Caps, Custom Made Snapback Caps, Custom Snapback Baseball Hats. Premium Cap Manufacturer since 2006. Quick delivery.\" \/>\n<meta name=\"robots\" content=\"index, follow, max-snippet:-1, max-image-preview:large, max-video-preview:-1\" \/>\n<link rel=\"canonical\" href=\"https:\/\/sumkcaps.com\/it\/prodotto\/sufox-231122-cappellino-snapback-personalizzato-a-sei-pannelli-con-ricamo-3d\/\" \/>\n<meta property=\"og:locale\" content=\"it_IT\" \/>\n<meta property=\"og:type\" content=\"article\" \/>\n<meta property=\"og:title\" content=\"Sumkcaps 231122 Custom Six Panel 3D Embroidery Fitted Snapback Cap - Sumkcaps\" \/>\n<meta property=\"og:description\" content=\"Custom Cap, Logo Cap, Brand Caps, Custom Made Snapback Caps, Custom Snapback Baseball Hats. Premium Cap Manufacturer since 2006. Quick delivery.\" \/>\n<meta property=\"og:url\" content=\"https:\/\/sumkcaps.com\/it\/prodotto\/sufox-231122-cappellino-snapback-personalizzato-a-sei-pannelli-con-ricamo-3d\/\" \/>\n<meta property=\"og:site_name\" content=\"Sumkcaps-China Original Headwear Manufacturer and Suppliers\" \/>\n<meta property=\"article:publisher\" content=\"https:\/\/www.facebook.com\/sumkcap\" \/>\n<meta property=\"article:modified_time\" content=\"2025-07-10T01:05:57+00:00\" \/>\n<meta property=\"og:image\" content=\"https:\/\/sumkcaps.com\/wp-content\/uploads\/2022\/10\/6_panel_3d_embroidery_fitted_snapback_cap-1-3-scaled.jpg\" \/>\n\t<meta property=\"og:image:width\" content=\"2560\" \/>\n\t<meta property=\"og:image:height\" content=\"2400\" \/>\n\t<meta property=\"og:image:type\" content=\"image\/jpeg\" \/>\n<meta name=\"twitter:card\" content=\"summary_large_image\" \/>\n<meta name=\"twitter:label1\" content=\"Tempo di lettura stimato\" \/>\n\t<meta name=\"twitter:data1\" content=\"2 minuti\" \/>\n<script type=\"application\/ld+json\" class=\"yoast-schema-graph\">{\"@context\":\"https:\/\/schema.org\",\"@graph\":[{\"@type\":\"WebPage\",\"@id\":\"https:\/\/sumkcaps.com\/product\/sufox-231122-custom-six-panel-3d-embroidery-fitted-snapback-cap\/\",\"url\":\"https:\/\/sumkcaps.com\/product\/sufox-231122-custom-six-panel-3d-embroidery-fitted-snapback-cap\/\",\"name\":\"Custom 3D Embroidery Fitted Snapback Cap | China Manufactuer\",\"isPartOf\":{\"@id\":\"https:\/\/sumkcaps.com\/#website\"},\"primaryImageOfPage\":{\"@id\":\"https:\/\/sumkcaps.com\/product\/sufox-231122-custom-six-panel-3d-embroidery-fitted-snapback-cap\/#primaryimage\"},\"image\":{\"@id\":\"https:\/\/sumkcaps.com\/product\/sufox-231122-custom-six-panel-3d-embroidery-fitted-snapback-cap\/#primaryimage\"},\"thumbnailUrl\":\"https:\/\/sumkcaps.com\/wp-content\/uploads\/2022\/10\/6_panel_3d_embroidery_fitted_snapback_cap-1-3-scaled.jpg\",\"datePublished\":\"2022-10-27T01:18:13+00:00\",\"dateModified\":\"2025-07-10T01:05:57+00:00\",\"description\":\"Custom Cap, Logo Cap, Brand Caps, Custom Made Snapback Caps, Custom Snapback Baseball Hats. Premium Cap Manufacturer since 2006. Quick delivery.\",\"breadcrumb\":{\"@id\":\"https:\/\/sumkcaps.com\/product\/sufox-231122-custom-six-panel-3d-embroidery-fitted-snapback-cap\/#breadcrumb\"},\"inLanguage\":\"it-IT\",\"potentialAction\":[{\"@type\":\"ReadAction\",\"target\":[\"https:\/\/sumkcaps.com\/product\/sufox-231122-custom-six-panel-3d-embroidery-fitted-snapback-cap\/\"]}]},{\"@type\":\"ImageObject\",\"inLanguage\":\"it-IT\",\"@id\":\"https:\/\/sumkcaps.com\/product\/sufox-231122-custom-six-panel-3d-embroidery-fitted-snapback-cap\/#primaryimage\",\"url\":\"https:\/\/sumkcaps.com\/wp-content\/uploads\/2022\/10\/6_panel_3d_embroidery_fitted_snapback_cap-1-3-scaled.jpg\",\"contentUrl\":\"https:\/\/sumkcaps.com\/wp-content\/uploads\/2022\/10\/6_panel_3d_embroidery_fitted_snapback_cap-1-3-scaled.jpg\",\"width\":2560,\"height\":2400},{\"@type\":\"BreadcrumbList\",\"@id\":\"https:\/\/sumkcaps.com\/product\/sufox-231122-custom-six-panel-3d-embroidery-fitted-snapback-cap\/#breadcrumb\",\"itemListElement\":[{\"@type\":\"ListItem\",\"position\":1,\"name\":\"Home\",\"item\":\"https:\/\/sumkcaps.com\/\"},{\"@type\":\"ListItem\",\"position\":2,\"name\":\"Products\",\"item\":\"https:\/\/sumkcaps.com\/product\/\"},{\"@type\":\"ListItem\",\"position\":3,\"name\":\"Sumkcaps 231122 Custom Six Panel 3D Embroidery Fitted Snapback Cap\"}]},{\"@type\":\"WebSite\",\"@id\":\"https:\/\/sumkcaps.com\/#website\",\"url\":\"https:\/\/sumkcaps.com\/\",\"name\":\"Sumkcaps-China Original Headwear Manufacturer and Suppliers\",\"description\":\"We are China Cap And Hat Original Factory, whose main business is to custom cap and hat as client&#039;s LOGO. Any cap style, any cap color, any qty, any material and qty is no problem. In one words, any small details can be customized as your request.\",\"publisher\":{\"@id\":\"https:\/\/sumkcaps.com\/#organization\"},\"potentialAction\":[{\"@type\":\"SearchAction\",\"target\":{\"@type\":\"EntryPoint\",\"urlTemplate\":\"https:\/\/sumkcaps.com\/?s={search_term_string}\"},\"query-input\":{\"@type\":\"PropertyValueSpecification\",\"valueRequired\":true,\"valueName\":\"search_term_string\"}}],\"inLanguage\":\"it-IT\"},{\"@type\":\"Organization\",\"@id\":\"https:\/\/sumkcaps.com\/#organization\",\"name\":\"Sumkcaps-China Original Headwear Manufacturer and Suppliers\",\"url\":\"https:\/\/sumkcaps.com\/\",\"logo\":{\"@type\":\"ImageObject\",\"inLanguage\":\"it-IT\",\"@id\":\"https:\/\/sumkcaps.com\/#\/schema\/logo\/image\/\",\"url\":\"https:\/\/sumkcaps.com\/wp-content\/uploads\/2025\/12\/1234.jpg\",\"contentUrl\":\"https:\/\/sumkcaps.com\/wp-content\/uploads\/2025\/12\/1234.jpg\",\"width\":800,\"height\":800,\"caption\":\"Sumkcaps-China Original Headwear Manufacturer and Suppliers\"},\"image\":{\"@id\":\"https:\/\/sumkcaps.com\/#\/schema\/logo\/image\/\"},\"sameAs\":[\"https:\/\/www.facebook.com\/sumkcap\",\"https:\/\/www.instagram.com\/sumkcaps7\/\",\"https:\/\/www.pinterest.com\/sumkcapschina\/\"]}]}<\/script>\n<!-- \/ Yoast SEO Premium plugin. -->","yoast_head_json":{"title":"Personalizzato 3D ricamo Fitted Snapback Cap | Cina Manufactuer","description":"Cappellini personalizzati, cappellini con logo, cappellini di marca, cappellini snapback su misura, cappelli da baseball snapback personalizzati. Produttore di berretti di qualit\u00e0 dal 2006. Consegna rapida.","robots":{"index":"index","follow":"follow","max-snippet":"max-snippet:-1","max-image-preview":"max-image-preview:large","max-video-preview":"max-video-preview:-1"},"canonical":"https:\/\/sumkcaps.com\/it\/prodotto\/sufox-231122-cappellino-snapback-personalizzato-a-sei-pannelli-con-ricamo-3d\/","og_locale":"it_IT","og_type":"article","og_title":"Sumkcaps 231122 Custom Six Panel 3D Embroidery Fitted Snapback Cap - Sumkcaps","og_description":"Custom Cap, Logo Cap, Brand Caps, Custom Made Snapback Caps, Custom Snapback Baseball Hats. Premium Cap Manufacturer since 2006. Quick delivery.","og_url":"https:\/\/sumkcaps.com\/it\/prodotto\/sufox-231122-cappellino-snapback-personalizzato-a-sei-pannelli-con-ricamo-3d\/","og_site_name":"Sumkcaps-China Original Headwear Manufacturer and Suppliers","article_publisher":"https:\/\/www.facebook.com\/sumkcap","article_modified_time":"2025-07-10T01:05:57+00:00","og_image":[{"width":2560,"height":2400,"url":"https:\/\/sumkcaps.com\/wp-content\/uploads\/2022\/10\/6_panel_3d_embroidery_fitted_snapback_cap-1-3-scaled.jpg","type":"image\/jpeg"}],"twitter_card":"summary_large_image","twitter_misc":{"Tempo di lettura stimato":"2 minuti"},"schema":{"@context":"https:\/\/schema.org","@graph":[{"@type":"WebPage","@id":"https:\/\/sumkcaps.com\/product\/sufox-231122-custom-six-panel-3d-embroidery-fitted-snapback-cap\/","url":"https:\/\/sumkcaps.com\/product\/sufox-231122-custom-six-panel-3d-embroidery-fitted-snapback-cap\/","name":"Personalizzato 3D ricamo Fitted Snapback Cap | Cina Manufactuer","isPartOf":{"@id":"https:\/\/sumkcaps.com\/#website"},"primaryImageOfPage":{"@id":"https:\/\/sumkcaps.com\/product\/sufox-231122-custom-six-panel-3d-embroidery-fitted-snapback-cap\/#primaryimage"},"image":{"@id":"https:\/\/sumkcaps.com\/product\/sufox-231122-custom-six-panel-3d-embroidery-fitted-snapback-cap\/#primaryimage"},"thumbnailUrl":"https:\/\/sumkcaps.com\/wp-content\/uploads\/2022\/10\/6_panel_3d_embroidery_fitted_snapback_cap-1-3-scaled.jpg","datePublished":"2022-10-27T01:18:13+00:00","dateModified":"2025-07-10T01:05:57+00:00","description":"Cappellini personalizzati, cappellini con logo, cappellini di marca, cappellini snapback su misura, cappelli da baseball snapback personalizzati. Produttore di berretti di qualit\u00e0 dal 2006. Consegna rapida.","breadcrumb":{"@id":"https:\/\/sumkcaps.com\/product\/sufox-231122-custom-six-panel-3d-embroidery-fitted-snapback-cap\/#breadcrumb"},"inLanguage":"it-IT","potentialAction":[{"@type":"ReadAction","target":["https:\/\/sumkcaps.com\/product\/sufox-231122-custom-six-panel-3d-embroidery-fitted-snapback-cap\/"]}]},{"@type":"ImageObject","inLanguage":"it-IT","@id":"https:\/\/sumkcaps.com\/product\/sufox-231122-custom-six-panel-3d-embroidery-fitted-snapback-cap\/#primaryimage","url":"https:\/\/sumkcaps.com\/wp-content\/uploads\/2022\/10\/6_panel_3d_embroidery_fitted_snapback_cap-1-3-scaled.jpg","contentUrl":"https:\/\/sumkcaps.com\/wp-content\/uploads\/2022\/10\/6_panel_3d_embroidery_fitted_snapback_cap-1-3-scaled.jpg","width":2560,"height":2400},{"@type":"BreadcrumbList","@id":"https:\/\/sumkcaps.com\/product\/sufox-231122-custom-six-panel-3d-embroidery-fitted-snapback-cap\/#breadcrumb","itemListElement":[{"@type":"ListItem","position":1,"name":"Home","item":"https:\/\/sumkcaps.com\/"},{"@type":"ListItem","position":2,"name":"Products","item":"https:\/\/sumkcaps.com\/product\/"},{"@type":"ListItem","position":3,"name":"Sumkcaps 231122 Custom Six Panel 3D Embroidery Fitted Snapback Cap"}]},{"@type":"WebSite","@id":"https:\/\/sumkcaps.com\/#website","url":"https:\/\/sumkcaps.com\/","name":"Sumkcaps-Cina Produttore e fornitore di copricapi originali","description":"Siamo fabbrica originale del cappello e del cappuccio della Cina, di cui l'affare principale \u00e8 al cappuccio ed al cappello su ordinazione come client&#039;s LOGO. Qualsiasi stile del cappuccio, qualsiasi colore del cappuccio, qualsiasi qty, qualsiasi materiale e qty non \u00e8 un problema. In una parola, qualsiasi piccolo dettaglio pu\u00f2 essere personalizzato come vostra richiesta.","publisher":{"@id":"https:\/\/sumkcaps.com\/#organization"},"potentialAction":[{"@type":"SearchAction","target":{"@type":"EntryPoint","urlTemplate":"https:\/\/sumkcaps.com\/?s={search_term_string}"},"query-input":{"@type":"PropertyValueSpecification","valueRequired":true,"valueName":"search_term_string"}}],"inLanguage":"it-IT"},{"@type":"Organization","@id":"https:\/\/sumkcaps.com\/#organization","name":"Sumkcaps-Cina Produttore e fornitore di copricapi originali","url":"https:\/\/sumkcaps.com\/","logo":{"@type":"ImageObject","inLanguage":"it-IT","@id":"https:\/\/sumkcaps.com\/#\/schema\/logo\/image\/","url":"https:\/\/sumkcaps.com\/wp-content\/uploads\/2025\/12\/1234.jpg","contentUrl":"https:\/\/sumkcaps.com\/wp-content\/uploads\/2025\/12\/1234.jpg","width":800,"height":800,"caption":"Sumkcaps-China Original Headwear Manufacturer and Suppliers"},"image":{"@id":"https:\/\/sumkcaps.com\/#\/schema\/logo\/image\/"},"sameAs":["https:\/\/www.facebook.com\/sumkcap","https:\/\/www.instagram.com\/sumkcaps7\/","https:\/\/www.pinterest.com\/sumkcapschina\/"]}]}},"taxonomy_info":{"product_cat":[{"value":42,"label":"Snapback Hats Wholesale"}]},"featured_image_src_large":["https:\/\/sumkcaps.com\/wp-content\/uploads\/2022\/10\/6_panel_3d_embroidery_fitted_snapback_cap-1-3-1024x960.jpg",800,750,true],"author_info":[],"comment_info":"","_links":{"self":[{"href":"https:\/\/sumkcaps.com\/it\/wp-json\/wp\/v2\/product\/18023","targetHints":{"allow":["GET"]}}],"collection":[{"href":"https:\/\/sumkcaps.com\/it\/wp-json\/wp\/v2\/product"}],"about":[{"href":"https:\/\/sumkcaps.com\/it\/wp-json\/wp\/v2\/types\/product"}],"wp:featuredmedia":[{"embeddable":true,"href":"https:\/\/sumkcaps.com\/it\/wp-json\/wp\/v2\/media\/18024"}],"wp:attachment":[{"href":"https:\/\/sumkcaps.com\/it\/wp-json\/wp\/v2\/media?parent=18023"}],"wp:term":[{"taxonomy":"product_brand","embeddable":true,"href":"https:\/\/sumkcaps.com\/it\/wp-json\/wp\/v2\/product_brand?post=18023"},{"taxonomy":"product_cat","embeddable":true,"href":"https:\/\/sumkcaps.com\/it\/wp-json\/wp\/v2\/product_cat?post=18023"},{"taxonomy":"product_tag","embeddable":true,"href":"https:\/\/sumkcaps.com\/it\/wp-json\/wp\/v2\/product_tag?post=18023"}],"curies":[{"name":"wp","href":"https:\/\/api.w.org\/{rel}","templated":true}]}}