{"id":17963,"date":"2022-10-26T13:46:43","date_gmt":"2022-10-26T05:46:43","guid":{"rendered":"https:\/\/sumkcaps.com\/?post_type=product&#038;p=17963"},"modified":"2026-02-27T14:28:06","modified_gmt":"2026-02-27T06:28:06","slug":"sufox-231114-custom-six-panel-3d-embroidery-snapback-cap","status":"publish","type":"product","link":"https:\/\/sumkcaps.com\/it\/prodotto\/sufox-231114-cappellino-snapback-personalizzato-a-sei-pannelli-con-ricamo-3d\/","title":{"rendered":"Sumkcaps 231114 Cappello snapback personalizzato a sei pannelli con ricamo 3D"},"content":{"rendered":"<div class=\"flex flex-col text-sm\">\n<article class=\"text-token-text-primary w-full focus:outline-none [--shadow-height:45px] has-data-writing-block:pointer-events-none has-data-writing-block:-mt-(--shadow-height) has-data-writing-block:pt-(--shadow-height) [&amp;:has([data-writing-block])&gt;*]:pointer-events-auto scroll-mt-[calc(var(--header-height)+min(200px,max(70px,20svh)))]\" dir=\"auto\" tabindex=\"-1\" data-turn-id=\"request-699ff822-ab3c-8321-8f15-3ba4b4f9ab0b-7\" data-testid=\"conversation-turn-18\" data-scroll-anchor=\"true\" data-turn=\"assistant\">\n<div class=\"text-base my-auto mx-auto pb-10 [--thread-content-margin:--spacing(4)] @w-sm\/main:[--thread-content-margin:--spacing(6)] @w-lg\/main:[--thread-content-margin:--spacing(16)] px-(--thread-content-margin)\">\n<div class=\"[--thread-content-max-width:40rem] @w-lg\/main:[--thread-content-max-width:48rem] mx-auto max-w-(--thread-content-max-width) flex-1 group\/turn-messages focus-visible:outline-hidden relative flex w-full min-w-0 flex-col agent-turn\" tabindex=\"-1\">\n<div class=\"flex max-w-full flex-col grow\">\n<div class=\"min-h-8 text-message relative flex w-full flex-col items-end gap-2 text-start break-words whitespace-normal [.text-message+&amp;]:mt-1\" dir=\"auto\" data-message-author-role=\"assistant\" data-message-id=\"1c527f7e-3be1-4397-9c20-68a7c3564b67\" data-message-model-slug=\"gpt-5-2\">\n<div class=\"flex w-full flex-col gap-1 empty:hidden first:pt-[1px]\">\n<div class=\"markdown prose dark:prose-invert w-full wrap-break-word light markdown-new-styling\">\n<h3 data-start=\"81\" data-end=\"378\"><strong data-start=\"81\" data-end=\"118\">Decorazione<\/strong><\/h3>\n<p data-start=\"81\" data-end=\"378\">Questo cappellino snapback a sei pannelli presenta un ricamo 3D personalizzato che crea un audace effetto in rilievo per loghi e disegni. La cucitura tridimensionale aumenta l'impatto visivo e conferisce un aspetto premium, rendendolo ideale per il branding e le collezioni al dettaglio.<\/p>\n<h3 data-start=\"380\" data-end=\"630\"><strong data-start=\"380\" data-end=\"407\">Materiale<\/strong><\/h3>\n<p data-start=\"380\" data-end=\"630\">Realizzato in tessuto acrilico 100%, questo berretto offre una lunga durata e un'eccellente tenuta della forma. Il materiale \u00e8 leggero e confortevole e contribuisce a mantenere un aspetto strutturato adatto all'uso quotidiano e promozionale.<\/p>\n<h3 data-start=\"632\" data-end=\"849\"><strong data-start=\"632\" data-end=\"654\">Colore<\/strong><\/h3>\n<p data-start=\"632\" data-end=\"849\">Le opzioni di colore completamente personalizzate consentono di abbinare l'identit\u00e0 del marchio o il concetto di design. La scelta flessibile dei colori rende questo cappellino adatto a campagne promozionali, abbigliamento di squadra e mercati al dettaglio.<\/p>\n<h3 data-start=\"851\" data-end=\"1058\"><strong data-start=\"851\" data-end=\"884\">Vestibilit\u00e0 e dimensioni<\/strong><\/h3>\n<p data-start=\"851\" data-end=\"1058\">Progettato con una chiusura a scatto regolabile, questo berretto \u00e8 caratterizzato dalla taglia OSFM che si adatta alla maggior parte delle teste di dimensioni comprese tra 7 e 7 3\/4. Il design regolabile garantisce comfort e una vestibilit\u00e0 sicura.<\/p>\n<h3 data-start=\"1060\" data-end=\"1259\"><strong data-start=\"1060\" data-end=\"1081\">Visiera<\/strong><\/h3>\n<p data-start=\"1060\" data-end=\"1259\">La visiera a taglio piatto conferisce un aspetto moderno ed elegante, offrendo al contempo un'efficace protezione solare. La sua struttura aiuta a mantenere una forma pulita e alla moda.<\/p>\n<h3 data-start=\"1261\" data-end=\"1476\"><strong data-start=\"1261\" data-end=\"1284\">Servizio<\/strong><\/h3>\n<p data-start=\"1261\" data-end=\"1476\">I servizi OEM e ODM sono disponibili per supportare la personalizzazione completa, compresi loghi, materiali, colori, etichette e imballaggi. Il nostro team di professionisti garantisce una produzione efficiente e affidabile.<\/p>\n<h3 data-start=\"1478\" data-end=\"1679\"><strong data-start=\"1478\" data-end=\"1497\">Tempi di consegna<\/strong><\/h3>\n<p data-start=\"1478\" data-end=\"1679\" data-is-last-node=\"\" data-is-only-node=\"\">La produzione di campioni richiede in genere 7-9 giorni lavorativi per una rapida conferma. La produzione in serie richiede circa 18-22 giorni lavorativi, garantendo una qualit\u00e0 stabile e una consegna puntuale.<\/p>\n<\/div>\n<\/div>\n<\/div>\n<\/div>\n<\/div>\n<\/div>\n<\/article>\n<\/div>","protected":false},"excerpt":{"rendered":"<p>Sumkcaps 231114 Custom Six Panel 3D Embroidery Snapback Cap \u00e8 uno degli stili pi\u00f9 popolari di berretto, leggero e traspirante. I nostri Snapback sono disponibili in una variet\u00e0 di stili e colori di tutte le migliori marche.<\/p>","protected":false},"featured_media":17964,"template":"","meta":{"_acf_changed":false,"_kad_blocks_custom_css":"","_kad_blocks_head_custom_js":"","_kad_blocks_body_custom_js":"","_kad_blocks_footer_custom_js":""},"product_brand":[],"product_cat":[42],"product_tag":[],"class_list":{"0":"post-17963","1":"product","2":"type-product","3":"status-publish","4":"has-post-thumbnail","6":"product_cat-snapback-cap","8":"first","9":"outofstock","10":"shipping-taxable","11":"product-type-simple"},"acf":[],"yoast_head":"<!-- This site is optimized with the Yoast SEO Premium plugin v20.8 (Yoast SEO v25.9) - https:\/\/yoast.com\/wordpress\/plugins\/seo\/ -->\n<title>Custom 3D Embroidery Snapback Cap | China Manufactuer<\/title>\n<meta name=\"description\" content=\"Custom Cap, Logo Cap, Brand Caps, Custom Made Snapback Caps, Custom Snapback Baseball Hats. Premium Cap Manufacturer since 2006. Quick delivery.\" \/>\n<meta name=\"robots\" content=\"index, follow, max-snippet:-1, max-image-preview:large, max-video-preview:-1\" \/>\n<link rel=\"canonical\" href=\"https:\/\/sumkcaps.com\/it\/prodotto\/sufox-231114-cappellino-snapback-personalizzato-a-sei-pannelli-con-ricamo-3d\/\" \/>\n<meta property=\"og:locale\" content=\"it_IT\" \/>\n<meta property=\"og:type\" content=\"article\" \/>\n<meta property=\"og:title\" content=\"Sumkcaps 231114 Custom Six Panel 3D Embroidery Snapback Cap - Sumkcaps\" \/>\n<meta property=\"og:description\" content=\"Custom Cap, Logo Cap, Brand Caps, Custom Made Snapback Caps, Custom Snapback Baseball Hats. Premium Cap Manufacturer since 2006. Quick delivery.\" \/>\n<meta property=\"og:url\" content=\"https:\/\/sumkcaps.com\/it\/prodotto\/sufox-231114-cappellino-snapback-personalizzato-a-sei-pannelli-con-ricamo-3d\/\" \/>\n<meta property=\"og:site_name\" content=\"Sumkcaps-China Original Headwear Manufacturer and Suppliers\" \/>\n<meta property=\"article:publisher\" content=\"https:\/\/www.facebook.com\/sumkcap\" \/>\n<meta property=\"article:modified_time\" content=\"2026-02-27T06:28:06+00:00\" \/>\n<meta property=\"og:image\" content=\"https:\/\/sumkcaps.com\/wp-content\/uploads\/2022\/10\/6_panel_3d_embroidery_snapback_cap-1-5-scaled.jpg\" \/>\n\t<meta property=\"og:image:width\" content=\"2560\" \/>\n\t<meta property=\"og:image:height\" content=\"2560\" \/>\n\t<meta property=\"og:image:type\" content=\"image\/jpeg\" \/>\n<meta name=\"twitter:card\" content=\"summary_large_image\" \/>\n<meta name=\"twitter:label1\" content=\"Tempo di lettura stimato\" \/>\n\t<meta name=\"twitter:data1\" content=\"2 minuti\" \/>\n<script type=\"application\/ld+json\" class=\"yoast-schema-graph\">{\"@context\":\"https:\/\/schema.org\",\"@graph\":[{\"@type\":\"WebPage\",\"@id\":\"https:\/\/sumkcaps.com\/product\/sufox-231114-custom-six-panel-3d-embroidery-snapback-cap\/\",\"url\":\"https:\/\/sumkcaps.com\/product\/sufox-231114-custom-six-panel-3d-embroidery-snapback-cap\/\",\"name\":\"Custom 3D Embroidery Snapback Cap | China Manufactuer\",\"isPartOf\":{\"@id\":\"https:\/\/sumkcaps.com\/#website\"},\"primaryImageOfPage\":{\"@id\":\"https:\/\/sumkcaps.com\/product\/sufox-231114-custom-six-panel-3d-embroidery-snapback-cap\/#primaryimage\"},\"image\":{\"@id\":\"https:\/\/sumkcaps.com\/product\/sufox-231114-custom-six-panel-3d-embroidery-snapback-cap\/#primaryimage\"},\"thumbnailUrl\":\"https:\/\/sumkcaps.com\/wp-content\/uploads\/2022\/10\/6_panel_3d_embroidery_snapback_cap-1-5-scaled.jpg\",\"datePublished\":\"2022-10-26T05:46:43+00:00\",\"dateModified\":\"2026-02-27T06:28:06+00:00\",\"description\":\"Custom Cap, Logo Cap, Brand Caps, Custom Made Snapback Caps, Custom Snapback Baseball Hats. Premium Cap Manufacturer since 2006. Quick delivery.\",\"breadcrumb\":{\"@id\":\"https:\/\/sumkcaps.com\/product\/sufox-231114-custom-six-panel-3d-embroidery-snapback-cap\/#breadcrumb\"},\"inLanguage\":\"it-IT\",\"potentialAction\":[{\"@type\":\"ReadAction\",\"target\":[\"https:\/\/sumkcaps.com\/product\/sufox-231114-custom-six-panel-3d-embroidery-snapback-cap\/\"]}]},{\"@type\":\"ImageObject\",\"inLanguage\":\"it-IT\",\"@id\":\"https:\/\/sumkcaps.com\/product\/sufox-231114-custom-six-panel-3d-embroidery-snapback-cap\/#primaryimage\",\"url\":\"https:\/\/sumkcaps.com\/wp-content\/uploads\/2022\/10\/6_panel_3d_embroidery_snapback_cap-1-5-scaled.jpg\",\"contentUrl\":\"https:\/\/sumkcaps.com\/wp-content\/uploads\/2022\/10\/6_panel_3d_embroidery_snapback_cap-1-5-scaled.jpg\",\"width\":2560,\"height\":2560},{\"@type\":\"BreadcrumbList\",\"@id\":\"https:\/\/sumkcaps.com\/product\/sufox-231114-custom-six-panel-3d-embroidery-snapback-cap\/#breadcrumb\",\"itemListElement\":[{\"@type\":\"ListItem\",\"position\":1,\"name\":\"Home\",\"item\":\"https:\/\/sumkcaps.com\/\"},{\"@type\":\"ListItem\",\"position\":2,\"name\":\"Products\",\"item\":\"https:\/\/sumkcaps.com\/product\/\"},{\"@type\":\"ListItem\",\"position\":3,\"name\":\"Sumkcaps 231114 Custom Six Panel 3D Embroidery Snapback Cap\"}]},{\"@type\":\"WebSite\",\"@id\":\"https:\/\/sumkcaps.com\/#website\",\"url\":\"https:\/\/sumkcaps.com\/\",\"name\":\"Sumkcaps-China Original Headwear Manufacturer and Suppliers\",\"description\":\"We are China Cap And Hat Original Factory, whose main business is to custom cap and hat as client&#039;s LOGO. Any cap style, any cap color, any qty, any material and qty is no problem. In one words, any small details can be customized as your request.\",\"publisher\":{\"@id\":\"https:\/\/sumkcaps.com\/#organization\"},\"potentialAction\":[{\"@type\":\"SearchAction\",\"target\":{\"@type\":\"EntryPoint\",\"urlTemplate\":\"https:\/\/sumkcaps.com\/?s={search_term_string}\"},\"query-input\":{\"@type\":\"PropertyValueSpecification\",\"valueRequired\":true,\"valueName\":\"search_term_string\"}}],\"inLanguage\":\"it-IT\"},{\"@type\":\"Organization\",\"@id\":\"https:\/\/sumkcaps.com\/#organization\",\"name\":\"Sumkcaps-China Original Headwear Manufacturer and Suppliers\",\"url\":\"https:\/\/sumkcaps.com\/\",\"logo\":{\"@type\":\"ImageObject\",\"inLanguage\":\"it-IT\",\"@id\":\"https:\/\/sumkcaps.com\/#\/schema\/logo\/image\/\",\"url\":\"https:\/\/sumkcaps.com\/wp-content\/uploads\/2025\/12\/1234.jpg\",\"contentUrl\":\"https:\/\/sumkcaps.com\/wp-content\/uploads\/2025\/12\/1234.jpg\",\"width\":800,\"height\":800,\"caption\":\"Sumkcaps-China Original Headwear Manufacturer and Suppliers\"},\"image\":{\"@id\":\"https:\/\/sumkcaps.com\/#\/schema\/logo\/image\/\"},\"sameAs\":[\"https:\/\/www.facebook.com\/sumkcap\",\"https:\/\/www.instagram.com\/sumkcaps7\/\",\"https:\/\/www.pinterest.com\/sumkcapschina\/\"]}]}<\/script>\n<!-- \/ Yoast SEO Premium plugin. -->","yoast_head_json":{"title":"Custom 3D ricamo Snapback Cap | Cina Manufactuer","description":"Cappellini personalizzati, cappellini con logo, cappellini di marca, cappellini snapback su misura, cappelli da baseball snapback personalizzati. Produttore di berretti di qualit\u00e0 dal 2006. Consegna rapida.","robots":{"index":"index","follow":"follow","max-snippet":"max-snippet:-1","max-image-preview":"max-image-preview:large","max-video-preview":"max-video-preview:-1"},"canonical":"https:\/\/sumkcaps.com\/it\/prodotto\/sufox-231114-cappellino-snapback-personalizzato-a-sei-pannelli-con-ricamo-3d\/","og_locale":"it_IT","og_type":"article","og_title":"Sumkcaps 231114 Custom Six Panel 3D Embroidery Snapback Cap - Sumkcaps","og_description":"Custom Cap, Logo Cap, Brand Caps, Custom Made Snapback Caps, Custom Snapback Baseball Hats. Premium Cap Manufacturer since 2006. Quick delivery.","og_url":"https:\/\/sumkcaps.com\/it\/prodotto\/sufox-231114-cappellino-snapback-personalizzato-a-sei-pannelli-con-ricamo-3d\/","og_site_name":"Sumkcaps-China Original Headwear Manufacturer and Suppliers","article_publisher":"https:\/\/www.facebook.com\/sumkcap","article_modified_time":"2026-02-27T06:28:06+00:00","og_image":[{"width":2560,"height":2560,"url":"https:\/\/sumkcaps.com\/wp-content\/uploads\/2022\/10\/6_panel_3d_embroidery_snapback_cap-1-5-scaled.jpg","type":"image\/jpeg"}],"twitter_card":"summary_large_image","twitter_misc":{"Tempo di lettura stimato":"2 minuti"},"schema":{"@context":"https:\/\/schema.org","@graph":[{"@type":"WebPage","@id":"https:\/\/sumkcaps.com\/product\/sufox-231114-custom-six-panel-3d-embroidery-snapback-cap\/","url":"https:\/\/sumkcaps.com\/product\/sufox-231114-custom-six-panel-3d-embroidery-snapback-cap\/","name":"Custom 3D ricamo Snapback Cap | Cina Manufactuer","isPartOf":{"@id":"https:\/\/sumkcaps.com\/#website"},"primaryImageOfPage":{"@id":"https:\/\/sumkcaps.com\/product\/sufox-231114-custom-six-panel-3d-embroidery-snapback-cap\/#primaryimage"},"image":{"@id":"https:\/\/sumkcaps.com\/product\/sufox-231114-custom-six-panel-3d-embroidery-snapback-cap\/#primaryimage"},"thumbnailUrl":"https:\/\/sumkcaps.com\/wp-content\/uploads\/2022\/10\/6_panel_3d_embroidery_snapback_cap-1-5-scaled.jpg","datePublished":"2022-10-26T05:46:43+00:00","dateModified":"2026-02-27T06:28:06+00:00","description":"Cappellini personalizzati, cappellini con logo, cappellini di marca, cappellini snapback su misura, cappelli da baseball snapback personalizzati. Produttore di berretti di qualit\u00e0 dal 2006. Consegna rapida.","breadcrumb":{"@id":"https:\/\/sumkcaps.com\/product\/sufox-231114-custom-six-panel-3d-embroidery-snapback-cap\/#breadcrumb"},"inLanguage":"it-IT","potentialAction":[{"@type":"ReadAction","target":["https:\/\/sumkcaps.com\/product\/sufox-231114-custom-six-panel-3d-embroidery-snapback-cap\/"]}]},{"@type":"ImageObject","inLanguage":"it-IT","@id":"https:\/\/sumkcaps.com\/product\/sufox-231114-custom-six-panel-3d-embroidery-snapback-cap\/#primaryimage","url":"https:\/\/sumkcaps.com\/wp-content\/uploads\/2022\/10\/6_panel_3d_embroidery_snapback_cap-1-5-scaled.jpg","contentUrl":"https:\/\/sumkcaps.com\/wp-content\/uploads\/2022\/10\/6_panel_3d_embroidery_snapback_cap-1-5-scaled.jpg","width":2560,"height":2560},{"@type":"BreadcrumbList","@id":"https:\/\/sumkcaps.com\/product\/sufox-231114-custom-six-panel-3d-embroidery-snapback-cap\/#breadcrumb","itemListElement":[{"@type":"ListItem","position":1,"name":"Home","item":"https:\/\/sumkcaps.com\/"},{"@type":"ListItem","position":2,"name":"Products","item":"https:\/\/sumkcaps.com\/product\/"},{"@type":"ListItem","position":3,"name":"Sumkcaps 231114 Custom Six Panel 3D Embroidery Snapback Cap"}]},{"@type":"WebSite","@id":"https:\/\/sumkcaps.com\/#website","url":"https:\/\/sumkcaps.com\/","name":"Sumkcaps-Cina Produttore e fornitore di copricapi originali","description":"Siamo fabbrica originale del cappello e del cappuccio della Cina, di cui l'affare principale \u00e8 al cappuccio ed al cappello su ordinazione come client&#039;s LOGO. Qualsiasi stile del cappuccio, qualsiasi colore del cappuccio, qualsiasi qty, qualsiasi materiale e qty non \u00e8 un problema. In una parola, qualsiasi piccolo dettaglio pu\u00f2 essere personalizzato come vostra richiesta.","publisher":{"@id":"https:\/\/sumkcaps.com\/#organization"},"potentialAction":[{"@type":"SearchAction","target":{"@type":"EntryPoint","urlTemplate":"https:\/\/sumkcaps.com\/?s={search_term_string}"},"query-input":{"@type":"PropertyValueSpecification","valueRequired":true,"valueName":"search_term_string"}}],"inLanguage":"it-IT"},{"@type":"Organization","@id":"https:\/\/sumkcaps.com\/#organization","name":"Sumkcaps-Cina Produttore e fornitore di copricapi originali","url":"https:\/\/sumkcaps.com\/","logo":{"@type":"ImageObject","inLanguage":"it-IT","@id":"https:\/\/sumkcaps.com\/#\/schema\/logo\/image\/","url":"https:\/\/sumkcaps.com\/wp-content\/uploads\/2025\/12\/1234.jpg","contentUrl":"https:\/\/sumkcaps.com\/wp-content\/uploads\/2025\/12\/1234.jpg","width":800,"height":800,"caption":"Sumkcaps-China Original Headwear Manufacturer and Suppliers"},"image":{"@id":"https:\/\/sumkcaps.com\/#\/schema\/logo\/image\/"},"sameAs":["https:\/\/www.facebook.com\/sumkcap","https:\/\/www.instagram.com\/sumkcaps7\/","https:\/\/www.pinterest.com\/sumkcapschina\/"]}]}},"taxonomy_info":{"product_cat":[{"value":42,"label":"Snapback Hats Wholesale"}]},"featured_image_src_large":["https:\/\/sumkcaps.com\/wp-content\/uploads\/2022\/10\/6_panel_3d_embroidery_snapback_cap-1-5-1024x1024.jpg",800,800,true],"author_info":[],"comment_info":"","_links":{"self":[{"href":"https:\/\/sumkcaps.com\/it\/wp-json\/wp\/v2\/product\/17963","targetHints":{"allow":["GET"]}}],"collection":[{"href":"https:\/\/sumkcaps.com\/it\/wp-json\/wp\/v2\/product"}],"about":[{"href":"https:\/\/sumkcaps.com\/it\/wp-json\/wp\/v2\/types\/product"}],"wp:featuredmedia":[{"embeddable":true,"href":"https:\/\/sumkcaps.com\/it\/wp-json\/wp\/v2\/media\/17964"}],"wp:attachment":[{"href":"https:\/\/sumkcaps.com\/it\/wp-json\/wp\/v2\/media?parent=17963"}],"wp:term":[{"taxonomy":"product_brand","embeddable":true,"href":"https:\/\/sumkcaps.com\/it\/wp-json\/wp\/v2\/product_brand?post=17963"},{"taxonomy":"product_cat","embeddable":true,"href":"https:\/\/sumkcaps.com\/it\/wp-json\/wp\/v2\/product_cat?post=17963"},{"taxonomy":"product_tag","embeddable":true,"href":"https:\/\/sumkcaps.com\/it\/wp-json\/wp\/v2\/product_tag?post=17963"}],"curies":[{"name":"wp","href":"https:\/\/api.w.org\/{rel}","templated":true}]}}