{"id":17751,"date":"2022-10-25T11:04:46","date_gmt":"2022-10-25T03:04:46","guid":{"rendered":"https:\/\/sumkcaps.com\/?post_type=product&#038;p=17751"},"modified":"2026-03-04T14:17:45","modified_gmt":"2026-03-04T06:17:45","slug":"sufox-231087-custom-five-panel-sublimation-printing-snapback-cap","status":"publish","type":"product","link":"https:\/\/sumkcaps.com\/it\/prodotto\/sufox-231087-berretto-snapback-personalizzato-a-cinque-pannelli-con-stampa-a-sublimazione\/","title":{"rendered":"Sumkcaps 231087 Cappello snapback personalizzato a cinque pannelli con stampa a sublimazione"},"content":{"rendered":"<h3 data-start=\"77\" data-end=\"417\"><strong data-start=\"77\" data-end=\"114\">Decorazione<\/strong><\/h3>\n<p data-start=\"77\" data-end=\"417\">Questo snapback a cinque pannelli \u00e8 caratterizzato da una stampa a sublimazione ad alta definizione, che consente di realizzare disegni vibranti su tutta la superficie con un'eccellente penetrazione del colore. Il processo di stampa assicura che i disegni rimangano brillanti e resistenti allo sbiadimento, rendendolo ideale per opere d'arte creative, grafiche audaci e branding promozionale.<\/p>\n<h3 data-start=\"419\" data-end=\"711\"><strong data-start=\"419\" data-end=\"452\">Materiale<\/strong><\/h3>\n<p data-start=\"419\" data-end=\"711\">Realizzato in misto poliestere e cotone, questo berretto combina durata e comfort. Il poliestere migliora la nitidezza della stampa e la tenuta della forma, mentre il cotone aggiunge morbidezza e traspirabilit\u00e0. Il tessuto misto offre un comfort leggero adatto all'uso quotidiano.<\/p>\n<h3 data-start=\"713\" data-end=\"1008\"><strong data-start=\"713\" data-end=\"744\">Colore<\/strong><\/h3>\n<p data-start=\"713\" data-end=\"1008\">Disponibile in colori personalizzati, tra cui l'accattivante giallo, questo cappellino offre opzioni di design flessibili. Il giallo conferisce un aspetto luminoso ed energico, mentre le scelte cromatiche personalizzate consentono ai marchi di abbinarsi a temi specifici, collezioni stagionali o campagne promozionali.<\/p>\n<h3 data-start=\"1010\" data-end=\"1270\"><strong data-start=\"1010\" data-end=\"1043\">Vestibilit\u00e0 e dimensioni<\/strong><\/h3>\n<p data-start=\"1010\" data-end=\"1270\">Progettato con una chiusura a scatto regolabile, il berretto si adatta comodamente alla maggior parte delle dimensioni della testa. La gamma OSFM (7 - 7 3\/4) garantisce una regolazione flessibile e una vestibilit\u00e0 sicura, rendendolo adatto sia all'abbigliamento casual che alle attivit\u00e0 all'aperto.<\/p>\n<h3 data-start=\"1272\" data-end=\"1518\"><strong data-start=\"1272\" data-end=\"1293\">Visiera<\/strong><\/h3>\n<p data-start=\"1272\" data-end=\"1518\">La visiera a taglio piatto conferisce un aspetto moderno e strutturato, pur mantenendo una certa durata. Completa il design stampato e offre una pratica protezione solare, rendendolo popolare nello streetwear e nella moda di ispirazione sportiva.<\/p>\n<h3 data-start=\"1520\" data-end=\"1788\"><strong data-start=\"1520\" data-end=\"1543\">Servizio<\/strong><\/h3>\n<p data-start=\"1520\" data-end=\"1788\">Forniamo servizi professionali OEM e ODM per supportare la completa personalizzazione. Dal layout del design a sublimazione e delle etichette alle opzioni di imballaggio, ogni dettaglio pu\u00f2 essere personalizzato. Il nostro team garantisce una qualit\u00e0 costante e una gestione efficiente della produzione.<\/p>\n<h3 data-start=\"1790\" data-end=\"2031\"><strong data-start=\"1790\" data-end=\"1827\">Tempi di consegna<\/strong><\/h3>\n<p data-start=\"1790\" data-end=\"2031\" data-is-last-node=\"\" data-is-only-node=\"\">La produzione di campioni richiede in genere 7-9 giorni lavorativi per la conferma del design. La produzione in serie richiede 18-22 giorni lavorativi. Una programmazione efficiente garantisce consegne puntuali per ordini piccoli e grandi.<\/p>","protected":false},"excerpt":{"rendered":"<p>Sumkcaps 231087 Custom Five Panel Sublimation Printing Snapback Cap \u00e8 uno degli stili pi\u00f9 popolari di berretto, leggero e traspirante. I nostri Snapback sono disponibili in una variet\u00e0 di stili e colori di tutte le migliori marche.<\/p>","protected":false},"featured_media":17752,"template":"","meta":{"_acf_changed":false,"_kad_blocks_custom_css":"","_kad_blocks_head_custom_js":"","_kad_blocks_body_custom_js":"","_kad_blocks_footer_custom_js":""},"product_brand":[],"product_cat":[42],"product_tag":[],"class_list":{"0":"post-17751","1":"product","2":"type-product","3":"status-publish","4":"has-post-thumbnail","6":"product_cat-snapback-cap","8":"first","9":"outofstock","10":"shipping-taxable","11":"product-type-simple"},"acf":[],"yoast_head":"<!-- This site is optimized with the Yoast SEO Premium plugin v20.8 (Yoast SEO v25.9) - https:\/\/yoast.com\/wordpress\/plugins\/seo\/ -->\n<title>Custom Sublimation Printing Snapback Cap | China Manufactuer<\/title>\n<meta name=\"description\" content=\"High Quality China Custom Headwear Manufacturer. Top Quality Products At Best Prices. Add Your Logo or Custom Design Online. Expert Service. Bulk Discount.\" \/>\n<meta name=\"robots\" content=\"index, follow, max-snippet:-1, max-image-preview:large, max-video-preview:-1\" \/>\n<link rel=\"canonical\" href=\"https:\/\/sumkcaps.com\/it\/prodotto\/sufox-231087-berretto-snapback-personalizzato-a-cinque-pannelli-con-stampa-a-sublimazione\/\" \/>\n<meta property=\"og:locale\" content=\"it_IT\" \/>\n<meta property=\"og:type\" content=\"article\" \/>\n<meta property=\"og:title\" content=\"Sumkcaps 231087 Custom Five Panel Sublimation Printing Snapback Cap - Sumkcaps\" \/>\n<meta property=\"og:description\" content=\"High Quality China Custom Headwear Manufacturer. Top Quality Products At Best Prices. Add Your Logo or Custom Design Online. Expert Service. Bulk Discount.\" \/>\n<meta property=\"og:url\" content=\"https:\/\/sumkcaps.com\/it\/prodotto\/sufox-231087-berretto-snapback-personalizzato-a-cinque-pannelli-con-stampa-a-sublimazione\/\" \/>\n<meta property=\"og:site_name\" content=\"Sumkcaps-China Original Headwear Manufacturer and Suppliers\" \/>\n<meta property=\"article:publisher\" content=\"https:\/\/www.facebook.com\/sumkcap\" \/>\n<meta property=\"article:modified_time\" content=\"2026-03-04T06:17:45+00:00\" \/>\n<meta property=\"og:image\" content=\"https:\/\/sumkcaps.com\/wp-content\/uploads\/2022\/10\/5_panel_sublimation_printing_snapback_cap-1-scaled.jpg\" \/>\n\t<meta property=\"og:image:width\" content=\"2560\" \/>\n\t<meta property=\"og:image:height\" content=\"2560\" \/>\n\t<meta property=\"og:image:type\" content=\"image\/jpeg\" \/>\n<meta name=\"twitter:card\" content=\"summary_large_image\" \/>\n<meta name=\"twitter:label1\" content=\"Tempo di lettura stimato\" \/>\n\t<meta name=\"twitter:data1\" content=\"2 minuti\" \/>\n<script type=\"application\/ld+json\" class=\"yoast-schema-graph\">{\"@context\":\"https:\/\/schema.org\",\"@graph\":[{\"@type\":\"WebPage\",\"@id\":\"https:\/\/sumkcaps.com\/product\/sufox-231087-custom-five-panel-sublimation-printing-snapback-cap\/\",\"url\":\"https:\/\/sumkcaps.com\/product\/sufox-231087-custom-five-panel-sublimation-printing-snapback-cap\/\",\"name\":\"Custom Sublimation Printing Snapback Cap | China Manufactuer\",\"isPartOf\":{\"@id\":\"https:\/\/sumkcaps.com\/#website\"},\"primaryImageOfPage\":{\"@id\":\"https:\/\/sumkcaps.com\/product\/sufox-231087-custom-five-panel-sublimation-printing-snapback-cap\/#primaryimage\"},\"image\":{\"@id\":\"https:\/\/sumkcaps.com\/product\/sufox-231087-custom-five-panel-sublimation-printing-snapback-cap\/#primaryimage\"},\"thumbnailUrl\":\"https:\/\/sumkcaps.com\/wp-content\/uploads\/2022\/10\/5_panel_sublimation_printing_snapback_cap-1-scaled.jpg\",\"datePublished\":\"2022-10-25T03:04:46+00:00\",\"dateModified\":\"2026-03-04T06:17:45+00:00\",\"description\":\"High Quality China Custom Headwear Manufacturer. Top Quality Products At Best Prices. Add Your Logo or Custom Design Online. Expert Service. Bulk Discount.\",\"breadcrumb\":{\"@id\":\"https:\/\/sumkcaps.com\/product\/sufox-231087-custom-five-panel-sublimation-printing-snapback-cap\/#breadcrumb\"},\"inLanguage\":\"it-IT\",\"potentialAction\":[{\"@type\":\"ReadAction\",\"target\":[\"https:\/\/sumkcaps.com\/product\/sufox-231087-custom-five-panel-sublimation-printing-snapback-cap\/\"]}]},{\"@type\":\"ImageObject\",\"inLanguage\":\"it-IT\",\"@id\":\"https:\/\/sumkcaps.com\/product\/sufox-231087-custom-five-panel-sublimation-printing-snapback-cap\/#primaryimage\",\"url\":\"https:\/\/sumkcaps.com\/wp-content\/uploads\/2022\/10\/5_panel_sublimation_printing_snapback_cap-1-scaled.jpg\",\"contentUrl\":\"https:\/\/sumkcaps.com\/wp-content\/uploads\/2022\/10\/5_panel_sublimation_printing_snapback_cap-1-scaled.jpg\",\"width\":2560,\"height\":2560},{\"@type\":\"BreadcrumbList\",\"@id\":\"https:\/\/sumkcaps.com\/product\/sufox-231087-custom-five-panel-sublimation-printing-snapback-cap\/#breadcrumb\",\"itemListElement\":[{\"@type\":\"ListItem\",\"position\":1,\"name\":\"Home\",\"item\":\"https:\/\/sumkcaps.com\/\"},{\"@type\":\"ListItem\",\"position\":2,\"name\":\"Products\",\"item\":\"https:\/\/sumkcaps.com\/product\/\"},{\"@type\":\"ListItem\",\"position\":3,\"name\":\"Sumkcaps 231087 Custom Five Panel Sublimation Printing Snapback Cap\"}]},{\"@type\":\"WebSite\",\"@id\":\"https:\/\/sumkcaps.com\/#website\",\"url\":\"https:\/\/sumkcaps.com\/\",\"name\":\"Sumkcaps-China Original Headwear Manufacturer and Suppliers\",\"description\":\"We are China Cap And Hat Original Factory, whose main business is to custom cap and hat as client&#039;s LOGO. Any cap style, any cap color, any qty, any material and qty is no problem. In one words, any small details can be customized as your request.\",\"publisher\":{\"@id\":\"https:\/\/sumkcaps.com\/#organization\"},\"potentialAction\":[{\"@type\":\"SearchAction\",\"target\":{\"@type\":\"EntryPoint\",\"urlTemplate\":\"https:\/\/sumkcaps.com\/?s={search_term_string}\"},\"query-input\":{\"@type\":\"PropertyValueSpecification\",\"valueRequired\":true,\"valueName\":\"search_term_string\"}}],\"inLanguage\":\"it-IT\"},{\"@type\":\"Organization\",\"@id\":\"https:\/\/sumkcaps.com\/#organization\",\"name\":\"Sumkcaps-China Original Headwear Manufacturer and Suppliers\",\"url\":\"https:\/\/sumkcaps.com\/\",\"logo\":{\"@type\":\"ImageObject\",\"inLanguage\":\"it-IT\",\"@id\":\"https:\/\/sumkcaps.com\/#\/schema\/logo\/image\/\",\"url\":\"https:\/\/sumkcaps.com\/wp-content\/uploads\/2025\/12\/1234.jpg\",\"contentUrl\":\"https:\/\/sumkcaps.com\/wp-content\/uploads\/2025\/12\/1234.jpg\",\"width\":800,\"height\":800,\"caption\":\"Sumkcaps-China Original Headwear Manufacturer and Suppliers\"},\"image\":{\"@id\":\"https:\/\/sumkcaps.com\/#\/schema\/logo\/image\/\"},\"sameAs\":[\"https:\/\/www.facebook.com\/sumkcap\",\"https:\/\/www.instagram.com\/sumkcaps7\/\",\"https:\/\/www.pinterest.com\/sumkcapschina\/\"]}]}<\/script>\n<!-- \/ Yoast SEO Premium plugin. -->","yoast_head_json":{"title":"Custom sublimazione stampa Snapback Cap | Cina Manufactuer","description":"Alta qualit\u00e0 Cina Produttore di copricapi personalizzati. Prodotti di alta qualit\u00e0 ai migliori prezzi. Aggiungete il vostro logo o il vostro design personalizzato online. Servizio esperto. Sconto in blocco.","robots":{"index":"index","follow":"follow","max-snippet":"max-snippet:-1","max-image-preview":"max-image-preview:large","max-video-preview":"max-video-preview:-1"},"canonical":"https:\/\/sumkcaps.com\/it\/prodotto\/sufox-231087-berretto-snapback-personalizzato-a-cinque-pannelli-con-stampa-a-sublimazione\/","og_locale":"it_IT","og_type":"article","og_title":"Sumkcaps 231087 Custom Five Panel Sublimation Printing Snapback Cap - Sumkcaps","og_description":"High Quality China Custom Headwear Manufacturer. Top Quality Products At Best Prices. Add Your Logo or Custom Design Online. Expert Service. Bulk Discount.","og_url":"https:\/\/sumkcaps.com\/it\/prodotto\/sufox-231087-berretto-snapback-personalizzato-a-cinque-pannelli-con-stampa-a-sublimazione\/","og_site_name":"Sumkcaps-China Original Headwear Manufacturer and Suppliers","article_publisher":"https:\/\/www.facebook.com\/sumkcap","article_modified_time":"2026-03-04T06:17:45+00:00","og_image":[{"width":2560,"height":2560,"url":"https:\/\/sumkcaps.com\/wp-content\/uploads\/2022\/10\/5_panel_sublimation_printing_snapback_cap-1-scaled.jpg","type":"image\/jpeg"}],"twitter_card":"summary_large_image","twitter_misc":{"Tempo di lettura stimato":"2 minuti"},"schema":{"@context":"https:\/\/schema.org","@graph":[{"@type":"WebPage","@id":"https:\/\/sumkcaps.com\/product\/sufox-231087-custom-five-panel-sublimation-printing-snapback-cap\/","url":"https:\/\/sumkcaps.com\/product\/sufox-231087-custom-five-panel-sublimation-printing-snapback-cap\/","name":"Custom sublimazione stampa Snapback Cap | Cina Manufactuer","isPartOf":{"@id":"https:\/\/sumkcaps.com\/#website"},"primaryImageOfPage":{"@id":"https:\/\/sumkcaps.com\/product\/sufox-231087-custom-five-panel-sublimation-printing-snapback-cap\/#primaryimage"},"image":{"@id":"https:\/\/sumkcaps.com\/product\/sufox-231087-custom-five-panel-sublimation-printing-snapback-cap\/#primaryimage"},"thumbnailUrl":"https:\/\/sumkcaps.com\/wp-content\/uploads\/2022\/10\/5_panel_sublimation_printing_snapback_cap-1-scaled.jpg","datePublished":"2022-10-25T03:04:46+00:00","dateModified":"2026-03-04T06:17:45+00:00","description":"Alta qualit\u00e0 Cina Produttore di copricapi personalizzati. Prodotti di alta qualit\u00e0 ai migliori prezzi. Aggiungete il vostro logo o il vostro design personalizzato online. Servizio esperto. Sconto in blocco.","breadcrumb":{"@id":"https:\/\/sumkcaps.com\/product\/sufox-231087-custom-five-panel-sublimation-printing-snapback-cap\/#breadcrumb"},"inLanguage":"it-IT","potentialAction":[{"@type":"ReadAction","target":["https:\/\/sumkcaps.com\/product\/sufox-231087-custom-five-panel-sublimation-printing-snapback-cap\/"]}]},{"@type":"ImageObject","inLanguage":"it-IT","@id":"https:\/\/sumkcaps.com\/product\/sufox-231087-custom-five-panel-sublimation-printing-snapback-cap\/#primaryimage","url":"https:\/\/sumkcaps.com\/wp-content\/uploads\/2022\/10\/5_panel_sublimation_printing_snapback_cap-1-scaled.jpg","contentUrl":"https:\/\/sumkcaps.com\/wp-content\/uploads\/2022\/10\/5_panel_sublimation_printing_snapback_cap-1-scaled.jpg","width":2560,"height":2560},{"@type":"BreadcrumbList","@id":"https:\/\/sumkcaps.com\/product\/sufox-231087-custom-five-panel-sublimation-printing-snapback-cap\/#breadcrumb","itemListElement":[{"@type":"ListItem","position":1,"name":"Home","item":"https:\/\/sumkcaps.com\/"},{"@type":"ListItem","position":2,"name":"Products","item":"https:\/\/sumkcaps.com\/product\/"},{"@type":"ListItem","position":3,"name":"Sumkcaps 231087 Custom Five Panel Sublimation Printing Snapback Cap"}]},{"@type":"WebSite","@id":"https:\/\/sumkcaps.com\/#website","url":"https:\/\/sumkcaps.com\/","name":"Sumkcaps-Cina Produttore e fornitore di copricapi originali","description":"Siamo fabbrica originale del cappello e del cappuccio della Cina, di cui l'affare principale \u00e8 al cappuccio ed al cappello su ordinazione come client&#039;s LOGO. Qualsiasi stile del cappuccio, qualsiasi colore del cappuccio, qualsiasi qty, qualsiasi materiale e qty non \u00e8 un problema. In una parola, qualsiasi piccolo dettaglio pu\u00f2 essere personalizzato come vostra richiesta.","publisher":{"@id":"https:\/\/sumkcaps.com\/#organization"},"potentialAction":[{"@type":"SearchAction","target":{"@type":"EntryPoint","urlTemplate":"https:\/\/sumkcaps.com\/?s={search_term_string}"},"query-input":{"@type":"PropertyValueSpecification","valueRequired":true,"valueName":"search_term_string"}}],"inLanguage":"it-IT"},{"@type":"Organization","@id":"https:\/\/sumkcaps.com\/#organization","name":"Sumkcaps-Cina Produttore e fornitore di copricapi originali","url":"https:\/\/sumkcaps.com\/","logo":{"@type":"ImageObject","inLanguage":"it-IT","@id":"https:\/\/sumkcaps.com\/#\/schema\/logo\/image\/","url":"https:\/\/sumkcaps.com\/wp-content\/uploads\/2025\/12\/1234.jpg","contentUrl":"https:\/\/sumkcaps.com\/wp-content\/uploads\/2025\/12\/1234.jpg","width":800,"height":800,"caption":"Sumkcaps-China Original Headwear Manufacturer and Suppliers"},"image":{"@id":"https:\/\/sumkcaps.com\/#\/schema\/logo\/image\/"},"sameAs":["https:\/\/www.facebook.com\/sumkcap","https:\/\/www.instagram.com\/sumkcaps7\/","https:\/\/www.pinterest.com\/sumkcapschina\/"]}]}},"taxonomy_info":{"product_cat":[{"value":42,"label":"Snapback Hats Wholesale"}]},"featured_image_src_large":["https:\/\/sumkcaps.com\/wp-content\/uploads\/2022\/10\/5_panel_sublimation_printing_snapback_cap-1-1024x1024.jpg",800,800,true],"author_info":[],"comment_info":"","_links":{"self":[{"href":"https:\/\/sumkcaps.com\/it\/wp-json\/wp\/v2\/product\/17751","targetHints":{"allow":["GET"]}}],"collection":[{"href":"https:\/\/sumkcaps.com\/it\/wp-json\/wp\/v2\/product"}],"about":[{"href":"https:\/\/sumkcaps.com\/it\/wp-json\/wp\/v2\/types\/product"}],"wp:featuredmedia":[{"embeddable":true,"href":"https:\/\/sumkcaps.com\/it\/wp-json\/wp\/v2\/media\/17752"}],"wp:attachment":[{"href":"https:\/\/sumkcaps.com\/it\/wp-json\/wp\/v2\/media?parent=17751"}],"wp:term":[{"taxonomy":"product_brand","embeddable":true,"href":"https:\/\/sumkcaps.com\/it\/wp-json\/wp\/v2\/product_brand?post=17751"},{"taxonomy":"product_cat","embeddable":true,"href":"https:\/\/sumkcaps.com\/it\/wp-json\/wp\/v2\/product_cat?post=17751"},{"taxonomy":"product_tag","embeddable":true,"href":"https:\/\/sumkcaps.com\/it\/wp-json\/wp\/v2\/product_tag?post=17751"}],"curies":[{"name":"wp","href":"https:\/\/api.w.org\/{rel}","templated":true}]}}