{"id":17038,"date":"2022-10-19T10:59:04","date_gmt":"2022-10-19T02:59:04","guid":{"rendered":"https:\/\/sumkcaps.com\/?post_type=product&#038;p=17038"},"modified":"2025-12-17T15:02:36","modified_gmt":"2025-12-17T07:02:36","slug":"sufox-231004-custom-six-panel-flat-embroidery-baseball-cap","status":"publish","type":"product","link":"https:\/\/sumkcaps.com\/it\/prodotto\/sufox-231004-berretto-da-baseball-a-sei-pannelli-con-ricamo-piatto-personalizzato\/","title":{"rendered":"Sumkcaps 231004 Cappello da baseball a sei pannelli con ricamo piatto personalizzato"},"content":{"rendered":"<h3 data-start=\"247\" data-end=\"670\"><strong data-start=\"247\" data-end=\"287\">Decorazione<\/strong><\/h3>\n<p data-start=\"247\" data-end=\"670\">Questo cappellino da baseball presenta ricami piatti puliti e precisi, che conferiscono un aspetto nitido e professionale a loghi, testi o grafiche personalizzate. Il ricamo aderisce perfettamente alla superficie, garantendo una lunga durata senza ingombro. Ideale per la promozione del marchio, il merchandising aziendale, le collezioni al dettaglio o l'abbigliamento per squadre, il ricamo piatto offre un'opzione di decorazione intramontabile e versatile.<\/p>\n<h3 data-start=\"672\" data-end=\"1051\"><strong data-start=\"672\" data-end=\"696\">Materiale<\/strong><\/h3>\n<p data-start=\"672\" data-end=\"1051\">Realizzato in tessuto poliestere di alta qualit\u00e0, questo cappellino offre un'eccellente durata, resistenza alle pieghe e ritenzione del colore. Il materiale leggero ma robusto garantisce un comfort ottimale per tutto il giorno, mantenendo la sua forma. Il poliestere \u00e8 anche facile da pulire, rendendo questo cappellino adatto per un uso frequente nel commercio al dettaglio, in eventi promozionali e nell'abbigliamento casual di tutti i giorni.<\/p>\n<h3 data-start=\"1053\" data-end=\"1393\"><strong data-start=\"1053\" data-end=\"1075\">Colore<\/strong><\/h3>\n<p data-start=\"1053\" data-end=\"1393\">Il cappellino \u00e8 disponibile in colori completamente personalizzabili per adattarsi all'identit\u00e0 del tuo marchio o alle collezioni stagionali. Dai classici colori neutri alle tonalit\u00e0 audaci, le opzioni di colore flessibili ti consentono di creare design unici che si distinguono sul mercato. La tintura personalizzata garantisce una qualit\u00e0 del colore costante su tutti gli ordini di produzione all'ingrosso.<\/p>\n<h3 data-start=\"1395\" data-end=\"1715\"><strong data-start=\"1395\" data-end=\"1428\">Vestibilit\u00e0 e dimensioni<\/strong><\/h3>\n<p data-start=\"1395\" data-end=\"1715\">Progettato con una struttura OSFM, questo cappellino da baseball a sei pannelli si adatta comodamente a teste di dimensioni comprese tra 7 e 7 3\/4. La corona strutturata e la chiusura regolabile garantiscono una vestibilit\u00e0 sicura e flessibile, rendendolo adatto alla maggior parte degli adulti. Offre comfort e una silhouette pulita per l'uso quotidiano.<\/p>\n<h3 data-start=\"1717\" data-end=\"2052\"><strong data-start=\"1717\" data-end=\"1739\">Visiera<\/strong><\/h3>\n<p data-start=\"1717\" data-end=\"2052\">La visiera pre-curvata offre un look classico da cappellino da baseball, fornendo al contempo una pratica protezione dal sole. La sua forma valorizza i contorni del viso e aggiunge un tocco sportivo e casual. La visiera mantiene la sua curvatura nel tempo, garantendo uno stile e una funzionalit\u00e0 costanti per le attivit\u00e0 all'aperto, le promozioni o l'uso casual.<\/p>\n<h3 data-start=\"2054\" data-end=\"2393\"><strong data-start=\"2054\" data-end=\"2077\">Servizio<\/strong><\/h3>\n<p data-start=\"2054\" data-end=\"2393\">Forniamo servizi OEM e ODM professionali, supportando progetti personalizzati, posizionamento del logo, etichettatura, imballaggio e produzione all'ingrosso. Dallo sviluppo del concept alla consegna finale, il nostro team lavora a stretto contatto con i clienti per garantire qualit\u00e0, coerenza e puntualit\u00e0 nell'evasione degli ordini per i marchi privati e i partner all'ingrosso.<\/p>","protected":false},"excerpt":{"rendered":"<p>Sumkcaps 231004 Custom Six Panel Flat Embroidery Baseball Cap \u00e8 uno degli stili pi\u00f9 popolari di berretto, leggero e traspirante. I nostri Snapback sono disponibili in una variet\u00e0 di stili e colori di tutte le migliori marche.<\/p>","protected":false},"featured_media":17039,"template":"","meta":{"_acf_changed":false,"_kad_blocks_custom_css":"","_kad_blocks_head_custom_js":"","_kad_blocks_body_custom_js":"","_kad_blocks_footer_custom_js":""},"product_brand":[],"product_cat":[38],"product_tag":[],"class_list":{"0":"post-17038","1":"product","2":"type-product","3":"status-publish","4":"has-post-thumbnail","6":"product_cat-baseball-cap-supplier","8":"first","9":"outofstock","10":"shipping-taxable","11":"product-type-simple"},"acf":[],"yoast_head":"<!-- This site is optimized with the Yoast SEO Premium plugin v20.8 (Yoast SEO v25.9) - https:\/\/yoast.com\/wordpress\/plugins\/seo\/ -->\n<title>Custom Flat Embroidery Baseball Cap | China Manufactuer<\/title>\n<meta name=\"description\" content=\"High Quality Cap Head Wear With Professional Custom Design Service Available. Add Your Logo or Custom Design Online. Expert Service. Bulk Discount.\" \/>\n<meta name=\"robots\" content=\"index, follow, max-snippet:-1, max-image-preview:large, max-video-preview:-1\" \/>\n<link rel=\"canonical\" href=\"https:\/\/sumkcaps.com\/it\/prodotto\/sufox-231004-berretto-da-baseball-a-sei-pannelli-con-ricamo-piatto-personalizzato\/\" \/>\n<meta property=\"og:locale\" content=\"it_IT\" \/>\n<meta property=\"og:type\" content=\"article\" \/>\n<meta property=\"og:title\" content=\"Sumkcaps 231004 Custom Six Panel Flat Embroidery Baseball Cap - Sumkcaps\" \/>\n<meta property=\"og:description\" content=\"High Quality Cap Head Wear With Professional Custom Design Service Available. Add Your Logo or Custom Design Online. Expert Service. Bulk Discount.\" \/>\n<meta property=\"og:url\" content=\"https:\/\/sumkcaps.com\/it\/prodotto\/sufox-231004-berretto-da-baseball-a-sei-pannelli-con-ricamo-piatto-personalizzato\/\" \/>\n<meta property=\"og:site_name\" content=\"Sumkcaps-China Original Headwear Manufacturer and Suppliers\" \/>\n<meta property=\"article:publisher\" content=\"https:\/\/www.facebook.com\/sumkcap\" \/>\n<meta property=\"article:modified_time\" content=\"2025-12-17T07:02:36+00:00\" \/>\n<meta property=\"og:image\" content=\"https:\/\/sumkcaps.com\/wp-content\/uploads\/2022\/10\/6_panel_flat_embroidery_baseball_cap-1.jpg\" \/>\n\t<meta property=\"og:image:width\" content=\"800\" \/>\n\t<meta property=\"og:image:height\" content=\"800\" \/>\n\t<meta property=\"og:image:type\" content=\"image\/jpeg\" \/>\n<meta name=\"twitter:card\" content=\"summary_large_image\" \/>\n<meta name=\"twitter:label1\" content=\"Tempo di lettura stimato\" \/>\n\t<meta name=\"twitter:data1\" content=\"2 minuti\" \/>\n<script type=\"application\/ld+json\" class=\"yoast-schema-graph\">{\"@context\":\"https:\/\/schema.org\",\"@graph\":[{\"@type\":\"WebPage\",\"@id\":\"https:\/\/sumkcaps.com\/product\/sufox-231004-custom-six-panel-flat-embroidery-baseball-cap\/\",\"url\":\"https:\/\/sumkcaps.com\/product\/sufox-231004-custom-six-panel-flat-embroidery-baseball-cap\/\",\"name\":\"Custom Flat Embroidery Baseball Cap | China Manufactuer\",\"isPartOf\":{\"@id\":\"https:\/\/sumkcaps.com\/#website\"},\"primaryImageOfPage\":{\"@id\":\"https:\/\/sumkcaps.com\/product\/sufox-231004-custom-six-panel-flat-embroidery-baseball-cap\/#primaryimage\"},\"image\":{\"@id\":\"https:\/\/sumkcaps.com\/product\/sufox-231004-custom-six-panel-flat-embroidery-baseball-cap\/#primaryimage\"},\"thumbnailUrl\":\"https:\/\/sumkcaps.com\/wp-content\/uploads\/2022\/10\/6_panel_flat_embroidery_baseball_cap-1.jpg\",\"datePublished\":\"2022-10-19T02:59:04+00:00\",\"dateModified\":\"2025-12-17T07:02:36+00:00\",\"description\":\"High Quality Cap Head Wear With Professional Custom Design Service Available. Add Your Logo or Custom Design Online. Expert Service. Bulk Discount.\",\"breadcrumb\":{\"@id\":\"https:\/\/sumkcaps.com\/product\/sufox-231004-custom-six-panel-flat-embroidery-baseball-cap\/#breadcrumb\"},\"inLanguage\":\"it-IT\",\"potentialAction\":[{\"@type\":\"ReadAction\",\"target\":[\"https:\/\/sumkcaps.com\/product\/sufox-231004-custom-six-panel-flat-embroidery-baseball-cap\/\"]}]},{\"@type\":\"ImageObject\",\"inLanguage\":\"it-IT\",\"@id\":\"https:\/\/sumkcaps.com\/product\/sufox-231004-custom-six-panel-flat-embroidery-baseball-cap\/#primaryimage\",\"url\":\"https:\/\/sumkcaps.com\/wp-content\/uploads\/2022\/10\/6_panel_flat_embroidery_baseball_cap-1.jpg\",\"contentUrl\":\"https:\/\/sumkcaps.com\/wp-content\/uploads\/2022\/10\/6_panel_flat_embroidery_baseball_cap-1.jpg\",\"width\":800,\"height\":800},{\"@type\":\"BreadcrumbList\",\"@id\":\"https:\/\/sumkcaps.com\/product\/sufox-231004-custom-six-panel-flat-embroidery-baseball-cap\/#breadcrumb\",\"itemListElement\":[{\"@type\":\"ListItem\",\"position\":1,\"name\":\"Home\",\"item\":\"https:\/\/sumkcaps.com\/\"},{\"@type\":\"ListItem\",\"position\":2,\"name\":\"Products\",\"item\":\"https:\/\/sumkcaps.com\/product\/\"},{\"@type\":\"ListItem\",\"position\":3,\"name\":\"Sumkcaps 231004 Custom Six Panel Flat Embroidery Baseball Cap\"}]},{\"@type\":\"WebSite\",\"@id\":\"https:\/\/sumkcaps.com\/#website\",\"url\":\"https:\/\/sumkcaps.com\/\",\"name\":\"Sumkcaps-China Original Headwear Manufacturer and Suppliers\",\"description\":\"We are China Cap And Hat Original Factory, whose main business is to custom cap and hat as client&#039;s LOGO. Any cap style, any cap color, any qty, any material and qty is no problem. In one words, any small details can be customized as your request.\",\"publisher\":{\"@id\":\"https:\/\/sumkcaps.com\/#organization\"},\"potentialAction\":[{\"@type\":\"SearchAction\",\"target\":{\"@type\":\"EntryPoint\",\"urlTemplate\":\"https:\/\/sumkcaps.com\/?s={search_term_string}\"},\"query-input\":{\"@type\":\"PropertyValueSpecification\",\"valueRequired\":true,\"valueName\":\"search_term_string\"}}],\"inLanguage\":\"it-IT\"},{\"@type\":\"Organization\",\"@id\":\"https:\/\/sumkcaps.com\/#organization\",\"name\":\"Sumkcaps-China Original Headwear Manufacturer and Suppliers\",\"url\":\"https:\/\/sumkcaps.com\/\",\"logo\":{\"@type\":\"ImageObject\",\"inLanguage\":\"it-IT\",\"@id\":\"https:\/\/sumkcaps.com\/#\/schema\/logo\/image\/\",\"url\":\"https:\/\/sumkcaps.com\/wp-content\/uploads\/2025\/12\/1234.jpg\",\"contentUrl\":\"https:\/\/sumkcaps.com\/wp-content\/uploads\/2025\/12\/1234.jpg\",\"width\":800,\"height\":800,\"caption\":\"Sumkcaps-China Original Headwear Manufacturer and Suppliers\"},\"image\":{\"@id\":\"https:\/\/sumkcaps.com\/#\/schema\/logo\/image\/\"},\"sameAs\":[\"https:\/\/www.facebook.com\/sumkcap\",\"https:\/\/www.instagram.com\/sumkcaps7\/\",\"https:\/\/www.pinterest.com\/sumkcapschina\/\"]}]}<\/script>\n<!-- \/ Yoast SEO Premium plugin. -->","yoast_head_json":{"title":"Personalizzato ricamo piatto Baseball Cap | Cina Manufactuer","description":"Cappello di alta qualit\u00e0 con servizio professionale di progettazione personalizzata disponibile. Aggiungete il vostro logo o il vostro design personalizzato online. Servizio esperto. Sconti per grandi quantit\u00e0.","robots":{"index":"index","follow":"follow","max-snippet":"max-snippet:-1","max-image-preview":"max-image-preview:large","max-video-preview":"max-video-preview:-1"},"canonical":"https:\/\/sumkcaps.com\/it\/prodotto\/sufox-231004-berretto-da-baseball-a-sei-pannelli-con-ricamo-piatto-personalizzato\/","og_locale":"it_IT","og_type":"article","og_title":"Sumkcaps 231004 Custom Six Panel Flat Embroidery Baseball Cap - Sumkcaps","og_description":"High Quality Cap Head Wear With Professional Custom Design Service Available. Add Your Logo or Custom Design Online. Expert Service. Bulk Discount.","og_url":"https:\/\/sumkcaps.com\/it\/prodotto\/sufox-231004-berretto-da-baseball-a-sei-pannelli-con-ricamo-piatto-personalizzato\/","og_site_name":"Sumkcaps-China Original Headwear Manufacturer and Suppliers","article_publisher":"https:\/\/www.facebook.com\/sumkcap","article_modified_time":"2025-12-17T07:02:36+00:00","og_image":[{"width":800,"height":800,"url":"https:\/\/sumkcaps.com\/wp-content\/uploads\/2022\/10\/6_panel_flat_embroidery_baseball_cap-1.jpg","type":"image\/jpeg"}],"twitter_card":"summary_large_image","twitter_misc":{"Tempo di lettura stimato":"2 minuti"},"schema":{"@context":"https:\/\/schema.org","@graph":[{"@type":"WebPage","@id":"https:\/\/sumkcaps.com\/product\/sufox-231004-custom-six-panel-flat-embroidery-baseball-cap\/","url":"https:\/\/sumkcaps.com\/product\/sufox-231004-custom-six-panel-flat-embroidery-baseball-cap\/","name":"Personalizzato ricamo piatto Baseball Cap | Cina Manufactuer","isPartOf":{"@id":"https:\/\/sumkcaps.com\/#website"},"primaryImageOfPage":{"@id":"https:\/\/sumkcaps.com\/product\/sufox-231004-custom-six-panel-flat-embroidery-baseball-cap\/#primaryimage"},"image":{"@id":"https:\/\/sumkcaps.com\/product\/sufox-231004-custom-six-panel-flat-embroidery-baseball-cap\/#primaryimage"},"thumbnailUrl":"https:\/\/sumkcaps.com\/wp-content\/uploads\/2022\/10\/6_panel_flat_embroidery_baseball_cap-1.jpg","datePublished":"2022-10-19T02:59:04+00:00","dateModified":"2025-12-17T07:02:36+00:00","description":"Cappello di alta qualit\u00e0 con servizio professionale di progettazione personalizzata disponibile. Aggiungete il vostro logo o il vostro design personalizzato online. Servizio esperto. Sconti per grandi quantit\u00e0.","breadcrumb":{"@id":"https:\/\/sumkcaps.com\/product\/sufox-231004-custom-six-panel-flat-embroidery-baseball-cap\/#breadcrumb"},"inLanguage":"it-IT","potentialAction":[{"@type":"ReadAction","target":["https:\/\/sumkcaps.com\/product\/sufox-231004-custom-six-panel-flat-embroidery-baseball-cap\/"]}]},{"@type":"ImageObject","inLanguage":"it-IT","@id":"https:\/\/sumkcaps.com\/product\/sufox-231004-custom-six-panel-flat-embroidery-baseball-cap\/#primaryimage","url":"https:\/\/sumkcaps.com\/wp-content\/uploads\/2022\/10\/6_panel_flat_embroidery_baseball_cap-1.jpg","contentUrl":"https:\/\/sumkcaps.com\/wp-content\/uploads\/2022\/10\/6_panel_flat_embroidery_baseball_cap-1.jpg","width":800,"height":800},{"@type":"BreadcrumbList","@id":"https:\/\/sumkcaps.com\/product\/sufox-231004-custom-six-panel-flat-embroidery-baseball-cap\/#breadcrumb","itemListElement":[{"@type":"ListItem","position":1,"name":"Home","item":"https:\/\/sumkcaps.com\/"},{"@type":"ListItem","position":2,"name":"Products","item":"https:\/\/sumkcaps.com\/product\/"},{"@type":"ListItem","position":3,"name":"Sumkcaps 231004 Custom Six Panel Flat Embroidery Baseball Cap"}]},{"@type":"WebSite","@id":"https:\/\/sumkcaps.com\/#website","url":"https:\/\/sumkcaps.com\/","name":"Sumkcaps-Cina Produttore e fornitore di copricapi originali","description":"Siamo fabbrica originale del cappello e del cappuccio della Cina, di cui l'affare principale \u00e8 al cappuccio ed al cappello su ordinazione come client&#039;s LOGO. Qualsiasi stile del cappuccio, qualsiasi colore del cappuccio, qualsiasi qty, qualsiasi materiale e qty non \u00e8 un problema. In una parola, qualsiasi piccolo dettaglio pu\u00f2 essere personalizzato come vostra richiesta.","publisher":{"@id":"https:\/\/sumkcaps.com\/#organization"},"potentialAction":[{"@type":"SearchAction","target":{"@type":"EntryPoint","urlTemplate":"https:\/\/sumkcaps.com\/?s={search_term_string}"},"query-input":{"@type":"PropertyValueSpecification","valueRequired":true,"valueName":"search_term_string"}}],"inLanguage":"it-IT"},{"@type":"Organization","@id":"https:\/\/sumkcaps.com\/#organization","name":"Sumkcaps-Cina Produttore e fornitore di copricapi originali","url":"https:\/\/sumkcaps.com\/","logo":{"@type":"ImageObject","inLanguage":"it-IT","@id":"https:\/\/sumkcaps.com\/#\/schema\/logo\/image\/","url":"https:\/\/sumkcaps.com\/wp-content\/uploads\/2025\/12\/1234.jpg","contentUrl":"https:\/\/sumkcaps.com\/wp-content\/uploads\/2025\/12\/1234.jpg","width":800,"height":800,"caption":"Sumkcaps-China Original Headwear Manufacturer and Suppliers"},"image":{"@id":"https:\/\/sumkcaps.com\/#\/schema\/logo\/image\/"},"sameAs":["https:\/\/www.facebook.com\/sumkcap","https:\/\/www.instagram.com\/sumkcaps7\/","https:\/\/www.pinterest.com\/sumkcapschina\/"]}]}},"taxonomy_info":{"product_cat":[{"value":38,"label":"Baseball Cap"}]},"featured_image_src_large":["https:\/\/sumkcaps.com\/wp-content\/uploads\/2022\/10\/6_panel_flat_embroidery_baseball_cap-1.jpg",800,800,false],"author_info":[],"comment_info":"","_links":{"self":[{"href":"https:\/\/sumkcaps.com\/it\/wp-json\/wp\/v2\/product\/17038","targetHints":{"allow":["GET"]}}],"collection":[{"href":"https:\/\/sumkcaps.com\/it\/wp-json\/wp\/v2\/product"}],"about":[{"href":"https:\/\/sumkcaps.com\/it\/wp-json\/wp\/v2\/types\/product"}],"wp:featuredmedia":[{"embeddable":true,"href":"https:\/\/sumkcaps.com\/it\/wp-json\/wp\/v2\/media\/17039"}],"wp:attachment":[{"href":"https:\/\/sumkcaps.com\/it\/wp-json\/wp\/v2\/media?parent=17038"}],"wp:term":[{"taxonomy":"product_brand","embeddable":true,"href":"https:\/\/sumkcaps.com\/it\/wp-json\/wp\/v2\/product_brand?post=17038"},{"taxonomy":"product_cat","embeddable":true,"href":"https:\/\/sumkcaps.com\/it\/wp-json\/wp\/v2\/product_cat?post=17038"},{"taxonomy":"product_tag","embeddable":true,"href":"https:\/\/sumkcaps.com\/it\/wp-json\/wp\/v2\/product_tag?post=17038"}],"curies":[{"name":"wp","href":"https:\/\/api.w.org\/{rel}","templated":true}]}}