{"id":17005,"date":"2022-10-13T16:44:49","date_gmt":"2022-10-13T08:44:49","guid":{"rendered":"https:\/\/sumkcaps.com\/?post_type=product&#038;p=17005"},"modified":"2026-03-10T15:33:09","modified_gmt":"2026-03-10T07:33:09","slug":"sufox-241086-custom-embossed-seven-panel-snapback-cap","status":"publish","type":"product","link":"https:\/\/sumkcaps.com\/it\/prodotto\/sufox-241086-cappellino-snapback-a-sette-pannelli-personalizzato-in-rilievo\/","title":{"rendered":"Sumkcaps 241086 Cappello a sette pannelli in rilievo personalizzato"},"content":{"rendered":"<h3 data-start=\"0\" data-end=\"370\"><strong data-start=\"0\" data-end=\"25\">Decorazione<\/strong><\/h3>\n<p data-start=\"0\" data-end=\"370\">Questo cappellino snapback presenta una decorazione in rilievo che crea una caratteristica texture in rilievo sul pannello frontale. Il design in rilievo aggiunge profondit\u00e0 e un effetto visivo di prima qualit\u00e0, permettendo a loghi o motivi di risaltare in modo sottile ma elegante. Questa tecnica \u00e8 ideale per i marchi che cercano un look moderno e sofisticato per i loro copricapi personalizzati.<\/p>\n<h3 data-start=\"372\" data-end=\"752\"><strong data-start=\"372\" data-end=\"399\">Materiale<\/strong><\/h3>\n<p data-start=\"372\" data-end=\"752\">Realizzato in tessuto acrilico 100%, questo berretto offre un'eccellente durata, un comfort leggero e una forte tenuta della forma. Il materiale aiuta il berretto a mantenere la sua forma strutturata e a resistere alle rughe e al restringimento. Il tessuto acrilico \u00e8 anche facile da curare e adatto all'uso quotidiano, il che lo rende una scelta pratica sia per la moda che per gli usi promozionali.<\/p>\n<h3 data-start=\"754\" data-end=\"1090\"><strong data-start=\"754\" data-end=\"776\">Colore<\/strong><\/h3>\n<p data-start=\"754\" data-end=\"1090\">Il cappellino supporta la personalizzazione a colori per soddisfare le diverse esigenze di branding e design. I clienti possono scegliere tra un'ampia gamma di colori del tessuto da abbinare al logo, all'identit\u00e0 del marchio o alle collezioni stagionali, rendendo il cappellino adatto a marchi streetwear, eventi, campagne promozionali e merchandising al dettaglio.<\/p>\n<h3 data-start=\"1092\" data-end=\"1387\"><strong data-start=\"1092\" data-end=\"1125\">Vestibilit\u00e0 e dimensioni<\/strong><\/h3>\n<p data-start=\"1092\" data-end=\"1387\">Progettato con una chiusura a scatto regolabile, il berretto offre una vestibilit\u00e0 OSFM (One Size Fits Most), adattandosi a teste di dimensioni comprese tra 7 e 7 3\/4. Il design regolabile consente di modificare facilmente la vestibilit\u00e0 per garantire comfort e stabilit\u00e0, rendendolo adatto alla maggior parte degli adulti.<\/p>\n<h3 data-start=\"1389\" data-end=\"1699\"><strong data-start=\"1389\" data-end=\"1410\">Visiera<\/strong><\/h3>\n<p data-start=\"1389\" data-end=\"1699\">La visiera flat bill offre un look pulito e moderno, molto apprezzato dallo streetwear e dalla moda casual. Il suo design strutturato mantiene una forma nitida e offre una protezione solare affidabile. La visiera pu\u00f2 essere personalizzata con colori o materiali diversi per adattarsi al design generale del berretto.<\/p>\n<h3 data-start=\"1701\" data-end=\"1990\"><strong data-start=\"1701\" data-end=\"1724\">Servizio<\/strong><\/h3>\n<p data-start=\"1701\" data-end=\"1990\">Sumkcaps offre servizi professionali OEM e ODM per marchi, grossisti e aziende promozionali. Dallo sviluppo del concetto alla selezione del materiale, dal posizionamento del logo alla personalizzazione della confezione, il nostro team aiuta i clienti a creare tappi personalizzati unici e di alta qualit\u00e0.<\/p>\n<h3 data-start=\"1992\" data-end=\"2285\"><strong data-start=\"1992\" data-end=\"2034\">Tempi di consegna<\/strong><\/h3>\n<p data-start=\"1992\" data-end=\"2285\" data-is-last-node=\"\" data-is-only-node=\"\">La produzione di campioni richiede solitamente 7-9 giorni lavorativi, consentendo ai clienti di rivedere e confermare rapidamente i dettagli del design. La produzione in serie richiede in genere 18-22 giorni lavorativi, garantendo una qualit\u00e0 costante del prodotto e una consegna tempestiva per gli ordini di grandi volumi.<\/p>","protected":false},"excerpt":{"rendered":"<p>Sumkcaps 241086 Custom Embossed Seven Panel Snapback Cap \u00e8 uno degli stili pi\u00f9 popolari di berretto, leggero e traspirante. I nostri Snapback sono disponibili in una variet\u00e0 di stili e colori di tutte le migliori marche.<\/p>","protected":false},"featured_media":17006,"template":"","meta":{"_acf_changed":false,"_kad_blocks_custom_css":"","_kad_blocks_head_custom_js":"","_kad_blocks_body_custom_js":"","_kad_blocks_footer_custom_js":""},"product_brand":[],"product_cat":[42],"product_tag":[],"class_list":{"0":"post-17005","1":"product","2":"type-product","3":"status-publish","4":"has-post-thumbnail","6":"product_cat-snapback-cap","8":"first","9":"outofstock","10":"shipping-taxable","11":"product-type-simple"},"acf":[],"yoast_head":"<!-- This site is optimized with the Yoast SEO Premium plugin v20.8 (Yoast SEO v25.9) - https:\/\/yoast.com\/wordpress\/plugins\/seo\/ -->\n<title>Custom Embossed 7 Panel Snapback Cap | China Manufactuer<\/title>\n<meta name=\"description\" content=\"Custom Cap, Logo Cap, Brand Caps, Custom Made Snapback Caps, Custom Snapback Baseball Hats. Premium Cap Manufacturer since 2006. Order Today!\" \/>\n<meta name=\"robots\" content=\"index, follow, max-snippet:-1, max-image-preview:large, max-video-preview:-1\" \/>\n<link rel=\"canonical\" href=\"https:\/\/sumkcaps.com\/it\/prodotto\/sufox-241086-cappellino-snapback-a-sette-pannelli-personalizzato-in-rilievo\/\" \/>\n<meta property=\"og:locale\" content=\"it_IT\" \/>\n<meta property=\"og:type\" content=\"article\" \/>\n<meta property=\"og:title\" content=\"Sumkcaps 241086 Custom Embossed Seven Panel Snapback Cap - Sumkcaps\" \/>\n<meta property=\"og:description\" content=\"Custom Cap, Logo Cap, Brand Caps, Custom Made Snapback Caps, Custom Snapback Baseball Hats. Premium Cap Manufacturer since 2006. Order Today!\" \/>\n<meta property=\"og:url\" content=\"https:\/\/sumkcaps.com\/it\/prodotto\/sufox-241086-cappellino-snapback-a-sette-pannelli-personalizzato-in-rilievo\/\" \/>\n<meta property=\"og:site_name\" content=\"Sumkcaps-China Original Headwear Manufacturer and Suppliers\" \/>\n<meta property=\"article:publisher\" content=\"https:\/\/www.facebook.com\/sumkcap\" \/>\n<meta property=\"article:modified_time\" content=\"2026-03-10T07:33:09+00:00\" \/>\n<meta property=\"og:image\" content=\"https:\/\/sumkcaps.com\/wp-content\/uploads\/2022\/10\/custom_flat_bill_embossed_7_panel_snapback_hat-1.jpg\" \/>\n\t<meta property=\"og:image:width\" content=\"800\" \/>\n\t<meta property=\"og:image:height\" content=\"800\" \/>\n\t<meta property=\"og:image:type\" content=\"image\/jpeg\" \/>\n<meta name=\"twitter:card\" content=\"summary_large_image\" \/>\n<meta name=\"twitter:label1\" content=\"Tempo di lettura stimato\" \/>\n\t<meta name=\"twitter:data1\" content=\"2 minuti\" \/>\n<script type=\"application\/ld+json\" class=\"yoast-schema-graph\">{\"@context\":\"https:\/\/schema.org\",\"@graph\":[{\"@type\":\"WebPage\",\"@id\":\"https:\/\/sumkcaps.com\/product\/sufox-241086-custom-embossed-seven-panel-snapback-cap\/\",\"url\":\"https:\/\/sumkcaps.com\/product\/sufox-241086-custom-embossed-seven-panel-snapback-cap\/\",\"name\":\"Custom Embossed 7 Panel Snapback Cap | China Manufactuer\",\"isPartOf\":{\"@id\":\"https:\/\/sumkcaps.com\/#website\"},\"primaryImageOfPage\":{\"@id\":\"https:\/\/sumkcaps.com\/product\/sufox-241086-custom-embossed-seven-panel-snapback-cap\/#primaryimage\"},\"image\":{\"@id\":\"https:\/\/sumkcaps.com\/product\/sufox-241086-custom-embossed-seven-panel-snapback-cap\/#primaryimage\"},\"thumbnailUrl\":\"https:\/\/sumkcaps.com\/wp-content\/uploads\/2022\/10\/custom_flat_bill_embossed_7_panel_snapback_hat-1.jpg\",\"datePublished\":\"2022-10-13T08:44:49+00:00\",\"dateModified\":\"2026-03-10T07:33:09+00:00\",\"description\":\"Custom Cap, Logo Cap, Brand Caps, Custom Made Snapback Caps, Custom Snapback Baseball Hats. Premium Cap Manufacturer since 2006. Order Today!\",\"breadcrumb\":{\"@id\":\"https:\/\/sumkcaps.com\/product\/sufox-241086-custom-embossed-seven-panel-snapback-cap\/#breadcrumb\"},\"inLanguage\":\"it-IT\",\"potentialAction\":[{\"@type\":\"ReadAction\",\"target\":[\"https:\/\/sumkcaps.com\/product\/sufox-241086-custom-embossed-seven-panel-snapback-cap\/\"]}]},{\"@type\":\"ImageObject\",\"inLanguage\":\"it-IT\",\"@id\":\"https:\/\/sumkcaps.com\/product\/sufox-241086-custom-embossed-seven-panel-snapback-cap\/#primaryimage\",\"url\":\"https:\/\/sumkcaps.com\/wp-content\/uploads\/2022\/10\/custom_flat_bill_embossed_7_panel_snapback_hat-1.jpg\",\"contentUrl\":\"https:\/\/sumkcaps.com\/wp-content\/uploads\/2022\/10\/custom_flat_bill_embossed_7_panel_snapback_hat-1.jpg\",\"width\":800,\"height\":800},{\"@type\":\"BreadcrumbList\",\"@id\":\"https:\/\/sumkcaps.com\/product\/sufox-241086-custom-embossed-seven-panel-snapback-cap\/#breadcrumb\",\"itemListElement\":[{\"@type\":\"ListItem\",\"position\":1,\"name\":\"Home\",\"item\":\"https:\/\/sumkcaps.com\/\"},{\"@type\":\"ListItem\",\"position\":2,\"name\":\"Products\",\"item\":\"https:\/\/sumkcaps.com\/product\/\"},{\"@type\":\"ListItem\",\"position\":3,\"name\":\"Sumkcaps 241086 Custom Embossed Seven Panel Snapback Cap\"}]},{\"@type\":\"WebSite\",\"@id\":\"https:\/\/sumkcaps.com\/#website\",\"url\":\"https:\/\/sumkcaps.com\/\",\"name\":\"Sumkcaps-China Original Headwear Manufacturer and Suppliers\",\"description\":\"We are China Cap And Hat Original Factory, whose main business is to custom cap and hat as client&#039;s LOGO. Any cap style, any cap color, any qty, any material and qty is no problem. In one words, any small details can be customized as your request.\",\"publisher\":{\"@id\":\"https:\/\/sumkcaps.com\/#organization\"},\"potentialAction\":[{\"@type\":\"SearchAction\",\"target\":{\"@type\":\"EntryPoint\",\"urlTemplate\":\"https:\/\/sumkcaps.com\/?s={search_term_string}\"},\"query-input\":{\"@type\":\"PropertyValueSpecification\",\"valueRequired\":true,\"valueName\":\"search_term_string\"}}],\"inLanguage\":\"it-IT\"},{\"@type\":\"Organization\",\"@id\":\"https:\/\/sumkcaps.com\/#organization\",\"name\":\"Sumkcaps-China Original Headwear Manufacturer and Suppliers\",\"url\":\"https:\/\/sumkcaps.com\/\",\"logo\":{\"@type\":\"ImageObject\",\"inLanguage\":\"it-IT\",\"@id\":\"https:\/\/sumkcaps.com\/#\/schema\/logo\/image\/\",\"url\":\"https:\/\/sumkcaps.com\/wp-content\/uploads\/2025\/12\/1234.jpg\",\"contentUrl\":\"https:\/\/sumkcaps.com\/wp-content\/uploads\/2025\/12\/1234.jpg\",\"width\":800,\"height\":800,\"caption\":\"Sumkcaps-China Original Headwear Manufacturer and Suppliers\"},\"image\":{\"@id\":\"https:\/\/sumkcaps.com\/#\/schema\/logo\/image\/\"},\"sameAs\":[\"https:\/\/www.facebook.com\/sumkcap\",\"https:\/\/www.instagram.com\/sumkcaps7\/\",\"https:\/\/www.pinterest.com\/sumkcapschina\/\"]}]}<\/script>\n<!-- \/ Yoast SEO Premium plugin. -->","yoast_head_json":{"title":"Personalizzato in rilievo 7 pannello Snapback Cap | Cina Manufactuer","description":"Cappellini personalizzati, cappellini con logo, cappellini di marca, cappellini snapback su misura, cappelli da baseball snapback personalizzati. Produttore di berretti di qualit\u00e0 dal 2006. Ordinate oggi!","robots":{"index":"index","follow":"follow","max-snippet":"max-snippet:-1","max-image-preview":"max-image-preview:large","max-video-preview":"max-video-preview:-1"},"canonical":"https:\/\/sumkcaps.com\/it\/prodotto\/sufox-241086-cappellino-snapback-a-sette-pannelli-personalizzato-in-rilievo\/","og_locale":"it_IT","og_type":"article","og_title":"Sumkcaps 241086 Custom Embossed Seven Panel Snapback Cap - Sumkcaps","og_description":"Custom Cap, Logo Cap, Brand Caps, Custom Made Snapback Caps, Custom Snapback Baseball Hats. Premium Cap Manufacturer since 2006. Order Today!","og_url":"https:\/\/sumkcaps.com\/it\/prodotto\/sufox-241086-cappellino-snapback-a-sette-pannelli-personalizzato-in-rilievo\/","og_site_name":"Sumkcaps-China Original Headwear Manufacturer and Suppliers","article_publisher":"https:\/\/www.facebook.com\/sumkcap","article_modified_time":"2026-03-10T07:33:09+00:00","og_image":[{"width":800,"height":800,"url":"https:\/\/sumkcaps.com\/wp-content\/uploads\/2022\/10\/custom_flat_bill_embossed_7_panel_snapback_hat-1.jpg","type":"image\/jpeg"}],"twitter_card":"summary_large_image","twitter_misc":{"Tempo di lettura stimato":"2 minuti"},"schema":{"@context":"https:\/\/schema.org","@graph":[{"@type":"WebPage","@id":"https:\/\/sumkcaps.com\/product\/sufox-241086-custom-embossed-seven-panel-snapback-cap\/","url":"https:\/\/sumkcaps.com\/product\/sufox-241086-custom-embossed-seven-panel-snapback-cap\/","name":"Personalizzato in rilievo 7 pannello Snapback Cap | Cina Manufactuer","isPartOf":{"@id":"https:\/\/sumkcaps.com\/#website"},"primaryImageOfPage":{"@id":"https:\/\/sumkcaps.com\/product\/sufox-241086-custom-embossed-seven-panel-snapback-cap\/#primaryimage"},"image":{"@id":"https:\/\/sumkcaps.com\/product\/sufox-241086-custom-embossed-seven-panel-snapback-cap\/#primaryimage"},"thumbnailUrl":"https:\/\/sumkcaps.com\/wp-content\/uploads\/2022\/10\/custom_flat_bill_embossed_7_panel_snapback_hat-1.jpg","datePublished":"2022-10-13T08:44:49+00:00","dateModified":"2026-03-10T07:33:09+00:00","description":"Cappellini personalizzati, cappellini con logo, cappellini di marca, cappellini snapback su misura, cappelli da baseball snapback personalizzati. Produttore di berretti di qualit\u00e0 dal 2006. Ordinate oggi!","breadcrumb":{"@id":"https:\/\/sumkcaps.com\/product\/sufox-241086-custom-embossed-seven-panel-snapback-cap\/#breadcrumb"},"inLanguage":"it-IT","potentialAction":[{"@type":"ReadAction","target":["https:\/\/sumkcaps.com\/product\/sufox-241086-custom-embossed-seven-panel-snapback-cap\/"]}]},{"@type":"ImageObject","inLanguage":"it-IT","@id":"https:\/\/sumkcaps.com\/product\/sufox-241086-custom-embossed-seven-panel-snapback-cap\/#primaryimage","url":"https:\/\/sumkcaps.com\/wp-content\/uploads\/2022\/10\/custom_flat_bill_embossed_7_panel_snapback_hat-1.jpg","contentUrl":"https:\/\/sumkcaps.com\/wp-content\/uploads\/2022\/10\/custom_flat_bill_embossed_7_panel_snapback_hat-1.jpg","width":800,"height":800},{"@type":"BreadcrumbList","@id":"https:\/\/sumkcaps.com\/product\/sufox-241086-custom-embossed-seven-panel-snapback-cap\/#breadcrumb","itemListElement":[{"@type":"ListItem","position":1,"name":"Home","item":"https:\/\/sumkcaps.com\/"},{"@type":"ListItem","position":2,"name":"Products","item":"https:\/\/sumkcaps.com\/product\/"},{"@type":"ListItem","position":3,"name":"Sumkcaps 241086 Custom Embossed Seven Panel Snapback Cap"}]},{"@type":"WebSite","@id":"https:\/\/sumkcaps.com\/#website","url":"https:\/\/sumkcaps.com\/","name":"Sumkcaps-Cina Produttore e fornitore di copricapi originali","description":"Siamo fabbrica originale del cappello e del cappuccio della Cina, di cui l'affare principale \u00e8 al cappuccio ed al cappello su ordinazione come client&#039;s LOGO. Qualsiasi stile del cappuccio, qualsiasi colore del cappuccio, qualsiasi qty, qualsiasi materiale e qty non \u00e8 un problema. In una parola, qualsiasi piccolo dettaglio pu\u00f2 essere personalizzato come vostra richiesta.","publisher":{"@id":"https:\/\/sumkcaps.com\/#organization"},"potentialAction":[{"@type":"SearchAction","target":{"@type":"EntryPoint","urlTemplate":"https:\/\/sumkcaps.com\/?s={search_term_string}"},"query-input":{"@type":"PropertyValueSpecification","valueRequired":true,"valueName":"search_term_string"}}],"inLanguage":"it-IT"},{"@type":"Organization","@id":"https:\/\/sumkcaps.com\/#organization","name":"Sumkcaps-Cina Produttore e fornitore di copricapi originali","url":"https:\/\/sumkcaps.com\/","logo":{"@type":"ImageObject","inLanguage":"it-IT","@id":"https:\/\/sumkcaps.com\/#\/schema\/logo\/image\/","url":"https:\/\/sumkcaps.com\/wp-content\/uploads\/2025\/12\/1234.jpg","contentUrl":"https:\/\/sumkcaps.com\/wp-content\/uploads\/2025\/12\/1234.jpg","width":800,"height":800,"caption":"Sumkcaps-China Original Headwear Manufacturer and Suppliers"},"image":{"@id":"https:\/\/sumkcaps.com\/#\/schema\/logo\/image\/"},"sameAs":["https:\/\/www.facebook.com\/sumkcap","https:\/\/www.instagram.com\/sumkcaps7\/","https:\/\/www.pinterest.com\/sumkcapschina\/"]}]}},"taxonomy_info":{"product_cat":[{"value":42,"label":"Snapback Hats Wholesale"}]},"featured_image_src_large":["https:\/\/sumkcaps.com\/wp-content\/uploads\/2022\/10\/custom_flat_bill_embossed_7_panel_snapback_hat-1.jpg",800,800,false],"author_info":[],"comment_info":"","_links":{"self":[{"href":"https:\/\/sumkcaps.com\/it\/wp-json\/wp\/v2\/product\/17005","targetHints":{"allow":["GET"]}}],"collection":[{"href":"https:\/\/sumkcaps.com\/it\/wp-json\/wp\/v2\/product"}],"about":[{"href":"https:\/\/sumkcaps.com\/it\/wp-json\/wp\/v2\/types\/product"}],"wp:featuredmedia":[{"embeddable":true,"href":"https:\/\/sumkcaps.com\/it\/wp-json\/wp\/v2\/media\/17006"}],"wp:attachment":[{"href":"https:\/\/sumkcaps.com\/it\/wp-json\/wp\/v2\/media?parent=17005"}],"wp:term":[{"taxonomy":"product_brand","embeddable":true,"href":"https:\/\/sumkcaps.com\/it\/wp-json\/wp\/v2\/product_brand?post=17005"},{"taxonomy":"product_cat","embeddable":true,"href":"https:\/\/sumkcaps.com\/it\/wp-json\/wp\/v2\/product_cat?post=17005"},{"taxonomy":"product_tag","embeddable":true,"href":"https:\/\/sumkcaps.com\/it\/wp-json\/wp\/v2\/product_tag?post=17005"}],"curies":[{"name":"wp","href":"https:\/\/api.w.org\/{rel}","templated":true}]}}