{"id":16934,"date":"2022-10-13T15:38:29","date_gmt":"2022-10-13T07:38:29","guid":{"rendered":"https:\/\/sumkcaps.com\/?post_type=product&#038;p=16934"},"modified":"2026-03-10T16:17:07","modified_gmt":"2026-03-10T08:17:07","slug":"sufox-241101-custom-six-panel-leahter-patch-denim-snapback-cap","status":"publish","type":"product","link":"https:\/\/sumkcaps.com\/it\/prodotto\/sufox-241101-custom-six-panel-leahter-patch-denim-snapback-cap\/","title":{"rendered":"Sumkcaps 241101 Cappello snapback in denim a sei pannelli personalizzato con patch Leahter"},"content":{"rendered":"<h3 data-start=\"0\" data-end=\"333\"><strong data-start=\"0\" data-end=\"30\">Decorazione<\/strong><\/h3>\n<p data-start=\"0\" data-end=\"333\">Questo cappellino snapback \u00e8 dotato di una toppa in pelle pregiata che aggiunge un punto focale elegante e strutturato al pannello frontale. La toppa valorizza loghi o disegni con un look sofisticato e di alta qualit\u00e0. Ideale per i marchi che desiderano un'estetica robusta e moderna, offre una durata e un fascino visivo duraturi.<\/p>\n<h3 data-start=\"335\" data-end=\"655\"><strong data-start=\"335\" data-end=\"355\">Materiale<\/strong><\/h3>\n<p data-start=\"335\" data-end=\"655\">Realizzato in resistente tessuto denim, questo berretto offre un look unico e strutturato e una lunga durata. Il denim \u00e8 traspirante, confortevole e mantiene la sua forma nel tempo. Il suo stile robusto lo rende adatto a un abbigliamento casual, streetwear o outdoor, garantendo al contempo prestazioni affidabili per tutti i giorni.<\/p>\n<h3 data-start=\"657\" data-end=\"961\"><strong data-start=\"657\" data-end=\"679\">Colore<\/strong><\/h3>\n<p data-start=\"657\" data-end=\"961\">Il berretto supporta la personalizzazione a colori, consentendo ai clienti di selezionare le tonalit\u00e0 del denim e i colori delle toppe in pelle che si allineano all'identit\u00e0 del marchio o ai concetti di design. Questa flessibilit\u00e0 garantisce che ogni berretto possa essere personalizzato in modo unico per le collezioni di moda, le promozioni o il merchandising al dettaglio.<\/p>\n<h3 data-start=\"963\" data-end=\"1271\"><strong data-start=\"963\" data-end=\"996\">Vestibilit\u00e0 e dimensioni\u00a0<\/strong><\/h3>\n<p data-start=\"963\" data-end=\"1271\">Dotato di una chiusura a scatto regolabile, questo berretto ha una taglia OSFM (One Size Fits Most) e si adatta a circonferenze della testa da 7 a 7 3\/4. Il design regolabile assicura una vestibilit\u00e0 sicura e confortevole per la maggior parte degli adulti, rendendolo versatile per l'uso casual e promozionale.<\/p>\n<h3 data-start=\"1273\" data-end=\"1520\"><strong data-start=\"1273\" data-end=\"1294\">Visiera<\/strong><\/h3>\n<p data-start=\"1273\" data-end=\"1520\">La visiera flat bill offre uno stile streetwear contemporaneo e allo stesso tempo una protezione solare. Il suo design strutturato mantiene una silhouette nitida e pulita e si abbina a elementi in denim e pelle per un look urbano e alla moda.<\/p>\n<h3 data-start=\"1522\" data-end=\"1810\"><strong data-start=\"1522\" data-end=\"1545\">Servizio<\/strong><\/h3>\n<p data-start=\"1522\" data-end=\"1810\">Sumkcaps offre servizi completi di OEM e ODM, supportando marchi e rivenditori nella creazione di cappellini completamente personalizzati. Dalla scelta dei materiali al design delle toppe, dall'inserimento del logo al confezionamento, garantiamo risultati di alta qualit\u00e0 su misura per le specifiche del cliente.<\/p>\n<h3 data-start=\"1812\" data-end=\"2060\"><strong data-start=\"1812\" data-end=\"1854\">Tempi di consegna<\/strong><\/h3>\n<p data-start=\"1812\" data-end=\"2060\" data-is-last-node=\"\" data-is-only-node=\"\">La produzione di campioni richiede in genere 7-9 giorni lavorativi per la revisione e l'approvazione del design. La produzione in serie richiede generalmente 18-22 giorni lavorativi, garantendo una qualit\u00e0 costante e una consegna puntuale per gli ordini di grandi dimensioni.<\/p>","protected":false},"excerpt":{"rendered":"<p>Sumkcaps 241101 Custom Six Panel Leahter Patch Denim Snapback Cap \u00e8 uno dei cappelli pi\u00f9 popolari, leggero e traspirante. I nostri Snapback sono disponibili in una variet\u00e0 di stili e colori di tutte le migliori marche.<\/p>","protected":false},"featured_media":16935,"template":"","meta":{"_acf_changed":false,"_kad_blocks_custom_css":"","_kad_blocks_head_custom_js":"","_kad_blocks_body_custom_js":"","_kad_blocks_footer_custom_js":""},"product_brand":[],"product_cat":[42],"product_tag":[],"class_list":{"0":"post-16934","1":"product","2":"type-product","3":"status-publish","4":"has-post-thumbnail","6":"product_cat-snapback-cap","8":"first","9":"outofstock","10":"shipping-taxable","11":"product-type-simple"},"acf":[],"yoast_head":"<!-- This site is optimized with the Yoast SEO Premium plugin v20.8 (Yoast SEO v25.9) - https:\/\/yoast.com\/wordpress\/plugins\/seo\/ -->\n<title>Custom Leahter Patch Denim Snapback Cap | China Manufactuer<\/title>\n<meta name=\"description\" content=\"More Than 10 Years Of Experience In The Headwear Industry. Cap Manufacturers.100% Satisfaction Guarantee. Add Your Logo or Custom Design Online.\" \/>\n<meta name=\"robots\" content=\"index, follow, max-snippet:-1, max-image-preview:large, max-video-preview:-1\" \/>\n<link rel=\"canonical\" href=\"https:\/\/sumkcaps.com\/it\/prodotto\/sufox-241101-custom-six-panel-leahter-patch-denim-snapback-cap\/\" \/>\n<meta property=\"og:locale\" content=\"it_IT\" \/>\n<meta property=\"og:type\" content=\"article\" \/>\n<meta property=\"og:title\" content=\"Sumkcaps 241101 Custom Six Panel Leahter Patch Denim Snapback Cap - Sumkcaps\" \/>\n<meta property=\"og:description\" content=\"More Than 10 Years Of Experience In The Headwear Industry. Cap Manufacturers.100% Satisfaction Guarantee. Add Your Logo or Custom Design Online.\" \/>\n<meta property=\"og:url\" content=\"https:\/\/sumkcaps.com\/it\/prodotto\/sufox-241101-custom-six-panel-leahter-patch-denim-snapback-cap\/\" \/>\n<meta property=\"og:site_name\" content=\"Sumkcaps-China Original Headwear Manufacturer and Suppliers\" \/>\n<meta property=\"article:publisher\" content=\"https:\/\/www.facebook.com\/sumkcap\" \/>\n<meta property=\"article:modified_time\" content=\"2026-03-10T08:17:07+00:00\" \/>\n<meta property=\"og:image\" content=\"https:\/\/sumkcaps.com\/wp-content\/uploads\/2022\/10\/flat_suede_brim_denim_leather_patch_snapback_hat-1.jpg\" \/>\n\t<meta property=\"og:image:width\" content=\"1000\" \/>\n\t<meta property=\"og:image:height\" content=\"1000\" \/>\n\t<meta property=\"og:image:type\" content=\"image\/jpeg\" \/>\n<meta name=\"twitter:card\" content=\"summary_large_image\" \/>\n<meta name=\"twitter:label1\" content=\"Tempo di lettura stimato\" \/>\n\t<meta name=\"twitter:data1\" content=\"2 minuti\" \/>\n<script type=\"application\/ld+json\" class=\"yoast-schema-graph\">{\"@context\":\"https:\/\/schema.org\",\"@graph\":[{\"@type\":\"WebPage\",\"@id\":\"https:\/\/sumkcaps.com\/product\/sufox-241101-custom-six-panel-leahter-patch-denim-snapback-cap\/\",\"url\":\"https:\/\/sumkcaps.com\/product\/sufox-241101-custom-six-panel-leahter-patch-denim-snapback-cap\/\",\"name\":\"Custom Leahter Patch Denim Snapback Cap | China Manufactuer\",\"isPartOf\":{\"@id\":\"https:\/\/sumkcaps.com\/#website\"},\"primaryImageOfPage\":{\"@id\":\"https:\/\/sumkcaps.com\/product\/sufox-241101-custom-six-panel-leahter-patch-denim-snapback-cap\/#primaryimage\"},\"image\":{\"@id\":\"https:\/\/sumkcaps.com\/product\/sufox-241101-custom-six-panel-leahter-patch-denim-snapback-cap\/#primaryimage\"},\"thumbnailUrl\":\"https:\/\/sumkcaps.com\/wp-content\/uploads\/2022\/10\/flat_suede_brim_denim_leather_patch_snapback_hat-1.jpg\",\"datePublished\":\"2022-10-13T07:38:29+00:00\",\"dateModified\":\"2026-03-10T08:17:07+00:00\",\"description\":\"More Than 10 Years Of Experience In The Headwear Industry. Cap Manufacturers.100% Satisfaction Guarantee. Add Your Logo or Custom Design Online.\",\"breadcrumb\":{\"@id\":\"https:\/\/sumkcaps.com\/product\/sufox-241101-custom-six-panel-leahter-patch-denim-snapback-cap\/#breadcrumb\"},\"inLanguage\":\"it-IT\",\"potentialAction\":[{\"@type\":\"ReadAction\",\"target\":[\"https:\/\/sumkcaps.com\/product\/sufox-241101-custom-six-panel-leahter-patch-denim-snapback-cap\/\"]}]},{\"@type\":\"ImageObject\",\"inLanguage\":\"it-IT\",\"@id\":\"https:\/\/sumkcaps.com\/product\/sufox-241101-custom-six-panel-leahter-patch-denim-snapback-cap\/#primaryimage\",\"url\":\"https:\/\/sumkcaps.com\/wp-content\/uploads\/2022\/10\/flat_suede_brim_denim_leather_patch_snapback_hat-1.jpg\",\"contentUrl\":\"https:\/\/sumkcaps.com\/wp-content\/uploads\/2022\/10\/flat_suede_brim_denim_leather_patch_snapback_hat-1.jpg\",\"width\":1000,\"height\":1000},{\"@type\":\"BreadcrumbList\",\"@id\":\"https:\/\/sumkcaps.com\/product\/sufox-241101-custom-six-panel-leahter-patch-denim-snapback-cap\/#breadcrumb\",\"itemListElement\":[{\"@type\":\"ListItem\",\"position\":1,\"name\":\"Home\",\"item\":\"https:\/\/sumkcaps.com\/\"},{\"@type\":\"ListItem\",\"position\":2,\"name\":\"Products\",\"item\":\"https:\/\/sumkcaps.com\/product\/\"},{\"@type\":\"ListItem\",\"position\":3,\"name\":\"Sumkcaps 241101 Custom Six Panel Leahter Patch Denim Snapback Cap\"}]},{\"@type\":\"WebSite\",\"@id\":\"https:\/\/sumkcaps.com\/#website\",\"url\":\"https:\/\/sumkcaps.com\/\",\"name\":\"Sumkcaps-China Original Headwear Manufacturer and Suppliers\",\"description\":\"We are China Cap And Hat Original Factory, whose main business is to custom cap and hat as client&#039;s LOGO. Any cap style, any cap color, any qty, any material and qty is no problem. In one words, any small details can be customized as your request.\",\"publisher\":{\"@id\":\"https:\/\/sumkcaps.com\/#organization\"},\"potentialAction\":[{\"@type\":\"SearchAction\",\"target\":{\"@type\":\"EntryPoint\",\"urlTemplate\":\"https:\/\/sumkcaps.com\/?s={search_term_string}\"},\"query-input\":{\"@type\":\"PropertyValueSpecification\",\"valueRequired\":true,\"valueName\":\"search_term_string\"}}],\"inLanguage\":\"it-IT\"},{\"@type\":\"Organization\",\"@id\":\"https:\/\/sumkcaps.com\/#organization\",\"name\":\"Sumkcaps-China Original Headwear Manufacturer and Suppliers\",\"url\":\"https:\/\/sumkcaps.com\/\",\"logo\":{\"@type\":\"ImageObject\",\"inLanguage\":\"it-IT\",\"@id\":\"https:\/\/sumkcaps.com\/#\/schema\/logo\/image\/\",\"url\":\"https:\/\/sumkcaps.com\/wp-content\/uploads\/2025\/12\/1234.jpg\",\"contentUrl\":\"https:\/\/sumkcaps.com\/wp-content\/uploads\/2025\/12\/1234.jpg\",\"width\":800,\"height\":800,\"caption\":\"Sumkcaps-China Original Headwear Manufacturer and Suppliers\"},\"image\":{\"@id\":\"https:\/\/sumkcaps.com\/#\/schema\/logo\/image\/\"},\"sameAs\":[\"https:\/\/www.facebook.com\/sumkcap\",\"https:\/\/www.instagram.com\/sumkcaps7\/\",\"https:\/\/www.pinterest.com\/sumkcapschina\/\"]}]}<\/script>\n<!-- \/ Yoast SEO Premium plugin. -->","yoast_head_json":{"title":"Custom Leahter Patch Denim Snapback Cap | Cina Manufactuer","description":"Pi\u00f9 di 10 anni di esperienza nell'industria dei cappelli. Produttori di cappellini.100% Garanzia di soddisfazione. Aggiungete il vostro logo o il vostro design personalizzato online.","robots":{"index":"index","follow":"follow","max-snippet":"max-snippet:-1","max-image-preview":"max-image-preview:large","max-video-preview":"max-video-preview:-1"},"canonical":"https:\/\/sumkcaps.com\/it\/prodotto\/sufox-241101-custom-six-panel-leahter-patch-denim-snapback-cap\/","og_locale":"it_IT","og_type":"article","og_title":"Sumkcaps 241101 Custom Six Panel Leahter Patch Denim Snapback Cap - Sumkcaps","og_description":"More Than 10 Years Of Experience In The Headwear Industry. Cap Manufacturers.100% Satisfaction Guarantee. Add Your Logo or Custom Design Online.","og_url":"https:\/\/sumkcaps.com\/it\/prodotto\/sufox-241101-custom-six-panel-leahter-patch-denim-snapback-cap\/","og_site_name":"Sumkcaps-China Original Headwear Manufacturer and Suppliers","article_publisher":"https:\/\/www.facebook.com\/sumkcap","article_modified_time":"2026-03-10T08:17:07+00:00","og_image":[{"width":1000,"height":1000,"url":"https:\/\/sumkcaps.com\/wp-content\/uploads\/2022\/10\/flat_suede_brim_denim_leather_patch_snapback_hat-1.jpg","type":"image\/jpeg"}],"twitter_card":"summary_large_image","twitter_misc":{"Tempo di lettura stimato":"2 minuti"},"schema":{"@context":"https:\/\/schema.org","@graph":[{"@type":"WebPage","@id":"https:\/\/sumkcaps.com\/product\/sufox-241101-custom-six-panel-leahter-patch-denim-snapback-cap\/","url":"https:\/\/sumkcaps.com\/product\/sufox-241101-custom-six-panel-leahter-patch-denim-snapback-cap\/","name":"Custom Leahter Patch Denim Snapback Cap | Cina Manufactuer","isPartOf":{"@id":"https:\/\/sumkcaps.com\/#website"},"primaryImageOfPage":{"@id":"https:\/\/sumkcaps.com\/product\/sufox-241101-custom-six-panel-leahter-patch-denim-snapback-cap\/#primaryimage"},"image":{"@id":"https:\/\/sumkcaps.com\/product\/sufox-241101-custom-six-panel-leahter-patch-denim-snapback-cap\/#primaryimage"},"thumbnailUrl":"https:\/\/sumkcaps.com\/wp-content\/uploads\/2022\/10\/flat_suede_brim_denim_leather_patch_snapback_hat-1.jpg","datePublished":"2022-10-13T07:38:29+00:00","dateModified":"2026-03-10T08:17:07+00:00","description":"Pi\u00f9 di 10 anni di esperienza nell'industria dei cappelli. Produttori di cappellini.100% Garanzia di soddisfazione. Aggiungete il vostro logo o il vostro design personalizzato online.","breadcrumb":{"@id":"https:\/\/sumkcaps.com\/product\/sufox-241101-custom-six-panel-leahter-patch-denim-snapback-cap\/#breadcrumb"},"inLanguage":"it-IT","potentialAction":[{"@type":"ReadAction","target":["https:\/\/sumkcaps.com\/product\/sufox-241101-custom-six-panel-leahter-patch-denim-snapback-cap\/"]}]},{"@type":"ImageObject","inLanguage":"it-IT","@id":"https:\/\/sumkcaps.com\/product\/sufox-241101-custom-six-panel-leahter-patch-denim-snapback-cap\/#primaryimage","url":"https:\/\/sumkcaps.com\/wp-content\/uploads\/2022\/10\/flat_suede_brim_denim_leather_patch_snapback_hat-1.jpg","contentUrl":"https:\/\/sumkcaps.com\/wp-content\/uploads\/2022\/10\/flat_suede_brim_denim_leather_patch_snapback_hat-1.jpg","width":1000,"height":1000},{"@type":"BreadcrumbList","@id":"https:\/\/sumkcaps.com\/product\/sufox-241101-custom-six-panel-leahter-patch-denim-snapback-cap\/#breadcrumb","itemListElement":[{"@type":"ListItem","position":1,"name":"Home","item":"https:\/\/sumkcaps.com\/"},{"@type":"ListItem","position":2,"name":"Products","item":"https:\/\/sumkcaps.com\/product\/"},{"@type":"ListItem","position":3,"name":"Sumkcaps 241101 Custom Six Panel Leahter Patch Denim Snapback Cap"}]},{"@type":"WebSite","@id":"https:\/\/sumkcaps.com\/#website","url":"https:\/\/sumkcaps.com\/","name":"Sumkcaps-Cina Produttore e fornitore di copricapi originali","description":"Siamo fabbrica originale del cappello e del cappuccio della Cina, di cui l'affare principale \u00e8 al cappuccio ed al cappello su ordinazione come client&#039;s LOGO. Qualsiasi stile del cappuccio, qualsiasi colore del cappuccio, qualsiasi qty, qualsiasi materiale e qty non \u00e8 un problema. In una parola, qualsiasi piccolo dettaglio pu\u00f2 essere personalizzato come vostra richiesta.","publisher":{"@id":"https:\/\/sumkcaps.com\/#organization"},"potentialAction":[{"@type":"SearchAction","target":{"@type":"EntryPoint","urlTemplate":"https:\/\/sumkcaps.com\/?s={search_term_string}"},"query-input":{"@type":"PropertyValueSpecification","valueRequired":true,"valueName":"search_term_string"}}],"inLanguage":"it-IT"},{"@type":"Organization","@id":"https:\/\/sumkcaps.com\/#organization","name":"Sumkcaps-Cina Produttore e fornitore di copricapi originali","url":"https:\/\/sumkcaps.com\/","logo":{"@type":"ImageObject","inLanguage":"it-IT","@id":"https:\/\/sumkcaps.com\/#\/schema\/logo\/image\/","url":"https:\/\/sumkcaps.com\/wp-content\/uploads\/2025\/12\/1234.jpg","contentUrl":"https:\/\/sumkcaps.com\/wp-content\/uploads\/2025\/12\/1234.jpg","width":800,"height":800,"caption":"Sumkcaps-China Original Headwear Manufacturer and Suppliers"},"image":{"@id":"https:\/\/sumkcaps.com\/#\/schema\/logo\/image\/"},"sameAs":["https:\/\/www.facebook.com\/sumkcap","https:\/\/www.instagram.com\/sumkcaps7\/","https:\/\/www.pinterest.com\/sumkcapschina\/"]}]}},"taxonomy_info":{"product_cat":[{"value":42,"label":"Snapback Hats Wholesale"}]},"featured_image_src_large":["https:\/\/sumkcaps.com\/wp-content\/uploads\/2022\/10\/flat_suede_brim_denim_leather_patch_snapback_hat-1.jpg",800,800,false],"author_info":[],"comment_info":"","_links":{"self":[{"href":"https:\/\/sumkcaps.com\/it\/wp-json\/wp\/v2\/product\/16934","targetHints":{"allow":["GET"]}}],"collection":[{"href":"https:\/\/sumkcaps.com\/it\/wp-json\/wp\/v2\/product"}],"about":[{"href":"https:\/\/sumkcaps.com\/it\/wp-json\/wp\/v2\/types\/product"}],"wp:featuredmedia":[{"embeddable":true,"href":"https:\/\/sumkcaps.com\/it\/wp-json\/wp\/v2\/media\/16935"}],"wp:attachment":[{"href":"https:\/\/sumkcaps.com\/it\/wp-json\/wp\/v2\/media?parent=16934"}],"wp:term":[{"taxonomy":"product_brand","embeddable":true,"href":"https:\/\/sumkcaps.com\/it\/wp-json\/wp\/v2\/product_brand?post=16934"},{"taxonomy":"product_cat","embeddable":true,"href":"https:\/\/sumkcaps.com\/it\/wp-json\/wp\/v2\/product_cat?post=16934"},{"taxonomy":"product_tag","embeddable":true,"href":"https:\/\/sumkcaps.com\/it\/wp-json\/wp\/v2\/product_tag?post=16934"}],"curies":[{"name":"wp","href":"https:\/\/api.w.org\/{rel}","templated":true}]}}