{"id":16710,"date":"2022-10-13T10:56:30","date_gmt":"2022-10-13T02:56:30","guid":{"rendered":"https:\/\/sumkcaps.com\/?post_type=product&#038;p=16710"},"modified":"2026-03-12T15:10:17","modified_gmt":"2026-03-12T07:10:17","slug":"sufox-241073-custom-six-panel-floral-flat-brim-snapback-cap","status":"publish","type":"product","link":"https:\/\/sumkcaps.com\/it\/prodotto\/sufox-241073-cappellino-snapback-personalizzato-a-sei-pannelli-con-tesa-piatta-floreale\/","title":{"rendered":"Sumkcaps 241073 Cappello snapback a sei pannelli personalizzato con tesa piatta floreale"},"content":{"rendered":"<h3 data-start=\"79\" data-end=\"392\"><strong data-start=\"79\" data-end=\"106\">Decorazione<\/strong><\/h3>\n<p data-start=\"79\" data-end=\"392\">Questo cappellino snapback \u00e8 caratterizzato da un ricamo dettagliato che esalta il disegno floreale con impunture chiare e una forte texture. I ricami di alta qualit\u00e0 assicurano una durata e una finitura di alto livello, rendendo il cappellino visivamente accattivante e permettendo a loghi personalizzati o elementi decorativi di risaltare.<\/p>\n<h3 data-start=\"394\" data-end=\"680\"><strong data-start=\"394\" data-end=\"421\">Materiale<\/strong><\/h3>\n<p data-start=\"394\" data-end=\"680\">Realizzato in tessuto acrilico 100%, questo berretto offre un'eccellente durata, un comfort leggero e un'affidabile tenuta della forma. Il materiale \u00e8 resistente alle rughe e allo sbiadimento, consentendo al berretto di mantenere la sua struttura e il suo aspetto vivace durante l'uso quotidiano.<\/p>\n<h3 data-start=\"682\" data-end=\"983\"><strong data-start=\"682\" data-end=\"704\">Colore\u00a0<\/strong><\/h3>\n<p data-start=\"682\" data-end=\"983\">Il cappuccio supporta la personalizzazione a colori per adattarsi a diversi stili di marchio o concetti di design. \u00c8 possibile creare diversi motivi floreali e combinazioni di colori, consentendo ai marchi di sviluppare capi unici adatti alle collezioni di moda, ai mercati al dettaglio o all'uso promozionale.<\/p>\n<h3 data-start=\"985\" data-end=\"1228\"><strong data-start=\"985\" data-end=\"1018\">Vestibilit\u00e0 e dimensioni<\/strong><\/h3>\n<p data-start=\"985\" data-end=\"1228\">Progettato con una chiusura a scatto regolabile, questo berretto si adatta alla maggior parte delle taglie di testa che vanno dalla 7 alla 7 3\/4. Il design regolabile offre una vestibilit\u00e0 comoda e sicura, rendendolo adatto a un'ampia gamma di utenti.<\/p>\n<h3 data-start=\"1230\" data-end=\"1480\"><strong data-start=\"1230\" data-end=\"1251\">Visiera<\/strong><\/h3>\n<p data-start=\"1230\" data-end=\"1480\">La visiera a taglio piatto offre un'estetica streetwear moderna e allo stesso tempo una pratica protezione solare. Il design strutturato aiuta a mantenere la forma del berretto e aggiunge una silhouette audace che completa le tendenze della moda contemporanea.<\/p>\n<h3 data-start=\"1482\" data-end=\"1766\"><strong data-start=\"1482\" data-end=\"1505\">Servizio<\/strong><\/h3>\n<p data-start=\"1482\" data-end=\"1766\">Sumkcaps offre servizi professionali OEM e ODM per marchi, grossisti e distributori. Le nostre opzioni di personalizzazione includono il design del ricamo, la selezione dei colori, l'etichettatura privata e le soluzioni di confezionamento per aiutare i clienti a creare prodotti headwear distintivi.<\/p>\n<h3 data-start=\"1768\" data-end=\"2049\"><strong data-start=\"1768\" data-end=\"1787\">Tempi di consegna<\/strong><\/h3>\n<p data-start=\"1768\" data-end=\"2049\" data-is-last-node=\"\" data-is-only-node=\"\">Il nostro efficiente sistema di produzione garantisce una consegna affidabile per gli ordini personalizzati. La produzione di campioni richiede in genere <strong data-start=\"1901\" data-end=\"1921\">7-9 giorni lavorativi<\/strong>, mentre la produzione di massa richiede <strong data-start=\"1954\" data-end=\"1976\">18-22 giorni lavorativi<\/strong>, permettendo ai marchi di immettere sul mercato nuovi progetti in modo rapido ed efficiente.<\/p>","protected":false},"excerpt":{"rendered":"<p>Sumkcaps 241073 Custom Six Panel Floral Flat Brim Snapback Cap \u00e8 uno degli stili pi\u00f9 popolari di berretto, leggero e traspirante. I nostri Snapback sono disponibili in una variet\u00e0 di stili e colori di tutte le migliori marche.<\/p>","protected":false},"featured_media":16711,"template":"","meta":{"_acf_changed":false,"_kad_blocks_custom_css":"","_kad_blocks_head_custom_js":"","_kad_blocks_body_custom_js":"","_kad_blocks_footer_custom_js":""},"product_brand":[],"product_cat":[42],"product_tag":[],"class_list":{"0":"post-16710","1":"product","2":"type-product","3":"status-publish","4":"has-post-thumbnail","6":"product_cat-snapback-cap","8":"first","9":"outofstock","10":"shipping-taxable","11":"product-type-simple"},"acf":[],"yoast_head":"<!-- This site is optimized with the Yoast SEO Premium plugin v20.8 (Yoast SEO v25.9) - https:\/\/yoast.com\/wordpress\/plugins\/seo\/ -->\n<title>Custom 3D Embroidered Snapback Cap | China Manufactuer<\/title>\n<meta name=\"description\" content=\"High Quality Cap Head Wear With Professional Custom Design Service Available. Add Your Logo or Custom Design Online. Expert Service. Bulk Discount.\" \/>\n<meta name=\"robots\" content=\"index, follow, max-snippet:-1, max-image-preview:large, max-video-preview:-1\" \/>\n<link rel=\"canonical\" href=\"https:\/\/sumkcaps.com\/it\/prodotto\/sufox-241073-cappellino-snapback-personalizzato-a-sei-pannelli-con-tesa-piatta-floreale\/\" \/>\n<meta property=\"og:locale\" content=\"it_IT\" \/>\n<meta property=\"og:type\" content=\"article\" \/>\n<meta property=\"og:title\" content=\"Sumkcaps 241073 Custom Six Panel Floral Flat Brim Snapback Cap - Sumkcaps\" \/>\n<meta property=\"og:description\" content=\"High Quality Cap Head Wear With Professional Custom Design Service Available. Add Your Logo or Custom Design Online. Expert Service. Bulk Discount.\" \/>\n<meta property=\"og:url\" content=\"https:\/\/sumkcaps.com\/it\/prodotto\/sufox-241073-cappellino-snapback-personalizzato-a-sei-pannelli-con-tesa-piatta-floreale\/\" \/>\n<meta property=\"og:site_name\" content=\"Sumkcaps-China Original Headwear Manufacturer and Suppliers\" \/>\n<meta property=\"article:publisher\" content=\"https:\/\/www.facebook.com\/sumkcap\" \/>\n<meta property=\"article:modified_time\" content=\"2026-03-12T07:10:17+00:00\" \/>\n<meta property=\"og:image\" content=\"https:\/\/sumkcaps.com\/wp-content\/uploads\/2022\/10\/custom_6_panel_floral_flat_brim_snapback_hat-6.jpg\" \/>\n\t<meta property=\"og:image:width\" content=\"800\" \/>\n\t<meta property=\"og:image:height\" content=\"800\" \/>\n\t<meta property=\"og:image:type\" content=\"image\/jpeg\" \/>\n<meta name=\"twitter:card\" content=\"summary_large_image\" \/>\n<meta name=\"twitter:label1\" content=\"Tempo di lettura stimato\" \/>\n\t<meta name=\"twitter:data1\" content=\"2 minuti\" \/>\n<script type=\"application\/ld+json\" class=\"yoast-schema-graph\">{\"@context\":\"https:\/\/schema.org\",\"@graph\":[{\"@type\":\"WebPage\",\"@id\":\"https:\/\/sumkcaps.com\/product\/sufox-241073-custom-six-panel-floral-flat-brim-snapback-cap\/\",\"url\":\"https:\/\/sumkcaps.com\/product\/sufox-241073-custom-six-panel-floral-flat-brim-snapback-cap\/\",\"name\":\"Custom 3D Embroidered Snapback Cap | China Manufactuer\",\"isPartOf\":{\"@id\":\"https:\/\/sumkcaps.com\/#website\"},\"primaryImageOfPage\":{\"@id\":\"https:\/\/sumkcaps.com\/product\/sufox-241073-custom-six-panel-floral-flat-brim-snapback-cap\/#primaryimage\"},\"image\":{\"@id\":\"https:\/\/sumkcaps.com\/product\/sufox-241073-custom-six-panel-floral-flat-brim-snapback-cap\/#primaryimage\"},\"thumbnailUrl\":\"https:\/\/sumkcaps.com\/wp-content\/uploads\/2022\/10\/custom_6_panel_floral_flat_brim_snapback_hat-6.jpg\",\"datePublished\":\"2022-10-13T02:56:30+00:00\",\"dateModified\":\"2026-03-12T07:10:17+00:00\",\"description\":\"High Quality Cap Head Wear With Professional Custom Design Service Available. Add Your Logo or Custom Design Online. Expert Service. Bulk Discount.\",\"breadcrumb\":{\"@id\":\"https:\/\/sumkcaps.com\/product\/sufox-241073-custom-six-panel-floral-flat-brim-snapback-cap\/#breadcrumb\"},\"inLanguage\":\"it-IT\",\"potentialAction\":[{\"@type\":\"ReadAction\",\"target\":[\"https:\/\/sumkcaps.com\/product\/sufox-241073-custom-six-panel-floral-flat-brim-snapback-cap\/\"]}]},{\"@type\":\"ImageObject\",\"inLanguage\":\"it-IT\",\"@id\":\"https:\/\/sumkcaps.com\/product\/sufox-241073-custom-six-panel-floral-flat-brim-snapback-cap\/#primaryimage\",\"url\":\"https:\/\/sumkcaps.com\/wp-content\/uploads\/2022\/10\/custom_6_panel_floral_flat_brim_snapback_hat-6.jpg\",\"contentUrl\":\"https:\/\/sumkcaps.com\/wp-content\/uploads\/2022\/10\/custom_6_panel_floral_flat_brim_snapback_hat-6.jpg\",\"width\":800,\"height\":800},{\"@type\":\"BreadcrumbList\",\"@id\":\"https:\/\/sumkcaps.com\/product\/sufox-241073-custom-six-panel-floral-flat-brim-snapback-cap\/#breadcrumb\",\"itemListElement\":[{\"@type\":\"ListItem\",\"position\":1,\"name\":\"Home\",\"item\":\"https:\/\/sumkcaps.com\/\"},{\"@type\":\"ListItem\",\"position\":2,\"name\":\"Products\",\"item\":\"https:\/\/sumkcaps.com\/product\/\"},{\"@type\":\"ListItem\",\"position\":3,\"name\":\"Sumkcaps 241073 Custom Six Panel Floral Flat Brim Snapback Cap\"}]},{\"@type\":\"WebSite\",\"@id\":\"https:\/\/sumkcaps.com\/#website\",\"url\":\"https:\/\/sumkcaps.com\/\",\"name\":\"Sumkcaps-China Original Headwear Manufacturer and Suppliers\",\"description\":\"We are China Cap And Hat Original Factory, whose main business is to custom cap and hat as client&#039;s LOGO. Any cap style, any cap color, any qty, any material and qty is no problem. In one words, any small details can be customized as your request.\",\"publisher\":{\"@id\":\"https:\/\/sumkcaps.com\/#organization\"},\"potentialAction\":[{\"@type\":\"SearchAction\",\"target\":{\"@type\":\"EntryPoint\",\"urlTemplate\":\"https:\/\/sumkcaps.com\/?s={search_term_string}\"},\"query-input\":{\"@type\":\"PropertyValueSpecification\",\"valueRequired\":true,\"valueName\":\"search_term_string\"}}],\"inLanguage\":\"it-IT\"},{\"@type\":\"Organization\",\"@id\":\"https:\/\/sumkcaps.com\/#organization\",\"name\":\"Sumkcaps-China Original Headwear Manufacturer and Suppliers\",\"url\":\"https:\/\/sumkcaps.com\/\",\"logo\":{\"@type\":\"ImageObject\",\"inLanguage\":\"it-IT\",\"@id\":\"https:\/\/sumkcaps.com\/#\/schema\/logo\/image\/\",\"url\":\"https:\/\/sumkcaps.com\/wp-content\/uploads\/2025\/12\/1234.jpg\",\"contentUrl\":\"https:\/\/sumkcaps.com\/wp-content\/uploads\/2025\/12\/1234.jpg\",\"width\":800,\"height\":800,\"caption\":\"Sumkcaps-China Original Headwear Manufacturer and Suppliers\"},\"image\":{\"@id\":\"https:\/\/sumkcaps.com\/#\/schema\/logo\/image\/\"},\"sameAs\":[\"https:\/\/www.facebook.com\/sumkcap\",\"https:\/\/www.instagram.com\/sumkcaps7\/\",\"https:\/\/www.pinterest.com\/sumkcapschina\/\"]}]}<\/script>\n<!-- \/ Yoast SEO Premium plugin. -->","yoast_head_json":{"title":"Custom 3D ricamato Snapback Cap | Cina Manufactuer","description":"Cappello di alta qualit\u00e0 con servizio professionale di progettazione personalizzata disponibile. Aggiungete il vostro logo o il vostro design personalizzato online. Servizio esperto. Sconti per grandi quantit\u00e0.","robots":{"index":"index","follow":"follow","max-snippet":"max-snippet:-1","max-image-preview":"max-image-preview:large","max-video-preview":"max-video-preview:-1"},"canonical":"https:\/\/sumkcaps.com\/it\/prodotto\/sufox-241073-cappellino-snapback-personalizzato-a-sei-pannelli-con-tesa-piatta-floreale\/","og_locale":"it_IT","og_type":"article","og_title":"Sumkcaps 241073 Custom Six Panel Floral Flat Brim Snapback Cap - Sumkcaps","og_description":"High Quality Cap Head Wear With Professional Custom Design Service Available. Add Your Logo or Custom Design Online. Expert Service. Bulk Discount.","og_url":"https:\/\/sumkcaps.com\/it\/prodotto\/sufox-241073-cappellino-snapback-personalizzato-a-sei-pannelli-con-tesa-piatta-floreale\/","og_site_name":"Sumkcaps-China Original Headwear Manufacturer and Suppliers","article_publisher":"https:\/\/www.facebook.com\/sumkcap","article_modified_time":"2026-03-12T07:10:17+00:00","og_image":[{"width":800,"height":800,"url":"https:\/\/sumkcaps.com\/wp-content\/uploads\/2022\/10\/custom_6_panel_floral_flat_brim_snapback_hat-6.jpg","type":"image\/jpeg"}],"twitter_card":"summary_large_image","twitter_misc":{"Tempo di lettura stimato":"2 minuti"},"schema":{"@context":"https:\/\/schema.org","@graph":[{"@type":"WebPage","@id":"https:\/\/sumkcaps.com\/product\/sufox-241073-custom-six-panel-floral-flat-brim-snapback-cap\/","url":"https:\/\/sumkcaps.com\/product\/sufox-241073-custom-six-panel-floral-flat-brim-snapback-cap\/","name":"Custom 3D ricamato Snapback Cap | Cina Manufactuer","isPartOf":{"@id":"https:\/\/sumkcaps.com\/#website"},"primaryImageOfPage":{"@id":"https:\/\/sumkcaps.com\/product\/sufox-241073-custom-six-panel-floral-flat-brim-snapback-cap\/#primaryimage"},"image":{"@id":"https:\/\/sumkcaps.com\/product\/sufox-241073-custom-six-panel-floral-flat-brim-snapback-cap\/#primaryimage"},"thumbnailUrl":"https:\/\/sumkcaps.com\/wp-content\/uploads\/2022\/10\/custom_6_panel_floral_flat_brim_snapback_hat-6.jpg","datePublished":"2022-10-13T02:56:30+00:00","dateModified":"2026-03-12T07:10:17+00:00","description":"Cappello di alta qualit\u00e0 con servizio professionale di progettazione personalizzata disponibile. Aggiungete il vostro logo o il vostro design personalizzato online. Servizio esperto. Sconti per grandi quantit\u00e0.","breadcrumb":{"@id":"https:\/\/sumkcaps.com\/product\/sufox-241073-custom-six-panel-floral-flat-brim-snapback-cap\/#breadcrumb"},"inLanguage":"it-IT","potentialAction":[{"@type":"ReadAction","target":["https:\/\/sumkcaps.com\/product\/sufox-241073-custom-six-panel-floral-flat-brim-snapback-cap\/"]}]},{"@type":"ImageObject","inLanguage":"it-IT","@id":"https:\/\/sumkcaps.com\/product\/sufox-241073-custom-six-panel-floral-flat-brim-snapback-cap\/#primaryimage","url":"https:\/\/sumkcaps.com\/wp-content\/uploads\/2022\/10\/custom_6_panel_floral_flat_brim_snapback_hat-6.jpg","contentUrl":"https:\/\/sumkcaps.com\/wp-content\/uploads\/2022\/10\/custom_6_panel_floral_flat_brim_snapback_hat-6.jpg","width":800,"height":800},{"@type":"BreadcrumbList","@id":"https:\/\/sumkcaps.com\/product\/sufox-241073-custom-six-panel-floral-flat-brim-snapback-cap\/#breadcrumb","itemListElement":[{"@type":"ListItem","position":1,"name":"Home","item":"https:\/\/sumkcaps.com\/"},{"@type":"ListItem","position":2,"name":"Products","item":"https:\/\/sumkcaps.com\/product\/"},{"@type":"ListItem","position":3,"name":"Sumkcaps 241073 Custom Six Panel Floral Flat Brim Snapback Cap"}]},{"@type":"WebSite","@id":"https:\/\/sumkcaps.com\/#website","url":"https:\/\/sumkcaps.com\/","name":"Sumkcaps-Cina Produttore e fornitore di copricapi originali","description":"Siamo fabbrica originale del cappello e del cappuccio della Cina, di cui l'affare principale \u00e8 al cappuccio ed al cappello su ordinazione come client&#039;s LOGO. Qualsiasi stile del cappuccio, qualsiasi colore del cappuccio, qualsiasi qty, qualsiasi materiale e qty non \u00e8 un problema. In una parola, qualsiasi piccolo dettaglio pu\u00f2 essere personalizzato come vostra richiesta.","publisher":{"@id":"https:\/\/sumkcaps.com\/#organization"},"potentialAction":[{"@type":"SearchAction","target":{"@type":"EntryPoint","urlTemplate":"https:\/\/sumkcaps.com\/?s={search_term_string}"},"query-input":{"@type":"PropertyValueSpecification","valueRequired":true,"valueName":"search_term_string"}}],"inLanguage":"it-IT"},{"@type":"Organization","@id":"https:\/\/sumkcaps.com\/#organization","name":"Sumkcaps-Cina Produttore e fornitore di copricapi originali","url":"https:\/\/sumkcaps.com\/","logo":{"@type":"ImageObject","inLanguage":"it-IT","@id":"https:\/\/sumkcaps.com\/#\/schema\/logo\/image\/","url":"https:\/\/sumkcaps.com\/wp-content\/uploads\/2025\/12\/1234.jpg","contentUrl":"https:\/\/sumkcaps.com\/wp-content\/uploads\/2025\/12\/1234.jpg","width":800,"height":800,"caption":"Sumkcaps-China Original Headwear Manufacturer and Suppliers"},"image":{"@id":"https:\/\/sumkcaps.com\/#\/schema\/logo\/image\/"},"sameAs":["https:\/\/www.facebook.com\/sumkcap","https:\/\/www.instagram.com\/sumkcaps7\/","https:\/\/www.pinterest.com\/sumkcapschina\/"]}]}},"taxonomy_info":{"product_cat":[{"value":42,"label":"Snapback Hats Wholesale"}]},"featured_image_src_large":["https:\/\/sumkcaps.com\/wp-content\/uploads\/2022\/10\/custom_6_panel_floral_flat_brim_snapback_hat-6.jpg",800,800,false],"author_info":[],"comment_info":"","_links":{"self":[{"href":"https:\/\/sumkcaps.com\/it\/wp-json\/wp\/v2\/product\/16710","targetHints":{"allow":["GET"]}}],"collection":[{"href":"https:\/\/sumkcaps.com\/it\/wp-json\/wp\/v2\/product"}],"about":[{"href":"https:\/\/sumkcaps.com\/it\/wp-json\/wp\/v2\/types\/product"}],"wp:featuredmedia":[{"embeddable":true,"href":"https:\/\/sumkcaps.com\/it\/wp-json\/wp\/v2\/media\/16711"}],"wp:attachment":[{"href":"https:\/\/sumkcaps.com\/it\/wp-json\/wp\/v2\/media?parent=16710"}],"wp:term":[{"taxonomy":"product_brand","embeddable":true,"href":"https:\/\/sumkcaps.com\/it\/wp-json\/wp\/v2\/product_brand?post=16710"},{"taxonomy":"product_cat","embeddable":true,"href":"https:\/\/sumkcaps.com\/it\/wp-json\/wp\/v2\/product_cat?post=16710"},{"taxonomy":"product_tag","embeddable":true,"href":"https:\/\/sumkcaps.com\/it\/wp-json\/wp\/v2\/product_tag?post=16710"}],"curies":[{"name":"wp","href":"https:\/\/api.w.org\/{rel}","templated":true}]}}