{"id":16503,"date":"2022-10-12T15:49:29","date_gmt":"2022-10-12T07:49:29","guid":{"rendered":"https:\/\/sumkcaps.com\/?post_type=product&#038;p=16503"},"modified":"2026-03-19T15:53:36","modified_gmt":"2026-03-19T07:53:36","slug":"sufox-241049-custom-six-panel-leather-patch-printing-snapback-cap","status":"publish","type":"product","link":"https:\/\/sumkcaps.com\/it\/prodotto\/sufox-241049-cappellino-snapback-personalizzato-a-sei-pannelli-con-stampa-patch-in-pelle\/","title":{"rendered":"Sumkcaps 241049 Cappello snapback personalizzato a sei pannelli con stampa patch in pelle"},"content":{"rendered":"<h3 data-start=\"127\" data-end=\"436\"><strong data-start=\"127\" data-end=\"167\">Decorazione<\/strong><\/h3>\n<p data-start=\"127\" data-end=\"436\">Questo cappellino snapback personalizzato \u00e8 dotato di toppe in pelle di alta qualit\u00e0 sapientemente cucite per un look di prima qualit\u00e0. Grazie alle opzioni di stampa di precisione, il design consente di realizzare loghi o opere d'arte vivaci, assicurando che il vostro marchio si distingua pur mantenendo durata ed eleganza.<\/p>\n<h3 data-start=\"438\" data-end=\"754\"><strong data-start=\"438\" data-end=\"469\">Materiale<\/strong><\/h3>\n<p data-start=\"438\" data-end=\"754\">Realizzato in un confortevole misto poliestere-cotone, questo berretto bilancia morbidezza, traspirabilit\u00e0 e resistenza. Il tessuto resiste al restringimento e allo sbiadimento, rendendolo adatto all'uso quotidiano, agli eventi promozionali o alla vendita al dettaglio a lungo termine, mantenendo intatte la forma e la finitura.<\/p>\n<h3 data-start=\"756\" data-end=\"1046\"><strong data-start=\"756\" data-end=\"778\">Colore<\/strong><\/h3>\n<p data-start=\"756\" data-end=\"1046\">Adattate il colore del cappellino allo stile del vostro marchio o alle vostre preferenze personali. Grazie alle opzioni di personalizzazione completa, \u00e8 possibile scegliere tra un'ampia gamma di tonalit\u00e0, assicurando che ogni pezzo corrisponda ai vostri requisiti di design unici, migliorando sia l'appeal visivo che il riconoscimento del marchio.<\/p>\n<h3 data-start=\"1048\" data-end=\"1338\"><strong data-start=\"1048\" data-end=\"1081\">Vestibilit\u00e0 e dimensioni<\/strong><\/h3>\n<p data-start=\"1048\" data-end=\"1338\">Progettato come taglia unica, la chiusura a scatto regolabile si adatta a teste di dimensioni comprese tra 7 e 7 3\/4, offrendo una vestibilit\u00e0 comoda e sicura. Ideale per utenti diversi, questa taglia versatile assicura una vestibilit\u00e0 perfetta senza compromettere lo stile o il comfort.<\/p>\n<h3 data-start=\"1340\" data-end=\"1633\"><strong data-start=\"1340\" data-end=\"1361\">Visiera\u00a0<\/strong><\/h3>\n<p data-start=\"1340\" data-end=\"1633\">La visiera a visiera piatta offre una silhouette moderna ed elegante, ideale per lo streetwear, lo sport o la moda casual. La sua struttura robusta mantiene la sua forma nel tempo, offrendo allo stesso tempo ombra e protezione dai raggi solari, aggiungendo funzionalit\u00e0 e fascino estetico al berretto.<\/p>\n<h3 data-start=\"1635\" data-end=\"1926\"><strong data-start=\"1635\" data-end=\"1658\">Servizio<\/strong><\/h3>\n<p data-start=\"1635\" data-end=\"1926\">Sumkcaps offre servizi completi di OEM e ODM, consentendo una personalizzazione completa dal design al prodotto finale. Da loghi e patch a colori e materiali, garantiamo che il vostro concetto sia eseguito in modo professionale con standard di alta qualit\u00e0 sia per gli ordini piccoli che per quelli in massa.<\/p>\n<h3 data-start=\"1928\" data-end=\"2249\"><strong data-start=\"1928\" data-end=\"1990\">Tempi di consegna<\/strong><\/h3>\n<p data-start=\"1928\" data-end=\"2249\">La produzione rapida di campioni in 7-9 giorni lavorativi consente di rivedere il design prima di effettuare ordini di massa. La produzione completa viene completata in modo efficiente entro 18-22 giorni lavorativi, garantendo una consegna tempestiva e mantenendo un rigoroso controllo di qualit\u00e0 durante tutto il processo.<\/p>","protected":false},"excerpt":{"rendered":"<p>Sumkcaps 241049 Custom Six Panel Leather Patch Printing Snapback Cap \u00e8 uno degli stili pi\u00f9 popolari di berretto, leggero e traspirante. I nostri Snapback sono disponibili in una variet\u00e0 di stili e colori di tutte le migliori marche.<\/p>","protected":false},"featured_media":16504,"template":"","meta":{"_acf_changed":false,"_kad_blocks_custom_css":"","_kad_blocks_head_custom_js":"","_kad_blocks_body_custom_js":"","_kad_blocks_footer_custom_js":""},"product_brand":[],"product_cat":[42],"product_tag":[],"class_list":{"0":"post-16503","1":"product","2":"type-product","3":"status-publish","4":"has-post-thumbnail","6":"product_cat-snapback-cap","8":"first","9":"outofstock","10":"shipping-taxable","11":"product-type-simple"},"acf":[],"yoast_head":"<!-- This site is optimized with the Yoast SEO Premium plugin v20.8 (Yoast SEO v25.9) - https:\/\/yoast.com\/wordpress\/plugins\/seo\/ -->\n<title>Custom Leather Patch Printing Snapback Cap | China Manufactuer<\/title>\n<meta name=\"description\" content=\"High Quality Cap Head Wear With Professional Custom Design Service Available. Add Your Logo or Custom Design Online. Expert Service. Bulk Discount.\" \/>\n<meta name=\"robots\" content=\"index, follow, max-snippet:-1, max-image-preview:large, max-video-preview:-1\" \/>\n<link rel=\"canonical\" href=\"https:\/\/sumkcaps.com\/it\/prodotto\/sufox-241049-cappellino-snapback-personalizzato-a-sei-pannelli-con-stampa-patch-in-pelle\/\" \/>\n<meta property=\"og:locale\" content=\"it_IT\" \/>\n<meta property=\"og:type\" content=\"article\" \/>\n<meta property=\"og:title\" content=\"Sumkcaps 241049 Custom Six Panel Leather Patch Printing Snapback Cap - Sumkcaps\" \/>\n<meta property=\"og:description\" content=\"High Quality Cap Head Wear With Professional Custom Design Service Available. Add Your Logo or Custom Design Online. Expert Service. Bulk Discount.\" \/>\n<meta property=\"og:url\" content=\"https:\/\/sumkcaps.com\/it\/prodotto\/sufox-241049-cappellino-snapback-personalizzato-a-sei-pannelli-con-stampa-patch-in-pelle\/\" \/>\n<meta property=\"og:site_name\" content=\"Sumkcaps-China Original Headwear Manufacturer and Suppliers\" \/>\n<meta property=\"article:publisher\" content=\"https:\/\/www.facebook.com\/sumkcap\" \/>\n<meta property=\"article:modified_time\" content=\"2026-03-19T07:53:36+00:00\" \/>\n<meta property=\"og:image\" content=\"https:\/\/sumkcaps.com\/wp-content\/uploads\/2022\/10\/custom_-6_panel_printing_snapback_hat-1.jpg\" \/>\n\t<meta property=\"og:image:width\" content=\"782\" \/>\n\t<meta property=\"og:image:height\" content=\"782\" \/>\n\t<meta property=\"og:image:type\" content=\"image\/jpeg\" \/>\n<meta name=\"twitter:card\" content=\"summary_large_image\" \/>\n<meta name=\"twitter:label1\" content=\"Tempo di lettura stimato\" \/>\n\t<meta name=\"twitter:data1\" content=\"2 minuti\" \/>\n<script type=\"application\/ld+json\" class=\"yoast-schema-graph\">{\"@context\":\"https:\/\/schema.org\",\"@graph\":[{\"@type\":\"WebPage\",\"@id\":\"https:\/\/sumkcaps.com\/product\/sufox-241049-custom-six-panel-leather-patch-printing-snapback-cap\/\",\"url\":\"https:\/\/sumkcaps.com\/product\/sufox-241049-custom-six-panel-leather-patch-printing-snapback-cap\/\",\"name\":\"Custom Leather Patch Printing Snapback Cap | China Manufactuer\",\"isPartOf\":{\"@id\":\"https:\/\/sumkcaps.com\/#website\"},\"primaryImageOfPage\":{\"@id\":\"https:\/\/sumkcaps.com\/product\/sufox-241049-custom-six-panel-leather-patch-printing-snapback-cap\/#primaryimage\"},\"image\":{\"@id\":\"https:\/\/sumkcaps.com\/product\/sufox-241049-custom-six-panel-leather-patch-printing-snapback-cap\/#primaryimage\"},\"thumbnailUrl\":\"https:\/\/sumkcaps.com\/wp-content\/uploads\/2022\/10\/custom_-6_panel_printing_snapback_hat-1.jpg\",\"datePublished\":\"2022-10-12T07:49:29+00:00\",\"dateModified\":\"2026-03-19T07:53:36+00:00\",\"description\":\"High Quality Cap Head Wear With Professional Custom Design Service Available. Add Your Logo or Custom Design Online. Expert Service. Bulk Discount.\",\"breadcrumb\":{\"@id\":\"https:\/\/sumkcaps.com\/product\/sufox-241049-custom-six-panel-leather-patch-printing-snapback-cap\/#breadcrumb\"},\"inLanguage\":\"it-IT\",\"potentialAction\":[{\"@type\":\"ReadAction\",\"target\":[\"https:\/\/sumkcaps.com\/product\/sufox-241049-custom-six-panel-leather-patch-printing-snapback-cap\/\"]}]},{\"@type\":\"ImageObject\",\"inLanguage\":\"it-IT\",\"@id\":\"https:\/\/sumkcaps.com\/product\/sufox-241049-custom-six-panel-leather-patch-printing-snapback-cap\/#primaryimage\",\"url\":\"https:\/\/sumkcaps.com\/wp-content\/uploads\/2022\/10\/custom_-6_panel_printing_snapback_hat-1.jpg\",\"contentUrl\":\"https:\/\/sumkcaps.com\/wp-content\/uploads\/2022\/10\/custom_-6_panel_printing_snapback_hat-1.jpg\",\"width\":782,\"height\":782},{\"@type\":\"BreadcrumbList\",\"@id\":\"https:\/\/sumkcaps.com\/product\/sufox-241049-custom-six-panel-leather-patch-printing-snapback-cap\/#breadcrumb\",\"itemListElement\":[{\"@type\":\"ListItem\",\"position\":1,\"name\":\"Home\",\"item\":\"https:\/\/sumkcaps.com\/\"},{\"@type\":\"ListItem\",\"position\":2,\"name\":\"Products\",\"item\":\"https:\/\/sumkcaps.com\/product\/\"},{\"@type\":\"ListItem\",\"position\":3,\"name\":\"Sumkcaps 241049 Custom Six Panel Leather Patch Printing Snapback Cap\"}]},{\"@type\":\"WebSite\",\"@id\":\"https:\/\/sumkcaps.com\/#website\",\"url\":\"https:\/\/sumkcaps.com\/\",\"name\":\"Sumkcaps-China Original Headwear Manufacturer and Suppliers\",\"description\":\"We are China Cap And Hat Original Factory, whose main business is to custom cap and hat as client&#039;s LOGO. Any cap style, any cap color, any qty, any material and qty is no problem. In one words, any small details can be customized as your request.\",\"publisher\":{\"@id\":\"https:\/\/sumkcaps.com\/#organization\"},\"potentialAction\":[{\"@type\":\"SearchAction\",\"target\":{\"@type\":\"EntryPoint\",\"urlTemplate\":\"https:\/\/sumkcaps.com\/?s={search_term_string}\"},\"query-input\":{\"@type\":\"PropertyValueSpecification\",\"valueRequired\":true,\"valueName\":\"search_term_string\"}}],\"inLanguage\":\"it-IT\"},{\"@type\":\"Organization\",\"@id\":\"https:\/\/sumkcaps.com\/#organization\",\"name\":\"Sumkcaps-China Original Headwear Manufacturer and Suppliers\",\"url\":\"https:\/\/sumkcaps.com\/\",\"logo\":{\"@type\":\"ImageObject\",\"inLanguage\":\"it-IT\",\"@id\":\"https:\/\/sumkcaps.com\/#\/schema\/logo\/image\/\",\"url\":\"https:\/\/sumkcaps.com\/wp-content\/uploads\/2025\/12\/1234.jpg\",\"contentUrl\":\"https:\/\/sumkcaps.com\/wp-content\/uploads\/2025\/12\/1234.jpg\",\"width\":800,\"height\":800,\"caption\":\"Sumkcaps-China Original Headwear Manufacturer and Suppliers\"},\"image\":{\"@id\":\"https:\/\/sumkcaps.com\/#\/schema\/logo\/image\/\"},\"sameAs\":[\"https:\/\/www.facebook.com\/sumkcap\",\"https:\/\/www.instagram.com\/sumkcaps7\/\",\"https:\/\/www.pinterest.com\/sumkcapschina\/\"]}]}<\/script>\n<!-- \/ Yoast SEO Premium plugin. -->","yoast_head_json":{"title":"Personalizzato in pelle Patch stampa Snapback Cap | Cina Manufactuer","description":"Cappello di alta qualit\u00e0 con servizio professionale di progettazione personalizzata disponibile. Aggiungete il vostro logo o il vostro design personalizzato online. Servizio esperto. Sconti per grandi quantit\u00e0.","robots":{"index":"index","follow":"follow","max-snippet":"max-snippet:-1","max-image-preview":"max-image-preview:large","max-video-preview":"max-video-preview:-1"},"canonical":"https:\/\/sumkcaps.com\/it\/prodotto\/sufox-241049-cappellino-snapback-personalizzato-a-sei-pannelli-con-stampa-patch-in-pelle\/","og_locale":"it_IT","og_type":"article","og_title":"Sumkcaps 241049 Custom Six Panel Leather Patch Printing Snapback Cap - Sumkcaps","og_description":"High Quality Cap Head Wear With Professional Custom Design Service Available. Add Your Logo or Custom Design Online. Expert Service. Bulk Discount.","og_url":"https:\/\/sumkcaps.com\/it\/prodotto\/sufox-241049-cappellino-snapback-personalizzato-a-sei-pannelli-con-stampa-patch-in-pelle\/","og_site_name":"Sumkcaps-China Original Headwear Manufacturer and Suppliers","article_publisher":"https:\/\/www.facebook.com\/sumkcap","article_modified_time":"2026-03-19T07:53:36+00:00","og_image":[{"width":782,"height":782,"url":"https:\/\/sumkcaps.com\/wp-content\/uploads\/2022\/10\/custom_-6_panel_printing_snapback_hat-1.jpg","type":"image\/jpeg"}],"twitter_card":"summary_large_image","twitter_misc":{"Tempo di lettura stimato":"2 minuti"},"schema":{"@context":"https:\/\/schema.org","@graph":[{"@type":"WebPage","@id":"https:\/\/sumkcaps.com\/product\/sufox-241049-custom-six-panel-leather-patch-printing-snapback-cap\/","url":"https:\/\/sumkcaps.com\/product\/sufox-241049-custom-six-panel-leather-patch-printing-snapback-cap\/","name":"Personalizzato in pelle Patch stampa Snapback Cap | Cina Manufactuer","isPartOf":{"@id":"https:\/\/sumkcaps.com\/#website"},"primaryImageOfPage":{"@id":"https:\/\/sumkcaps.com\/product\/sufox-241049-custom-six-panel-leather-patch-printing-snapback-cap\/#primaryimage"},"image":{"@id":"https:\/\/sumkcaps.com\/product\/sufox-241049-custom-six-panel-leather-patch-printing-snapback-cap\/#primaryimage"},"thumbnailUrl":"https:\/\/sumkcaps.com\/wp-content\/uploads\/2022\/10\/custom_-6_panel_printing_snapback_hat-1.jpg","datePublished":"2022-10-12T07:49:29+00:00","dateModified":"2026-03-19T07:53:36+00:00","description":"Cappello di alta qualit\u00e0 con servizio professionale di progettazione personalizzata disponibile. Aggiungete il vostro logo o il vostro design personalizzato online. Servizio esperto. Sconti per grandi quantit\u00e0.","breadcrumb":{"@id":"https:\/\/sumkcaps.com\/product\/sufox-241049-custom-six-panel-leather-patch-printing-snapback-cap\/#breadcrumb"},"inLanguage":"it-IT","potentialAction":[{"@type":"ReadAction","target":["https:\/\/sumkcaps.com\/product\/sufox-241049-custom-six-panel-leather-patch-printing-snapback-cap\/"]}]},{"@type":"ImageObject","inLanguage":"it-IT","@id":"https:\/\/sumkcaps.com\/product\/sufox-241049-custom-six-panel-leather-patch-printing-snapback-cap\/#primaryimage","url":"https:\/\/sumkcaps.com\/wp-content\/uploads\/2022\/10\/custom_-6_panel_printing_snapback_hat-1.jpg","contentUrl":"https:\/\/sumkcaps.com\/wp-content\/uploads\/2022\/10\/custom_-6_panel_printing_snapback_hat-1.jpg","width":782,"height":782},{"@type":"BreadcrumbList","@id":"https:\/\/sumkcaps.com\/product\/sufox-241049-custom-six-panel-leather-patch-printing-snapback-cap\/#breadcrumb","itemListElement":[{"@type":"ListItem","position":1,"name":"Home","item":"https:\/\/sumkcaps.com\/"},{"@type":"ListItem","position":2,"name":"Products","item":"https:\/\/sumkcaps.com\/product\/"},{"@type":"ListItem","position":3,"name":"Sumkcaps 241049 Custom Six Panel Leather Patch Printing Snapback Cap"}]},{"@type":"WebSite","@id":"https:\/\/sumkcaps.com\/#website","url":"https:\/\/sumkcaps.com\/","name":"Sumkcaps-Cina Produttore e fornitore di copricapi originali","description":"Siamo fabbrica originale del cappello e del cappuccio della Cina, di cui l'affare principale \u00e8 al cappuccio ed al cappello su ordinazione come client&#039;s LOGO. Qualsiasi stile del cappuccio, qualsiasi colore del cappuccio, qualsiasi qty, qualsiasi materiale e qty non \u00e8 un problema. In una parola, qualsiasi piccolo dettaglio pu\u00f2 essere personalizzato come vostra richiesta.","publisher":{"@id":"https:\/\/sumkcaps.com\/#organization"},"potentialAction":[{"@type":"SearchAction","target":{"@type":"EntryPoint","urlTemplate":"https:\/\/sumkcaps.com\/?s={search_term_string}"},"query-input":{"@type":"PropertyValueSpecification","valueRequired":true,"valueName":"search_term_string"}}],"inLanguage":"it-IT"},{"@type":"Organization","@id":"https:\/\/sumkcaps.com\/#organization","name":"Sumkcaps-Cina Produttore e fornitore di copricapi originali","url":"https:\/\/sumkcaps.com\/","logo":{"@type":"ImageObject","inLanguage":"it-IT","@id":"https:\/\/sumkcaps.com\/#\/schema\/logo\/image\/","url":"https:\/\/sumkcaps.com\/wp-content\/uploads\/2025\/12\/1234.jpg","contentUrl":"https:\/\/sumkcaps.com\/wp-content\/uploads\/2025\/12\/1234.jpg","width":800,"height":800,"caption":"Sumkcaps-China Original Headwear Manufacturer and Suppliers"},"image":{"@id":"https:\/\/sumkcaps.com\/#\/schema\/logo\/image\/"},"sameAs":["https:\/\/www.facebook.com\/sumkcap","https:\/\/www.instagram.com\/sumkcaps7\/","https:\/\/www.pinterest.com\/sumkcapschina\/"]}]}},"taxonomy_info":{"product_cat":[{"value":42,"label":"Snapback Hats Wholesale"}]},"featured_image_src_large":["https:\/\/sumkcaps.com\/wp-content\/uploads\/2022\/10\/custom_-6_panel_printing_snapback_hat-1.jpg",782,782,false],"author_info":[],"comment_info":"","_links":{"self":[{"href":"https:\/\/sumkcaps.com\/it\/wp-json\/wp\/v2\/product\/16503","targetHints":{"allow":["GET"]}}],"collection":[{"href":"https:\/\/sumkcaps.com\/it\/wp-json\/wp\/v2\/product"}],"about":[{"href":"https:\/\/sumkcaps.com\/it\/wp-json\/wp\/v2\/types\/product"}],"wp:featuredmedia":[{"embeddable":true,"href":"https:\/\/sumkcaps.com\/it\/wp-json\/wp\/v2\/media\/16504"}],"wp:attachment":[{"href":"https:\/\/sumkcaps.com\/it\/wp-json\/wp\/v2\/media?parent=16503"}],"wp:term":[{"taxonomy":"product_brand","embeddable":true,"href":"https:\/\/sumkcaps.com\/it\/wp-json\/wp\/v2\/product_brand?post=16503"},{"taxonomy":"product_cat","embeddable":true,"href":"https:\/\/sumkcaps.com\/it\/wp-json\/wp\/v2\/product_cat?post=16503"},{"taxonomy":"product_tag","embeddable":true,"href":"https:\/\/sumkcaps.com\/it\/wp-json\/wp\/v2\/product_tag?post=16503"}],"curies":[{"name":"wp","href":"https:\/\/api.w.org\/{rel}","templated":true}]}}