{"id":16477,"date":"2022-10-12T15:27:15","date_gmt":"2022-10-12T07:27:15","guid":{"rendered":"https:\/\/sumkcaps.com\/?post_type=product&#038;p=16477"},"modified":"2026-03-19T15:58:07","modified_gmt":"2026-03-19T07:58:07","slug":"sufox-241046-custom-six-panel-100-cotton-printed-snapback-cap","status":"publish","type":"product","link":"https:\/\/sumkcaps.com\/it\/prodotto\/sufox-241046-cappellino-snapback-personalizzato-a-sei-pannelli-in-cotone-100-stampato\/","title":{"rendered":"Sumkcaps 241046 Cappello snapback personalizzato a sei pannelli 100% in cotone stampato"},"content":{"rendered":"<h3 data-start=\"180\" data-end=\"507\"><strong data-start=\"180\" data-end=\"213\">Decorazione<\/strong><\/h3>\n<p data-start=\"180\" data-end=\"507\">Questo cappellino snapback offre una personalizzazione completa grazie alla stampa di precisione per mostrare loghi, opere d'arte o disegni. Che si tratti di branding, eventi o stile personale, la stampa di alta qualit\u00e0 garantisce colori vivaci e dettagli nitidi che rimangono inalterati nel tempo, migliorando il fascino visivo del berretto.<\/p>\n<h3 data-start=\"509\" data-end=\"822\"><strong data-start=\"509\" data-end=\"535\">Materiale<\/strong><\/h3>\n<p data-start=\"509\" data-end=\"822\">Realizzato interamente in cotone di prima qualit\u00e0, questo berretto offre un morbido comfort, un'eccellente traspirabilit\u00e0 e un naturale assorbimento dell'umidit\u00e0. Il suo tessuto resistente mantiene la forma e il colore anche dopo ripetuti lavaggi, rendendolo ideale per l'uso quotidiano, per le attivit\u00e0 all'aperto o per scopi promozionali.<\/p>\n<h3><strong data-start=\"824\" data-end=\"846\">Colore<\/strong><\/h3>\n<p data-start=\"824\" data-end=\"1114\">Scegliete qualsiasi colore per abbinare il vostro marchio, la vostra squadra o le vostre preferenze personali. Il cappellino pu\u00f2 essere completamente personalizzato, consentendo combinazioni uniche e una precisa rappresentazione del marchio. Ogni opzione di colore \u00e8 prodotta con cura per mantenere coerenza e vivacit\u00e0 in tutte le unit\u00e0.<\/p>\n<h3 data-start=\"1116\" data-end=\"1401\"><strong data-start=\"1116\" data-end=\"1149\">Vestibilit\u00e0 e dimensioni<\/strong><\/h3>\n<p data-start=\"1116\" data-end=\"1401\">Progettato come taglia unica, questo snapback regolabile si adatta a teste di dimensioni comprese tra 7 e 7 3\/4. La chiusura facile da usare garantisce una vestibilit\u00e0 sicura e confortevole per un'ampia gamma di indossatori, offrendo versatilit\u00e0 senza sacrificare lo stile o la funzionalit\u00e0.<\/p>\n<h3 data-start=\"1403\" data-end=\"1701\"><strong data-start=\"1403\" data-end=\"1424\">Visiera<\/strong><\/h3>\n<p data-start=\"1403\" data-end=\"1701\">Il design flat bill offre un look contemporaneo e alla moda, perfetto per gli stili casual, streetwear o sportivo. Realizzata con cuciture rinforzate, la visiera mantiene la sua forma e allo stesso tempo offre ombra e protezione dai raggi solari, combinando perfettamente funzione e tendenza.<\/p>\n<h3 data-start=\"1703\" data-end=\"2000\"><strong data-start=\"1703\" data-end=\"1726\">Servizio<\/strong><\/h3>\n<p data-start=\"1703\" data-end=\"2000\">Sumkcaps supporta sia i servizi OEM che ODM, consentendo una personalizzazione completa dall'idea al prodotto finito. Dalla stampa e dal design alla scelta dei materiali e dei colori, forniamo una guida e un'esecuzione professionale per ordini di piccole o grandi dimensioni, garantendo risultati di altissima qualit\u00e0.<\/p>\n<h3 data-start=\"2002\" data-end=\"2344\"><strong data-start=\"2002\" data-end=\"2064\">Tempi di consegna<\/strong><\/h3>\n<p data-start=\"2002\" data-end=\"2344\">La consegna rapida del campione entro 7-9 giorni lavorativi consente di confermare l'accuratezza del design. La produzione su larga scala viene completata in 18-22 giorni lavorativi, assicurando una consegna tempestiva e mantenendo un rigoroso controllo di qualit\u00e0, in modo che ogni berretto soddisfi elevati standard di artigianalit\u00e0 e durata.<\/p>","protected":false},"excerpt":{"rendered":"<p>Sumkcaps 241046 Custom Six Panel 100% Cotone stampato Snapback Cap \u00e8 uno dei popolari stile Cap, leggero e traspirante bene. Cappello perfetto per la vostra piccola impresa, squadra sportiva, evento speciale e altro ancora. Possibilit\u00e0 di modificare facilmente il proprio logo.<\/p>","protected":false},"featured_media":16538,"template":"","meta":{"_acf_changed":false,"_kad_blocks_custom_css":"","_kad_blocks_head_custom_js":"","_kad_blocks_body_custom_js":"","_kad_blocks_footer_custom_js":""},"product_brand":[],"product_cat":[42],"product_tag":[],"class_list":{"0":"post-16477","1":"product","2":"type-product","3":"status-publish","4":"has-post-thumbnail","6":"product_cat-snapback-cap","8":"first","9":"outofstock","10":"shipping-taxable","11":"product-type-simple"},"acf":[],"yoast_head":"<!-- This site is optimized with the Yoast SEO Premium plugin v20.8 (Yoast SEO v25.9) - https:\/\/yoast.com\/wordpress\/plugins\/seo\/ -->\n<title>Custom 3D Embroidered Brown Trucker Hat | China Manufactuer<\/title>\n<meta name=\"description\" content=\"High Quality China Custom Headwear Manufacturer. Top Quality Products At Best Prices. 100% Satisfaction Guarantee.Expert Service. Bulk Discount.\" \/>\n<meta name=\"robots\" content=\"index, follow, max-snippet:-1, max-image-preview:large, max-video-preview:-1\" \/>\n<link rel=\"canonical\" href=\"https:\/\/sumkcaps.com\/it\/prodotto\/sufox-241046-cappellino-snapback-personalizzato-a-sei-pannelli-in-cotone-100-stampato\/\" \/>\n<meta property=\"og:locale\" content=\"it_IT\" \/>\n<meta property=\"og:type\" content=\"article\" \/>\n<meta property=\"og:title\" content=\"Sumkcaps 241046 Custom Six Panel 100% Cotton Printed Snapback Cap - Sumkcaps\" \/>\n<meta property=\"og:description\" content=\"High Quality China Custom Headwear Manufacturer. Top Quality Products At Best Prices. 100% Satisfaction Guarantee.Expert Service. Bulk Discount.\" \/>\n<meta property=\"og:url\" content=\"https:\/\/sumkcaps.com\/it\/prodotto\/sufox-241046-cappellino-snapback-personalizzato-a-sei-pannelli-in-cotone-100-stampato\/\" \/>\n<meta property=\"og:site_name\" content=\"Sumkcaps-China Original Headwear Manufacturer and Suppliers\" \/>\n<meta property=\"article:publisher\" content=\"https:\/\/www.facebook.com\/sumkcap\" \/>\n<meta property=\"article:modified_time\" content=\"2026-03-19T07:58:07+00:00\" \/>\n<meta property=\"og:image\" content=\"https:\/\/sumkcaps.com\/wp-content\/uploads\/2022\/10\/custom_6_panel_printed_snapback_cap-1.jpg\" \/>\n\t<meta property=\"og:image:width\" content=\"800\" \/>\n\t<meta property=\"og:image:height\" content=\"800\" \/>\n\t<meta property=\"og:image:type\" content=\"image\/jpeg\" \/>\n<meta name=\"twitter:card\" content=\"summary_large_image\" \/>\n<meta name=\"twitter:label1\" content=\"Tempo di lettura stimato\" \/>\n\t<meta name=\"twitter:data1\" content=\"2 minuti\" \/>\n<script type=\"application\/ld+json\" class=\"yoast-schema-graph\">{\"@context\":\"https:\/\/schema.org\",\"@graph\":[{\"@type\":\"WebPage\",\"@id\":\"https:\/\/sumkcaps.com\/product\/sufox-241046-custom-six-panel-100-cotton-printed-snapback-cap\/\",\"url\":\"https:\/\/sumkcaps.com\/product\/sufox-241046-custom-six-panel-100-cotton-printed-snapback-cap\/\",\"name\":\"Custom 3D Embroidered Brown Trucker Hat | China Manufactuer\",\"isPartOf\":{\"@id\":\"https:\/\/sumkcaps.com\/#website\"},\"primaryImageOfPage\":{\"@id\":\"https:\/\/sumkcaps.com\/product\/sufox-241046-custom-six-panel-100-cotton-printed-snapback-cap\/#primaryimage\"},\"image\":{\"@id\":\"https:\/\/sumkcaps.com\/product\/sufox-241046-custom-six-panel-100-cotton-printed-snapback-cap\/#primaryimage\"},\"thumbnailUrl\":\"https:\/\/sumkcaps.com\/wp-content\/uploads\/2022\/10\/custom_6_panel_printed_snapback_cap-1.jpg\",\"datePublished\":\"2022-10-12T07:27:15+00:00\",\"dateModified\":\"2026-03-19T07:58:07+00:00\",\"description\":\"High Quality China Custom Headwear Manufacturer. Top Quality Products At Best Prices. 100% Satisfaction Guarantee.Expert Service. Bulk Discount.\",\"breadcrumb\":{\"@id\":\"https:\/\/sumkcaps.com\/product\/sufox-241046-custom-six-panel-100-cotton-printed-snapback-cap\/#breadcrumb\"},\"inLanguage\":\"it-IT\",\"potentialAction\":[{\"@type\":\"ReadAction\",\"target\":[\"https:\/\/sumkcaps.com\/product\/sufox-241046-custom-six-panel-100-cotton-printed-snapback-cap\/\"]}]},{\"@type\":\"ImageObject\",\"inLanguage\":\"it-IT\",\"@id\":\"https:\/\/sumkcaps.com\/product\/sufox-241046-custom-six-panel-100-cotton-printed-snapback-cap\/#primaryimage\",\"url\":\"https:\/\/sumkcaps.com\/wp-content\/uploads\/2022\/10\/custom_6_panel_printed_snapback_cap-1.jpg\",\"contentUrl\":\"https:\/\/sumkcaps.com\/wp-content\/uploads\/2022\/10\/custom_6_panel_printed_snapback_cap-1.jpg\",\"width\":800,\"height\":800},{\"@type\":\"BreadcrumbList\",\"@id\":\"https:\/\/sumkcaps.com\/product\/sufox-241046-custom-six-panel-100-cotton-printed-snapback-cap\/#breadcrumb\",\"itemListElement\":[{\"@type\":\"ListItem\",\"position\":1,\"name\":\"Home\",\"item\":\"https:\/\/sumkcaps.com\/\"},{\"@type\":\"ListItem\",\"position\":2,\"name\":\"Products\",\"item\":\"https:\/\/sumkcaps.com\/product\/\"},{\"@type\":\"ListItem\",\"position\":3,\"name\":\"Sumkcaps 241046 Custom Six Panel 100% Cotton Printed Snapback Cap\"}]},{\"@type\":\"WebSite\",\"@id\":\"https:\/\/sumkcaps.com\/#website\",\"url\":\"https:\/\/sumkcaps.com\/\",\"name\":\"Sumkcaps-China Original Headwear Manufacturer and Suppliers\",\"description\":\"We are China Cap And Hat Original Factory, whose main business is to custom cap and hat as client&#039;s LOGO. Any cap style, any cap color, any qty, any material and qty is no problem. In one words, any small details can be customized as your request.\",\"publisher\":{\"@id\":\"https:\/\/sumkcaps.com\/#organization\"},\"potentialAction\":[{\"@type\":\"SearchAction\",\"target\":{\"@type\":\"EntryPoint\",\"urlTemplate\":\"https:\/\/sumkcaps.com\/?s={search_term_string}\"},\"query-input\":{\"@type\":\"PropertyValueSpecification\",\"valueRequired\":true,\"valueName\":\"search_term_string\"}}],\"inLanguage\":\"it-IT\"},{\"@type\":\"Organization\",\"@id\":\"https:\/\/sumkcaps.com\/#organization\",\"name\":\"Sumkcaps-China Original Headwear Manufacturer and Suppliers\",\"url\":\"https:\/\/sumkcaps.com\/\",\"logo\":{\"@type\":\"ImageObject\",\"inLanguage\":\"it-IT\",\"@id\":\"https:\/\/sumkcaps.com\/#\/schema\/logo\/image\/\",\"url\":\"https:\/\/sumkcaps.com\/wp-content\/uploads\/2025\/12\/1234.jpg\",\"contentUrl\":\"https:\/\/sumkcaps.com\/wp-content\/uploads\/2025\/12\/1234.jpg\",\"width\":800,\"height\":800,\"caption\":\"Sumkcaps-China Original Headwear Manufacturer and Suppliers\"},\"image\":{\"@id\":\"https:\/\/sumkcaps.com\/#\/schema\/logo\/image\/\"},\"sameAs\":[\"https:\/\/www.facebook.com\/sumkcap\",\"https:\/\/www.instagram.com\/sumkcaps7\/\",\"https:\/\/www.pinterest.com\/sumkcapschina\/\"]}]}<\/script>\n<!-- \/ Yoast SEO Premium plugin. -->","yoast_head_json":{"title":"Cappello Trucker marrone ricamato su misura 3D | Cina Manufactuer","description":"Alta qualit\u00e0 Cina Produttore di copricapi personalizzati. Prodotti di alta qualit\u00e0 ai migliori prezzi. 100% Garanzia di soddisfazione.Servizio esperto. Sconto di massa.","robots":{"index":"index","follow":"follow","max-snippet":"max-snippet:-1","max-image-preview":"max-image-preview:large","max-video-preview":"max-video-preview:-1"},"canonical":"https:\/\/sumkcaps.com\/it\/prodotto\/sufox-241046-cappellino-snapback-personalizzato-a-sei-pannelli-in-cotone-100-stampato\/","og_locale":"it_IT","og_type":"article","og_title":"Sumkcaps 241046 Custom Six Panel 100% Cotton Printed Snapback Cap - Sumkcaps","og_description":"High Quality China Custom Headwear Manufacturer. Top Quality Products At Best Prices. 100% Satisfaction Guarantee.Expert Service. Bulk Discount.","og_url":"https:\/\/sumkcaps.com\/it\/prodotto\/sufox-241046-cappellino-snapback-personalizzato-a-sei-pannelli-in-cotone-100-stampato\/","og_site_name":"Sumkcaps-China Original Headwear Manufacturer and Suppliers","article_publisher":"https:\/\/www.facebook.com\/sumkcap","article_modified_time":"2026-03-19T07:58:07+00:00","og_image":[{"width":800,"height":800,"url":"https:\/\/sumkcaps.com\/wp-content\/uploads\/2022\/10\/custom_6_panel_printed_snapback_cap-1.jpg","type":"image\/jpeg"}],"twitter_card":"summary_large_image","twitter_misc":{"Tempo di lettura stimato":"2 minuti"},"schema":{"@context":"https:\/\/schema.org","@graph":[{"@type":"WebPage","@id":"https:\/\/sumkcaps.com\/product\/sufox-241046-custom-six-panel-100-cotton-printed-snapback-cap\/","url":"https:\/\/sumkcaps.com\/product\/sufox-241046-custom-six-panel-100-cotton-printed-snapback-cap\/","name":"Cappello Trucker marrone ricamato su misura 3D | Cina Manufactuer","isPartOf":{"@id":"https:\/\/sumkcaps.com\/#website"},"primaryImageOfPage":{"@id":"https:\/\/sumkcaps.com\/product\/sufox-241046-custom-six-panel-100-cotton-printed-snapback-cap\/#primaryimage"},"image":{"@id":"https:\/\/sumkcaps.com\/product\/sufox-241046-custom-six-panel-100-cotton-printed-snapback-cap\/#primaryimage"},"thumbnailUrl":"https:\/\/sumkcaps.com\/wp-content\/uploads\/2022\/10\/custom_6_panel_printed_snapback_cap-1.jpg","datePublished":"2022-10-12T07:27:15+00:00","dateModified":"2026-03-19T07:58:07+00:00","description":"Alta qualit\u00e0 Cina Produttore di copricapi personalizzati. Prodotti di alta qualit\u00e0 ai migliori prezzi. 100% Garanzia di soddisfazione.Servizio esperto. Sconto di massa.","breadcrumb":{"@id":"https:\/\/sumkcaps.com\/product\/sufox-241046-custom-six-panel-100-cotton-printed-snapback-cap\/#breadcrumb"},"inLanguage":"it-IT","potentialAction":[{"@type":"ReadAction","target":["https:\/\/sumkcaps.com\/product\/sufox-241046-custom-six-panel-100-cotton-printed-snapback-cap\/"]}]},{"@type":"ImageObject","inLanguage":"it-IT","@id":"https:\/\/sumkcaps.com\/product\/sufox-241046-custom-six-panel-100-cotton-printed-snapback-cap\/#primaryimage","url":"https:\/\/sumkcaps.com\/wp-content\/uploads\/2022\/10\/custom_6_panel_printed_snapback_cap-1.jpg","contentUrl":"https:\/\/sumkcaps.com\/wp-content\/uploads\/2022\/10\/custom_6_panel_printed_snapback_cap-1.jpg","width":800,"height":800},{"@type":"BreadcrumbList","@id":"https:\/\/sumkcaps.com\/product\/sufox-241046-custom-six-panel-100-cotton-printed-snapback-cap\/#breadcrumb","itemListElement":[{"@type":"ListItem","position":1,"name":"Home","item":"https:\/\/sumkcaps.com\/"},{"@type":"ListItem","position":2,"name":"Products","item":"https:\/\/sumkcaps.com\/product\/"},{"@type":"ListItem","position":3,"name":"Sumkcaps 241046 Custom Six Panel 100% Cotton Printed Snapback Cap"}]},{"@type":"WebSite","@id":"https:\/\/sumkcaps.com\/#website","url":"https:\/\/sumkcaps.com\/","name":"Sumkcaps-Cina Produttore e fornitore di copricapi originali","description":"Siamo fabbrica originale del cappello e del cappuccio della Cina, di cui l'affare principale \u00e8 al cappuccio ed al cappello su ordinazione come client&#039;s LOGO. Qualsiasi stile del cappuccio, qualsiasi colore del cappuccio, qualsiasi qty, qualsiasi materiale e qty non \u00e8 un problema. In una parola, qualsiasi piccolo dettaglio pu\u00f2 essere personalizzato come vostra richiesta.","publisher":{"@id":"https:\/\/sumkcaps.com\/#organization"},"potentialAction":[{"@type":"SearchAction","target":{"@type":"EntryPoint","urlTemplate":"https:\/\/sumkcaps.com\/?s={search_term_string}"},"query-input":{"@type":"PropertyValueSpecification","valueRequired":true,"valueName":"search_term_string"}}],"inLanguage":"it-IT"},{"@type":"Organization","@id":"https:\/\/sumkcaps.com\/#organization","name":"Sumkcaps-Cina Produttore e fornitore di copricapi originali","url":"https:\/\/sumkcaps.com\/","logo":{"@type":"ImageObject","inLanguage":"it-IT","@id":"https:\/\/sumkcaps.com\/#\/schema\/logo\/image\/","url":"https:\/\/sumkcaps.com\/wp-content\/uploads\/2025\/12\/1234.jpg","contentUrl":"https:\/\/sumkcaps.com\/wp-content\/uploads\/2025\/12\/1234.jpg","width":800,"height":800,"caption":"Sumkcaps-China Original Headwear Manufacturer and Suppliers"},"image":{"@id":"https:\/\/sumkcaps.com\/#\/schema\/logo\/image\/"},"sameAs":["https:\/\/www.facebook.com\/sumkcap","https:\/\/www.instagram.com\/sumkcaps7\/","https:\/\/www.pinterest.com\/sumkcapschina\/"]}]}},"taxonomy_info":{"product_cat":[{"value":42,"label":"Snapback Hats Wholesale"}]},"featured_image_src_large":["https:\/\/sumkcaps.com\/wp-content\/uploads\/2022\/10\/custom_6_panel_printed_snapback_cap-1.jpg",800,800,false],"author_info":[],"comment_info":"","_links":{"self":[{"href":"https:\/\/sumkcaps.com\/it\/wp-json\/wp\/v2\/product\/16477","targetHints":{"allow":["GET"]}}],"collection":[{"href":"https:\/\/sumkcaps.com\/it\/wp-json\/wp\/v2\/product"}],"about":[{"href":"https:\/\/sumkcaps.com\/it\/wp-json\/wp\/v2\/types\/product"}],"wp:featuredmedia":[{"embeddable":true,"href":"https:\/\/sumkcaps.com\/it\/wp-json\/wp\/v2\/media\/16538"}],"wp:attachment":[{"href":"https:\/\/sumkcaps.com\/it\/wp-json\/wp\/v2\/media?parent=16477"}],"wp:term":[{"taxonomy":"product_brand","embeddable":true,"href":"https:\/\/sumkcaps.com\/it\/wp-json\/wp\/v2\/product_brand?post=16477"},{"taxonomy":"product_cat","embeddable":true,"href":"https:\/\/sumkcaps.com\/it\/wp-json\/wp\/v2\/product_cat?post=16477"},{"taxonomy":"product_tag","embeddable":true,"href":"https:\/\/sumkcaps.com\/it\/wp-json\/wp\/v2\/product_tag?post=16477"}],"curies":[{"name":"wp","href":"https:\/\/api.w.org\/{rel}","templated":true}]}}