{"id":16367,"date":"2022-10-12T14:16:07","date_gmt":"2022-10-12T06:16:07","guid":{"rendered":"https:\/\/sumkcaps.com\/?post_type=product&#038;p=16367"},"modified":"2026-03-23T16:06:58","modified_gmt":"2026-03-23T08:06:58","slug":"sufox-241033-custom-six-panel-flat-brim-embroidered-snapback-cap","status":"publish","type":"product","link":"https:\/\/sumkcaps.com\/it\/prodotto\/sufox-241033-berretto-snapback-ricamato-a-sei-pannelli-personalizzati-a-tesa-piatta\/","title":{"rendered":"Sumkcaps 241033 Cappello snapback ricamato a sei pannelli a tesa piatta personalizzato"},"content":{"rendered":"<div class=\"flex flex-col text-sm pb-25\">\n<section class=\"text-token-text-primary w-full focus:outline-none [--shadow-height:45px] has-data-writing-block:pointer-events-none has-data-writing-block:-mt-(--shadow-height) has-data-writing-block:pt-(--shadow-height) [&amp;:has([data-writing-block])&gt;*]:pointer-events-auto scroll-mt-[calc(var(--header-height)+min(200px,max(70px,20svh)))]\" dir=\"auto\" data-turn-id=\"request-WEB:4c0b397b-8329-4287-9f2a-226621e332d2-3\" data-testid=\"conversation-turn-2\" data-scroll-anchor=\"true\" data-turn=\"assistant\">\n<div class=\"text-base my-auto mx-auto pb-10 [--thread-content-margin:var(--thread-content-margin-xs,calc(var(--spacing)*4))] @w-sm\/main:[--thread-content-margin:var(--thread-content-margin-sm,calc(var(--spacing)*6))] @w-lg\/main:[--thread-content-margin:var(--thread-content-margin-lg,calc(var(--spacing)*16))] px-(--thread-content-margin)\">\n<div class=\"[--thread-content-max-width:40rem] @w-lg\/main:[--thread-content-max-width:48rem] mx-auto max-w-(--thread-content-max-width) flex-1 group\/turn-messages focus-visible:outline-hidden relative flex w-full min-w-0 flex-col agent-turn\">\n<div class=\"flex max-w-full flex-col gap-4 grow\">\n<div class=\"min-h-8 text-message relative flex w-full flex-col items-end gap-2 text-start break-words whitespace-normal outline-none keyboard-focused:focus-ring [.text-message+&amp;]:mt-1\" dir=\"auto\" tabindex=\"0\" data-message-author-role=\"assistant\" data-message-id=\"b1559162-3f41-4c28-90d5-c8814e4f65b9\" data-message-model-slug=\"gpt-5-3\" data-turn-start-message=\"true\">\n<div class=\"flex w-full flex-col gap-1 empty:hidden\">\n<div class=\"markdown prose dark:prose-invert w-full wrap-break-word light markdown-new-styling\">\n<h3 data-start=\"153\" data-end=\"383\"><strong data-start=\"153\" data-end=\"167\">Decorazione<\/strong><\/h3>\n<p data-start=\"153\" data-end=\"383\">High-quality embroidery delivers a premium, textured finish that enhances brand visibility. Precise stitching ensures durability, making logos and designs stand out with a professional and long-lasting appearance.<\/p>\n<h3 data-start=\"390\" data-end=\"616\"><strong data-start=\"390\" data-end=\"402\">Materiale<\/strong><\/h3>\n<p data-start=\"390\" data-end=\"616\">Made from 100% acrylic, this cap offers excellent durability, lightweight comfort, and shape retention. The fabric resists wrinkles and fading, making it suitable for everyday wear across different environments.<\/p>\n<h3 data-start=\"623\" data-end=\"833\"><strong data-start=\"623\" data-end=\"632\">Colore<\/strong><\/h3>\n<p data-start=\"623\" data-end=\"833\">Available in customized colors, including a bold red option, this cap allows brands to match their identity perfectly. Color consistency and vibrancy are maintained through quality dyeing processes.<\/p>\n<h3 data-start=\"840\" data-end=\"1034\"><strong data-start=\"840\" data-end=\"854\">Vestibilit\u00e0 e dimensioni<\/strong><\/h3>\n<p data-start=\"840\" data-end=\"1034\">Designed with an OSFM (7 \u2013 7 3\/4) adjustable snapback closure, ensuring a secure and comfortable fit for most head sizes. Ideal for unisex wear with flexible sizing convenience.<\/p>\n<h3 data-start=\"1041\" data-end=\"1224\"><strong data-start=\"1041\" data-end=\"1050\">Visiera<\/strong><\/h3>\n<p data-start=\"1041\" data-end=\"1224\">Features a flat bill design that delivers a modern streetwear look. The structured brim maintains its shape while providing effective sun protection and style versatility.<\/p>\n<h3 data-start=\"1231\" data-end=\"1426\"><strong data-start=\"1231\" data-end=\"1242\">Servizio<\/strong><\/h3>\n<p data-start=\"1231\" data-end=\"1426\">Supports OEM &amp; ODM services, allowing full customization from design to production. Perfect for brands seeking private labeling, unique styles, and scalable manufacturing solutions.<\/p>\n<h3 data-start=\"1433\" data-end=\"1631\"><strong data-start=\"1433\" data-end=\"1452\">Tempi di consegna<\/strong><\/h3>\n<p data-start=\"1433\" data-end=\"1631\" data-is-last-node=\"\" data-is-only-node=\"\">Efficient production timeline with samples ready in 7\u20139 working days and bulk production completed within 18\u201322 working days, ensuring fast delivery for bulk and custom orders.<\/p>\n<\/div>\n<\/div>\n<\/div>\n<\/div>\n<\/div>\n<\/div>\n<\/section>\n<\/div>","protected":false},"excerpt":{"rendered":"<p>Sumkcaps 241033 Custom Six Panel Flat Brim Embroidered Snapback Cap \u00e8 uno degli stili pi\u00f9 popolari di berretto, leggero e traspirante. I nostri Snapback sono disponibili in una variet\u00e0 di stili e colori di tutte le migliori marche.<\/p>","protected":false},"featured_media":16368,"template":"","meta":{"_acf_changed":false,"_kad_blocks_custom_css":"","_kad_blocks_head_custom_js":"","_kad_blocks_body_custom_js":"","_kad_blocks_footer_custom_js":""},"product_brand":[],"product_cat":[42],"product_tag":[],"class_list":{"0":"post-16367","1":"product","2":"type-product","3":"status-publish","4":"has-post-thumbnail","6":"product_cat-snapback-cap","8":"first","9":"outofstock","10":"shipping-taxable","11":"product-type-simple"},"acf":[],"yoast_head":"<!-- This site is optimized with the Yoast SEO Premium plugin v20.8 (Yoast SEO v25.9) - https:\/\/yoast.com\/wordpress\/plugins\/seo\/ -->\n<title>Custom Flat Brim Embroidered Snapback Cap | China Manufactuer<\/title>\n<meta name=\"description\" content=\"Custom Cap, Logo Cap, Brand Caps, Custom Made Snapback Caps, Custom Snapback Baseball Hats. Premium Cap Manufacturer since 2006. Order Today!\" \/>\n<meta name=\"robots\" content=\"index, follow, max-snippet:-1, max-image-preview:large, max-video-preview:-1\" \/>\n<link rel=\"canonical\" href=\"https:\/\/sumkcaps.com\/it\/prodotto\/sufox-241033-berretto-snapback-ricamato-a-sei-pannelli-personalizzati-a-tesa-piatta\/\" \/>\n<meta property=\"og:locale\" content=\"it_IT\" \/>\n<meta property=\"og:type\" content=\"article\" \/>\n<meta property=\"og:title\" content=\"Sumkcaps 241033 Custom Six Panel Flat Brim Embroidered Snapback Cap - Sumkcaps\" \/>\n<meta property=\"og:description\" content=\"Custom Cap, Logo Cap, Brand Caps, Custom Made Snapback Caps, Custom Snapback Baseball Hats. Premium Cap Manufacturer since 2006. Order Today!\" \/>\n<meta property=\"og:url\" content=\"https:\/\/sumkcaps.com\/it\/prodotto\/sufox-241033-berretto-snapback-ricamato-a-sei-pannelli-personalizzati-a-tesa-piatta\/\" \/>\n<meta property=\"og:site_name\" content=\"Sumkcaps-China Original Headwear Manufacturer and Suppliers\" \/>\n<meta property=\"article:publisher\" content=\"https:\/\/www.facebook.com\/sumkcap\" \/>\n<meta property=\"article:modified_time\" content=\"2026-03-23T08:06:58+00:00\" \/>\n<meta property=\"og:image\" content=\"https:\/\/sumkcaps.com\/wp-content\/uploads\/2022\/10\/6_Panel_Flat_Brim_Embroidery_Snapback_Hat-1.jpg\" \/>\n\t<meta property=\"og:image:width\" content=\"790\" \/>\n\t<meta property=\"og:image:height\" content=\"790\" \/>\n\t<meta property=\"og:image:type\" content=\"image\/jpeg\" \/>\n<meta name=\"twitter:card\" content=\"summary_large_image\" \/>\n<meta name=\"twitter:label1\" content=\"Tempo di lettura stimato\" \/>\n\t<meta name=\"twitter:data1\" content=\"2 minuti\" \/>\n<script type=\"application\/ld+json\" class=\"yoast-schema-graph\">{\"@context\":\"https:\/\/schema.org\",\"@graph\":[{\"@type\":\"WebPage\",\"@id\":\"https:\/\/sumkcaps.com\/product\/sufox-241033-custom-six-panel-flat-brim-embroidered-snapback-cap\/\",\"url\":\"https:\/\/sumkcaps.com\/product\/sufox-241033-custom-six-panel-flat-brim-embroidered-snapback-cap\/\",\"name\":\"Custom Flat Brim Embroidered Snapback Cap | China Manufactuer\",\"isPartOf\":{\"@id\":\"https:\/\/sumkcaps.com\/#website\"},\"primaryImageOfPage\":{\"@id\":\"https:\/\/sumkcaps.com\/product\/sufox-241033-custom-six-panel-flat-brim-embroidered-snapback-cap\/#primaryimage\"},\"image\":{\"@id\":\"https:\/\/sumkcaps.com\/product\/sufox-241033-custom-six-panel-flat-brim-embroidered-snapback-cap\/#primaryimage\"},\"thumbnailUrl\":\"https:\/\/sumkcaps.com\/wp-content\/uploads\/2022\/10\/6_Panel_Flat_Brim_Embroidery_Snapback_Hat-1.jpg\",\"datePublished\":\"2022-10-12T06:16:07+00:00\",\"dateModified\":\"2026-03-23T08:06:58+00:00\",\"description\":\"Custom Cap, Logo Cap, Brand Caps, Custom Made Snapback Caps, Custom Snapback Baseball Hats. Premium Cap Manufacturer since 2006. Order Today!\",\"breadcrumb\":{\"@id\":\"https:\/\/sumkcaps.com\/product\/sufox-241033-custom-six-panel-flat-brim-embroidered-snapback-cap\/#breadcrumb\"},\"inLanguage\":\"it-IT\",\"potentialAction\":[{\"@type\":\"ReadAction\",\"target\":[\"https:\/\/sumkcaps.com\/product\/sufox-241033-custom-six-panel-flat-brim-embroidered-snapback-cap\/\"]}]},{\"@type\":\"ImageObject\",\"inLanguage\":\"it-IT\",\"@id\":\"https:\/\/sumkcaps.com\/product\/sufox-241033-custom-six-panel-flat-brim-embroidered-snapback-cap\/#primaryimage\",\"url\":\"https:\/\/sumkcaps.com\/wp-content\/uploads\/2022\/10\/6_Panel_Flat_Brim_Embroidery_Snapback_Hat-1.jpg\",\"contentUrl\":\"https:\/\/sumkcaps.com\/wp-content\/uploads\/2022\/10\/6_Panel_Flat_Brim_Embroidery_Snapback_Hat-1.jpg\",\"width\":790,\"height\":790},{\"@type\":\"BreadcrumbList\",\"@id\":\"https:\/\/sumkcaps.com\/product\/sufox-241033-custom-six-panel-flat-brim-embroidered-snapback-cap\/#breadcrumb\",\"itemListElement\":[{\"@type\":\"ListItem\",\"position\":1,\"name\":\"Home\",\"item\":\"https:\/\/sumkcaps.com\/\"},{\"@type\":\"ListItem\",\"position\":2,\"name\":\"Products\",\"item\":\"https:\/\/sumkcaps.com\/product\/\"},{\"@type\":\"ListItem\",\"position\":3,\"name\":\"Sumkcaps 241033 Custom Six Panel Flat Brim Embroidered Snapback Cap\"}]},{\"@type\":\"WebSite\",\"@id\":\"https:\/\/sumkcaps.com\/#website\",\"url\":\"https:\/\/sumkcaps.com\/\",\"name\":\"Sumkcaps-China Original Headwear Manufacturer and Suppliers\",\"description\":\"We are China Cap And Hat Original Factory, whose main business is to custom cap and hat as client&#039;s LOGO. Any cap style, any cap color, any qty, any material and qty is no problem. In one words, any small details can be customized as your request.\",\"publisher\":{\"@id\":\"https:\/\/sumkcaps.com\/#organization\"},\"potentialAction\":[{\"@type\":\"SearchAction\",\"target\":{\"@type\":\"EntryPoint\",\"urlTemplate\":\"https:\/\/sumkcaps.com\/?s={search_term_string}\"},\"query-input\":{\"@type\":\"PropertyValueSpecification\",\"valueRequired\":true,\"valueName\":\"search_term_string\"}}],\"inLanguage\":\"it-IT\"},{\"@type\":\"Organization\",\"@id\":\"https:\/\/sumkcaps.com\/#organization\",\"name\":\"Sumkcaps-China Original Headwear Manufacturer and Suppliers\",\"url\":\"https:\/\/sumkcaps.com\/\",\"logo\":{\"@type\":\"ImageObject\",\"inLanguage\":\"it-IT\",\"@id\":\"https:\/\/sumkcaps.com\/#\/schema\/logo\/image\/\",\"url\":\"https:\/\/sumkcaps.com\/wp-content\/uploads\/2025\/12\/1234.jpg\",\"contentUrl\":\"https:\/\/sumkcaps.com\/wp-content\/uploads\/2025\/12\/1234.jpg\",\"width\":800,\"height\":800,\"caption\":\"Sumkcaps-China Original Headwear Manufacturer and Suppliers\"},\"image\":{\"@id\":\"https:\/\/sumkcaps.com\/#\/schema\/logo\/image\/\"},\"sameAs\":[\"https:\/\/www.facebook.com\/sumkcap\",\"https:\/\/www.instagram.com\/sumkcaps7\/\",\"https:\/\/www.pinterest.com\/sumkcapschina\/\"]}]}<\/script>\n<!-- \/ Yoast SEO Premium plugin. -->","yoast_head_json":{"title":"Custom Flat Brim ricamato Snapback Cap | Cina Manufactuer","description":"Cappellini personalizzati, cappellini con logo, cappellini di marca, cappellini snapback su misura, cappelli da baseball snapback personalizzati. Produttore di berretti di qualit\u00e0 dal 2006. Ordinate oggi!","robots":{"index":"index","follow":"follow","max-snippet":"max-snippet:-1","max-image-preview":"max-image-preview:large","max-video-preview":"max-video-preview:-1"},"canonical":"https:\/\/sumkcaps.com\/it\/prodotto\/sufox-241033-berretto-snapback-ricamato-a-sei-pannelli-personalizzati-a-tesa-piatta\/","og_locale":"it_IT","og_type":"article","og_title":"Sumkcaps 241033 Custom Six Panel Flat Brim Embroidered Snapback Cap - Sumkcaps","og_description":"Custom Cap, Logo Cap, Brand Caps, Custom Made Snapback Caps, Custom Snapback Baseball Hats. Premium Cap Manufacturer since 2006. Order Today!","og_url":"https:\/\/sumkcaps.com\/it\/prodotto\/sufox-241033-berretto-snapback-ricamato-a-sei-pannelli-personalizzati-a-tesa-piatta\/","og_site_name":"Sumkcaps-China Original Headwear Manufacturer and Suppliers","article_publisher":"https:\/\/www.facebook.com\/sumkcap","article_modified_time":"2026-03-23T08:06:58+00:00","og_image":[{"width":790,"height":790,"url":"https:\/\/sumkcaps.com\/wp-content\/uploads\/2022\/10\/6_Panel_Flat_Brim_Embroidery_Snapback_Hat-1.jpg","type":"image\/jpeg"}],"twitter_card":"summary_large_image","twitter_misc":{"Tempo di lettura stimato":"2 minuti"},"schema":{"@context":"https:\/\/schema.org","@graph":[{"@type":"WebPage","@id":"https:\/\/sumkcaps.com\/product\/sufox-241033-custom-six-panel-flat-brim-embroidered-snapback-cap\/","url":"https:\/\/sumkcaps.com\/product\/sufox-241033-custom-six-panel-flat-brim-embroidered-snapback-cap\/","name":"Custom Flat Brim ricamato Snapback Cap | Cina Manufactuer","isPartOf":{"@id":"https:\/\/sumkcaps.com\/#website"},"primaryImageOfPage":{"@id":"https:\/\/sumkcaps.com\/product\/sufox-241033-custom-six-panel-flat-brim-embroidered-snapback-cap\/#primaryimage"},"image":{"@id":"https:\/\/sumkcaps.com\/product\/sufox-241033-custom-six-panel-flat-brim-embroidered-snapback-cap\/#primaryimage"},"thumbnailUrl":"https:\/\/sumkcaps.com\/wp-content\/uploads\/2022\/10\/6_Panel_Flat_Brim_Embroidery_Snapback_Hat-1.jpg","datePublished":"2022-10-12T06:16:07+00:00","dateModified":"2026-03-23T08:06:58+00:00","description":"Cappellini personalizzati, cappellini con logo, cappellini di marca, cappellini snapback su misura, cappelli da baseball snapback personalizzati. Produttore di berretti di qualit\u00e0 dal 2006. Ordinate oggi!","breadcrumb":{"@id":"https:\/\/sumkcaps.com\/product\/sufox-241033-custom-six-panel-flat-brim-embroidered-snapback-cap\/#breadcrumb"},"inLanguage":"it-IT","potentialAction":[{"@type":"ReadAction","target":["https:\/\/sumkcaps.com\/product\/sufox-241033-custom-six-panel-flat-brim-embroidered-snapback-cap\/"]}]},{"@type":"ImageObject","inLanguage":"it-IT","@id":"https:\/\/sumkcaps.com\/product\/sufox-241033-custom-six-panel-flat-brim-embroidered-snapback-cap\/#primaryimage","url":"https:\/\/sumkcaps.com\/wp-content\/uploads\/2022\/10\/6_Panel_Flat_Brim_Embroidery_Snapback_Hat-1.jpg","contentUrl":"https:\/\/sumkcaps.com\/wp-content\/uploads\/2022\/10\/6_Panel_Flat_Brim_Embroidery_Snapback_Hat-1.jpg","width":790,"height":790},{"@type":"BreadcrumbList","@id":"https:\/\/sumkcaps.com\/product\/sufox-241033-custom-six-panel-flat-brim-embroidered-snapback-cap\/#breadcrumb","itemListElement":[{"@type":"ListItem","position":1,"name":"Home","item":"https:\/\/sumkcaps.com\/"},{"@type":"ListItem","position":2,"name":"Products","item":"https:\/\/sumkcaps.com\/product\/"},{"@type":"ListItem","position":3,"name":"Sumkcaps 241033 Custom Six Panel Flat Brim Embroidered Snapback Cap"}]},{"@type":"WebSite","@id":"https:\/\/sumkcaps.com\/#website","url":"https:\/\/sumkcaps.com\/","name":"Sumkcaps-Cina Produttore e fornitore di copricapi originali","description":"Siamo fabbrica originale del cappello e del cappuccio della Cina, di cui l'affare principale \u00e8 al cappuccio ed al cappello su ordinazione come client&#039;s LOGO. Qualsiasi stile del cappuccio, qualsiasi colore del cappuccio, qualsiasi qty, qualsiasi materiale e qty non \u00e8 un problema. In una parola, qualsiasi piccolo dettaglio pu\u00f2 essere personalizzato come vostra richiesta.","publisher":{"@id":"https:\/\/sumkcaps.com\/#organization"},"potentialAction":[{"@type":"SearchAction","target":{"@type":"EntryPoint","urlTemplate":"https:\/\/sumkcaps.com\/?s={search_term_string}"},"query-input":{"@type":"PropertyValueSpecification","valueRequired":true,"valueName":"search_term_string"}}],"inLanguage":"it-IT"},{"@type":"Organization","@id":"https:\/\/sumkcaps.com\/#organization","name":"Sumkcaps-Cina Produttore e fornitore di copricapi originali","url":"https:\/\/sumkcaps.com\/","logo":{"@type":"ImageObject","inLanguage":"it-IT","@id":"https:\/\/sumkcaps.com\/#\/schema\/logo\/image\/","url":"https:\/\/sumkcaps.com\/wp-content\/uploads\/2025\/12\/1234.jpg","contentUrl":"https:\/\/sumkcaps.com\/wp-content\/uploads\/2025\/12\/1234.jpg","width":800,"height":800,"caption":"Sumkcaps-China Original Headwear Manufacturer and Suppliers"},"image":{"@id":"https:\/\/sumkcaps.com\/#\/schema\/logo\/image\/"},"sameAs":["https:\/\/www.facebook.com\/sumkcap","https:\/\/www.instagram.com\/sumkcaps7\/","https:\/\/www.pinterest.com\/sumkcapschina\/"]}]}},"taxonomy_info":{"product_cat":[{"value":42,"label":"Snapback Hats Wholesale"}]},"featured_image_src_large":["https:\/\/sumkcaps.com\/wp-content\/uploads\/2022\/10\/6_Panel_Flat_Brim_Embroidery_Snapback_Hat-1.jpg",790,790,false],"author_info":[],"comment_info":"","_links":{"self":[{"href":"https:\/\/sumkcaps.com\/it\/wp-json\/wp\/v2\/product\/16367","targetHints":{"allow":["GET"]}}],"collection":[{"href":"https:\/\/sumkcaps.com\/it\/wp-json\/wp\/v2\/product"}],"about":[{"href":"https:\/\/sumkcaps.com\/it\/wp-json\/wp\/v2\/types\/product"}],"wp:featuredmedia":[{"embeddable":true,"href":"https:\/\/sumkcaps.com\/it\/wp-json\/wp\/v2\/media\/16368"}],"wp:attachment":[{"href":"https:\/\/sumkcaps.com\/it\/wp-json\/wp\/v2\/media?parent=16367"}],"wp:term":[{"taxonomy":"product_brand","embeddable":true,"href":"https:\/\/sumkcaps.com\/it\/wp-json\/wp\/v2\/product_brand?post=16367"},{"taxonomy":"product_cat","embeddable":true,"href":"https:\/\/sumkcaps.com\/it\/wp-json\/wp\/v2\/product_cat?post=16367"},{"taxonomy":"product_tag","embeddable":true,"href":"https:\/\/sumkcaps.com\/it\/wp-json\/wp\/v2\/product_tag?post=16367"}],"curies":[{"name":"wp","href":"https:\/\/api.w.org\/{rel}","templated":true}]}}