{"id":15938,"date":"2022-09-29T13:48:57","date_gmt":"2022-09-29T05:48:57","guid":{"rendered":"https:\/\/sumkcaps.com\/?post_type=product&#038;p=15938"},"modified":"2026-04-03T09:51:24","modified_gmt":"2026-04-03T01:51:24","slug":"sufox-23941-custom-five-panel-embroidered-hip-hop-two-tone-snapback-cap","status":"publish","type":"product","link":"https:\/\/sumkcaps.com\/it\/prodotto\/sufox-23941-custom-five-panel-ricamato-hip-hop-two-tone-snapback-cap\/","title":{"rendered":"Sumkcaps 23941 Cappello Snapback ricamato a cinque pannelli personalizzato Hip Hop bicolore"},"content":{"rendered":"<h3 data-section-id=\"1o0wlg4\" data-start=\"125\" data-end=\"161\"><span role=\"text\"><strong data-start=\"129\" data-end=\"159\">Decorazione<\/strong><\/span><\/h3>\n<p data-start=\"162\" data-end=\"446\">Il berretto \u00e8 dotato di ricamo 3D di alta qualit\u00e0, per un logo in rilievo e strutturato che risalta visivamente e fisicamente. Questa tecnica aumenta la visibilit\u00e0 e la durata del marchio, rendendolo ideale per design audaci, collezioni streetwear e copricapi promozionali che richiedono attenzione.<\/p>\n<h3 data-section-id=\"1p2br5x\" data-start=\"453\" data-end=\"486\"><span role=\"text\"><strong data-start=\"457\" data-end=\"484\">Materiale<\/strong><\/span><\/h3>\n<p data-start=\"487\" data-end=\"774\">Realizzato in acrilico 100%, questo snapback offre un'eccellente durata, mantenimento della forma e resistenza alle pieghe. Il tessuto \u00e8 leggero ma robusto e offre un look strutturato pur mantenendo il comfort, rendendolo adatto all'uso quotidiano e all'uso prolungato in vari ambienti.<\/p>\n<h3 data-section-id=\"slu0w9\" data-start=\"781\" data-end=\"809\"><span role=\"text\"><strong data-start=\"785\" data-end=\"807\">Colore<\/strong><\/span><\/h3>\n<p data-start=\"810\" data-end=\"1086\">Disponibile in opzioni di colore completamente personalizzate, questo snapback bicolore consente ai marchi di corrispondere esattamente alle tonalit\u00e0 Pantone o di creare combinazioni di colori uniche. Questa flessibilit\u00e0 garantisce un design perfettamente in linea con l'identit\u00e0 del marchio, le collezioni stagionali o le campagne promozionali.<\/p>\n<h3 data-section-id=\"1ujt2bk\" data-start=\"1093\" data-end=\"1132\"><span role=\"text\"><strong data-start=\"1097\" data-end=\"1130\">Vestibilit\u00e0 e dimensioni<\/strong><\/span><\/h3>\n<p data-start=\"1133\" data-end=\"1389\">Progettato con una chiusura a scatto regolabile, questo berretto offre una vestibilit\u00e0 a taglia unica (OSFM) che va da 7 a 7 3\/4. Garantisce una vestibilit\u00e0 sicura e confortevole per la maggior parte delle dimensioni della testa, rendendolo una scelta versatile per gli ordini di grandi quantit\u00e0 e per un'ampia fascia demografica di clienti.<\/p>\n<h3 data-section-id=\"3asju8\" data-start=\"1396\" data-end=\"1423\"><span role=\"text\"><strong data-start=\"1400\" data-end=\"1421\">Visiera<\/strong><\/span><\/h3>\n<p data-start=\"1424\" data-end=\"1666\">Il design flat bill offre un'estetica moderna e urbana, molto apprezzata dalla moda hip hop e streetwear. Mantiene la sua forma nel tempo e offre un'efficace protezione solare, rendendolo elegante e funzionale per l'uso quotidiano all'aperto.<\/p>\n<h3 data-section-id=\"3nymbz\" data-start=\"1673\" data-end=\"1702\"><span role=\"text\"><strong data-start=\"1677\" data-end=\"1700\">Servizio<\/strong><\/span><\/h3>\n<p data-start=\"1703\" data-end=\"1965\">Forniamo servizi completi di OEM e ODM, supportando loghi, materiali, colori e confezioni personalizzati. Sia che abbiate un progetto gi\u00e0 pronto o che abbiate bisogno di assistenza per lo sviluppo, il nostro team garantisce una comunicazione efficiente e una produzione di alta qualit\u00e0 su misura per il vostro marchio.<\/p>\n<h3 data-section-id=\"1mx9aa5\" data-start=\"1972\" data-end=\"1997\"><span role=\"text\"><strong data-start=\"1976\" data-end=\"1995\">Tempi di consegna<\/strong><\/span><\/h3>\n<p data-start=\"1998\" data-end=\"2249\" data-is-last-node=\"\" data-is-only-node=\"\">Il nostro efficiente processo di produzione garantisce consegne rapide, con campioni completati in 7-9 giorni lavorativi e produzione di massa in 18-22 giorni lavorativi. Questa tempistica affidabile aiuta i marchi a rispettare le scadenze pi\u00f9 strette e a rispondere rapidamente alle richieste del mercato.<\/p>","protected":false},"excerpt":{"rendered":"<p>Sumkcaps 23941 Custom ricamato Hip Hop due toni cinque pannelli Snapback Cap \u00e8 uno dei popolari stile Cap, leggero e traspirante bene. I nostri Snapback sono disponibili in una variet\u00e0 di stili e colori di tutte le migliori marche.<\/p>","protected":false},"featured_media":15939,"template":"","meta":{"_acf_changed":false,"_kad_blocks_custom_css":"","_kad_blocks_head_custom_js":"","_kad_blocks_body_custom_js":"","_kad_blocks_footer_custom_js":""},"product_brand":[],"product_cat":[42],"product_tag":[],"class_list":{"0":"post-15938","1":"product","2":"type-product","3":"status-publish","4":"has-post-thumbnail","6":"product_cat-snapback-cap","8":"first","9":"outofstock","10":"shipping-taxable","11":"product-type-simple"},"acf":[],"yoast_head":"<!-- This site is optimized with the Yoast SEO Premium plugin v20.8 (Yoast SEO v25.9) - https:\/\/yoast.com\/wordpress\/plugins\/seo\/ -->\n<title>Custom Embroidery Two Tone Snapback Cap | China Manufactuer<\/title>\n<meta name=\"description\" content=\"More Than 10 Years Of Experience In The Headwear Industry. Cap Manufacturers. Add Your Logo or Custom Design Online. Expert Service. Bulk Discount.\" \/>\n<meta name=\"robots\" content=\"index, follow, max-snippet:-1, max-image-preview:large, max-video-preview:-1\" \/>\n<link rel=\"canonical\" href=\"https:\/\/sumkcaps.com\/it\/prodotto\/sufox-23941-custom-five-panel-ricamato-hip-hop-two-tone-snapback-cap\/\" \/>\n<meta property=\"og:locale\" content=\"it_IT\" \/>\n<meta property=\"og:type\" content=\"article\" \/>\n<meta property=\"og:title\" content=\"Sumkcaps 23941 Custom Five Panel Embroidered Hip Hop Two Tone Snapback Cap - Sumkcaps\" \/>\n<meta property=\"og:description\" content=\"More Than 10 Years Of Experience In The Headwear Industry. Cap Manufacturers. Add Your Logo or Custom Design Online. Expert Service. Bulk Discount.\" \/>\n<meta property=\"og:url\" content=\"https:\/\/sumkcaps.com\/it\/prodotto\/sufox-23941-custom-five-panel-ricamato-hip-hop-two-tone-snapback-cap\/\" \/>\n<meta property=\"og:site_name\" content=\"Sumkcaps-China Original Headwear Manufacturer and Suppliers\" \/>\n<meta property=\"article:publisher\" content=\"https:\/\/www.facebook.com\/sumkcap\" \/>\n<meta property=\"article:modified_time\" content=\"2026-04-03T01:51:24+00:00\" \/>\n<meta property=\"og:image\" content=\"https:\/\/sumkcaps.com\/wp-content\/uploads\/2022\/09\/hip_hop_5_panel_snapback_cap-1.jpg\" \/>\n\t<meta property=\"og:image:width\" content=\"800\" \/>\n\t<meta property=\"og:image:height\" content=\"800\" \/>\n\t<meta property=\"og:image:type\" content=\"image\/jpeg\" \/>\n<meta name=\"twitter:card\" content=\"summary_large_image\" \/>\n<meta name=\"twitter:label1\" content=\"Tempo di lettura stimato\" \/>\n\t<meta name=\"twitter:data1\" content=\"2 minuti\" \/>\n<script type=\"application\/ld+json\" class=\"yoast-schema-graph\">{\"@context\":\"https:\/\/schema.org\",\"@graph\":[{\"@type\":\"WebPage\",\"@id\":\"https:\/\/sumkcaps.com\/product\/sufox-23941-custom-five-panel-embroidered-hip-hop-two-tone-snapback-cap\/\",\"url\":\"https:\/\/sumkcaps.com\/product\/sufox-23941-custom-five-panel-embroidered-hip-hop-two-tone-snapback-cap\/\",\"name\":\"Custom Embroidery Two Tone Snapback Cap | China Manufactuer\",\"isPartOf\":{\"@id\":\"https:\/\/sumkcaps.com\/#website\"},\"primaryImageOfPage\":{\"@id\":\"https:\/\/sumkcaps.com\/product\/sufox-23941-custom-five-panel-embroidered-hip-hop-two-tone-snapback-cap\/#primaryimage\"},\"image\":{\"@id\":\"https:\/\/sumkcaps.com\/product\/sufox-23941-custom-five-panel-embroidered-hip-hop-two-tone-snapback-cap\/#primaryimage\"},\"thumbnailUrl\":\"https:\/\/sumkcaps.com\/wp-content\/uploads\/2022\/09\/hip_hop_5_panel_snapback_cap-1.jpg\",\"datePublished\":\"2022-09-29T05:48:57+00:00\",\"dateModified\":\"2026-04-03T01:51:24+00:00\",\"description\":\"More Than 10 Years Of Experience In The Headwear Industry. Cap Manufacturers. Add Your Logo or Custom Design Online. Expert Service. Bulk Discount.\",\"breadcrumb\":{\"@id\":\"https:\/\/sumkcaps.com\/product\/sufox-23941-custom-five-panel-embroidered-hip-hop-two-tone-snapback-cap\/#breadcrumb\"},\"inLanguage\":\"it-IT\",\"potentialAction\":[{\"@type\":\"ReadAction\",\"target\":[\"https:\/\/sumkcaps.com\/product\/sufox-23941-custom-five-panel-embroidered-hip-hop-two-tone-snapback-cap\/\"]}]},{\"@type\":\"ImageObject\",\"inLanguage\":\"it-IT\",\"@id\":\"https:\/\/sumkcaps.com\/product\/sufox-23941-custom-five-panel-embroidered-hip-hop-two-tone-snapback-cap\/#primaryimage\",\"url\":\"https:\/\/sumkcaps.com\/wp-content\/uploads\/2022\/09\/hip_hop_5_panel_snapback_cap-1.jpg\",\"contentUrl\":\"https:\/\/sumkcaps.com\/wp-content\/uploads\/2022\/09\/hip_hop_5_panel_snapback_cap-1.jpg\",\"width\":800,\"height\":800},{\"@type\":\"BreadcrumbList\",\"@id\":\"https:\/\/sumkcaps.com\/product\/sufox-23941-custom-five-panel-embroidered-hip-hop-two-tone-snapback-cap\/#breadcrumb\",\"itemListElement\":[{\"@type\":\"ListItem\",\"position\":1,\"name\":\"Home\",\"item\":\"https:\/\/sumkcaps.com\/\"},{\"@type\":\"ListItem\",\"position\":2,\"name\":\"Products\",\"item\":\"https:\/\/sumkcaps.com\/product\/\"},{\"@type\":\"ListItem\",\"position\":3,\"name\":\"Sumkcaps 23941 Custom Five Panel Embroidered Hip Hop Two Tone Snapback Cap\"}]},{\"@type\":\"WebSite\",\"@id\":\"https:\/\/sumkcaps.com\/#website\",\"url\":\"https:\/\/sumkcaps.com\/\",\"name\":\"Sumkcaps-China Original Headwear Manufacturer and Suppliers\",\"description\":\"We are China Cap And Hat Original Factory, whose main business is to custom cap and hat as client&#039;s LOGO. Any cap style, any cap color, any qty, any material and qty is no problem. In one words, any small details can be customized as your request.\",\"publisher\":{\"@id\":\"https:\/\/sumkcaps.com\/#organization\"},\"potentialAction\":[{\"@type\":\"SearchAction\",\"target\":{\"@type\":\"EntryPoint\",\"urlTemplate\":\"https:\/\/sumkcaps.com\/?s={search_term_string}\"},\"query-input\":{\"@type\":\"PropertyValueSpecification\",\"valueRequired\":true,\"valueName\":\"search_term_string\"}}],\"inLanguage\":\"it-IT\"},{\"@type\":\"Organization\",\"@id\":\"https:\/\/sumkcaps.com\/#organization\",\"name\":\"Sumkcaps-China Original Headwear Manufacturer and Suppliers\",\"url\":\"https:\/\/sumkcaps.com\/\",\"logo\":{\"@type\":\"ImageObject\",\"inLanguage\":\"it-IT\",\"@id\":\"https:\/\/sumkcaps.com\/#\/schema\/logo\/image\/\",\"url\":\"https:\/\/sumkcaps.com\/wp-content\/uploads\/2025\/12\/1234.jpg\",\"contentUrl\":\"https:\/\/sumkcaps.com\/wp-content\/uploads\/2025\/12\/1234.jpg\",\"width\":800,\"height\":800,\"caption\":\"Sumkcaps-China Original Headwear Manufacturer and Suppliers\"},\"image\":{\"@id\":\"https:\/\/sumkcaps.com\/#\/schema\/logo\/image\/\"},\"sameAs\":[\"https:\/\/www.facebook.com\/sumkcap\",\"https:\/\/www.instagram.com\/sumkcaps7\/\",\"https:\/\/www.pinterest.com\/sumkcapschina\/\"]}]}<\/script>\n<!-- \/ Yoast SEO Premium plugin. -->","yoast_head_json":{"title":"Personalizzato ricamo due toni Snapback Cap | Cina Manufactuer","description":"Oltre 10 anni di esperienza nel settore dei cappelli. Produttori di cappellini. Aggiungete il vostro logo o il vostro design personalizzato online. Servizio esperto. Sconti per grandi quantit\u00e0.","robots":{"index":"index","follow":"follow","max-snippet":"max-snippet:-1","max-image-preview":"max-image-preview:large","max-video-preview":"max-video-preview:-1"},"canonical":"https:\/\/sumkcaps.com\/it\/prodotto\/sufox-23941-custom-five-panel-ricamato-hip-hop-two-tone-snapback-cap\/","og_locale":"it_IT","og_type":"article","og_title":"Sumkcaps 23941 Custom Five Panel Embroidered Hip Hop Two Tone Snapback Cap - Sumkcaps","og_description":"More Than 10 Years Of Experience In The Headwear Industry. Cap Manufacturers. Add Your Logo or Custom Design Online. Expert Service. Bulk Discount.","og_url":"https:\/\/sumkcaps.com\/it\/prodotto\/sufox-23941-custom-five-panel-ricamato-hip-hop-two-tone-snapback-cap\/","og_site_name":"Sumkcaps-China Original Headwear Manufacturer and Suppliers","article_publisher":"https:\/\/www.facebook.com\/sumkcap","article_modified_time":"2026-04-03T01:51:24+00:00","og_image":[{"width":800,"height":800,"url":"https:\/\/sumkcaps.com\/wp-content\/uploads\/2022\/09\/hip_hop_5_panel_snapback_cap-1.jpg","type":"image\/jpeg"}],"twitter_card":"summary_large_image","twitter_misc":{"Tempo di lettura stimato":"2 minuti"},"schema":{"@context":"https:\/\/schema.org","@graph":[{"@type":"WebPage","@id":"https:\/\/sumkcaps.com\/product\/sufox-23941-custom-five-panel-embroidered-hip-hop-two-tone-snapback-cap\/","url":"https:\/\/sumkcaps.com\/product\/sufox-23941-custom-five-panel-embroidered-hip-hop-two-tone-snapback-cap\/","name":"Personalizzato ricamo due toni Snapback Cap | Cina Manufactuer","isPartOf":{"@id":"https:\/\/sumkcaps.com\/#website"},"primaryImageOfPage":{"@id":"https:\/\/sumkcaps.com\/product\/sufox-23941-custom-five-panel-embroidered-hip-hop-two-tone-snapback-cap\/#primaryimage"},"image":{"@id":"https:\/\/sumkcaps.com\/product\/sufox-23941-custom-five-panel-embroidered-hip-hop-two-tone-snapback-cap\/#primaryimage"},"thumbnailUrl":"https:\/\/sumkcaps.com\/wp-content\/uploads\/2022\/09\/hip_hop_5_panel_snapback_cap-1.jpg","datePublished":"2022-09-29T05:48:57+00:00","dateModified":"2026-04-03T01:51:24+00:00","description":"Oltre 10 anni di esperienza nel settore dei cappelli. Produttori di cappellini. Aggiungete il vostro logo o il vostro design personalizzato online. Servizio esperto. Sconti per grandi quantit\u00e0.","breadcrumb":{"@id":"https:\/\/sumkcaps.com\/product\/sufox-23941-custom-five-panel-embroidered-hip-hop-two-tone-snapback-cap\/#breadcrumb"},"inLanguage":"it-IT","potentialAction":[{"@type":"ReadAction","target":["https:\/\/sumkcaps.com\/product\/sufox-23941-custom-five-panel-embroidered-hip-hop-two-tone-snapback-cap\/"]}]},{"@type":"ImageObject","inLanguage":"it-IT","@id":"https:\/\/sumkcaps.com\/product\/sufox-23941-custom-five-panel-embroidered-hip-hop-two-tone-snapback-cap\/#primaryimage","url":"https:\/\/sumkcaps.com\/wp-content\/uploads\/2022\/09\/hip_hop_5_panel_snapback_cap-1.jpg","contentUrl":"https:\/\/sumkcaps.com\/wp-content\/uploads\/2022\/09\/hip_hop_5_panel_snapback_cap-1.jpg","width":800,"height":800},{"@type":"BreadcrumbList","@id":"https:\/\/sumkcaps.com\/product\/sufox-23941-custom-five-panel-embroidered-hip-hop-two-tone-snapback-cap\/#breadcrumb","itemListElement":[{"@type":"ListItem","position":1,"name":"Home","item":"https:\/\/sumkcaps.com\/"},{"@type":"ListItem","position":2,"name":"Products","item":"https:\/\/sumkcaps.com\/product\/"},{"@type":"ListItem","position":3,"name":"Sumkcaps 23941 Custom Five Panel Embroidered Hip Hop Two Tone Snapback Cap"}]},{"@type":"WebSite","@id":"https:\/\/sumkcaps.com\/#website","url":"https:\/\/sumkcaps.com\/","name":"Sumkcaps-Cina Produttore e fornitore di copricapi originali","description":"Siamo fabbrica originale del cappello e del cappuccio della Cina, di cui l'affare principale \u00e8 al cappuccio ed al cappello su ordinazione come client&#039;s LOGO. Qualsiasi stile del cappuccio, qualsiasi colore del cappuccio, qualsiasi qty, qualsiasi materiale e qty non \u00e8 un problema. In una parola, qualsiasi piccolo dettaglio pu\u00f2 essere personalizzato come vostra richiesta.","publisher":{"@id":"https:\/\/sumkcaps.com\/#organization"},"potentialAction":[{"@type":"SearchAction","target":{"@type":"EntryPoint","urlTemplate":"https:\/\/sumkcaps.com\/?s={search_term_string}"},"query-input":{"@type":"PropertyValueSpecification","valueRequired":true,"valueName":"search_term_string"}}],"inLanguage":"it-IT"},{"@type":"Organization","@id":"https:\/\/sumkcaps.com\/#organization","name":"Sumkcaps-Cina Produttore e fornitore di copricapi originali","url":"https:\/\/sumkcaps.com\/","logo":{"@type":"ImageObject","inLanguage":"it-IT","@id":"https:\/\/sumkcaps.com\/#\/schema\/logo\/image\/","url":"https:\/\/sumkcaps.com\/wp-content\/uploads\/2025\/12\/1234.jpg","contentUrl":"https:\/\/sumkcaps.com\/wp-content\/uploads\/2025\/12\/1234.jpg","width":800,"height":800,"caption":"Sumkcaps-China Original Headwear Manufacturer and Suppliers"},"image":{"@id":"https:\/\/sumkcaps.com\/#\/schema\/logo\/image\/"},"sameAs":["https:\/\/www.facebook.com\/sumkcap","https:\/\/www.instagram.com\/sumkcaps7\/","https:\/\/www.pinterest.com\/sumkcapschina\/"]}]}},"taxonomy_info":{"product_cat":[{"value":42,"label":"Snapback Hats Wholesale"}]},"featured_image_src_large":["https:\/\/sumkcaps.com\/wp-content\/uploads\/2022\/09\/hip_hop_5_panel_snapback_cap-1.jpg",800,800,false],"author_info":[],"comment_info":"","_links":{"self":[{"href":"https:\/\/sumkcaps.com\/it\/wp-json\/wp\/v2\/product\/15938","targetHints":{"allow":["GET"]}}],"collection":[{"href":"https:\/\/sumkcaps.com\/it\/wp-json\/wp\/v2\/product"}],"about":[{"href":"https:\/\/sumkcaps.com\/it\/wp-json\/wp\/v2\/types\/product"}],"wp:featuredmedia":[{"embeddable":true,"href":"https:\/\/sumkcaps.com\/it\/wp-json\/wp\/v2\/media\/15939"}],"wp:attachment":[{"href":"https:\/\/sumkcaps.com\/it\/wp-json\/wp\/v2\/media?parent=15938"}],"wp:term":[{"taxonomy":"product_brand","embeddable":true,"href":"https:\/\/sumkcaps.com\/it\/wp-json\/wp\/v2\/product_brand?post=15938"},{"taxonomy":"product_cat","embeddable":true,"href":"https:\/\/sumkcaps.com\/it\/wp-json\/wp\/v2\/product_cat?post=15938"},{"taxonomy":"product_tag","embeddable":true,"href":"https:\/\/sumkcaps.com\/it\/wp-json\/wp\/v2\/product_tag?post=15938"}],"curies":[{"name":"wp","href":"https:\/\/api.w.org\/{rel}","templated":true}]}}