{"id":14828,"date":"2022-09-19T11:20:08","date_gmt":"2022-09-19T03:20:08","guid":{"rendered":"https:\/\/sumkcaps.com\/?post_type=product&#038;p=14828"},"modified":"2026-04-03T15:36:09","modified_gmt":"2026-04-03T07:36:09","slug":"sufox-2920-custom-five-panel-printing-hip-hop-snapback-cap","status":"publish","type":"product","link":"https:\/\/sumkcaps.com\/it\/prodotto\/sufox-2920-cappellino-snapback-hip-hop-personalizzato-con-stampa-a-cinque-pannelli\/","title":{"rendered":"Sumkcaps 2920 Cappello Snapback a cinque pannelli personalizzato con stampa Hip Hop"},"content":{"rendered":"<h3 data-section-id=\"1fbq7kg\" data-start=\"126\" data-end=\"178\"><span role=\"text\"><strong data-start=\"130\" data-end=\"176\">Decorazione<\/strong><\/span><\/h3>\n<p data-start=\"179\" data-end=\"448\">Questo cappellino combina il ricamo 3D con la stampa su tutta la superficie, creando un effetto visivo dinamico e stratificato. Il ricamo in rilievo aggiunge profondit\u00e0 e consistenza, mentre la stampa all-over consente di realizzare disegni audaci e creativi, rendendolo ideale per gli stili hip hop e il branding di spicco.<\/p>\n<h3 data-section-id=\"kpdawz\" data-start=\"455\" data-end=\"492\"><span role=\"text\"><strong data-start=\"459\" data-end=\"490\">Materiale<\/strong><\/span><\/h3>\n<p data-start=\"493\" data-end=\"752\">Realizzato in misto poliestere e cotone, questo berretto offre durata e comfort. Il poliestere migliora la nitidezza della stampa e la ritenzione del colore, mentre il cotone garantisce traspirabilit\u00e0 e morbidezza al tatto, assicurando un'usura duratura e una vestibilit\u00e0 comoda per l'uso quotidiano.<\/p>\n<h3 data-section-id=\"slu0w9\" data-start=\"759\" data-end=\"787\"><span role=\"text\"><strong data-start=\"763\" data-end=\"785\">Colore<\/strong><\/span><\/h3>\n<p data-start=\"788\" data-end=\"1051\">Completamente personalizzabile nei colori, questo cappuccio supporta un'ampia gamma di possibilit\u00e0 di design, dai motivi pi\u00f9 vivaci alle tonalit\u00e0 pi\u00f9 delicate. I marchi possono soddisfare i requisiti di colore esatti o creare combinazioni uniche, garantendo una forte identit\u00e0 visiva e un forte appeal nei mercati competitivi.<\/p>\n<h3 data-section-id=\"1ujt2bk\" data-start=\"1058\" data-end=\"1097\"><span role=\"text\"><strong data-start=\"1062\" data-end=\"1095\">Vestibilit\u00e0 e dimensioni<\/strong><\/span><\/h3>\n<p data-start=\"1098\" data-end=\"1343\">Caratterizzato da una chiusura a scatto regolabile, questo cappellino offre una vestibilit\u00e0 unica che va da 7 a 7 3\/4. Offre una vestibilit\u00e0 sicura e confortevole per le varie dimensioni della testa, rendendolo una scelta eccellente per la produzione di grandi quantit\u00e0 e per un pubblico eterogeneo.<\/p>\n<h3 data-section-id=\"3asju8\" data-start=\"1350\" data-end=\"1377\"><span role=\"text\"><strong data-start=\"1354\" data-end=\"1375\">Visiera<\/strong><\/span><\/h3>\n<p data-start=\"1378\" data-end=\"1606\">La visiera flat bill offre un look moderno e strutturato, in linea con le tendenze hip hop e streetwear. Mantiene la sua forma nel tempo e offre un'efficace protezione solare, combinando stile e praticit\u00e0 per l'uso quotidiano.<\/p>\n<h3 data-section-id=\"3nymbz\" data-start=\"1613\" data-end=\"1642\"><span role=\"text\"><strong data-start=\"1617\" data-end=\"1640\">Servizio<\/strong><\/span><\/h3>\n<p data-start=\"1643\" data-end=\"1889\">Offriamo servizi completi OEM e ODM, compresi loghi, materiali, colori e confezioni personalizzati. Il nostro team di esperti garantisce un'esecuzione precisa dei vostri progetti, aiutandovi a dare vita alla visione del vostro marchio con standard di produzione di alta qualit\u00e0.<\/p>\n<h3 data-section-id=\"1mx9aa5\" data-start=\"1896\" data-end=\"1921\"><span role=\"text\"><strong data-start=\"1900\" data-end=\"1919\">Tempi di consegna<\/strong><\/span><\/h3>\n<p data-start=\"1922\" data-end=\"2161\" data-is-last-node=\"\" data-is-only-node=\"\">Il nostro efficiente processo di produzione garantisce tempi rapidi: i campioni vengono completati in 7-9 giorni lavorativi e la produzione di massa in 18-22 giorni lavorativi. Ci\u00f2 consente ai marchi di rispettare le scadenze e di rispondere rapidamente alle richieste del mercato.<\/p>","protected":false},"excerpt":{"rendered":"<p>Sumkcaps 2920 Custom Five Panel Printing Hip Hop Snapback Cap \u00e8 uno degli stili pi\u00f9 popolari di berretto, leggero e traspirante. I nostri Snapback sono disponibili in una variet\u00e0 di stili e colori di tutte le migliori marche.<\/p>","protected":false},"featured_media":14829,"template":"","meta":{"_acf_changed":false,"_kad_blocks_custom_css":"","_kad_blocks_head_custom_js":"","_kad_blocks_body_custom_js":"","_kad_blocks_footer_custom_js":""},"product_brand":[],"product_cat":[42],"product_tag":[],"class_list":{"0":"post-14828","1":"product","2":"type-product","3":"status-publish","4":"has-post-thumbnail","6":"product_cat-snapback-cap","8":"first","9":"outofstock","10":"shipping-taxable","11":"product-type-simple"},"acf":[],"yoast_head":"<!-- This site is optimized with the Yoast SEO Premium plugin v20.8 (Yoast SEO v25.9) - https:\/\/yoast.com\/wordpress\/plugins\/seo\/ -->\n<title>Custom Printing Hip Hop Snapback Cap | China Manufactuer<\/title>\n<meta name=\"description\" content=\"High Quality China Custom Headwear Manufacturer. Top Quality Products At Best Prices. Add Your Logo or Custom Design Online. Expert Service. Bulk Discount.\" \/>\n<meta name=\"robots\" content=\"index, follow, max-snippet:-1, max-image-preview:large, max-video-preview:-1\" \/>\n<link rel=\"canonical\" href=\"https:\/\/sumkcaps.com\/it\/prodotto\/sufox-2920-cappellino-snapback-hip-hop-personalizzato-con-stampa-a-cinque-pannelli\/\" \/>\n<meta property=\"og:locale\" content=\"it_IT\" \/>\n<meta property=\"og:type\" content=\"article\" \/>\n<meta property=\"og:title\" content=\"Sumkcaps 2920 Custom Five Panel Printing Hip Hop Snapback Cap - Sumkcaps\" \/>\n<meta property=\"og:description\" content=\"High Quality China Custom Headwear Manufacturer. Top Quality Products At Best Prices. Add Your Logo or Custom Design Online. Expert Service. Bulk Discount.\" \/>\n<meta property=\"og:url\" content=\"https:\/\/sumkcaps.com\/it\/prodotto\/sufox-2920-cappellino-snapback-hip-hop-personalizzato-con-stampa-a-cinque-pannelli\/\" \/>\n<meta property=\"og:site_name\" content=\"Sumkcaps-China Original Headwear Manufacturer and Suppliers\" \/>\n<meta property=\"article:publisher\" content=\"https:\/\/www.facebook.com\/sumkcap\" \/>\n<meta property=\"article:modified_time\" content=\"2026-04-03T07:36:09+00:00\" \/>\n<meta property=\"og:image\" content=\"https:\/\/sumkcaps.com\/wp-content\/uploads\/2022\/09\/Printed_Hip_Hop_Snapback_Hat-2.jpg\" \/>\n\t<meta property=\"og:image:width\" content=\"1000\" \/>\n\t<meta property=\"og:image:height\" content=\"1000\" \/>\n\t<meta property=\"og:image:type\" content=\"image\/jpeg\" \/>\n<meta name=\"twitter:card\" content=\"summary_large_image\" \/>\n<meta name=\"twitter:label1\" content=\"Tempo di lettura stimato\" \/>\n\t<meta name=\"twitter:data1\" content=\"2 minuti\" \/>\n<script type=\"application\/ld+json\" class=\"yoast-schema-graph\">{\"@context\":\"https:\/\/schema.org\",\"@graph\":[{\"@type\":\"WebPage\",\"@id\":\"https:\/\/sumkcaps.com\/product\/sufox-2920-custom-five-panel-printing-hip-hop-snapback-cap\/\",\"url\":\"https:\/\/sumkcaps.com\/product\/sufox-2920-custom-five-panel-printing-hip-hop-snapback-cap\/\",\"name\":\"Custom Printing Hip Hop Snapback Cap | China Manufactuer\",\"isPartOf\":{\"@id\":\"https:\/\/sumkcaps.com\/#website\"},\"primaryImageOfPage\":{\"@id\":\"https:\/\/sumkcaps.com\/product\/sufox-2920-custom-five-panel-printing-hip-hop-snapback-cap\/#primaryimage\"},\"image\":{\"@id\":\"https:\/\/sumkcaps.com\/product\/sufox-2920-custom-five-panel-printing-hip-hop-snapback-cap\/#primaryimage\"},\"thumbnailUrl\":\"https:\/\/sumkcaps.com\/wp-content\/uploads\/2022\/09\/Printed_Hip_Hop_Snapback_Hat-2.jpg\",\"datePublished\":\"2022-09-19T03:20:08+00:00\",\"dateModified\":\"2026-04-03T07:36:09+00:00\",\"description\":\"High Quality China Custom Headwear Manufacturer. Top Quality Products At Best Prices. Add Your Logo or Custom Design Online. Expert Service. Bulk Discount.\",\"breadcrumb\":{\"@id\":\"https:\/\/sumkcaps.com\/product\/sufox-2920-custom-five-panel-printing-hip-hop-snapback-cap\/#breadcrumb\"},\"inLanguage\":\"it-IT\",\"potentialAction\":[{\"@type\":\"ReadAction\",\"target\":[\"https:\/\/sumkcaps.com\/product\/sufox-2920-custom-five-panel-printing-hip-hop-snapback-cap\/\"]}]},{\"@type\":\"ImageObject\",\"inLanguage\":\"it-IT\",\"@id\":\"https:\/\/sumkcaps.com\/product\/sufox-2920-custom-five-panel-printing-hip-hop-snapback-cap\/#primaryimage\",\"url\":\"https:\/\/sumkcaps.com\/wp-content\/uploads\/2022\/09\/Printed_Hip_Hop_Snapback_Hat-2.jpg\",\"contentUrl\":\"https:\/\/sumkcaps.com\/wp-content\/uploads\/2022\/09\/Printed_Hip_Hop_Snapback_Hat-2.jpg\",\"width\":1000,\"height\":1000,\"caption\":\"Custom Printing Snapback\"},{\"@type\":\"BreadcrumbList\",\"@id\":\"https:\/\/sumkcaps.com\/product\/sufox-2920-custom-five-panel-printing-hip-hop-snapback-cap\/#breadcrumb\",\"itemListElement\":[{\"@type\":\"ListItem\",\"position\":1,\"name\":\"Home\",\"item\":\"https:\/\/sumkcaps.com\/\"},{\"@type\":\"ListItem\",\"position\":2,\"name\":\"Products\",\"item\":\"https:\/\/sumkcaps.com\/product\/\"},{\"@type\":\"ListItem\",\"position\":3,\"name\":\"Sumkcaps 2920 Custom Five Panel Printing Hip Hop Snapback Cap\"}]},{\"@type\":\"WebSite\",\"@id\":\"https:\/\/sumkcaps.com\/#website\",\"url\":\"https:\/\/sumkcaps.com\/\",\"name\":\"Sumkcaps-China Original Headwear Manufacturer and Suppliers\",\"description\":\"We are China Cap And Hat Original Factory, whose main business is to custom cap and hat as client&#039;s LOGO. Any cap style, any cap color, any qty, any material and qty is no problem. In one words, any small details can be customized as your request.\",\"publisher\":{\"@id\":\"https:\/\/sumkcaps.com\/#organization\"},\"potentialAction\":[{\"@type\":\"SearchAction\",\"target\":{\"@type\":\"EntryPoint\",\"urlTemplate\":\"https:\/\/sumkcaps.com\/?s={search_term_string}\"},\"query-input\":{\"@type\":\"PropertyValueSpecification\",\"valueRequired\":true,\"valueName\":\"search_term_string\"}}],\"inLanguage\":\"it-IT\"},{\"@type\":\"Organization\",\"@id\":\"https:\/\/sumkcaps.com\/#organization\",\"name\":\"Sumkcaps-China Original Headwear Manufacturer and Suppliers\",\"url\":\"https:\/\/sumkcaps.com\/\",\"logo\":{\"@type\":\"ImageObject\",\"inLanguage\":\"it-IT\",\"@id\":\"https:\/\/sumkcaps.com\/#\/schema\/logo\/image\/\",\"url\":\"https:\/\/sumkcaps.com\/wp-content\/uploads\/2025\/12\/1234.jpg\",\"contentUrl\":\"https:\/\/sumkcaps.com\/wp-content\/uploads\/2025\/12\/1234.jpg\",\"width\":800,\"height\":800,\"caption\":\"Sumkcaps-China Original Headwear Manufacturer and Suppliers\"},\"image\":{\"@id\":\"https:\/\/sumkcaps.com\/#\/schema\/logo\/image\/\"},\"sameAs\":[\"https:\/\/www.facebook.com\/sumkcap\",\"https:\/\/www.instagram.com\/sumkcaps7\/\",\"https:\/\/www.pinterest.com\/sumkcapschina\/\"]}]}<\/script>\n<!-- \/ Yoast SEO Premium plugin. -->","yoast_head_json":{"title":"Personalizzato stampa Hip Hop Snapback Cap | Cina Manufactuer","description":"Alta qualit\u00e0 Cina Produttore di copricapi personalizzati. Prodotti di alta qualit\u00e0 ai migliori prezzi. Aggiungete il vostro logo o il vostro design personalizzato online. Servizio esperto. Sconto in blocco.","robots":{"index":"index","follow":"follow","max-snippet":"max-snippet:-1","max-image-preview":"max-image-preview:large","max-video-preview":"max-video-preview:-1"},"canonical":"https:\/\/sumkcaps.com\/it\/prodotto\/sufox-2920-cappellino-snapback-hip-hop-personalizzato-con-stampa-a-cinque-pannelli\/","og_locale":"it_IT","og_type":"article","og_title":"Sumkcaps 2920 Custom Five Panel Printing Hip Hop Snapback Cap - Sumkcaps","og_description":"High Quality China Custom Headwear Manufacturer. Top Quality Products At Best Prices. Add Your Logo or Custom Design Online. Expert Service. Bulk Discount.","og_url":"https:\/\/sumkcaps.com\/it\/prodotto\/sufox-2920-cappellino-snapback-hip-hop-personalizzato-con-stampa-a-cinque-pannelli\/","og_site_name":"Sumkcaps-China Original Headwear Manufacturer and Suppliers","article_publisher":"https:\/\/www.facebook.com\/sumkcap","article_modified_time":"2026-04-03T07:36:09+00:00","og_image":[{"width":1000,"height":1000,"url":"https:\/\/sumkcaps.com\/wp-content\/uploads\/2022\/09\/Printed_Hip_Hop_Snapback_Hat-2.jpg","type":"image\/jpeg"}],"twitter_card":"summary_large_image","twitter_misc":{"Tempo di lettura stimato":"2 minuti"},"schema":{"@context":"https:\/\/schema.org","@graph":[{"@type":"WebPage","@id":"https:\/\/sumkcaps.com\/product\/sufox-2920-custom-five-panel-printing-hip-hop-snapback-cap\/","url":"https:\/\/sumkcaps.com\/product\/sufox-2920-custom-five-panel-printing-hip-hop-snapback-cap\/","name":"Personalizzato stampa Hip Hop Snapback Cap | Cina Manufactuer","isPartOf":{"@id":"https:\/\/sumkcaps.com\/#website"},"primaryImageOfPage":{"@id":"https:\/\/sumkcaps.com\/product\/sufox-2920-custom-five-panel-printing-hip-hop-snapback-cap\/#primaryimage"},"image":{"@id":"https:\/\/sumkcaps.com\/product\/sufox-2920-custom-five-panel-printing-hip-hop-snapback-cap\/#primaryimage"},"thumbnailUrl":"https:\/\/sumkcaps.com\/wp-content\/uploads\/2022\/09\/Printed_Hip_Hop_Snapback_Hat-2.jpg","datePublished":"2022-09-19T03:20:08+00:00","dateModified":"2026-04-03T07:36:09+00:00","description":"Alta qualit\u00e0 Cina Produttore di copricapi personalizzati. Prodotti di alta qualit\u00e0 ai migliori prezzi. Aggiungete il vostro logo o il vostro design personalizzato online. Servizio esperto. Sconto in blocco.","breadcrumb":{"@id":"https:\/\/sumkcaps.com\/product\/sufox-2920-custom-five-panel-printing-hip-hop-snapback-cap\/#breadcrumb"},"inLanguage":"it-IT","potentialAction":[{"@type":"ReadAction","target":["https:\/\/sumkcaps.com\/product\/sufox-2920-custom-five-panel-printing-hip-hop-snapback-cap\/"]}]},{"@type":"ImageObject","inLanguage":"it-IT","@id":"https:\/\/sumkcaps.com\/product\/sufox-2920-custom-five-panel-printing-hip-hop-snapback-cap\/#primaryimage","url":"https:\/\/sumkcaps.com\/wp-content\/uploads\/2022\/09\/Printed_Hip_Hop_Snapback_Hat-2.jpg","contentUrl":"https:\/\/sumkcaps.com\/wp-content\/uploads\/2022\/09\/Printed_Hip_Hop_Snapback_Hat-2.jpg","width":1000,"height":1000,"caption":"Custom Printing Snapback"},{"@type":"BreadcrumbList","@id":"https:\/\/sumkcaps.com\/product\/sufox-2920-custom-five-panel-printing-hip-hop-snapback-cap\/#breadcrumb","itemListElement":[{"@type":"ListItem","position":1,"name":"Home","item":"https:\/\/sumkcaps.com\/"},{"@type":"ListItem","position":2,"name":"Products","item":"https:\/\/sumkcaps.com\/product\/"},{"@type":"ListItem","position":3,"name":"Sumkcaps 2920 Custom Five Panel Printing Hip Hop Snapback Cap"}]},{"@type":"WebSite","@id":"https:\/\/sumkcaps.com\/#website","url":"https:\/\/sumkcaps.com\/","name":"Sumkcaps-Cina Produttore e fornitore di copricapi originali","description":"Siamo fabbrica originale del cappello e del cappuccio della Cina, di cui l'affare principale \u00e8 al cappuccio ed al cappello su ordinazione come client&#039;s LOGO. Qualsiasi stile del cappuccio, qualsiasi colore del cappuccio, qualsiasi qty, qualsiasi materiale e qty non \u00e8 un problema. In una parola, qualsiasi piccolo dettaglio pu\u00f2 essere personalizzato come vostra richiesta.","publisher":{"@id":"https:\/\/sumkcaps.com\/#organization"},"potentialAction":[{"@type":"SearchAction","target":{"@type":"EntryPoint","urlTemplate":"https:\/\/sumkcaps.com\/?s={search_term_string}"},"query-input":{"@type":"PropertyValueSpecification","valueRequired":true,"valueName":"search_term_string"}}],"inLanguage":"it-IT"},{"@type":"Organization","@id":"https:\/\/sumkcaps.com\/#organization","name":"Sumkcaps-Cina Produttore e fornitore di copricapi originali","url":"https:\/\/sumkcaps.com\/","logo":{"@type":"ImageObject","inLanguage":"it-IT","@id":"https:\/\/sumkcaps.com\/#\/schema\/logo\/image\/","url":"https:\/\/sumkcaps.com\/wp-content\/uploads\/2025\/12\/1234.jpg","contentUrl":"https:\/\/sumkcaps.com\/wp-content\/uploads\/2025\/12\/1234.jpg","width":800,"height":800,"caption":"Sumkcaps-China Original Headwear Manufacturer and Suppliers"},"image":{"@id":"https:\/\/sumkcaps.com\/#\/schema\/logo\/image\/"},"sameAs":["https:\/\/www.facebook.com\/sumkcap","https:\/\/www.instagram.com\/sumkcaps7\/","https:\/\/www.pinterest.com\/sumkcapschina\/"]}]}},"taxonomy_info":{"product_cat":[{"value":42,"label":"Snapback Hats Wholesale"}]},"featured_image_src_large":["https:\/\/sumkcaps.com\/wp-content\/uploads\/2022\/09\/Printed_Hip_Hop_Snapback_Hat-2.jpg",800,800,false],"author_info":[],"comment_info":"","_links":{"self":[{"href":"https:\/\/sumkcaps.com\/it\/wp-json\/wp\/v2\/product\/14828","targetHints":{"allow":["GET"]}}],"collection":[{"href":"https:\/\/sumkcaps.com\/it\/wp-json\/wp\/v2\/product"}],"about":[{"href":"https:\/\/sumkcaps.com\/it\/wp-json\/wp\/v2\/types\/product"}],"wp:featuredmedia":[{"embeddable":true,"href":"https:\/\/sumkcaps.com\/it\/wp-json\/wp\/v2\/media\/14829"}],"wp:attachment":[{"href":"https:\/\/sumkcaps.com\/it\/wp-json\/wp\/v2\/media?parent=14828"}],"wp:term":[{"taxonomy":"product_brand","embeddable":true,"href":"https:\/\/sumkcaps.com\/it\/wp-json\/wp\/v2\/product_brand?post=14828"},{"taxonomy":"product_cat","embeddable":true,"href":"https:\/\/sumkcaps.com\/it\/wp-json\/wp\/v2\/product_cat?post=14828"},{"taxonomy":"product_tag","embeddable":true,"href":"https:\/\/sumkcaps.com\/it\/wp-json\/wp\/v2\/product_tag?post=14828"}],"curies":[{"name":"wp","href":"https:\/\/api.w.org\/{rel}","templated":true}]}}