{"id":14782,"date":"2022-09-19T10:03:39","date_gmt":"2022-09-19T02:03:39","guid":{"rendered":"https:\/\/sumkcaps.com\/?post_type=product&#038;p=14782"},"modified":"2026-04-03T15:51:39","modified_gmt":"2026-04-03T07:51:39","slug":"sufox-2905-custom-six-panel-acrylic-3d-embroidered-snapback-cap","status":"publish","type":"product","link":"https:\/\/sumkcaps.com\/it\/prodotto\/sufox-2905-cappellino-snapback-ricamato-3d-in-acrilico-a-sei-pannelli-personalizzato\/","title":{"rendered":"Sumkcaps 2905 Cappello snapback personalizzato a sei pannelli in acrilico ricamato in 3D"},"content":{"rendered":"<h3 data-section-id=\"172k1up\" data-start=\"126\" data-end=\"171\"><span role=\"text\"><strong data-start=\"130\" data-end=\"169\">Decorazione<\/strong><\/span><\/h3>\n<p data-start=\"172\" data-end=\"458\">This cap features premium 3D embroidery combined with fully customizable design options, allowing for raised, textured logos with strong visual impact. The detailed stitching ensures durability and precision, making it ideal for bold branding, team identity, and streetwear collections.<\/p>\n<h3 data-section-id=\"1p2br5x\" data-start=\"465\" data-end=\"498\"><span role=\"text\"><strong data-start=\"469\" data-end=\"496\">Materiale<\/strong><\/span><\/h3>\n<p data-start=\"499\" data-end=\"770\">Made from 100% acrylic, this cap offers excellent durability and shape retention. The fabric is lightweight, wrinkle-resistant, and easy to maintain, providing a structured and clean appearance. It is well-suited for everyday wear while maintaining long-term performance.<\/p>\n<h3 data-section-id=\"slu0w9\" data-start=\"777\" data-end=\"805\"><span role=\"text\"><strong data-start=\"781\" data-end=\"803\">Colore<\/strong><\/span><\/h3>\n<p data-start=\"806\" data-end=\"1064\">Available in fully customized colors, this cap allows brands to match Pantone shades or create unique combinations. Whether you prefer subtle tones or bold contrasts, the flexible color options help enhance brand identity and create a strong visual presence.<\/p>\n<h3 data-section-id=\"1ujt2bk\" data-start=\"1071\" data-end=\"1110\"><span role=\"text\"><strong data-start=\"1075\" data-end=\"1108\">Vestibilit\u00e0 e dimensioni<\/strong><\/span><\/h3>\n<p data-start=\"1111\" data-end=\"1355\">Equipped with an adjustable snapback closure, this cap offers a one-size-fits-most fit ranging from 7 to 7 3\/4. It ensures a secure and comfortable fit for a wide range of head sizes, making it ideal for bulk orders and diverse customer groups.<\/p>\n<h3 data-section-id=\"3asju8\" data-start=\"1362\" data-end=\"1389\"><span role=\"text\"><strong data-start=\"1366\" data-end=\"1387\">Visiera<\/strong><\/span><\/h3>\n<p data-start=\"1390\" data-end=\"1613\">The flat bill visor provides a modern and structured look that aligns with current streetwear trends. It maintains its shape over time and offers effective sun protection, combining both style and function for everyday use.<\/p>\n<h3 data-section-id=\"3nymbz\" data-start=\"1620\" data-end=\"1649\"><span role=\"text\"><strong data-start=\"1624\" data-end=\"1647\">Servizio<\/strong><\/span><\/h3>\n<p data-start=\"1650\" data-end=\"1885\">We provide comprehensive OEM and ODM services, supporting custom logos, materials, colors, and packaging. Our professional team works closely with clients to ensure high-quality production and accurate execution of every design detail.<\/p>\n<h3 data-section-id=\"1mx9aa5\" data-start=\"1892\" data-end=\"1917\"><span role=\"text\"><strong data-start=\"1896\" data-end=\"1915\">Tempi di consegna<\/strong><\/span><\/h3>\n<p data-start=\"1918\" data-end=\"2151\" data-is-last-node=\"\" data-is-only-node=\"\">Our efficient production process ensures fast turnaround times. Samples are completed within 7\u20139 working days, while bulk production takes 18\u201322 working days, helping you meet deadlines and respond quickly to changing market demands.<\/p>","protected":false},"excerpt":{"rendered":"<p>Sumkcaps 2905 Custom Six Panel Acrylic 3D Embroidered Snapback Cap \u00e8 uno degli stili pi\u00f9 popolari di berretto, leggero e traspirante. I nostri Snapback sono disponibili in una variet\u00e0 di stili e colori di tutte le migliori marche.<\/p>","protected":false},"featured_media":14783,"template":"","meta":{"_acf_changed":false,"_kad_blocks_custom_css":"","_kad_blocks_head_custom_js":"","_kad_blocks_body_custom_js":"","_kad_blocks_footer_custom_js":""},"product_brand":[],"product_cat":[42],"product_tag":[],"class_list":{"0":"post-14782","1":"product","2":"type-product","3":"status-publish","4":"has-post-thumbnail","6":"product_cat-snapback-cap","8":"first","9":"outofstock","10":"shipping-taxable","11":"product-type-simple"},"acf":[],"yoast_head":"<!-- This site is optimized with the Yoast SEO Premium plugin v20.8 (Yoast SEO v25.9) - https:\/\/yoast.com\/wordpress\/plugins\/seo\/ -->\n<title>Custom 3D Embroidered Snapback Cap | China Manufactuer<\/title>\n<meta name=\"description\" content=\"High Quality China Custom Headwear Manufacturer. Top Quality Products At Best Prices. Add Your Logo or Custom Design Online. Expert Service. Bulk Discount.\" \/>\n<meta name=\"robots\" content=\"index, follow, max-snippet:-1, max-image-preview:large, max-video-preview:-1\" \/>\n<link rel=\"canonical\" href=\"https:\/\/sumkcaps.com\/it\/prodotto\/sufox-2905-cappellino-snapback-ricamato-3d-in-acrilico-a-sei-pannelli-personalizzato\/\" \/>\n<meta property=\"og:locale\" content=\"it_IT\" \/>\n<meta property=\"og:type\" content=\"article\" \/>\n<meta property=\"og:title\" content=\"Sumkcaps 2905 Custom Six Panel Acrylic 3D Embroidered Snapback Cap - Sumkcaps\" \/>\n<meta property=\"og:description\" content=\"High Quality China Custom Headwear Manufacturer. Top Quality Products At Best Prices. Add Your Logo or Custom Design Online. Expert Service. Bulk Discount.\" \/>\n<meta property=\"og:url\" content=\"https:\/\/sumkcaps.com\/it\/prodotto\/sufox-2905-cappellino-snapback-ricamato-3d-in-acrilico-a-sei-pannelli-personalizzato\/\" \/>\n<meta property=\"og:site_name\" content=\"Sumkcaps-China Original Headwear Manufacturer and Suppliers\" \/>\n<meta property=\"article:publisher\" content=\"https:\/\/www.facebook.com\/sumkcap\" \/>\n<meta property=\"article:modified_time\" content=\"2026-04-03T07:51:39+00:00\" \/>\n<meta property=\"og:image\" content=\"https:\/\/sumkcaps.com\/wp-content\/uploads\/2022\/09\/3d_puff_satin_hat-2.jpg\" \/>\n\t<meta property=\"og:image:width\" content=\"1000\" \/>\n\t<meta property=\"og:image:height\" content=\"1000\" \/>\n\t<meta property=\"og:image:type\" content=\"image\/jpeg\" \/>\n<meta name=\"twitter:card\" content=\"summary_large_image\" \/>\n<meta name=\"twitter:label1\" content=\"Tempo di lettura stimato\" \/>\n\t<meta name=\"twitter:data1\" content=\"2 minuti\" \/>\n<script type=\"application\/ld+json\" class=\"yoast-schema-graph\">{\"@context\":\"https:\/\/schema.org\",\"@graph\":[{\"@type\":\"WebPage\",\"@id\":\"https:\/\/sumkcaps.com\/product\/sufox-2905-custom-six-panel-acrylic-3d-embroidered-snapback-cap\/\",\"url\":\"https:\/\/sumkcaps.com\/product\/sufox-2905-custom-six-panel-acrylic-3d-embroidered-snapback-cap\/\",\"name\":\"Custom 3D Embroidered Snapback Cap | China Manufactuer\",\"isPartOf\":{\"@id\":\"https:\/\/sumkcaps.com\/#website\"},\"primaryImageOfPage\":{\"@id\":\"https:\/\/sumkcaps.com\/product\/sufox-2905-custom-six-panel-acrylic-3d-embroidered-snapback-cap\/#primaryimage\"},\"image\":{\"@id\":\"https:\/\/sumkcaps.com\/product\/sufox-2905-custom-six-panel-acrylic-3d-embroidered-snapback-cap\/#primaryimage\"},\"thumbnailUrl\":\"https:\/\/sumkcaps.com\/wp-content\/uploads\/2022\/09\/3d_puff_satin_hat-2.jpg\",\"datePublished\":\"2022-09-19T02:03:39+00:00\",\"dateModified\":\"2026-04-03T07:51:39+00:00\",\"description\":\"High Quality China Custom Headwear Manufacturer. Top Quality Products At Best Prices. Add Your Logo or Custom Design Online. Expert Service. Bulk Discount.\",\"breadcrumb\":{\"@id\":\"https:\/\/sumkcaps.com\/product\/sufox-2905-custom-six-panel-acrylic-3d-embroidered-snapback-cap\/#breadcrumb\"},\"inLanguage\":\"it-IT\",\"potentialAction\":[{\"@type\":\"ReadAction\",\"target\":[\"https:\/\/sumkcaps.com\/product\/sufox-2905-custom-six-panel-acrylic-3d-embroidered-snapback-cap\/\"]}]},{\"@type\":\"ImageObject\",\"inLanguage\":\"it-IT\",\"@id\":\"https:\/\/sumkcaps.com\/product\/sufox-2905-custom-six-panel-acrylic-3d-embroidered-snapback-cap\/#primaryimage\",\"url\":\"https:\/\/sumkcaps.com\/wp-content\/uploads\/2022\/09\/3d_puff_satin_hat-2.jpg\",\"contentUrl\":\"https:\/\/sumkcaps.com\/wp-content\/uploads\/2022\/09\/3d_puff_satin_hat-2.jpg\",\"width\":1000,\"height\":1000,\"caption\":\"Custom Snapback Cap\"},{\"@type\":\"BreadcrumbList\",\"@id\":\"https:\/\/sumkcaps.com\/product\/sufox-2905-custom-six-panel-acrylic-3d-embroidered-snapback-cap\/#breadcrumb\",\"itemListElement\":[{\"@type\":\"ListItem\",\"position\":1,\"name\":\"Home\",\"item\":\"https:\/\/sumkcaps.com\/\"},{\"@type\":\"ListItem\",\"position\":2,\"name\":\"Products\",\"item\":\"https:\/\/sumkcaps.com\/product\/\"},{\"@type\":\"ListItem\",\"position\":3,\"name\":\"Sumkcaps 2905 Custom Six Panel Acrylic 3D Embroidered Snapback Cap\"}]},{\"@type\":\"WebSite\",\"@id\":\"https:\/\/sumkcaps.com\/#website\",\"url\":\"https:\/\/sumkcaps.com\/\",\"name\":\"Sumkcaps-China Original Headwear Manufacturer and Suppliers\",\"description\":\"We are China Cap And Hat Original Factory, whose main business is to custom cap and hat as client&#039;s LOGO. Any cap style, any cap color, any qty, any material and qty is no problem. In one words, any small details can be customized as your request.\",\"publisher\":{\"@id\":\"https:\/\/sumkcaps.com\/#organization\"},\"potentialAction\":[{\"@type\":\"SearchAction\",\"target\":{\"@type\":\"EntryPoint\",\"urlTemplate\":\"https:\/\/sumkcaps.com\/?s={search_term_string}\"},\"query-input\":{\"@type\":\"PropertyValueSpecification\",\"valueRequired\":true,\"valueName\":\"search_term_string\"}}],\"inLanguage\":\"it-IT\"},{\"@type\":\"Organization\",\"@id\":\"https:\/\/sumkcaps.com\/#organization\",\"name\":\"Sumkcaps-China Original Headwear Manufacturer and Suppliers\",\"url\":\"https:\/\/sumkcaps.com\/\",\"logo\":{\"@type\":\"ImageObject\",\"inLanguage\":\"it-IT\",\"@id\":\"https:\/\/sumkcaps.com\/#\/schema\/logo\/image\/\",\"url\":\"https:\/\/sumkcaps.com\/wp-content\/uploads\/2025\/12\/1234.jpg\",\"contentUrl\":\"https:\/\/sumkcaps.com\/wp-content\/uploads\/2025\/12\/1234.jpg\",\"width\":800,\"height\":800,\"caption\":\"Sumkcaps-China Original Headwear Manufacturer and Suppliers\"},\"image\":{\"@id\":\"https:\/\/sumkcaps.com\/#\/schema\/logo\/image\/\"},\"sameAs\":[\"https:\/\/www.facebook.com\/sumkcap\",\"https:\/\/www.instagram.com\/sumkcaps7\/\",\"https:\/\/www.pinterest.com\/sumkcapschina\/\"]}]}<\/script>\n<!-- \/ Yoast SEO Premium plugin. -->","yoast_head_json":{"title":"Custom 3D ricamato Snapback Cap | Cina Manufactuer","description":"Alta qualit\u00e0 Cina Produttore di copricapi personalizzati. Prodotti di alta qualit\u00e0 ai migliori prezzi. Aggiungete il vostro logo o il vostro design personalizzato online. Servizio esperto. Sconto in blocco.","robots":{"index":"index","follow":"follow","max-snippet":"max-snippet:-1","max-image-preview":"max-image-preview:large","max-video-preview":"max-video-preview:-1"},"canonical":"https:\/\/sumkcaps.com\/it\/prodotto\/sufox-2905-cappellino-snapback-ricamato-3d-in-acrilico-a-sei-pannelli-personalizzato\/","og_locale":"it_IT","og_type":"article","og_title":"Sumkcaps 2905 Custom Six Panel Acrylic 3D Embroidered Snapback Cap - Sumkcaps","og_description":"High Quality China Custom Headwear Manufacturer. Top Quality Products At Best Prices. Add Your Logo or Custom Design Online. Expert Service. Bulk Discount.","og_url":"https:\/\/sumkcaps.com\/it\/prodotto\/sufox-2905-cappellino-snapback-ricamato-3d-in-acrilico-a-sei-pannelli-personalizzato\/","og_site_name":"Sumkcaps-China Original Headwear Manufacturer and Suppliers","article_publisher":"https:\/\/www.facebook.com\/sumkcap","article_modified_time":"2026-04-03T07:51:39+00:00","og_image":[{"width":1000,"height":1000,"url":"https:\/\/sumkcaps.com\/wp-content\/uploads\/2022\/09\/3d_puff_satin_hat-2.jpg","type":"image\/jpeg"}],"twitter_card":"summary_large_image","twitter_misc":{"Tempo di lettura stimato":"2 minuti"},"schema":{"@context":"https:\/\/schema.org","@graph":[{"@type":"WebPage","@id":"https:\/\/sumkcaps.com\/product\/sufox-2905-custom-six-panel-acrylic-3d-embroidered-snapback-cap\/","url":"https:\/\/sumkcaps.com\/product\/sufox-2905-custom-six-panel-acrylic-3d-embroidered-snapback-cap\/","name":"Custom 3D ricamato Snapback Cap | Cina Manufactuer","isPartOf":{"@id":"https:\/\/sumkcaps.com\/#website"},"primaryImageOfPage":{"@id":"https:\/\/sumkcaps.com\/product\/sufox-2905-custom-six-panel-acrylic-3d-embroidered-snapback-cap\/#primaryimage"},"image":{"@id":"https:\/\/sumkcaps.com\/product\/sufox-2905-custom-six-panel-acrylic-3d-embroidered-snapback-cap\/#primaryimage"},"thumbnailUrl":"https:\/\/sumkcaps.com\/wp-content\/uploads\/2022\/09\/3d_puff_satin_hat-2.jpg","datePublished":"2022-09-19T02:03:39+00:00","dateModified":"2026-04-03T07:51:39+00:00","description":"Alta qualit\u00e0 Cina Produttore di copricapi personalizzati. Prodotti di alta qualit\u00e0 ai migliori prezzi. Aggiungete il vostro logo o il vostro design personalizzato online. Servizio esperto. Sconto in blocco.","breadcrumb":{"@id":"https:\/\/sumkcaps.com\/product\/sufox-2905-custom-six-panel-acrylic-3d-embroidered-snapback-cap\/#breadcrumb"},"inLanguage":"it-IT","potentialAction":[{"@type":"ReadAction","target":["https:\/\/sumkcaps.com\/product\/sufox-2905-custom-six-panel-acrylic-3d-embroidered-snapback-cap\/"]}]},{"@type":"ImageObject","inLanguage":"it-IT","@id":"https:\/\/sumkcaps.com\/product\/sufox-2905-custom-six-panel-acrylic-3d-embroidered-snapback-cap\/#primaryimage","url":"https:\/\/sumkcaps.com\/wp-content\/uploads\/2022\/09\/3d_puff_satin_hat-2.jpg","contentUrl":"https:\/\/sumkcaps.com\/wp-content\/uploads\/2022\/09\/3d_puff_satin_hat-2.jpg","width":1000,"height":1000,"caption":"Custom Snapback Cap"},{"@type":"BreadcrumbList","@id":"https:\/\/sumkcaps.com\/product\/sufox-2905-custom-six-panel-acrylic-3d-embroidered-snapback-cap\/#breadcrumb","itemListElement":[{"@type":"ListItem","position":1,"name":"Home","item":"https:\/\/sumkcaps.com\/"},{"@type":"ListItem","position":2,"name":"Products","item":"https:\/\/sumkcaps.com\/product\/"},{"@type":"ListItem","position":3,"name":"Sumkcaps 2905 Custom Six Panel Acrylic 3D Embroidered Snapback Cap"}]},{"@type":"WebSite","@id":"https:\/\/sumkcaps.com\/#website","url":"https:\/\/sumkcaps.com\/","name":"Sumkcaps-Cina Produttore e fornitore di copricapi originali","description":"Siamo fabbrica originale del cappello e del cappuccio della Cina, di cui l'affare principale \u00e8 al cappuccio ed al cappello su ordinazione come client&#039;s LOGO. Qualsiasi stile del cappuccio, qualsiasi colore del cappuccio, qualsiasi qty, qualsiasi materiale e qty non \u00e8 un problema. In una parola, qualsiasi piccolo dettaglio pu\u00f2 essere personalizzato come vostra richiesta.","publisher":{"@id":"https:\/\/sumkcaps.com\/#organization"},"potentialAction":[{"@type":"SearchAction","target":{"@type":"EntryPoint","urlTemplate":"https:\/\/sumkcaps.com\/?s={search_term_string}"},"query-input":{"@type":"PropertyValueSpecification","valueRequired":true,"valueName":"search_term_string"}}],"inLanguage":"it-IT"},{"@type":"Organization","@id":"https:\/\/sumkcaps.com\/#organization","name":"Sumkcaps-Cina Produttore e fornitore di copricapi originali","url":"https:\/\/sumkcaps.com\/","logo":{"@type":"ImageObject","inLanguage":"it-IT","@id":"https:\/\/sumkcaps.com\/#\/schema\/logo\/image\/","url":"https:\/\/sumkcaps.com\/wp-content\/uploads\/2025\/12\/1234.jpg","contentUrl":"https:\/\/sumkcaps.com\/wp-content\/uploads\/2025\/12\/1234.jpg","width":800,"height":800,"caption":"Sumkcaps-China Original Headwear Manufacturer and Suppliers"},"image":{"@id":"https:\/\/sumkcaps.com\/#\/schema\/logo\/image\/"},"sameAs":["https:\/\/www.facebook.com\/sumkcap","https:\/\/www.instagram.com\/sumkcaps7\/","https:\/\/www.pinterest.com\/sumkcapschina\/"]}]}},"taxonomy_info":{"product_cat":[{"value":42,"label":"Snapback Hats Wholesale"}]},"featured_image_src_large":["https:\/\/sumkcaps.com\/wp-content\/uploads\/2022\/09\/3d_puff_satin_hat-2.jpg",800,800,false],"author_info":[],"comment_info":"","_links":{"self":[{"href":"https:\/\/sumkcaps.com\/it\/wp-json\/wp\/v2\/product\/14782","targetHints":{"allow":["GET"]}}],"collection":[{"href":"https:\/\/sumkcaps.com\/it\/wp-json\/wp\/v2\/product"}],"about":[{"href":"https:\/\/sumkcaps.com\/it\/wp-json\/wp\/v2\/types\/product"}],"wp:featuredmedia":[{"embeddable":true,"href":"https:\/\/sumkcaps.com\/it\/wp-json\/wp\/v2\/media\/14783"}],"wp:attachment":[{"href":"https:\/\/sumkcaps.com\/it\/wp-json\/wp\/v2\/media?parent=14782"}],"wp:term":[{"taxonomy":"product_brand","embeddable":true,"href":"https:\/\/sumkcaps.com\/it\/wp-json\/wp\/v2\/product_brand?post=14782"},{"taxonomy":"product_cat","embeddable":true,"href":"https:\/\/sumkcaps.com\/it\/wp-json\/wp\/v2\/product_cat?post=14782"},{"taxonomy":"product_tag","embeddable":true,"href":"https:\/\/sumkcaps.com\/it\/wp-json\/wp\/v2\/product_tag?post=14782"}],"curies":[{"name":"wp","href":"https:\/\/api.w.org\/{rel}","templated":true}]}}