{"id":716,"date":"2021-07-08T18:31:56","date_gmt":"2021-07-08T10:31:56","guid":{"rendered":"https:\/\/sumkcaps.com\/?post_type=product&#038;p=716"},"modified":"2024-03-27T17:11:34","modified_gmt":"2024-03-27T09:11:34","slug":"flat-brim-5-panel-cotton-trucker-cap","status":"publish","type":"product","link":"https:\/\/sumkcaps.com\/fr\/produit\/casquette-trucker-en-coton-a-bord-plat-et-5-panneaux\/","title":{"rendered":"Casquette de camionneur \u00e0 bord plat avec impression"},"content":{"rendered":"<p>1. Style de casquette : casquette \u00e0 visi\u00e8re, casquette de base-ball, casquette trucker, casquette \u00e0 cinq panneaux, casquette \u00e0 godet, bonnet, etc.<br \/>\n2. Tissus : Nous disposons de diff\u00e9rents tissus : coton, acrylique, tissu camouflage, tissu \u00e0 mailles, tissu \u00e0 motifs,<br \/>\ncuir de peau de serpent, cuir de l\u00e9opard, etc., vous pouvez choisir celui qui vous convient le mieux pour la casquette<br \/>\n3. Couleur : Nous pouvons r\u00e9aliser la couleur que vous souhaitez.<br \/>\n4. Taille : La taille peut \u00eatre adapt\u00e9e \u00e0 vos besoins.<br \/>\n5. Pic : Le sommet peut \u00eatre incurv\u00e9 ou plat. Il est \u00e9galement possible de broder ou d'imprimer votre logo sur la pointe.<br \/>\nLe pic peut \u00eatre contourn\u00e9 et peut \u00e9galement \u00eatre quadrill\u00e9.<br \/>\n6. Le logo peut \u00eatre brod\u00e9, imprim\u00e9 ou appos\u00e9, etc.<br \/>\n7. Le dos peut \u00eatre ferm\u00e9 par des boutons-pression, des boutons-ferm\u00e9s, des boutons flexibles ou des lani\u00e8res de cuir.<br \/>\n8. Notre MOQ est de 200pcs style\/couleur<br \/>\n9. Pour le paiement, nous acceptons Western Union, Money Gram, TT, etc.<\/p>\n<p>Pour les \u00e9chantillons, nous acceptons PayPal<br \/>\n10. Le d\u00e9lai de production est de 15 \u00e0 18 jours ouvrables pour les quantit\u00e9s inf\u00e9rieures \u00e0 5000 pi\u00e8ces.<br \/>\n11. Pour les \u00e9chantillons, il faut compter 5 \u00e0 7 jours ouvrables.<br \/>\n12. Nous pouvons \u00e9galement r\u00e9aliser des \u00e9tiquettes tiss\u00e9es, des autocollants, des impressions sur papier, des \u00e9tiquettes pour vous.<\/p>","protected":false},"excerpt":{"rendered":"<p>Vous pouvez imprimer n'importe quel motif sur le chapeau, ce qui montre toutes vos pens\u00e9es et votre histoire.<\/p>","protected":false},"featured_media":722,"template":"","meta":{"_acf_changed":false,"_kad_blocks_custom_css":"","_kad_blocks_head_custom_js":"","_kad_blocks_body_custom_js":"","_kad_blocks_footer_custom_js":""},"product_brand":[],"product_cat":[693],"product_tag":[],"class_list":{"0":"post-716","1":"product","2":"type-product","3":"status-publish","4":"has-post-thumbnail","6":"product_cat-hat","8":"first","9":"outofstock","10":"shipping-taxable","11":"product-type-simple"},"acf":[],"yoast_head":"<!-- This site is optimized with the Yoast SEO Premium plugin v20.8 (Yoast SEO v25.9) - https:\/\/yoast.com\/wordpress\/plugins\/seo\/ -->\n<title>Flat Brim Printing Trucker Cap - Sumkcaps<\/title>\n<meta name=\"robots\" content=\"index, follow, max-snippet:-1, max-image-preview:large, max-video-preview:-1\" \/>\n<link rel=\"canonical\" href=\"https:\/\/sumkcaps.com\/fr\/produit\/casquette-trucker-en-coton-a-bord-plat-et-5-panneaux\/\" \/>\n<meta property=\"og:locale\" content=\"fr_FR\" \/>\n<meta property=\"og:type\" content=\"article\" \/>\n<meta property=\"og:title\" content=\"Flat Brim Printing Trucker Cap - Sumkcaps\" \/>\n<meta property=\"og:description\" content=\"Can printing any pattern on the hat, which show all your thoughts and story\" \/>\n<meta property=\"og:url\" content=\"https:\/\/sumkcaps.com\/fr\/produit\/casquette-trucker-en-coton-a-bord-plat-et-5-panneaux\/\" \/>\n<meta property=\"og:site_name\" content=\"Sumkcaps-China Original Headwear Manufacturer and Suppliers\" \/>\n<meta property=\"article:publisher\" content=\"https:\/\/www.facebook.com\/sumkcap\" \/>\n<meta property=\"article:modified_time\" content=\"2024-03-27T09:11:34+00:00\" \/>\n<meta property=\"og:image\" content=\"https:\/\/sumkcaps.com\/wp-content\/uploads\/2021\/07\/H8ce6f5ba49534392aef16b9d435cc29df.jpg\" \/>\n\t<meta property=\"og:image:width\" content=\"750\" \/>\n\t<meta property=\"og:image:height\" content=\"750\" \/>\n\t<meta property=\"og:image:type\" content=\"image\/jpeg\" \/>\n<meta name=\"twitter:card\" content=\"summary_large_image\" \/>\n<meta name=\"twitter:label1\" content=\"Dur\u00e9e de lecture estim\u00e9e\" \/>\n\t<meta name=\"twitter:data1\" content=\"1 minute\" \/>\n<script type=\"application\/ld+json\" class=\"yoast-schema-graph\">{\"@context\":\"https:\/\/schema.org\",\"@graph\":[{\"@type\":\"WebPage\",\"@id\":\"https:\/\/sumkcaps.com\/product\/flat-brim-5-panel-cotton-trucker-cap\/\",\"url\":\"https:\/\/sumkcaps.com\/product\/flat-brim-5-panel-cotton-trucker-cap\/\",\"name\":\"Flat Brim Printing Trucker Cap - Sumkcaps\",\"isPartOf\":{\"@id\":\"https:\/\/sumkcaps.com\/#website\"},\"primaryImageOfPage\":{\"@id\":\"https:\/\/sumkcaps.com\/product\/flat-brim-5-panel-cotton-trucker-cap\/#primaryimage\"},\"image\":{\"@id\":\"https:\/\/sumkcaps.com\/product\/flat-brim-5-panel-cotton-trucker-cap\/#primaryimage\"},\"thumbnailUrl\":\"https:\/\/sumkcaps.com\/wp-content\/uploads\/2021\/07\/H8ce6f5ba49534392aef16b9d435cc29df.jpg\",\"datePublished\":\"2021-07-08T10:31:56+00:00\",\"dateModified\":\"2024-03-27T09:11:34+00:00\",\"breadcrumb\":{\"@id\":\"https:\/\/sumkcaps.com\/product\/flat-brim-5-panel-cotton-trucker-cap\/#breadcrumb\"},\"inLanguage\":\"fr-FR\",\"potentialAction\":[{\"@type\":\"ReadAction\",\"target\":[\"https:\/\/sumkcaps.com\/product\/flat-brim-5-panel-cotton-trucker-cap\/\"]}]},{\"@type\":\"ImageObject\",\"inLanguage\":\"fr-FR\",\"@id\":\"https:\/\/sumkcaps.com\/product\/flat-brim-5-panel-cotton-trucker-cap\/#primaryimage\",\"url\":\"https:\/\/sumkcaps.com\/wp-content\/uploads\/2021\/07\/H8ce6f5ba49534392aef16b9d435cc29df.jpg\",\"contentUrl\":\"https:\/\/sumkcaps.com\/wp-content\/uploads\/2021\/07\/H8ce6f5ba49534392aef16b9d435cc29df.jpg\",\"width\":750,\"height\":750},{\"@type\":\"BreadcrumbList\",\"@id\":\"https:\/\/sumkcaps.com\/product\/flat-brim-5-panel-cotton-trucker-cap\/#breadcrumb\",\"itemListElement\":[{\"@type\":\"ListItem\",\"position\":1,\"name\":\"Home\",\"item\":\"https:\/\/sumkcaps.com\/\"},{\"@type\":\"ListItem\",\"position\":2,\"name\":\"Products\",\"item\":\"https:\/\/sumkcaps.com\/product\/\"},{\"@type\":\"ListItem\",\"position\":3,\"name\":\"Flat Brim Printing Trucker Cap\"}]},{\"@type\":\"WebSite\",\"@id\":\"https:\/\/sumkcaps.com\/#website\",\"url\":\"https:\/\/sumkcaps.com\/\",\"name\":\"Sumkcaps-China Original Headwear Manufacturer and Suppliers\",\"description\":\"We are China Cap And Hat Original Factory, whose main business is to custom cap and hat as client&#039;s LOGO. Any cap style, any cap color, any qty, any material and qty is no problem. In one words, any small details can be customized as your request.\",\"publisher\":{\"@id\":\"https:\/\/sumkcaps.com\/#organization\"},\"potentialAction\":[{\"@type\":\"SearchAction\",\"target\":{\"@type\":\"EntryPoint\",\"urlTemplate\":\"https:\/\/sumkcaps.com\/?s={search_term_string}\"},\"query-input\":{\"@type\":\"PropertyValueSpecification\",\"valueRequired\":true,\"valueName\":\"search_term_string\"}}],\"inLanguage\":\"fr-FR\"},{\"@type\":\"Organization\",\"@id\":\"https:\/\/sumkcaps.com\/#organization\",\"name\":\"Sumkcaps-China Original Headwear Manufacturer and Suppliers\",\"url\":\"https:\/\/sumkcaps.com\/\",\"logo\":{\"@type\":\"ImageObject\",\"inLanguage\":\"fr-FR\",\"@id\":\"https:\/\/sumkcaps.com\/#\/schema\/logo\/image\/\",\"url\":\"https:\/\/sumkcaps.com\/wp-content\/uploads\/2025\/12\/1234.jpg\",\"contentUrl\":\"https:\/\/sumkcaps.com\/wp-content\/uploads\/2025\/12\/1234.jpg\",\"width\":800,\"height\":800,\"caption\":\"Sumkcaps-China Original Headwear Manufacturer and Suppliers\"},\"image\":{\"@id\":\"https:\/\/sumkcaps.com\/#\/schema\/logo\/image\/\"},\"sameAs\":[\"https:\/\/www.facebook.com\/sumkcap\",\"https:\/\/www.instagram.com\/sumkcaps7\/\",\"https:\/\/www.pinterest.com\/sumkcapschina\/\"]}]}<\/script>\n<!-- \/ Yoast SEO Premium plugin. -->","yoast_head_json":{"title":"Casquette camionneur \u00e0 bord plat avec impression - Sumkcaps","robots":{"index":"index","follow":"follow","max-snippet":"max-snippet:-1","max-image-preview":"max-image-preview:large","max-video-preview":"max-video-preview:-1"},"canonical":"https:\/\/sumkcaps.com\/fr\/produit\/casquette-trucker-en-coton-a-bord-plat-et-5-panneaux\/","og_locale":"fr_FR","og_type":"article","og_title":"Flat Brim Printing Trucker Cap - Sumkcaps","og_description":"Can printing any pattern on the hat, which show all your thoughts and story","og_url":"https:\/\/sumkcaps.com\/fr\/produit\/casquette-trucker-en-coton-a-bord-plat-et-5-panneaux\/","og_site_name":"Sumkcaps-China Original Headwear Manufacturer and Suppliers","article_publisher":"https:\/\/www.facebook.com\/sumkcap","article_modified_time":"2024-03-27T09:11:34+00:00","og_image":[{"width":750,"height":750,"url":"https:\/\/sumkcaps.com\/wp-content\/uploads\/2021\/07\/H8ce6f5ba49534392aef16b9d435cc29df.jpg","type":"image\/jpeg"}],"twitter_card":"summary_large_image","twitter_misc":{"Dur\u00e9e de lecture estim\u00e9e":"1 minute"},"schema":{"@context":"https:\/\/schema.org","@graph":[{"@type":"WebPage","@id":"https:\/\/sumkcaps.com\/product\/flat-brim-5-panel-cotton-trucker-cap\/","url":"https:\/\/sumkcaps.com\/product\/flat-brim-5-panel-cotton-trucker-cap\/","name":"Casquette camionneur \u00e0 bord plat avec impression - Sumkcaps","isPartOf":{"@id":"https:\/\/sumkcaps.com\/#website"},"primaryImageOfPage":{"@id":"https:\/\/sumkcaps.com\/product\/flat-brim-5-panel-cotton-trucker-cap\/#primaryimage"},"image":{"@id":"https:\/\/sumkcaps.com\/product\/flat-brim-5-panel-cotton-trucker-cap\/#primaryimage"},"thumbnailUrl":"https:\/\/sumkcaps.com\/wp-content\/uploads\/2021\/07\/H8ce6f5ba49534392aef16b9d435cc29df.jpg","datePublished":"2021-07-08T10:31:56+00:00","dateModified":"2024-03-27T09:11:34+00:00","breadcrumb":{"@id":"https:\/\/sumkcaps.com\/product\/flat-brim-5-panel-cotton-trucker-cap\/#breadcrumb"},"inLanguage":"fr-FR","potentialAction":[{"@type":"ReadAction","target":["https:\/\/sumkcaps.com\/product\/flat-brim-5-panel-cotton-trucker-cap\/"]}]},{"@type":"ImageObject","inLanguage":"fr-FR","@id":"https:\/\/sumkcaps.com\/product\/flat-brim-5-panel-cotton-trucker-cap\/#primaryimage","url":"https:\/\/sumkcaps.com\/wp-content\/uploads\/2021\/07\/H8ce6f5ba49534392aef16b9d435cc29df.jpg","contentUrl":"https:\/\/sumkcaps.com\/wp-content\/uploads\/2021\/07\/H8ce6f5ba49534392aef16b9d435cc29df.jpg","width":750,"height":750},{"@type":"BreadcrumbList","@id":"https:\/\/sumkcaps.com\/product\/flat-brim-5-panel-cotton-trucker-cap\/#breadcrumb","itemListElement":[{"@type":"ListItem","position":1,"name":"Home","item":"https:\/\/sumkcaps.com\/"},{"@type":"ListItem","position":2,"name":"Products","item":"https:\/\/sumkcaps.com\/product\/"},{"@type":"ListItem","position":3,"name":"Flat Brim Printing Trucker Cap"}]},{"@type":"WebSite","@id":"https:\/\/sumkcaps.com\/#website","url":"https:\/\/sumkcaps.com\/","name":"Sumkcaps - Fabricant et fournisseur chinois de couvre-chefs originaux","description":"Nous sommes une entreprise chinoise de fabrication de casquettes et de chapeaux, dont l'activit\u00e9 principale consiste \u00e0 personnaliser les casquettes et les chapeaux en fonction du LOGO du client. Tous les styles de casquettes, toutes les couleurs de casquettes, toutes les quantit\u00e9s, tous les mat\u00e9riaux et toutes les quantit\u00e9s ne posent aucun probl\u00e8me. En d'autres termes, tous les petits d\u00e9tails peuvent \u00eatre personnalis\u00e9s selon votre demande.","publisher":{"@id":"https:\/\/sumkcaps.com\/#organization"},"potentialAction":[{"@type":"SearchAction","target":{"@type":"EntryPoint","urlTemplate":"https:\/\/sumkcaps.com\/?s={search_term_string}"},"query-input":{"@type":"PropertyValueSpecification","valueRequired":true,"valueName":"search_term_string"}}],"inLanguage":"fr-FR"},{"@type":"Organization","@id":"https:\/\/sumkcaps.com\/#organization","name":"Sumkcaps - Fabricant et fournisseur chinois de couvre-chefs originaux","url":"https:\/\/sumkcaps.com\/","logo":{"@type":"ImageObject","inLanguage":"fr-FR","@id":"https:\/\/sumkcaps.com\/#\/schema\/logo\/image\/","url":"https:\/\/sumkcaps.com\/wp-content\/uploads\/2025\/12\/1234.jpg","contentUrl":"https:\/\/sumkcaps.com\/wp-content\/uploads\/2025\/12\/1234.jpg","width":800,"height":800,"caption":"Sumkcaps-China Original Headwear Manufacturer and Suppliers"},"image":{"@id":"https:\/\/sumkcaps.com\/#\/schema\/logo\/image\/"},"sameAs":["https:\/\/www.facebook.com\/sumkcap","https:\/\/www.instagram.com\/sumkcaps7\/","https:\/\/www.pinterest.com\/sumkcapschina\/"]}]}},"taxonomy_info":{"product_cat":[{"value":693,"label":"Hat"}]},"featured_image_src_large":["https:\/\/sumkcaps.com\/wp-content\/uploads\/2021\/07\/H8ce6f5ba49534392aef16b9d435cc29df.jpg",750,750,false],"author_info":[],"comment_info":"","_links":{"self":[{"href":"https:\/\/sumkcaps.com\/fr\/wp-json\/wp\/v2\/product\/716","targetHints":{"allow":["GET"]}}],"collection":[{"href":"https:\/\/sumkcaps.com\/fr\/wp-json\/wp\/v2\/product"}],"about":[{"href":"https:\/\/sumkcaps.com\/fr\/wp-json\/wp\/v2\/types\/product"}],"wp:featuredmedia":[{"embeddable":true,"href":"https:\/\/sumkcaps.com\/fr\/wp-json\/wp\/v2\/media\/722"}],"wp:attachment":[{"href":"https:\/\/sumkcaps.com\/fr\/wp-json\/wp\/v2\/media?parent=716"}],"wp:term":[{"taxonomy":"product_brand","embeddable":true,"href":"https:\/\/sumkcaps.com\/fr\/wp-json\/wp\/v2\/product_brand?post=716"},{"taxonomy":"product_cat","embeddable":true,"href":"https:\/\/sumkcaps.com\/fr\/wp-json\/wp\/v2\/product_cat?post=716"},{"taxonomy":"product_tag","embeddable":true,"href":"https:\/\/sumkcaps.com\/fr\/wp-json\/wp\/v2\/product_tag?post=716"}],"curies":[{"name":"wp","href":"https:\/\/api.w.org\/{rel}","templated":true}]}}