{"id":67,"date":"2021-07-03T09:44:41","date_gmt":"2021-07-03T01:44:41","guid":{"rendered":"https:\/\/sumkcaps.com\/?post_type=product&#038;p=67"},"modified":"2025-07-30T15:41:26","modified_gmt":"2025-07-30T07:41:26","slug":"white-6-panel-white-unstructured-dad-hat-baseball-cap","status":"publish","type":"product","link":"https:\/\/sumkcaps.com\/fr\/produit\/blanc-6-panel-white-unstructured-dad-hat-baseball-cap\/","title":{"rendered":"White 6 Panel White Unstructured Dad Hat Baseball Cap Wholesale"},"content":{"rendered":"<p>La casquette de baseball White 6 Panel White Unstructured Dad Hat pr\u00e9sente un style intemporel qui s'int\u00e8gre parfaitement \u00e0 toute tenue d\u00e9contract\u00e9e. Cette casquette est dot\u00e9e d'une sangle r\u00e9glable, ce qui garantit un ajustement confortable et s\u00fbr pour tout le monde. Fabriqu\u00e9e \u00e0 partir de mat\u00e9riaux de qualit\u00e9 sup\u00e9rieure, elle garantit une durabilit\u00e9 et une tenue longue dur\u00e9e. Disponible en blanc classique, elle constitue un choix polyvalent et \u00e9l\u00e9gant pour toutes les occasions.<\/p>\n<h2 data-start=\"87\" data-end=\"124\"><strong data-start=\"94\" data-end=\"124\">Personnalisation et d\u00e9coration<\/strong><\/h2>\n<ul data-start=\"125\" data-end=\"383\">\n<li data-start=\"125\" data-end=\"209\">\n<p data-start=\"127\" data-end=\"209\"><strong data-start=\"127\" data-end=\"146\">Type de d\u00e9coration<\/strong>: Broderie \u00e0 plat pour un placement propre et classique du logo ou du dessin.<\/p>\n<\/li>\n<li data-start=\"210\" data-end=\"304\">\n<p data-start=\"212\" data-end=\"304\"><strong data-start=\"212\" data-end=\"231\">Options de service<\/strong>: OEM et ODM disponibles pour une personnalisation compl\u00e8te et un marquage priv\u00e9.<\/p>\n<\/li>\n<li data-start=\"305\" data-end=\"383\">\n<p data-start=\"307\" data-end=\"383\"><strong data-start=\"307\" data-end=\"314\">MOQ<\/strong>200 pi\u00e8ces par dessin et par couleur - id\u00e9al pour les projets de marques personnalis\u00e9es<\/p>\n<\/li>\n<\/ul>\n<h2 data-start=\"390\" data-end=\"424\"><strong data-start=\"397\" data-end=\"424\">Mat\u00e9riaux et construction<\/strong><\/h2>\n<ul data-start=\"425\" data-end=\"693\">\n<li data-start=\"425\" data-end=\"515\">\n<p data-start=\"427\" data-end=\"515\"><strong data-start=\"427\" data-end=\"439\">Mat\u00e9riau<\/strong>: Fabriqu\u00e9 en serg\u00e9 de coton 100% pour une sensation de douceur, de respiration et de confort.<\/p>\n<\/li>\n<li data-start=\"516\" data-end=\"612\">\n<p data-start=\"518\" data-end=\"612\"><strong data-start=\"518\" data-end=\"539\">Forme et structure<\/strong>Construction non structur\u00e9e \u00e0 6 panneaux pour une silhouette d\u00e9contract\u00e9e et relaxante<\/p>\n<\/li>\n<li data-start=\"613\" data-end=\"693\">\n<p data-start=\"615\" data-end=\"693\"><strong data-start=\"615\" data-end=\"624\">Couleur<\/strong>: Finition blanche nette, id\u00e9ale pour les motifs brod\u00e9s minimaux ou audacieux<\/p>\n<\/li>\n<\/ul>\n<h2 data-start=\"700\" data-end=\"723\"><strong data-start=\"707\" data-end=\"723\">Taille et ajustement<\/strong><\/h2>\n<ul data-start=\"724\" data-end=\"946\">\n<li data-start=\"724\" data-end=\"803\">\n<p data-start=\"726\" data-end=\"803\"><strong data-start=\"726\" data-end=\"733\">En forme<\/strong>: Taille unique (OSFM), convient aux t\u00eates de 7 \u00e0 7 3\/4<\/p>\n<\/li>\n<li data-start=\"804\" data-end=\"875\">\n<p data-start=\"806\" data-end=\"875\"><strong data-start=\"806\" data-end=\"817\">Fermeture<\/strong>: La sangle r\u00e9glable assure un ajustement personnalis\u00e9 et s\u00fbr<\/p>\n<\/li>\n<li data-start=\"876\" data-end=\"946\">\n<p data-start=\"878\" data-end=\"946\"><strong data-start=\"878\" data-end=\"887\">Visi\u00e8re<\/strong>: Bord pr\u00e9-courb\u00e9 pour une protection solaire et un style sans effort<\/p>\n<\/li>\n<\/ul>\n<h2>Contactez nous<\/h2>\n<p>Vous recherchez une casquette qui offre une grande souplesse de personnalisation ? La casquette de baseball White 6 Panel White Unstructured Dad Hat est parfaite pour une broderie ou une impression personnalis\u00e9e. Sa structure non structur\u00e9e offre un look d\u00e9contract\u00e9 tout en conservant sa forme gr\u00e2ce aux \u0153illets bien con\u00e7us qui assurent la respirabilit\u00e9.<\/p>\n<p>Sumkcaps est pr\u00e9sent dans l'industrie de la fabrication de bouchons depuis 20 ans et est connu pour ses faibles quantit\u00e9s minimales de commande et son excellent rapport co\u00fbt-performance. Nous nous engageons \u00e0 fournir des produits de haute qualit\u00e9. <a href=\"https:\/\/sumkcaps.com\/contact\/\">Contactez nous<\/a> aujourd'hui pour vos besoins en gros !<\/p>","protected":false},"excerpt":{"rendered":"<p>La forme basique blanche non structur\u00e9e est fabriqu\u00e9e en coton biologique, qui b\u00e9n\u00e9ficie du label GOTS. Elle peut \u00eatre personnalis\u00e9e avec votre propre logo ou marque pour une promotion, un \u00e9v\u00e9nement ou une entreprise...<\/p>\n<p>D\u00e9couvrez notre casquette de haute qualit\u00e9 White 6 Panel White Unstructured Dad Hat Baseball Cap, parfaite pour les acheteurs en gros.<\/p>","protected":false},"featured_media":68,"template":"","meta":{"_acf_changed":false,"_kad_blocks_custom_css":"","_kad_blocks_head_custom_js":"","_kad_blocks_body_custom_js":"","_kad_blocks_footer_custom_js":""},"product_brand":[],"product_cat":[693,949],"product_tag":[],"class_list":{"0":"post-67","1":"product","2":"type-product","3":"status-publish","4":"has-post-thumbnail","6":"product_cat-hat","7":"product_cat-unstructured-5-panel-hat-wholesale","9":"first","10":"outofstock","11":"shipping-taxable","12":"product-type-simple"},"acf":[],"yoast_head":"<!-- This site is optimized with the Yoast SEO Premium plugin v20.8 (Yoast SEO v25.9) - https:\/\/yoast.com\/wordpress\/plugins\/seo\/ -->\n<title>White 6 Panel White Unstructured Dad Hat Baseball Cap<\/title>\n<meta name=\"description\" content=\"Shop our White 6 Panel Unstructured Dad Hat\u2014premium cotton, adjustable fit. Perfect for custom embroidery, casual wear, and wholesale orders with low MOQ.\" \/>\n<meta name=\"robots\" content=\"index, follow, max-snippet:-1, max-image-preview:large, max-video-preview:-1\" \/>\n<link rel=\"canonical\" href=\"https:\/\/sumkcaps.com\/fr\/produit\/blanc-6-panel-white-unstructured-dad-hat-baseball-cap\/\" \/>\n<meta property=\"og:locale\" content=\"fr_FR\" \/>\n<meta property=\"og:type\" content=\"article\" \/>\n<meta property=\"og:title\" content=\"White 6 Panel White Unstructured Dad Hat Baseball Cap Wholesale - Sumkcaps\" \/>\n<meta property=\"og:description\" content=\"Shop our White 6 Panel Unstructured Dad Hat\u2014premium cotton, adjustable fit. Perfect for custom embroidery, casual wear, and wholesale orders with low MOQ.\" \/>\n<meta property=\"og:url\" content=\"https:\/\/sumkcaps.com\/fr\/produit\/blanc-6-panel-white-unstructured-dad-hat-baseball-cap\/\" \/>\n<meta property=\"og:site_name\" content=\"Sumkcaps-China Original Headwear Manufacturer and Suppliers\" \/>\n<meta property=\"article:publisher\" content=\"https:\/\/www.facebook.com\/sumkcap\" \/>\n<meta property=\"article:modified_time\" content=\"2025-07-30T07:41:26+00:00\" \/>\n<meta property=\"og:image\" content=\"https:\/\/sumkcaps.com\/wp-content\/uploads\/2021\/07\/\u7ee3\u82b1\u65e0\u886c\u68d2\u7403\u5e3d-3.jpg\" \/>\n\t<meta property=\"og:image:width\" content=\"800\" \/>\n\t<meta property=\"og:image:height\" content=\"800\" \/>\n\t<meta property=\"og:image:type\" content=\"image\/jpeg\" \/>\n<meta name=\"twitter:card\" content=\"summary_large_image\" \/>\n<meta name=\"twitter:label1\" content=\"Dur\u00e9e de lecture estim\u00e9e\" \/>\n\t<meta name=\"twitter:data1\" content=\"2 minutes\" \/>\n<script type=\"application\/ld+json\" class=\"yoast-schema-graph\">{\"@context\":\"https:\/\/schema.org\",\"@graph\":[{\"@type\":\"WebPage\",\"@id\":\"https:\/\/sumkcaps.com\/product\/white-6-panel-white-unstructured-dad-hat-baseball-cap\/\",\"url\":\"https:\/\/sumkcaps.com\/product\/white-6-panel-white-unstructured-dad-hat-baseball-cap\/\",\"name\":\"White 6 Panel White Unstructured Dad Hat Baseball Cap\",\"isPartOf\":{\"@id\":\"https:\/\/sumkcaps.com\/#website\"},\"primaryImageOfPage\":{\"@id\":\"https:\/\/sumkcaps.com\/product\/white-6-panel-white-unstructured-dad-hat-baseball-cap\/#primaryimage\"},\"image\":{\"@id\":\"https:\/\/sumkcaps.com\/product\/white-6-panel-white-unstructured-dad-hat-baseball-cap\/#primaryimage\"},\"thumbnailUrl\":\"https:\/\/sumkcaps.com\/wp-content\/uploads\/2021\/07\/\u7ee3\u82b1\u65e0\u886c\u68d2\u7403\u5e3d-3.jpg\",\"datePublished\":\"2021-07-03T01:44:41+00:00\",\"dateModified\":\"2025-07-30T07:41:26+00:00\",\"description\":\"Shop our White 6 Panel Unstructured Dad Hat\u2014premium cotton, adjustable fit. Perfect for custom embroidery, casual wear, and wholesale orders with low MOQ.\",\"breadcrumb\":{\"@id\":\"https:\/\/sumkcaps.com\/product\/white-6-panel-white-unstructured-dad-hat-baseball-cap\/#breadcrumb\"},\"inLanguage\":\"fr-FR\",\"potentialAction\":[{\"@type\":\"ReadAction\",\"target\":[\"https:\/\/sumkcaps.com\/product\/white-6-panel-white-unstructured-dad-hat-baseball-cap\/\"]}]},{\"@type\":\"ImageObject\",\"inLanguage\":\"fr-FR\",\"@id\":\"https:\/\/sumkcaps.com\/product\/white-6-panel-white-unstructured-dad-hat-baseball-cap\/#primaryimage\",\"url\":\"https:\/\/sumkcaps.com\/wp-content\/uploads\/2021\/07\/\u7ee3\u82b1\u65e0\u886c\u68d2\u7403\u5e3d-3.jpg\",\"contentUrl\":\"https:\/\/sumkcaps.com\/wp-content\/uploads\/2021\/07\/\u7ee3\u82b1\u65e0\u886c\u68d2\u7403\u5e3d-3.jpg\",\"width\":800,\"height\":800,\"caption\":\"White 6 Panel White Unstructured Dad Hat Baseball Cap Wholesale\"},{\"@type\":\"BreadcrumbList\",\"@id\":\"https:\/\/sumkcaps.com\/product\/white-6-panel-white-unstructured-dad-hat-baseball-cap\/#breadcrumb\",\"itemListElement\":[{\"@type\":\"ListItem\",\"position\":1,\"name\":\"Home\",\"item\":\"https:\/\/sumkcaps.com\/\"},{\"@type\":\"ListItem\",\"position\":2,\"name\":\"Products\",\"item\":\"https:\/\/sumkcaps.com\/product\/\"},{\"@type\":\"ListItem\",\"position\":3,\"name\":\"White 6 Panel White Unstructured Dad Hat Baseball Cap Wholesale\"}]},{\"@type\":\"WebSite\",\"@id\":\"https:\/\/sumkcaps.com\/#website\",\"url\":\"https:\/\/sumkcaps.com\/\",\"name\":\"Sumkcaps-China Original Headwear Manufacturer and Suppliers\",\"description\":\"We are China Cap And Hat Original Factory, whose main business is to custom cap and hat as client&#039;s LOGO. Any cap style, any cap color, any qty, any material and qty is no problem. In one words, any small details can be customized as your request.\",\"publisher\":{\"@id\":\"https:\/\/sumkcaps.com\/#organization\"},\"potentialAction\":[{\"@type\":\"SearchAction\",\"target\":{\"@type\":\"EntryPoint\",\"urlTemplate\":\"https:\/\/sumkcaps.com\/?s={search_term_string}\"},\"query-input\":{\"@type\":\"PropertyValueSpecification\",\"valueRequired\":true,\"valueName\":\"search_term_string\"}}],\"inLanguage\":\"fr-FR\"},{\"@type\":\"Organization\",\"@id\":\"https:\/\/sumkcaps.com\/#organization\",\"name\":\"Sumkcaps-China Original Headwear Manufacturer and Suppliers\",\"url\":\"https:\/\/sumkcaps.com\/\",\"logo\":{\"@type\":\"ImageObject\",\"inLanguage\":\"fr-FR\",\"@id\":\"https:\/\/sumkcaps.com\/#\/schema\/logo\/image\/\",\"url\":\"https:\/\/sumkcaps.com\/wp-content\/uploads\/2025\/12\/1234.jpg\",\"contentUrl\":\"https:\/\/sumkcaps.com\/wp-content\/uploads\/2025\/12\/1234.jpg\",\"width\":800,\"height\":800,\"caption\":\"Sumkcaps-China Original Headwear Manufacturer and Suppliers\"},\"image\":{\"@id\":\"https:\/\/sumkcaps.com\/#\/schema\/logo\/image\/\"},\"sameAs\":[\"https:\/\/www.facebook.com\/sumkcap\",\"https:\/\/www.instagram.com\/sumkcaps7\/\",\"https:\/\/www.pinterest.com\/sumkcapschina\/\"]}]}<\/script>\n<!-- \/ Yoast SEO Premium plugin. -->","yoast_head_json":{"title":"White 6 Panel White Unstructured Dad Hat Baseball Cap","description":"Achetez notre casquette blanche \u00e0 6 panneaux, non structur\u00e9e, en coton de premi\u00e8re qualit\u00e9, ajustable. Parfait pour les broderies personnalis\u00e9es, les tenues d\u00e9contract\u00e9es et les commandes en gros avec une faible quantit\u00e9 de pi\u00e8ces.","robots":{"index":"index","follow":"follow","max-snippet":"max-snippet:-1","max-image-preview":"max-image-preview:large","max-video-preview":"max-video-preview:-1"},"canonical":"https:\/\/sumkcaps.com\/fr\/produit\/blanc-6-panel-white-unstructured-dad-hat-baseball-cap\/","og_locale":"fr_FR","og_type":"article","og_title":"White 6 Panel White Unstructured Dad Hat Baseball Cap Wholesale - Sumkcaps","og_description":"Shop our White 6 Panel Unstructured Dad Hat\u2014premium cotton, adjustable fit. Perfect for custom embroidery, casual wear, and wholesale orders with low MOQ.","og_url":"https:\/\/sumkcaps.com\/fr\/produit\/blanc-6-panel-white-unstructured-dad-hat-baseball-cap\/","og_site_name":"Sumkcaps-China Original Headwear Manufacturer and Suppliers","article_publisher":"https:\/\/www.facebook.com\/sumkcap","article_modified_time":"2025-07-30T07:41:26+00:00","og_image":[{"width":800,"height":800,"url":"https:\/\/sumkcaps.com\/wp-content\/uploads\/2021\/07\/\u7ee3\u82b1\u65e0\u886c\u68d2\u7403\u5e3d-3.jpg","type":"image\/jpeg"}],"twitter_card":"summary_large_image","twitter_misc":{"Dur\u00e9e de lecture estim\u00e9e":"2 minutes"},"schema":{"@context":"https:\/\/schema.org","@graph":[{"@type":"WebPage","@id":"https:\/\/sumkcaps.com\/product\/white-6-panel-white-unstructured-dad-hat-baseball-cap\/","url":"https:\/\/sumkcaps.com\/product\/white-6-panel-white-unstructured-dad-hat-baseball-cap\/","name":"White 6 Panel White Unstructured Dad Hat Baseball Cap","isPartOf":{"@id":"https:\/\/sumkcaps.com\/#website"},"primaryImageOfPage":{"@id":"https:\/\/sumkcaps.com\/product\/white-6-panel-white-unstructured-dad-hat-baseball-cap\/#primaryimage"},"image":{"@id":"https:\/\/sumkcaps.com\/product\/white-6-panel-white-unstructured-dad-hat-baseball-cap\/#primaryimage"},"thumbnailUrl":"https:\/\/sumkcaps.com\/wp-content\/uploads\/2021\/07\/\u7ee3\u82b1\u65e0\u886c\u68d2\u7403\u5e3d-3.jpg","datePublished":"2021-07-03T01:44:41+00:00","dateModified":"2025-07-30T07:41:26+00:00","description":"Achetez notre casquette blanche \u00e0 6 panneaux, non structur\u00e9e, en coton de premi\u00e8re qualit\u00e9, ajustable. Parfait pour les broderies personnalis\u00e9es, les tenues d\u00e9contract\u00e9es et les commandes en gros avec une faible quantit\u00e9 de pi\u00e8ces.","breadcrumb":{"@id":"https:\/\/sumkcaps.com\/product\/white-6-panel-white-unstructured-dad-hat-baseball-cap\/#breadcrumb"},"inLanguage":"fr-FR","potentialAction":[{"@type":"ReadAction","target":["https:\/\/sumkcaps.com\/product\/white-6-panel-white-unstructured-dad-hat-baseball-cap\/"]}]},{"@type":"ImageObject","inLanguage":"fr-FR","@id":"https:\/\/sumkcaps.com\/product\/white-6-panel-white-unstructured-dad-hat-baseball-cap\/#primaryimage","url":"https:\/\/sumkcaps.com\/wp-content\/uploads\/2021\/07\/\u7ee3\u82b1\u65e0\u886c\u68d2\u7403\u5e3d-3.jpg","contentUrl":"https:\/\/sumkcaps.com\/wp-content\/uploads\/2021\/07\/\u7ee3\u82b1\u65e0\u886c\u68d2\u7403\u5e3d-3.jpg","width":800,"height":800,"caption":"White 6 Panel White Unstructured Dad Hat Baseball Cap Wholesale"},{"@type":"BreadcrumbList","@id":"https:\/\/sumkcaps.com\/product\/white-6-panel-white-unstructured-dad-hat-baseball-cap\/#breadcrumb","itemListElement":[{"@type":"ListItem","position":1,"name":"Home","item":"https:\/\/sumkcaps.com\/"},{"@type":"ListItem","position":2,"name":"Products","item":"https:\/\/sumkcaps.com\/product\/"},{"@type":"ListItem","position":3,"name":"White 6 Panel White Unstructured Dad Hat Baseball Cap Wholesale"}]},{"@type":"WebSite","@id":"https:\/\/sumkcaps.com\/#website","url":"https:\/\/sumkcaps.com\/","name":"Sumkcaps - Fabricant et fournisseur chinois de couvre-chefs originaux","description":"Nous sommes une entreprise chinoise de fabrication de casquettes et de chapeaux, dont l'activit\u00e9 principale consiste \u00e0 personnaliser les casquettes et les chapeaux en fonction du LOGO du client. Tous les styles de casquettes, toutes les couleurs de casquettes, toutes les quantit\u00e9s, tous les mat\u00e9riaux et toutes les quantit\u00e9s ne posent aucun probl\u00e8me. En d'autres termes, tous les petits d\u00e9tails peuvent \u00eatre personnalis\u00e9s selon votre demande.","publisher":{"@id":"https:\/\/sumkcaps.com\/#organization"},"potentialAction":[{"@type":"SearchAction","target":{"@type":"EntryPoint","urlTemplate":"https:\/\/sumkcaps.com\/?s={search_term_string}"},"query-input":{"@type":"PropertyValueSpecification","valueRequired":true,"valueName":"search_term_string"}}],"inLanguage":"fr-FR"},{"@type":"Organization","@id":"https:\/\/sumkcaps.com\/#organization","name":"Sumkcaps - Fabricant et fournisseur chinois de couvre-chefs originaux","url":"https:\/\/sumkcaps.com\/","logo":{"@type":"ImageObject","inLanguage":"fr-FR","@id":"https:\/\/sumkcaps.com\/#\/schema\/logo\/image\/","url":"https:\/\/sumkcaps.com\/wp-content\/uploads\/2025\/12\/1234.jpg","contentUrl":"https:\/\/sumkcaps.com\/wp-content\/uploads\/2025\/12\/1234.jpg","width":800,"height":800,"caption":"Sumkcaps-China Original Headwear Manufacturer and Suppliers"},"image":{"@id":"https:\/\/sumkcaps.com\/#\/schema\/logo\/image\/"},"sameAs":["https:\/\/www.facebook.com\/sumkcap","https:\/\/www.instagram.com\/sumkcaps7\/","https:\/\/www.pinterest.com\/sumkcapschina\/"]}]}},"taxonomy_info":{"product_cat":[{"value":693,"label":"Hat"},{"value":949,"label":"Unstructured 5 Panel Hat Wholesale"}]},"featured_image_src_large":["https:\/\/sumkcaps.com\/wp-content\/uploads\/2021\/07\/\u7ee3\u82b1\u65e0\u886c\u68d2\u7403\u5e3d-3.jpg",800,800,false],"author_info":[],"comment_info":"","_links":{"self":[{"href":"https:\/\/sumkcaps.com\/fr\/wp-json\/wp\/v2\/product\/67","targetHints":{"allow":["GET"]}}],"collection":[{"href":"https:\/\/sumkcaps.com\/fr\/wp-json\/wp\/v2\/product"}],"about":[{"href":"https:\/\/sumkcaps.com\/fr\/wp-json\/wp\/v2\/types\/product"}],"wp:featuredmedia":[{"embeddable":true,"href":"https:\/\/sumkcaps.com\/fr\/wp-json\/wp\/v2\/media\/68"}],"wp:attachment":[{"href":"https:\/\/sumkcaps.com\/fr\/wp-json\/wp\/v2\/media?parent=67"}],"wp:term":[{"taxonomy":"product_brand","embeddable":true,"href":"https:\/\/sumkcaps.com\/fr\/wp-json\/wp\/v2\/product_brand?post=67"},{"taxonomy":"product_cat","embeddable":true,"href":"https:\/\/sumkcaps.com\/fr\/wp-json\/wp\/v2\/product_cat?post=67"},{"taxonomy":"product_tag","embeddable":true,"href":"https:\/\/sumkcaps.com\/fr\/wp-json\/wp\/v2\/product_tag?post=67"}],"curies":[{"name":"wp","href":"https:\/\/api.w.org\/{rel}","templated":true}]}}