{"id":5516,"date":"2022-04-24T14:31:57","date_gmt":"2022-04-24T06:31:57","guid":{"rendered":"https:\/\/sumkcaps.com\/?post_type=product&#038;p=5516"},"modified":"2025-11-05T14:14:57","modified_gmt":"2025-11-05T06:14:57","slug":"custom-embroidery-logo-hip-hop-jacquard-beanies-hat","status":"publish","type":"product","link":"https:\/\/sumkcaps.com\/fr\/produit\/broderie-personnalisee-logo-hip-hop-jacquard-bonnet-beanies\/","title":{"rendered":"Chapeau Beanies Jacquard Hip Hop avec logo brod\u00e9 personnalis\u00e9"},"content":{"rendered":"","protected":false},"excerpt":{"rendered":"<p>Bonnet Gorros Santa personnalis\u00e9 de haute qualit\u00e9 en tricot Hip Hop Pom Pom No\u00ebl pour femmes<\/p>","protected":false},"featured_media":5520,"template":"","meta":{"_acf_changed":false,"_kad_blocks_custom_css":"","_kad_blocks_head_custom_js":"","_kad_blocks_body_custom_js":"","_kad_blocks_footer_custom_js":""},"product_brand":[],"product_cat":[980,1035,693],"product_tag":[],"class_list":{"0":"post-5516","1":"product","2":"type-product","3":"status-publish","4":"has-post-thumbnail","6":"product_cat-beanie-hat-wholesale","7":"product_cat-pompom-beanies-wholesale","8":"product_cat-hat","10":"first","11":"outofstock","12":"shipping-taxable","13":"product-type-simple"},"acf":[],"yoast_head":"<!-- This site is optimized with the Yoast SEO Premium plugin v20.8 (Yoast SEO v25.9) - https:\/\/yoast.com\/wordpress\/plugins\/seo\/ -->\n<title>Custom Embroidery Logo Hip Hop Jacquard Beanies Hat - Sumkcaps<\/title>\n<meta name=\"robots\" content=\"index, follow, max-snippet:-1, max-image-preview:large, max-video-preview:-1\" \/>\n<link rel=\"canonical\" href=\"https:\/\/sumkcaps.com\/fr\/produit\/broderie-personnalisee-logo-hip-hop-jacquard-bonnet-beanies\/\" \/>\n<meta property=\"og:locale\" content=\"fr_FR\" \/>\n<meta property=\"og:type\" content=\"article\" \/>\n<meta property=\"og:title\" content=\"Custom Embroidery Logo Hip Hop Jacquard Beanies Hat - Sumkcaps\" \/>\n<meta property=\"og:description\" content=\"Custom Gorros Santa High Quality Hip Hop Knit Pom Pom Christmas Winter Beanies For Women\" \/>\n<meta property=\"og:url\" content=\"https:\/\/sumkcaps.com\/fr\/produit\/broderie-personnalisee-logo-hip-hop-jacquard-bonnet-beanies\/\" \/>\n<meta property=\"og:site_name\" content=\"Sumkcaps-China Original Headwear Manufacturer and Suppliers\" \/>\n<meta property=\"article:publisher\" content=\"https:\/\/www.facebook.com\/sumkcap\" \/>\n<meta property=\"article:modified_time\" content=\"2025-11-05T06:14:57+00:00\" \/>\n<meta property=\"og:image\" content=\"https:\/\/sumkcaps.com\/wp-content\/uploads\/2022\/04\/\u4ea7\u54c1\u4e3b\u56fe1-526.jpg\" \/>\n\t<meta property=\"og:image:width\" content=\"750\" \/>\n\t<meta property=\"og:image:height\" content=\"750\" \/>\n\t<meta property=\"og:image:type\" content=\"image\/jpeg\" \/>\n<meta name=\"twitter:card\" content=\"summary_large_image\" \/>\n<script type=\"application\/ld+json\" class=\"yoast-schema-graph\">{\"@context\":\"https:\/\/schema.org\",\"@graph\":[{\"@type\":\"WebPage\",\"@id\":\"https:\/\/sumkcaps.com\/product\/custom-embroidery-logo-hip-hop-jacquard-beanies-hat\/\",\"url\":\"https:\/\/sumkcaps.com\/product\/custom-embroidery-logo-hip-hop-jacquard-beanies-hat\/\",\"name\":\"Custom Embroidery Logo Hip Hop Jacquard Beanies Hat - Sumkcaps\",\"isPartOf\":{\"@id\":\"https:\/\/sumkcaps.com\/#website\"},\"primaryImageOfPage\":{\"@id\":\"https:\/\/sumkcaps.com\/product\/custom-embroidery-logo-hip-hop-jacquard-beanies-hat\/#primaryimage\"},\"image\":{\"@id\":\"https:\/\/sumkcaps.com\/product\/custom-embroidery-logo-hip-hop-jacquard-beanies-hat\/#primaryimage\"},\"thumbnailUrl\":\"https:\/\/sumkcaps.com\/wp-content\/uploads\/2022\/04\/\u4ea7\u54c1\u4e3b\u56fe1-526.jpg\",\"datePublished\":\"2022-04-24T06:31:57+00:00\",\"dateModified\":\"2025-11-05T06:14:57+00:00\",\"breadcrumb\":{\"@id\":\"https:\/\/sumkcaps.com\/product\/custom-embroidery-logo-hip-hop-jacquard-beanies-hat\/#breadcrumb\"},\"inLanguage\":\"fr-FR\",\"potentialAction\":[{\"@type\":\"ReadAction\",\"target\":[\"https:\/\/sumkcaps.com\/product\/custom-embroidery-logo-hip-hop-jacquard-beanies-hat\/\"]}]},{\"@type\":\"ImageObject\",\"inLanguage\":\"fr-FR\",\"@id\":\"https:\/\/sumkcaps.com\/product\/custom-embroidery-logo-hip-hop-jacquard-beanies-hat\/#primaryimage\",\"url\":\"https:\/\/sumkcaps.com\/wp-content\/uploads\/2022\/04\/\u4ea7\u54c1\u4e3b\u56fe1-526.jpg\",\"contentUrl\":\"https:\/\/sumkcaps.com\/wp-content\/uploads\/2022\/04\/\u4ea7\u54c1\u4e3b\u56fe1-526.jpg\",\"width\":750,\"height\":750},{\"@type\":\"BreadcrumbList\",\"@id\":\"https:\/\/sumkcaps.com\/product\/custom-embroidery-logo-hip-hop-jacquard-beanies-hat\/#breadcrumb\",\"itemListElement\":[{\"@type\":\"ListItem\",\"position\":1,\"name\":\"Home\",\"item\":\"https:\/\/sumkcaps.com\/\"},{\"@type\":\"ListItem\",\"position\":2,\"name\":\"Products\",\"item\":\"https:\/\/sumkcaps.com\/product\/\"},{\"@type\":\"ListItem\",\"position\":3,\"name\":\"Custom Embroidery Logo Hip Hop Jacquard Beanies Hat\"}]},{\"@type\":\"WebSite\",\"@id\":\"https:\/\/sumkcaps.com\/#website\",\"url\":\"https:\/\/sumkcaps.com\/\",\"name\":\"Sumkcaps-China Original Headwear Manufacturer and Suppliers\",\"description\":\"We are China Cap And Hat Original Factory, whose main business is to custom cap and hat as client&#039;s LOGO. Any cap style, any cap color, any qty, any material and qty is no problem. In one words, any small details can be customized as your request.\",\"publisher\":{\"@id\":\"https:\/\/sumkcaps.com\/#organization\"},\"potentialAction\":[{\"@type\":\"SearchAction\",\"target\":{\"@type\":\"EntryPoint\",\"urlTemplate\":\"https:\/\/sumkcaps.com\/?s={search_term_string}\"},\"query-input\":{\"@type\":\"PropertyValueSpecification\",\"valueRequired\":true,\"valueName\":\"search_term_string\"}}],\"inLanguage\":\"fr-FR\"},{\"@type\":\"Organization\",\"@id\":\"https:\/\/sumkcaps.com\/#organization\",\"name\":\"Sumkcaps-China Original Headwear Manufacturer and Suppliers\",\"url\":\"https:\/\/sumkcaps.com\/\",\"logo\":{\"@type\":\"ImageObject\",\"inLanguage\":\"fr-FR\",\"@id\":\"https:\/\/sumkcaps.com\/#\/schema\/logo\/image\/\",\"url\":\"https:\/\/sumkcaps.com\/wp-content\/uploads\/2025\/12\/1234.jpg\",\"contentUrl\":\"https:\/\/sumkcaps.com\/wp-content\/uploads\/2025\/12\/1234.jpg\",\"width\":800,\"height\":800,\"caption\":\"Sumkcaps-China Original Headwear Manufacturer and Suppliers\"},\"image\":{\"@id\":\"https:\/\/sumkcaps.com\/#\/schema\/logo\/image\/\"},\"sameAs\":[\"https:\/\/www.facebook.com\/sumkcap\",\"https:\/\/www.instagram.com\/sumkcaps7\/\",\"https:\/\/www.pinterest.com\/sumkcapschina\/\"]}]}<\/script>\n<!-- \/ Yoast SEO Premium plugin. -->","yoast_head_json":{"title":"Logo brod\u00e9 personnalis\u00e9 Hip Hop Jacquard Beanies Hat - Sumkcaps","robots":{"index":"index","follow":"follow","max-snippet":"max-snippet:-1","max-image-preview":"max-image-preview:large","max-video-preview":"max-video-preview:-1"},"canonical":"https:\/\/sumkcaps.com\/fr\/produit\/broderie-personnalisee-logo-hip-hop-jacquard-bonnet-beanies\/","og_locale":"fr_FR","og_type":"article","og_title":"Custom Embroidery Logo Hip Hop Jacquard Beanies Hat - Sumkcaps","og_description":"Custom Gorros Santa High Quality Hip Hop Knit Pom Pom Christmas Winter Beanies For Women","og_url":"https:\/\/sumkcaps.com\/fr\/produit\/broderie-personnalisee-logo-hip-hop-jacquard-bonnet-beanies\/","og_site_name":"Sumkcaps-China Original Headwear Manufacturer and Suppliers","article_publisher":"https:\/\/www.facebook.com\/sumkcap","article_modified_time":"2025-11-05T06:14:57+00:00","og_image":[{"width":750,"height":750,"url":"https:\/\/sumkcaps.com\/wp-content\/uploads\/2022\/04\/\u4ea7\u54c1\u4e3b\u56fe1-526.jpg","type":"image\/jpeg"}],"twitter_card":"summary_large_image","schema":{"@context":"https:\/\/schema.org","@graph":[{"@type":"WebPage","@id":"https:\/\/sumkcaps.com\/product\/custom-embroidery-logo-hip-hop-jacquard-beanies-hat\/","url":"https:\/\/sumkcaps.com\/product\/custom-embroidery-logo-hip-hop-jacquard-beanies-hat\/","name":"Logo brod\u00e9 personnalis\u00e9 Hip Hop Jacquard Beanies Hat - Sumkcaps","isPartOf":{"@id":"https:\/\/sumkcaps.com\/#website"},"primaryImageOfPage":{"@id":"https:\/\/sumkcaps.com\/product\/custom-embroidery-logo-hip-hop-jacquard-beanies-hat\/#primaryimage"},"image":{"@id":"https:\/\/sumkcaps.com\/product\/custom-embroidery-logo-hip-hop-jacquard-beanies-hat\/#primaryimage"},"thumbnailUrl":"https:\/\/sumkcaps.com\/wp-content\/uploads\/2022\/04\/\u4ea7\u54c1\u4e3b\u56fe1-526.jpg","datePublished":"2022-04-24T06:31:57+00:00","dateModified":"2025-11-05T06:14:57+00:00","breadcrumb":{"@id":"https:\/\/sumkcaps.com\/product\/custom-embroidery-logo-hip-hop-jacquard-beanies-hat\/#breadcrumb"},"inLanguage":"fr-FR","potentialAction":[{"@type":"ReadAction","target":["https:\/\/sumkcaps.com\/product\/custom-embroidery-logo-hip-hop-jacquard-beanies-hat\/"]}]},{"@type":"ImageObject","inLanguage":"fr-FR","@id":"https:\/\/sumkcaps.com\/product\/custom-embroidery-logo-hip-hop-jacquard-beanies-hat\/#primaryimage","url":"https:\/\/sumkcaps.com\/wp-content\/uploads\/2022\/04\/\u4ea7\u54c1\u4e3b\u56fe1-526.jpg","contentUrl":"https:\/\/sumkcaps.com\/wp-content\/uploads\/2022\/04\/\u4ea7\u54c1\u4e3b\u56fe1-526.jpg","width":750,"height":750},{"@type":"BreadcrumbList","@id":"https:\/\/sumkcaps.com\/product\/custom-embroidery-logo-hip-hop-jacquard-beanies-hat\/#breadcrumb","itemListElement":[{"@type":"ListItem","position":1,"name":"Home","item":"https:\/\/sumkcaps.com\/"},{"@type":"ListItem","position":2,"name":"Products","item":"https:\/\/sumkcaps.com\/product\/"},{"@type":"ListItem","position":3,"name":"Custom Embroidery Logo Hip Hop Jacquard Beanies Hat"}]},{"@type":"WebSite","@id":"https:\/\/sumkcaps.com\/#website","url":"https:\/\/sumkcaps.com\/","name":"Sumkcaps - Fabricant et fournisseur chinois de couvre-chefs originaux","description":"Nous sommes une entreprise chinoise de fabrication de casquettes et de chapeaux, dont l'activit\u00e9 principale consiste \u00e0 personnaliser les casquettes et les chapeaux en fonction du LOGO du client. Tous les styles de casquettes, toutes les couleurs de casquettes, toutes les quantit\u00e9s, tous les mat\u00e9riaux et toutes les quantit\u00e9s ne posent aucun probl\u00e8me. En d'autres termes, tous les petits d\u00e9tails peuvent \u00eatre personnalis\u00e9s selon votre demande.","publisher":{"@id":"https:\/\/sumkcaps.com\/#organization"},"potentialAction":[{"@type":"SearchAction","target":{"@type":"EntryPoint","urlTemplate":"https:\/\/sumkcaps.com\/?s={search_term_string}"},"query-input":{"@type":"PropertyValueSpecification","valueRequired":true,"valueName":"search_term_string"}}],"inLanguage":"fr-FR"},{"@type":"Organization","@id":"https:\/\/sumkcaps.com\/#organization","name":"Sumkcaps - Fabricant et fournisseur chinois de couvre-chefs originaux","url":"https:\/\/sumkcaps.com\/","logo":{"@type":"ImageObject","inLanguage":"fr-FR","@id":"https:\/\/sumkcaps.com\/#\/schema\/logo\/image\/","url":"https:\/\/sumkcaps.com\/wp-content\/uploads\/2025\/12\/1234.jpg","contentUrl":"https:\/\/sumkcaps.com\/wp-content\/uploads\/2025\/12\/1234.jpg","width":800,"height":800,"caption":"Sumkcaps-China Original Headwear Manufacturer and Suppliers"},"image":{"@id":"https:\/\/sumkcaps.com\/#\/schema\/logo\/image\/"},"sameAs":["https:\/\/www.facebook.com\/sumkcap","https:\/\/www.instagram.com\/sumkcaps7\/","https:\/\/www.pinterest.com\/sumkcapschina\/"]}]}},"taxonomy_info":{"product_cat":[{"value":980,"label":"Beanie Hat"},{"value":1035,"label":"PomPom Beanie Hats"},{"value":693,"label":"Hat"}]},"featured_image_src_large":["https:\/\/sumkcaps.com\/wp-content\/uploads\/2022\/04\/\u4ea7\u54c1\u4e3b\u56fe1-526.jpg",750,750,false],"author_info":[],"comment_info":"","_links":{"self":[{"href":"https:\/\/sumkcaps.com\/fr\/wp-json\/wp\/v2\/product\/5516","targetHints":{"allow":["GET"]}}],"collection":[{"href":"https:\/\/sumkcaps.com\/fr\/wp-json\/wp\/v2\/product"}],"about":[{"href":"https:\/\/sumkcaps.com\/fr\/wp-json\/wp\/v2\/types\/product"}],"wp:featuredmedia":[{"embeddable":true,"href":"https:\/\/sumkcaps.com\/fr\/wp-json\/wp\/v2\/media\/5520"}],"wp:attachment":[{"href":"https:\/\/sumkcaps.com\/fr\/wp-json\/wp\/v2\/media?parent=5516"}],"wp:term":[{"taxonomy":"product_brand","embeddable":true,"href":"https:\/\/sumkcaps.com\/fr\/wp-json\/wp\/v2\/product_brand?post=5516"},{"taxonomy":"product_cat","embeddable":true,"href":"https:\/\/sumkcaps.com\/fr\/wp-json\/wp\/v2\/product_cat?post=5516"},{"taxonomy":"product_tag","embeddable":true,"href":"https:\/\/sumkcaps.com\/fr\/wp-json\/wp\/v2\/product_tag?post=5516"}],"curies":[{"name":"wp","href":"https:\/\/api.w.org\/{rel}","templated":true}]}}