{"id":3837,"date":"2022-04-22T16:14:06","date_gmt":"2022-04-22T08:14:06","guid":{"rendered":"https:\/\/sumkcaps.com\/?post_type=product&#038;p=3837"},"modified":"2026-04-22T14:45:28","modified_gmt":"2026-04-22T06:45:28","slug":"structured-leather-patch-7-panels-caps","status":"publish","type":"product","link":"https:\/\/sumkcaps.com\/fr\/produit\/casquettes-7-panneaux-en-cuir-structure\/","title":{"rendered":"Casquettes structur\u00e9es en cuir \u00e0 7 panneaux"},"content":{"rendered":"<section class=\"text-token-text-primary w-full focus:outline-none [--shadow-height:45px] has-data-writing-block:pointer-events-none has-data-writing-block:-mt-(--shadow-height) has-data-writing-block:pt-(--shadow-height) [&amp;:has([data-writing-block])&gt;*]:pointer-events-auto [content-visibility:auto] supports-[content-visibility:auto]:[contain-intrinsic-size:auto_100lvh] R6Vx5W_threadScrollVars scroll-mb-[calc(var(--scroll-root-safe-area-inset-bottom,0px)+var(--thread-response-height))] scroll-mt-[calc(var(--header-height)+min(200px,max(70px,20svh)))]\" dir=\"auto\" data-turn-id=\"request-69e83424-05e4-83ea-8311-41a64fca3a95-0\" data-testid=\"conversation-turn-14\" data-scroll-anchor=\"false\" data-turn=\"assistant\">\n<div class=\"text-base my-auto mx-auto pb-10 [--thread-content-margin:var(--thread-content-margin-xs,calc(var(--spacing)*4))] @w-sm\/main:[--thread-content-margin:var(--thread-content-margin-sm,calc(var(--spacing)*6))] @w-lg\/main:[--thread-content-margin:var(--thread-content-margin-lg,calc(var(--spacing)*16))] px-(--thread-content-margin)\">\n<div class=\"[--thread-content-max-width:40rem] @w-lg\/main:[--thread-content-max-width:48rem] mx-auto max-w-(--thread-content-max-width) flex-1 group\/turn-messages focus-visible:outline-hidden relative flex w-full min-w-0 flex-col agent-turn\">\n<div class=\"flex max-w-full flex-col gap-4 grow\">\n<div class=\"min-h-8 text-message relative flex w-full flex-col items-end gap-2 text-start break-words whitespace-normal outline-none keyboard-focused:focus-ring [.text-message+&amp;]:mt-1\" dir=\"auto\" tabindex=\"0\" data-message-author-role=\"assistant\" data-message-id=\"0062985a-9d2c-40a4-8d25-c22f061fb11d\" data-message-model-slug=\"gpt-5-3\" data-turn-start-message=\"true\">\n<div class=\"flex w-full flex-col gap-1 empty:hidden\">\n<div class=\"markdown prose dark:prose-invert w-full wrap-break-word light markdown-new-styling\">\n<h3 data-section-id=\"qp74jt\" data-start=\"0\" data-end=\"43\"><span role=\"text\"><strong data-start=\"4\" data-end=\"41\">D\u00e9coration<\/strong><\/span><\/h3>\n<p data-start=\"44\" data-end=\"293\">Ce patch en cuir de premi\u00e8re qualit\u00e9 ajoute un \u00e9l\u00e9ment de marque raffin\u00e9 et durable. Id\u00e9al pour les logos ou les motifs uniques, il offre un aspect haut de gamme tout en conservant une longue dur\u00e9e de vie, ce qui le rend parfait pour les collections de style de vie et de streetwear.<\/p>\n<h3 data-section-id=\"law3es\" data-start=\"300\" data-end=\"339\"><span role=\"text\"><strong data-start=\"304\" data-end=\"337\">Mat\u00e9riau<\/strong><\/span><\/h3>\n<p data-start=\"340\" data-end=\"562\">Fabriqu\u00e9e \u00e0 partir d'un m\u00e9lange d'acrylique et de laine de qualit\u00e9, cette casquette offre \u00e0 la fois chaleur et durabilit\u00e9. L'acrylique assure un confort l\u00e9ger et la conservation des couleurs, tandis que la laine am\u00e9liore la texture et l'isolation, ce qui convient \u00e0 plusieurs saisons.<\/p>\n<h3 data-section-id=\"z2yzwj\" data-start=\"569\" data-end=\"603\"><span role=\"text\"><strong data-start=\"573\" data-end=\"601\">Couleur<\/strong><\/span><\/h3>\n<p data-start=\"604\" data-end=\"811\">Disponibles dans des options de couleurs enti\u00e8rement personnalisables pour correspondre \u00e0 l'identit\u00e9 de votre marque. Qu'il s'agisse de tons audacieux ou de palettes neutres, cette flexibilit\u00e9 permet de cr\u00e9er des designs uniques qui se d\u00e9marquent sur les march\u00e9s de la vente au d\u00e9tail ou de la promotion.<\/p>\n<h3 data-section-id=\"20ujm6\" data-start=\"818\" data-end=\"856\"><span role=\"text\"><strong data-start=\"822\" data-end=\"854\">Forme<\/strong><\/span><\/h3>\n<p data-start=\"857\" data-end=\"1065\">Con\u00e7ue avec une construction structur\u00e9e \u00e0 7 panneaux, cette casquette offre une silhouette moderne et un meilleur espace avant pour la d\u00e9coration. La fermeture \u00e0 pression assure un style streetwear classique avec un confort r\u00e9glable.<\/p>\n<h3 data-section-id=\"3asju8\" data-start=\"1072\" data-end=\"1099\"><span role=\"text\"><strong data-start=\"1076\" data-end=\"1097\">Visi\u00e8re<\/strong><\/span><\/h3>\n<p data-start=\"1100\" data-end=\"1273\">\u00c9quip\u00e9 d'une visi\u00e8re \u00e0 bord plat, il offre un look contemporain et audacieux. Il offre une protection solaire tout en conservant un aspect net et structur\u00e9, tr\u00e8s pris\u00e9 dans la mode urbaine.<\/p>\n<h3 data-section-id=\"1ujt2bk\" data-start=\"1280\" data-end=\"1319\"><span role=\"text\"><strong data-start=\"1284\" data-end=\"1317\">Taille<\/strong><\/span><\/h3>\n<p data-start=\"1320\" data-end=\"1459\">Conception \u00e0 taille unique (OSFM) avec fermeture r\u00e9glable par bouton-pression, garantissant un ajustement confortable et s\u00fbr pour un large \u00e9ventail de tailles de t\u00eate.<\/p>\n<h3 data-section-id=\"1mx9aa5\" data-start=\"1466\" data-end=\"1491\"><span role=\"text\"><strong data-start=\"1470\" data-end=\"1489\">D\u00e9lai d'ex\u00e9cution<\/strong><\/span><\/h3>\n<p data-start=\"1492\" data-end=\"1670\" data-is-last-node=\"\" data-is-only-node=\"\">Un calendrier de production efficace, avec la mise au point d'\u00e9chantillons en 7 \u00e0 9 jours ouvrables et une production en s\u00e9rie achev\u00e9e en 18 \u00e0 22 jours ouvrables, qui permet une ex\u00e9cution rapide et fiable des commandes.<\/p>\n<\/div>\n<\/div>\n<\/div>\n<\/div>\n<\/div>\n<\/div>\n<\/section>","protected":false},"excerpt":{"rendered":"<p>\u00c9cusson en cuir personnalis\u00e9, m\u00e9lange d'acrylique et de laine, snapback \u00e0 7 panneaux avec bord plat. Coupe OSFM, couleurs personnalisables, \u00e9chantillonnage (7-9 jours) et production (18-22 jours) rapides.<\/p>","protected":false},"featured_media":3841,"template":"","meta":{"_acf_changed":false,"_kad_blocks_custom_css":"","_kad_blocks_head_custom_js":"","_kad_blocks_body_custom_js":"","_kad_blocks_footer_custom_js":""},"product_brand":[],"product_cat":[42],"product_tag":[],"class_list":{"0":"post-3837","1":"product","2":"type-product","3":"status-publish","4":"has-post-thumbnail","6":"product_cat-snapback-cap","8":"first","9":"outofstock","10":"shipping-taxable","11":"product-type-simple"},"acf":[],"yoast_head":"<!-- This site is optimized with the Yoast SEO Premium plugin v20.8 (Yoast SEO v25.9) - https:\/\/yoast.com\/wordpress\/plugins\/seo\/ -->\n<title>Structured Leather Patch 7 Panels Caps - Sumkcaps<\/title>\n<meta name=\"description\" content=\"Leather patch 7-panel snapback, acrylic\/wool blend, flat bill, OSFM fit, custom colors, 7\u20139 day sample, 18\u201322 day production.\" \/>\n<meta name=\"robots\" content=\"index, follow, max-snippet:-1, max-image-preview:large, max-video-preview:-1\" \/>\n<link rel=\"canonical\" href=\"https:\/\/sumkcaps.com\/fr\/produit\/casquettes-7-panneaux-en-cuir-structure\/\" \/>\n<meta property=\"og:locale\" content=\"fr_FR\" \/>\n<meta property=\"og:type\" content=\"article\" \/>\n<meta property=\"og:title\" content=\"Structured Leather Patch 7 Panels Caps - Sumkcaps\" \/>\n<meta property=\"og:description\" content=\"Leather patch 7-panel snapback, acrylic\/wool blend, flat bill, OSFM fit, custom colors, 7\u20139 day sample, 18\u201322 day production.\" \/>\n<meta property=\"og:url\" content=\"https:\/\/sumkcaps.com\/fr\/produit\/casquettes-7-panneaux-en-cuir-structure\/\" \/>\n<meta property=\"og:site_name\" content=\"Sumkcaps-China Original Headwear Manufacturer and Suppliers\" \/>\n<meta property=\"article:publisher\" content=\"https:\/\/www.facebook.com\/sumkcap\" \/>\n<meta property=\"article:modified_time\" content=\"2026-04-22T06:45:28+00:00\" \/>\n<meta property=\"og:image\" content=\"https:\/\/sumkcaps.com\/wp-content\/uploads\/2022\/04\/\u4ea7\u54c1\u4e3b\u56fe1-336.jpg\" \/>\n\t<meta property=\"og:image:width\" content=\"800\" \/>\n\t<meta property=\"og:image:height\" content=\"800\" \/>\n\t<meta property=\"og:image:type\" content=\"image\/jpeg\" \/>\n<meta name=\"twitter:card\" content=\"summary_large_image\" \/>\n<meta name=\"twitter:label1\" content=\"Dur\u00e9e de lecture estim\u00e9e\" \/>\n\t<meta name=\"twitter:data1\" content=\"2 minutes\" \/>\n<script type=\"application\/ld+json\" class=\"yoast-schema-graph\">{\"@context\":\"https:\/\/schema.org\",\"@graph\":[{\"@type\":\"WebPage\",\"@id\":\"https:\/\/sumkcaps.com\/product\/structured-leather-patch-7-panels-caps\/\",\"url\":\"https:\/\/sumkcaps.com\/product\/structured-leather-patch-7-panels-caps\/\",\"name\":\"Structured Leather Patch 7 Panels Caps - Sumkcaps\",\"isPartOf\":{\"@id\":\"https:\/\/sumkcaps.com\/#website\"},\"primaryImageOfPage\":{\"@id\":\"https:\/\/sumkcaps.com\/product\/structured-leather-patch-7-panels-caps\/#primaryimage\"},\"image\":{\"@id\":\"https:\/\/sumkcaps.com\/product\/structured-leather-patch-7-panels-caps\/#primaryimage\"},\"thumbnailUrl\":\"https:\/\/sumkcaps.com\/wp-content\/uploads\/2022\/04\/\u4ea7\u54c1\u4e3b\u56fe1-336.jpg\",\"datePublished\":\"2022-04-22T08:14:06+00:00\",\"dateModified\":\"2026-04-22T06:45:28+00:00\",\"description\":\"Leather patch 7-panel snapback, acrylic\/wool blend, flat bill, OSFM fit, custom colors, 7\u20139 day sample, 18\u201322 day production.\",\"breadcrumb\":{\"@id\":\"https:\/\/sumkcaps.com\/product\/structured-leather-patch-7-panels-caps\/#breadcrumb\"},\"inLanguage\":\"fr-FR\",\"potentialAction\":[{\"@type\":\"ReadAction\",\"target\":[\"https:\/\/sumkcaps.com\/product\/structured-leather-patch-7-panels-caps\/\"]}]},{\"@type\":\"ImageObject\",\"inLanguage\":\"fr-FR\",\"@id\":\"https:\/\/sumkcaps.com\/product\/structured-leather-patch-7-panels-caps\/#primaryimage\",\"url\":\"https:\/\/sumkcaps.com\/wp-content\/uploads\/2022\/04\/\u4ea7\u54c1\u4e3b\u56fe1-336.jpg\",\"contentUrl\":\"https:\/\/sumkcaps.com\/wp-content\/uploads\/2022\/04\/\u4ea7\u54c1\u4e3b\u56fe1-336.jpg\",\"width\":800,\"height\":800},{\"@type\":\"BreadcrumbList\",\"@id\":\"https:\/\/sumkcaps.com\/product\/structured-leather-patch-7-panels-caps\/#breadcrumb\",\"itemListElement\":[{\"@type\":\"ListItem\",\"position\":1,\"name\":\"Home\",\"item\":\"https:\/\/sumkcaps.com\/\"},{\"@type\":\"ListItem\",\"position\":2,\"name\":\"Products\",\"item\":\"https:\/\/sumkcaps.com\/product\/\"},{\"@type\":\"ListItem\",\"position\":3,\"name\":\"Structured Leather Patch 7 Panels Caps\"}]},{\"@type\":\"WebSite\",\"@id\":\"https:\/\/sumkcaps.com\/#website\",\"url\":\"https:\/\/sumkcaps.com\/\",\"name\":\"Sumkcaps-China Original Headwear Manufacturer and Suppliers\",\"description\":\"We are China Cap And Hat Original Factory, whose main business is to custom cap and hat as client&#039;s LOGO. Any cap style, any cap color, any qty, any material and qty is no problem. In one words, any small details can be customized as your request.\",\"publisher\":{\"@id\":\"https:\/\/sumkcaps.com\/#organization\"},\"potentialAction\":[{\"@type\":\"SearchAction\",\"target\":{\"@type\":\"EntryPoint\",\"urlTemplate\":\"https:\/\/sumkcaps.com\/?s={search_term_string}\"},\"query-input\":{\"@type\":\"PropertyValueSpecification\",\"valueRequired\":true,\"valueName\":\"search_term_string\"}}],\"inLanguage\":\"fr-FR\"},{\"@type\":\"Organization\",\"@id\":\"https:\/\/sumkcaps.com\/#organization\",\"name\":\"Sumkcaps-China Original Headwear Manufacturer and Suppliers\",\"url\":\"https:\/\/sumkcaps.com\/\",\"logo\":{\"@type\":\"ImageObject\",\"inLanguage\":\"fr-FR\",\"@id\":\"https:\/\/sumkcaps.com\/#\/schema\/logo\/image\/\",\"url\":\"https:\/\/sumkcaps.com\/wp-content\/uploads\/2025\/12\/1234.jpg\",\"contentUrl\":\"https:\/\/sumkcaps.com\/wp-content\/uploads\/2025\/12\/1234.jpg\",\"width\":800,\"height\":800,\"caption\":\"Sumkcaps-China Original Headwear Manufacturer and Suppliers\"},\"image\":{\"@id\":\"https:\/\/sumkcaps.com\/#\/schema\/logo\/image\/\"},\"sameAs\":[\"https:\/\/www.facebook.com\/sumkcap\",\"https:\/\/www.instagram.com\/sumkcaps7\/\",\"https:\/\/www.pinterest.com\/sumkcapschina\/\"]}]}<\/script>\n<!-- \/ Yoast SEO Premium plugin. -->","yoast_head_json":{"title":"Casquette structur\u00e9e en cuir \u00e0 7 panneaux - Sumkcaps","description":"Plaquette en cuir, snapback \u00e0 7 panneaux, m\u00e9lange acrylique\/laine, col plat, coupe OSFM, couleurs personnalis\u00e9es, \u00e9chantillon de 7 \u00e0 9 jours, production de 18 \u00e0 22 jours.","robots":{"index":"index","follow":"follow","max-snippet":"max-snippet:-1","max-image-preview":"max-image-preview:large","max-video-preview":"max-video-preview:-1"},"canonical":"https:\/\/sumkcaps.com\/fr\/produit\/casquettes-7-panneaux-en-cuir-structure\/","og_locale":"fr_FR","og_type":"article","og_title":"Structured Leather Patch 7 Panels Caps - Sumkcaps","og_description":"Leather patch 7-panel snapback, acrylic\/wool blend, flat bill, OSFM fit, custom colors, 7\u20139 day sample, 18\u201322 day production.","og_url":"https:\/\/sumkcaps.com\/fr\/produit\/casquettes-7-panneaux-en-cuir-structure\/","og_site_name":"Sumkcaps-China Original Headwear Manufacturer and Suppliers","article_publisher":"https:\/\/www.facebook.com\/sumkcap","article_modified_time":"2026-04-22T06:45:28+00:00","og_image":[{"width":800,"height":800,"url":"https:\/\/sumkcaps.com\/wp-content\/uploads\/2022\/04\/\u4ea7\u54c1\u4e3b\u56fe1-336.jpg","type":"image\/jpeg"}],"twitter_card":"summary_large_image","twitter_misc":{"Dur\u00e9e de lecture estim\u00e9e":"2 minutes"},"schema":{"@context":"https:\/\/schema.org","@graph":[{"@type":"WebPage","@id":"https:\/\/sumkcaps.com\/product\/structured-leather-patch-7-panels-caps\/","url":"https:\/\/sumkcaps.com\/product\/structured-leather-patch-7-panels-caps\/","name":"Casquette structur\u00e9e en cuir \u00e0 7 panneaux - Sumkcaps","isPartOf":{"@id":"https:\/\/sumkcaps.com\/#website"},"primaryImageOfPage":{"@id":"https:\/\/sumkcaps.com\/product\/structured-leather-patch-7-panels-caps\/#primaryimage"},"image":{"@id":"https:\/\/sumkcaps.com\/product\/structured-leather-patch-7-panels-caps\/#primaryimage"},"thumbnailUrl":"https:\/\/sumkcaps.com\/wp-content\/uploads\/2022\/04\/\u4ea7\u54c1\u4e3b\u56fe1-336.jpg","datePublished":"2022-04-22T08:14:06+00:00","dateModified":"2026-04-22T06:45:28+00:00","description":"Plaquette en cuir, snapback \u00e0 7 panneaux, m\u00e9lange acrylique\/laine, col plat, coupe OSFM, couleurs personnalis\u00e9es, \u00e9chantillon de 7 \u00e0 9 jours, production de 18 \u00e0 22 jours.","breadcrumb":{"@id":"https:\/\/sumkcaps.com\/product\/structured-leather-patch-7-panels-caps\/#breadcrumb"},"inLanguage":"fr-FR","potentialAction":[{"@type":"ReadAction","target":["https:\/\/sumkcaps.com\/product\/structured-leather-patch-7-panels-caps\/"]}]},{"@type":"ImageObject","inLanguage":"fr-FR","@id":"https:\/\/sumkcaps.com\/product\/structured-leather-patch-7-panels-caps\/#primaryimage","url":"https:\/\/sumkcaps.com\/wp-content\/uploads\/2022\/04\/\u4ea7\u54c1\u4e3b\u56fe1-336.jpg","contentUrl":"https:\/\/sumkcaps.com\/wp-content\/uploads\/2022\/04\/\u4ea7\u54c1\u4e3b\u56fe1-336.jpg","width":800,"height":800},{"@type":"BreadcrumbList","@id":"https:\/\/sumkcaps.com\/product\/structured-leather-patch-7-panels-caps\/#breadcrumb","itemListElement":[{"@type":"ListItem","position":1,"name":"Home","item":"https:\/\/sumkcaps.com\/"},{"@type":"ListItem","position":2,"name":"Products","item":"https:\/\/sumkcaps.com\/product\/"},{"@type":"ListItem","position":3,"name":"Structured Leather Patch 7 Panels Caps"}]},{"@type":"WebSite","@id":"https:\/\/sumkcaps.com\/#website","url":"https:\/\/sumkcaps.com\/","name":"Sumkcaps - Fabricant et fournisseur chinois de couvre-chefs originaux","description":"Nous sommes une entreprise chinoise de fabrication de casquettes et de chapeaux, dont l'activit\u00e9 principale consiste \u00e0 personnaliser les casquettes et les chapeaux en fonction du LOGO du client. Tous les styles de casquettes, toutes les couleurs de casquettes, toutes les quantit\u00e9s, tous les mat\u00e9riaux et toutes les quantit\u00e9s ne posent aucun probl\u00e8me. En d'autres termes, tous les petits d\u00e9tails peuvent \u00eatre personnalis\u00e9s selon votre demande.","publisher":{"@id":"https:\/\/sumkcaps.com\/#organization"},"potentialAction":[{"@type":"SearchAction","target":{"@type":"EntryPoint","urlTemplate":"https:\/\/sumkcaps.com\/?s={search_term_string}"},"query-input":{"@type":"PropertyValueSpecification","valueRequired":true,"valueName":"search_term_string"}}],"inLanguage":"fr-FR"},{"@type":"Organization","@id":"https:\/\/sumkcaps.com\/#organization","name":"Sumkcaps - Fabricant et fournisseur chinois de couvre-chefs originaux","url":"https:\/\/sumkcaps.com\/","logo":{"@type":"ImageObject","inLanguage":"fr-FR","@id":"https:\/\/sumkcaps.com\/#\/schema\/logo\/image\/","url":"https:\/\/sumkcaps.com\/wp-content\/uploads\/2025\/12\/1234.jpg","contentUrl":"https:\/\/sumkcaps.com\/wp-content\/uploads\/2025\/12\/1234.jpg","width":800,"height":800,"caption":"Sumkcaps-China Original Headwear Manufacturer and Suppliers"},"image":{"@id":"https:\/\/sumkcaps.com\/#\/schema\/logo\/image\/"},"sameAs":["https:\/\/www.facebook.com\/sumkcap","https:\/\/www.instagram.com\/sumkcaps7\/","https:\/\/www.pinterest.com\/sumkcapschina\/"]}]}},"taxonomy_info":{"product_cat":[{"value":42,"label":"Snapback Hats Wholesale"}]},"featured_image_src_large":["https:\/\/sumkcaps.com\/wp-content\/uploads\/2022\/04\/\u4ea7\u54c1\u4e3b\u56fe1-336.jpg",800,800,false],"author_info":[],"comment_info":"","_links":{"self":[{"href":"https:\/\/sumkcaps.com\/fr\/wp-json\/wp\/v2\/product\/3837","targetHints":{"allow":["GET"]}}],"collection":[{"href":"https:\/\/sumkcaps.com\/fr\/wp-json\/wp\/v2\/product"}],"about":[{"href":"https:\/\/sumkcaps.com\/fr\/wp-json\/wp\/v2\/types\/product"}],"wp:featuredmedia":[{"embeddable":true,"href":"https:\/\/sumkcaps.com\/fr\/wp-json\/wp\/v2\/media\/3841"}],"wp:attachment":[{"href":"https:\/\/sumkcaps.com\/fr\/wp-json\/wp\/v2\/media?parent=3837"}],"wp:term":[{"taxonomy":"product_brand","embeddable":true,"href":"https:\/\/sumkcaps.com\/fr\/wp-json\/wp\/v2\/product_brand?post=3837"},{"taxonomy":"product_cat","embeddable":true,"href":"https:\/\/sumkcaps.com\/fr\/wp-json\/wp\/v2\/product_cat?post=3837"},{"taxonomy":"product_tag","embeddable":true,"href":"https:\/\/sumkcaps.com\/fr\/wp-json\/wp\/v2\/product_tag?post=3837"}],"curies":[{"name":"wp","href":"https:\/\/api.w.org\/{rel}","templated":true}]}}