{"id":33104,"date":"2025-12-30T16:33:04","date_gmt":"2025-12-30T08:33:04","guid":{"rendered":"https:\/\/sumkcaps.com\/?post_type=product&#038;p=33104"},"modified":"2025-12-30T17:03:19","modified_gmt":"2025-12-30T09:03:19","slug":"olive-green-flat-embroidery-distressed-dad-hat","status":"publish","type":"product","link":"https:\/\/sumkcaps.com\/fr\/produit\/casquette-dad-hat-vert-olive-a-broderie-plate-et-effet-vieilli\/","title":{"rendered":"Casquette Dad Hat personnalis\u00e9e, couleur vert olive, broderie plate, effet vieilli"},"content":{"rendered":"<h3 data-start=\"121\" data-end=\"137\">D\u00e9coration<\/h3>\n<p data-start=\"138\" data-end=\"421\">Cette casquette dad hat est orn\u00e9e d'une broderie plate personnalis\u00e9e, qui met en valeur le logo de mani\u00e8re \u00e9pur\u00e9e et raffin\u00e9e. La broderie se fond harmonieusement dans le coton vieilli, am\u00e9liorant la visibilit\u00e9 de la marque tout en conservant un look d\u00e9contract\u00e9 d'inspiration vintage. Id\u00e9ale pour les logos, les textes ou les graphismes minimalistes.<\/p>\n<h3 data-start=\"428\" data-end=\"442\">Mat\u00e9riau<\/h3>\n<p data-start=\"443\" data-end=\"686\">Fabriqu\u00e9 \u00e0 partir de coton 100%, ce chapeau offre une excellente respirabilit\u00e9, douceur et durabilit\u00e9. Le tissu en coton naturel assure un confort tout au long de la journ\u00e9e et se pr\u00eate \u00e0 des finitions personnalis\u00e9es, des lavages ou des effets vieillis en fonction des exigences de la marque.<\/p>\n<h3 data-start=\"693\" data-end=\"704\">Couleur<\/h3>\n<p data-start=\"705\" data-end=\"937\">Pr\u00e9sent\u00e9 dans un ton vert olive classique qui s'harmonise aussi bien avec les styles d\u00e9contract\u00e9s qu'avec les styles outdoor. Des options de couleurs personnalis\u00e9es sont disponibles pour s'adapter \u00e0 l'identit\u00e9 de la marque, aux collections saisonni\u00e8res ou aux besoins promotionnels, garantissant ainsi des possibilit\u00e9s de conception flexibles.<\/p>\n<h3 data-start=\"944\" data-end=\"960\">Taille<\/h3>\n<p data-start=\"961\" data-end=\"1144\">Con\u00e7u avec une structure OSFM, il s'adapte aux t\u00eates de taille 7 \u00e0 7 3\/4. La fermeture arri\u00e8re r\u00e9glable offre un ajustement s\u00fbr et confortable, ce qui le rend adapt\u00e9 \u00e0 un large \u00e9ventail d'utilisateurs.<\/p>\n<h3 data-start=\"1151\" data-end=\"1162\">Visi\u00e8re<\/h3>\n<p data-start=\"1163\" data-end=\"1346\">\u00c9quip\u00e9e d'une visi\u00e8re pr\u00e9-courb\u00e9e qui lui conf\u00e8re un aspect d\u00e9contract\u00e9 et us\u00e9. La visi\u00e8re incurv\u00e9e aide \u00e0 r\u00e9duire l'\u00e9blouissement et ajoute \u00e0 l'esth\u00e9tique d\u00e9contract\u00e9e de la casquette \u00ab dad hat \u00bb, adapt\u00e9e \u00e0 un usage quotidien.<\/p>\n<h3 data-start=\"1353\" data-end=\"1366\">Service<\/h3>\n<p data-start=\"1367\" data-end=\"1571\">Nous fournissons des services OEM et ODM complets, prenant en charge la conception personnalis\u00e9e, le placement du logo, le choix des mat\u00e9riaux et l'emballage. Notre \u00e9quipe de production exp\u00e9riment\u00e9e garantit une qualit\u00e9 constante pour les petites et les grandes commandes.<\/p>\n<h3 data-start=\"1578\" data-end=\"1599\">D\u00e9lai d'ex\u00e9cution<\/h3>\n<p data-start=\"1600\" data-end=\"1796\">La production d'\u00e9chantillons prend g\u00e9n\u00e9ralement entre 7 et 9 jours ouvrables pour examen et approbation. La production en s\u00e9rie est r\u00e9alis\u00e9e dans un d\u00e9lai de 18 \u00e0 22 jours ouvrables, ce qui garantit des d\u00e9lais d'ex\u00e9cution efficaces pour les projets de vente en gros et sur mesure.<\/p>","protected":false},"excerpt":{"rendered":"<div class=\"text-base my-auto mx-auto pb-10 [--thread-content-margin:--spacing(4)] @w-sm\/main:[--thread-content-margin:--spacing(6)] @w-lg\/main:[--thread-content-margin:--spacing(16)] px-(--thread-content-margin)\">\n<div class=\"[--thread-content-max-width:40rem] @w-lg\/main:[--thread-content-max-width:48rem] mx-auto max-w-(--thread-content-max-width) flex-1 group\/turn-messages focus-visible:outline-hidden relative flex w-full min-w-0 flex-col agent-turn\" tabindex=\"-1\">\n<div class=\"flex max-w-full flex-col grow\">\n<div class=\"min-h-8 text-message relative flex w-full flex-col items-end gap-2 text-start break-words whitespace-normal [.text-message+&amp;]:mt-1\" dir=\"auto\" data-message-author-role=\"assistant\" data-message-id=\"0fbb25b9-662b-42f1-8ace-a1eee2f0eee0\" data-message-model-slug=\"gpt-5-2\">\n<div class=\"flex w-full flex-col gap-1 empty:hidden first:pt-[1px]\">\n<div class=\"markdown prose dark:prose-invert w-full break-words light markdown-new-styling\">\n<p data-start=\"0\" data-end=\"437\" data-is-last-node=\"\" data-is-only-node=\"\">La casquette Dad Hat personnalis\u00e9e vert olive \u00e0 broderie plate et effet vieilli est confectionn\u00e9e en coton 100% pour un confort respirant tout au long de la journ\u00e9e. Avec sa broderie plate \u00e9pur\u00e9e sur une finition vintage vieillie, elle offre un look d\u00e9contract\u00e9 mais haut de gamme. La visi\u00e8re pr\u00e9-courb\u00e9e am\u00e9liore le confort, tandis que la conception OSFM (7\u20137 3\/4) assure un ajustement parfait. Disponible en vert olive ou dans des couleurs personnalis\u00e9es, avec des services OEM et ODM complets et des d\u00e9lais de production efficaces.<\/p>\n<\/div>\n<\/div>\n<\/div>\n<\/div>\n<\/div>\n<\/div>","protected":false},"featured_media":33107,"template":"","meta":{"_acf_changed":false,"_kad_blocks_custom_css":"","_kad_blocks_head_custom_js":"","_kad_blocks_body_custom_js":"","_kad_blocks_footer_custom_js":""},"product_brand":[],"product_cat":[695,952,693],"product_tag":[],"class_list":{"0":"post-33104","1":"product","2":"type-product","3":"status-publish","4":"has-post-thumbnail","6":"product_cat-dad-cap","7":"product_cat-custom-distressed-dad-hat-wholesale","8":"product_cat-hat","10":"first","11":"outofstock","12":"shipping-taxable","13":"product-type-simple"},"acf":[],"yoast_head":"<!-- This site is optimized with the Yoast SEO Premium plugin v20.8 (Yoast SEO v25.9) - https:\/\/yoast.com\/wordpress\/plugins\/seo\/ -->\n<title>Olive Green Flat Embroidery Distressed Dad Hat - Sumkcaps<\/title>\n<meta name=\"description\" content=\"Custom olive green distressed dad hat made from 100% cotton with flat embroidery. Pre-curved visor, OSFM fit, customizable colors, OEM &amp; ODM supported.\" \/>\n<meta name=\"robots\" content=\"index, follow, max-snippet:-1, max-image-preview:large, max-video-preview:-1\" \/>\n<link rel=\"canonical\" href=\"https:\/\/sumkcaps.com\/fr\/produit\/casquette-dad-hat-vert-olive-a-broderie-plate-et-effet-vieilli\/\" \/>\n<meta property=\"og:locale\" content=\"fr_FR\" \/>\n<meta property=\"og:type\" content=\"article\" \/>\n<meta property=\"og:title\" content=\"Custom Olive Green Flat Embroidery Distressed Dad Hat - Sumkcaps\" \/>\n<meta property=\"og:description\" content=\"Custom olive green distressed dad hat made from 100% cotton with flat embroidery. Pre-curved visor, OSFM fit, customizable colors, OEM &amp; ODM supported.\" \/>\n<meta property=\"og:url\" content=\"https:\/\/sumkcaps.com\/fr\/produit\/casquette-dad-hat-vert-olive-a-broderie-plate-et-effet-vieilli\/\" \/>\n<meta property=\"og:site_name\" content=\"Sumkcaps-China Original Headwear Manufacturer and Suppliers\" \/>\n<meta property=\"article:publisher\" content=\"https:\/\/www.facebook.com\/sumkcap\" \/>\n<meta property=\"article:modified_time\" content=\"2025-12-30T09:03:19+00:00\" \/>\n<meta property=\"og:image\" content=\"https:\/\/sumkcaps.com\/wp-content\/uploads\/2025\/12\/Custom-Olive-Green-Flat-Embroidery-Distressed-Dad-Hat.3.png\" \/>\n\t<meta property=\"og:image:width\" content=\"1080\" \/>\n\t<meta property=\"og:image:height\" content=\"1080\" \/>\n\t<meta property=\"og:image:type\" content=\"image\/png\" \/>\n<meta name=\"twitter:card\" content=\"summary_large_image\" \/>\n<meta name=\"twitter:label1\" content=\"Dur\u00e9e de lecture estim\u00e9e\" \/>\n\t<meta name=\"twitter:data1\" content=\"2 minutes\" \/>\n<script type=\"application\/ld+json\" class=\"yoast-schema-graph\">{\"@context\":\"https:\/\/schema.org\",\"@graph\":[{\"@type\":\"WebPage\",\"@id\":\"https:\/\/sumkcaps.com\/product\/olive-green-flat-embroidery-distressed-dad-hat\/\",\"url\":\"https:\/\/sumkcaps.com\/product\/olive-green-flat-embroidery-distressed-dad-hat\/\",\"name\":\"Olive Green Flat Embroidery Distressed Dad Hat - Sumkcaps\",\"isPartOf\":{\"@id\":\"https:\/\/sumkcaps.com\/#website\"},\"primaryImageOfPage\":{\"@id\":\"https:\/\/sumkcaps.com\/product\/olive-green-flat-embroidery-distressed-dad-hat\/#primaryimage\"},\"image\":{\"@id\":\"https:\/\/sumkcaps.com\/product\/olive-green-flat-embroidery-distressed-dad-hat\/#primaryimage\"},\"thumbnailUrl\":\"https:\/\/sumkcaps.com\/wp-content\/uploads\/2025\/12\/Custom-Olive-Green-Flat-Embroidery-Distressed-Dad-Hat.3.png\",\"datePublished\":\"2025-12-30T08:33:04+00:00\",\"dateModified\":\"2025-12-30T09:03:19+00:00\",\"description\":\"Custom olive green distressed dad hat made from 100% cotton with flat embroidery. Pre-curved visor, OSFM fit, customizable colors, OEM & ODM supported.\",\"breadcrumb\":{\"@id\":\"https:\/\/sumkcaps.com\/product\/olive-green-flat-embroidery-distressed-dad-hat\/#breadcrumb\"},\"inLanguage\":\"fr-FR\",\"potentialAction\":[{\"@type\":\"ReadAction\",\"target\":[\"https:\/\/sumkcaps.com\/product\/olive-green-flat-embroidery-distressed-dad-hat\/\"]}]},{\"@type\":\"ImageObject\",\"inLanguage\":\"fr-FR\",\"@id\":\"https:\/\/sumkcaps.com\/product\/olive-green-flat-embroidery-distressed-dad-hat\/#primaryimage\",\"url\":\"https:\/\/sumkcaps.com\/wp-content\/uploads\/2025\/12\/Custom-Olive-Green-Flat-Embroidery-Distressed-Dad-Hat.3.png\",\"contentUrl\":\"https:\/\/sumkcaps.com\/wp-content\/uploads\/2025\/12\/Custom-Olive-Green-Flat-Embroidery-Distressed-Dad-Hat.3.png\",\"width\":1080,\"height\":1080,\"caption\":\"Custom Olive Green Flat Embroidery Distressed Dad Hat.3\"},{\"@type\":\"BreadcrumbList\",\"@id\":\"https:\/\/sumkcaps.com\/product\/olive-green-flat-embroidery-distressed-dad-hat\/#breadcrumb\",\"itemListElement\":[{\"@type\":\"ListItem\",\"position\":1,\"name\":\"Home\",\"item\":\"https:\/\/sumkcaps.com\/\"},{\"@type\":\"ListItem\",\"position\":2,\"name\":\"Products\",\"item\":\"https:\/\/sumkcaps.com\/product\/\"},{\"@type\":\"ListItem\",\"position\":3,\"name\":\"Custom Olive Green Flat Embroidery Distressed Dad Hat\"}]},{\"@type\":\"WebSite\",\"@id\":\"https:\/\/sumkcaps.com\/#website\",\"url\":\"https:\/\/sumkcaps.com\/\",\"name\":\"Sumkcaps-China Original Headwear Manufacturer and Suppliers\",\"description\":\"We are China Cap And Hat Original Factory, whose main business is to custom cap and hat as client&#039;s LOGO. Any cap style, any cap color, any qty, any material and qty is no problem. In one words, any small details can be customized as your request.\",\"publisher\":{\"@id\":\"https:\/\/sumkcaps.com\/#organization\"},\"potentialAction\":[{\"@type\":\"SearchAction\",\"target\":{\"@type\":\"EntryPoint\",\"urlTemplate\":\"https:\/\/sumkcaps.com\/?s={search_term_string}\"},\"query-input\":{\"@type\":\"PropertyValueSpecification\",\"valueRequired\":true,\"valueName\":\"search_term_string\"}}],\"inLanguage\":\"fr-FR\"},{\"@type\":\"Organization\",\"@id\":\"https:\/\/sumkcaps.com\/#organization\",\"name\":\"Sumkcaps-China Original Headwear Manufacturer and Suppliers\",\"url\":\"https:\/\/sumkcaps.com\/\",\"logo\":{\"@type\":\"ImageObject\",\"inLanguage\":\"fr-FR\",\"@id\":\"https:\/\/sumkcaps.com\/#\/schema\/logo\/image\/\",\"url\":\"https:\/\/sumkcaps.com\/wp-content\/uploads\/2025\/12\/1234.jpg\",\"contentUrl\":\"https:\/\/sumkcaps.com\/wp-content\/uploads\/2025\/12\/1234.jpg\",\"width\":800,\"height\":800,\"caption\":\"Sumkcaps-China Original Headwear Manufacturer and Suppliers\"},\"image\":{\"@id\":\"https:\/\/sumkcaps.com\/#\/schema\/logo\/image\/\"},\"sameAs\":[\"https:\/\/www.facebook.com\/sumkcap\",\"https:\/\/www.instagram.com\/sumkcaps7\/\",\"https:\/\/www.pinterest.com\/sumkcapschina\/\"]}]}<\/script>\n<!-- \/ Yoast SEO Premium plugin. -->","yoast_head_json":{"title":"Casquette Dad Hat vert olive \u00e0 broderie plate et effet vieilli - Sumkcaps","description":"Casquette personnalis\u00e9e vert olive d\u00e9lav\u00e9, fabriqu\u00e9e en coton 100% avec broderie plate. Visi\u00e8re pr\u00e9-courb\u00e9e, taille unique, couleurs personnalisables, OEM et ODM pris en charge.","robots":{"index":"index","follow":"follow","max-snippet":"max-snippet:-1","max-image-preview":"max-image-preview:large","max-video-preview":"max-video-preview:-1"},"canonical":"https:\/\/sumkcaps.com\/fr\/produit\/casquette-dad-hat-vert-olive-a-broderie-plate-et-effet-vieilli\/","og_locale":"fr_FR","og_type":"article","og_title":"Custom Olive Green Flat Embroidery Distressed Dad Hat - Sumkcaps","og_description":"Custom olive green distressed dad hat made from 100% cotton with flat embroidery. Pre-curved visor, OSFM fit, customizable colors, OEM & ODM supported.","og_url":"https:\/\/sumkcaps.com\/fr\/produit\/casquette-dad-hat-vert-olive-a-broderie-plate-et-effet-vieilli\/","og_site_name":"Sumkcaps-China Original Headwear Manufacturer and Suppliers","article_publisher":"https:\/\/www.facebook.com\/sumkcap","article_modified_time":"2025-12-30T09:03:19+00:00","og_image":[{"width":1080,"height":1080,"url":"https:\/\/sumkcaps.com\/wp-content\/uploads\/2025\/12\/Custom-Olive-Green-Flat-Embroidery-Distressed-Dad-Hat.3.png","type":"image\/png"}],"twitter_card":"summary_large_image","twitter_misc":{"Dur\u00e9e de lecture estim\u00e9e":"2 minutes"},"schema":{"@context":"https:\/\/schema.org","@graph":[{"@type":"WebPage","@id":"https:\/\/sumkcaps.com\/product\/olive-green-flat-embroidery-distressed-dad-hat\/","url":"https:\/\/sumkcaps.com\/product\/olive-green-flat-embroidery-distressed-dad-hat\/","name":"Casquette Dad Hat vert olive \u00e0 broderie plate et effet vieilli - Sumkcaps","isPartOf":{"@id":"https:\/\/sumkcaps.com\/#website"},"primaryImageOfPage":{"@id":"https:\/\/sumkcaps.com\/product\/olive-green-flat-embroidery-distressed-dad-hat\/#primaryimage"},"image":{"@id":"https:\/\/sumkcaps.com\/product\/olive-green-flat-embroidery-distressed-dad-hat\/#primaryimage"},"thumbnailUrl":"https:\/\/sumkcaps.com\/wp-content\/uploads\/2025\/12\/Custom-Olive-Green-Flat-Embroidery-Distressed-Dad-Hat.3.png","datePublished":"2025-12-30T08:33:04+00:00","dateModified":"2025-12-30T09:03:19+00:00","description":"Casquette personnalis\u00e9e vert olive d\u00e9lav\u00e9, fabriqu\u00e9e en coton 100% avec broderie plate. Visi\u00e8re pr\u00e9-courb\u00e9e, taille unique, couleurs personnalisables, OEM et ODM pris en charge.","breadcrumb":{"@id":"https:\/\/sumkcaps.com\/product\/olive-green-flat-embroidery-distressed-dad-hat\/#breadcrumb"},"inLanguage":"fr-FR","potentialAction":[{"@type":"ReadAction","target":["https:\/\/sumkcaps.com\/product\/olive-green-flat-embroidery-distressed-dad-hat\/"]}]},{"@type":"ImageObject","inLanguage":"fr-FR","@id":"https:\/\/sumkcaps.com\/product\/olive-green-flat-embroidery-distressed-dad-hat\/#primaryimage","url":"https:\/\/sumkcaps.com\/wp-content\/uploads\/2025\/12\/Custom-Olive-Green-Flat-Embroidery-Distressed-Dad-Hat.3.png","contentUrl":"https:\/\/sumkcaps.com\/wp-content\/uploads\/2025\/12\/Custom-Olive-Green-Flat-Embroidery-Distressed-Dad-Hat.3.png","width":1080,"height":1080,"caption":"Custom Olive Green Flat Embroidery Distressed Dad Hat.3"},{"@type":"BreadcrumbList","@id":"https:\/\/sumkcaps.com\/product\/olive-green-flat-embroidery-distressed-dad-hat\/#breadcrumb","itemListElement":[{"@type":"ListItem","position":1,"name":"Home","item":"https:\/\/sumkcaps.com\/"},{"@type":"ListItem","position":2,"name":"Products","item":"https:\/\/sumkcaps.com\/product\/"},{"@type":"ListItem","position":3,"name":"Custom Olive Green Flat Embroidery Distressed Dad Hat"}]},{"@type":"WebSite","@id":"https:\/\/sumkcaps.com\/#website","url":"https:\/\/sumkcaps.com\/","name":"Sumkcaps - Fabricant et fournisseur chinois de couvre-chefs originaux","description":"Nous sommes une entreprise chinoise de fabrication de casquettes et de chapeaux, dont l'activit\u00e9 principale consiste \u00e0 personnaliser les casquettes et les chapeaux en fonction du LOGO du client. Tous les styles de casquettes, toutes les couleurs de casquettes, toutes les quantit\u00e9s, tous les mat\u00e9riaux et toutes les quantit\u00e9s ne posent aucun probl\u00e8me. En d'autres termes, tous les petits d\u00e9tails peuvent \u00eatre personnalis\u00e9s selon votre demande.","publisher":{"@id":"https:\/\/sumkcaps.com\/#organization"},"potentialAction":[{"@type":"SearchAction","target":{"@type":"EntryPoint","urlTemplate":"https:\/\/sumkcaps.com\/?s={search_term_string}"},"query-input":{"@type":"PropertyValueSpecification","valueRequired":true,"valueName":"search_term_string"}}],"inLanguage":"fr-FR"},{"@type":"Organization","@id":"https:\/\/sumkcaps.com\/#organization","name":"Sumkcaps - Fabricant et fournisseur chinois de couvre-chefs originaux","url":"https:\/\/sumkcaps.com\/","logo":{"@type":"ImageObject","inLanguage":"fr-FR","@id":"https:\/\/sumkcaps.com\/#\/schema\/logo\/image\/","url":"https:\/\/sumkcaps.com\/wp-content\/uploads\/2025\/12\/1234.jpg","contentUrl":"https:\/\/sumkcaps.com\/wp-content\/uploads\/2025\/12\/1234.jpg","width":800,"height":800,"caption":"Sumkcaps-China Original Headwear Manufacturer and Suppliers"},"image":{"@id":"https:\/\/sumkcaps.com\/#\/schema\/logo\/image\/"},"sameAs":["https:\/\/www.facebook.com\/sumkcap","https:\/\/www.instagram.com\/sumkcaps7\/","https:\/\/www.pinterest.com\/sumkcapschina\/"]}]}},"taxonomy_info":{"product_cat":[{"value":695,"label":"Dad Hat Wholesale"},{"value":952,"label":"Distressed Dad Hat Wholesale"},{"value":693,"label":"Hat"}]},"featured_image_src_large":["https:\/\/sumkcaps.com\/wp-content\/uploads\/2025\/12\/Custom-Olive-Green-Flat-Embroidery-Distressed-Dad-Hat.3-1024x1024.png",800,800,true],"author_info":[],"comment_info":"","_links":{"self":[{"href":"https:\/\/sumkcaps.com\/fr\/wp-json\/wp\/v2\/product\/33104","targetHints":{"allow":["GET"]}}],"collection":[{"href":"https:\/\/sumkcaps.com\/fr\/wp-json\/wp\/v2\/product"}],"about":[{"href":"https:\/\/sumkcaps.com\/fr\/wp-json\/wp\/v2\/types\/product"}],"wp:featuredmedia":[{"embeddable":true,"href":"https:\/\/sumkcaps.com\/fr\/wp-json\/wp\/v2\/media\/33107"}],"wp:attachment":[{"href":"https:\/\/sumkcaps.com\/fr\/wp-json\/wp\/v2\/media?parent=33104"}],"wp:term":[{"taxonomy":"product_brand","embeddable":true,"href":"https:\/\/sumkcaps.com\/fr\/wp-json\/wp\/v2\/product_brand?post=33104"},{"taxonomy":"product_cat","embeddable":true,"href":"https:\/\/sumkcaps.com\/fr\/wp-json\/wp\/v2\/product_cat?post=33104"},{"taxonomy":"product_tag","embeddable":true,"href":"https:\/\/sumkcaps.com\/fr\/wp-json\/wp\/v2\/product_tag?post=33104"}],"curies":[{"name":"wp","href":"https:\/\/api.w.org\/{rel}","templated":true}]}}