{"id":26474,"date":"2024-03-17T18:53:06","date_gmt":"2024-03-17T10:53:06","guid":{"rendered":"https:\/\/sumkcaps.com\/?post_type=product&#038;p=26474"},"modified":"2025-12-15T10:53:14","modified_gmt":"2025-12-15T02:53:14","slug":"sumkcaps-performance-rope-hats-with-rubber-logo","status":"publish","type":"product","link":"https:\/\/sumkcaps.com\/fr\/produit\/chapeaux-de-corde-de-performance-sumkcaps-avec-logo-en-caoutchouc\/","title":{"rendered":"SUMKCAPS Chapeaux en corde de performance avec logo en caoutchouc"},"content":{"rendered":"<h3 data-start=\"0\" data-end=\"289\"><strong data-start=\"0\" data-end=\"14\">D\u00e9coration<\/strong><\/h3>\n<p data-start=\"0\" data-end=\"289\">Con\u00e7ue avec un patch en caoutchouc personnalis\u00e9, cette casquette performante offre un look moderne et textur\u00e9 avec une forte visibilit\u00e9 de la marque. Le logo en caoutchouc offre durabilit\u00e9, r\u00e9sistance \u00e0 l'eau et un toucher haut de gamme, ce qui la rend id\u00e9ale pour les collections ax\u00e9es sur les activit\u00e9s de plein air, le sport et la performance.<\/p>\n<h3 data-start=\"291\" data-end=\"534\"><strong data-start=\"291\" data-end=\"303\">Mat\u00e9riau<\/strong><\/h3>\n<p data-start=\"291\" data-end=\"534\">Fabriqu\u00e9 en nylon de haute qualit\u00e9, ce chapeau est l\u00e9ger, s\u00e8che rapidement et est respirant. Le mat\u00e9riau permet une utilisation active tout en conservant sa structure et son confort, ce qui le rend adapt\u00e9 \u00e0 une utilisation prolong\u00e9e dans diverses conditions m\u00e9t\u00e9orologiques.<\/p>\n<h3 data-start=\"536\" data-end=\"753\"><strong data-start=\"536\" data-end=\"545\">Couleur<\/strong><\/h3>\n<p data-start=\"536\" data-end=\"753\">Disponible dans une couleur bleue \u00e9pur\u00e9e avec des options de personnalisation compl\u00e8te des couleurs. La teinte bleue conf\u00e8re un aspect frais et athl\u00e9tique, tandis que la personnalisation permet aux marques de s'adapter \u00e0 des normes de couleurs sp\u00e9cifiques ou \u00e0 des designs saisonniers.<\/p>\n<h3 data-start=\"755\" data-end=\"955\"><strong data-start=\"755\" data-end=\"769\">Taille<\/strong><\/h3>\n<p data-start=\"755\" data-end=\"955\">Avec une taille OSFM (7 \u2013 7 3\/4), ce chapeau en corde s'adapte confortablement \u00e0 la plupart des tailles de t\u00eate. Sa structure et son design ajustable garantissent un maintien s\u00fbr et confortable tout au long de la journ\u00e9e.<\/p>\n<h3 data-start=\"957\" data-end=\"1137\"><strong data-start=\"957\" data-end=\"966\">Visi\u00e8re<\/strong><\/h3>\n<p data-start=\"957\" data-end=\"1137\">La visi\u00e8re pr\u00e9-courb\u00e9e offre une protection solaire efficace et une silhouette classique de chapeau \u00e0 cordon. Elle aide \u00e0 r\u00e9duire l'\u00e9blouissement tout en am\u00e9liorant les performances et le confort au quotidien.<\/p>\n<h3 data-start=\"1139\" data-end=\"1409\"><strong data-start=\"1139\" data-end=\"1162\">Service (OEM et ODM)<\/strong><\/h3>\n<p data-start=\"1139\" data-end=\"1409\" data-is-last-node=\"\" data-is-only-node=\"\">SUMKCAPS fournit des services OEM et ODM complets, notamment le d\u00e9veloppement de patchs en caoutchouc, la personnalisation des mat\u00e9riaux, la correspondance des couleurs et la production en s\u00e9rie. Id\u00e9al pour les marques et les grossistes \u00e0 la recherche de solutions fiables en termes de qualit\u00e9 et de personnalisation flexible.<\/p>","protected":false},"excerpt":{"rendered":"<div class=\"text-base my-auto mx-auto pb-10 [--thread-content-margin:--spacing(4)] @w-sm\/main:[--thread-content-margin:--spacing(6)] @w-lg\/main:[--thread-content-margin:--spacing(16)] px-(--thread-content-margin)\">\n<div class=\"[--thread-content-max-width:40rem] @w-lg\/main:[--thread-content-max-width:48rem] mx-auto max-w-(--thread-content-max-width) flex-1 group\/turn-messages focus-visible:outline-hidden relative flex w-full min-w-0 flex-col agent-turn\" tabindex=\"-1\">\n<div class=\"flex max-w-full flex-col grow\">\n<div class=\"min-h-8 text-message relative flex w-full flex-col items-end gap-2 text-start break-words whitespace-normal [.text-message+&amp;]:mt-1\" dir=\"auto\" data-message-author-role=\"assistant\" data-message-id=\"8d5e999c-721d-4de5-9138-aece32dac3f0\" data-message-model-slug=\"gpt-5-2\">\n<div class=\"flex w-full flex-col gap-1 empty:hidden first:pt-[1px]\">\n<div class=\"markdown prose dark:prose-invert w-full break-words light markdown-new-styling\">\n<p data-start=\"0\" data-end=\"282\" data-is-last-node=\"\" data-is-only-node=\"\">La casquette SUMKCAPS Performance Rope Hat est fabriqu\u00e9e en nylon r\u00e9sistant et dot\u00e9e d'un logo en caoutchouc personnalis\u00e9 et d'une visi\u00e8re pr\u00e9-courb\u00e9e. Disponible en bleu ou dans des couleurs personnalis\u00e9es, elle offre un ajustement OSFM confortable et prend en charge l'ensemble des services OEM et ODM, ce qui la rend id\u00e9ale pour les collections de casquettes performantes et de marque.<\/p>\n<\/div>\n<\/div>\n<\/div>\n<\/div>\n<\/div>\n<\/div>","protected":false},"featured_media":26479,"template":"","meta":{"_acf_changed":false,"_kad_blocks_custom_css":"","_kad_blocks_head_custom_js":"","_kad_blocks_body_custom_js":"","_kad_blocks_footer_custom_js":""},"product_brand":[],"product_cat":[751],"product_tag":[],"class_list":{"0":"post-26474","1":"product","2":"type-product","3":"status-publish","4":"has-post-thumbnail","6":"product_cat-rope-hat","8":"first","9":"outofstock","10":"shipping-taxable","11":"product-type-simple"},"acf":[],"yoast_head":"<!-- This site is optimized with the Yoast SEO Premium plugin v20.8 (Yoast SEO v25.9) - https:\/\/yoast.com\/wordpress\/plugins\/seo\/ -->\n<title>Performance Rope Hats with Rubber Logo--Sumkcaps<\/title>\n<meta name=\"description\" content=\"SUMKCAPS Performance Rope Hats feature durable nylon, a custom rubber patch logo, and a pre-curved visor. Available in blue or custom colors with OEM &amp; ODM.\" \/>\n<meta name=\"robots\" content=\"index, follow, max-snippet:-1, max-image-preview:large, max-video-preview:-1\" \/>\n<link rel=\"canonical\" href=\"https:\/\/sumkcaps.com\/fr\/produit\/chapeaux-de-corde-de-performance-sumkcaps-avec-logo-en-caoutchouc\/\" \/>\n<meta property=\"og:locale\" content=\"fr_FR\" \/>\n<meta property=\"og:type\" content=\"article\" \/>\n<meta property=\"og:title\" content=\"Custom Rope Hats Supplier &amp; Manufactuer | OEM &amp; ODM Avaible\" \/>\n<meta property=\"og:description\" content=\"Sumkcaps\u00a0is\u00a0a\u00a0professional\u00a0custom Rope hat Hat\u00a0manufacturer\u00a0and\u00a0supplier in\u00a0headwear.\u00a0We\u00a0have\u00a030+\u00a0Years\u00a0Oem&amp;ODM\u00a0experience. 100pcs moq.\" \/>\n<meta property=\"og:url\" content=\"https:\/\/sumkcaps.com\/fr\/produit\/chapeaux-de-corde-de-performance-sumkcaps-avec-logo-en-caoutchouc\/\" \/>\n<meta property=\"og:site_name\" content=\"Sumkcaps-China Original Headwear Manufacturer and Suppliers\" \/>\n<meta property=\"article:publisher\" content=\"https:\/\/www.facebook.com\/sumkcap\" \/>\n<meta property=\"article:modified_time\" content=\"2025-12-15T02:53:14+00:00\" \/>\n<meta property=\"og:image\" content=\"https:\/\/sumkcaps.com\/wp-content\/uploads\/2024\/03\/performance-rope-hats-with-rubber-logo.png\" \/>\n\t<meta property=\"og:image:width\" content=\"750\" \/>\n\t<meta property=\"og:image:height\" content=\"750\" \/>\n\t<meta property=\"og:image:type\" content=\"image\/png\" \/>\n<meta name=\"twitter:card\" content=\"summary_large_image\" \/>\n<meta name=\"twitter:title\" content=\"Custom Rope Hats Supplier &amp; Manufactuer | OEM &amp; ODM Avaible\" \/>\n<meta name=\"twitter:description\" content=\"Sumkcaps\u00a0is\u00a0a\u00a0professional\u00a0custom Rope hat Hat\u00a0manufacturer\u00a0and\u00a0supplier in\u00a0headwear.\u00a0We\u00a0have\u00a030+\u00a0Years\u00a0Oem&amp;ODM\u00a0experience. 100pcs moq.\" \/>\n<meta name=\"twitter:label1\" content=\"Dur\u00e9e de lecture estim\u00e9e\" \/>\n\t<meta name=\"twitter:data1\" content=\"2 minutes\" \/>\n<script type=\"application\/ld+json\" class=\"yoast-schema-graph\">{\"@context\":\"https:\/\/schema.org\",\"@graph\":[{\"@type\":\"WebPage\",\"@id\":\"https:\/\/sumkcaps.com\/product\/sumkcaps-performance-rope-hats-with-rubber-logo\/\",\"url\":\"https:\/\/sumkcaps.com\/product\/sumkcaps-performance-rope-hats-with-rubber-logo\/\",\"name\":\"Performance Rope Hats with Rubber Logo--Sumkcaps\",\"isPartOf\":{\"@id\":\"https:\/\/sumkcaps.com\/#website\"},\"primaryImageOfPage\":{\"@id\":\"https:\/\/sumkcaps.com\/product\/sumkcaps-performance-rope-hats-with-rubber-logo\/#primaryimage\"},\"image\":{\"@id\":\"https:\/\/sumkcaps.com\/product\/sumkcaps-performance-rope-hats-with-rubber-logo\/#primaryimage\"},\"thumbnailUrl\":\"https:\/\/sumkcaps.com\/wp-content\/uploads\/2024\/03\/performance-rope-hats-with-rubber-logo.png\",\"datePublished\":\"2024-03-17T10:53:06+00:00\",\"dateModified\":\"2025-12-15T02:53:14+00:00\",\"description\":\"SUMKCAPS Performance Rope Hats feature durable nylon, a custom rubber patch logo, and a pre-curved visor. Available in blue or custom colors with OEM & ODM.\",\"breadcrumb\":{\"@id\":\"https:\/\/sumkcaps.com\/product\/sumkcaps-performance-rope-hats-with-rubber-logo\/#breadcrumb\"},\"inLanguage\":\"fr-FR\",\"potentialAction\":[{\"@type\":\"ReadAction\",\"target\":[\"https:\/\/sumkcaps.com\/product\/sumkcaps-performance-rope-hats-with-rubber-logo\/\"]}]},{\"@type\":\"ImageObject\",\"inLanguage\":\"fr-FR\",\"@id\":\"https:\/\/sumkcaps.com\/product\/sumkcaps-performance-rope-hats-with-rubber-logo\/#primaryimage\",\"url\":\"https:\/\/sumkcaps.com\/wp-content\/uploads\/2024\/03\/performance-rope-hats-with-rubber-logo.png\",\"contentUrl\":\"https:\/\/sumkcaps.com\/wp-content\/uploads\/2024\/03\/performance-rope-hats-with-rubber-logo.png\",\"width\":750,\"height\":750},{\"@type\":\"BreadcrumbList\",\"@id\":\"https:\/\/sumkcaps.com\/product\/sumkcaps-performance-rope-hats-with-rubber-logo\/#breadcrumb\",\"itemListElement\":[{\"@type\":\"ListItem\",\"position\":1,\"name\":\"Home\",\"item\":\"https:\/\/sumkcaps.com\/\"},{\"@type\":\"ListItem\",\"position\":2,\"name\":\"Products\",\"item\":\"https:\/\/sumkcaps.com\/product\/\"},{\"@type\":\"ListItem\",\"position\":3,\"name\":\"SUMKCAPS Performance Rope Hats with Rubber Logo\"}]},{\"@type\":\"WebSite\",\"@id\":\"https:\/\/sumkcaps.com\/#website\",\"url\":\"https:\/\/sumkcaps.com\/\",\"name\":\"Sumkcaps-China Original Headwear Manufacturer and Suppliers\",\"description\":\"We are China Cap And Hat Original Factory, whose main business is to custom cap and hat as client&#039;s LOGO. Any cap style, any cap color, any qty, any material and qty is no problem. In one words, any small details can be customized as your request.\",\"publisher\":{\"@id\":\"https:\/\/sumkcaps.com\/#organization\"},\"potentialAction\":[{\"@type\":\"SearchAction\",\"target\":{\"@type\":\"EntryPoint\",\"urlTemplate\":\"https:\/\/sumkcaps.com\/?s={search_term_string}\"},\"query-input\":{\"@type\":\"PropertyValueSpecification\",\"valueRequired\":true,\"valueName\":\"search_term_string\"}}],\"inLanguage\":\"fr-FR\"},{\"@type\":\"Organization\",\"@id\":\"https:\/\/sumkcaps.com\/#organization\",\"name\":\"Sumkcaps-China Original Headwear Manufacturer and Suppliers\",\"url\":\"https:\/\/sumkcaps.com\/\",\"logo\":{\"@type\":\"ImageObject\",\"inLanguage\":\"fr-FR\",\"@id\":\"https:\/\/sumkcaps.com\/#\/schema\/logo\/image\/\",\"url\":\"https:\/\/sumkcaps.com\/wp-content\/uploads\/2025\/12\/1234.jpg\",\"contentUrl\":\"https:\/\/sumkcaps.com\/wp-content\/uploads\/2025\/12\/1234.jpg\",\"width\":800,\"height\":800,\"caption\":\"Sumkcaps-China Original Headwear Manufacturer and Suppliers\"},\"image\":{\"@id\":\"https:\/\/sumkcaps.com\/#\/schema\/logo\/image\/\"},\"sameAs\":[\"https:\/\/www.facebook.com\/sumkcap\",\"https:\/\/www.instagram.com\/sumkcaps7\/\",\"https:\/\/www.pinterest.com\/sumkcapschina\/\"]}]}<\/script>\n<!-- \/ Yoast SEO Premium plugin. -->","yoast_head_json":{"title":"Casquettes Performance Rope avec logo en caoutchouc -- Sumkcaps","description":"Les casquettes SUMKCAPS Performance Rope sont fabriqu\u00e9es en nylon r\u00e9sistant, orn\u00e9es d'un logo en caoutchouc personnalis\u00e9 et dot\u00e9es d'une visi\u00e8re pr\u00e9-courb\u00e9e. Disponibles en bleu ou dans des couleurs personnalis\u00e9es avec OEM et ODM.","robots":{"index":"index","follow":"follow","max-snippet":"max-snippet:-1","max-image-preview":"max-image-preview:large","max-video-preview":"max-video-preview:-1"},"canonical":"https:\/\/sumkcaps.com\/fr\/produit\/chapeaux-de-corde-de-performance-sumkcaps-avec-logo-en-caoutchouc\/","og_locale":"fr_FR","og_type":"article","og_title":"Custom Rope Hats Supplier & Manufactuer | OEM & ODM Avaible","og_description":"Sumkcaps\u00a0is\u00a0a\u00a0professional\u00a0custom Rope hat Hat\u00a0manufacturer\u00a0and\u00a0supplier in\u00a0headwear.\u00a0We\u00a0have\u00a030+\u00a0Years\u00a0Oem&ODM\u00a0experience. 100pcs moq.","og_url":"https:\/\/sumkcaps.com\/fr\/produit\/chapeaux-de-corde-de-performance-sumkcaps-avec-logo-en-caoutchouc\/","og_site_name":"Sumkcaps-China Original Headwear Manufacturer and Suppliers","article_publisher":"https:\/\/www.facebook.com\/sumkcap","article_modified_time":"2025-12-15T02:53:14+00:00","og_image":[{"width":750,"height":750,"url":"https:\/\/sumkcaps.com\/wp-content\/uploads\/2024\/03\/performance-rope-hats-with-rubber-logo.png","type":"image\/png"}],"twitter_card":"summary_large_image","twitter_title":"Custom Rope Hats Supplier & Manufactuer | OEM & ODM Avaible","twitter_description":"Sumkcaps\u00a0is\u00a0a\u00a0professional\u00a0custom Rope hat Hat\u00a0manufacturer\u00a0and\u00a0supplier in\u00a0headwear.\u00a0We\u00a0have\u00a030+\u00a0Years\u00a0Oem&ODM\u00a0experience. 100pcs moq.","twitter_misc":{"Dur\u00e9e de lecture estim\u00e9e":"2 minutes"},"schema":{"@context":"https:\/\/schema.org","@graph":[{"@type":"WebPage","@id":"https:\/\/sumkcaps.com\/product\/sumkcaps-performance-rope-hats-with-rubber-logo\/","url":"https:\/\/sumkcaps.com\/product\/sumkcaps-performance-rope-hats-with-rubber-logo\/","name":"Casquettes Performance Rope avec logo en caoutchouc -- Sumkcaps","isPartOf":{"@id":"https:\/\/sumkcaps.com\/#website"},"primaryImageOfPage":{"@id":"https:\/\/sumkcaps.com\/product\/sumkcaps-performance-rope-hats-with-rubber-logo\/#primaryimage"},"image":{"@id":"https:\/\/sumkcaps.com\/product\/sumkcaps-performance-rope-hats-with-rubber-logo\/#primaryimage"},"thumbnailUrl":"https:\/\/sumkcaps.com\/wp-content\/uploads\/2024\/03\/performance-rope-hats-with-rubber-logo.png","datePublished":"2024-03-17T10:53:06+00:00","dateModified":"2025-12-15T02:53:14+00:00","description":"Les casquettes SUMKCAPS Performance Rope sont fabriqu\u00e9es en nylon r\u00e9sistant, orn\u00e9es d'un logo en caoutchouc personnalis\u00e9 et dot\u00e9es d'une visi\u00e8re pr\u00e9-courb\u00e9e. Disponibles en bleu ou dans des couleurs personnalis\u00e9es avec OEM et ODM.","breadcrumb":{"@id":"https:\/\/sumkcaps.com\/product\/sumkcaps-performance-rope-hats-with-rubber-logo\/#breadcrumb"},"inLanguage":"fr-FR","potentialAction":[{"@type":"ReadAction","target":["https:\/\/sumkcaps.com\/product\/sumkcaps-performance-rope-hats-with-rubber-logo\/"]}]},{"@type":"ImageObject","inLanguage":"fr-FR","@id":"https:\/\/sumkcaps.com\/product\/sumkcaps-performance-rope-hats-with-rubber-logo\/#primaryimage","url":"https:\/\/sumkcaps.com\/wp-content\/uploads\/2024\/03\/performance-rope-hats-with-rubber-logo.png","contentUrl":"https:\/\/sumkcaps.com\/wp-content\/uploads\/2024\/03\/performance-rope-hats-with-rubber-logo.png","width":750,"height":750},{"@type":"BreadcrumbList","@id":"https:\/\/sumkcaps.com\/product\/sumkcaps-performance-rope-hats-with-rubber-logo\/#breadcrumb","itemListElement":[{"@type":"ListItem","position":1,"name":"Home","item":"https:\/\/sumkcaps.com\/"},{"@type":"ListItem","position":2,"name":"Products","item":"https:\/\/sumkcaps.com\/product\/"},{"@type":"ListItem","position":3,"name":"SUMKCAPS Performance Rope Hats with Rubber Logo"}]},{"@type":"WebSite","@id":"https:\/\/sumkcaps.com\/#website","url":"https:\/\/sumkcaps.com\/","name":"Sumkcaps - Fabricant et fournisseur chinois de couvre-chefs originaux","description":"Nous sommes une entreprise chinoise de fabrication de casquettes et de chapeaux, dont l'activit\u00e9 principale consiste \u00e0 personnaliser les casquettes et les chapeaux en fonction du LOGO du client. Tous les styles de casquettes, toutes les couleurs de casquettes, toutes les quantit\u00e9s, tous les mat\u00e9riaux et toutes les quantit\u00e9s ne posent aucun probl\u00e8me. En d'autres termes, tous les petits d\u00e9tails peuvent \u00eatre personnalis\u00e9s selon votre demande.","publisher":{"@id":"https:\/\/sumkcaps.com\/#organization"},"potentialAction":[{"@type":"SearchAction","target":{"@type":"EntryPoint","urlTemplate":"https:\/\/sumkcaps.com\/?s={search_term_string}"},"query-input":{"@type":"PropertyValueSpecification","valueRequired":true,"valueName":"search_term_string"}}],"inLanguage":"fr-FR"},{"@type":"Organization","@id":"https:\/\/sumkcaps.com\/#organization","name":"Sumkcaps - Fabricant et fournisseur chinois de couvre-chefs originaux","url":"https:\/\/sumkcaps.com\/","logo":{"@type":"ImageObject","inLanguage":"fr-FR","@id":"https:\/\/sumkcaps.com\/#\/schema\/logo\/image\/","url":"https:\/\/sumkcaps.com\/wp-content\/uploads\/2025\/12\/1234.jpg","contentUrl":"https:\/\/sumkcaps.com\/wp-content\/uploads\/2025\/12\/1234.jpg","width":800,"height":800,"caption":"Sumkcaps-China Original Headwear Manufacturer and Suppliers"},"image":{"@id":"https:\/\/sumkcaps.com\/#\/schema\/logo\/image\/"},"sameAs":["https:\/\/www.facebook.com\/sumkcap","https:\/\/www.instagram.com\/sumkcaps7\/","https:\/\/www.pinterest.com\/sumkcapschina\/"]}]}},"taxonomy_info":{"product_cat":[{"value":751,"label":"Rope Hat Wholesale"}]},"featured_image_src_large":["https:\/\/sumkcaps.com\/wp-content\/uploads\/2024\/03\/performance-rope-hats-with-rubber-logo.png",750,750,false],"author_info":[],"comment_info":"","_links":{"self":[{"href":"https:\/\/sumkcaps.com\/fr\/wp-json\/wp\/v2\/product\/26474","targetHints":{"allow":["GET"]}}],"collection":[{"href":"https:\/\/sumkcaps.com\/fr\/wp-json\/wp\/v2\/product"}],"about":[{"href":"https:\/\/sumkcaps.com\/fr\/wp-json\/wp\/v2\/types\/product"}],"wp:featuredmedia":[{"embeddable":true,"href":"https:\/\/sumkcaps.com\/fr\/wp-json\/wp\/v2\/media\/26479"}],"wp:attachment":[{"href":"https:\/\/sumkcaps.com\/fr\/wp-json\/wp\/v2\/media?parent=26474"}],"wp:term":[{"taxonomy":"product_brand","embeddable":true,"href":"https:\/\/sumkcaps.com\/fr\/wp-json\/wp\/v2\/product_brand?post=26474"},{"taxonomy":"product_cat","embeddable":true,"href":"https:\/\/sumkcaps.com\/fr\/wp-json\/wp\/v2\/product_cat?post=26474"},{"taxonomy":"product_tag","embeddable":true,"href":"https:\/\/sumkcaps.com\/fr\/wp-json\/wp\/v2\/product_tag?post=26474"}],"curies":[{"name":"wp","href":"https:\/\/api.w.org\/{rel}","templated":true}]}}