{"id":20261,"date":"2022-11-14T16:45:56","date_gmt":"2022-11-14T08:45:56","guid":{"rendered":"https:\/\/sumkcaps.com\/?post_type=product&#038;p=20261"},"modified":"2025-07-09T14:24:01","modified_gmt":"2025-07-09T06:24:01","slug":"sufox-231329-custom-six-panel-woven-patch-black-trucker-hat","status":"publish","type":"product","link":"https:\/\/sumkcaps.com\/fr\/produit\/sufox-231329-custom-six-panel-woven-patch-black-trucker-hat\/","title":{"rendered":"Custom Six Panel Woven Patch Black Trucker Hat Wholesale"},"content":{"rendered":"<h2>Couleur<\/h2>\n<p>La casquette Trucker noire Custom Six Panel Woven Patch est pr\u00e9sent\u00e9e dans une couleur noire classique, offrant un accessoire polyvalent et \u00e9l\u00e9gant qui convient \u00e0 toutes les tenues. Le design noir \u00e9l\u00e9gant de la casquette est rehauss\u00e9 par un \u00e9cusson tiss\u00e9 distinct, qui ajoute une touche de sophistication.<\/p>\n<h2>Mat\u00e9riau<\/h2>\n<p>Ces casquettes trucker sont fabriqu\u00e9es en polyester et en maille de premi\u00e8re qualit\u00e9, ce qui leur conf\u00e8re durabilit\u00e9 et respirabilit\u00e9. Le panneau avant est orn\u00e9 d'un \u00e9cusson m\u00e9ticuleusement tiss\u00e9, garantissant confort et long\u00e9vit\u00e9.<\/p>\n<h2>Sc\u00e9nario d'application<\/h2>\n<p>Parfaite pour les tenues d\u00e9contract\u00e9es, les \u00e9v\u00e9nements d'entreprise et les activit\u00e9s promotionnelles, la casquette Custom Six Panel Woven Patch Black Trucker Hat allie praticit\u00e9 et mode. La conception \u00e0 six panneaux assure un ajustement confortable, ce qui en fait un choix id\u00e9al pour les uniformes d'\u00e9quipe, les \u00e9v\u00e9nements de marque et l'utilisation quotidienne.<\/p>\n<h2>Mati\u00e8res pouvant \u00eatre produites<\/h2>\n<p>Nous fabriquons ces casquettes de camionneur personnalis\u00e9es en utilisant des mat\u00e9riaux en polyester et en maille de haute qualit\u00e9. L'\u00e9cusson tiss\u00e9 est con\u00e7u pour rester intact lors d'une utilisation r\u00e9guli\u00e8re, garantissant que le logo de votre marque reste visible et \u00e9l\u00e9gant au fil du temps.<\/p>\n<h2>Logo personnalis\u00e9<\/h2>\n<p>Personnalisez votre casquette Trucker noire \u00e0 six panneaux avec votre logo ou dessin unique. L'\u00e9cusson tiss\u00e9 permet d'apposer des logos d\u00e9taill\u00e9s et complexes, ce qui en fait un outil id\u00e9al pour la promotion de votre marque. Am\u00e9liorez la visibilit\u00e9 de votre marque avec nos casquettes personnalis\u00e9es de haute qualit\u00e9.<\/p>\n<h2>\u00c0 propos de Sumkcaps<\/h2>\n<p>Avec plus de 20 ans d'exp\u00e9rience dans la fabrication de chapeaux, Sumkcaps propose des quantit\u00e9s minimales de commande peu \u00e9lev\u00e9es et des services de vente en gros personnalis\u00e9s rentables. Notre engagement \u00e0 la qualit\u00e9 et \u00e0 la satisfaction du client vous assure que vous recevrez les meilleurs chapeaux Trucker noirs \u00e0 six panneaux tiss\u00e9s. Faites confiance \u00e0 Sumkcaps pour mettre en valeur votre marque avec nos casquettes exceptionnelles et personnalisables.<\/p>","protected":false},"excerpt":{"rendered":"<div class=\"flex flex-grow flex-col max-w-full\">\n<div class=\"min-h-[20px] text-message flex flex-col items-start whitespace-pre-wrap break-words [.text-message+&amp;]:mt-5 juice:w-full juice:items-end overflow-x-auto gap-2\" dir=\"auto\" data-message-author-role=\"assistant\" data-message-id=\"8b7c2f09-52c7-4daf-9a79-aca5bcdd9ac6\">\n<div class=\"flex w-full flex-col gap-1 juice:empty:hidden juice:first:pt-[3px]\">\n<div class=\"markdown prose w-full break-words dark:prose-invert light\">\n<p>Chez Sumkcaps, nous utilisons des techniques de production avanc\u00e9es et des mat\u00e9riaux de qualit\u00e9 sup\u00e9rieure pour cr\u00e9er des casquettes Trucker noires \u00e0 six panneaux et \u00e0 \u00e9cusson tiss\u00e9. Nos casquettes sont produites avec pr\u00e9cision, garantissant durabilit\u00e9 et confort. Nous utilisons du polyester de premi\u00e8re qualit\u00e9 et des mailles respirantes pour le corps, tandis que les \u00e9cussons tiss\u00e9s sont fabriqu\u00e9s avec une attention m\u00e9ticuleuse aux d\u00e9tails. Chaque casquette est soumise \u00e0 un contr\u00f4le de qualit\u00e9 rigoureux afin de r\u00e9pondre \u00e0 nos normes \u00e9lev\u00e9es, garantissant que votre logo personnalis\u00e9 se d\u00e9marque avec des d\u00e9tails impeccables. Sumkcaps offre une grande flexibilit\u00e9 dans la production, accommodant \u00e0 la fois les grandes et les petites commandes avec des quantit\u00e9s minimales de commande, rendant facile pour les entreprises de toutes tailles de b\u00e9n\u00e9ficier de nos services de vente en gros personnalis\u00e9s.<\/p>\n<\/div>\n<\/div>\n<\/div>\n<\/div>","protected":false},"featured_media":20262,"template":"","meta":{"_acf_changed":false,"_kad_blocks_custom_css":"","_kad_blocks_head_custom_js":"","_kad_blocks_body_custom_js":"","_kad_blocks_footer_custom_js":""},"product_brand":[],"product_cat":[693,973],"product_tag":[],"class_list":{"0":"post-20261","1":"product","2":"type-product","3":"status-publish","4":"has-post-thumbnail","6":"product_cat-hat","7":"product_cat-patch-trucker-hat","9":"first","10":"outofstock","11":"shipping-taxable","12":"product-type-simple"},"acf":[],"yoast_head":"<!-- This site is optimized with the Yoast SEO Premium plugin v20.8 (Yoast SEO v25.9) - https:\/\/yoast.com\/wordpress\/plugins\/seo\/ -->\n<title>Custom Six Panel Woven Patch Black Trucker Hat Wholesale<\/title>\n<meta name=\"description\" content=\"Shop Custom Six Panel Woven Patch Black Trucker Hats from Sumkcaps. Durable polyester &amp; mesh. Perfect for branding. Add your logo today!\" \/>\n<meta name=\"robots\" content=\"index, follow, max-snippet:-1, max-image-preview:large, max-video-preview:-1\" \/>\n<link rel=\"canonical\" href=\"https:\/\/sumkcaps.com\/fr\/produit\/sufox-231329-custom-six-panel-woven-patch-black-trucker-hat\/\" \/>\n<meta property=\"og:locale\" content=\"fr_FR\" \/>\n<meta property=\"og:type\" content=\"article\" \/>\n<meta property=\"og:title\" content=\"Custom Six Panel Woven Patch Black Trucker Hat Wholesale - Sumkcaps\" \/>\n<meta property=\"og:description\" content=\"Shop Custom Six Panel Woven Patch Black Trucker Hats from Sumkcaps. Durable polyester &amp; mesh. Perfect for branding. Add your logo today!\" \/>\n<meta property=\"og:url\" content=\"https:\/\/sumkcaps.com\/fr\/produit\/sufox-231329-custom-six-panel-woven-patch-black-trucker-hat\/\" \/>\n<meta property=\"og:site_name\" content=\"Sumkcaps-China Original Headwear Manufacturer and Suppliers\" \/>\n<meta property=\"article:publisher\" content=\"https:\/\/www.facebook.com\/sumkcap\" \/>\n<meta property=\"article:modified_time\" content=\"2025-07-09T06:24:01+00:00\" \/>\n<meta property=\"og:image\" content=\"https:\/\/sumkcaps.com\/wp-content\/uploads\/2022\/11\/6_panel_woven_patch_black_trucker_hat-1.jpg\" \/>\n\t<meta property=\"og:image:width\" content=\"1000\" \/>\n\t<meta property=\"og:image:height\" content=\"1000\" \/>\n\t<meta property=\"og:image:type\" content=\"image\/jpeg\" \/>\n<meta name=\"twitter:card\" content=\"summary_large_image\" \/>\n<meta name=\"twitter:label1\" content=\"Dur\u00e9e de lecture estim\u00e9e\" \/>\n\t<meta name=\"twitter:data1\" content=\"2 minutes\" \/>\n<script type=\"application\/ld+json\" class=\"yoast-schema-graph\">{\"@context\":\"https:\/\/schema.org\",\"@graph\":[{\"@type\":\"WebPage\",\"@id\":\"https:\/\/sumkcaps.com\/product\/sufox-231329-custom-six-panel-woven-patch-black-trucker-hat\/\",\"url\":\"https:\/\/sumkcaps.com\/product\/sufox-231329-custom-six-panel-woven-patch-black-trucker-hat\/\",\"name\":\"Custom Six Panel Woven Patch Black Trucker Hat Wholesale\",\"isPartOf\":{\"@id\":\"https:\/\/sumkcaps.com\/#website\"},\"primaryImageOfPage\":{\"@id\":\"https:\/\/sumkcaps.com\/product\/sufox-231329-custom-six-panel-woven-patch-black-trucker-hat\/#primaryimage\"},\"image\":{\"@id\":\"https:\/\/sumkcaps.com\/product\/sufox-231329-custom-six-panel-woven-patch-black-trucker-hat\/#primaryimage\"},\"thumbnailUrl\":\"https:\/\/sumkcaps.com\/wp-content\/uploads\/2022\/11\/6_panel_woven_patch_black_trucker_hat-1.jpg\",\"datePublished\":\"2022-11-14T08:45:56+00:00\",\"dateModified\":\"2025-07-09T06:24:01+00:00\",\"description\":\"Shop Custom Six Panel Woven Patch Black Trucker Hats from Sumkcaps. Durable polyester & mesh. Perfect for branding. Add your logo today!\",\"breadcrumb\":{\"@id\":\"https:\/\/sumkcaps.com\/product\/sufox-231329-custom-six-panel-woven-patch-black-trucker-hat\/#breadcrumb\"},\"inLanguage\":\"fr-FR\",\"potentialAction\":[{\"@type\":\"ReadAction\",\"target\":[\"https:\/\/sumkcaps.com\/product\/sufox-231329-custom-six-panel-woven-patch-black-trucker-hat\/\"]}]},{\"@type\":\"ImageObject\",\"inLanguage\":\"fr-FR\",\"@id\":\"https:\/\/sumkcaps.com\/product\/sufox-231329-custom-six-panel-woven-patch-black-trucker-hat\/#primaryimage\",\"url\":\"https:\/\/sumkcaps.com\/wp-content\/uploads\/2022\/11\/6_panel_woven_patch_black_trucker_hat-1.jpg\",\"contentUrl\":\"https:\/\/sumkcaps.com\/wp-content\/uploads\/2022\/11\/6_panel_woven_patch_black_trucker_hat-1.jpg\",\"width\":1000,\"height\":1000,\"caption\":\"Custom Six Panel Woven Patch Black Trucker Hat Wholesale\"},{\"@type\":\"BreadcrumbList\",\"@id\":\"https:\/\/sumkcaps.com\/product\/sufox-231329-custom-six-panel-woven-patch-black-trucker-hat\/#breadcrumb\",\"itemListElement\":[{\"@type\":\"ListItem\",\"position\":1,\"name\":\"Home\",\"item\":\"https:\/\/sumkcaps.com\/\"},{\"@type\":\"ListItem\",\"position\":2,\"name\":\"Products\",\"item\":\"https:\/\/sumkcaps.com\/product\/\"},{\"@type\":\"ListItem\",\"position\":3,\"name\":\"Custom Six Panel Woven Patch Black Trucker Hat Wholesale\"}]},{\"@type\":\"WebSite\",\"@id\":\"https:\/\/sumkcaps.com\/#website\",\"url\":\"https:\/\/sumkcaps.com\/\",\"name\":\"Sumkcaps-China Original Headwear Manufacturer and Suppliers\",\"description\":\"We are China Cap And Hat Original Factory, whose main business is to custom cap and hat as client&#039;s LOGO. Any cap style, any cap color, any qty, any material and qty is no problem. In one words, any small details can be customized as your request.\",\"publisher\":{\"@id\":\"https:\/\/sumkcaps.com\/#organization\"},\"potentialAction\":[{\"@type\":\"SearchAction\",\"target\":{\"@type\":\"EntryPoint\",\"urlTemplate\":\"https:\/\/sumkcaps.com\/?s={search_term_string}\"},\"query-input\":{\"@type\":\"PropertyValueSpecification\",\"valueRequired\":true,\"valueName\":\"search_term_string\"}}],\"inLanguage\":\"fr-FR\"},{\"@type\":\"Organization\",\"@id\":\"https:\/\/sumkcaps.com\/#organization\",\"name\":\"Sumkcaps-China Original Headwear Manufacturer and Suppliers\",\"url\":\"https:\/\/sumkcaps.com\/\",\"logo\":{\"@type\":\"ImageObject\",\"inLanguage\":\"fr-FR\",\"@id\":\"https:\/\/sumkcaps.com\/#\/schema\/logo\/image\/\",\"url\":\"https:\/\/sumkcaps.com\/wp-content\/uploads\/2025\/12\/1234.jpg\",\"contentUrl\":\"https:\/\/sumkcaps.com\/wp-content\/uploads\/2025\/12\/1234.jpg\",\"width\":800,\"height\":800,\"caption\":\"Sumkcaps-China Original Headwear Manufacturer and Suppliers\"},\"image\":{\"@id\":\"https:\/\/sumkcaps.com\/#\/schema\/logo\/image\/\"},\"sameAs\":[\"https:\/\/www.facebook.com\/sumkcap\",\"https:\/\/www.instagram.com\/sumkcaps7\/\",\"https:\/\/www.pinterest.com\/sumkcapschina\/\"]}]}<\/script>\n<!-- \/ Yoast SEO Premium plugin. -->","yoast_head_json":{"title":"Custom Six Panel Woven Patch Black Trucker Hat Wholesale","description":"Boutique en ligne de casquettes Trucker noires \u00e0 six panneaux et \u00e0 \u00e9cusson tiss\u00e9 de Sumkcaps. Polyester et maille durables. Parfait pour le marquage. Ajoutez votre logo d\u00e8s aujourd'hui !","robots":{"index":"index","follow":"follow","max-snippet":"max-snippet:-1","max-image-preview":"max-image-preview:large","max-video-preview":"max-video-preview:-1"},"canonical":"https:\/\/sumkcaps.com\/fr\/produit\/sufox-231329-custom-six-panel-woven-patch-black-trucker-hat\/","og_locale":"fr_FR","og_type":"article","og_title":"Custom Six Panel Woven Patch Black Trucker Hat Wholesale - Sumkcaps","og_description":"Shop Custom Six Panel Woven Patch Black Trucker Hats from Sumkcaps. Durable polyester & mesh. Perfect for branding. Add your logo today!","og_url":"https:\/\/sumkcaps.com\/fr\/produit\/sufox-231329-custom-six-panel-woven-patch-black-trucker-hat\/","og_site_name":"Sumkcaps-China Original Headwear Manufacturer and Suppliers","article_publisher":"https:\/\/www.facebook.com\/sumkcap","article_modified_time":"2025-07-09T06:24:01+00:00","og_image":[{"width":1000,"height":1000,"url":"https:\/\/sumkcaps.com\/wp-content\/uploads\/2022\/11\/6_panel_woven_patch_black_trucker_hat-1.jpg","type":"image\/jpeg"}],"twitter_card":"summary_large_image","twitter_misc":{"Dur\u00e9e de lecture estim\u00e9e":"2 minutes"},"schema":{"@context":"https:\/\/schema.org","@graph":[{"@type":"WebPage","@id":"https:\/\/sumkcaps.com\/product\/sufox-231329-custom-six-panel-woven-patch-black-trucker-hat\/","url":"https:\/\/sumkcaps.com\/product\/sufox-231329-custom-six-panel-woven-patch-black-trucker-hat\/","name":"Custom Six Panel Woven Patch Black Trucker Hat Wholesale","isPartOf":{"@id":"https:\/\/sumkcaps.com\/#website"},"primaryImageOfPage":{"@id":"https:\/\/sumkcaps.com\/product\/sufox-231329-custom-six-panel-woven-patch-black-trucker-hat\/#primaryimage"},"image":{"@id":"https:\/\/sumkcaps.com\/product\/sufox-231329-custom-six-panel-woven-patch-black-trucker-hat\/#primaryimage"},"thumbnailUrl":"https:\/\/sumkcaps.com\/wp-content\/uploads\/2022\/11\/6_panel_woven_patch_black_trucker_hat-1.jpg","datePublished":"2022-11-14T08:45:56+00:00","dateModified":"2025-07-09T06:24:01+00:00","description":"Boutique en ligne de casquettes Trucker noires \u00e0 six panneaux et \u00e0 \u00e9cusson tiss\u00e9 de Sumkcaps. Polyester et maille durables. Parfait pour le marquage. Ajoutez votre logo d\u00e8s aujourd'hui !","breadcrumb":{"@id":"https:\/\/sumkcaps.com\/product\/sufox-231329-custom-six-panel-woven-patch-black-trucker-hat\/#breadcrumb"},"inLanguage":"fr-FR","potentialAction":[{"@type":"ReadAction","target":["https:\/\/sumkcaps.com\/product\/sufox-231329-custom-six-panel-woven-patch-black-trucker-hat\/"]}]},{"@type":"ImageObject","inLanguage":"fr-FR","@id":"https:\/\/sumkcaps.com\/product\/sufox-231329-custom-six-panel-woven-patch-black-trucker-hat\/#primaryimage","url":"https:\/\/sumkcaps.com\/wp-content\/uploads\/2022\/11\/6_panel_woven_patch_black_trucker_hat-1.jpg","contentUrl":"https:\/\/sumkcaps.com\/wp-content\/uploads\/2022\/11\/6_panel_woven_patch_black_trucker_hat-1.jpg","width":1000,"height":1000,"caption":"Custom Six Panel Woven Patch Black Trucker Hat Wholesale"},{"@type":"BreadcrumbList","@id":"https:\/\/sumkcaps.com\/product\/sufox-231329-custom-six-panel-woven-patch-black-trucker-hat\/#breadcrumb","itemListElement":[{"@type":"ListItem","position":1,"name":"Home","item":"https:\/\/sumkcaps.com\/"},{"@type":"ListItem","position":2,"name":"Products","item":"https:\/\/sumkcaps.com\/product\/"},{"@type":"ListItem","position":3,"name":"Custom Six Panel Woven Patch Black Trucker Hat Wholesale"}]},{"@type":"WebSite","@id":"https:\/\/sumkcaps.com\/#website","url":"https:\/\/sumkcaps.com\/","name":"Sumkcaps - Fabricant et fournisseur chinois de couvre-chefs originaux","description":"Nous sommes une entreprise chinoise de fabrication de casquettes et de chapeaux, dont l'activit\u00e9 principale consiste \u00e0 personnaliser les casquettes et les chapeaux en fonction du LOGO du client. Tous les styles de casquettes, toutes les couleurs de casquettes, toutes les quantit\u00e9s, tous les mat\u00e9riaux et toutes les quantit\u00e9s ne posent aucun probl\u00e8me. En d'autres termes, tous les petits d\u00e9tails peuvent \u00eatre personnalis\u00e9s selon votre demande.","publisher":{"@id":"https:\/\/sumkcaps.com\/#organization"},"potentialAction":[{"@type":"SearchAction","target":{"@type":"EntryPoint","urlTemplate":"https:\/\/sumkcaps.com\/?s={search_term_string}"},"query-input":{"@type":"PropertyValueSpecification","valueRequired":true,"valueName":"search_term_string"}}],"inLanguage":"fr-FR"},{"@type":"Organization","@id":"https:\/\/sumkcaps.com\/#organization","name":"Sumkcaps - Fabricant et fournisseur chinois de couvre-chefs originaux","url":"https:\/\/sumkcaps.com\/","logo":{"@type":"ImageObject","inLanguage":"fr-FR","@id":"https:\/\/sumkcaps.com\/#\/schema\/logo\/image\/","url":"https:\/\/sumkcaps.com\/wp-content\/uploads\/2025\/12\/1234.jpg","contentUrl":"https:\/\/sumkcaps.com\/wp-content\/uploads\/2025\/12\/1234.jpg","width":800,"height":800,"caption":"Sumkcaps-China Original Headwear Manufacturer and Suppliers"},"image":{"@id":"https:\/\/sumkcaps.com\/#\/schema\/logo\/image\/"},"sameAs":["https:\/\/www.facebook.com\/sumkcap","https:\/\/www.instagram.com\/sumkcaps7\/","https:\/\/www.pinterest.com\/sumkcapschina\/"]}]}},"taxonomy_info":{"product_cat":[{"value":693,"label":"Hat"},{"value":973,"label":"Patch Trucker Hats"}]},"featured_image_src_large":["https:\/\/sumkcaps.com\/wp-content\/uploads\/2022\/11\/6_panel_woven_patch_black_trucker_hat-1.jpg",800,800,false],"author_info":[],"comment_info":"","_links":{"self":[{"href":"https:\/\/sumkcaps.com\/fr\/wp-json\/wp\/v2\/product\/20261","targetHints":{"allow":["GET"]}}],"collection":[{"href":"https:\/\/sumkcaps.com\/fr\/wp-json\/wp\/v2\/product"}],"about":[{"href":"https:\/\/sumkcaps.com\/fr\/wp-json\/wp\/v2\/types\/product"}],"wp:featuredmedia":[{"embeddable":true,"href":"https:\/\/sumkcaps.com\/fr\/wp-json\/wp\/v2\/media\/20262"}],"wp:attachment":[{"href":"https:\/\/sumkcaps.com\/fr\/wp-json\/wp\/v2\/media?parent=20261"}],"wp:term":[{"taxonomy":"product_brand","embeddable":true,"href":"https:\/\/sumkcaps.com\/fr\/wp-json\/wp\/v2\/product_brand?post=20261"},{"taxonomy":"product_cat","embeddable":true,"href":"https:\/\/sumkcaps.com\/fr\/wp-json\/wp\/v2\/product_cat?post=20261"},{"taxonomy":"product_tag","embeddable":true,"href":"https:\/\/sumkcaps.com\/fr\/wp-json\/wp\/v2\/product_tag?post=20261"}],"curies":[{"name":"wp","href":"https:\/\/api.w.org\/{rel}","templated":true}]}}