{"id":20141,"date":"2022-11-14T14:59:51","date_gmt":"2022-11-14T06:59:51","guid":{"rendered":"https:\/\/sumkcaps.com\/?post_type=product&#038;p=20141"},"modified":"2025-07-31T16:29:23","modified_gmt":"2025-07-31T08:29:23","slug":"sufox-231314-custom-six-panel-3d-embroidery-trucker-hat","status":"publish","type":"product","link":"https:\/\/sumkcaps.com\/fr\/produit\/sufox-231314-custom-six-panel-3d-embroidery-trucker-hat\/","title":{"rendered":"231314 Custom Six Panel 3D Embroidery Trucker Hat"},"content":{"rendered":"<p data-start=\"218\" data-end=\"466\"><strong data-start=\"218\" data-end=\"271\">231314 Custom Six Panel 3D Embroidery Trucker Hat<\/strong><br data-start=\"271\" data-end=\"274\" \/><a href=\"https:\/\/sumkcaps.com\/product\/sufox-231314-custom-six-panel-3d-embroidery-trucker-hat\/\"><span style=\"color: #000000;\">Cette casquette trucker haut de gamme<\/span><\/a> associe une broderie 3D audacieuse \u00e0 une construction en maille respirante - id\u00e9al pour les marques, les \u00e9v\u00e9nements et les collections de style de vie \u00e0 la recherche d'un couvre-chef remarquable avec un impact visuel maximal.<\/p>\n<h3 data-start=\"473\" data-end=\"497\">Ajustement et structure<\/h3>\n<ul data-start=\"498\" data-end=\"801\">\n<li data-start=\"498\" data-end=\"581\">\n<p data-start=\"500\" data-end=\"581\"><strong data-start=\"500\" data-end=\"516\">Style de la Couronne :<\/strong> Structur\u00e9 <strong data-start=\"528\" data-end=\"541\">six panneaux<\/strong> design pour un look pointu et profil\u00e9<\/p>\n<\/li>\n<li data-start=\"582\" data-end=\"663\">\n<p data-start=\"584\" data-end=\"663\"><strong data-start=\"584\" data-end=\"593\">Taille :<\/strong> <strong data-start=\"594\" data-end=\"623\">OSFM (Taille unique)<\/strong> - convient aux t\u00eates de <strong data-start=\"647\" data-end=\"661\">7 \u00e0 7 3\/4<\/strong><\/p>\n<\/li>\n<li data-start=\"664\" data-end=\"731\">\n<p data-start=\"666\" data-end=\"731\"><strong data-start=\"666\" data-end=\"676\">Visi\u00e8re :<\/strong> <strong data-start=\"677\" data-end=\"691\">Pr\u00e9-courbe<\/strong> bord pour une coupe classique et pr\u00eate \u00e0 porter<\/p>\n<\/li>\n<li data-start=\"732\" data-end=\"801\">\n<p data-start=\"734\" data-end=\"801\">Con\u00e7ue pour \u00eatre \u00e0 la fois confortable et structur\u00e9e, elle est parfaite pour \u00eatre port\u00e9e tout au long de la journ\u00e9e.<\/p>\n<\/li>\n<\/ul>\n<h3 data-start=\"808\" data-end=\"843\">D\u00e9coration et personnalisation<\/h3>\n<ul data-start=\"844\" data-end=\"1178\">\n<li data-start=\"844\" data-end=\"942\">\n<p data-start=\"846\" data-end=\"942\"><strong data-start=\"846\" data-end=\"866\">Type de d\u00e9coration :<\/strong> Prime <strong data-start=\"875\" data-end=\"892\">Broderie 3D<\/strong>Id\u00e9al pour les logos qui ont besoin de profondeur et de visibilit\u00e9<\/p>\n<\/li>\n<li data-start=\"943\" data-end=\"1089\">\n<p data-start=\"945\" data-end=\"1089\"><strong data-start=\"945\" data-end=\"971\">Options de personnalisation :<\/strong> Enti\u00e8rement personnalisable au niveau de la couleur, du motif de broderie, des \u00e9tiquettes int\u00e9rieures, des fermetures arri\u00e8re (snapback, velcro, etc.) et de l'emballage.<\/p>\n<\/li>\n<li data-start=\"1090\" data-end=\"1178\">\n<p data-start=\"1092\" data-end=\"1178\">Excellent pour <strong data-start=\"1106\" data-end=\"1178\">les marques de streetwear, les \u00e9quipements promotionnels, les uniformes ou les marchandises vendues au d\u00e9tail<\/strong><\/p>\n<\/li>\n<\/ul>\n<h3 data-start=\"1185\" data-end=\"1210\">Mat\u00e9riau et couleur<\/h3>\n<ul data-start=\"1211\" data-end=\"1472\">\n<li data-start=\"1211\" data-end=\"1296\">\n<p data-start=\"1213\" data-end=\"1296\"><strong data-start=\"1213\" data-end=\"1226\">Mat\u00e9riau :<\/strong> Durable <strong data-start=\"1235\" data-end=\"1258\">dos en maille de polyester<\/strong> avec une face avant ferme et structur\u00e9e<\/p>\n<\/li>\n<li data-start=\"1297\" data-end=\"1384\">\n<p data-start=\"1299\" data-end=\"1384\"><strong data-start=\"1299\" data-end=\"1309\">Couleur :<\/strong> <strong data-start=\"1310\" data-end=\"1338\">Options de couleurs personnalis\u00e9es<\/strong> disponible pour s'aligner sur l'identit\u00e9 de votre marque<\/p>\n<\/li>\n<li data-start=\"1385\" data-end=\"1472\">\n<p data-start=\"1387\" data-end=\"1472\">L\u00e9ger et respirant, il est id\u00e9al pour les environnements ext\u00e9rieurs et par temps chaud.<\/p>\n<\/li>\n<\/ul>\n<h3 data-start=\"1479\" data-end=\"1502\">MOQ et services<\/h3>\n<ul data-start=\"1503\" data-end=\"1881\">\n<li data-start=\"1503\" data-end=\"1570\">\n<p data-start=\"1505\" data-end=\"1570\"><strong data-start=\"1505\" data-end=\"1532\">Quantit\u00e9 minimale de commande :<\/strong> <strong data-start=\"1533\" data-end=\"1568\">200 pi\u00e8ces par dessin et par couleur<\/strong><\/p>\n<\/li>\n<li data-start=\"1571\" data-end=\"1794\">\n<p data-start=\"1573\" data-end=\"1629\"><strong data-start=\"1573\" data-end=\"1595\">Services fournis :<\/strong> Complet <strong data-start=\"1601\" data-end=\"1614\">OEM ET ODM<\/strong> capacit\u00e9s<\/p>\n<ul data-start=\"1632\" data-end=\"1794\">\n<li data-start=\"1632\" data-end=\"1705\">\n<p data-start=\"1634\" data-end=\"1705\"><strong data-start=\"1634\" data-end=\"1641\">OEM<\/strong>: Appliquer votre marque et votre design existants \u00e0 notre capuchon de base de qualit\u00e9<\/p>\n<\/li>\n<li data-start=\"1708\" data-end=\"1794\">\n<p data-start=\"1710\" data-end=\"1794\"><strong data-start=\"1710\" data-end=\"1717\">ODM<\/strong>: Laissez-nous vous aider \u00e0 d\u00e9velopper et \u00e0 fabriquer votre propre concept de chapeau \u00e0 partir de z\u00e9ro.<\/p>\n<\/li>\n<\/ul>\n<\/li>\n<li data-start=\"1795\" data-end=\"1881\">\n<p data-start=\"1797\" data-end=\"1881\">Parfait pour <strong data-start=\"1809\" data-end=\"1879\">les marques, les grossistes, les d\u00e9taillants, les agences de promotion et les start-ups<\/strong><\/p>\n<\/li>\n<\/ul>","protected":false},"excerpt":{"rendered":"<p>Sumkcaps 231314 Custom Six Panel 3D Embroidery Trucker Hat est l'un des styles de casquettes les plus populaires, l\u00e9ger et respirant. Nos Snapbacks sont disponibles dans une vari\u00e9t\u00e9 de styles et de couleurs de toutes les grandes marques.<\/p>","protected":false},"featured_media":20142,"template":"","meta":{"_acf_changed":false,"_kad_blocks_custom_css":"","_kad_blocks_head_custom_js":"","_kad_blocks_body_custom_js":"","_kad_blocks_footer_custom_js":""},"product_brand":[],"product_cat":[693,967,971],"product_tag":[],"class_list":{"0":"post-20141","1":"product","2":"type-product","3":"status-publish","4":"has-post-thumbnail","6":"product_cat-hat","7":"product_cat-trucker-hat","8":"product_cat-custom-embroidery-trucker-hats-wholesale","10":"first","11":"outofstock","12":"shipping-taxable","13":"product-type-simple"},"acf":[],"yoast_head":"<!-- This site is optimized with the Yoast SEO Premium plugin v20.8 (Yoast SEO v25.9) - https:\/\/yoast.com\/wordpress\/plugins\/seo\/ -->\n<title>231314 Six Panel 3D Embroidery Trucker Hat | China Manufactuer<\/title>\n<meta name=\"description\" content=\"231314 custom six panel trucker hat with 3D embroidery, breathable mesh, and OEM\/ODM service. MOQ 200. Ideal for branding, retail, and promotions.\" \/>\n<meta name=\"robots\" content=\"index, follow, max-snippet:-1, max-image-preview:large, max-video-preview:-1\" \/>\n<link rel=\"canonical\" href=\"https:\/\/sumkcaps.com\/fr\/produit\/sufox-231314-custom-six-panel-3d-embroidery-trucker-hat\/\" \/>\n<meta property=\"og:locale\" content=\"fr_FR\" \/>\n<meta property=\"og:type\" content=\"article\" \/>\n<meta property=\"og:title\" content=\"231314 Custom Six Panel 3D Embroidery Trucker Hat - Sumkcaps\" \/>\n<meta property=\"og:description\" content=\"231314 custom six panel trucker hat with 3D embroidery, breathable mesh, and OEM\/ODM service. MOQ 200. Ideal for branding, retail, and promotions.\" \/>\n<meta property=\"og:url\" content=\"https:\/\/sumkcaps.com\/fr\/produit\/sufox-231314-custom-six-panel-3d-embroidery-trucker-hat\/\" \/>\n<meta property=\"og:site_name\" content=\"Sumkcaps-China Original Headwear Manufacturer and Suppliers\" \/>\n<meta property=\"article:publisher\" content=\"https:\/\/www.facebook.com\/sumkcap\" \/>\n<meta property=\"article:modified_time\" content=\"2025-07-31T08:29:23+00:00\" \/>\n<meta property=\"og:image\" content=\"https:\/\/sumkcaps.com\/wp-content\/uploads\/2022\/11\/6_panel_3d_embroidery_trucker_hat-1-2.jpg\" \/>\n\t<meta property=\"og:image:width\" content=\"750\" \/>\n\t<meta property=\"og:image:height\" content=\"750\" \/>\n\t<meta property=\"og:image:type\" content=\"image\/jpeg\" \/>\n<meta name=\"twitter:card\" content=\"summary_large_image\" \/>\n<meta name=\"twitter:label1\" content=\"Dur\u00e9e de lecture estim\u00e9e\" \/>\n\t<meta name=\"twitter:data1\" content=\"2 minutes\" \/>\n<script type=\"application\/ld+json\" class=\"yoast-schema-graph\">{\"@context\":\"https:\/\/schema.org\",\"@graph\":[{\"@type\":\"WebPage\",\"@id\":\"https:\/\/sumkcaps.com\/product\/sufox-231314-custom-six-panel-3d-embroidery-trucker-hat\/\",\"url\":\"https:\/\/sumkcaps.com\/product\/sufox-231314-custom-six-panel-3d-embroidery-trucker-hat\/\",\"name\":\"231314 Six Panel 3D Embroidery Trucker Hat | China Manufactuer\",\"isPartOf\":{\"@id\":\"https:\/\/sumkcaps.com\/#website\"},\"primaryImageOfPage\":{\"@id\":\"https:\/\/sumkcaps.com\/product\/sufox-231314-custom-six-panel-3d-embroidery-trucker-hat\/#primaryimage\"},\"image\":{\"@id\":\"https:\/\/sumkcaps.com\/product\/sufox-231314-custom-six-panel-3d-embroidery-trucker-hat\/#primaryimage\"},\"thumbnailUrl\":\"https:\/\/sumkcaps.com\/wp-content\/uploads\/2022\/11\/6_panel_3d_embroidery_trucker_hat-1-2.jpg\",\"datePublished\":\"2022-11-14T06:59:51+00:00\",\"dateModified\":\"2025-07-31T08:29:23+00:00\",\"description\":\"231314 custom six panel trucker hat with 3D embroidery, breathable mesh, and OEM\/ODM service. MOQ 200. Ideal for branding, retail, and promotions.\",\"breadcrumb\":{\"@id\":\"https:\/\/sumkcaps.com\/product\/sufox-231314-custom-six-panel-3d-embroidery-trucker-hat\/#breadcrumb\"},\"inLanguage\":\"fr-FR\",\"potentialAction\":[{\"@type\":\"ReadAction\",\"target\":[\"https:\/\/sumkcaps.com\/product\/sufox-231314-custom-six-panel-3d-embroidery-trucker-hat\/\"]}]},{\"@type\":\"ImageObject\",\"inLanguage\":\"fr-FR\",\"@id\":\"https:\/\/sumkcaps.com\/product\/sufox-231314-custom-six-panel-3d-embroidery-trucker-hat\/#primaryimage\",\"url\":\"https:\/\/sumkcaps.com\/wp-content\/uploads\/2022\/11\/6_panel_3d_embroidery_trucker_hat-1-2.jpg\",\"contentUrl\":\"https:\/\/sumkcaps.com\/wp-content\/uploads\/2022\/11\/6_panel_3d_embroidery_trucker_hat-1-2.jpg\",\"width\":750,\"height\":750,\"caption\":\"Custom Six Panel 3D Embroidery Trucker Hat Wholesale\"},{\"@type\":\"BreadcrumbList\",\"@id\":\"https:\/\/sumkcaps.com\/product\/sufox-231314-custom-six-panel-3d-embroidery-trucker-hat\/#breadcrumb\",\"itemListElement\":[{\"@type\":\"ListItem\",\"position\":1,\"name\":\"Home\",\"item\":\"https:\/\/sumkcaps.com\/\"},{\"@type\":\"ListItem\",\"position\":2,\"name\":\"Products\",\"item\":\"https:\/\/sumkcaps.com\/product\/\"},{\"@type\":\"ListItem\",\"position\":3,\"name\":\"231314 Custom Six Panel 3D Embroidery Trucker Hat\"}]},{\"@type\":\"WebSite\",\"@id\":\"https:\/\/sumkcaps.com\/#website\",\"url\":\"https:\/\/sumkcaps.com\/\",\"name\":\"Sumkcaps-China Original Headwear Manufacturer and Suppliers\",\"description\":\"We are China Cap And Hat Original Factory, whose main business is to custom cap and hat as client&#039;s LOGO. Any cap style, any cap color, any qty, any material and qty is no problem. In one words, any small details can be customized as your request.\",\"publisher\":{\"@id\":\"https:\/\/sumkcaps.com\/#organization\"},\"potentialAction\":[{\"@type\":\"SearchAction\",\"target\":{\"@type\":\"EntryPoint\",\"urlTemplate\":\"https:\/\/sumkcaps.com\/?s={search_term_string}\"},\"query-input\":{\"@type\":\"PropertyValueSpecification\",\"valueRequired\":true,\"valueName\":\"search_term_string\"}}],\"inLanguage\":\"fr-FR\"},{\"@type\":\"Organization\",\"@id\":\"https:\/\/sumkcaps.com\/#organization\",\"name\":\"Sumkcaps-China Original Headwear Manufacturer and Suppliers\",\"url\":\"https:\/\/sumkcaps.com\/\",\"logo\":{\"@type\":\"ImageObject\",\"inLanguage\":\"fr-FR\",\"@id\":\"https:\/\/sumkcaps.com\/#\/schema\/logo\/image\/\",\"url\":\"https:\/\/sumkcaps.com\/wp-content\/uploads\/2025\/12\/1234.jpg\",\"contentUrl\":\"https:\/\/sumkcaps.com\/wp-content\/uploads\/2025\/12\/1234.jpg\",\"width\":800,\"height\":800,\"caption\":\"Sumkcaps-China Original Headwear Manufacturer and Suppliers\"},\"image\":{\"@id\":\"https:\/\/sumkcaps.com\/#\/schema\/logo\/image\/\"},\"sameAs\":[\"https:\/\/www.facebook.com\/sumkcap\",\"https:\/\/www.instagram.com\/sumkcaps7\/\",\"https:\/\/www.pinterest.com\/sumkcapschina\/\"]}]}<\/script>\n<!-- \/ Yoast SEO Premium plugin. -->","yoast_head_json":{"title":"231314 Six Panel 3D Embroidery Trucker Hat | China Manufactuer","description":"231314 Casquette camionneur personnalis\u00e9e \u00e0 six panneaux avec broderie 3D, maille respirante et service OEM\/ODM. MOQ 200. Id\u00e9al pour les marques, la vente au d\u00e9tail et les promotions.","robots":{"index":"index","follow":"follow","max-snippet":"max-snippet:-1","max-image-preview":"max-image-preview:large","max-video-preview":"max-video-preview:-1"},"canonical":"https:\/\/sumkcaps.com\/fr\/produit\/sufox-231314-custom-six-panel-3d-embroidery-trucker-hat\/","og_locale":"fr_FR","og_type":"article","og_title":"231314 Custom Six Panel 3D Embroidery Trucker Hat - Sumkcaps","og_description":"231314 custom six panel trucker hat with 3D embroidery, breathable mesh, and OEM\/ODM service. MOQ 200. Ideal for branding, retail, and promotions.","og_url":"https:\/\/sumkcaps.com\/fr\/produit\/sufox-231314-custom-six-panel-3d-embroidery-trucker-hat\/","og_site_name":"Sumkcaps-China Original Headwear Manufacturer and Suppliers","article_publisher":"https:\/\/www.facebook.com\/sumkcap","article_modified_time":"2025-07-31T08:29:23+00:00","og_image":[{"width":750,"height":750,"url":"https:\/\/sumkcaps.com\/wp-content\/uploads\/2022\/11\/6_panel_3d_embroidery_trucker_hat-1-2.jpg","type":"image\/jpeg"}],"twitter_card":"summary_large_image","twitter_misc":{"Dur\u00e9e de lecture estim\u00e9e":"2 minutes"},"schema":{"@context":"https:\/\/schema.org","@graph":[{"@type":"WebPage","@id":"https:\/\/sumkcaps.com\/product\/sufox-231314-custom-six-panel-3d-embroidery-trucker-hat\/","url":"https:\/\/sumkcaps.com\/product\/sufox-231314-custom-six-panel-3d-embroidery-trucker-hat\/","name":"231314 Six Panel 3D Embroidery Trucker Hat | China Manufactuer","isPartOf":{"@id":"https:\/\/sumkcaps.com\/#website"},"primaryImageOfPage":{"@id":"https:\/\/sumkcaps.com\/product\/sufox-231314-custom-six-panel-3d-embroidery-trucker-hat\/#primaryimage"},"image":{"@id":"https:\/\/sumkcaps.com\/product\/sufox-231314-custom-six-panel-3d-embroidery-trucker-hat\/#primaryimage"},"thumbnailUrl":"https:\/\/sumkcaps.com\/wp-content\/uploads\/2022\/11\/6_panel_3d_embroidery_trucker_hat-1-2.jpg","datePublished":"2022-11-14T06:59:51+00:00","dateModified":"2025-07-31T08:29:23+00:00","description":"231314 Casquette camionneur personnalis\u00e9e \u00e0 six panneaux avec broderie 3D, maille respirante et service OEM\/ODM. MOQ 200. Id\u00e9al pour les marques, la vente au d\u00e9tail et les promotions.","breadcrumb":{"@id":"https:\/\/sumkcaps.com\/product\/sufox-231314-custom-six-panel-3d-embroidery-trucker-hat\/#breadcrumb"},"inLanguage":"fr-FR","potentialAction":[{"@type":"ReadAction","target":["https:\/\/sumkcaps.com\/product\/sufox-231314-custom-six-panel-3d-embroidery-trucker-hat\/"]}]},{"@type":"ImageObject","inLanguage":"fr-FR","@id":"https:\/\/sumkcaps.com\/product\/sufox-231314-custom-six-panel-3d-embroidery-trucker-hat\/#primaryimage","url":"https:\/\/sumkcaps.com\/wp-content\/uploads\/2022\/11\/6_panel_3d_embroidery_trucker_hat-1-2.jpg","contentUrl":"https:\/\/sumkcaps.com\/wp-content\/uploads\/2022\/11\/6_panel_3d_embroidery_trucker_hat-1-2.jpg","width":750,"height":750,"caption":"Custom Six Panel 3D Embroidery Trucker Hat Wholesale"},{"@type":"BreadcrumbList","@id":"https:\/\/sumkcaps.com\/product\/sufox-231314-custom-six-panel-3d-embroidery-trucker-hat\/#breadcrumb","itemListElement":[{"@type":"ListItem","position":1,"name":"Home","item":"https:\/\/sumkcaps.com\/"},{"@type":"ListItem","position":2,"name":"Products","item":"https:\/\/sumkcaps.com\/product\/"},{"@type":"ListItem","position":3,"name":"231314 Custom Six Panel 3D Embroidery Trucker Hat"}]},{"@type":"WebSite","@id":"https:\/\/sumkcaps.com\/#website","url":"https:\/\/sumkcaps.com\/","name":"Sumkcaps - Fabricant et fournisseur chinois de couvre-chefs originaux","description":"Nous sommes une entreprise chinoise de fabrication de casquettes et de chapeaux, dont l'activit\u00e9 principale consiste \u00e0 personnaliser les casquettes et les chapeaux en fonction du LOGO du client. Tous les styles de casquettes, toutes les couleurs de casquettes, toutes les quantit\u00e9s, tous les mat\u00e9riaux et toutes les quantit\u00e9s ne posent aucun probl\u00e8me. En d'autres termes, tous les petits d\u00e9tails peuvent \u00eatre personnalis\u00e9s selon votre demande.","publisher":{"@id":"https:\/\/sumkcaps.com\/#organization"},"potentialAction":[{"@type":"SearchAction","target":{"@type":"EntryPoint","urlTemplate":"https:\/\/sumkcaps.com\/?s={search_term_string}"},"query-input":{"@type":"PropertyValueSpecification","valueRequired":true,"valueName":"search_term_string"}}],"inLanguage":"fr-FR"},{"@type":"Organization","@id":"https:\/\/sumkcaps.com\/#organization","name":"Sumkcaps - Fabricant et fournisseur chinois de couvre-chefs originaux","url":"https:\/\/sumkcaps.com\/","logo":{"@type":"ImageObject","inLanguage":"fr-FR","@id":"https:\/\/sumkcaps.com\/#\/schema\/logo\/image\/","url":"https:\/\/sumkcaps.com\/wp-content\/uploads\/2025\/12\/1234.jpg","contentUrl":"https:\/\/sumkcaps.com\/wp-content\/uploads\/2025\/12\/1234.jpg","width":800,"height":800,"caption":"Sumkcaps-China Original Headwear Manufacturer and Suppliers"},"image":{"@id":"https:\/\/sumkcaps.com\/#\/schema\/logo\/image\/"},"sameAs":["https:\/\/www.facebook.com\/sumkcap","https:\/\/www.instagram.com\/sumkcaps7\/","https:\/\/www.pinterest.com\/sumkcapschina\/"]}]}},"taxonomy_info":{"product_cat":[{"value":693,"label":"Hat"},{"value":967,"label":"Trucker Hat Wholesale"},{"value":971,"label":"Embroidery Trucker Hats Wholesale"}]},"featured_image_src_large":["https:\/\/sumkcaps.com\/wp-content\/uploads\/2022\/11\/6_panel_3d_embroidery_trucker_hat-1-2.jpg",750,750,false],"author_info":[],"comment_info":"","_links":{"self":[{"href":"https:\/\/sumkcaps.com\/fr\/wp-json\/wp\/v2\/product\/20141","targetHints":{"allow":["GET"]}}],"collection":[{"href":"https:\/\/sumkcaps.com\/fr\/wp-json\/wp\/v2\/product"}],"about":[{"href":"https:\/\/sumkcaps.com\/fr\/wp-json\/wp\/v2\/types\/product"}],"wp:featuredmedia":[{"embeddable":true,"href":"https:\/\/sumkcaps.com\/fr\/wp-json\/wp\/v2\/media\/20142"}],"wp:attachment":[{"href":"https:\/\/sumkcaps.com\/fr\/wp-json\/wp\/v2\/media?parent=20141"}],"wp:term":[{"taxonomy":"product_brand","embeddable":true,"href":"https:\/\/sumkcaps.com\/fr\/wp-json\/wp\/v2\/product_brand?post=20141"},{"taxonomy":"product_cat","embeddable":true,"href":"https:\/\/sumkcaps.com\/fr\/wp-json\/wp\/v2\/product_cat?post=20141"},{"taxonomy":"product_tag","embeddable":true,"href":"https:\/\/sumkcaps.com\/fr\/wp-json\/wp\/v2\/product_tag?post=20141"}],"curies":[{"name":"wp","href":"https:\/\/api.w.org\/{rel}","templated":true}]}}