{"id":18380,"date":"2022-11-03T09:18:24","date_gmt":"2022-11-03T01:18:24","guid":{"rendered":"https:\/\/sumkcaps.com\/?post_type=product&#038;p=18380"},"modified":"2025-11-04T15:44:19","modified_gmt":"2025-11-04T07:44:19","slug":"sufox-231166-custom-six-panel-embroidery-vintage-wash-baseball-cap","status":"publish","type":"product","link":"https:\/\/sumkcaps.com\/fr\/produit\/sufox-231166-custom-six-panel-embroidery-vintage-wash-baseball-cap\/","title":{"rendered":"Sumkcaps 231166 Custom Six Panel Embroidery Vintage Wash Baseball Cap"},"content":{"rendered":"<h3 data-start=\"108\" data-end=\"309\"><strong data-start=\"108\" data-end=\"129\">Conception \u00e0 six panneaux :<\/strong><\/h3>\n<p data-start=\"108\" data-end=\"309\">La construction classique \u00e0 six panneaux permet d'obtenir une forme structur\u00e9e et durable, ce qui conf\u00e8re \u00e0 l'appareil une grande souplesse d'utilisation. <a href=\"https:\/\/sumkcaps.com\/product\/sufox-231166-custom-six-panel-embroidery-vintage-wash-baseball-cap\/\">capuchon<\/a> un style baseball intemporel tout en assurant une stabilit\u00e9 et une tenue confortable pour une utilisation tout au long de la journ\u00e9e.<\/p>\n<h3 data-start=\"313\" data-end=\"513\"><strong data-start=\"313\" data-end=\"337\">Lavage Vintage Finition :<\/strong><\/h3>\n<p data-start=\"313\" data-end=\"513\">Chaque casquette est soigneusement lav\u00e9e pour cr\u00e9er un aspect vintage doux et us\u00e9, ce qui lui conf\u00e8re un caract\u00e8re unique et des variations de couleur subtiles qui renforcent l'attrait de la mode et le style individuel.<\/p>\n<h3 data-start=\"517\" data-end=\"735\"><strong data-start=\"517\" data-end=\"545\">Coton de qualit\u00e9 sup\u00e9rieure Mati\u00e8re :<\/strong><\/h3>\n<p data-start=\"517\" data-end=\"735\">Fabriqu\u00e9 en coton 100% de haute qualit\u00e9, il offre respirabilit\u00e9, douceur et durabilit\u00e9, ce qui le rend id\u00e9al pour une utilisation quotidienne, des activit\u00e9s de plein air et une utilisation prolong\u00e9e sans inconfort.<\/p>\n<h3 data-start=\"739\" data-end=\"941\"><strong data-start=\"739\" data-end=\"768\">L\u00e9ger et respirant :<\/strong><\/h3>\n<p data-start=\"739\" data-end=\"941\">Con\u00e7ue pour \u00eatre l\u00e9g\u00e8re sur la t\u00eate, cette casquette assure une circulation optimale de l'air et un confort m\u00eame par temps chaud, ce qui la rend parfaite pour les sorties d\u00e9contract\u00e9es, le sport et les \u00e9v\u00e9nements de longue dur\u00e9e en plein air.<\/p>\n<h3 data-start=\"945\" data-end=\"1152\"><strong data-start=\"945\" data-end=\"966\">Visi\u00e8re pr\u00e9-courb\u00e9e :<\/strong><\/h3>\n<p data-start=\"945\" data-end=\"1152\">Le bord naturellement incurv\u00e9 prot\u00e8ge vos yeux du soleil tout en conservant une allure d\u00e9contract\u00e9e et \u00e9l\u00e9gante. Il conserve bien sa forme et ajoute une finition professionnelle \u00e0 l'ensemble de la casquette.<\/p>\n<h3 data-start=\"1156\" data-end=\"1365\"><strong data-start=\"1156\" data-end=\"1182\">Ajustement r\u00e9glable (OSFM) :<\/strong><\/h3>\n<p data-start=\"1156\" data-end=\"1365\">Une taille unique pour la plupart (7 - 7 3\/4) avec une sangle r\u00e9glable, assurant un ajustement s\u00fbr et personnalisable pour diff\u00e9rentes tailles de t\u00eate tout en maintenant le confort et la stabilit\u00e9 tout au long de la journ\u00e9e.<\/p>\n<h3 data-start=\"1369\" data-end=\"1579\"><strong data-start=\"1369\" data-end=\"1397\">Pr\u00eat pour la broderie personnalis\u00e9e :<\/strong><\/h3>\n<p data-start=\"1369\" data-end=\"1579\">Parfait pour ajouter des logos, du texte ou des motifs uniques, permettant aux marques, aux \u00e9quipes ou aux projets personnels de personnaliser enti\u00e8rement la casquette, ce qui en fait un choix id\u00e9al pour les marchandises promotionnelles.<\/p>\n<h3 data-start=\"1583\" data-end=\"1798\"><strong data-start=\"1583\" data-end=\"1610\">Options de couleurs multiples :<\/strong><\/h3>\n<p data-start=\"1583\" data-end=\"1798\">Disponibles en noir classique ou dans des couleurs enti\u00e8rement personnalis\u00e9es, ils permettent de s'adapter \u00e0 la marque, aux uniformes ou aux pr\u00e9f\u00e9rences personnelles tout en conservant une apparence coh\u00e9rente et de haute qualit\u00e9.<\/p>\n<h3 data-start=\"1802\" data-end=\"2013\"><strong data-start=\"1802\" data-end=\"1824\">Service OEM et ODM :<\/strong><\/h3>\n<p data-start=\"1802\" data-end=\"2013\">Elle soutient \u00e0 la fois la fabrication d'\u00e9quipements d'origine (OEM) et la fabrication de produits d'origine (ODM), en offrant des conseils professionnels et une production sur mesure pour les commandes en gros ou les conceptions exclusives.<\/p>\n<h3 data-start=\"2017\" data-end=\"2223\"><strong data-start=\"2017\" data-end=\"2039\">Coutures durables :<\/strong><\/h3>\n<p data-start=\"2017\" data-end=\"2223\">Les coutures renforc\u00e9es sur l'ensemble de la casquette garantissent une durabilit\u00e9 \u00e0 long terme, emp\u00eachant l'effilochage ou l'usure, tandis que la broderie r\u00e9siste au lavage, conservant ainsi un aspect haut de gamme au fil du temps.<\/p>\n<h3 data-start=\"2227\" data-end=\"2435\"><strong data-start=\"2227\" data-end=\"2247\">Style polyvalent :<\/strong><\/h3>\n<p data-start=\"2227\" data-end=\"2435\">Cette casquette allie l'esth\u00e9tique vintage \u00e0 la mode d\u00e9contract\u00e9e, ce qui la rend adapt\u00e9e au streetwear, au sport, aux aventures en plein air, aux \u00e9v\u00e9nements promotionnels ou aux tenues d\u00e9contract\u00e9es de tous les jours pour tous les groupes d'\u00e2ge.<\/p>\n<h3 data-start=\"2439\" data-end=\"2643\"><strong data-start=\"2439\" data-end=\"2470\">Faible Quantit\u00e9 minimale de commande :<\/strong><\/h3>\n<p data-start=\"2439\" data-end=\"2643\">Avec une quantit\u00e9 minimale de 200 pi\u00e8ces par dessin et par couleur, les petites et moyennes marques ou les startups peuvent facilement passer une commande sans frais initiaux importants, ce qui rend le produit tr\u00e8s accessible.<\/p>\n<h3 data-start=\"2647\" data-end=\"2845\"><strong data-start=\"2647\" data-end=\"2668\">D\u00e9lai d'ex\u00e9cution rapide :<\/strong><\/h3>\n<p data-start=\"2647\" data-end=\"2845\">La production rapide d'\u00e9chantillons en 7 \u00e0 9 jours ouvrables et la production en masse en 18 \u00e0 22 jours ouvrables permettent aux marques de lancer des produits rapidement ou de r\u00e9pondre aux demandes urgentes du march\u00e9 sans d\u00e9lai.<\/p>","protected":false},"excerpt":{"rendered":"<p>Sumkcaps 231166 Custom Six Panel Embroidery Vintage Wash Baseball Cap est l'un des styles de casquettes les plus populaires, l\u00e9ger et respirant. Nos Snapbacks sont disponibles dans une vari\u00e9t\u00e9 de styles et de couleurs de toutes les grandes marques.<\/p>","protected":false},"featured_media":18381,"template":"","meta":{"_acf_changed":false,"_kad_blocks_custom_css":"","_kad_blocks_head_custom_js":"","_kad_blocks_body_custom_js":"","_kad_blocks_footer_custom_js":""},"product_brand":[],"product_cat":[38],"product_tag":[],"class_list":{"0":"post-18380","1":"product","2":"type-product","3":"status-publish","4":"has-post-thumbnail","6":"product_cat-baseball-cap-supplier","8":"first","9":"outofstock","10":"shipping-taxable","11":"product-type-simple"},"acf":[],"yoast_head":"<!-- This site is optimized with the Yoast SEO Premium plugin v20.8 (Yoast SEO v25.9) - https:\/\/yoast.com\/wordpress\/plugins\/seo\/ -->\n<title>Custom Embroidery Wash Baseball Cap | China Manufactuer<\/title>\n<meta name=\"description\" content=\"We are dedicated to manufacturing Premium Custom Caps, beanies and bucket hats. Patches available. Many custom options. Expert Service. Quick delivery.\" \/>\n<meta name=\"robots\" content=\"index, follow, max-snippet:-1, max-image-preview:large, max-video-preview:-1\" \/>\n<link rel=\"canonical\" href=\"https:\/\/sumkcaps.com\/fr\/produit\/sufox-231166-custom-six-panel-embroidery-vintage-wash-baseball-cap\/\" \/>\n<meta property=\"og:locale\" content=\"fr_FR\" \/>\n<meta property=\"og:type\" content=\"article\" \/>\n<meta property=\"og:title\" content=\"Sumkcaps 231166 Custom Six Panel Embroidery Vintage Wash Baseball Cap - Sumkcaps\" \/>\n<meta property=\"og:description\" content=\"We are dedicated to manufacturing Premium Custom Caps, beanies and bucket hats. Patches available. Many custom options. Expert Service. Quick delivery.\" \/>\n<meta property=\"og:url\" content=\"https:\/\/sumkcaps.com\/fr\/produit\/sufox-231166-custom-six-panel-embroidery-vintage-wash-baseball-cap\/\" \/>\n<meta property=\"og:site_name\" content=\"Sumkcaps-China Original Headwear Manufacturer and Suppliers\" \/>\n<meta property=\"article:publisher\" content=\"https:\/\/www.facebook.com\/sumkcap\" \/>\n<meta property=\"article:modified_time\" content=\"2025-11-04T07:44:19+00:00\" \/>\n<meta property=\"og:image\" content=\"https:\/\/sumkcaps.com\/wp-content\/uploads\/2022\/11\/6_panel_embroidery_Vintage_Wash_baseball_cap-1.jpg\" \/>\n\t<meta property=\"og:image:width\" content=\"1000\" \/>\n\t<meta property=\"og:image:height\" content=\"1000\" \/>\n\t<meta property=\"og:image:type\" content=\"image\/jpeg\" \/>\n<meta name=\"twitter:card\" content=\"summary_large_image\" \/>\n<meta name=\"twitter:label1\" content=\"Dur\u00e9e de lecture estim\u00e9e\" \/>\n\t<meta name=\"twitter:data1\" content=\"2 minutes\" \/>\n<script type=\"application\/ld+json\" class=\"yoast-schema-graph\">{\"@context\":\"https:\/\/schema.org\",\"@graph\":[{\"@type\":\"WebPage\",\"@id\":\"https:\/\/sumkcaps.com\/product\/sufox-231166-custom-six-panel-embroidery-vintage-wash-baseball-cap\/\",\"url\":\"https:\/\/sumkcaps.com\/product\/sufox-231166-custom-six-panel-embroidery-vintage-wash-baseball-cap\/\",\"name\":\"Custom Embroidery Wash Baseball Cap | China Manufactuer\",\"isPartOf\":{\"@id\":\"https:\/\/sumkcaps.com\/#website\"},\"primaryImageOfPage\":{\"@id\":\"https:\/\/sumkcaps.com\/product\/sufox-231166-custom-six-panel-embroidery-vintage-wash-baseball-cap\/#primaryimage\"},\"image\":{\"@id\":\"https:\/\/sumkcaps.com\/product\/sufox-231166-custom-six-panel-embroidery-vintage-wash-baseball-cap\/#primaryimage\"},\"thumbnailUrl\":\"https:\/\/sumkcaps.com\/wp-content\/uploads\/2022\/11\/6_panel_embroidery_Vintage_Wash_baseball_cap-1.jpg\",\"datePublished\":\"2022-11-03T01:18:24+00:00\",\"dateModified\":\"2025-11-04T07:44:19+00:00\",\"description\":\"We are dedicated to manufacturing Premium Custom Caps, beanies and bucket hats. Patches available. Many custom options. Expert Service. Quick delivery.\",\"breadcrumb\":{\"@id\":\"https:\/\/sumkcaps.com\/product\/sufox-231166-custom-six-panel-embroidery-vintage-wash-baseball-cap\/#breadcrumb\"},\"inLanguage\":\"fr-FR\",\"potentialAction\":[{\"@type\":\"ReadAction\",\"target\":[\"https:\/\/sumkcaps.com\/product\/sufox-231166-custom-six-panel-embroidery-vintage-wash-baseball-cap\/\"]}]},{\"@type\":\"ImageObject\",\"inLanguage\":\"fr-FR\",\"@id\":\"https:\/\/sumkcaps.com\/product\/sufox-231166-custom-six-panel-embroidery-vintage-wash-baseball-cap\/#primaryimage\",\"url\":\"https:\/\/sumkcaps.com\/wp-content\/uploads\/2022\/11\/6_panel_embroidery_Vintage_Wash_baseball_cap-1.jpg\",\"contentUrl\":\"https:\/\/sumkcaps.com\/wp-content\/uploads\/2022\/11\/6_panel_embroidery_Vintage_Wash_baseball_cap-1.jpg\",\"width\":1000,\"height\":1000},{\"@type\":\"BreadcrumbList\",\"@id\":\"https:\/\/sumkcaps.com\/product\/sufox-231166-custom-six-panel-embroidery-vintage-wash-baseball-cap\/#breadcrumb\",\"itemListElement\":[{\"@type\":\"ListItem\",\"position\":1,\"name\":\"Home\",\"item\":\"https:\/\/sumkcaps.com\/\"},{\"@type\":\"ListItem\",\"position\":2,\"name\":\"Products\",\"item\":\"https:\/\/sumkcaps.com\/product\/\"},{\"@type\":\"ListItem\",\"position\":3,\"name\":\"Sumkcaps 231166 Custom Six Panel Embroidery Vintage Wash Baseball Cap\"}]},{\"@type\":\"WebSite\",\"@id\":\"https:\/\/sumkcaps.com\/#website\",\"url\":\"https:\/\/sumkcaps.com\/\",\"name\":\"Sumkcaps-China Original Headwear Manufacturer and Suppliers\",\"description\":\"We are China Cap And Hat Original Factory, whose main business is to custom cap and hat as client&#039;s LOGO. Any cap style, any cap color, any qty, any material and qty is no problem. In one words, any small details can be customized as your request.\",\"publisher\":{\"@id\":\"https:\/\/sumkcaps.com\/#organization\"},\"potentialAction\":[{\"@type\":\"SearchAction\",\"target\":{\"@type\":\"EntryPoint\",\"urlTemplate\":\"https:\/\/sumkcaps.com\/?s={search_term_string}\"},\"query-input\":{\"@type\":\"PropertyValueSpecification\",\"valueRequired\":true,\"valueName\":\"search_term_string\"}}],\"inLanguage\":\"fr-FR\"},{\"@type\":\"Organization\",\"@id\":\"https:\/\/sumkcaps.com\/#organization\",\"name\":\"Sumkcaps-China Original Headwear Manufacturer and Suppliers\",\"url\":\"https:\/\/sumkcaps.com\/\",\"logo\":{\"@type\":\"ImageObject\",\"inLanguage\":\"fr-FR\",\"@id\":\"https:\/\/sumkcaps.com\/#\/schema\/logo\/image\/\",\"url\":\"https:\/\/sumkcaps.com\/wp-content\/uploads\/2025\/12\/1234.jpg\",\"contentUrl\":\"https:\/\/sumkcaps.com\/wp-content\/uploads\/2025\/12\/1234.jpg\",\"width\":800,\"height\":800,\"caption\":\"Sumkcaps-China Original Headwear Manufacturer and Suppliers\"},\"image\":{\"@id\":\"https:\/\/sumkcaps.com\/#\/schema\/logo\/image\/\"},\"sameAs\":[\"https:\/\/www.facebook.com\/sumkcap\",\"https:\/\/www.instagram.com\/sumkcaps7\/\",\"https:\/\/www.pinterest.com\/sumkcapschina\/\"]}]}<\/script>\n<!-- \/ Yoast SEO Premium plugin. -->","yoast_head_json":{"title":"Casquette de baseball brod\u00e9e sur mesure | Fabricant chinois","description":"Nous nous consacrons \u00e0 la fabrication de casquettes, de bonnets et de chapeaux \u00e0 godets personnalis\u00e9s de qualit\u00e9 sup\u00e9rieure. Ecussons disponibles. Nombreuses options personnalis\u00e9es. Service d'expert. Livraison rapide.","robots":{"index":"index","follow":"follow","max-snippet":"max-snippet:-1","max-image-preview":"max-image-preview:large","max-video-preview":"max-video-preview:-1"},"canonical":"https:\/\/sumkcaps.com\/fr\/produit\/sufox-231166-custom-six-panel-embroidery-vintage-wash-baseball-cap\/","og_locale":"fr_FR","og_type":"article","og_title":"Sumkcaps 231166 Custom Six Panel Embroidery Vintage Wash Baseball Cap - Sumkcaps","og_description":"We are dedicated to manufacturing Premium Custom Caps, beanies and bucket hats. Patches available. Many custom options. Expert Service. Quick delivery.","og_url":"https:\/\/sumkcaps.com\/fr\/produit\/sufox-231166-custom-six-panel-embroidery-vintage-wash-baseball-cap\/","og_site_name":"Sumkcaps-China Original Headwear Manufacturer and Suppliers","article_publisher":"https:\/\/www.facebook.com\/sumkcap","article_modified_time":"2025-11-04T07:44:19+00:00","og_image":[{"width":1000,"height":1000,"url":"https:\/\/sumkcaps.com\/wp-content\/uploads\/2022\/11\/6_panel_embroidery_Vintage_Wash_baseball_cap-1.jpg","type":"image\/jpeg"}],"twitter_card":"summary_large_image","twitter_misc":{"Dur\u00e9e de lecture estim\u00e9e":"2 minutes"},"schema":{"@context":"https:\/\/schema.org","@graph":[{"@type":"WebPage","@id":"https:\/\/sumkcaps.com\/product\/sufox-231166-custom-six-panel-embroidery-vintage-wash-baseball-cap\/","url":"https:\/\/sumkcaps.com\/product\/sufox-231166-custom-six-panel-embroidery-vintage-wash-baseball-cap\/","name":"Casquette de baseball brod\u00e9e sur mesure | Fabricant chinois","isPartOf":{"@id":"https:\/\/sumkcaps.com\/#website"},"primaryImageOfPage":{"@id":"https:\/\/sumkcaps.com\/product\/sufox-231166-custom-six-panel-embroidery-vintage-wash-baseball-cap\/#primaryimage"},"image":{"@id":"https:\/\/sumkcaps.com\/product\/sufox-231166-custom-six-panel-embroidery-vintage-wash-baseball-cap\/#primaryimage"},"thumbnailUrl":"https:\/\/sumkcaps.com\/wp-content\/uploads\/2022\/11\/6_panel_embroidery_Vintage_Wash_baseball_cap-1.jpg","datePublished":"2022-11-03T01:18:24+00:00","dateModified":"2025-11-04T07:44:19+00:00","description":"Nous nous consacrons \u00e0 la fabrication de casquettes, de bonnets et de chapeaux \u00e0 godets personnalis\u00e9s de qualit\u00e9 sup\u00e9rieure. Ecussons disponibles. Nombreuses options personnalis\u00e9es. Service d'expert. Livraison rapide.","breadcrumb":{"@id":"https:\/\/sumkcaps.com\/product\/sufox-231166-custom-six-panel-embroidery-vintage-wash-baseball-cap\/#breadcrumb"},"inLanguage":"fr-FR","potentialAction":[{"@type":"ReadAction","target":["https:\/\/sumkcaps.com\/product\/sufox-231166-custom-six-panel-embroidery-vintage-wash-baseball-cap\/"]}]},{"@type":"ImageObject","inLanguage":"fr-FR","@id":"https:\/\/sumkcaps.com\/product\/sufox-231166-custom-six-panel-embroidery-vintage-wash-baseball-cap\/#primaryimage","url":"https:\/\/sumkcaps.com\/wp-content\/uploads\/2022\/11\/6_panel_embroidery_Vintage_Wash_baseball_cap-1.jpg","contentUrl":"https:\/\/sumkcaps.com\/wp-content\/uploads\/2022\/11\/6_panel_embroidery_Vintage_Wash_baseball_cap-1.jpg","width":1000,"height":1000},{"@type":"BreadcrumbList","@id":"https:\/\/sumkcaps.com\/product\/sufox-231166-custom-six-panel-embroidery-vintage-wash-baseball-cap\/#breadcrumb","itemListElement":[{"@type":"ListItem","position":1,"name":"Home","item":"https:\/\/sumkcaps.com\/"},{"@type":"ListItem","position":2,"name":"Products","item":"https:\/\/sumkcaps.com\/product\/"},{"@type":"ListItem","position":3,"name":"Sumkcaps 231166 Custom Six Panel Embroidery Vintage Wash Baseball Cap"}]},{"@type":"WebSite","@id":"https:\/\/sumkcaps.com\/#website","url":"https:\/\/sumkcaps.com\/","name":"Sumkcaps - Fabricant et fournisseur chinois de couvre-chefs originaux","description":"Nous sommes une entreprise chinoise de fabrication de casquettes et de chapeaux, dont l'activit\u00e9 principale consiste \u00e0 personnaliser les casquettes et les chapeaux en fonction du LOGO du client. Tous les styles de casquettes, toutes les couleurs de casquettes, toutes les quantit\u00e9s, tous les mat\u00e9riaux et toutes les quantit\u00e9s ne posent aucun probl\u00e8me. En d'autres termes, tous les petits d\u00e9tails peuvent \u00eatre personnalis\u00e9s selon votre demande.","publisher":{"@id":"https:\/\/sumkcaps.com\/#organization"},"potentialAction":[{"@type":"SearchAction","target":{"@type":"EntryPoint","urlTemplate":"https:\/\/sumkcaps.com\/?s={search_term_string}"},"query-input":{"@type":"PropertyValueSpecification","valueRequired":true,"valueName":"search_term_string"}}],"inLanguage":"fr-FR"},{"@type":"Organization","@id":"https:\/\/sumkcaps.com\/#organization","name":"Sumkcaps - Fabricant et fournisseur chinois de couvre-chefs originaux","url":"https:\/\/sumkcaps.com\/","logo":{"@type":"ImageObject","inLanguage":"fr-FR","@id":"https:\/\/sumkcaps.com\/#\/schema\/logo\/image\/","url":"https:\/\/sumkcaps.com\/wp-content\/uploads\/2025\/12\/1234.jpg","contentUrl":"https:\/\/sumkcaps.com\/wp-content\/uploads\/2025\/12\/1234.jpg","width":800,"height":800,"caption":"Sumkcaps-China Original Headwear Manufacturer and Suppliers"},"image":{"@id":"https:\/\/sumkcaps.com\/#\/schema\/logo\/image\/"},"sameAs":["https:\/\/www.facebook.com\/sumkcap","https:\/\/www.instagram.com\/sumkcaps7\/","https:\/\/www.pinterest.com\/sumkcapschina\/"]}]}},"taxonomy_info":{"product_cat":[{"value":38,"label":"Baseball Cap"}]},"featured_image_src_large":["https:\/\/sumkcaps.com\/wp-content\/uploads\/2022\/11\/6_panel_embroidery_Vintage_Wash_baseball_cap-1.jpg",800,800,false],"author_info":[],"comment_info":"","_links":{"self":[{"href":"https:\/\/sumkcaps.com\/fr\/wp-json\/wp\/v2\/product\/18380","targetHints":{"allow":["GET"]}}],"collection":[{"href":"https:\/\/sumkcaps.com\/fr\/wp-json\/wp\/v2\/product"}],"about":[{"href":"https:\/\/sumkcaps.com\/fr\/wp-json\/wp\/v2\/types\/product"}],"wp:featuredmedia":[{"embeddable":true,"href":"https:\/\/sumkcaps.com\/fr\/wp-json\/wp\/v2\/media\/18381"}],"wp:attachment":[{"href":"https:\/\/sumkcaps.com\/fr\/wp-json\/wp\/v2\/media?parent=18380"}],"wp:term":[{"taxonomy":"product_brand","embeddable":true,"href":"https:\/\/sumkcaps.com\/fr\/wp-json\/wp\/v2\/product_brand?post=18380"},{"taxonomy":"product_cat","embeddable":true,"href":"https:\/\/sumkcaps.com\/fr\/wp-json\/wp\/v2\/product_cat?post=18380"},{"taxonomy":"product_tag","embeddable":true,"href":"https:\/\/sumkcaps.com\/fr\/wp-json\/wp\/v2\/product_tag?post=18380"}],"curies":[{"name":"wp","href":"https:\/\/api.w.org\/{rel}","templated":true}]}}