{"id":18202,"date":"2022-10-27T14:43:30","date_gmt":"2022-10-27T06:43:30","guid":{"rendered":"https:\/\/sumkcaps.com\/?post_type=product&#038;p=18202"},"modified":"2026-02-06T11:45:02","modified_gmt":"2026-02-06T03:45:02","slug":"sufox-231144-custom-six-panel-embroidery-snapback-cap","status":"publish","type":"product","link":"https:\/\/sumkcaps.com\/fr\/produit\/sufox-231144-custom-six-panel-embroidery-snapback-cap\/","title":{"rendered":"Sumkcaps 231144 Custom Six Panel Embroidery Snapback Cap"},"content":{"rendered":"<h3 data-start=\"202\" data-end=\"222\"><strong data-start=\"206\" data-end=\"220\">D\u00e9coration<\/strong><\/h3>\n<p data-start=\"223\" data-end=\"482\">Cette casquette pr\u00e9sente une broderie personnalis\u00e9e de haute qualit\u00e9 avec des coutures nettes et d\u00e9taill\u00e9es qui offrent une finition raffin\u00e9e et durable. Les logos et les motifs peuvent \u00eatre enti\u00e8rement personnalis\u00e9s pour refl\u00e9ter l'identit\u00e9 de la marque tout en conservant un impact visuel durable en cas de port r\u00e9p\u00e9t\u00e9.<\/p>\n<h3 data-start=\"489\" data-end=\"507\"><strong data-start=\"493\" data-end=\"505\">Mat\u00e9riau<\/strong><\/h3>\n<p data-start=\"508\" data-end=\"754\">Fabriqu\u00e9e en chanvre naturel, cette casquette offre une excellente respirabilit\u00e9, une grande durabilit\u00e9 et des avantages \u00e9cologiques. Le mat\u00e9riau pr\u00e9sente une texture distinctive et une structure solide, ce qui le rend id\u00e9al pour une mode durable et une utilisation quotidienne \u00e0 long terme.<\/p>\n<h3 data-start=\"761\" data-end=\"776\"><strong data-start=\"765\" data-end=\"774\">Couleur<\/strong><\/h3>\n<p data-start=\"777\" data-end=\"995\">Disponible dans des couleurs enti\u00e8rement personnalis\u00e9es, le vert \u00e9tant une option vedette. Les tons de couleur peuvent \u00eatre ajust\u00e9s en fonction des directives de la marque, ce qui garantit une apparence coh\u00e9rente et un fort attrait visuel dans les diff\u00e9rents lots de production.<\/p>\n<h3 data-start=\"1002\" data-end=\"1022\"><strong data-start=\"1006\" data-end=\"1020\">Taille<\/strong><\/h3>\n<p data-start=\"1023\" data-end=\"1225\">Con\u00e7ue avec une coupe OSFM (7 - 7 3\/4), cette casquette snapback s'adapte confortablement \u00e0 la plupart des tailles de t\u00eate. La fermeture r\u00e9glable assure un ajustement s\u00fbr tout en permettant une certaine flexibilit\u00e9 pour les diff\u00e9rentes pr\u00e9f\u00e9rences de port.<\/p>\n<h3 data-start=\"1232\" data-end=\"1247\"><strong data-start=\"1236\" data-end=\"1245\">Visi\u00e8re<\/strong><\/h3>\n<p data-start=\"1248\" data-end=\"1461\">\u00c9quip\u00e9 d'une visi\u00e8re plate qui cr\u00e9e une silhouette moderne et structur\u00e9e. La visi\u00e8re plate am\u00e9liore la protection solaire et ajoute un style audacieux, inspir\u00e9 du streetwear, qui convient \u00e0 la mode, au style de vie et \u00e0 l'utilisation promotionnelle.<\/p>\n<h3 data-start=\"1468\" data-end=\"1485\"><strong data-start=\"1472\" data-end=\"1483\">Service<\/strong><\/h3>\n<p data-start=\"1486\" data-end=\"1707\">Elle propose des services OEM et ODM, offrant des solutions de personnalisation de bout en bout. De la s\u00e9lection des mat\u00e9riaux au d\u00e9veloppement de la conception et \u00e0 la production en s\u00e9rie, le service est adapt\u00e9 pour r\u00e9pondre aux diverses exigences des marques et des grossistes.<\/p>\n<h3 data-start=\"1714\" data-end=\"1739\"><strong data-start=\"1718\" data-end=\"1737\">D\u00e9lai d'ex\u00e9cution<\/strong><\/h3>\n<p data-start=\"1740\" data-end=\"1932\">La production d'\u00e9chantillons est r\u00e9alis\u00e9e dans un d\u00e9lai de 7 \u00e0 9 jours ouvrables. La production en s\u00e9rie prend g\u00e9n\u00e9ralement 18 \u00e0 22 jours ouvrables, ce qui garantit des d\u00e9lais fiables et une livraison efficace pour les commandes personnalis\u00e9es et les commandes en gros.<\/p>","protected":false},"excerpt":{"rendered":"<p>Sumkcaps 231144 Custom Six Panel Embroidery Snapback Cap est l'un des styles de casquettes les plus populaires, l\u00e9ger et respirant. Nos Snapbacks sont disponibles dans une vari\u00e9t\u00e9 de styles et de couleurs de toutes les grandes marques.<\/p>","protected":false},"featured_media":18203,"template":"","meta":{"_acf_changed":false,"_kad_blocks_custom_css":"","_kad_blocks_head_custom_js":"","_kad_blocks_body_custom_js":"","_kad_blocks_footer_custom_js":""},"product_brand":[],"product_cat":[42],"product_tag":[],"class_list":{"0":"post-18202","1":"product","2":"type-product","3":"status-publish","4":"has-post-thumbnail","6":"product_cat-snapback-cap","8":"first","9":"outofstock","10":"shipping-taxable","11":"product-type-simple"},"acf":[],"yoast_head":"<!-- This site is optimized with the Yoast SEO Premium plugin v20.8 (Yoast SEO v25.9) - https:\/\/yoast.com\/wordpress\/plugins\/seo\/ -->\n<title>Custom Six Panel Embroidery Snapback Cap | China Manufactuer<\/title>\n<meta name=\"description\" content=\"More Than 10 Years Of Experience In The Headwear Industry. Cap Manufacturers.100% Satisfaction Guarantee. Add Your Logo or Custom Design Online.\" \/>\n<meta name=\"robots\" content=\"index, follow, max-snippet:-1, max-image-preview:large, max-video-preview:-1\" \/>\n<link rel=\"canonical\" href=\"https:\/\/sumkcaps.com\/fr\/produit\/sufox-231144-custom-six-panel-embroidery-snapback-cap\/\" \/>\n<meta property=\"og:locale\" content=\"fr_FR\" \/>\n<meta property=\"og:type\" content=\"article\" \/>\n<meta property=\"og:title\" content=\"Sumkcaps 231144 Custom Six Panel Embroidery Snapback Cap - Sumkcaps\" \/>\n<meta property=\"og:description\" content=\"More Than 10 Years Of Experience In The Headwear Industry. Cap Manufacturers.100% Satisfaction Guarantee. Add Your Logo or Custom Design Online.\" \/>\n<meta property=\"og:url\" content=\"https:\/\/sumkcaps.com\/fr\/produit\/sufox-231144-custom-six-panel-embroidery-snapback-cap\/\" \/>\n<meta property=\"og:site_name\" content=\"Sumkcaps-China Original Headwear Manufacturer and Suppliers\" \/>\n<meta property=\"article:publisher\" content=\"https:\/\/www.facebook.com\/sumkcap\" \/>\n<meta property=\"article:modified_time\" content=\"2026-02-06T03:45:02+00:00\" \/>\n<meta property=\"og:image\" content=\"https:\/\/sumkcaps.com\/wp-content\/uploads\/2022\/10\/6_panel_3d_embroidery_snapback_cap-1-7.jpg\" \/>\n\t<meta property=\"og:image:width\" content=\"750\" \/>\n\t<meta property=\"og:image:height\" content=\"750\" \/>\n\t<meta property=\"og:image:type\" content=\"image\/jpeg\" \/>\n<meta name=\"twitter:card\" content=\"summary_large_image\" \/>\n<meta name=\"twitter:label1\" content=\"Dur\u00e9e de lecture estim\u00e9e\" \/>\n\t<meta name=\"twitter:data1\" content=\"2 minutes\" \/>\n<script type=\"application\/ld+json\" class=\"yoast-schema-graph\">{\"@context\":\"https:\/\/schema.org\",\"@graph\":[{\"@type\":\"WebPage\",\"@id\":\"https:\/\/sumkcaps.com\/product\/sufox-231144-custom-six-panel-embroidery-snapback-cap\/\",\"url\":\"https:\/\/sumkcaps.com\/product\/sufox-231144-custom-six-panel-embroidery-snapback-cap\/\",\"name\":\"Custom Six Panel Embroidery Snapback Cap | China Manufactuer\",\"isPartOf\":{\"@id\":\"https:\/\/sumkcaps.com\/#website\"},\"primaryImageOfPage\":{\"@id\":\"https:\/\/sumkcaps.com\/product\/sufox-231144-custom-six-panel-embroidery-snapback-cap\/#primaryimage\"},\"image\":{\"@id\":\"https:\/\/sumkcaps.com\/product\/sufox-231144-custom-six-panel-embroidery-snapback-cap\/#primaryimage\"},\"thumbnailUrl\":\"https:\/\/sumkcaps.com\/wp-content\/uploads\/2022\/10\/6_panel_3d_embroidery_snapback_cap-1-7.jpg\",\"datePublished\":\"2022-10-27T06:43:30+00:00\",\"dateModified\":\"2026-02-06T03:45:02+00:00\",\"description\":\"More Than 10 Years Of Experience In The Headwear Industry. Cap Manufacturers.100% Satisfaction Guarantee. Add Your Logo or Custom Design Online.\",\"breadcrumb\":{\"@id\":\"https:\/\/sumkcaps.com\/product\/sufox-231144-custom-six-panel-embroidery-snapback-cap\/#breadcrumb\"},\"inLanguage\":\"fr-FR\",\"potentialAction\":[{\"@type\":\"ReadAction\",\"target\":[\"https:\/\/sumkcaps.com\/product\/sufox-231144-custom-six-panel-embroidery-snapback-cap\/\"]}]},{\"@type\":\"ImageObject\",\"inLanguage\":\"fr-FR\",\"@id\":\"https:\/\/sumkcaps.com\/product\/sufox-231144-custom-six-panel-embroidery-snapback-cap\/#primaryimage\",\"url\":\"https:\/\/sumkcaps.com\/wp-content\/uploads\/2022\/10\/6_panel_3d_embroidery_snapback_cap-1-7.jpg\",\"contentUrl\":\"https:\/\/sumkcaps.com\/wp-content\/uploads\/2022\/10\/6_panel_3d_embroidery_snapback_cap-1-7.jpg\",\"width\":750,\"height\":750},{\"@type\":\"BreadcrumbList\",\"@id\":\"https:\/\/sumkcaps.com\/product\/sufox-231144-custom-six-panel-embroidery-snapback-cap\/#breadcrumb\",\"itemListElement\":[{\"@type\":\"ListItem\",\"position\":1,\"name\":\"Home\",\"item\":\"https:\/\/sumkcaps.com\/\"},{\"@type\":\"ListItem\",\"position\":2,\"name\":\"Products\",\"item\":\"https:\/\/sumkcaps.com\/product\/\"},{\"@type\":\"ListItem\",\"position\":3,\"name\":\"Sumkcaps 231144 Custom Six Panel Embroidery Snapback Cap\"}]},{\"@type\":\"WebSite\",\"@id\":\"https:\/\/sumkcaps.com\/#website\",\"url\":\"https:\/\/sumkcaps.com\/\",\"name\":\"Sumkcaps-China Original Headwear Manufacturer and Suppliers\",\"description\":\"We are China Cap And Hat Original Factory, whose main business is to custom cap and hat as client&#039;s LOGO. Any cap style, any cap color, any qty, any material and qty is no problem. In one words, any small details can be customized as your request.\",\"publisher\":{\"@id\":\"https:\/\/sumkcaps.com\/#organization\"},\"potentialAction\":[{\"@type\":\"SearchAction\",\"target\":{\"@type\":\"EntryPoint\",\"urlTemplate\":\"https:\/\/sumkcaps.com\/?s={search_term_string}\"},\"query-input\":{\"@type\":\"PropertyValueSpecification\",\"valueRequired\":true,\"valueName\":\"search_term_string\"}}],\"inLanguage\":\"fr-FR\"},{\"@type\":\"Organization\",\"@id\":\"https:\/\/sumkcaps.com\/#organization\",\"name\":\"Sumkcaps-China Original Headwear Manufacturer and Suppliers\",\"url\":\"https:\/\/sumkcaps.com\/\",\"logo\":{\"@type\":\"ImageObject\",\"inLanguage\":\"fr-FR\",\"@id\":\"https:\/\/sumkcaps.com\/#\/schema\/logo\/image\/\",\"url\":\"https:\/\/sumkcaps.com\/wp-content\/uploads\/2025\/12\/1234.jpg\",\"contentUrl\":\"https:\/\/sumkcaps.com\/wp-content\/uploads\/2025\/12\/1234.jpg\",\"width\":800,\"height\":800,\"caption\":\"Sumkcaps-China Original Headwear Manufacturer and Suppliers\"},\"image\":{\"@id\":\"https:\/\/sumkcaps.com\/#\/schema\/logo\/image\/\"},\"sameAs\":[\"https:\/\/www.facebook.com\/sumkcap\",\"https:\/\/www.instagram.com\/sumkcaps7\/\",\"https:\/\/www.pinterest.com\/sumkcapschina\/\"]}]}<\/script>\n<!-- \/ Yoast SEO Premium plugin. -->","yoast_head_json":{"title":"Custom Six Panel Embroidery Snapback Cap | China Manufactuer","description":"Plus de 10 ans d'exp\u00e9rience dans l'industrie du couvre-chef. Fabricant de casquettes.100% Garantie de satisfaction. Ajoutez votre logo ou un design personnalis\u00e9 en ligne.","robots":{"index":"index","follow":"follow","max-snippet":"max-snippet:-1","max-image-preview":"max-image-preview:large","max-video-preview":"max-video-preview:-1"},"canonical":"https:\/\/sumkcaps.com\/fr\/produit\/sufox-231144-custom-six-panel-embroidery-snapback-cap\/","og_locale":"fr_FR","og_type":"article","og_title":"Sumkcaps 231144 Custom Six Panel Embroidery Snapback Cap - Sumkcaps","og_description":"More Than 10 Years Of Experience In The Headwear Industry. Cap Manufacturers.100% Satisfaction Guarantee. Add Your Logo or Custom Design Online.","og_url":"https:\/\/sumkcaps.com\/fr\/produit\/sufox-231144-custom-six-panel-embroidery-snapback-cap\/","og_site_name":"Sumkcaps-China Original Headwear Manufacturer and Suppliers","article_publisher":"https:\/\/www.facebook.com\/sumkcap","article_modified_time":"2026-02-06T03:45:02+00:00","og_image":[{"width":750,"height":750,"url":"https:\/\/sumkcaps.com\/wp-content\/uploads\/2022\/10\/6_panel_3d_embroidery_snapback_cap-1-7.jpg","type":"image\/jpeg"}],"twitter_card":"summary_large_image","twitter_misc":{"Dur\u00e9e de lecture estim\u00e9e":"2 minutes"},"schema":{"@context":"https:\/\/schema.org","@graph":[{"@type":"WebPage","@id":"https:\/\/sumkcaps.com\/product\/sufox-231144-custom-six-panel-embroidery-snapback-cap\/","url":"https:\/\/sumkcaps.com\/product\/sufox-231144-custom-six-panel-embroidery-snapback-cap\/","name":"Custom Six Panel Embroidery Snapback Cap | China Manufactuer","isPartOf":{"@id":"https:\/\/sumkcaps.com\/#website"},"primaryImageOfPage":{"@id":"https:\/\/sumkcaps.com\/product\/sufox-231144-custom-six-panel-embroidery-snapback-cap\/#primaryimage"},"image":{"@id":"https:\/\/sumkcaps.com\/product\/sufox-231144-custom-six-panel-embroidery-snapback-cap\/#primaryimage"},"thumbnailUrl":"https:\/\/sumkcaps.com\/wp-content\/uploads\/2022\/10\/6_panel_3d_embroidery_snapback_cap-1-7.jpg","datePublished":"2022-10-27T06:43:30+00:00","dateModified":"2026-02-06T03:45:02+00:00","description":"Plus de 10 ans d'exp\u00e9rience dans l'industrie du couvre-chef. Fabricant de casquettes.100% Garantie de satisfaction. Ajoutez votre logo ou un design personnalis\u00e9 en ligne.","breadcrumb":{"@id":"https:\/\/sumkcaps.com\/product\/sufox-231144-custom-six-panel-embroidery-snapback-cap\/#breadcrumb"},"inLanguage":"fr-FR","potentialAction":[{"@type":"ReadAction","target":["https:\/\/sumkcaps.com\/product\/sufox-231144-custom-six-panel-embroidery-snapback-cap\/"]}]},{"@type":"ImageObject","inLanguage":"fr-FR","@id":"https:\/\/sumkcaps.com\/product\/sufox-231144-custom-six-panel-embroidery-snapback-cap\/#primaryimage","url":"https:\/\/sumkcaps.com\/wp-content\/uploads\/2022\/10\/6_panel_3d_embroidery_snapback_cap-1-7.jpg","contentUrl":"https:\/\/sumkcaps.com\/wp-content\/uploads\/2022\/10\/6_panel_3d_embroidery_snapback_cap-1-7.jpg","width":750,"height":750},{"@type":"BreadcrumbList","@id":"https:\/\/sumkcaps.com\/product\/sufox-231144-custom-six-panel-embroidery-snapback-cap\/#breadcrumb","itemListElement":[{"@type":"ListItem","position":1,"name":"Home","item":"https:\/\/sumkcaps.com\/"},{"@type":"ListItem","position":2,"name":"Products","item":"https:\/\/sumkcaps.com\/product\/"},{"@type":"ListItem","position":3,"name":"Sumkcaps 231144 Custom Six Panel Embroidery Snapback Cap"}]},{"@type":"WebSite","@id":"https:\/\/sumkcaps.com\/#website","url":"https:\/\/sumkcaps.com\/","name":"Sumkcaps - Fabricant et fournisseur chinois de couvre-chefs originaux","description":"Nous sommes une entreprise chinoise de fabrication de casquettes et de chapeaux, dont l'activit\u00e9 principale consiste \u00e0 personnaliser les casquettes et les chapeaux en fonction du LOGO du client. Tous les styles de casquettes, toutes les couleurs de casquettes, toutes les quantit\u00e9s, tous les mat\u00e9riaux et toutes les quantit\u00e9s ne posent aucun probl\u00e8me. En d'autres termes, tous les petits d\u00e9tails peuvent \u00eatre personnalis\u00e9s selon votre demande.","publisher":{"@id":"https:\/\/sumkcaps.com\/#organization"},"potentialAction":[{"@type":"SearchAction","target":{"@type":"EntryPoint","urlTemplate":"https:\/\/sumkcaps.com\/?s={search_term_string}"},"query-input":{"@type":"PropertyValueSpecification","valueRequired":true,"valueName":"search_term_string"}}],"inLanguage":"fr-FR"},{"@type":"Organization","@id":"https:\/\/sumkcaps.com\/#organization","name":"Sumkcaps - Fabricant et fournisseur chinois de couvre-chefs originaux","url":"https:\/\/sumkcaps.com\/","logo":{"@type":"ImageObject","inLanguage":"fr-FR","@id":"https:\/\/sumkcaps.com\/#\/schema\/logo\/image\/","url":"https:\/\/sumkcaps.com\/wp-content\/uploads\/2025\/12\/1234.jpg","contentUrl":"https:\/\/sumkcaps.com\/wp-content\/uploads\/2025\/12\/1234.jpg","width":800,"height":800,"caption":"Sumkcaps-China Original Headwear Manufacturer and Suppliers"},"image":{"@id":"https:\/\/sumkcaps.com\/#\/schema\/logo\/image\/"},"sameAs":["https:\/\/www.facebook.com\/sumkcap","https:\/\/www.instagram.com\/sumkcaps7\/","https:\/\/www.pinterest.com\/sumkcapschina\/"]}]}},"taxonomy_info":{"product_cat":[{"value":42,"label":"Snapback Hats Wholesale"}]},"featured_image_src_large":["https:\/\/sumkcaps.com\/wp-content\/uploads\/2022\/10\/6_panel_3d_embroidery_snapback_cap-1-7.jpg",750,750,false],"author_info":[],"comment_info":"","_links":{"self":[{"href":"https:\/\/sumkcaps.com\/fr\/wp-json\/wp\/v2\/product\/18202","targetHints":{"allow":["GET"]}}],"collection":[{"href":"https:\/\/sumkcaps.com\/fr\/wp-json\/wp\/v2\/product"}],"about":[{"href":"https:\/\/sumkcaps.com\/fr\/wp-json\/wp\/v2\/types\/product"}],"wp:featuredmedia":[{"embeddable":true,"href":"https:\/\/sumkcaps.com\/fr\/wp-json\/wp\/v2\/media\/18203"}],"wp:attachment":[{"href":"https:\/\/sumkcaps.com\/fr\/wp-json\/wp\/v2\/media?parent=18202"}],"wp:term":[{"taxonomy":"product_brand","embeddable":true,"href":"https:\/\/sumkcaps.com\/fr\/wp-json\/wp\/v2\/product_brand?post=18202"},{"taxonomy":"product_cat","embeddable":true,"href":"https:\/\/sumkcaps.com\/fr\/wp-json\/wp\/v2\/product_cat?post=18202"},{"taxonomy":"product_tag","embeddable":true,"href":"https:\/\/sumkcaps.com\/fr\/wp-json\/wp\/v2\/product_tag?post=18202"}],"curies":[{"name":"wp","href":"https:\/\/api.w.org\/{rel}","templated":true}]}}