{"id":18117,"date":"2022-10-27T11:33:43","date_gmt":"2022-10-27T03:33:43","guid":{"rendered":"https:\/\/sumkcaps.com\/?post_type=product&#038;p=18117"},"modified":"2026-02-06T11:58:07","modified_gmt":"2026-02-06T03:58:07","slug":"sufox-231134-custom-six-panel-embroidery-acrylic-snapback-cap","status":"publish","type":"product","link":"https:\/\/sumkcaps.com\/fr\/produit\/sufox-231134-custom-six-panel-embroidery-acrylic-snapback-cap\/","title":{"rendered":"Sumkcaps 231134 Custom Six Panel Embroidery Acrylic Snapback Cap"},"content":{"rendered":"<h3 data-start=\"144\" data-end=\"158\">D\u00e9coration<\/h3>\n<p data-start=\"159\" data-end=\"544\">Cette casquette snapback est orn\u00e9e d'une broderie plate personnalis\u00e9e, qui donne un aspect \u00e9l\u00e9gant et raffin\u00e9 avec des coutures nettes et d\u00e9taill\u00e9es. La technique de broderie plate est parfaite pour les logos, les textes ou les graphiques simples, cr\u00e9ant un aspect net et professionnel. Elle ajoute une qualit\u00e9 durable et intemporelle \u00e0 la conception, ce qui la rend id\u00e9ale pour les marques d'entreprise, les v\u00eatements d'\u00e9quipe ou la personnalisation de la mode d\u00e9contract\u00e9e.<\/p>\n<h3 data-start=\"546\" data-end=\"558\">Mat\u00e9riau<\/h3>\n<p data-start=\"559\" data-end=\"957\">Fabriqu\u00e9e en acrylique 100%, cette casquette allie durabilit\u00e9 et l\u00e9g\u00e8ret\u00e9, garantissant un confort tout au long de la journ\u00e9e. Le tissu acrylique conserve des couleurs \u00e9clatantes et r\u00e9siste \u00e0 la d\u00e9coloration, de sorte que vos motifs personnalis\u00e9s restent vifs et clairs, m\u00eame apr\u00e8s de longues p\u00e9riodes d'utilisation. Il est respirant et \u00e9vacue l'humidit\u00e9, ce qui vous permet de rester au frais et \u00e0 l'aise quel que soit l'environnement, ce qui en fait une excellente option pour tous les types de v\u00eatements.<\/p>\n<h3 data-start=\"959\" data-end=\"968\">Couleur<\/h3>\n<p data-start=\"969\" data-end=\"1335\">La casquette est disponible en bleu, une couleur polyvalente et universellement populaire qui convient \u00e0 un large \u00e9ventail de styles et d'occasions. Le bleu est connu pour son aspect apaisant et professionnel, ce qui le rend id\u00e9al pour les environnements d\u00e9contract\u00e9s comme pour les entreprises. En outre, la couleur peut \u00eatre personnalis\u00e9e en fonction de vos pr\u00e9f\u00e9rences sp\u00e9cifiques ou des besoins de votre marque, ce qui vous offre une grande souplesse dans le choix du design.<\/p>\n<h3 data-start=\"1337\" data-end=\"1351\">Taille<\/h3>\n<p data-start=\"1352\" data-end=\"1733\">Con\u00e7ue avec un ajustement OSFM (One Size Fits Most), cette casquette s'adapte confortablement \u00e0 des tours de t\u00eate allant de 7 \u00e0 7 3\/4. La fermeture r\u00e9glable de la casquette assure un ajustement s\u00fbr qui peut \u00eatre personnalis\u00e9 en fonction du confort de chacun, offrant ainsi une certaine flexibilit\u00e9 sans compromettre le style. Cette casquette convient donc \u00e0 une grande vari\u00e9t\u00e9 d'utilisateurs, qu'il s'agisse de cadeaux \u00e9v\u00e9nementiels ou de v\u00eatements de tous les jours.<\/p>\n<h3 data-start=\"1735\" data-end=\"1744\">Visi\u00e8re<\/h3>\n<p data-start=\"1745\" data-end=\"2118\">Le mod\u00e8le \u00e0 bord plat offre un look moderne et structur\u00e9, populaire dans la mode streetwear. La visi\u00e8re plate n'ajoute pas seulement du style, elle prot\u00e8ge aussi le visage du soleil. Sa construction robuste maintient la forme de la casquette, ce qui lui conf\u00e8re un aspect propre et net lors d'une utilisation quotidienne. Cette conception garantit que la casquette reste fid\u00e8le \u00e0 sa forme, offrant \u00e0 la fois style et fonctionnalit\u00e9.<\/p>\n<h3 data-start=\"2120\" data-end=\"2131\">Service<\/h3>\n<p data-start=\"2132\" data-end=\"2535\">Cette casquette est disponible avec les services OEM et ODM, offrant une personnalisation compl\u00e8te pour r\u00e9pondre \u00e0 vos exigences sp\u00e9cifiques en mati\u00e8re de marque ou de design. Qu'il s'agisse de logos uniques, d'ajustements de couleurs ou de finitions de tissus diff\u00e9rentes, cette flexibilit\u00e9 garantit que la casquette s'aligne parfaitement sur vos besoins. Le service personnalis\u00e9 en fait un excellent choix pour les articles promotionnels, les uniformes d'\u00e9quipe ou les marchandises de marque.<\/p>\n<h3 data-start=\"2537\" data-end=\"2556\">D\u00e9lai d'ex\u00e9cution<\/h3>\n<p data-start=\"2557\" data-end=\"2885\">La cr\u00e9ation d'un \u00e9chantillon prend de 7 \u00e0 9 jours ouvrables, ce qui vous permet d'approuver la conception avant de proc\u00e9der \u00e0 la production en s\u00e9rie. Une fois approuv\u00e9, le d\u00e9lai de production est d'environ 18 \u00e0 22 jours ouvrables, ce qui garantit que vos casquettes personnalis\u00e9es seront livr\u00e9es \u00e0 temps, que ce soit pour des \u00e9v\u00e9nements promotionnels, des lancements de magasins ou d'autres occasions.<\/p>","protected":false},"excerpt":{"rendered":"<p>Sumkcaps 231134 Custom Six Panel Embroidery Acrylic Snapback Cap est l'un des styles de casquettes les plus populaires, l\u00e9ger et respirant. Nos Snapbacks sont disponibles dans une vari\u00e9t\u00e9 de styles et de couleurs de toutes les grandes marques.<\/p>","protected":false},"featured_media":18118,"template":"","meta":{"_acf_changed":false,"_kad_blocks_custom_css":"","_kad_blocks_head_custom_js":"","_kad_blocks_body_custom_js":"","_kad_blocks_footer_custom_js":""},"product_brand":[],"product_cat":[42],"product_tag":[],"class_list":{"0":"post-18117","1":"product","2":"type-product","3":"status-publish","4":"has-post-thumbnail","6":"product_cat-snapback-cap","8":"first","9":"outofstock","10":"shipping-taxable","11":"product-type-simple"},"acf":[],"yoast_head":"<!-- This site is optimized with the Yoast SEO Premium plugin v20.8 (Yoast SEO v25.9) - https:\/\/yoast.com\/wordpress\/plugins\/seo\/ -->\n<title>Custom Embroidery Acrylic Snapback Cap | China Manufactuer<\/title>\n<meta name=\"description\" content=\"Custom Cap, Logo Cap, Brand Caps, Custom Made Snapback Caps, Custom Snapback Baseball Hats. Premium Cap Manufacturer since 2006. Bulk Discount.\" \/>\n<meta name=\"robots\" content=\"index, follow, max-snippet:-1, max-image-preview:large, max-video-preview:-1\" \/>\n<link rel=\"canonical\" href=\"https:\/\/sumkcaps.com\/fr\/produit\/sufox-231134-custom-six-panel-embroidery-acrylic-snapback-cap\/\" \/>\n<meta property=\"og:locale\" content=\"fr_FR\" \/>\n<meta property=\"og:type\" content=\"article\" \/>\n<meta property=\"og:title\" content=\"Sumkcaps 231134 Custom Six Panel Embroidery Acrylic Snapback Cap - Sumkcaps\" \/>\n<meta property=\"og:description\" content=\"Custom Cap, Logo Cap, Brand Caps, Custom Made Snapback Caps, Custom Snapback Baseball Hats. Premium Cap Manufacturer since 2006. Bulk Discount.\" \/>\n<meta property=\"og:url\" content=\"https:\/\/sumkcaps.com\/fr\/produit\/sufox-231134-custom-six-panel-embroidery-acrylic-snapback-cap\/\" \/>\n<meta property=\"og:site_name\" content=\"Sumkcaps-China Original Headwear Manufacturer and Suppliers\" \/>\n<meta property=\"article:publisher\" content=\"https:\/\/www.facebook.com\/sumkcap\" \/>\n<meta property=\"article:modified_time\" content=\"2026-02-06T03:58:07+00:00\" \/>\n<meta property=\"og:image\" content=\"https:\/\/sumkcaps.com\/wp-content\/uploads\/2022\/10\/6_panel_embroidery_acrylic_snapback_cap-1.jpg\" \/>\n\t<meta property=\"og:image:width\" content=\"750\" \/>\n\t<meta property=\"og:image:height\" content=\"750\" \/>\n\t<meta property=\"og:image:type\" content=\"image\/jpeg\" \/>\n<meta name=\"twitter:card\" content=\"summary_large_image\" \/>\n<meta name=\"twitter:label1\" content=\"Dur\u00e9e de lecture estim\u00e9e\" \/>\n\t<meta name=\"twitter:data1\" content=\"2 minutes\" \/>\n<script type=\"application\/ld+json\" class=\"yoast-schema-graph\">{\"@context\":\"https:\/\/schema.org\",\"@graph\":[{\"@type\":\"WebPage\",\"@id\":\"https:\/\/sumkcaps.com\/product\/sufox-231134-custom-six-panel-embroidery-acrylic-snapback-cap\/\",\"url\":\"https:\/\/sumkcaps.com\/product\/sufox-231134-custom-six-panel-embroidery-acrylic-snapback-cap\/\",\"name\":\"Custom Embroidery Acrylic Snapback Cap | China Manufactuer\",\"isPartOf\":{\"@id\":\"https:\/\/sumkcaps.com\/#website\"},\"primaryImageOfPage\":{\"@id\":\"https:\/\/sumkcaps.com\/product\/sufox-231134-custom-six-panel-embroidery-acrylic-snapback-cap\/#primaryimage\"},\"image\":{\"@id\":\"https:\/\/sumkcaps.com\/product\/sufox-231134-custom-six-panel-embroidery-acrylic-snapback-cap\/#primaryimage\"},\"thumbnailUrl\":\"https:\/\/sumkcaps.com\/wp-content\/uploads\/2022\/10\/6_panel_embroidery_acrylic_snapback_cap-1.jpg\",\"datePublished\":\"2022-10-27T03:33:43+00:00\",\"dateModified\":\"2026-02-06T03:58:07+00:00\",\"description\":\"Custom Cap, Logo Cap, Brand Caps, Custom Made Snapback Caps, Custom Snapback Baseball Hats. Premium Cap Manufacturer since 2006. Bulk Discount.\",\"breadcrumb\":{\"@id\":\"https:\/\/sumkcaps.com\/product\/sufox-231134-custom-six-panel-embroidery-acrylic-snapback-cap\/#breadcrumb\"},\"inLanguage\":\"fr-FR\",\"potentialAction\":[{\"@type\":\"ReadAction\",\"target\":[\"https:\/\/sumkcaps.com\/product\/sufox-231134-custom-six-panel-embroidery-acrylic-snapback-cap\/\"]}]},{\"@type\":\"ImageObject\",\"inLanguage\":\"fr-FR\",\"@id\":\"https:\/\/sumkcaps.com\/product\/sufox-231134-custom-six-panel-embroidery-acrylic-snapback-cap\/#primaryimage\",\"url\":\"https:\/\/sumkcaps.com\/wp-content\/uploads\/2022\/10\/6_panel_embroidery_acrylic_snapback_cap-1.jpg\",\"contentUrl\":\"https:\/\/sumkcaps.com\/wp-content\/uploads\/2022\/10\/6_panel_embroidery_acrylic_snapback_cap-1.jpg\",\"width\":750,\"height\":750},{\"@type\":\"BreadcrumbList\",\"@id\":\"https:\/\/sumkcaps.com\/product\/sufox-231134-custom-six-panel-embroidery-acrylic-snapback-cap\/#breadcrumb\",\"itemListElement\":[{\"@type\":\"ListItem\",\"position\":1,\"name\":\"Home\",\"item\":\"https:\/\/sumkcaps.com\/\"},{\"@type\":\"ListItem\",\"position\":2,\"name\":\"Products\",\"item\":\"https:\/\/sumkcaps.com\/product\/\"},{\"@type\":\"ListItem\",\"position\":3,\"name\":\"Sumkcaps 231134 Custom Six Panel Embroidery Acrylic Snapback Cap\"}]},{\"@type\":\"WebSite\",\"@id\":\"https:\/\/sumkcaps.com\/#website\",\"url\":\"https:\/\/sumkcaps.com\/\",\"name\":\"Sumkcaps-China Original Headwear Manufacturer and Suppliers\",\"description\":\"We are China Cap And Hat Original Factory, whose main business is to custom cap and hat as client&#039;s LOGO. Any cap style, any cap color, any qty, any material and qty is no problem. In one words, any small details can be customized as your request.\",\"publisher\":{\"@id\":\"https:\/\/sumkcaps.com\/#organization\"},\"potentialAction\":[{\"@type\":\"SearchAction\",\"target\":{\"@type\":\"EntryPoint\",\"urlTemplate\":\"https:\/\/sumkcaps.com\/?s={search_term_string}\"},\"query-input\":{\"@type\":\"PropertyValueSpecification\",\"valueRequired\":true,\"valueName\":\"search_term_string\"}}],\"inLanguage\":\"fr-FR\"},{\"@type\":\"Organization\",\"@id\":\"https:\/\/sumkcaps.com\/#organization\",\"name\":\"Sumkcaps-China Original Headwear Manufacturer and Suppliers\",\"url\":\"https:\/\/sumkcaps.com\/\",\"logo\":{\"@type\":\"ImageObject\",\"inLanguage\":\"fr-FR\",\"@id\":\"https:\/\/sumkcaps.com\/#\/schema\/logo\/image\/\",\"url\":\"https:\/\/sumkcaps.com\/wp-content\/uploads\/2025\/12\/1234.jpg\",\"contentUrl\":\"https:\/\/sumkcaps.com\/wp-content\/uploads\/2025\/12\/1234.jpg\",\"width\":800,\"height\":800,\"caption\":\"Sumkcaps-China Original Headwear Manufacturer and Suppliers\"},\"image\":{\"@id\":\"https:\/\/sumkcaps.com\/#\/schema\/logo\/image\/\"},\"sameAs\":[\"https:\/\/www.facebook.com\/sumkcap\",\"https:\/\/www.instagram.com\/sumkcaps7\/\",\"https:\/\/www.pinterest.com\/sumkcapschina\/\"]}]}<\/script>\n<!-- \/ Yoast SEO Premium plugin. -->","yoast_head_json":{"title":"Casquette Acrylique Snapback \u00e0 Broderie Personnalis\u00e9e | Fabricant Chinois","description":"Casquette personnalis\u00e9e, casquette \u00e0 logo, casquette de marque, casquette Snapback personnalis\u00e9e, casquette de baseball Snapback personnalis\u00e9e. Fabricant de casquettes haut de gamme depuis 2006. Remise en vrac.","robots":{"index":"index","follow":"follow","max-snippet":"max-snippet:-1","max-image-preview":"max-image-preview:large","max-video-preview":"max-video-preview:-1"},"canonical":"https:\/\/sumkcaps.com\/fr\/produit\/sufox-231134-custom-six-panel-embroidery-acrylic-snapback-cap\/","og_locale":"fr_FR","og_type":"article","og_title":"Sumkcaps 231134 Custom Six Panel Embroidery Acrylic Snapback Cap - Sumkcaps","og_description":"Custom Cap, Logo Cap, Brand Caps, Custom Made Snapback Caps, Custom Snapback Baseball Hats. Premium Cap Manufacturer since 2006. Bulk Discount.","og_url":"https:\/\/sumkcaps.com\/fr\/produit\/sufox-231134-custom-six-panel-embroidery-acrylic-snapback-cap\/","og_site_name":"Sumkcaps-China Original Headwear Manufacturer and Suppliers","article_publisher":"https:\/\/www.facebook.com\/sumkcap","article_modified_time":"2026-02-06T03:58:07+00:00","og_image":[{"width":750,"height":750,"url":"https:\/\/sumkcaps.com\/wp-content\/uploads\/2022\/10\/6_panel_embroidery_acrylic_snapback_cap-1.jpg","type":"image\/jpeg"}],"twitter_card":"summary_large_image","twitter_misc":{"Dur\u00e9e de lecture estim\u00e9e":"2 minutes"},"schema":{"@context":"https:\/\/schema.org","@graph":[{"@type":"WebPage","@id":"https:\/\/sumkcaps.com\/product\/sufox-231134-custom-six-panel-embroidery-acrylic-snapback-cap\/","url":"https:\/\/sumkcaps.com\/product\/sufox-231134-custom-six-panel-embroidery-acrylic-snapback-cap\/","name":"Casquette Acrylique Snapback \u00e0 Broderie Personnalis\u00e9e | Fabricant Chinois","isPartOf":{"@id":"https:\/\/sumkcaps.com\/#website"},"primaryImageOfPage":{"@id":"https:\/\/sumkcaps.com\/product\/sufox-231134-custom-six-panel-embroidery-acrylic-snapback-cap\/#primaryimage"},"image":{"@id":"https:\/\/sumkcaps.com\/product\/sufox-231134-custom-six-panel-embroidery-acrylic-snapback-cap\/#primaryimage"},"thumbnailUrl":"https:\/\/sumkcaps.com\/wp-content\/uploads\/2022\/10\/6_panel_embroidery_acrylic_snapback_cap-1.jpg","datePublished":"2022-10-27T03:33:43+00:00","dateModified":"2026-02-06T03:58:07+00:00","description":"Casquette personnalis\u00e9e, casquette \u00e0 logo, casquette de marque, casquette Snapback personnalis\u00e9e, casquette de baseball Snapback personnalis\u00e9e. Fabricant de casquettes haut de gamme depuis 2006. Remise en vrac.","breadcrumb":{"@id":"https:\/\/sumkcaps.com\/product\/sufox-231134-custom-six-panel-embroidery-acrylic-snapback-cap\/#breadcrumb"},"inLanguage":"fr-FR","potentialAction":[{"@type":"ReadAction","target":["https:\/\/sumkcaps.com\/product\/sufox-231134-custom-six-panel-embroidery-acrylic-snapback-cap\/"]}]},{"@type":"ImageObject","inLanguage":"fr-FR","@id":"https:\/\/sumkcaps.com\/product\/sufox-231134-custom-six-panel-embroidery-acrylic-snapback-cap\/#primaryimage","url":"https:\/\/sumkcaps.com\/wp-content\/uploads\/2022\/10\/6_panel_embroidery_acrylic_snapback_cap-1.jpg","contentUrl":"https:\/\/sumkcaps.com\/wp-content\/uploads\/2022\/10\/6_panel_embroidery_acrylic_snapback_cap-1.jpg","width":750,"height":750},{"@type":"BreadcrumbList","@id":"https:\/\/sumkcaps.com\/product\/sufox-231134-custom-six-panel-embroidery-acrylic-snapback-cap\/#breadcrumb","itemListElement":[{"@type":"ListItem","position":1,"name":"Home","item":"https:\/\/sumkcaps.com\/"},{"@type":"ListItem","position":2,"name":"Products","item":"https:\/\/sumkcaps.com\/product\/"},{"@type":"ListItem","position":3,"name":"Sumkcaps 231134 Custom Six Panel Embroidery Acrylic Snapback Cap"}]},{"@type":"WebSite","@id":"https:\/\/sumkcaps.com\/#website","url":"https:\/\/sumkcaps.com\/","name":"Sumkcaps - Fabricant et fournisseur chinois de couvre-chefs originaux","description":"Nous sommes une entreprise chinoise de fabrication de casquettes et de chapeaux, dont l'activit\u00e9 principale consiste \u00e0 personnaliser les casquettes et les chapeaux en fonction du LOGO du client. Tous les styles de casquettes, toutes les couleurs de casquettes, toutes les quantit\u00e9s, tous les mat\u00e9riaux et toutes les quantit\u00e9s ne posent aucun probl\u00e8me. En d'autres termes, tous les petits d\u00e9tails peuvent \u00eatre personnalis\u00e9s selon votre demande.","publisher":{"@id":"https:\/\/sumkcaps.com\/#organization"},"potentialAction":[{"@type":"SearchAction","target":{"@type":"EntryPoint","urlTemplate":"https:\/\/sumkcaps.com\/?s={search_term_string}"},"query-input":{"@type":"PropertyValueSpecification","valueRequired":true,"valueName":"search_term_string"}}],"inLanguage":"fr-FR"},{"@type":"Organization","@id":"https:\/\/sumkcaps.com\/#organization","name":"Sumkcaps - Fabricant et fournisseur chinois de couvre-chefs originaux","url":"https:\/\/sumkcaps.com\/","logo":{"@type":"ImageObject","inLanguage":"fr-FR","@id":"https:\/\/sumkcaps.com\/#\/schema\/logo\/image\/","url":"https:\/\/sumkcaps.com\/wp-content\/uploads\/2025\/12\/1234.jpg","contentUrl":"https:\/\/sumkcaps.com\/wp-content\/uploads\/2025\/12\/1234.jpg","width":800,"height":800,"caption":"Sumkcaps-China Original Headwear Manufacturer and Suppliers"},"image":{"@id":"https:\/\/sumkcaps.com\/#\/schema\/logo\/image\/"},"sameAs":["https:\/\/www.facebook.com\/sumkcap","https:\/\/www.instagram.com\/sumkcaps7\/","https:\/\/www.pinterest.com\/sumkcapschina\/"]}]}},"taxonomy_info":{"product_cat":[{"value":42,"label":"Snapback Hats Wholesale"}]},"featured_image_src_large":["https:\/\/sumkcaps.com\/wp-content\/uploads\/2022\/10\/6_panel_embroidery_acrylic_snapback_cap-1.jpg",750,750,false],"author_info":[],"comment_info":"","_links":{"self":[{"href":"https:\/\/sumkcaps.com\/fr\/wp-json\/wp\/v2\/product\/18117","targetHints":{"allow":["GET"]}}],"collection":[{"href":"https:\/\/sumkcaps.com\/fr\/wp-json\/wp\/v2\/product"}],"about":[{"href":"https:\/\/sumkcaps.com\/fr\/wp-json\/wp\/v2\/types\/product"}],"wp:featuredmedia":[{"embeddable":true,"href":"https:\/\/sumkcaps.com\/fr\/wp-json\/wp\/v2\/media\/18118"}],"wp:attachment":[{"href":"https:\/\/sumkcaps.com\/fr\/wp-json\/wp\/v2\/media?parent=18117"}],"wp:term":[{"taxonomy":"product_brand","embeddable":true,"href":"https:\/\/sumkcaps.com\/fr\/wp-json\/wp\/v2\/product_brand?post=18117"},{"taxonomy":"product_cat","embeddable":true,"href":"https:\/\/sumkcaps.com\/fr\/wp-json\/wp\/v2\/product_cat?post=18117"},{"taxonomy":"product_tag","embeddable":true,"href":"https:\/\/sumkcaps.com\/fr\/wp-json\/wp\/v2\/product_tag?post=18117"}],"curies":[{"name":"wp","href":"https:\/\/api.w.org\/{rel}","templated":true}]}}