{"id":18109,"date":"2022-10-27T11:27:14","date_gmt":"2022-10-27T03:27:14","guid":{"rendered":"https:\/\/sumkcaps.com\/?post_type=product&#038;p=18109"},"modified":"2026-02-06T14:33:22","modified_gmt":"2026-02-06T06:33:22","slug":"sufox-231133-custom-six-panel-flat-embroidery-fitted-snapback-cap","status":"publish","type":"product","link":"https:\/\/sumkcaps.com\/fr\/produit\/sufox-231133-custom-six-panel-flat-embroidery-fitted-snapback-cap\/","title":{"rendered":"Sumkcaps 231133 Custom Six Panel Flat Embroidery Fitted Snapback Cap"},"content":{"rendered":"<h3 data-start=\"141\" data-end=\"157\">D\u00e9coration<\/h3>\n<p data-start=\"158\" data-end=\"565\">Cette casquette snapback est dot\u00e9e d'une broderie plate personnalis\u00e9e, offrant un design \u00e9pur\u00e9 qui met en valeur les logos, les textes et les graphiques avec pr\u00e9cision. La technique de broderie \u00e0 plat est parfaite pour cr\u00e9er un aspect professionnel et d\u00e9taill\u00e9, ce qui la rend id\u00e9ale pour les entreprises, les \u00e9quipes sportives ou la mode personnelle. Elle ajoute une touche raffin\u00e9e \u00e0 la casquette, garantissant des motifs durables et visuellement nets qui ne s'effaceront pas facilement.<\/p>\n<h3 data-start=\"567\" data-end=\"581\">Mat\u00e9riau<\/h3>\n<p data-start=\"582\" data-end=\"1004\">Fabriqu\u00e9e \u00e0 partir d'un m\u00e9lange d'acrylique et de laine, cette casquette combine le meilleur des deux mondes. L'acrylique offre une durabilit\u00e9, une r\u00e9tention des couleurs et des propri\u00e9t\u00e9s d'\u00e9vacuation de l'humidit\u00e9, tandis que la laine apporte une texture riche et de la chaleur. Cette combinaison rend la casquette \u00e0 la fois confortable et r\u00e9sistante, parfaite pour \u00eatre port\u00e9e tout au long de l'ann\u00e9e. Le m\u00e9lange de mat\u00e9riaux garantit une sensation de qualit\u00e9 sup\u00e9rieure et une finition structur\u00e9e de haute qualit\u00e9 pour un usage quotidien ou des \u00e9v\u00e9nements sp\u00e9ciaux.<\/p>\n<h3 data-start=\"1006\" data-end=\"1017\">Couleur<\/h3>\n<p data-start=\"1018\" data-end=\"1412\">La couleur du capuchon est enti\u00e8rement personnalisable, ce qui vous donne la libert\u00e9 de choisir la nuance parfaite pour votre design ou votre marque. Que vous recherchiez quelque chose d'audacieux et d'accrocheur ou de plus subtil et professionnel, les options de couleur sont illimit\u00e9es. Cette flexibilit\u00e9 fait de la casquette un choix id\u00e9al pour les articles promotionnels, l'image de marque d'une entreprise ou la cr\u00e9ation d'un look personnalis\u00e9 pour un \u00e9v\u00e9nement ou un groupe.<\/p>\n<h3 data-start=\"1414\" data-end=\"1430\">Taille<\/h3>\n<p data-start=\"1431\" data-end=\"1829\">Con\u00e7u avec un<strong data-start=\"1448\" data-end=\"1477\"> OSFM (Taille unique)<\/strong> Ajustable, cette casquette s'adapte \u00e0 des tours de t\u00eate allant de 7 \u00e0 7 3\/4. La fermeture r\u00e9glable de la casquette \u00e0 bouton-pression assure un ajustement confortable et personnalis\u00e9, pour un confort tout au long de la journ\u00e9e. Sa taille polyvalente convient \u00e0 un large \u00e9ventail de personnes, des porteurs occasionnels aux participants \u00e0 des \u00e9v\u00e9nements, garantissant un ajustement s\u00fbr et confortable pour tous.<\/p>\n<h3 data-start=\"1831\" data-end=\"1842\">Visi\u00e8re<\/h3>\n<p data-start=\"1843\" data-end=\"2218\">Le mod\u00e8le \u00e0 bord plat offre une esth\u00e9tique moderne et nette, largement appr\u00e9ci\u00e9e dans la mode streetwear et d\u00e9contract\u00e9e. Elle offre non seulement une protection contre le soleil, mais aussi un look net et structur\u00e9. La visi\u00e8re plate ajoute \u00e0 la forme g\u00e9n\u00e9rale de la casquette, ce qui lui permet de conserver son profil \u00e9pur\u00e9 tout en offrant un style cool et contemporain qui se d\u00e9marque dans n'importe quel contexte.<\/p>\n<h3 data-start=\"2220\" data-end=\"2233\">Service<\/h3>\n<p data-start=\"2234\" data-end=\"2627\">Cette casquette est disponible avec les services OEM et ODM, offrant des options de personnalisation compl\u00e8tes pour r\u00e9pondre \u00e0 vos besoins uniques. Que vous ayez besoin de logos sp\u00e9cifiques, de dessins ou d'ajustements pour r\u00e9pondre \u00e0 vos besoins en mati\u00e8re de marque, la casquette peut \u00eatre adapt\u00e9e \u00e0 vos sp\u00e9cifications exactes. Cette flexibilit\u00e9 en fait un excellent choix pour les cadeaux d'entreprise, les \u00e9quipes sportives ou les \u00e9v\u00e9nements sp\u00e9ciaux o\u00f9 la personnalisation est essentielle.<\/p>\n<h3 data-start=\"2629\" data-end=\"2650\">D\u00e9lai d'ex\u00e9cution<\/h3>\n<p data-start=\"2651\" data-end=\"3001\">La cr\u00e9ation d'un \u00e9chantillon prend environ 7 \u00e0 9 jours ouvrables, ce qui vous permet d'approuver le design avant le d\u00e9but de la production en s\u00e9rie. Une fois l'\u00e9chantillon approuv\u00e9, le d\u00e9lai de production pour les commandes en gros est de 18 \u00e0 22 jours ouvrables, ce qui vous permet de recevoir vos casquettes personnalis\u00e9es dans les d\u00e9lais pr\u00e9vus, que ce soit pour un \u00e9v\u00e9nement promotionnel ou pour le lancement d'un produit dans le commerce de d\u00e9tail.<\/p>","protected":false},"excerpt":{"rendered":"<p>Sumkcaps 231133 Custom Six Panel Flat Embroidery Fitted Snapback Cap est l'un des styles de casquettes les plus populaires, l\u00e9ger et respirant. Nos Snapbacks sont disponibles dans une vari\u00e9t\u00e9 de styles et de couleurs de toutes les grandes marques.<\/p>","protected":false},"featured_media":18115,"template":"","meta":{"_acf_changed":false,"_kad_blocks_custom_css":"","_kad_blocks_head_custom_js":"","_kad_blocks_body_custom_js":"","_kad_blocks_footer_custom_js":""},"product_brand":[],"product_cat":[42],"product_tag":[],"class_list":{"0":"post-18109","1":"product","2":"type-product","3":"status-publish","4":"has-post-thumbnail","6":"product_cat-snapback-cap","8":"first","9":"outofstock","10":"shipping-taxable","11":"product-type-simple"},"acf":[],"yoast_head":"<!-- This site is optimized with the Yoast SEO Premium plugin v20.8 (Yoast SEO v25.9) - https:\/\/yoast.com\/wordpress\/plugins\/seo\/ -->\n<title>Custom Flat Embroidery Fitted Snapback Cap | China Manufactuer<\/title>\n<meta name=\"description\" content=\"More Than 10 Years Of Experience In The Headwear Industry. Cap Manufacturers.100% Satisfaction Guarantee. Expert Service. Bulk Discount. Quick delivery.\" \/>\n<meta name=\"robots\" content=\"index, follow, max-snippet:-1, max-image-preview:large, max-video-preview:-1\" \/>\n<link rel=\"canonical\" href=\"https:\/\/sumkcaps.com\/fr\/produit\/sufox-231133-custom-six-panel-flat-embroidery-fitted-snapback-cap\/\" \/>\n<meta property=\"og:locale\" content=\"fr_FR\" \/>\n<meta property=\"og:type\" content=\"article\" \/>\n<meta property=\"og:title\" content=\"Sumkcaps 231133 Custom Six Panel Flat Embroidery Fitted Snapback Cap - Sumkcaps\" \/>\n<meta property=\"og:description\" content=\"More Than 10 Years Of Experience In The Headwear Industry. Cap Manufacturers.100% Satisfaction Guarantee. Expert Service. Bulk Discount. Quick delivery.\" \/>\n<meta property=\"og:url\" content=\"https:\/\/sumkcaps.com\/fr\/produit\/sufox-231133-custom-six-panel-flat-embroidery-fitted-snapback-cap\/\" \/>\n<meta property=\"og:site_name\" content=\"Sumkcaps-China Original Headwear Manufacturer and Suppliers\" \/>\n<meta property=\"article:publisher\" content=\"https:\/\/www.facebook.com\/sumkcap\" \/>\n<meta property=\"article:modified_time\" content=\"2026-02-06T06:33:22+00:00\" \/>\n<meta property=\"og:image\" content=\"https:\/\/sumkcaps.com\/wp-content\/uploads\/2022\/10\/6_panel_embroidery_wool_blend_fitted_snapback_cap-6-scaled.jpg\" \/>\n\t<meta property=\"og:image:width\" content=\"2560\" \/>\n\t<meta property=\"og:image:height\" content=\"2560\" \/>\n\t<meta property=\"og:image:type\" content=\"image\/jpeg\" \/>\n<meta name=\"twitter:card\" content=\"summary_large_image\" \/>\n<meta name=\"twitter:label1\" content=\"Dur\u00e9e de lecture estim\u00e9e\" \/>\n\t<meta name=\"twitter:data1\" content=\"3 minutes\" \/>\n<script type=\"application\/ld+json\" class=\"yoast-schema-graph\">{\"@context\":\"https:\/\/schema.org\",\"@graph\":[{\"@type\":\"WebPage\",\"@id\":\"https:\/\/sumkcaps.com\/product\/sufox-231133-custom-six-panel-flat-embroidery-fitted-snapback-cap\/\",\"url\":\"https:\/\/sumkcaps.com\/product\/sufox-231133-custom-six-panel-flat-embroidery-fitted-snapback-cap\/\",\"name\":\"Custom Flat Embroidery Fitted Snapback Cap | China Manufactuer\",\"isPartOf\":{\"@id\":\"https:\/\/sumkcaps.com\/#website\"},\"primaryImageOfPage\":{\"@id\":\"https:\/\/sumkcaps.com\/product\/sufox-231133-custom-six-panel-flat-embroidery-fitted-snapback-cap\/#primaryimage\"},\"image\":{\"@id\":\"https:\/\/sumkcaps.com\/product\/sufox-231133-custom-six-panel-flat-embroidery-fitted-snapback-cap\/#primaryimage\"},\"thumbnailUrl\":\"https:\/\/sumkcaps.com\/wp-content\/uploads\/2022\/10\/6_panel_embroidery_wool_blend_fitted_snapback_cap-6-scaled.jpg\",\"datePublished\":\"2022-10-27T03:27:14+00:00\",\"dateModified\":\"2026-02-06T06:33:22+00:00\",\"description\":\"More Than 10 Years Of Experience In The Headwear Industry. Cap Manufacturers.100% Satisfaction Guarantee. Expert Service. Bulk Discount. Quick delivery.\",\"breadcrumb\":{\"@id\":\"https:\/\/sumkcaps.com\/product\/sufox-231133-custom-six-panel-flat-embroidery-fitted-snapback-cap\/#breadcrumb\"},\"inLanguage\":\"fr-FR\",\"potentialAction\":[{\"@type\":\"ReadAction\",\"target\":[\"https:\/\/sumkcaps.com\/product\/sufox-231133-custom-six-panel-flat-embroidery-fitted-snapback-cap\/\"]}]},{\"@type\":\"ImageObject\",\"inLanguage\":\"fr-FR\",\"@id\":\"https:\/\/sumkcaps.com\/product\/sufox-231133-custom-six-panel-flat-embroidery-fitted-snapback-cap\/#primaryimage\",\"url\":\"https:\/\/sumkcaps.com\/wp-content\/uploads\/2022\/10\/6_panel_embroidery_wool_blend_fitted_snapback_cap-6-scaled.jpg\",\"contentUrl\":\"https:\/\/sumkcaps.com\/wp-content\/uploads\/2022\/10\/6_panel_embroidery_wool_blend_fitted_snapback_cap-6-scaled.jpg\",\"width\":2560,\"height\":2560},{\"@type\":\"BreadcrumbList\",\"@id\":\"https:\/\/sumkcaps.com\/product\/sufox-231133-custom-six-panel-flat-embroidery-fitted-snapback-cap\/#breadcrumb\",\"itemListElement\":[{\"@type\":\"ListItem\",\"position\":1,\"name\":\"Home\",\"item\":\"https:\/\/sumkcaps.com\/\"},{\"@type\":\"ListItem\",\"position\":2,\"name\":\"Products\",\"item\":\"https:\/\/sumkcaps.com\/product\/\"},{\"@type\":\"ListItem\",\"position\":3,\"name\":\"Sumkcaps 231133 Custom Six Panel Flat Embroidery Fitted Snapback Cap\"}]},{\"@type\":\"WebSite\",\"@id\":\"https:\/\/sumkcaps.com\/#website\",\"url\":\"https:\/\/sumkcaps.com\/\",\"name\":\"Sumkcaps-China Original Headwear Manufacturer and Suppliers\",\"description\":\"We are China Cap And Hat Original Factory, whose main business is to custom cap and hat as client&#039;s LOGO. Any cap style, any cap color, any qty, any material and qty is no problem. In one words, any small details can be customized as your request.\",\"publisher\":{\"@id\":\"https:\/\/sumkcaps.com\/#organization\"},\"potentialAction\":[{\"@type\":\"SearchAction\",\"target\":{\"@type\":\"EntryPoint\",\"urlTemplate\":\"https:\/\/sumkcaps.com\/?s={search_term_string}\"},\"query-input\":{\"@type\":\"PropertyValueSpecification\",\"valueRequired\":true,\"valueName\":\"search_term_string\"}}],\"inLanguage\":\"fr-FR\"},{\"@type\":\"Organization\",\"@id\":\"https:\/\/sumkcaps.com\/#organization\",\"name\":\"Sumkcaps-China Original Headwear Manufacturer and Suppliers\",\"url\":\"https:\/\/sumkcaps.com\/\",\"logo\":{\"@type\":\"ImageObject\",\"inLanguage\":\"fr-FR\",\"@id\":\"https:\/\/sumkcaps.com\/#\/schema\/logo\/image\/\",\"url\":\"https:\/\/sumkcaps.com\/wp-content\/uploads\/2025\/12\/1234.jpg\",\"contentUrl\":\"https:\/\/sumkcaps.com\/wp-content\/uploads\/2025\/12\/1234.jpg\",\"width\":800,\"height\":800,\"caption\":\"Sumkcaps-China Original Headwear Manufacturer and Suppliers\"},\"image\":{\"@id\":\"https:\/\/sumkcaps.com\/#\/schema\/logo\/image\/\"},\"sameAs\":[\"https:\/\/www.facebook.com\/sumkcap\",\"https:\/\/www.instagram.com\/sumkcaps7\/\",\"https:\/\/www.pinterest.com\/sumkcapschina\/\"]}]}<\/script>\n<!-- \/ Yoast SEO Premium plugin. -->","yoast_head_json":{"title":"Custom Flat Embroidery Fitted Snapback Cap | China Manufactuer","description":"Plus de 10 ans d'exp\u00e9rience dans l'industrie du couvre-chef. Fabricants de casquettes.100% Garantie de satisfaction. Service d'expert. Remise en vrac. Livraison rapide.","robots":{"index":"index","follow":"follow","max-snippet":"max-snippet:-1","max-image-preview":"max-image-preview:large","max-video-preview":"max-video-preview:-1"},"canonical":"https:\/\/sumkcaps.com\/fr\/produit\/sufox-231133-custom-six-panel-flat-embroidery-fitted-snapback-cap\/","og_locale":"fr_FR","og_type":"article","og_title":"Sumkcaps 231133 Custom Six Panel Flat Embroidery Fitted Snapback Cap - Sumkcaps","og_description":"More Than 10 Years Of Experience In The Headwear Industry. Cap Manufacturers.100% Satisfaction Guarantee. Expert Service. Bulk Discount. Quick delivery.","og_url":"https:\/\/sumkcaps.com\/fr\/produit\/sufox-231133-custom-six-panel-flat-embroidery-fitted-snapback-cap\/","og_site_name":"Sumkcaps-China Original Headwear Manufacturer and Suppliers","article_publisher":"https:\/\/www.facebook.com\/sumkcap","article_modified_time":"2026-02-06T06:33:22+00:00","og_image":[{"width":2560,"height":2560,"url":"https:\/\/sumkcaps.com\/wp-content\/uploads\/2022\/10\/6_panel_embroidery_wool_blend_fitted_snapback_cap-6-scaled.jpg","type":"image\/jpeg"}],"twitter_card":"summary_large_image","twitter_misc":{"Dur\u00e9e de lecture estim\u00e9e":"3 minutes"},"schema":{"@context":"https:\/\/schema.org","@graph":[{"@type":"WebPage","@id":"https:\/\/sumkcaps.com\/product\/sufox-231133-custom-six-panel-flat-embroidery-fitted-snapback-cap\/","url":"https:\/\/sumkcaps.com\/product\/sufox-231133-custom-six-panel-flat-embroidery-fitted-snapback-cap\/","name":"Custom Flat Embroidery Fitted Snapback Cap | China Manufactuer","isPartOf":{"@id":"https:\/\/sumkcaps.com\/#website"},"primaryImageOfPage":{"@id":"https:\/\/sumkcaps.com\/product\/sufox-231133-custom-six-panel-flat-embroidery-fitted-snapback-cap\/#primaryimage"},"image":{"@id":"https:\/\/sumkcaps.com\/product\/sufox-231133-custom-six-panel-flat-embroidery-fitted-snapback-cap\/#primaryimage"},"thumbnailUrl":"https:\/\/sumkcaps.com\/wp-content\/uploads\/2022\/10\/6_panel_embroidery_wool_blend_fitted_snapback_cap-6-scaled.jpg","datePublished":"2022-10-27T03:27:14+00:00","dateModified":"2026-02-06T06:33:22+00:00","description":"Plus de 10 ans d'exp\u00e9rience dans l'industrie du couvre-chef. Fabricants de casquettes.100% Garantie de satisfaction. Service d'expert. Remise en vrac. Livraison rapide.","breadcrumb":{"@id":"https:\/\/sumkcaps.com\/product\/sufox-231133-custom-six-panel-flat-embroidery-fitted-snapback-cap\/#breadcrumb"},"inLanguage":"fr-FR","potentialAction":[{"@type":"ReadAction","target":["https:\/\/sumkcaps.com\/product\/sufox-231133-custom-six-panel-flat-embroidery-fitted-snapback-cap\/"]}]},{"@type":"ImageObject","inLanguage":"fr-FR","@id":"https:\/\/sumkcaps.com\/product\/sufox-231133-custom-six-panel-flat-embroidery-fitted-snapback-cap\/#primaryimage","url":"https:\/\/sumkcaps.com\/wp-content\/uploads\/2022\/10\/6_panel_embroidery_wool_blend_fitted_snapback_cap-6-scaled.jpg","contentUrl":"https:\/\/sumkcaps.com\/wp-content\/uploads\/2022\/10\/6_panel_embroidery_wool_blend_fitted_snapback_cap-6-scaled.jpg","width":2560,"height":2560},{"@type":"BreadcrumbList","@id":"https:\/\/sumkcaps.com\/product\/sufox-231133-custom-six-panel-flat-embroidery-fitted-snapback-cap\/#breadcrumb","itemListElement":[{"@type":"ListItem","position":1,"name":"Home","item":"https:\/\/sumkcaps.com\/"},{"@type":"ListItem","position":2,"name":"Products","item":"https:\/\/sumkcaps.com\/product\/"},{"@type":"ListItem","position":3,"name":"Sumkcaps 231133 Custom Six Panel Flat Embroidery Fitted Snapback Cap"}]},{"@type":"WebSite","@id":"https:\/\/sumkcaps.com\/#website","url":"https:\/\/sumkcaps.com\/","name":"Sumkcaps - Fabricant et fournisseur chinois de couvre-chefs originaux","description":"Nous sommes une entreprise chinoise de fabrication de casquettes et de chapeaux, dont l'activit\u00e9 principale consiste \u00e0 personnaliser les casquettes et les chapeaux en fonction du LOGO du client. Tous les styles de casquettes, toutes les couleurs de casquettes, toutes les quantit\u00e9s, tous les mat\u00e9riaux et toutes les quantit\u00e9s ne posent aucun probl\u00e8me. En d'autres termes, tous les petits d\u00e9tails peuvent \u00eatre personnalis\u00e9s selon votre demande.","publisher":{"@id":"https:\/\/sumkcaps.com\/#organization"},"potentialAction":[{"@type":"SearchAction","target":{"@type":"EntryPoint","urlTemplate":"https:\/\/sumkcaps.com\/?s={search_term_string}"},"query-input":{"@type":"PropertyValueSpecification","valueRequired":true,"valueName":"search_term_string"}}],"inLanguage":"fr-FR"},{"@type":"Organization","@id":"https:\/\/sumkcaps.com\/#organization","name":"Sumkcaps - Fabricant et fournisseur chinois de couvre-chefs originaux","url":"https:\/\/sumkcaps.com\/","logo":{"@type":"ImageObject","inLanguage":"fr-FR","@id":"https:\/\/sumkcaps.com\/#\/schema\/logo\/image\/","url":"https:\/\/sumkcaps.com\/wp-content\/uploads\/2025\/12\/1234.jpg","contentUrl":"https:\/\/sumkcaps.com\/wp-content\/uploads\/2025\/12\/1234.jpg","width":800,"height":800,"caption":"Sumkcaps-China Original Headwear Manufacturer and Suppliers"},"image":{"@id":"https:\/\/sumkcaps.com\/#\/schema\/logo\/image\/"},"sameAs":["https:\/\/www.facebook.com\/sumkcap","https:\/\/www.instagram.com\/sumkcaps7\/","https:\/\/www.pinterest.com\/sumkcapschina\/"]}]}},"taxonomy_info":{"product_cat":[{"value":42,"label":"Snapback Hats Wholesale"}]},"featured_image_src_large":["https:\/\/sumkcaps.com\/wp-content\/uploads\/2022\/10\/6_panel_embroidery_wool_blend_fitted_snapback_cap-6-1024x1024.jpg",800,800,true],"author_info":[],"comment_info":"","_links":{"self":[{"href":"https:\/\/sumkcaps.com\/fr\/wp-json\/wp\/v2\/product\/18109","targetHints":{"allow":["GET"]}}],"collection":[{"href":"https:\/\/sumkcaps.com\/fr\/wp-json\/wp\/v2\/product"}],"about":[{"href":"https:\/\/sumkcaps.com\/fr\/wp-json\/wp\/v2\/types\/product"}],"wp:featuredmedia":[{"embeddable":true,"href":"https:\/\/sumkcaps.com\/fr\/wp-json\/wp\/v2\/media\/18115"}],"wp:attachment":[{"href":"https:\/\/sumkcaps.com\/fr\/wp-json\/wp\/v2\/media?parent=18109"}],"wp:term":[{"taxonomy":"product_brand","embeddable":true,"href":"https:\/\/sumkcaps.com\/fr\/wp-json\/wp\/v2\/product_brand?post=18109"},{"taxonomy":"product_cat","embeddable":true,"href":"https:\/\/sumkcaps.com\/fr\/wp-json\/wp\/v2\/product_cat?post=18109"},{"taxonomy":"product_tag","embeddable":true,"href":"https:\/\/sumkcaps.com\/fr\/wp-json\/wp\/v2\/product_tag?post=18109"}],"curies":[{"name":"wp","href":"https:\/\/api.w.org\/{rel}","templated":true}]}}