{"id":18095,"date":"2022-10-27T10:33:45","date_gmt":"2022-10-27T02:33:45","guid":{"rendered":"https:\/\/sumkcaps.com\/?post_type=product&#038;p=18095"},"modified":"2026-02-06T14:18:34","modified_gmt":"2026-02-06T06:18:34","slug":"sufox-231131-custom-six-panel-flat-embroidery-snapback-cap","status":"publish","type":"product","link":"https:\/\/sumkcaps.com\/fr\/produit\/sufox-231131-custom-six-panel-flat-embroidery-snapback-cap\/","title":{"rendered":"Sumkcaps 231131 Custom Six Panel Flat Embroidery Snapback Cap"},"content":{"rendered":"<h3 data-start=\"141\" data-end=\"157\">D\u00e9coration<\/h3>\n<p data-start=\"158\" data-end=\"552\">Cette casquette snapback est dot\u00e9e d'une broderie plate personnalis\u00e9e, qui permet de r\u00e9aliser des motifs nets et pr\u00e9cis. Id\u00e9ale pour les logos, les textes et les graphiques simples, la m\u00e9thode de broderie \u00e0 plat garantit une finition professionnelle et durable. Les coutures sont claires et nettes, ce qui fait de cette casquette une pi\u00e8ce remarquable pour toute marque, \u00e9quipe ou utilisation promotionnelle. Le design minimaliste de la broderie \u00e0 plat conf\u00e8re un attrait intemporel et sophistiqu\u00e9.<\/p>\n<h3 data-start=\"554\" data-end=\"568\">Mat\u00e9riau<\/h3>\n<p data-start=\"569\" data-end=\"977\">Fabriqu\u00e9e en acrylique 100%, cette casquette est \u00e0 la fois l\u00e9g\u00e8re et durable. L'acrylique est connu pour sa capacit\u00e9 \u00e0 conserver les couleurs vives et \u00e0 r\u00e9sister \u00e0 la d\u00e9coloration, ce qui garantit que vos motifs personnalis\u00e9s resteront nets et brillants au fil du temps. Le tissu est respirant, confortable et \u00e9vacue l'humidit\u00e9, offrant un confort tout au long de la journ\u00e9e. L'acrylique n\u00e9cessite peu d'entretien, ce qui en fait un choix pratique pour un usage quotidien et \u00e0 des fins promotionnelles.<\/p>\n<h3 data-start=\"979\" data-end=\"990\">Couleur<\/h3>\n<p data-start=\"991\" data-end=\"1392\">Cette casquette est disponible dans des couleurs personnalisables, ce qui vous permet de s\u00e9lectionner la nuance parfaite pour r\u00e9pondre \u00e0 vos besoins en mati\u00e8re d'image de marque ou de design. Que vous ayez besoin d'une teinte vive et audacieuse ou d'un ton plus neutre, les options de couleur sont adaptables. La casquette <strong data-start=\"1242\" data-end=\"1258\">personnalisable<\/strong> Cette casquette est id\u00e9ale pour les personnalisations, les cadeaux promotionnels ou les uniformes qui requi\u00e8rent une couleur sp\u00e9cifique.<\/p>\n<h3 data-start=\"1394\" data-end=\"1410\">Taille<\/h3>\n<p data-start=\"1411\" data-end=\"1808\">Con\u00e7ue avec un ajustement OSFM (One Size Fits Most), cette casquette snapback s'adapte aux tours de t\u00eate de 7 \u00e0 7 3\/4. La fermeture r\u00e9glable de la casquette garantit un ajustement serr\u00e9 et s\u00fbr, assurant le confort d'un large \u00e9ventail d'individus. Cette taille universelle en fait une option id\u00e9ale pour les \u00e9v\u00e9nements de groupe, les cadeaux promotionnels ou les tenues d\u00e9contract\u00e9es, garantissant que tout le monde peut profiter d'une casquette sur mesure.<\/p>\n<h3 data-start=\"1810\" data-end=\"1821\">Visi\u00e8re<\/h3>\n<p data-start=\"1822\" data-end=\"2219\">La casquette est dot\u00e9e d'une visi\u00e8re plate, ce qui lui conf\u00e8re un look \u00e9pur\u00e9 et moderne, tr\u00e8s pris\u00e9 par les adeptes de la mode streetwear et d\u00e9contract\u00e9e. La visi\u00e8re plate ne se contente pas d'ajouter \u00e0 l'\u00e9l\u00e9gance de la casquette, elle offre \u00e9galement une protection solaire, ce qui la rend \u00e0 la fois pratique et tendance. La rigidit\u00e9 de la visi\u00e8re plate aide \u00e0 maintenir la forme de la casquette, garantissant qu'elle reste structur\u00e9e m\u00eame apr\u00e8s un port prolong\u00e9, ce qui lui conf\u00e8re une durabilit\u00e9 \u00e0 long terme.<\/p>\n<h3 data-start=\"2221\" data-end=\"2234\">Service<\/h3>\n<p data-start=\"2235\" data-end=\"2600\">Ce produit est disponible pour les services OEM et ODM, ce qui permet une flexibilit\u00e9 totale en mati\u00e8re de personnalisation. Qu'il s'agisse de modifier le design, de choisir des couleurs sp\u00e9cifiques ou de placer le logo, la casquette peut \u00eatre adapt\u00e9e \u00e0 vos besoins exacts. Elle est donc parfaite pour les commandes personnalis\u00e9es, le mat\u00e9riel promotionnel ou les marchandises qui doivent s'aligner sur l'identit\u00e9 de votre marque.<\/p>\n<h3 data-start=\"2602\" data-end=\"2623\">D\u00e9lai d'ex\u00e9cution<\/h3>\n<p data-start=\"2624\" data-end=\"2980\">La cr\u00e9ation d'un \u00e9chantillon prend environ 7 \u00e0 9 jours ouvrables, ce qui vous permet de revoir le design avant de proc\u00e9der \u00e0 une commande compl\u00e8te. Une fois l'\u00e9chantillon approuv\u00e9, le d\u00e9lai de production pour les commandes en gros est g\u00e9n\u00e9ralement de 18 \u00e0 22 jours ouvrables, ce qui vous permet de recevoir vos casquettes personnalis\u00e9es en temps voulu pour des \u00e9v\u00e9nements, des lancements ou d'autres occasions programm\u00e9es.<\/p>","protected":false},"excerpt":{"rendered":"<p>Sumkcaps 231131 Custom Six Panel Flat Embroidery Snapback Cap est l'un des styles de casquettes les plus populaires, l\u00e9ger et respirant. Nos Snapbacks sont disponibles dans une vari\u00e9t\u00e9 de styles et de couleurs de toutes les grandes marques.<\/p>","protected":false},"featured_media":18096,"template":"","meta":{"_acf_changed":false,"_kad_blocks_custom_css":"","_kad_blocks_head_custom_js":"","_kad_blocks_body_custom_js":"","_kad_blocks_footer_custom_js":""},"product_brand":[],"product_cat":[42],"product_tag":[],"class_list":{"0":"post-18095","1":"product","2":"type-product","3":"status-publish","4":"has-post-thumbnail","6":"product_cat-snapback-cap","8":"first","9":"outofstock","10":"shipping-taxable","11":"product-type-simple"},"acf":[],"yoast_head":"<!-- This site is optimized with the Yoast SEO Premium plugin v20.8 (Yoast SEO v25.9) - https:\/\/yoast.com\/wordpress\/plugins\/seo\/ -->\n<title>Custom 6 Panel Embroidery Snapback Cap | China Manufactuer<\/title>\n<meta name=\"description\" content=\"More Than 10 Years Of Experience In The Headwear Industry. Cap Manufacturers.100% Satisfaction Guarantee. Expert Service. Bulk Discount. Quick delivery.\" \/>\n<meta name=\"robots\" content=\"index, follow, max-snippet:-1, max-image-preview:large, max-video-preview:-1\" \/>\n<link rel=\"canonical\" href=\"https:\/\/sumkcaps.com\/fr\/produit\/sufox-231131-custom-six-panel-flat-embroidery-snapback-cap\/\" \/>\n<meta property=\"og:locale\" content=\"fr_FR\" \/>\n<meta property=\"og:type\" content=\"article\" \/>\n<meta property=\"og:title\" content=\"Sumkcaps 231131 Custom Six Panel Flat Embroidery Snapback Cap - Sumkcaps\" \/>\n<meta property=\"og:description\" content=\"More Than 10 Years Of Experience In The Headwear Industry. Cap Manufacturers.100% Satisfaction Guarantee. Expert Service. Bulk Discount. Quick delivery.\" \/>\n<meta property=\"og:url\" content=\"https:\/\/sumkcaps.com\/fr\/produit\/sufox-231131-custom-six-panel-flat-embroidery-snapback-cap\/\" \/>\n<meta property=\"og:site_name\" content=\"Sumkcaps-China Original Headwear Manufacturer and Suppliers\" \/>\n<meta property=\"article:publisher\" content=\"https:\/\/www.facebook.com\/sumkcap\" \/>\n<meta property=\"article:modified_time\" content=\"2026-02-06T06:18:34+00:00\" \/>\n<meta property=\"og:image\" content=\"https:\/\/sumkcaps.com\/wp-content\/uploads\/2022\/10\/6_panel_flat_embroidery_snapback_cap-1-3-scaled.jpg\" \/>\n\t<meta property=\"og:image:width\" content=\"2560\" \/>\n\t<meta property=\"og:image:height\" content=\"2560\" \/>\n\t<meta property=\"og:image:type\" content=\"image\/jpeg\" \/>\n<meta name=\"twitter:card\" content=\"summary_large_image\" \/>\n<meta name=\"twitter:label1\" content=\"Dur\u00e9e de lecture estim\u00e9e\" \/>\n\t<meta name=\"twitter:data1\" content=\"3 minutes\" \/>\n<script type=\"application\/ld+json\" class=\"yoast-schema-graph\">{\"@context\":\"https:\/\/schema.org\",\"@graph\":[{\"@type\":\"WebPage\",\"@id\":\"https:\/\/sumkcaps.com\/product\/sufox-231131-custom-six-panel-flat-embroidery-snapback-cap\/\",\"url\":\"https:\/\/sumkcaps.com\/product\/sufox-231131-custom-six-panel-flat-embroidery-snapback-cap\/\",\"name\":\"Custom 6 Panel Embroidery Snapback Cap | China Manufactuer\",\"isPartOf\":{\"@id\":\"https:\/\/sumkcaps.com\/#website\"},\"primaryImageOfPage\":{\"@id\":\"https:\/\/sumkcaps.com\/product\/sufox-231131-custom-six-panel-flat-embroidery-snapback-cap\/#primaryimage\"},\"image\":{\"@id\":\"https:\/\/sumkcaps.com\/product\/sufox-231131-custom-six-panel-flat-embroidery-snapback-cap\/#primaryimage\"},\"thumbnailUrl\":\"https:\/\/sumkcaps.com\/wp-content\/uploads\/2022\/10\/6_panel_flat_embroidery_snapback_cap-1-3-scaled.jpg\",\"datePublished\":\"2022-10-27T02:33:45+00:00\",\"dateModified\":\"2026-02-06T06:18:34+00:00\",\"description\":\"More Than 10 Years Of Experience In The Headwear Industry. Cap Manufacturers.100% Satisfaction Guarantee. Expert Service. Bulk Discount. Quick delivery.\",\"breadcrumb\":{\"@id\":\"https:\/\/sumkcaps.com\/product\/sufox-231131-custom-six-panel-flat-embroidery-snapback-cap\/#breadcrumb\"},\"inLanguage\":\"fr-FR\",\"potentialAction\":[{\"@type\":\"ReadAction\",\"target\":[\"https:\/\/sumkcaps.com\/product\/sufox-231131-custom-six-panel-flat-embroidery-snapback-cap\/\"]}]},{\"@type\":\"ImageObject\",\"inLanguage\":\"fr-FR\",\"@id\":\"https:\/\/sumkcaps.com\/product\/sufox-231131-custom-six-panel-flat-embroidery-snapback-cap\/#primaryimage\",\"url\":\"https:\/\/sumkcaps.com\/wp-content\/uploads\/2022\/10\/6_panel_flat_embroidery_snapback_cap-1-3-scaled.jpg\",\"contentUrl\":\"https:\/\/sumkcaps.com\/wp-content\/uploads\/2022\/10\/6_panel_flat_embroidery_snapback_cap-1-3-scaled.jpg\",\"width\":2560,\"height\":2560},{\"@type\":\"BreadcrumbList\",\"@id\":\"https:\/\/sumkcaps.com\/product\/sufox-231131-custom-six-panel-flat-embroidery-snapback-cap\/#breadcrumb\",\"itemListElement\":[{\"@type\":\"ListItem\",\"position\":1,\"name\":\"Home\",\"item\":\"https:\/\/sumkcaps.com\/\"},{\"@type\":\"ListItem\",\"position\":2,\"name\":\"Products\",\"item\":\"https:\/\/sumkcaps.com\/product\/\"},{\"@type\":\"ListItem\",\"position\":3,\"name\":\"Sumkcaps 231131 Custom Six Panel Flat Embroidery Snapback Cap\"}]},{\"@type\":\"WebSite\",\"@id\":\"https:\/\/sumkcaps.com\/#website\",\"url\":\"https:\/\/sumkcaps.com\/\",\"name\":\"Sumkcaps-China Original Headwear Manufacturer and Suppliers\",\"description\":\"We are China Cap And Hat Original Factory, whose main business is to custom cap and hat as client&#039;s LOGO. Any cap style, any cap color, any qty, any material and qty is no problem. In one words, any small details can be customized as your request.\",\"publisher\":{\"@id\":\"https:\/\/sumkcaps.com\/#organization\"},\"potentialAction\":[{\"@type\":\"SearchAction\",\"target\":{\"@type\":\"EntryPoint\",\"urlTemplate\":\"https:\/\/sumkcaps.com\/?s={search_term_string}\"},\"query-input\":{\"@type\":\"PropertyValueSpecification\",\"valueRequired\":true,\"valueName\":\"search_term_string\"}}],\"inLanguage\":\"fr-FR\"},{\"@type\":\"Organization\",\"@id\":\"https:\/\/sumkcaps.com\/#organization\",\"name\":\"Sumkcaps-China Original Headwear Manufacturer and Suppliers\",\"url\":\"https:\/\/sumkcaps.com\/\",\"logo\":{\"@type\":\"ImageObject\",\"inLanguage\":\"fr-FR\",\"@id\":\"https:\/\/sumkcaps.com\/#\/schema\/logo\/image\/\",\"url\":\"https:\/\/sumkcaps.com\/wp-content\/uploads\/2025\/12\/1234.jpg\",\"contentUrl\":\"https:\/\/sumkcaps.com\/wp-content\/uploads\/2025\/12\/1234.jpg\",\"width\":800,\"height\":800,\"caption\":\"Sumkcaps-China Original Headwear Manufacturer and Suppliers\"},\"image\":{\"@id\":\"https:\/\/sumkcaps.com\/#\/schema\/logo\/image\/\"},\"sameAs\":[\"https:\/\/www.facebook.com\/sumkcap\",\"https:\/\/www.instagram.com\/sumkcaps7\/\",\"https:\/\/www.pinterest.com\/sumkcapschina\/\"]}]}<\/script>\n<!-- \/ Yoast SEO Premium plugin. -->","yoast_head_json":{"title":"Custom 6 Panel Embroidery Snapback Cap | China Manufactuer","description":"Plus de 10 ans d'exp\u00e9rience dans l'industrie du couvre-chef. Fabricants de casquettes.100% Garantie de satisfaction. Service d'expert. Remise en vrac. Livraison rapide.","robots":{"index":"index","follow":"follow","max-snippet":"max-snippet:-1","max-image-preview":"max-image-preview:large","max-video-preview":"max-video-preview:-1"},"canonical":"https:\/\/sumkcaps.com\/fr\/produit\/sufox-231131-custom-six-panel-flat-embroidery-snapback-cap\/","og_locale":"fr_FR","og_type":"article","og_title":"Sumkcaps 231131 Custom Six Panel Flat Embroidery Snapback Cap - Sumkcaps","og_description":"More Than 10 Years Of Experience In The Headwear Industry. Cap Manufacturers.100% Satisfaction Guarantee. Expert Service. Bulk Discount. Quick delivery.","og_url":"https:\/\/sumkcaps.com\/fr\/produit\/sufox-231131-custom-six-panel-flat-embroidery-snapback-cap\/","og_site_name":"Sumkcaps-China Original Headwear Manufacturer and Suppliers","article_publisher":"https:\/\/www.facebook.com\/sumkcap","article_modified_time":"2026-02-06T06:18:34+00:00","og_image":[{"width":2560,"height":2560,"url":"https:\/\/sumkcaps.com\/wp-content\/uploads\/2022\/10\/6_panel_flat_embroidery_snapback_cap-1-3-scaled.jpg","type":"image\/jpeg"}],"twitter_card":"summary_large_image","twitter_misc":{"Dur\u00e9e de lecture estim\u00e9e":"3 minutes"},"schema":{"@context":"https:\/\/schema.org","@graph":[{"@type":"WebPage","@id":"https:\/\/sumkcaps.com\/product\/sufox-231131-custom-six-panel-flat-embroidery-snapback-cap\/","url":"https:\/\/sumkcaps.com\/product\/sufox-231131-custom-six-panel-flat-embroidery-snapback-cap\/","name":"Custom 6 Panel Embroidery Snapback Cap | China Manufactuer","isPartOf":{"@id":"https:\/\/sumkcaps.com\/#website"},"primaryImageOfPage":{"@id":"https:\/\/sumkcaps.com\/product\/sufox-231131-custom-six-panel-flat-embroidery-snapback-cap\/#primaryimage"},"image":{"@id":"https:\/\/sumkcaps.com\/product\/sufox-231131-custom-six-panel-flat-embroidery-snapback-cap\/#primaryimage"},"thumbnailUrl":"https:\/\/sumkcaps.com\/wp-content\/uploads\/2022\/10\/6_panel_flat_embroidery_snapback_cap-1-3-scaled.jpg","datePublished":"2022-10-27T02:33:45+00:00","dateModified":"2026-02-06T06:18:34+00:00","description":"Plus de 10 ans d'exp\u00e9rience dans l'industrie du couvre-chef. Fabricants de casquettes.100% Garantie de satisfaction. Service d'expert. Remise en vrac. Livraison rapide.","breadcrumb":{"@id":"https:\/\/sumkcaps.com\/product\/sufox-231131-custom-six-panel-flat-embroidery-snapback-cap\/#breadcrumb"},"inLanguage":"fr-FR","potentialAction":[{"@type":"ReadAction","target":["https:\/\/sumkcaps.com\/product\/sufox-231131-custom-six-panel-flat-embroidery-snapback-cap\/"]}]},{"@type":"ImageObject","inLanguage":"fr-FR","@id":"https:\/\/sumkcaps.com\/product\/sufox-231131-custom-six-panel-flat-embroidery-snapback-cap\/#primaryimage","url":"https:\/\/sumkcaps.com\/wp-content\/uploads\/2022\/10\/6_panel_flat_embroidery_snapback_cap-1-3-scaled.jpg","contentUrl":"https:\/\/sumkcaps.com\/wp-content\/uploads\/2022\/10\/6_panel_flat_embroidery_snapback_cap-1-3-scaled.jpg","width":2560,"height":2560},{"@type":"BreadcrumbList","@id":"https:\/\/sumkcaps.com\/product\/sufox-231131-custom-six-panel-flat-embroidery-snapback-cap\/#breadcrumb","itemListElement":[{"@type":"ListItem","position":1,"name":"Home","item":"https:\/\/sumkcaps.com\/"},{"@type":"ListItem","position":2,"name":"Products","item":"https:\/\/sumkcaps.com\/product\/"},{"@type":"ListItem","position":3,"name":"Sumkcaps 231131 Custom Six Panel Flat Embroidery Snapback Cap"}]},{"@type":"WebSite","@id":"https:\/\/sumkcaps.com\/#website","url":"https:\/\/sumkcaps.com\/","name":"Sumkcaps - Fabricant et fournisseur chinois de couvre-chefs originaux","description":"Nous sommes une entreprise chinoise de fabrication de casquettes et de chapeaux, dont l'activit\u00e9 principale consiste \u00e0 personnaliser les casquettes et les chapeaux en fonction du LOGO du client. Tous les styles de casquettes, toutes les couleurs de casquettes, toutes les quantit\u00e9s, tous les mat\u00e9riaux et toutes les quantit\u00e9s ne posent aucun probl\u00e8me. En d'autres termes, tous les petits d\u00e9tails peuvent \u00eatre personnalis\u00e9s selon votre demande.","publisher":{"@id":"https:\/\/sumkcaps.com\/#organization"},"potentialAction":[{"@type":"SearchAction","target":{"@type":"EntryPoint","urlTemplate":"https:\/\/sumkcaps.com\/?s={search_term_string}"},"query-input":{"@type":"PropertyValueSpecification","valueRequired":true,"valueName":"search_term_string"}}],"inLanguage":"fr-FR"},{"@type":"Organization","@id":"https:\/\/sumkcaps.com\/#organization","name":"Sumkcaps - Fabricant et fournisseur chinois de couvre-chefs originaux","url":"https:\/\/sumkcaps.com\/","logo":{"@type":"ImageObject","inLanguage":"fr-FR","@id":"https:\/\/sumkcaps.com\/#\/schema\/logo\/image\/","url":"https:\/\/sumkcaps.com\/wp-content\/uploads\/2025\/12\/1234.jpg","contentUrl":"https:\/\/sumkcaps.com\/wp-content\/uploads\/2025\/12\/1234.jpg","width":800,"height":800,"caption":"Sumkcaps-China Original Headwear Manufacturer and Suppliers"},"image":{"@id":"https:\/\/sumkcaps.com\/#\/schema\/logo\/image\/"},"sameAs":["https:\/\/www.facebook.com\/sumkcap","https:\/\/www.instagram.com\/sumkcaps7\/","https:\/\/www.pinterest.com\/sumkcapschina\/"]}]}},"taxonomy_info":{"product_cat":[{"value":42,"label":"Snapback Hats Wholesale"}]},"featured_image_src_large":["https:\/\/sumkcaps.com\/wp-content\/uploads\/2022\/10\/6_panel_flat_embroidery_snapback_cap-1-3-1024x1024.jpg",800,800,true],"author_info":[],"comment_info":"","_links":{"self":[{"href":"https:\/\/sumkcaps.com\/fr\/wp-json\/wp\/v2\/product\/18095","targetHints":{"allow":["GET"]}}],"collection":[{"href":"https:\/\/sumkcaps.com\/fr\/wp-json\/wp\/v2\/product"}],"about":[{"href":"https:\/\/sumkcaps.com\/fr\/wp-json\/wp\/v2\/types\/product"}],"wp:featuredmedia":[{"embeddable":true,"href":"https:\/\/sumkcaps.com\/fr\/wp-json\/wp\/v2\/media\/18096"}],"wp:attachment":[{"href":"https:\/\/sumkcaps.com\/fr\/wp-json\/wp\/v2\/media?parent=18095"}],"wp:term":[{"taxonomy":"product_brand","embeddable":true,"href":"https:\/\/sumkcaps.com\/fr\/wp-json\/wp\/v2\/product_brand?post=18095"},{"taxonomy":"product_cat","embeddable":true,"href":"https:\/\/sumkcaps.com\/fr\/wp-json\/wp\/v2\/product_cat?post=18095"},{"taxonomy":"product_tag","embeddable":true,"href":"https:\/\/sumkcaps.com\/fr\/wp-json\/wp\/v2\/product_tag?post=18095"}],"curies":[{"name":"wp","href":"https:\/\/api.w.org\/{rel}","templated":true}]}}