{"id":18023,"date":"2022-10-27T09:18:13","date_gmt":"2022-10-27T01:18:13","guid":{"rendered":"https:\/\/sumkcaps.com\/?post_type=product&#038;p=18023"},"modified":"2025-07-10T09:05:57","modified_gmt":"2025-07-10T01:05:57","slug":"sufox-231122-custom-six-panel-3d-embroidery-fitted-snapback-cap","status":"publish","type":"product","link":"https:\/\/sumkcaps.com\/fr\/produit\/sufox-231122-custom-six-panel-3d-embroidery-fitted-snapback-cap\/","title":{"rendered":"Sumkcaps 231122 Custom Six Panel 3D Embroidery Fitted Snapback Cap"},"content":{"rendered":"<h2 data-start=\"269\" data-end=\"323\"><strong data-start=\"276\" data-end=\"321\">Type et structure du chapeau : Casquette ajust\u00e9e<\/strong><\/h2>\n<p data-start=\"324\" data-end=\"766\">Cette casquette appartient \u00e0 la <strong data-start=\"348\" data-end=\"371\">casquette snapback famille<\/strong>caract\u00e9ris\u00e9 par son <strong data-start=\"394\" data-end=\"407\">facture forfaitaire<\/strong> et <strong data-start=\"412\" data-end=\"439\">fermeture \u00e0 bouton-pression r\u00e9glable<\/strong>. Contrairement aux casquettes de papa d\u00e9contract\u00e9es ou aux casquettes de performance, le <strong data-start=\"489\" data-end=\"508\">snapback ajust\u00e9e<\/strong> est structur\u00e9 et \u00e9l\u00e9gant, offrant une coupe ajust\u00e9e qui allie le style urbain \u00e0 la fonctionnalit\u00e9 d'un couvre-chef. Les <strong data-start=\"613\" data-end=\"639\">construction \u00e0 six panneaux<\/strong> am\u00e9liore la conservation de la forme et offre une silhouette classique, ce qui le rend id\u00e9al pour les marques de streetwear, les marques d'\u00e9quipe et les marques de style de vie.<\/p>\n<h2 data-start=\"768\" data-end=\"815\"><strong data-start=\"775\" data-end=\"813\">Composition du mat\u00e9riau : Acrylique 100%<\/strong><\/h2>\n<p data-start=\"816\" data-end=\"1107\">L'acrylique est un mat\u00e9riau durable, l\u00e9ger et qui conserve sa forme. Il est largement utilis\u00e9 dans les couvre-chefs de style urbain en raison de sa capacit\u00e9 \u00e0 maintenir les motifs brod\u00e9s avec nettet\u00e9 tout en restant confortable et respirant. Ce tissu offre \u00e9galement <strong data-start=\"1052\" data-end=\"1070\">l'\u00e9clat des couleurs<\/strong>Les logos et les motifs sont ainsi mis en valeur.<\/p>\n<h2 data-start=\"1109\" data-end=\"1167\"><strong data-start=\"1116\" data-end=\"1165\">Style de d\u00e9coration : Broderie 3D Personnalisation<\/strong><\/h2>\n<p data-start=\"1168\" data-end=\"1555\">La broderie 3D est l'une des techniques de d\u00e9coration les plus pris\u00e9es dans la fabrication des couvre-chefs. Elle donne aux logos et aux textes un effet tactile en relief qui leur conf\u00e8re profondeur et dimension. Cette m\u00e9thode est id\u00e9ale pour les marques \u00e0 la recherche d'une image de marque \u00e0 fort impact. Associ\u00e9e \u00e0 <strong data-start=\"1419\" data-end=\"1449\">des options de personnalisation compl\u00e8tes<\/strong>Les utilisateurs peuvent concevoir des \u0153uvres d'art uniques, des logos d'\u00e9quipe ou des graphiques promotionnels adapt\u00e9s \u00e0 l'identit\u00e9 de leur marque.<\/p>\n<h2 data-start=\"1557\" data-end=\"1603\"><strong data-start=\"1564\" data-end=\"1601\">Style de visi\u00e8re : Flat Bill Esth\u00e9tique<\/strong><\/h2>\n<p data-start=\"1604\" data-end=\"1901\">Les <strong data-start=\"1608\" data-end=\"1627\">visi\u00e8re \u00e0 bord plat<\/strong> offre une esth\u00e9tique moderne et urbaine, pr\u00e9f\u00e9r\u00e9e par les marques de streetwear, la culture hip-hop et les jeunes. Contrairement aux visi\u00e8res incurv\u00e9es que l'on trouve sur les casquettes de papa ou de baseball, la visi\u00e8re plate donne un aspect audacieux et contemporain, ce qui en fait un \u00e9l\u00e9ment de mode en plus d'un couvre-chef fonctionnel.<\/p>\n<h2 data-start=\"1903\" data-end=\"1958\"><strong data-start=\"1910\" data-end=\"1956\">Personnalisation des couleurs : Correspondance Pantone compl\u00e8te<\/strong><\/h2>\n<p data-start=\"1959\" data-end=\"2183\">Cette casquette prend en charge <strong data-start=\"1977\" data-end=\"2004\">couleurs enti\u00e8rement personnalis\u00e9es<\/strong>permettant aux marques de s'aligner sur les nuances Pantone exactes. Que vous ayez besoin de monochromes audacieux ou de contrastes vibrants, la personnalisation permet d'aligner parfaitement le produit sur votre image de marque.<\/p>\n<h2 data-start=\"1959\" data-end=\"2183\"><strong data-start=\"2192\" data-end=\"2222\">March\u00e9s cibles et cas d'utilisation<\/strong><\/h2>\n<ul data-start=\"2225\" data-end=\"2551\">\n<li data-start=\"2225\" data-end=\"2307\">\n<p data-start=\"2227\" data-end=\"2307\"><strong data-start=\"2227\" data-end=\"2249\">Marques de v\u00eatements de ville :<\/strong> Construire des lignes de produits embl\u00e9matiques avec une image de marque forte.<\/p>\n<\/li>\n<li data-start=\"2308\" data-end=\"2391\">\n<p data-start=\"2310\" data-end=\"2391\"><strong data-start=\"2310\" data-end=\"2327\">\u00c9quipes sportives :<\/strong> Des couvre-chefs d'\u00e9quipe d'aspect professionnel avec des motifs ax\u00e9s sur le logo.<\/p>\n<\/li>\n<li data-start=\"2392\" data-end=\"2473\">\n<p data-start=\"2394\" data-end=\"2473\"><strong data-start=\"2394\" data-end=\"2419\">Promotions d'entreprise :<\/strong> Renforcez l'identit\u00e9 de votre marque avec des couvre-chefs haut de gamme.<\/p>\n<\/li>\n<li data-start=\"2474\" data-end=\"2551\">\n<p data-start=\"2476\" data-end=\"2551\"><strong data-start=\"2476\" data-end=\"2501\">Marchandises et commerce de d\u00e9tail :<\/strong> Id\u00e9al pour la revente dans les magasins de mode de vie et de v\u00eatements.<\/p>\n<\/li>\n<\/ul>\n<h2 data-start=\"2553\" data-end=\"2594\"><strong data-start=\"2560\" data-end=\"2592\">MOQ et services de fabrication<\/strong><\/h2>\n<p data-start=\"2595\" data-end=\"2894\">Avec un <strong data-start=\"2602\" data-end=\"2663\">quantit\u00e9 minimale de commande de 200 pi\u00e8ces par dessin et par couleur<\/strong>Avec Sumkcaps, ce produit est optimis\u00e9 pour les acheteurs en gros tels que les marques de mode, les cr\u00e9ateurs de produits d\u00e9riv\u00e9s et les organisateurs d'\u00e9v\u00e9nements. Sumkcaps offre <strong data-start=\"2785\" data-end=\"2807\">Services OEM et ODM<\/strong>Il est donc facile de lancer sa propre ligne de casquettes gr\u00e2ce \u00e0 l'aide \u00e0 la personnalisation directe de l'usine.<\/p>","protected":false},"excerpt":{"rendered":"<p>Sumkcaps 231122 est une casquette personnalis\u00e9e \u00e0 six panneaux en acrylique 100%. Avec une broderie 3D audacieuse et une visi\u00e8re plate, elle est personnalisable en couleur et offre des services OEM et ODM. MOQ 200 pcs par design\/couleur, parfait pour les marques de streetwear, les \u00e9quipes et les promotions.<\/p>","protected":false},"featured_media":18024,"template":"","meta":{"_acf_changed":false,"_kad_blocks_custom_css":"","_kad_blocks_head_custom_js":"","_kad_blocks_body_custom_js":"","_kad_blocks_footer_custom_js":""},"product_brand":[],"product_cat":[42],"product_tag":[],"class_list":{"0":"post-18023","1":"product","2":"type-product","3":"status-publish","4":"has-post-thumbnail","6":"product_cat-snapback-cap","8":"first","9":"outofstock","10":"shipping-taxable","11":"product-type-simple"},"acf":[],"yoast_head":"<!-- This site is optimized with the Yoast SEO Premium plugin v20.8 (Yoast SEO v25.9) - https:\/\/yoast.com\/wordpress\/plugins\/seo\/ -->\n<title>Custom 3D Embroidery Fitted Snapback Cap | China Manufactuer<\/title>\n<meta name=\"description\" content=\"Custom Cap, Logo Cap, Brand Caps, Custom Made Snapback Caps, Custom Snapback Baseball Hats. Premium Cap Manufacturer since 2006. Quick delivery.\" \/>\n<meta name=\"robots\" content=\"index, follow, max-snippet:-1, max-image-preview:large, max-video-preview:-1\" \/>\n<link rel=\"canonical\" href=\"https:\/\/sumkcaps.com\/fr\/produit\/sufox-231122-custom-six-panel-3d-embroidery-fitted-snapback-cap\/\" \/>\n<meta property=\"og:locale\" content=\"fr_FR\" \/>\n<meta property=\"og:type\" content=\"article\" \/>\n<meta property=\"og:title\" content=\"Sumkcaps 231122 Custom Six Panel 3D Embroidery Fitted Snapback Cap - Sumkcaps\" \/>\n<meta property=\"og:description\" content=\"Custom Cap, Logo Cap, Brand Caps, Custom Made Snapback Caps, Custom Snapback Baseball Hats. Premium Cap Manufacturer since 2006. Quick delivery.\" \/>\n<meta property=\"og:url\" content=\"https:\/\/sumkcaps.com\/fr\/produit\/sufox-231122-custom-six-panel-3d-embroidery-fitted-snapback-cap\/\" \/>\n<meta property=\"og:site_name\" content=\"Sumkcaps-China Original Headwear Manufacturer and Suppliers\" \/>\n<meta property=\"article:publisher\" content=\"https:\/\/www.facebook.com\/sumkcap\" \/>\n<meta property=\"article:modified_time\" content=\"2025-07-10T01:05:57+00:00\" \/>\n<meta property=\"og:image\" content=\"https:\/\/sumkcaps.com\/wp-content\/uploads\/2022\/10\/6_panel_3d_embroidery_fitted_snapback_cap-1-3-scaled.jpg\" \/>\n\t<meta property=\"og:image:width\" content=\"2560\" \/>\n\t<meta property=\"og:image:height\" content=\"2400\" \/>\n\t<meta property=\"og:image:type\" content=\"image\/jpeg\" \/>\n<meta name=\"twitter:card\" content=\"summary_large_image\" \/>\n<meta name=\"twitter:label1\" content=\"Dur\u00e9e de lecture estim\u00e9e\" \/>\n\t<meta name=\"twitter:data1\" content=\"2 minutes\" \/>\n<script type=\"application\/ld+json\" class=\"yoast-schema-graph\">{\"@context\":\"https:\/\/schema.org\",\"@graph\":[{\"@type\":\"WebPage\",\"@id\":\"https:\/\/sumkcaps.com\/product\/sufox-231122-custom-six-panel-3d-embroidery-fitted-snapback-cap\/\",\"url\":\"https:\/\/sumkcaps.com\/product\/sufox-231122-custom-six-panel-3d-embroidery-fitted-snapback-cap\/\",\"name\":\"Custom 3D Embroidery Fitted Snapback Cap | China Manufactuer\",\"isPartOf\":{\"@id\":\"https:\/\/sumkcaps.com\/#website\"},\"primaryImageOfPage\":{\"@id\":\"https:\/\/sumkcaps.com\/product\/sufox-231122-custom-six-panel-3d-embroidery-fitted-snapback-cap\/#primaryimage\"},\"image\":{\"@id\":\"https:\/\/sumkcaps.com\/product\/sufox-231122-custom-six-panel-3d-embroidery-fitted-snapback-cap\/#primaryimage\"},\"thumbnailUrl\":\"https:\/\/sumkcaps.com\/wp-content\/uploads\/2022\/10\/6_panel_3d_embroidery_fitted_snapback_cap-1-3-scaled.jpg\",\"datePublished\":\"2022-10-27T01:18:13+00:00\",\"dateModified\":\"2025-07-10T01:05:57+00:00\",\"description\":\"Custom Cap, Logo Cap, Brand Caps, Custom Made Snapback Caps, Custom Snapback Baseball Hats. Premium Cap Manufacturer since 2006. Quick delivery.\",\"breadcrumb\":{\"@id\":\"https:\/\/sumkcaps.com\/product\/sufox-231122-custom-six-panel-3d-embroidery-fitted-snapback-cap\/#breadcrumb\"},\"inLanguage\":\"fr-FR\",\"potentialAction\":[{\"@type\":\"ReadAction\",\"target\":[\"https:\/\/sumkcaps.com\/product\/sufox-231122-custom-six-panel-3d-embroidery-fitted-snapback-cap\/\"]}]},{\"@type\":\"ImageObject\",\"inLanguage\":\"fr-FR\",\"@id\":\"https:\/\/sumkcaps.com\/product\/sufox-231122-custom-six-panel-3d-embroidery-fitted-snapback-cap\/#primaryimage\",\"url\":\"https:\/\/sumkcaps.com\/wp-content\/uploads\/2022\/10\/6_panel_3d_embroidery_fitted_snapback_cap-1-3-scaled.jpg\",\"contentUrl\":\"https:\/\/sumkcaps.com\/wp-content\/uploads\/2022\/10\/6_panel_3d_embroidery_fitted_snapback_cap-1-3-scaled.jpg\",\"width\":2560,\"height\":2400},{\"@type\":\"BreadcrumbList\",\"@id\":\"https:\/\/sumkcaps.com\/product\/sufox-231122-custom-six-panel-3d-embroidery-fitted-snapback-cap\/#breadcrumb\",\"itemListElement\":[{\"@type\":\"ListItem\",\"position\":1,\"name\":\"Home\",\"item\":\"https:\/\/sumkcaps.com\/\"},{\"@type\":\"ListItem\",\"position\":2,\"name\":\"Products\",\"item\":\"https:\/\/sumkcaps.com\/product\/\"},{\"@type\":\"ListItem\",\"position\":3,\"name\":\"Sumkcaps 231122 Custom Six Panel 3D Embroidery Fitted Snapback Cap\"}]},{\"@type\":\"WebSite\",\"@id\":\"https:\/\/sumkcaps.com\/#website\",\"url\":\"https:\/\/sumkcaps.com\/\",\"name\":\"Sumkcaps-China Original Headwear Manufacturer and Suppliers\",\"description\":\"We are China Cap And Hat Original Factory, whose main business is to custom cap and hat as client&#039;s LOGO. Any cap style, any cap color, any qty, any material and qty is no problem. In one words, any small details can be customized as your request.\",\"publisher\":{\"@id\":\"https:\/\/sumkcaps.com\/#organization\"},\"potentialAction\":[{\"@type\":\"SearchAction\",\"target\":{\"@type\":\"EntryPoint\",\"urlTemplate\":\"https:\/\/sumkcaps.com\/?s={search_term_string}\"},\"query-input\":{\"@type\":\"PropertyValueSpecification\",\"valueRequired\":true,\"valueName\":\"search_term_string\"}}],\"inLanguage\":\"fr-FR\"},{\"@type\":\"Organization\",\"@id\":\"https:\/\/sumkcaps.com\/#organization\",\"name\":\"Sumkcaps-China Original Headwear Manufacturer and Suppliers\",\"url\":\"https:\/\/sumkcaps.com\/\",\"logo\":{\"@type\":\"ImageObject\",\"inLanguage\":\"fr-FR\",\"@id\":\"https:\/\/sumkcaps.com\/#\/schema\/logo\/image\/\",\"url\":\"https:\/\/sumkcaps.com\/wp-content\/uploads\/2025\/12\/1234.jpg\",\"contentUrl\":\"https:\/\/sumkcaps.com\/wp-content\/uploads\/2025\/12\/1234.jpg\",\"width\":800,\"height\":800,\"caption\":\"Sumkcaps-China Original Headwear Manufacturer and Suppliers\"},\"image\":{\"@id\":\"https:\/\/sumkcaps.com\/#\/schema\/logo\/image\/\"},\"sameAs\":[\"https:\/\/www.facebook.com\/sumkcap\",\"https:\/\/www.instagram.com\/sumkcaps7\/\",\"https:\/\/www.pinterest.com\/sumkcapschina\/\"]}]}<\/script>\n<!-- \/ Yoast SEO Premium plugin. -->","yoast_head_json":{"title":"Custom 3D Embroidery Fitted Snapback Cap | China Manufactuer","description":"Casquette personnalis\u00e9e, casquette \u00e0 logo, casquette de marque, casquette Snapback personnalis\u00e9e, casquette de baseball Snapback personnalis\u00e9e. Fabricant de casquettes haut de gamme depuis 2006. Livraison rapide.","robots":{"index":"index","follow":"follow","max-snippet":"max-snippet:-1","max-image-preview":"max-image-preview:large","max-video-preview":"max-video-preview:-1"},"canonical":"https:\/\/sumkcaps.com\/fr\/produit\/sufox-231122-custom-six-panel-3d-embroidery-fitted-snapback-cap\/","og_locale":"fr_FR","og_type":"article","og_title":"Sumkcaps 231122 Custom Six Panel 3D Embroidery Fitted Snapback Cap - Sumkcaps","og_description":"Custom Cap, Logo Cap, Brand Caps, Custom Made Snapback Caps, Custom Snapback Baseball Hats. Premium Cap Manufacturer since 2006. Quick delivery.","og_url":"https:\/\/sumkcaps.com\/fr\/produit\/sufox-231122-custom-six-panel-3d-embroidery-fitted-snapback-cap\/","og_site_name":"Sumkcaps-China Original Headwear Manufacturer and Suppliers","article_publisher":"https:\/\/www.facebook.com\/sumkcap","article_modified_time":"2025-07-10T01:05:57+00:00","og_image":[{"width":2560,"height":2400,"url":"https:\/\/sumkcaps.com\/wp-content\/uploads\/2022\/10\/6_panel_3d_embroidery_fitted_snapback_cap-1-3-scaled.jpg","type":"image\/jpeg"}],"twitter_card":"summary_large_image","twitter_misc":{"Dur\u00e9e de lecture estim\u00e9e":"2 minutes"},"schema":{"@context":"https:\/\/schema.org","@graph":[{"@type":"WebPage","@id":"https:\/\/sumkcaps.com\/product\/sufox-231122-custom-six-panel-3d-embroidery-fitted-snapback-cap\/","url":"https:\/\/sumkcaps.com\/product\/sufox-231122-custom-six-panel-3d-embroidery-fitted-snapback-cap\/","name":"Custom 3D Embroidery Fitted Snapback Cap | China Manufactuer","isPartOf":{"@id":"https:\/\/sumkcaps.com\/#website"},"primaryImageOfPage":{"@id":"https:\/\/sumkcaps.com\/product\/sufox-231122-custom-six-panel-3d-embroidery-fitted-snapback-cap\/#primaryimage"},"image":{"@id":"https:\/\/sumkcaps.com\/product\/sufox-231122-custom-six-panel-3d-embroidery-fitted-snapback-cap\/#primaryimage"},"thumbnailUrl":"https:\/\/sumkcaps.com\/wp-content\/uploads\/2022\/10\/6_panel_3d_embroidery_fitted_snapback_cap-1-3-scaled.jpg","datePublished":"2022-10-27T01:18:13+00:00","dateModified":"2025-07-10T01:05:57+00:00","description":"Casquette personnalis\u00e9e, casquette \u00e0 logo, casquette de marque, casquette Snapback personnalis\u00e9e, casquette de baseball Snapback personnalis\u00e9e. Fabricant de casquettes haut de gamme depuis 2006. Livraison rapide.","breadcrumb":{"@id":"https:\/\/sumkcaps.com\/product\/sufox-231122-custom-six-panel-3d-embroidery-fitted-snapback-cap\/#breadcrumb"},"inLanguage":"fr-FR","potentialAction":[{"@type":"ReadAction","target":["https:\/\/sumkcaps.com\/product\/sufox-231122-custom-six-panel-3d-embroidery-fitted-snapback-cap\/"]}]},{"@type":"ImageObject","inLanguage":"fr-FR","@id":"https:\/\/sumkcaps.com\/product\/sufox-231122-custom-six-panel-3d-embroidery-fitted-snapback-cap\/#primaryimage","url":"https:\/\/sumkcaps.com\/wp-content\/uploads\/2022\/10\/6_panel_3d_embroidery_fitted_snapback_cap-1-3-scaled.jpg","contentUrl":"https:\/\/sumkcaps.com\/wp-content\/uploads\/2022\/10\/6_panel_3d_embroidery_fitted_snapback_cap-1-3-scaled.jpg","width":2560,"height":2400},{"@type":"BreadcrumbList","@id":"https:\/\/sumkcaps.com\/product\/sufox-231122-custom-six-panel-3d-embroidery-fitted-snapback-cap\/#breadcrumb","itemListElement":[{"@type":"ListItem","position":1,"name":"Home","item":"https:\/\/sumkcaps.com\/"},{"@type":"ListItem","position":2,"name":"Products","item":"https:\/\/sumkcaps.com\/product\/"},{"@type":"ListItem","position":3,"name":"Sumkcaps 231122 Custom Six Panel 3D Embroidery Fitted Snapback Cap"}]},{"@type":"WebSite","@id":"https:\/\/sumkcaps.com\/#website","url":"https:\/\/sumkcaps.com\/","name":"Sumkcaps - Fabricant et fournisseur chinois de couvre-chefs originaux","description":"Nous sommes une entreprise chinoise de fabrication de casquettes et de chapeaux, dont l'activit\u00e9 principale consiste \u00e0 personnaliser les casquettes et les chapeaux en fonction du LOGO du client. Tous les styles de casquettes, toutes les couleurs de casquettes, toutes les quantit\u00e9s, tous les mat\u00e9riaux et toutes les quantit\u00e9s ne posent aucun probl\u00e8me. En d'autres termes, tous les petits d\u00e9tails peuvent \u00eatre personnalis\u00e9s selon votre demande.","publisher":{"@id":"https:\/\/sumkcaps.com\/#organization"},"potentialAction":[{"@type":"SearchAction","target":{"@type":"EntryPoint","urlTemplate":"https:\/\/sumkcaps.com\/?s={search_term_string}"},"query-input":{"@type":"PropertyValueSpecification","valueRequired":true,"valueName":"search_term_string"}}],"inLanguage":"fr-FR"},{"@type":"Organization","@id":"https:\/\/sumkcaps.com\/#organization","name":"Sumkcaps - Fabricant et fournisseur chinois de couvre-chefs originaux","url":"https:\/\/sumkcaps.com\/","logo":{"@type":"ImageObject","inLanguage":"fr-FR","@id":"https:\/\/sumkcaps.com\/#\/schema\/logo\/image\/","url":"https:\/\/sumkcaps.com\/wp-content\/uploads\/2025\/12\/1234.jpg","contentUrl":"https:\/\/sumkcaps.com\/wp-content\/uploads\/2025\/12\/1234.jpg","width":800,"height":800,"caption":"Sumkcaps-China Original Headwear Manufacturer and Suppliers"},"image":{"@id":"https:\/\/sumkcaps.com\/#\/schema\/logo\/image\/"},"sameAs":["https:\/\/www.facebook.com\/sumkcap","https:\/\/www.instagram.com\/sumkcaps7\/","https:\/\/www.pinterest.com\/sumkcapschina\/"]}]}},"taxonomy_info":{"product_cat":[{"value":42,"label":"Snapback Hats Wholesale"}]},"featured_image_src_large":["https:\/\/sumkcaps.com\/wp-content\/uploads\/2022\/10\/6_panel_3d_embroidery_fitted_snapback_cap-1-3-1024x960.jpg",800,750,true],"author_info":[],"comment_info":"","_links":{"self":[{"href":"https:\/\/sumkcaps.com\/fr\/wp-json\/wp\/v2\/product\/18023","targetHints":{"allow":["GET"]}}],"collection":[{"href":"https:\/\/sumkcaps.com\/fr\/wp-json\/wp\/v2\/product"}],"about":[{"href":"https:\/\/sumkcaps.com\/fr\/wp-json\/wp\/v2\/types\/product"}],"wp:featuredmedia":[{"embeddable":true,"href":"https:\/\/sumkcaps.com\/fr\/wp-json\/wp\/v2\/media\/18024"}],"wp:attachment":[{"href":"https:\/\/sumkcaps.com\/fr\/wp-json\/wp\/v2\/media?parent=18023"}],"wp:term":[{"taxonomy":"product_brand","embeddable":true,"href":"https:\/\/sumkcaps.com\/fr\/wp-json\/wp\/v2\/product_brand?post=18023"},{"taxonomy":"product_cat","embeddable":true,"href":"https:\/\/sumkcaps.com\/fr\/wp-json\/wp\/v2\/product_cat?post=18023"},{"taxonomy":"product_tag","embeddable":true,"href":"https:\/\/sumkcaps.com\/fr\/wp-json\/wp\/v2\/product_tag?post=18023"}],"curies":[{"name":"wp","href":"https:\/\/api.w.org\/{rel}","templated":true}]}}