{"id":17347,"date":"2022-10-22T09:16:51","date_gmt":"2022-10-22T01:16:51","guid":{"rendered":"https:\/\/sumkcaps.com\/?post_type=product&#038;p=17347"},"modified":"2026-03-06T09:33:21","modified_gmt":"2026-03-06T01:33:21","slug":"sufox-231036-custom-five-panel-3d-embroidery-snapback-cap","status":"publish","type":"product","link":"https:\/\/sumkcaps.com\/fr\/produit\/sufox-231036-custom-five-panel-embroidery-3d-snapback-cap\/","title":{"rendered":"Sumkcaps 231036 Custom Five Panel 3D Embroidery Snapback Cap"},"content":{"rendered":"<h3 data-start=\"80\" data-end=\"421\"><strong data-start=\"80\" data-end=\"110\">D\u00e9coration<\/strong><\/h3>\n<p data-start=\"80\" data-end=\"421\">Cette casquette snapback est orn\u00e9e d'une broderie 3D de haute qualit\u00e9 qui cr\u00e9e un effet de logo audacieux et en relief. Les coutures d\u00e9taill\u00e9es am\u00e9liorent la visibilit\u00e9 de la marque et conf\u00e8rent \u00e0 la casquette un aspect haut de gamme. Elle est id\u00e9ale pour les marques de streetwear, les \u00e9v\u00e9nements promotionnels ou les marchandises personnalis\u00e9es qui n\u00e9cessitent une identit\u00e9 visuelle forte et \u00e9l\u00e9gante.<\/p>\n<h3 data-start=\"423\" data-end=\"754\"><strong data-start=\"423\" data-end=\"450\">Mat\u00e9riau<\/strong><\/h3>\n<p data-start=\"423\" data-end=\"754\">Fabriqu\u00e9e en tissu acrylique 100% durable, la casquette offre une excellente r\u00e9tention de la forme et une longue dur\u00e9e de vie. Le mat\u00e9riau est l\u00e9ger, confortable et r\u00e9sistant aux plis et \u00e0 la d\u00e9coloration. Il conserve sa structure m\u00eame apr\u00e8s une utilisation prolong\u00e9e, ce qui en fait un choix fiable pour le port quotidien et les commandes personnalis\u00e9es en vrac.<\/p>\n<h3 data-start=\"756\" data-end=\"1065\"><strong data-start=\"756\" data-end=\"783\">Couleur<\/strong><\/h3>\n<p data-start=\"756\" data-end=\"1065\">Cette casquette est d'un rouge \u00e9clatant et peut \u00eatre enti\u00e8rement personnalis\u00e9e. Les marques peuvent choisir parmi une large gamme de couleurs pour correspondre \u00e0 leur identit\u00e9 ou au th\u00e8me de leur campagne. Les options de couleurs personnalis\u00e9es garantissent que la casquette s'harmonise parfaitement avec l'image de votre marque, l'uniforme de votre \u00e9quipe ou votre design promotionnel.<\/p>\n<h3 data-start=\"1067\" data-end=\"1366\"><strong data-start=\"1067\" data-end=\"1100\">Taille<\/strong><\/h3>\n<p data-start=\"1067\" data-end=\"1366\">Con\u00e7ue avec une fermeture r\u00e9glable, la casquette offre un ajustement confortable pour la plupart des tailles de t\u00eate (7 - 7 3\/4). La souplesse de la taille permet un ajustement facile et un maintien s\u00fbr, ce qui la rend adapt\u00e9e \u00e0 diff\u00e9rents utilisateurs tout en conservant la silhouette classique de la casquette \u00e0 visi\u00e8re.<\/p>\n<h3 data-start=\"1368\" data-end=\"1646\"><strong data-start=\"1368\" data-end=\"1389\">Visi\u00e8re<\/strong><\/h3>\n<p data-start=\"1368\" data-end=\"1646\">La visi\u00e8re \u00e0 bord plat conf\u00e8re un style streetwear moderne tout en offrant une protection solaire efficace. Son design structur\u00e9 permet \u00e0 la casquette de conserver un profil net et tendance, ce qui la rend populaire aupr\u00e8s des marques de mode, des \u00e9quipes sportives et des collections de style de vie.<\/p>\n<h3 data-start=\"1648\" data-end=\"1941\"><strong data-start=\"1648\" data-end=\"1671\">Service<\/strong><\/h3>\n<p data-start=\"1648\" data-end=\"1941\">Sumkcaps propose des services OEM et ODM complets, permettant aux clients de personnaliser enti\u00e8rement les logos, les mat\u00e9riaux, les couleurs, les \u00e9tiquettes et les emballages. Nos \u00e9quipes professionnelles de conception et de production travaillent en \u00e9troite collaboration avec les marques pour transformer les id\u00e9es cr\u00e9atives en casquettes personnalis\u00e9es de haute qualit\u00e9.<\/p>\n<h3 data-start=\"1943\" data-end=\"2271\"><strong data-start=\"1943\" data-end=\"1962\">D\u00e9lai d'ex\u00e9cution<\/strong><\/h3>\n<p data-start=\"1943\" data-end=\"2271\" data-is-last-node=\"\" data-is-only-node=\"\">Nous proposons des d\u00e9lais de production efficaces pour r\u00e9pondre aux besoins de votre entreprise. La production d'\u00e9chantillons prend g\u00e9n\u00e9ralement <strong data-start=\"2071\" data-end=\"2091\">7-9 jours ouvrables<\/strong>, Vous avez ainsi la possibilit\u00e9 de revoir la conception avant la production en s\u00e9rie. La production en s\u00e9rie est r\u00e9alis\u00e9e dans un d\u00e9lai de <strong data-start=\"2187\" data-end=\"2209\">18-22 jours ouvrables<\/strong>, Le syst\u00e8me de contr\u00f4le de la qualit\u00e9 de l'eau est un \u00e9l\u00e9ment essentiel de la gestion de l'eau, garantissant une livraison fiable pour les lancements en gros ou au d\u00e9tail.<\/p>","protected":false},"excerpt":{"rendered":"<p>Sumkcaps 231036 Custom Five Panel 3D Embroidery Snapback Cap est l'un des styles de casquette les plus populaires, l\u00e9ger et respirant. Nos Snapbacks sont disponibles dans une vari\u00e9t\u00e9 de styles et de couleurs de toutes les grandes marques.<\/p>","protected":false},"featured_media":17348,"template":"","meta":{"_acf_changed":false,"_kad_blocks_custom_css":"","_kad_blocks_head_custom_js":"","_kad_blocks_body_custom_js":"","_kad_blocks_footer_custom_js":""},"product_brand":[],"product_cat":[42],"product_tag":[],"class_list":{"0":"post-17347","1":"product","2":"type-product","3":"status-publish","4":"has-post-thumbnail","6":"product_cat-snapback-cap","8":"first","9":"outofstock","10":"shipping-taxable","11":"product-type-simple"},"acf":[],"yoast_head":"<!-- This site is optimized with the Yoast SEO Premium plugin v20.8 (Yoast SEO v25.9) - https:\/\/yoast.com\/wordpress\/plugins\/seo\/ -->\n<title>Custom 3D Embroidery Snapback Cap | China Manufactuer<\/title>\n<meta name=\"description\" content=\"More Than 10 Years Of Experience In The Headwear Industry. Cap Manufacturers.100% Satisfaction Guarantee. Expert Service. Bulk Discount. Quick delivery.\" \/>\n<meta name=\"robots\" content=\"index, follow, max-snippet:-1, max-image-preview:large, max-video-preview:-1\" \/>\n<link rel=\"canonical\" href=\"https:\/\/sumkcaps.com\/fr\/produit\/sufox-231036-custom-five-panel-embroidery-3d-snapback-cap\/\" \/>\n<meta property=\"og:locale\" content=\"fr_FR\" \/>\n<meta property=\"og:type\" content=\"article\" \/>\n<meta property=\"og:title\" content=\"Sumkcaps 231036 Custom Five Panel 3D Embroidery Snapback Cap - Sumkcaps\" \/>\n<meta property=\"og:description\" content=\"More Than 10 Years Of Experience In The Headwear Industry. Cap Manufacturers.100% Satisfaction Guarantee. Expert Service. Bulk Discount. Quick delivery.\" \/>\n<meta property=\"og:url\" content=\"https:\/\/sumkcaps.com\/fr\/produit\/sufox-231036-custom-five-panel-embroidery-3d-snapback-cap\/\" \/>\n<meta property=\"og:site_name\" content=\"Sumkcaps-China Original Headwear Manufacturer and Suppliers\" \/>\n<meta property=\"article:publisher\" content=\"https:\/\/www.facebook.com\/sumkcap\" \/>\n<meta property=\"article:modified_time\" content=\"2026-03-06T01:33:21+00:00\" \/>\n<meta property=\"og:image\" content=\"https:\/\/sumkcaps.com\/wp-content\/uploads\/2022\/10\/5_panel_3d_embroidery_snapback_cap-1.jpg\" \/>\n\t<meta property=\"og:image:width\" content=\"800\" \/>\n\t<meta property=\"og:image:height\" content=\"800\" \/>\n\t<meta property=\"og:image:type\" content=\"image\/jpeg\" \/>\n<meta name=\"twitter:card\" content=\"summary_large_image\" \/>\n<meta name=\"twitter:label1\" content=\"Dur\u00e9e de lecture estim\u00e9e\" \/>\n\t<meta name=\"twitter:data1\" content=\"2 minutes\" \/>\n<script type=\"application\/ld+json\" class=\"yoast-schema-graph\">{\"@context\":\"https:\/\/schema.org\",\"@graph\":[{\"@type\":\"WebPage\",\"@id\":\"https:\/\/sumkcaps.com\/product\/sufox-231036-custom-five-panel-3d-embroidery-snapback-cap\/\",\"url\":\"https:\/\/sumkcaps.com\/product\/sufox-231036-custom-five-panel-3d-embroidery-snapback-cap\/\",\"name\":\"Custom 3D Embroidery Snapback Cap | China Manufactuer\",\"isPartOf\":{\"@id\":\"https:\/\/sumkcaps.com\/#website\"},\"primaryImageOfPage\":{\"@id\":\"https:\/\/sumkcaps.com\/product\/sufox-231036-custom-five-panel-3d-embroidery-snapback-cap\/#primaryimage\"},\"image\":{\"@id\":\"https:\/\/sumkcaps.com\/product\/sufox-231036-custom-five-panel-3d-embroidery-snapback-cap\/#primaryimage\"},\"thumbnailUrl\":\"https:\/\/sumkcaps.com\/wp-content\/uploads\/2022\/10\/5_panel_3d_embroidery_snapback_cap-1.jpg\",\"datePublished\":\"2022-10-22T01:16:51+00:00\",\"dateModified\":\"2026-03-06T01:33:21+00:00\",\"description\":\"More Than 10 Years Of Experience In The Headwear Industry. Cap Manufacturers.100% Satisfaction Guarantee. Expert Service. Bulk Discount. Quick delivery.\",\"breadcrumb\":{\"@id\":\"https:\/\/sumkcaps.com\/product\/sufox-231036-custom-five-panel-3d-embroidery-snapback-cap\/#breadcrumb\"},\"inLanguage\":\"fr-FR\",\"potentialAction\":[{\"@type\":\"ReadAction\",\"target\":[\"https:\/\/sumkcaps.com\/product\/sufox-231036-custom-five-panel-3d-embroidery-snapback-cap\/\"]}]},{\"@type\":\"ImageObject\",\"inLanguage\":\"fr-FR\",\"@id\":\"https:\/\/sumkcaps.com\/product\/sufox-231036-custom-five-panel-3d-embroidery-snapback-cap\/#primaryimage\",\"url\":\"https:\/\/sumkcaps.com\/wp-content\/uploads\/2022\/10\/5_panel_3d_embroidery_snapback_cap-1.jpg\",\"contentUrl\":\"https:\/\/sumkcaps.com\/wp-content\/uploads\/2022\/10\/5_panel_3d_embroidery_snapback_cap-1.jpg\",\"width\":800,\"height\":800},{\"@type\":\"BreadcrumbList\",\"@id\":\"https:\/\/sumkcaps.com\/product\/sufox-231036-custom-five-panel-3d-embroidery-snapback-cap\/#breadcrumb\",\"itemListElement\":[{\"@type\":\"ListItem\",\"position\":1,\"name\":\"Home\",\"item\":\"https:\/\/sumkcaps.com\/\"},{\"@type\":\"ListItem\",\"position\":2,\"name\":\"Products\",\"item\":\"https:\/\/sumkcaps.com\/product\/\"},{\"@type\":\"ListItem\",\"position\":3,\"name\":\"Sumkcaps 231036 Custom Five Panel 3D Embroidery Snapback Cap\"}]},{\"@type\":\"WebSite\",\"@id\":\"https:\/\/sumkcaps.com\/#website\",\"url\":\"https:\/\/sumkcaps.com\/\",\"name\":\"Sumkcaps-China Original Headwear Manufacturer and Suppliers\",\"description\":\"We are China Cap And Hat Original Factory, whose main business is to custom cap and hat as client&#039;s LOGO. Any cap style, any cap color, any qty, any material and qty is no problem. In one words, any small details can be customized as your request.\",\"publisher\":{\"@id\":\"https:\/\/sumkcaps.com\/#organization\"},\"potentialAction\":[{\"@type\":\"SearchAction\",\"target\":{\"@type\":\"EntryPoint\",\"urlTemplate\":\"https:\/\/sumkcaps.com\/?s={search_term_string}\"},\"query-input\":{\"@type\":\"PropertyValueSpecification\",\"valueRequired\":true,\"valueName\":\"search_term_string\"}}],\"inLanguage\":\"fr-FR\"},{\"@type\":\"Organization\",\"@id\":\"https:\/\/sumkcaps.com\/#organization\",\"name\":\"Sumkcaps-China Original Headwear Manufacturer and Suppliers\",\"url\":\"https:\/\/sumkcaps.com\/\",\"logo\":{\"@type\":\"ImageObject\",\"inLanguage\":\"fr-FR\",\"@id\":\"https:\/\/sumkcaps.com\/#\/schema\/logo\/image\/\",\"url\":\"https:\/\/sumkcaps.com\/wp-content\/uploads\/2025\/12\/1234.jpg\",\"contentUrl\":\"https:\/\/sumkcaps.com\/wp-content\/uploads\/2025\/12\/1234.jpg\",\"width\":800,\"height\":800,\"caption\":\"Sumkcaps-China Original Headwear Manufacturer and Suppliers\"},\"image\":{\"@id\":\"https:\/\/sumkcaps.com\/#\/schema\/logo\/image\/\"},\"sameAs\":[\"https:\/\/www.facebook.com\/sumkcap\",\"https:\/\/www.instagram.com\/sumkcaps7\/\",\"https:\/\/www.pinterest.com\/sumkcapschina\/\"]}]}<\/script>\n<!-- \/ Yoast SEO Premium plugin. -->","yoast_head_json":{"title":"Custom 3D Embroidery Snapback Cap | China Manufactuer","description":"Plus de 10 ans d'exp\u00e9rience dans l'industrie du couvre-chef. Fabricants de casquettes.100% Garantie de satisfaction. Service d'expert. Remise en vrac. Livraison rapide.","robots":{"index":"index","follow":"follow","max-snippet":"max-snippet:-1","max-image-preview":"max-image-preview:large","max-video-preview":"max-video-preview:-1"},"canonical":"https:\/\/sumkcaps.com\/fr\/produit\/sufox-231036-custom-five-panel-embroidery-3d-snapback-cap\/","og_locale":"fr_FR","og_type":"article","og_title":"Sumkcaps 231036 Custom Five Panel 3D Embroidery Snapback Cap - Sumkcaps","og_description":"More Than 10 Years Of Experience In The Headwear Industry. Cap Manufacturers.100% Satisfaction Guarantee. Expert Service. Bulk Discount. Quick delivery.","og_url":"https:\/\/sumkcaps.com\/fr\/produit\/sufox-231036-custom-five-panel-embroidery-3d-snapback-cap\/","og_site_name":"Sumkcaps-China Original Headwear Manufacturer and Suppliers","article_publisher":"https:\/\/www.facebook.com\/sumkcap","article_modified_time":"2026-03-06T01:33:21+00:00","og_image":[{"width":800,"height":800,"url":"https:\/\/sumkcaps.com\/wp-content\/uploads\/2022\/10\/5_panel_3d_embroidery_snapback_cap-1.jpg","type":"image\/jpeg"}],"twitter_card":"summary_large_image","twitter_misc":{"Dur\u00e9e de lecture estim\u00e9e":"2 minutes"},"schema":{"@context":"https:\/\/schema.org","@graph":[{"@type":"WebPage","@id":"https:\/\/sumkcaps.com\/product\/sufox-231036-custom-five-panel-3d-embroidery-snapback-cap\/","url":"https:\/\/sumkcaps.com\/product\/sufox-231036-custom-five-panel-3d-embroidery-snapback-cap\/","name":"Custom 3D Embroidery Snapback Cap | China Manufactuer","isPartOf":{"@id":"https:\/\/sumkcaps.com\/#website"},"primaryImageOfPage":{"@id":"https:\/\/sumkcaps.com\/product\/sufox-231036-custom-five-panel-3d-embroidery-snapback-cap\/#primaryimage"},"image":{"@id":"https:\/\/sumkcaps.com\/product\/sufox-231036-custom-five-panel-3d-embroidery-snapback-cap\/#primaryimage"},"thumbnailUrl":"https:\/\/sumkcaps.com\/wp-content\/uploads\/2022\/10\/5_panel_3d_embroidery_snapback_cap-1.jpg","datePublished":"2022-10-22T01:16:51+00:00","dateModified":"2026-03-06T01:33:21+00:00","description":"Plus de 10 ans d'exp\u00e9rience dans l'industrie du couvre-chef. Fabricants de casquettes.100% Garantie de satisfaction. Service d'expert. Remise en vrac. Livraison rapide.","breadcrumb":{"@id":"https:\/\/sumkcaps.com\/product\/sufox-231036-custom-five-panel-3d-embroidery-snapback-cap\/#breadcrumb"},"inLanguage":"fr-FR","potentialAction":[{"@type":"ReadAction","target":["https:\/\/sumkcaps.com\/product\/sufox-231036-custom-five-panel-3d-embroidery-snapback-cap\/"]}]},{"@type":"ImageObject","inLanguage":"fr-FR","@id":"https:\/\/sumkcaps.com\/product\/sufox-231036-custom-five-panel-3d-embroidery-snapback-cap\/#primaryimage","url":"https:\/\/sumkcaps.com\/wp-content\/uploads\/2022\/10\/5_panel_3d_embroidery_snapback_cap-1.jpg","contentUrl":"https:\/\/sumkcaps.com\/wp-content\/uploads\/2022\/10\/5_panel_3d_embroidery_snapback_cap-1.jpg","width":800,"height":800},{"@type":"BreadcrumbList","@id":"https:\/\/sumkcaps.com\/product\/sufox-231036-custom-five-panel-3d-embroidery-snapback-cap\/#breadcrumb","itemListElement":[{"@type":"ListItem","position":1,"name":"Home","item":"https:\/\/sumkcaps.com\/"},{"@type":"ListItem","position":2,"name":"Products","item":"https:\/\/sumkcaps.com\/product\/"},{"@type":"ListItem","position":3,"name":"Sumkcaps 231036 Custom Five Panel 3D Embroidery Snapback Cap"}]},{"@type":"WebSite","@id":"https:\/\/sumkcaps.com\/#website","url":"https:\/\/sumkcaps.com\/","name":"Sumkcaps - Fabricant et fournisseur chinois de couvre-chefs originaux","description":"Nous sommes une entreprise chinoise de fabrication de casquettes et de chapeaux, dont l'activit\u00e9 principale consiste \u00e0 personnaliser les casquettes et les chapeaux en fonction du LOGO du client. Tous les styles de casquettes, toutes les couleurs de casquettes, toutes les quantit\u00e9s, tous les mat\u00e9riaux et toutes les quantit\u00e9s ne posent aucun probl\u00e8me. En d'autres termes, tous les petits d\u00e9tails peuvent \u00eatre personnalis\u00e9s selon votre demande.","publisher":{"@id":"https:\/\/sumkcaps.com\/#organization"},"potentialAction":[{"@type":"SearchAction","target":{"@type":"EntryPoint","urlTemplate":"https:\/\/sumkcaps.com\/?s={search_term_string}"},"query-input":{"@type":"PropertyValueSpecification","valueRequired":true,"valueName":"search_term_string"}}],"inLanguage":"fr-FR"},{"@type":"Organization","@id":"https:\/\/sumkcaps.com\/#organization","name":"Sumkcaps - Fabricant et fournisseur chinois de couvre-chefs originaux","url":"https:\/\/sumkcaps.com\/","logo":{"@type":"ImageObject","inLanguage":"fr-FR","@id":"https:\/\/sumkcaps.com\/#\/schema\/logo\/image\/","url":"https:\/\/sumkcaps.com\/wp-content\/uploads\/2025\/12\/1234.jpg","contentUrl":"https:\/\/sumkcaps.com\/wp-content\/uploads\/2025\/12\/1234.jpg","width":800,"height":800,"caption":"Sumkcaps-China Original Headwear Manufacturer and Suppliers"},"image":{"@id":"https:\/\/sumkcaps.com\/#\/schema\/logo\/image\/"},"sameAs":["https:\/\/www.facebook.com\/sumkcap","https:\/\/www.instagram.com\/sumkcaps7\/","https:\/\/www.pinterest.com\/sumkcapschina\/"]}]}},"taxonomy_info":{"product_cat":[{"value":42,"label":"Snapback Hats Wholesale"}]},"featured_image_src_large":["https:\/\/sumkcaps.com\/wp-content\/uploads\/2022\/10\/5_panel_3d_embroidery_snapback_cap-1.jpg",800,800,false],"author_info":[],"comment_info":"","_links":{"self":[{"href":"https:\/\/sumkcaps.com\/fr\/wp-json\/wp\/v2\/product\/17347","targetHints":{"allow":["GET"]}}],"collection":[{"href":"https:\/\/sumkcaps.com\/fr\/wp-json\/wp\/v2\/product"}],"about":[{"href":"https:\/\/sumkcaps.com\/fr\/wp-json\/wp\/v2\/types\/product"}],"wp:featuredmedia":[{"embeddable":true,"href":"https:\/\/sumkcaps.com\/fr\/wp-json\/wp\/v2\/media\/17348"}],"wp:attachment":[{"href":"https:\/\/sumkcaps.com\/fr\/wp-json\/wp\/v2\/media?parent=17347"}],"wp:term":[{"taxonomy":"product_brand","embeddable":true,"href":"https:\/\/sumkcaps.com\/fr\/wp-json\/wp\/v2\/product_brand?post=17347"},{"taxonomy":"product_cat","embeddable":true,"href":"https:\/\/sumkcaps.com\/fr\/wp-json\/wp\/v2\/product_cat?post=17347"},{"taxonomy":"product_tag","embeddable":true,"href":"https:\/\/sumkcaps.com\/fr\/wp-json\/wp\/v2\/product_tag?post=17347"}],"curies":[{"name":"wp","href":"https:\/\/api.w.org\/{rel}","templated":true}]}}