{"id":17038,"date":"2022-10-19T10:59:04","date_gmt":"2022-10-19T02:59:04","guid":{"rendered":"https:\/\/sumkcaps.com\/?post_type=product&#038;p=17038"},"modified":"2025-12-17T15:02:36","modified_gmt":"2025-12-17T07:02:36","slug":"sufox-231004-custom-six-panel-flat-embroidery-baseball-cap","status":"publish","type":"product","link":"https:\/\/sumkcaps.com\/fr\/produit\/sufox-231004-custom-six-panel-flat-embroidery-baseball-cap\/","title":{"rendered":"Sumkcaps 231004 Custom Six Panel Flat Embroidery Baseball Cap"},"content":{"rendered":"<h3 data-start=\"247\" data-end=\"670\"><strong data-start=\"247\" data-end=\"287\">D\u00e9coration<\/strong><\/h3>\n<p data-start=\"247\" data-end=\"670\">Cette casquette de baseball est orn\u00e9e d'une broderie plate nette et pr\u00e9cise, qui conf\u00e8re un aspect soign\u00e9 et professionnel aux logos, textes ou illustrations personnalis\u00e9es. La broderie repose parfaitement \u00e0 plat sur la surface, garantissant une durabilit\u00e9 \u00e0 long terme sans volume suppl\u00e9mentaire. Id\u00e9ale pour la promotion de marques, les articles promotionnels d'entreprise, les collections de vente au d\u00e9tail ou les tenues d'\u00e9quipe, la broderie plate offre une option de d\u00e9coration intemporelle et polyvalente.<\/p>\n<h3 data-start=\"672\" data-end=\"1051\"><strong data-start=\"672\" data-end=\"696\">Mat\u00e9riau<\/strong><\/h3>\n<p data-start=\"672\" data-end=\"1051\">Fabriqu\u00e9e \u00e0 partir d'un tissu polyester de haute qualit\u00e9, cette casquette offre une excellente durabilit\u00e9, une r\u00e9sistance aux plis et une bonne tenue des couleurs. Sa mati\u00e8re l\u00e9g\u00e8re mais robuste garantit un confort tout au long de la journ\u00e9e tout en conservant sa forme. Le polyester est \u00e9galement facile d'entretien, ce qui rend cette casquette adapt\u00e9e \u00e0 un usage fr\u00e9quent dans le commerce de d\u00e9tail, lors d'\u00e9v\u00e9nements promotionnels et dans le cadre d'une tenue d\u00e9contract\u00e9e au quotidien.<\/p>\n<h3 data-start=\"1053\" data-end=\"1393\"><strong data-start=\"1053\" data-end=\"1075\">Couleur<\/strong><\/h3>\n<p data-start=\"1053\" data-end=\"1393\">La casquette est disponible dans des couleurs enti\u00e8rement personnalis\u00e9es pour correspondre \u00e0 l'identit\u00e9 de votre marque ou \u00e0 vos collections saisonni\u00e8res. Des tons neutres classiques aux teintes vives et audacieuses, les options de couleurs flexibles vous permettent de cr\u00e9er des designs uniques qui se d\u00e9marquent sur le march\u00e9. La teinture personnalis\u00e9e garantit une qualit\u00e9 de couleur constante pour les commandes de production en gros.<\/p>\n<h3 data-start=\"1395\" data-end=\"1715\"><strong data-start=\"1395\" data-end=\"1428\">Taille<\/strong><\/h3>\n<p data-start=\"1395\" data-end=\"1715\">Con\u00e7ue avec une structure OSFM, cette casquette de baseball \u00e0 six panneaux s'adapte confortablement aux tours de t\u00eate de 7 \u00e0 7 3\/4. La couronne structur\u00e9e et la fermeture r\u00e9glable offrent un ajustement s\u00fbr et flexible, ce qui la rend adapt\u00e9e \u00e0 la plupart des adultes. Elle offre \u00e0 la fois confort et silhouette \u00e9pur\u00e9e pour un usage quotidien.<\/p>\n<h3 data-start=\"1717\" data-end=\"2052\"><strong data-start=\"1717\" data-end=\"1739\">Visi\u00e8re<\/strong><\/h3>\n<p data-start=\"1717\" data-end=\"2052\">La visi\u00e8re pr\u00e9-courb\u00e9e offre un look classique de casquette de baseball tout en offrant une protection solaire pratique. Sa forme met en valeur les contours du visage et ajoute une touche sportive et d\u00e9contract\u00e9e. La visi\u00e8re conserve sa courbure au fil du temps, garantissant un style et une fonctionnalit\u00e9 constants pour les activit\u00e9s de plein air, les promotions ou une utilisation d\u00e9contract\u00e9e.<\/p>\n<h3 data-start=\"2054\" data-end=\"2393\"><strong data-start=\"2054\" data-end=\"2077\">Service<\/strong><\/h3>\n<p data-start=\"2054\" data-end=\"2393\">Nous fournissons des services OEM et ODM professionnels, prenant en charge les conceptions personnalis\u00e9es, le placement de logos, l'\u00e9tiquetage, l'emballage et la production en vrac. Du d\u00e9veloppement du concept \u00e0 la livraison finale, notre \u00e9quipe travaille en \u00e9troite collaboration avec les clients afin de garantir la qualit\u00e9, la coh\u00e9rence et le respect des d\u00e9lais pour les marques de distributeur et les partenaires grossistes.<\/p>","protected":false},"excerpt":{"rendered":"<p>Sumkcaps 231004 Custom Six Panel Flat Embroidery Baseball Cap est l'un des styles de casquettes les plus populaires, l\u00e9ger et respirant. Nos Snapbacks sont disponibles dans une vari\u00e9t\u00e9 de styles et de couleurs de toutes les grandes marques.<\/p>","protected":false},"featured_media":17039,"template":"","meta":{"_acf_changed":false,"_kad_blocks_custom_css":"","_kad_blocks_head_custom_js":"","_kad_blocks_body_custom_js":"","_kad_blocks_footer_custom_js":""},"product_brand":[],"product_cat":[38],"product_tag":[],"class_list":{"0":"post-17038","1":"product","2":"type-product","3":"status-publish","4":"has-post-thumbnail","6":"product_cat-baseball-cap-supplier","8":"first","9":"outofstock","10":"shipping-taxable","11":"product-type-simple"},"acf":[],"yoast_head":"<!-- This site is optimized with the Yoast SEO Premium plugin v20.8 (Yoast SEO v25.9) - https:\/\/yoast.com\/wordpress\/plugins\/seo\/ -->\n<title>Custom Flat Embroidery Baseball Cap | China Manufactuer<\/title>\n<meta name=\"description\" content=\"High Quality Cap Head Wear With Professional Custom Design Service Available. Add Your Logo or Custom Design Online. Expert Service. Bulk Discount.\" \/>\n<meta name=\"robots\" content=\"index, follow, max-snippet:-1, max-image-preview:large, max-video-preview:-1\" \/>\n<link rel=\"canonical\" href=\"https:\/\/sumkcaps.com\/fr\/produit\/sufox-231004-custom-six-panel-flat-embroidery-baseball-cap\/\" \/>\n<meta property=\"og:locale\" content=\"fr_FR\" \/>\n<meta property=\"og:type\" content=\"article\" \/>\n<meta property=\"og:title\" content=\"Sumkcaps 231004 Custom Six Panel Flat Embroidery Baseball Cap - Sumkcaps\" \/>\n<meta property=\"og:description\" content=\"High Quality Cap Head Wear With Professional Custom Design Service Available. Add Your Logo or Custom Design Online. Expert Service. Bulk Discount.\" \/>\n<meta property=\"og:url\" content=\"https:\/\/sumkcaps.com\/fr\/produit\/sufox-231004-custom-six-panel-flat-embroidery-baseball-cap\/\" \/>\n<meta property=\"og:site_name\" content=\"Sumkcaps-China Original Headwear Manufacturer and Suppliers\" \/>\n<meta property=\"article:publisher\" content=\"https:\/\/www.facebook.com\/sumkcap\" \/>\n<meta property=\"article:modified_time\" content=\"2025-12-17T07:02:36+00:00\" \/>\n<meta property=\"og:image\" content=\"https:\/\/sumkcaps.com\/wp-content\/uploads\/2022\/10\/6_panel_flat_embroidery_baseball_cap-1.jpg\" \/>\n\t<meta property=\"og:image:width\" content=\"800\" \/>\n\t<meta property=\"og:image:height\" content=\"800\" \/>\n\t<meta property=\"og:image:type\" content=\"image\/jpeg\" \/>\n<meta name=\"twitter:card\" content=\"summary_large_image\" \/>\n<meta name=\"twitter:label1\" content=\"Dur\u00e9e de lecture estim\u00e9e\" \/>\n\t<meta name=\"twitter:data1\" content=\"2 minutes\" \/>\n<script type=\"application\/ld+json\" class=\"yoast-schema-graph\">{\"@context\":\"https:\/\/schema.org\",\"@graph\":[{\"@type\":\"WebPage\",\"@id\":\"https:\/\/sumkcaps.com\/product\/sufox-231004-custom-six-panel-flat-embroidery-baseball-cap\/\",\"url\":\"https:\/\/sumkcaps.com\/product\/sufox-231004-custom-six-panel-flat-embroidery-baseball-cap\/\",\"name\":\"Custom Flat Embroidery Baseball Cap | China Manufactuer\",\"isPartOf\":{\"@id\":\"https:\/\/sumkcaps.com\/#website\"},\"primaryImageOfPage\":{\"@id\":\"https:\/\/sumkcaps.com\/product\/sufox-231004-custom-six-panel-flat-embroidery-baseball-cap\/#primaryimage\"},\"image\":{\"@id\":\"https:\/\/sumkcaps.com\/product\/sufox-231004-custom-six-panel-flat-embroidery-baseball-cap\/#primaryimage\"},\"thumbnailUrl\":\"https:\/\/sumkcaps.com\/wp-content\/uploads\/2022\/10\/6_panel_flat_embroidery_baseball_cap-1.jpg\",\"datePublished\":\"2022-10-19T02:59:04+00:00\",\"dateModified\":\"2025-12-17T07:02:36+00:00\",\"description\":\"High Quality Cap Head Wear With Professional Custom Design Service Available. Add Your Logo or Custom Design Online. Expert Service. Bulk Discount.\",\"breadcrumb\":{\"@id\":\"https:\/\/sumkcaps.com\/product\/sufox-231004-custom-six-panel-flat-embroidery-baseball-cap\/#breadcrumb\"},\"inLanguage\":\"fr-FR\",\"potentialAction\":[{\"@type\":\"ReadAction\",\"target\":[\"https:\/\/sumkcaps.com\/product\/sufox-231004-custom-six-panel-flat-embroidery-baseball-cap\/\"]}]},{\"@type\":\"ImageObject\",\"inLanguage\":\"fr-FR\",\"@id\":\"https:\/\/sumkcaps.com\/product\/sufox-231004-custom-six-panel-flat-embroidery-baseball-cap\/#primaryimage\",\"url\":\"https:\/\/sumkcaps.com\/wp-content\/uploads\/2022\/10\/6_panel_flat_embroidery_baseball_cap-1.jpg\",\"contentUrl\":\"https:\/\/sumkcaps.com\/wp-content\/uploads\/2022\/10\/6_panel_flat_embroidery_baseball_cap-1.jpg\",\"width\":800,\"height\":800},{\"@type\":\"BreadcrumbList\",\"@id\":\"https:\/\/sumkcaps.com\/product\/sufox-231004-custom-six-panel-flat-embroidery-baseball-cap\/#breadcrumb\",\"itemListElement\":[{\"@type\":\"ListItem\",\"position\":1,\"name\":\"Home\",\"item\":\"https:\/\/sumkcaps.com\/\"},{\"@type\":\"ListItem\",\"position\":2,\"name\":\"Products\",\"item\":\"https:\/\/sumkcaps.com\/product\/\"},{\"@type\":\"ListItem\",\"position\":3,\"name\":\"Sumkcaps 231004 Custom Six Panel Flat Embroidery Baseball Cap\"}]},{\"@type\":\"WebSite\",\"@id\":\"https:\/\/sumkcaps.com\/#website\",\"url\":\"https:\/\/sumkcaps.com\/\",\"name\":\"Sumkcaps-China Original Headwear Manufacturer and Suppliers\",\"description\":\"We are China Cap And Hat Original Factory, whose main business is to custom cap and hat as client&#039;s LOGO. Any cap style, any cap color, any qty, any material and qty is no problem. In one words, any small details can be customized as your request.\",\"publisher\":{\"@id\":\"https:\/\/sumkcaps.com\/#organization\"},\"potentialAction\":[{\"@type\":\"SearchAction\",\"target\":{\"@type\":\"EntryPoint\",\"urlTemplate\":\"https:\/\/sumkcaps.com\/?s={search_term_string}\"},\"query-input\":{\"@type\":\"PropertyValueSpecification\",\"valueRequired\":true,\"valueName\":\"search_term_string\"}}],\"inLanguage\":\"fr-FR\"},{\"@type\":\"Organization\",\"@id\":\"https:\/\/sumkcaps.com\/#organization\",\"name\":\"Sumkcaps-China Original Headwear Manufacturer and Suppliers\",\"url\":\"https:\/\/sumkcaps.com\/\",\"logo\":{\"@type\":\"ImageObject\",\"inLanguage\":\"fr-FR\",\"@id\":\"https:\/\/sumkcaps.com\/#\/schema\/logo\/image\/\",\"url\":\"https:\/\/sumkcaps.com\/wp-content\/uploads\/2025\/12\/1234.jpg\",\"contentUrl\":\"https:\/\/sumkcaps.com\/wp-content\/uploads\/2025\/12\/1234.jpg\",\"width\":800,\"height\":800,\"caption\":\"Sumkcaps-China Original Headwear Manufacturer and Suppliers\"},\"image\":{\"@id\":\"https:\/\/sumkcaps.com\/#\/schema\/logo\/image\/\"},\"sameAs\":[\"https:\/\/www.facebook.com\/sumkcap\",\"https:\/\/www.instagram.com\/sumkcaps7\/\",\"https:\/\/www.pinterest.com\/sumkcapschina\/\"]}]}<\/script>\n<!-- \/ Yoast SEO Premium plugin. -->","yoast_head_json":{"title":"Casquette de baseball \u00e0 broderie plate personnalis\u00e9e | Fabricant chinois","description":"Casquette de haute qualit\u00e9 avec service professionnel de conception personnalis\u00e9e. Ajoutez votre logo ou votre dessin personnalis\u00e9 en ligne. Service d'expert. Remise en vrac.","robots":{"index":"index","follow":"follow","max-snippet":"max-snippet:-1","max-image-preview":"max-image-preview:large","max-video-preview":"max-video-preview:-1"},"canonical":"https:\/\/sumkcaps.com\/fr\/produit\/sufox-231004-custom-six-panel-flat-embroidery-baseball-cap\/","og_locale":"fr_FR","og_type":"article","og_title":"Sumkcaps 231004 Custom Six Panel Flat Embroidery Baseball Cap - Sumkcaps","og_description":"High Quality Cap Head Wear With Professional Custom Design Service Available. Add Your Logo or Custom Design Online. Expert Service. Bulk Discount.","og_url":"https:\/\/sumkcaps.com\/fr\/produit\/sufox-231004-custom-six-panel-flat-embroidery-baseball-cap\/","og_site_name":"Sumkcaps-China Original Headwear Manufacturer and Suppliers","article_publisher":"https:\/\/www.facebook.com\/sumkcap","article_modified_time":"2025-12-17T07:02:36+00:00","og_image":[{"width":800,"height":800,"url":"https:\/\/sumkcaps.com\/wp-content\/uploads\/2022\/10\/6_panel_flat_embroidery_baseball_cap-1.jpg","type":"image\/jpeg"}],"twitter_card":"summary_large_image","twitter_misc":{"Dur\u00e9e de lecture estim\u00e9e":"2 minutes"},"schema":{"@context":"https:\/\/schema.org","@graph":[{"@type":"WebPage","@id":"https:\/\/sumkcaps.com\/product\/sufox-231004-custom-six-panel-flat-embroidery-baseball-cap\/","url":"https:\/\/sumkcaps.com\/product\/sufox-231004-custom-six-panel-flat-embroidery-baseball-cap\/","name":"Casquette de baseball \u00e0 broderie plate personnalis\u00e9e | Fabricant chinois","isPartOf":{"@id":"https:\/\/sumkcaps.com\/#website"},"primaryImageOfPage":{"@id":"https:\/\/sumkcaps.com\/product\/sufox-231004-custom-six-panel-flat-embroidery-baseball-cap\/#primaryimage"},"image":{"@id":"https:\/\/sumkcaps.com\/product\/sufox-231004-custom-six-panel-flat-embroidery-baseball-cap\/#primaryimage"},"thumbnailUrl":"https:\/\/sumkcaps.com\/wp-content\/uploads\/2022\/10\/6_panel_flat_embroidery_baseball_cap-1.jpg","datePublished":"2022-10-19T02:59:04+00:00","dateModified":"2025-12-17T07:02:36+00:00","description":"Casquette de haute qualit\u00e9 avec service professionnel de conception personnalis\u00e9e. Ajoutez votre logo ou votre dessin personnalis\u00e9 en ligne. Service d'expert. Remise en vrac.","breadcrumb":{"@id":"https:\/\/sumkcaps.com\/product\/sufox-231004-custom-six-panel-flat-embroidery-baseball-cap\/#breadcrumb"},"inLanguage":"fr-FR","potentialAction":[{"@type":"ReadAction","target":["https:\/\/sumkcaps.com\/product\/sufox-231004-custom-six-panel-flat-embroidery-baseball-cap\/"]}]},{"@type":"ImageObject","inLanguage":"fr-FR","@id":"https:\/\/sumkcaps.com\/product\/sufox-231004-custom-six-panel-flat-embroidery-baseball-cap\/#primaryimage","url":"https:\/\/sumkcaps.com\/wp-content\/uploads\/2022\/10\/6_panel_flat_embroidery_baseball_cap-1.jpg","contentUrl":"https:\/\/sumkcaps.com\/wp-content\/uploads\/2022\/10\/6_panel_flat_embroidery_baseball_cap-1.jpg","width":800,"height":800},{"@type":"BreadcrumbList","@id":"https:\/\/sumkcaps.com\/product\/sufox-231004-custom-six-panel-flat-embroidery-baseball-cap\/#breadcrumb","itemListElement":[{"@type":"ListItem","position":1,"name":"Home","item":"https:\/\/sumkcaps.com\/"},{"@type":"ListItem","position":2,"name":"Products","item":"https:\/\/sumkcaps.com\/product\/"},{"@type":"ListItem","position":3,"name":"Sumkcaps 231004 Custom Six Panel Flat Embroidery Baseball Cap"}]},{"@type":"WebSite","@id":"https:\/\/sumkcaps.com\/#website","url":"https:\/\/sumkcaps.com\/","name":"Sumkcaps - Fabricant et fournisseur chinois de couvre-chefs originaux","description":"Nous sommes une entreprise chinoise de fabrication de casquettes et de chapeaux, dont l'activit\u00e9 principale consiste \u00e0 personnaliser les casquettes et les chapeaux en fonction du LOGO du client. Tous les styles de casquettes, toutes les couleurs de casquettes, toutes les quantit\u00e9s, tous les mat\u00e9riaux et toutes les quantit\u00e9s ne posent aucun probl\u00e8me. En d'autres termes, tous les petits d\u00e9tails peuvent \u00eatre personnalis\u00e9s selon votre demande.","publisher":{"@id":"https:\/\/sumkcaps.com\/#organization"},"potentialAction":[{"@type":"SearchAction","target":{"@type":"EntryPoint","urlTemplate":"https:\/\/sumkcaps.com\/?s={search_term_string}"},"query-input":{"@type":"PropertyValueSpecification","valueRequired":true,"valueName":"search_term_string"}}],"inLanguage":"fr-FR"},{"@type":"Organization","@id":"https:\/\/sumkcaps.com\/#organization","name":"Sumkcaps - Fabricant et fournisseur chinois de couvre-chefs originaux","url":"https:\/\/sumkcaps.com\/","logo":{"@type":"ImageObject","inLanguage":"fr-FR","@id":"https:\/\/sumkcaps.com\/#\/schema\/logo\/image\/","url":"https:\/\/sumkcaps.com\/wp-content\/uploads\/2025\/12\/1234.jpg","contentUrl":"https:\/\/sumkcaps.com\/wp-content\/uploads\/2025\/12\/1234.jpg","width":800,"height":800,"caption":"Sumkcaps-China Original Headwear Manufacturer and Suppliers"},"image":{"@id":"https:\/\/sumkcaps.com\/#\/schema\/logo\/image\/"},"sameAs":["https:\/\/www.facebook.com\/sumkcap","https:\/\/www.instagram.com\/sumkcaps7\/","https:\/\/www.pinterest.com\/sumkcapschina\/"]}]}},"taxonomy_info":{"product_cat":[{"value":38,"label":"Baseball Cap"}]},"featured_image_src_large":["https:\/\/sumkcaps.com\/wp-content\/uploads\/2022\/10\/6_panel_flat_embroidery_baseball_cap-1.jpg",800,800,false],"author_info":[],"comment_info":"","_links":{"self":[{"href":"https:\/\/sumkcaps.com\/fr\/wp-json\/wp\/v2\/product\/17038","targetHints":{"allow":["GET"]}}],"collection":[{"href":"https:\/\/sumkcaps.com\/fr\/wp-json\/wp\/v2\/product"}],"about":[{"href":"https:\/\/sumkcaps.com\/fr\/wp-json\/wp\/v2\/types\/product"}],"wp:featuredmedia":[{"embeddable":true,"href":"https:\/\/sumkcaps.com\/fr\/wp-json\/wp\/v2\/media\/17039"}],"wp:attachment":[{"href":"https:\/\/sumkcaps.com\/fr\/wp-json\/wp\/v2\/media?parent=17038"}],"wp:term":[{"taxonomy":"product_brand","embeddable":true,"href":"https:\/\/sumkcaps.com\/fr\/wp-json\/wp\/v2\/product_brand?post=17038"},{"taxonomy":"product_cat","embeddable":true,"href":"https:\/\/sumkcaps.com\/fr\/wp-json\/wp\/v2\/product_cat?post=17038"},{"taxonomy":"product_tag","embeddable":true,"href":"https:\/\/sumkcaps.com\/fr\/wp-json\/wp\/v2\/product_tag?post=17038"}],"curies":[{"name":"wp","href":"https:\/\/api.w.org\/{rel}","templated":true}]}}