{"id":17022,"date":"2022-10-19T10:42:17","date_gmt":"2022-10-19T02:42:17","guid":{"rendered":"https:\/\/sumkcaps.com\/?post_type=product&#038;p=17022"},"modified":"2026-03-10T15:04:56","modified_gmt":"2026-03-10T07:04:56","slug":"sufox-231002-custom-five-panel-embroidered-mens-snapback-cap","status":"publish","type":"product","link":"https:\/\/sumkcaps.com\/fr\/produit\/sufox-231002-custom-five-panel-embroidered-mens-snapback-cap\/","title":{"rendered":"Sumkcaps 231002 Custom Five Panel Embroidered Mens Snapback Cap"},"content":{"rendered":"<div class=\"flex max-w-full flex-col gap-4 grow\">\n<div class=\"min-h-8 text-message relative flex w-full flex-col items-end gap-2 text-start break-words whitespace-normal [.text-message+&amp;]:mt-1\" dir=\"auto\" data-message-author-role=\"assistant\" data-message-id=\"26fbf6e3-4a58-4f16-8b10-8565ccfa3f8d\" data-message-model-slug=\"gpt-5-3\">\n<div class=\"flex w-full flex-col gap-1 empty:hidden\">\n<div class=\"markdown prose dark:prose-invert w-full wrap-break-word light markdown-new-styling\">\n<h3 data-start=\"0\" data-end=\"372\"><strong data-start=\"0\" data-end=\"32\">D\u00e9coration<\/strong><\/h3>\n<p data-start=\"0\" data-end=\"372\">Cette casquette snapback est dot\u00e9e d'une broderie plate nette et durable, offrant une d\u00e9finition pr\u00e9cise du logo et un aspect professionnel. La broderie s'adapte parfaitement \u00e0 la surface du tissu, ce qui la rend id\u00e9ale pour les logos de marque, les embl\u00e8mes d'\u00e9quipe et les conceptions promotionnelles. La broderie plate offre des d\u00e9tails durables et conserve sa forme m\u00eame apr\u00e8s un usage fr\u00e9quent.<\/p>\n<h3 data-start=\"374\" data-end=\"729\"><strong data-start=\"374\" data-end=\"401\">Mat\u00e9riau<\/strong><\/h3>\n<p data-start=\"374\" data-end=\"729\">Fabriqu\u00e9e en tissu acrylique 100% de haute qualit\u00e9, cette casquette offre une excellente durabilit\u00e9, une bonne conservation des couleurs et un confort l\u00e9ger. L'acrylique r\u00e9siste au r\u00e9tr\u00e9cissement et au froissement, ce qui permet de la porter tous les jours et de l'utiliser pour des activit\u00e9s de plein air. Le tissu offre \u00e9galement un aspect structur\u00e9 qui permet \u00e0 la casquette de conserver sa forme originale.<\/p>\n<h3 data-start=\"731\" data-end=\"1081\"><strong data-start=\"731\" data-end=\"760\">Couleur<\/strong><\/h3>\n<p data-start=\"731\" data-end=\"1081\">La couleur noire classique offre une base polyvalente et \u00e9l\u00e9gante qui s'harmonise facilement avec diff\u00e9rentes tenues et identit\u00e9s de marque. En plus de l'option noire standard, Sumkcaps permet une personnalisation compl\u00e8te des couleurs pour r\u00e9pondre aux diff\u00e9rents besoins de la marque, permettant aux clients de s\u00e9lectionner des couleurs qui s'alignent sur leur logo ou leur concept de design.<\/p>\n<h3 data-start=\"1083\" data-end=\"1425\"><strong data-start=\"1083\" data-end=\"1116\">Taille<\/strong><\/h3>\n<p data-start=\"1083\" data-end=\"1425\">Con\u00e7ue avec une fermeture r\u00e9glable \u00e0 pression, cette casquette offre une taille OSFM (One Size Fits Most) qui s'adapte aux tours de t\u00eate de 7 \u00e0 7 3\/4. La conception r\u00e9glable garantit un ajustement s\u00fbr et confortable pour la plupart des utilisateurs, ce qui la rend adapt\u00e9e \u00e0 la vente au d\u00e9tail, aux \u00e9v\u00e9nements promotionnels, aux \u00e9quipes sportives et \u00e0 la tenue d\u00e9contract\u00e9e de tous les jours.<\/p>\n<h3 data-start=\"1427\" data-end=\"1754\"><strong data-start=\"1427\" data-end=\"1448\">Visi\u00e8re<\/strong><\/h3>\n<p data-start=\"1427\" data-end=\"1754\">La visi\u00e8re \u00e0 bord plat conf\u00e8re \u00e0 la casquette une esth\u00e9tique streetwear moderne tout en offrant une protection solaire fiable. Son design structur\u00e9 maintient une forme nette et compl\u00e8te les styles de mode contemporains tels que le hip-hop, le skate et l'urbain d\u00e9contract\u00e9. La visi\u00e8re peut \u00e9galement \u00eatre personnalis\u00e9e dans diff\u00e9rentes couleurs ou mat\u00e9riaux.<\/p>\n<h3 data-start=\"1756\" data-end=\"2071\"><strong data-start=\"1756\" data-end=\"1779\">Service<\/strong><\/h3>\n<p data-start=\"1756\" data-end=\"2071\">Sumkcaps propose des services OEM et ODM complets pour aider les propri\u00e9taires de marques, les grossistes et les entreprises de promotion. De la s\u00e9lection des mat\u00e9riaux et de la correspondance des couleurs au placement du logo et \u00e0 la conception de l'emballage, notre \u00e9quipe exp\u00e9riment\u00e9e vous aide \u00e0 transformer vos id\u00e9es en produits de coiffure enti\u00e8rement personnalis\u00e9s.<\/p>\n<h3 data-start=\"2073\" data-end=\"2422\"><strong data-start=\"2073\" data-end=\"2115\">D\u00e9lai d'ex\u00e9cution<\/strong><\/h3>\n<p data-start=\"2073\" data-end=\"2422\" data-is-last-node=\"\" data-is-only-node=\"\">Notre processus de production est con\u00e7u pour \u00eatre efficace et fiable. La mise au point d'un \u00e9chantillon prend g\u00e9n\u00e9ralement de 7 \u00e0 9 jours ouvrables, ce qui permet aux clients d'examiner et de confirmer rapidement les d\u00e9tails du produit. La production en s\u00e9rie n\u00e9cessite g\u00e9n\u00e9ralement 18 \u00e0 22 jours ouvrables, ce qui garantit une qualit\u00e9 constante et une livraison dans les d\u00e9lais pour les commandes importantes.<\/p>\n<\/div>\n<\/div>\n<\/div>\n<\/div>\n<div class=\"z-0 flex min-h-[46px] justify-start\"><\/div>\n<div class=\"mt-3 w-full empty:hidden\">\n<div class=\"text-center\">\n<div>\n<div class=\"inline-flex border border-gray-100 dark:border-gray-700 rounded-xl\">\n<div class=\"text-token-text-secondary flex items-center justify-center gap-4 px-4 py-2.5 text-sm whitespace-nowrap\"><\/div>\n<\/div>\n<\/div>\n<\/div>\n<\/div>","protected":false},"excerpt":{"rendered":"<p>Sumkcaps 231002 Custom Five Panel Embroidered Mens Snapback Cap est l'un des styles de casquettes les plus populaires, l\u00e9ger et respirant. Nos Snapbacks sont disponibles dans une vari\u00e9t\u00e9 de styles et de couleurs de toutes les grandes marques.<\/p>","protected":false},"featured_media":17023,"template":"","meta":{"_acf_changed":false,"_kad_blocks_custom_css":"","_kad_blocks_head_custom_js":"","_kad_blocks_body_custom_js":"","_kad_blocks_footer_custom_js":""},"product_brand":[],"product_cat":[42],"product_tag":[],"class_list":{"0":"post-17022","1":"product","2":"type-product","3":"status-publish","4":"has-post-thumbnail","6":"product_cat-snapback-cap","8":"first","9":"outofstock","10":"shipping-taxable","11":"product-type-simple"},"acf":[],"yoast_head":"<!-- This site is optimized with the Yoast SEO Premium plugin v20.8 (Yoast SEO v25.9) - https:\/\/yoast.com\/wordpress\/plugins\/seo\/ -->\n<title>Custom Embroidered Mens Snapback Cap | China Manufactuer<\/title>\n<meta name=\"description\" content=\"Custom Cap, Logo Cap, Brand Caps, Custom Made Snapback Caps, Custom Snapback Baseball Hats. Premium Cap Manufacturer since 2006. Order Today!\" \/>\n<meta name=\"robots\" content=\"index, follow, max-snippet:-1, max-image-preview:large, max-video-preview:-1\" \/>\n<link rel=\"canonical\" href=\"https:\/\/sumkcaps.com\/fr\/produit\/sufox-231002-custom-five-panel-embroidered-mens-snapback-cap\/\" \/>\n<meta property=\"og:locale\" content=\"fr_FR\" \/>\n<meta property=\"og:type\" content=\"article\" \/>\n<meta property=\"og:title\" content=\"Sumkcaps 231002 Custom Five Panel Embroidered Mens Snapback Cap - Sumkcaps\" \/>\n<meta property=\"og:description\" content=\"Custom Cap, Logo Cap, Brand Caps, Custom Made Snapback Caps, Custom Snapback Baseball Hats. Premium Cap Manufacturer since 2006. Order Today!\" \/>\n<meta property=\"og:url\" content=\"https:\/\/sumkcaps.com\/fr\/produit\/sufox-231002-custom-five-panel-embroidered-mens-snapback-cap\/\" \/>\n<meta property=\"og:site_name\" content=\"Sumkcaps-China Original Headwear Manufacturer and Suppliers\" \/>\n<meta property=\"article:publisher\" content=\"https:\/\/www.facebook.com\/sumkcap\" \/>\n<meta property=\"article:modified_time\" content=\"2026-03-10T07:04:56+00:00\" \/>\n<meta property=\"og:image\" content=\"https:\/\/sumkcaps.com\/wp-content\/uploads\/2022\/10\/mens_embroidery_5_panel_snapback_cap-1.jpg\" \/>\n\t<meta property=\"og:image:width\" content=\"800\" \/>\n\t<meta property=\"og:image:height\" content=\"800\" \/>\n\t<meta property=\"og:image:type\" content=\"image\/jpeg\" \/>\n<meta name=\"twitter:card\" content=\"summary_large_image\" \/>\n<meta name=\"twitter:label1\" content=\"Dur\u00e9e de lecture estim\u00e9e\" \/>\n\t<meta name=\"twitter:data1\" content=\"2 minutes\" \/>\n<script type=\"application\/ld+json\" class=\"yoast-schema-graph\">{\"@context\":\"https:\/\/schema.org\",\"@graph\":[{\"@type\":\"WebPage\",\"@id\":\"https:\/\/sumkcaps.com\/product\/sufox-231002-custom-five-panel-embroidered-mens-snapback-cap\/\",\"url\":\"https:\/\/sumkcaps.com\/product\/sufox-231002-custom-five-panel-embroidered-mens-snapback-cap\/\",\"name\":\"Custom Embroidered Mens Snapback Cap | China Manufactuer\",\"isPartOf\":{\"@id\":\"https:\/\/sumkcaps.com\/#website\"},\"primaryImageOfPage\":{\"@id\":\"https:\/\/sumkcaps.com\/product\/sufox-231002-custom-five-panel-embroidered-mens-snapback-cap\/#primaryimage\"},\"image\":{\"@id\":\"https:\/\/sumkcaps.com\/product\/sufox-231002-custom-five-panel-embroidered-mens-snapback-cap\/#primaryimage\"},\"thumbnailUrl\":\"https:\/\/sumkcaps.com\/wp-content\/uploads\/2022\/10\/mens_embroidery_5_panel_snapback_cap-1.jpg\",\"datePublished\":\"2022-10-19T02:42:17+00:00\",\"dateModified\":\"2026-03-10T07:04:56+00:00\",\"description\":\"Custom Cap, Logo Cap, Brand Caps, Custom Made Snapback Caps, Custom Snapback Baseball Hats. Premium Cap Manufacturer since 2006. Order Today!\",\"breadcrumb\":{\"@id\":\"https:\/\/sumkcaps.com\/product\/sufox-231002-custom-five-panel-embroidered-mens-snapback-cap\/#breadcrumb\"},\"inLanguage\":\"fr-FR\",\"potentialAction\":[{\"@type\":\"ReadAction\",\"target\":[\"https:\/\/sumkcaps.com\/product\/sufox-231002-custom-five-panel-embroidered-mens-snapback-cap\/\"]}]},{\"@type\":\"ImageObject\",\"inLanguage\":\"fr-FR\",\"@id\":\"https:\/\/sumkcaps.com\/product\/sufox-231002-custom-five-panel-embroidered-mens-snapback-cap\/#primaryimage\",\"url\":\"https:\/\/sumkcaps.com\/wp-content\/uploads\/2022\/10\/mens_embroidery_5_panel_snapback_cap-1.jpg\",\"contentUrl\":\"https:\/\/sumkcaps.com\/wp-content\/uploads\/2022\/10\/mens_embroidery_5_panel_snapback_cap-1.jpg\",\"width\":800,\"height\":800},{\"@type\":\"BreadcrumbList\",\"@id\":\"https:\/\/sumkcaps.com\/product\/sufox-231002-custom-five-panel-embroidered-mens-snapback-cap\/#breadcrumb\",\"itemListElement\":[{\"@type\":\"ListItem\",\"position\":1,\"name\":\"Home\",\"item\":\"https:\/\/sumkcaps.com\/\"},{\"@type\":\"ListItem\",\"position\":2,\"name\":\"Products\",\"item\":\"https:\/\/sumkcaps.com\/product\/\"},{\"@type\":\"ListItem\",\"position\":3,\"name\":\"Sumkcaps 231002 Custom Five Panel Embroidered Mens Snapback Cap\"}]},{\"@type\":\"WebSite\",\"@id\":\"https:\/\/sumkcaps.com\/#website\",\"url\":\"https:\/\/sumkcaps.com\/\",\"name\":\"Sumkcaps-China Original Headwear Manufacturer and Suppliers\",\"description\":\"We are China Cap And Hat Original Factory, whose main business is to custom cap and hat as client&#039;s LOGO. Any cap style, any cap color, any qty, any material and qty is no problem. In one words, any small details can be customized as your request.\",\"publisher\":{\"@id\":\"https:\/\/sumkcaps.com\/#organization\"},\"potentialAction\":[{\"@type\":\"SearchAction\",\"target\":{\"@type\":\"EntryPoint\",\"urlTemplate\":\"https:\/\/sumkcaps.com\/?s={search_term_string}\"},\"query-input\":{\"@type\":\"PropertyValueSpecification\",\"valueRequired\":true,\"valueName\":\"search_term_string\"}}],\"inLanguage\":\"fr-FR\"},{\"@type\":\"Organization\",\"@id\":\"https:\/\/sumkcaps.com\/#organization\",\"name\":\"Sumkcaps-China Original Headwear Manufacturer and Suppliers\",\"url\":\"https:\/\/sumkcaps.com\/\",\"logo\":{\"@type\":\"ImageObject\",\"inLanguage\":\"fr-FR\",\"@id\":\"https:\/\/sumkcaps.com\/#\/schema\/logo\/image\/\",\"url\":\"https:\/\/sumkcaps.com\/wp-content\/uploads\/2025\/12\/1234.jpg\",\"contentUrl\":\"https:\/\/sumkcaps.com\/wp-content\/uploads\/2025\/12\/1234.jpg\",\"width\":800,\"height\":800,\"caption\":\"Sumkcaps-China Original Headwear Manufacturer and Suppliers\"},\"image\":{\"@id\":\"https:\/\/sumkcaps.com\/#\/schema\/logo\/image\/\"},\"sameAs\":[\"https:\/\/www.facebook.com\/sumkcap\",\"https:\/\/www.instagram.com\/sumkcaps7\/\",\"https:\/\/www.pinterest.com\/sumkcapschina\/\"]}]}<\/script>\n<!-- \/ Yoast SEO Premium plugin. -->","yoast_head_json":{"title":"Custom Embroidered Mens Snapback Cap | China Manufactuer","description":"Casquette personnalis\u00e9e, casquette \u00e0 logo, casquette de marque, casquette Snapback personnalis\u00e9e, casquette de baseball Snapback personnalis\u00e9e. Fabricant de casquettes haut de gamme depuis 2006. Commandez d\u00e8s aujourd'hui !","robots":{"index":"index","follow":"follow","max-snippet":"max-snippet:-1","max-image-preview":"max-image-preview:large","max-video-preview":"max-video-preview:-1"},"canonical":"https:\/\/sumkcaps.com\/fr\/produit\/sufox-231002-custom-five-panel-embroidered-mens-snapback-cap\/","og_locale":"fr_FR","og_type":"article","og_title":"Sumkcaps 231002 Custom Five Panel Embroidered Mens Snapback Cap - Sumkcaps","og_description":"Custom Cap, Logo Cap, Brand Caps, Custom Made Snapback Caps, Custom Snapback Baseball Hats. Premium Cap Manufacturer since 2006. Order Today!","og_url":"https:\/\/sumkcaps.com\/fr\/produit\/sufox-231002-custom-five-panel-embroidered-mens-snapback-cap\/","og_site_name":"Sumkcaps-China Original Headwear Manufacturer and Suppliers","article_publisher":"https:\/\/www.facebook.com\/sumkcap","article_modified_time":"2026-03-10T07:04:56+00:00","og_image":[{"width":800,"height":800,"url":"https:\/\/sumkcaps.com\/wp-content\/uploads\/2022\/10\/mens_embroidery_5_panel_snapback_cap-1.jpg","type":"image\/jpeg"}],"twitter_card":"summary_large_image","twitter_misc":{"Dur\u00e9e de lecture estim\u00e9e":"2 minutes"},"schema":{"@context":"https:\/\/schema.org","@graph":[{"@type":"WebPage","@id":"https:\/\/sumkcaps.com\/product\/sufox-231002-custom-five-panel-embroidered-mens-snapback-cap\/","url":"https:\/\/sumkcaps.com\/product\/sufox-231002-custom-five-panel-embroidered-mens-snapback-cap\/","name":"Custom Embroidered Mens Snapback Cap | China Manufactuer","isPartOf":{"@id":"https:\/\/sumkcaps.com\/#website"},"primaryImageOfPage":{"@id":"https:\/\/sumkcaps.com\/product\/sufox-231002-custom-five-panel-embroidered-mens-snapback-cap\/#primaryimage"},"image":{"@id":"https:\/\/sumkcaps.com\/product\/sufox-231002-custom-five-panel-embroidered-mens-snapback-cap\/#primaryimage"},"thumbnailUrl":"https:\/\/sumkcaps.com\/wp-content\/uploads\/2022\/10\/mens_embroidery_5_panel_snapback_cap-1.jpg","datePublished":"2022-10-19T02:42:17+00:00","dateModified":"2026-03-10T07:04:56+00:00","description":"Casquette personnalis\u00e9e, casquette \u00e0 logo, casquette de marque, casquette Snapback personnalis\u00e9e, casquette de baseball Snapback personnalis\u00e9e. Fabricant de casquettes haut de gamme depuis 2006. Commandez d\u00e8s aujourd'hui !","breadcrumb":{"@id":"https:\/\/sumkcaps.com\/product\/sufox-231002-custom-five-panel-embroidered-mens-snapback-cap\/#breadcrumb"},"inLanguage":"fr-FR","potentialAction":[{"@type":"ReadAction","target":["https:\/\/sumkcaps.com\/product\/sufox-231002-custom-five-panel-embroidered-mens-snapback-cap\/"]}]},{"@type":"ImageObject","inLanguage":"fr-FR","@id":"https:\/\/sumkcaps.com\/product\/sufox-231002-custom-five-panel-embroidered-mens-snapback-cap\/#primaryimage","url":"https:\/\/sumkcaps.com\/wp-content\/uploads\/2022\/10\/mens_embroidery_5_panel_snapback_cap-1.jpg","contentUrl":"https:\/\/sumkcaps.com\/wp-content\/uploads\/2022\/10\/mens_embroidery_5_panel_snapback_cap-1.jpg","width":800,"height":800},{"@type":"BreadcrumbList","@id":"https:\/\/sumkcaps.com\/product\/sufox-231002-custom-five-panel-embroidered-mens-snapback-cap\/#breadcrumb","itemListElement":[{"@type":"ListItem","position":1,"name":"Home","item":"https:\/\/sumkcaps.com\/"},{"@type":"ListItem","position":2,"name":"Products","item":"https:\/\/sumkcaps.com\/product\/"},{"@type":"ListItem","position":3,"name":"Sumkcaps 231002 Custom Five Panel Embroidered Mens Snapback Cap"}]},{"@type":"WebSite","@id":"https:\/\/sumkcaps.com\/#website","url":"https:\/\/sumkcaps.com\/","name":"Sumkcaps - Fabricant et fournisseur chinois de couvre-chefs originaux","description":"Nous sommes une entreprise chinoise de fabrication de casquettes et de chapeaux, dont l'activit\u00e9 principale consiste \u00e0 personnaliser les casquettes et les chapeaux en fonction du LOGO du client. Tous les styles de casquettes, toutes les couleurs de casquettes, toutes les quantit\u00e9s, tous les mat\u00e9riaux et toutes les quantit\u00e9s ne posent aucun probl\u00e8me. En d'autres termes, tous les petits d\u00e9tails peuvent \u00eatre personnalis\u00e9s selon votre demande.","publisher":{"@id":"https:\/\/sumkcaps.com\/#organization"},"potentialAction":[{"@type":"SearchAction","target":{"@type":"EntryPoint","urlTemplate":"https:\/\/sumkcaps.com\/?s={search_term_string}"},"query-input":{"@type":"PropertyValueSpecification","valueRequired":true,"valueName":"search_term_string"}}],"inLanguage":"fr-FR"},{"@type":"Organization","@id":"https:\/\/sumkcaps.com\/#organization","name":"Sumkcaps - Fabricant et fournisseur chinois de couvre-chefs originaux","url":"https:\/\/sumkcaps.com\/","logo":{"@type":"ImageObject","inLanguage":"fr-FR","@id":"https:\/\/sumkcaps.com\/#\/schema\/logo\/image\/","url":"https:\/\/sumkcaps.com\/wp-content\/uploads\/2025\/12\/1234.jpg","contentUrl":"https:\/\/sumkcaps.com\/wp-content\/uploads\/2025\/12\/1234.jpg","width":800,"height":800,"caption":"Sumkcaps-China Original Headwear Manufacturer and Suppliers"},"image":{"@id":"https:\/\/sumkcaps.com\/#\/schema\/logo\/image\/"},"sameAs":["https:\/\/www.facebook.com\/sumkcap","https:\/\/www.instagram.com\/sumkcaps7\/","https:\/\/www.pinterest.com\/sumkcapschina\/"]}]}},"taxonomy_info":{"product_cat":[{"value":42,"label":"Snapback Hats Wholesale"}]},"featured_image_src_large":["https:\/\/sumkcaps.com\/wp-content\/uploads\/2022\/10\/mens_embroidery_5_panel_snapback_cap-1.jpg",800,800,false],"author_info":[],"comment_info":"","_links":{"self":[{"href":"https:\/\/sumkcaps.com\/fr\/wp-json\/wp\/v2\/product\/17022","targetHints":{"allow":["GET"]}}],"collection":[{"href":"https:\/\/sumkcaps.com\/fr\/wp-json\/wp\/v2\/product"}],"about":[{"href":"https:\/\/sumkcaps.com\/fr\/wp-json\/wp\/v2\/types\/product"}],"wp:featuredmedia":[{"embeddable":true,"href":"https:\/\/sumkcaps.com\/fr\/wp-json\/wp\/v2\/media\/17023"}],"wp:attachment":[{"href":"https:\/\/sumkcaps.com\/fr\/wp-json\/wp\/v2\/media?parent=17022"}],"wp:term":[{"taxonomy":"product_brand","embeddable":true,"href":"https:\/\/sumkcaps.com\/fr\/wp-json\/wp\/v2\/product_brand?post=17022"},{"taxonomy":"product_cat","embeddable":true,"href":"https:\/\/sumkcaps.com\/fr\/wp-json\/wp\/v2\/product_cat?post=17022"},{"taxonomy":"product_tag","embeddable":true,"href":"https:\/\/sumkcaps.com\/fr\/wp-json\/wp\/v2\/product_tag?post=17022"}],"curies":[{"name":"wp","href":"https:\/\/api.w.org\/{rel}","templated":true}]}}