{"id":17005,"date":"2022-10-13T16:44:49","date_gmt":"2022-10-13T08:44:49","guid":{"rendered":"https:\/\/sumkcaps.com\/?post_type=product&#038;p=17005"},"modified":"2026-03-10T15:33:09","modified_gmt":"2026-03-10T07:33:09","slug":"sufox-241086-custom-embossed-seven-panel-snapback-cap","status":"publish","type":"product","link":"https:\/\/sumkcaps.com\/fr\/produit\/sufox-241086-custom-embossed-seven-panel-snapback-cap\/","title":{"rendered":"Sumkcaps 241086 Custom Embossed Seven Panel Snapback Cap"},"content":{"rendered":"<h3 data-start=\"0\" data-end=\"370\"><strong data-start=\"0\" data-end=\"25\">D\u00e9coration<\/strong><\/h3>\n<p data-start=\"0\" data-end=\"370\">Cette casquette snapback pr\u00e9sente une d\u00e9coration gaufr\u00e9e qui cr\u00e9e une texture en relief distinctive sur le panneau avant. Le gaufrage ajoute de la profondeur et un effet visuel de qualit\u00e9, permettant aux logos ou aux motifs de ressortir de mani\u00e8re subtile mais \u00e9l\u00e9gante. Cette technique est id\u00e9ale pour les marques qui recherchent un look moderne et sophistiqu\u00e9 pour leurs casquettes personnalis\u00e9es.<\/p>\n<h3 data-start=\"372\" data-end=\"752\"><strong data-start=\"372\" data-end=\"399\">Mat\u00e9riau<\/strong><\/h3>\n<p data-start=\"372\" data-end=\"752\">Fabriqu\u00e9e en tissu acrylique 100%, cette casquette offre une excellente durabilit\u00e9, un confort l\u00e9ger et une forte r\u00e9tention de la forme. Le mat\u00e9riau permet \u00e0 la casquette de conserver sa forme structur\u00e9e tout en r\u00e9sistant aux plis et au r\u00e9tr\u00e9cissement. Le tissu acrylique est \u00e9galement facile \u00e0 entretenir et convient \u00e0 un usage quotidien, ce qui en fait un choix pratique pour la mode et les activit\u00e9s promotionnelles.<\/p>\n<h3 data-start=\"754\" data-end=\"1090\"><strong data-start=\"754\" data-end=\"776\">Couleur<\/strong><\/h3>\n<p data-start=\"754\" data-end=\"1090\">La casquette peut \u00eatre personnalis\u00e9e en couleur pour r\u00e9pondre \u00e0 diff\u00e9rentes exigences en mati\u00e8re d'image de marque et de design. Les clients peuvent choisir parmi une large gamme de couleurs de tissu pour assortir leur logo, l'identit\u00e9 de leur marque ou leurs collections saisonni\u00e8res, ce qui rend la casquette adapt\u00e9e aux marques de streetwear, aux \u00e9v\u00e9nements, aux campagnes promotionnelles et aux marchandises vendues au d\u00e9tail.<\/p>\n<h3 data-start=\"1092\" data-end=\"1387\"><strong data-start=\"1092\" data-end=\"1125\">Taille<\/strong><\/h3>\n<p data-start=\"1092\" data-end=\"1387\">Con\u00e7ue avec une fermeture r\u00e9glable, la casquette offre un ajustement OSFM (One Size Fits Most), s'adaptant aux tailles de t\u00eate de 7 \u00e0 7 3\/4. La conception r\u00e9glable permet aux utilisateurs de modifier facilement l'ajustement pour plus de confort et de stabilit\u00e9, ce qui la rend adapt\u00e9e \u00e0 la plupart des adultes.<\/p>\n<h3 data-start=\"1389\" data-end=\"1699\"><strong data-start=\"1389\" data-end=\"1410\">Visi\u00e8re<\/strong><\/h3>\n<p data-start=\"1389\" data-end=\"1699\">La visi\u00e8re \u00e0 bord plat offre un look propre et moderne qui est populaire dans le streetwear et la mode d\u00e9contract\u00e9e. Son design structur\u00e9 permet de conserver une forme nette tout en offrant une protection solaire fiable. La visi\u00e8re peut \u00e9galement \u00eatre personnalis\u00e9e avec des couleurs ou des mat\u00e9riaux diff\u00e9rents pour s'harmoniser avec le design g\u00e9n\u00e9ral de la casquette.<\/p>\n<h3 data-start=\"1701\" data-end=\"1990\"><strong data-start=\"1701\" data-end=\"1724\">Service<\/strong><\/h3>\n<p data-start=\"1701\" data-end=\"1990\">Sumkcaps offre des services professionnels OEM et ODM pour les marques, les grossistes et les entreprises promotionnelles. De l'\u00e9laboration du concept \u00e0 la s\u00e9lection des mat\u00e9riaux, en passant par le placement du logo et la personnalisation de l'emballage, notre \u00e9quipe aide les clients \u00e0 cr\u00e9er des casquettes personnalis\u00e9es uniques et de grande qualit\u00e9.<\/p>\n<h3 data-start=\"1992\" data-end=\"2285\"><strong data-start=\"1992\" data-end=\"2034\">D\u00e9lai d'ex\u00e9cution<\/strong><\/h3>\n<p data-start=\"1992\" data-end=\"2285\" data-is-last-node=\"\" data-is-only-node=\"\">La production d'\u00e9chantillons prend g\u00e9n\u00e9ralement de 7 \u00e0 9 jours ouvrables, ce qui permet aux clients d'examiner et de confirmer rapidement les d\u00e9tails de la conception. La production en s\u00e9rie n\u00e9cessite g\u00e9n\u00e9ralement 18 \u00e0 22 jours ouvrables, ce qui garantit une qualit\u00e9 de produit constante et une livraison dans les d\u00e9lais pour les commandes en grande quantit\u00e9.<\/p>","protected":false},"excerpt":{"rendered":"<p>Sumkcaps 241086 Custom Embossed Seven Panel Snapback Cap est l'un des styles de casquette les plus populaires, l\u00e9ger et respirant. Nos Snapbacks sont disponibles dans une vari\u00e9t\u00e9 de styles et de couleurs de toutes les grandes marques.<\/p>","protected":false},"featured_media":17006,"template":"","meta":{"_acf_changed":false,"_kad_blocks_custom_css":"","_kad_blocks_head_custom_js":"","_kad_blocks_body_custom_js":"","_kad_blocks_footer_custom_js":""},"product_brand":[],"product_cat":[42],"product_tag":[],"class_list":{"0":"post-17005","1":"product","2":"type-product","3":"status-publish","4":"has-post-thumbnail","6":"product_cat-snapback-cap","8":"first","9":"outofstock","10":"shipping-taxable","11":"product-type-simple"},"acf":[],"yoast_head":"<!-- This site is optimized with the Yoast SEO Premium plugin v20.8 (Yoast SEO v25.9) - https:\/\/yoast.com\/wordpress\/plugins\/seo\/ -->\n<title>Custom Embossed 7 Panel Snapback Cap | China Manufactuer<\/title>\n<meta name=\"description\" content=\"Custom Cap, Logo Cap, Brand Caps, Custom Made Snapback Caps, Custom Snapback Baseball Hats. Premium Cap Manufacturer since 2006. Order Today!\" \/>\n<meta name=\"robots\" content=\"index, follow, max-snippet:-1, max-image-preview:large, max-video-preview:-1\" \/>\n<link rel=\"canonical\" href=\"https:\/\/sumkcaps.com\/fr\/produit\/sufox-241086-custom-embossed-seven-panel-snapback-cap\/\" \/>\n<meta property=\"og:locale\" content=\"fr_FR\" \/>\n<meta property=\"og:type\" content=\"article\" \/>\n<meta property=\"og:title\" content=\"Sumkcaps 241086 Custom Embossed Seven Panel Snapback Cap - Sumkcaps\" \/>\n<meta property=\"og:description\" content=\"Custom Cap, Logo Cap, Brand Caps, Custom Made Snapback Caps, Custom Snapback Baseball Hats. Premium Cap Manufacturer since 2006. Order Today!\" \/>\n<meta property=\"og:url\" content=\"https:\/\/sumkcaps.com\/fr\/produit\/sufox-241086-custom-embossed-seven-panel-snapback-cap\/\" \/>\n<meta property=\"og:site_name\" content=\"Sumkcaps-China Original Headwear Manufacturer and Suppliers\" \/>\n<meta property=\"article:publisher\" content=\"https:\/\/www.facebook.com\/sumkcap\" \/>\n<meta property=\"article:modified_time\" content=\"2026-03-10T07:33:09+00:00\" \/>\n<meta property=\"og:image\" content=\"https:\/\/sumkcaps.com\/wp-content\/uploads\/2022\/10\/custom_flat_bill_embossed_7_panel_snapback_hat-1.jpg\" \/>\n\t<meta property=\"og:image:width\" content=\"800\" \/>\n\t<meta property=\"og:image:height\" content=\"800\" \/>\n\t<meta property=\"og:image:type\" content=\"image\/jpeg\" \/>\n<meta name=\"twitter:card\" content=\"summary_large_image\" \/>\n<meta name=\"twitter:label1\" content=\"Dur\u00e9e de lecture estim\u00e9e\" \/>\n\t<meta name=\"twitter:data1\" content=\"2 minutes\" \/>\n<script type=\"application\/ld+json\" class=\"yoast-schema-graph\">{\"@context\":\"https:\/\/schema.org\",\"@graph\":[{\"@type\":\"WebPage\",\"@id\":\"https:\/\/sumkcaps.com\/product\/sufox-241086-custom-embossed-seven-panel-snapback-cap\/\",\"url\":\"https:\/\/sumkcaps.com\/product\/sufox-241086-custom-embossed-seven-panel-snapback-cap\/\",\"name\":\"Custom Embossed 7 Panel Snapback Cap | China Manufactuer\",\"isPartOf\":{\"@id\":\"https:\/\/sumkcaps.com\/#website\"},\"primaryImageOfPage\":{\"@id\":\"https:\/\/sumkcaps.com\/product\/sufox-241086-custom-embossed-seven-panel-snapback-cap\/#primaryimage\"},\"image\":{\"@id\":\"https:\/\/sumkcaps.com\/product\/sufox-241086-custom-embossed-seven-panel-snapback-cap\/#primaryimage\"},\"thumbnailUrl\":\"https:\/\/sumkcaps.com\/wp-content\/uploads\/2022\/10\/custom_flat_bill_embossed_7_panel_snapback_hat-1.jpg\",\"datePublished\":\"2022-10-13T08:44:49+00:00\",\"dateModified\":\"2026-03-10T07:33:09+00:00\",\"description\":\"Custom Cap, Logo Cap, Brand Caps, Custom Made Snapback Caps, Custom Snapback Baseball Hats. Premium Cap Manufacturer since 2006. Order Today!\",\"breadcrumb\":{\"@id\":\"https:\/\/sumkcaps.com\/product\/sufox-241086-custom-embossed-seven-panel-snapback-cap\/#breadcrumb\"},\"inLanguage\":\"fr-FR\",\"potentialAction\":[{\"@type\":\"ReadAction\",\"target\":[\"https:\/\/sumkcaps.com\/product\/sufox-241086-custom-embossed-seven-panel-snapback-cap\/\"]}]},{\"@type\":\"ImageObject\",\"inLanguage\":\"fr-FR\",\"@id\":\"https:\/\/sumkcaps.com\/product\/sufox-241086-custom-embossed-seven-panel-snapback-cap\/#primaryimage\",\"url\":\"https:\/\/sumkcaps.com\/wp-content\/uploads\/2022\/10\/custom_flat_bill_embossed_7_panel_snapback_hat-1.jpg\",\"contentUrl\":\"https:\/\/sumkcaps.com\/wp-content\/uploads\/2022\/10\/custom_flat_bill_embossed_7_panel_snapback_hat-1.jpg\",\"width\":800,\"height\":800},{\"@type\":\"BreadcrumbList\",\"@id\":\"https:\/\/sumkcaps.com\/product\/sufox-241086-custom-embossed-seven-panel-snapback-cap\/#breadcrumb\",\"itemListElement\":[{\"@type\":\"ListItem\",\"position\":1,\"name\":\"Home\",\"item\":\"https:\/\/sumkcaps.com\/\"},{\"@type\":\"ListItem\",\"position\":2,\"name\":\"Products\",\"item\":\"https:\/\/sumkcaps.com\/product\/\"},{\"@type\":\"ListItem\",\"position\":3,\"name\":\"Sumkcaps 241086 Custom Embossed Seven Panel Snapback Cap\"}]},{\"@type\":\"WebSite\",\"@id\":\"https:\/\/sumkcaps.com\/#website\",\"url\":\"https:\/\/sumkcaps.com\/\",\"name\":\"Sumkcaps-China Original Headwear Manufacturer and Suppliers\",\"description\":\"We are China Cap And Hat Original Factory, whose main business is to custom cap and hat as client&#039;s LOGO. Any cap style, any cap color, any qty, any material and qty is no problem. In one words, any small details can be customized as your request.\",\"publisher\":{\"@id\":\"https:\/\/sumkcaps.com\/#organization\"},\"potentialAction\":[{\"@type\":\"SearchAction\",\"target\":{\"@type\":\"EntryPoint\",\"urlTemplate\":\"https:\/\/sumkcaps.com\/?s={search_term_string}\"},\"query-input\":{\"@type\":\"PropertyValueSpecification\",\"valueRequired\":true,\"valueName\":\"search_term_string\"}}],\"inLanguage\":\"fr-FR\"},{\"@type\":\"Organization\",\"@id\":\"https:\/\/sumkcaps.com\/#organization\",\"name\":\"Sumkcaps-China Original Headwear Manufacturer and Suppliers\",\"url\":\"https:\/\/sumkcaps.com\/\",\"logo\":{\"@type\":\"ImageObject\",\"inLanguage\":\"fr-FR\",\"@id\":\"https:\/\/sumkcaps.com\/#\/schema\/logo\/image\/\",\"url\":\"https:\/\/sumkcaps.com\/wp-content\/uploads\/2025\/12\/1234.jpg\",\"contentUrl\":\"https:\/\/sumkcaps.com\/wp-content\/uploads\/2025\/12\/1234.jpg\",\"width\":800,\"height\":800,\"caption\":\"Sumkcaps-China Original Headwear Manufacturer and Suppliers\"},\"image\":{\"@id\":\"https:\/\/sumkcaps.com\/#\/schema\/logo\/image\/\"},\"sameAs\":[\"https:\/\/www.facebook.com\/sumkcap\",\"https:\/\/www.instagram.com\/sumkcaps7\/\",\"https:\/\/www.pinterest.com\/sumkcapschina\/\"]}]}<\/script>\n<!-- \/ Yoast SEO Premium plugin. -->","yoast_head_json":{"title":"Custom Embossed 7 Panel Snapback Cap | China Manufactuer","description":"Casquette personnalis\u00e9e, casquette \u00e0 logo, casquette de marque, casquette Snapback personnalis\u00e9e, casquette de baseball Snapback personnalis\u00e9e. Fabricant de casquettes haut de gamme depuis 2006. Commandez d\u00e8s aujourd'hui !","robots":{"index":"index","follow":"follow","max-snippet":"max-snippet:-1","max-image-preview":"max-image-preview:large","max-video-preview":"max-video-preview:-1"},"canonical":"https:\/\/sumkcaps.com\/fr\/produit\/sufox-241086-custom-embossed-seven-panel-snapback-cap\/","og_locale":"fr_FR","og_type":"article","og_title":"Sumkcaps 241086 Custom Embossed Seven Panel Snapback Cap - Sumkcaps","og_description":"Custom Cap, Logo Cap, Brand Caps, Custom Made Snapback Caps, Custom Snapback Baseball Hats. Premium Cap Manufacturer since 2006. Order Today!","og_url":"https:\/\/sumkcaps.com\/fr\/produit\/sufox-241086-custom-embossed-seven-panel-snapback-cap\/","og_site_name":"Sumkcaps-China Original Headwear Manufacturer and Suppliers","article_publisher":"https:\/\/www.facebook.com\/sumkcap","article_modified_time":"2026-03-10T07:33:09+00:00","og_image":[{"width":800,"height":800,"url":"https:\/\/sumkcaps.com\/wp-content\/uploads\/2022\/10\/custom_flat_bill_embossed_7_panel_snapback_hat-1.jpg","type":"image\/jpeg"}],"twitter_card":"summary_large_image","twitter_misc":{"Dur\u00e9e de lecture estim\u00e9e":"2 minutes"},"schema":{"@context":"https:\/\/schema.org","@graph":[{"@type":"WebPage","@id":"https:\/\/sumkcaps.com\/product\/sufox-241086-custom-embossed-seven-panel-snapback-cap\/","url":"https:\/\/sumkcaps.com\/product\/sufox-241086-custom-embossed-seven-panel-snapback-cap\/","name":"Custom Embossed 7 Panel Snapback Cap | China Manufactuer","isPartOf":{"@id":"https:\/\/sumkcaps.com\/#website"},"primaryImageOfPage":{"@id":"https:\/\/sumkcaps.com\/product\/sufox-241086-custom-embossed-seven-panel-snapback-cap\/#primaryimage"},"image":{"@id":"https:\/\/sumkcaps.com\/product\/sufox-241086-custom-embossed-seven-panel-snapback-cap\/#primaryimage"},"thumbnailUrl":"https:\/\/sumkcaps.com\/wp-content\/uploads\/2022\/10\/custom_flat_bill_embossed_7_panel_snapback_hat-1.jpg","datePublished":"2022-10-13T08:44:49+00:00","dateModified":"2026-03-10T07:33:09+00:00","description":"Casquette personnalis\u00e9e, casquette \u00e0 logo, casquette de marque, casquette Snapback personnalis\u00e9e, casquette de baseball Snapback personnalis\u00e9e. Fabricant de casquettes haut de gamme depuis 2006. Commandez d\u00e8s aujourd'hui !","breadcrumb":{"@id":"https:\/\/sumkcaps.com\/product\/sufox-241086-custom-embossed-seven-panel-snapback-cap\/#breadcrumb"},"inLanguage":"fr-FR","potentialAction":[{"@type":"ReadAction","target":["https:\/\/sumkcaps.com\/product\/sufox-241086-custom-embossed-seven-panel-snapback-cap\/"]}]},{"@type":"ImageObject","inLanguage":"fr-FR","@id":"https:\/\/sumkcaps.com\/product\/sufox-241086-custom-embossed-seven-panel-snapback-cap\/#primaryimage","url":"https:\/\/sumkcaps.com\/wp-content\/uploads\/2022\/10\/custom_flat_bill_embossed_7_panel_snapback_hat-1.jpg","contentUrl":"https:\/\/sumkcaps.com\/wp-content\/uploads\/2022\/10\/custom_flat_bill_embossed_7_panel_snapback_hat-1.jpg","width":800,"height":800},{"@type":"BreadcrumbList","@id":"https:\/\/sumkcaps.com\/product\/sufox-241086-custom-embossed-seven-panel-snapback-cap\/#breadcrumb","itemListElement":[{"@type":"ListItem","position":1,"name":"Home","item":"https:\/\/sumkcaps.com\/"},{"@type":"ListItem","position":2,"name":"Products","item":"https:\/\/sumkcaps.com\/product\/"},{"@type":"ListItem","position":3,"name":"Sumkcaps 241086 Custom Embossed Seven Panel Snapback Cap"}]},{"@type":"WebSite","@id":"https:\/\/sumkcaps.com\/#website","url":"https:\/\/sumkcaps.com\/","name":"Sumkcaps - Fabricant et fournisseur chinois de couvre-chefs originaux","description":"Nous sommes une entreprise chinoise de fabrication de casquettes et de chapeaux, dont l'activit\u00e9 principale consiste \u00e0 personnaliser les casquettes et les chapeaux en fonction du LOGO du client. Tous les styles de casquettes, toutes les couleurs de casquettes, toutes les quantit\u00e9s, tous les mat\u00e9riaux et toutes les quantit\u00e9s ne posent aucun probl\u00e8me. En d'autres termes, tous les petits d\u00e9tails peuvent \u00eatre personnalis\u00e9s selon votre demande.","publisher":{"@id":"https:\/\/sumkcaps.com\/#organization"},"potentialAction":[{"@type":"SearchAction","target":{"@type":"EntryPoint","urlTemplate":"https:\/\/sumkcaps.com\/?s={search_term_string}"},"query-input":{"@type":"PropertyValueSpecification","valueRequired":true,"valueName":"search_term_string"}}],"inLanguage":"fr-FR"},{"@type":"Organization","@id":"https:\/\/sumkcaps.com\/#organization","name":"Sumkcaps - Fabricant et fournisseur chinois de couvre-chefs originaux","url":"https:\/\/sumkcaps.com\/","logo":{"@type":"ImageObject","inLanguage":"fr-FR","@id":"https:\/\/sumkcaps.com\/#\/schema\/logo\/image\/","url":"https:\/\/sumkcaps.com\/wp-content\/uploads\/2025\/12\/1234.jpg","contentUrl":"https:\/\/sumkcaps.com\/wp-content\/uploads\/2025\/12\/1234.jpg","width":800,"height":800,"caption":"Sumkcaps-China Original Headwear Manufacturer and Suppliers"},"image":{"@id":"https:\/\/sumkcaps.com\/#\/schema\/logo\/image\/"},"sameAs":["https:\/\/www.facebook.com\/sumkcap","https:\/\/www.instagram.com\/sumkcaps7\/","https:\/\/www.pinterest.com\/sumkcapschina\/"]}]}},"taxonomy_info":{"product_cat":[{"value":42,"label":"Snapback Hats Wholesale"}]},"featured_image_src_large":["https:\/\/sumkcaps.com\/wp-content\/uploads\/2022\/10\/custom_flat_bill_embossed_7_panel_snapback_hat-1.jpg",800,800,false],"author_info":[],"comment_info":"","_links":{"self":[{"href":"https:\/\/sumkcaps.com\/fr\/wp-json\/wp\/v2\/product\/17005","targetHints":{"allow":["GET"]}}],"collection":[{"href":"https:\/\/sumkcaps.com\/fr\/wp-json\/wp\/v2\/product"}],"about":[{"href":"https:\/\/sumkcaps.com\/fr\/wp-json\/wp\/v2\/types\/product"}],"wp:featuredmedia":[{"embeddable":true,"href":"https:\/\/sumkcaps.com\/fr\/wp-json\/wp\/v2\/media\/17006"}],"wp:attachment":[{"href":"https:\/\/sumkcaps.com\/fr\/wp-json\/wp\/v2\/media?parent=17005"}],"wp:term":[{"taxonomy":"product_brand","embeddable":true,"href":"https:\/\/sumkcaps.com\/fr\/wp-json\/wp\/v2\/product_brand?post=17005"},{"taxonomy":"product_cat","embeddable":true,"href":"https:\/\/sumkcaps.com\/fr\/wp-json\/wp\/v2\/product_cat?post=17005"},{"taxonomy":"product_tag","embeddable":true,"href":"https:\/\/sumkcaps.com\/fr\/wp-json\/wp\/v2\/product_tag?post=17005"}],"curies":[{"name":"wp","href":"https:\/\/api.w.org\/{rel}","templated":true}]}}