{"id":16973,"date":"2022-10-13T16:11:15","date_gmt":"2022-10-13T08:11:15","guid":{"rendered":"https:\/\/sumkcaps.com\/?post_type=product&#038;p=16973"},"modified":"2025-12-17T16:03:14","modified_gmt":"2025-12-17T08:03:14","slug":"sufox-241091-custom-six-panel-3d-embroidery-snapback-cap","status":"publish","type":"product","link":"https:\/\/sumkcaps.com\/fr\/produit\/sufox-241091-custom-six-panel-3d-embroidery-snapback-cap\/","title":{"rendered":"Sumkcaps 241091 Custom Six Panel 3D Embroidery Snapback Cap"},"content":{"rendered":"<h3 data-start=\"129\" data-end=\"514\"><strong data-start=\"129\" data-end=\"159\">D\u00e9coration<\/strong><\/h3>\n<p data-start=\"129\" data-end=\"514\">Cette casquette snapback est orn\u00e9e d'une broderie 3D haut de gamme qui donne aux logos, textes ou motifs un effet en relief tr\u00e8s accrocheur. La broderie est pr\u00e9cise et durable, conservant sa forme et sa couleur au fil du temps. Id\u00e9ale pour les marques, les tenues d'\u00e9quipe ou les collections de mode, la conception 3D ajoute de la profondeur et un attrait visuel, permettant \u00e0 votre marque de se d\u00e9marquer dans les environnements commerciaux ou promotionnels.<\/p>\n<h3 data-start=\"516\" data-end=\"890\"><strong data-start=\"516\" data-end=\"543\">Mat\u00e9riau<\/strong><\/h3>\n<p data-start=\"516\" data-end=\"890\">Fabriqu\u00e9e \u00e0 partir d'acrylique 100% de haute qualit\u00e9, cette casquette offre durabilit\u00e9, confort et l\u00e9g\u00e8ret\u00e9, ainsi qu'une excellente tenue. Les fibres acryliques lui conf\u00e8rent une texture lisse, r\u00e9sistent au r\u00e9tr\u00e9cissement et conservent des couleurs vives m\u00eame apr\u00e8s de nombreux lavages. Elle est donc parfaite pour un usage quotidien, les activit\u00e9s de plein air ou la distribution en gros, garantissant une qualit\u00e9 durable.<\/p>\n<h3 data-start=\"892\" data-end=\"1238\"><strong data-start=\"892\" data-end=\"919\">Couleur<\/strong><\/h3>\n<p data-start=\"892\" data-end=\"1238\">Disponible en rouge vif ou dans des couleurs enti\u00e8rement personnalis\u00e9es pour correspondre \u00e0 votre marque ou \u00e0 vos th\u00e8mes saisonniers. Les options de personnalisation permettent une correspondance des couleurs coh\u00e9rente pour les commandes en gros, ce qui est id\u00e9al pour les collections de marques priv\u00e9es, les gammes de vente au d\u00e9tail ou les articles promotionnels, garantissant ainsi que chaque casquette correspond \u00e0 l'identit\u00e9 de votre marque.<\/p>\n<h3 data-start=\"1240\" data-end=\"1598\"><strong data-start=\"1240\" data-end=\"1273\">Taille<\/strong><\/h3>\n<p data-start=\"1240\" data-end=\"1598\">Con\u00e7ue avec une coupe OSFM, cette casquette \u00e0 six panneaux s'adapte confortablement \u00e0 la plupart des tailles de t\u00eate adultes, de 7 \u00e0 7 3\/4. La fermeture r\u00e9glable \u00e0 boutons-pression offre un ajustement s\u00fbr et flexible, tandis que les panneaux structur\u00e9s maintiennent une silhouette \u00e9pur\u00e9e, offrant \u00e0 la fois confort et \u00e9l\u00e9gance, pour un look d\u00e9contract\u00e9 ou tendance.<\/p>\n<h3 data-start=\"1600\" data-end=\"1948\"><strong data-start=\"1600\" data-end=\"1621\">Visi\u00e8re<\/strong><\/h3>\n<p data-start=\"1600\" data-end=\"1948\">La visi\u00e8re plate apporte une touche moderne inspir\u00e9e du streetwear tout en offrant une protection pratique contre le soleil. Sa forme plate structur\u00e9e conserve sa forme au fil du temps, compl\u00e9tant la construction \u00e0 six panneaux de la casquette. Parfaite pour un usage d\u00e9contract\u00e9, sportif ou promotionnel, la visi\u00e8re plate rehausse le style g\u00e9n\u00e9ral et l'identit\u00e9 visuelle.<\/p>\n<h3 data-start=\"1950\" data-end=\"2286\"><strong data-start=\"1950\" data-end=\"1973\">Service<\/strong><\/h3>\n<p data-start=\"1950\" data-end=\"2286\">Nous fournissons des services OEM et ODM complets, prenant en charge les conceptions personnalis\u00e9es, le placement du logo, l'\u00e9tiquetage, l'emballage et la production en vrac. De la conception \u00e0 la livraison, notre \u00e9quipe garantit une fabrication de haute qualit\u00e9 et une ex\u00e9cution dans les d\u00e9lais, ce qui rend cette casquette id\u00e9ale pour les marques de distributeur, les partenaires grossistes ou les campagnes promotionnelles.<\/p>","protected":false},"excerpt":{"rendered":"<p>Sumkcaps 241091 Custom Six Panel 3D Embroidery Snapback Cap est l'un des styles de casquettes les plus populaires, l\u00e9ger et respirant. Nos Snapbacks sont disponibles dans une vari\u00e9t\u00e9 de styles et de couleurs de toutes les grandes marques.<\/p>","protected":false},"featured_media":16974,"template":"","meta":{"_acf_changed":false,"_kad_blocks_custom_css":"","_kad_blocks_head_custom_js":"","_kad_blocks_body_custom_js":"","_kad_blocks_footer_custom_js":""},"product_brand":[],"product_cat":[42],"product_tag":[],"class_list":{"0":"post-16973","1":"product","2":"type-product","3":"status-publish","4":"has-post-thumbnail","6":"product_cat-snapback-cap","8":"first","9":"outofstock","10":"shipping-taxable","11":"product-type-simple"},"acf":[],"yoast_head":"<!-- This site is optimized with the Yoast SEO Premium plugin v20.8 (Yoast SEO v25.9) - https:\/\/yoast.com\/wordpress\/plugins\/seo\/ -->\n<title>Custom 3D Embroidery Snapback Cap | China Manufactuer<\/title>\n<meta name=\"description\" content=\"Sumkcaps 241091 3D Embroidery Snapback Cap with 100% acrylic, flat bill, OSFM fit, red\/custom colors, and full OEM &amp; ODM support.\" \/>\n<meta name=\"robots\" content=\"index, follow, max-snippet:-1, max-image-preview:large, max-video-preview:-1\" \/>\n<link rel=\"canonical\" href=\"https:\/\/sumkcaps.com\/fr\/produit\/sufox-241091-custom-six-panel-3d-embroidery-snapback-cap\/\" \/>\n<meta property=\"og:locale\" content=\"fr_FR\" \/>\n<meta property=\"og:type\" content=\"article\" \/>\n<meta property=\"og:title\" content=\"Sumkcaps 241091 Custom Six Panel 3D Embroidery Snapback Cap - Sumkcaps\" \/>\n<meta property=\"og:description\" content=\"Sumkcaps 241091 3D Embroidery Snapback Cap with 100% acrylic, flat bill, OSFM fit, red\/custom colors, and full OEM &amp; ODM support.\" \/>\n<meta property=\"og:url\" content=\"https:\/\/sumkcaps.com\/fr\/produit\/sufox-241091-custom-six-panel-3d-embroidery-snapback-cap\/\" \/>\n<meta property=\"og:site_name\" content=\"Sumkcaps-China Original Headwear Manufacturer and Suppliers\" \/>\n<meta property=\"article:publisher\" content=\"https:\/\/www.facebook.com\/sumkcap\" \/>\n<meta property=\"article:modified_time\" content=\"2025-12-17T08:03:14+00:00\" \/>\n<meta property=\"og:image\" content=\"https:\/\/sumkcaps.com\/wp-content\/uploads\/2022\/10\/custom_6_panel_3d_embroidery_snapback_hat-1-1.jpg\" \/>\n\t<meta property=\"og:image:width\" content=\"800\" \/>\n\t<meta property=\"og:image:height\" content=\"800\" \/>\n\t<meta property=\"og:image:type\" content=\"image\/jpeg\" \/>\n<meta name=\"twitter:card\" content=\"summary_large_image\" \/>\n<meta name=\"twitter:label1\" content=\"Dur\u00e9e de lecture estim\u00e9e\" \/>\n\t<meta name=\"twitter:data1\" content=\"2 minutes\" \/>\n<script type=\"application\/ld+json\" class=\"yoast-schema-graph\">{\"@context\":\"https:\/\/schema.org\",\"@graph\":[{\"@type\":\"WebPage\",\"@id\":\"https:\/\/sumkcaps.com\/product\/sufox-241091-custom-six-panel-3d-embroidery-snapback-cap\/\",\"url\":\"https:\/\/sumkcaps.com\/product\/sufox-241091-custom-six-panel-3d-embroidery-snapback-cap\/\",\"name\":\"Custom 3D Embroidery Snapback Cap | China Manufactuer\",\"isPartOf\":{\"@id\":\"https:\/\/sumkcaps.com\/#website\"},\"primaryImageOfPage\":{\"@id\":\"https:\/\/sumkcaps.com\/product\/sufox-241091-custom-six-panel-3d-embroidery-snapback-cap\/#primaryimage\"},\"image\":{\"@id\":\"https:\/\/sumkcaps.com\/product\/sufox-241091-custom-six-panel-3d-embroidery-snapback-cap\/#primaryimage\"},\"thumbnailUrl\":\"https:\/\/sumkcaps.com\/wp-content\/uploads\/2022\/10\/custom_6_panel_3d_embroidery_snapback_hat-1-1.jpg\",\"datePublished\":\"2022-10-13T08:11:15+00:00\",\"dateModified\":\"2025-12-17T08:03:14+00:00\",\"description\":\"Sumkcaps 241091 3D Embroidery Snapback Cap with 100% acrylic, flat bill, OSFM fit, red\/custom colors, and full OEM & ODM support.\",\"breadcrumb\":{\"@id\":\"https:\/\/sumkcaps.com\/product\/sufox-241091-custom-six-panel-3d-embroidery-snapback-cap\/#breadcrumb\"},\"inLanguage\":\"fr-FR\",\"potentialAction\":[{\"@type\":\"ReadAction\",\"target\":[\"https:\/\/sumkcaps.com\/product\/sufox-241091-custom-six-panel-3d-embroidery-snapback-cap\/\"]}]},{\"@type\":\"ImageObject\",\"inLanguage\":\"fr-FR\",\"@id\":\"https:\/\/sumkcaps.com\/product\/sufox-241091-custom-six-panel-3d-embroidery-snapback-cap\/#primaryimage\",\"url\":\"https:\/\/sumkcaps.com\/wp-content\/uploads\/2022\/10\/custom_6_panel_3d_embroidery_snapback_hat-1-1.jpg\",\"contentUrl\":\"https:\/\/sumkcaps.com\/wp-content\/uploads\/2022\/10\/custom_6_panel_3d_embroidery_snapback_hat-1-1.jpg\",\"width\":800,\"height\":800},{\"@type\":\"BreadcrumbList\",\"@id\":\"https:\/\/sumkcaps.com\/product\/sufox-241091-custom-six-panel-3d-embroidery-snapback-cap\/#breadcrumb\",\"itemListElement\":[{\"@type\":\"ListItem\",\"position\":1,\"name\":\"Home\",\"item\":\"https:\/\/sumkcaps.com\/\"},{\"@type\":\"ListItem\",\"position\":2,\"name\":\"Products\",\"item\":\"https:\/\/sumkcaps.com\/product\/\"},{\"@type\":\"ListItem\",\"position\":3,\"name\":\"Sumkcaps 241091 Custom Six Panel 3D Embroidery Snapback Cap\"}]},{\"@type\":\"WebSite\",\"@id\":\"https:\/\/sumkcaps.com\/#website\",\"url\":\"https:\/\/sumkcaps.com\/\",\"name\":\"Sumkcaps-China Original Headwear Manufacturer and Suppliers\",\"description\":\"We are China Cap And Hat Original Factory, whose main business is to custom cap and hat as client&#039;s LOGO. Any cap style, any cap color, any qty, any material and qty is no problem. In one words, any small details can be customized as your request.\",\"publisher\":{\"@id\":\"https:\/\/sumkcaps.com\/#organization\"},\"potentialAction\":[{\"@type\":\"SearchAction\",\"target\":{\"@type\":\"EntryPoint\",\"urlTemplate\":\"https:\/\/sumkcaps.com\/?s={search_term_string}\"},\"query-input\":{\"@type\":\"PropertyValueSpecification\",\"valueRequired\":true,\"valueName\":\"search_term_string\"}}],\"inLanguage\":\"fr-FR\"},{\"@type\":\"Organization\",\"@id\":\"https:\/\/sumkcaps.com\/#organization\",\"name\":\"Sumkcaps-China Original Headwear Manufacturer and Suppliers\",\"url\":\"https:\/\/sumkcaps.com\/\",\"logo\":{\"@type\":\"ImageObject\",\"inLanguage\":\"fr-FR\",\"@id\":\"https:\/\/sumkcaps.com\/#\/schema\/logo\/image\/\",\"url\":\"https:\/\/sumkcaps.com\/wp-content\/uploads\/2025\/12\/1234.jpg\",\"contentUrl\":\"https:\/\/sumkcaps.com\/wp-content\/uploads\/2025\/12\/1234.jpg\",\"width\":800,\"height\":800,\"caption\":\"Sumkcaps-China Original Headwear Manufacturer and Suppliers\"},\"image\":{\"@id\":\"https:\/\/sumkcaps.com\/#\/schema\/logo\/image\/\"},\"sameAs\":[\"https:\/\/www.facebook.com\/sumkcap\",\"https:\/\/www.instagram.com\/sumkcaps7\/\",\"https:\/\/www.pinterest.com\/sumkcapschina\/\"]}]}<\/script>\n<!-- \/ Yoast SEO Premium plugin. -->","yoast_head_json":{"title":"Custom 3D Embroidery Snapback Cap | China Manufactuer","description":"Sumkcaps 241091 Casquette Snapback avec broderie 3D, acrylique 100%, visi\u00e8re plate, taille unique, couleurs rouge\/personnalis\u00e9es, et prise en charge compl\u00e8te OEM et ODM.","robots":{"index":"index","follow":"follow","max-snippet":"max-snippet:-1","max-image-preview":"max-image-preview:large","max-video-preview":"max-video-preview:-1"},"canonical":"https:\/\/sumkcaps.com\/fr\/produit\/sufox-241091-custom-six-panel-3d-embroidery-snapback-cap\/","og_locale":"fr_FR","og_type":"article","og_title":"Sumkcaps 241091 Custom Six Panel 3D Embroidery Snapback Cap - Sumkcaps","og_description":"Sumkcaps 241091 3D Embroidery Snapback Cap with 100% acrylic, flat bill, OSFM fit, red\/custom colors, and full OEM & ODM support.","og_url":"https:\/\/sumkcaps.com\/fr\/produit\/sufox-241091-custom-six-panel-3d-embroidery-snapback-cap\/","og_site_name":"Sumkcaps-China Original Headwear Manufacturer and Suppliers","article_publisher":"https:\/\/www.facebook.com\/sumkcap","article_modified_time":"2025-12-17T08:03:14+00:00","og_image":[{"width":800,"height":800,"url":"https:\/\/sumkcaps.com\/wp-content\/uploads\/2022\/10\/custom_6_panel_3d_embroidery_snapback_hat-1-1.jpg","type":"image\/jpeg"}],"twitter_card":"summary_large_image","twitter_misc":{"Dur\u00e9e de lecture estim\u00e9e":"2 minutes"},"schema":{"@context":"https:\/\/schema.org","@graph":[{"@type":"WebPage","@id":"https:\/\/sumkcaps.com\/product\/sufox-241091-custom-six-panel-3d-embroidery-snapback-cap\/","url":"https:\/\/sumkcaps.com\/product\/sufox-241091-custom-six-panel-3d-embroidery-snapback-cap\/","name":"Custom 3D Embroidery Snapback Cap | China Manufactuer","isPartOf":{"@id":"https:\/\/sumkcaps.com\/#website"},"primaryImageOfPage":{"@id":"https:\/\/sumkcaps.com\/product\/sufox-241091-custom-six-panel-3d-embroidery-snapback-cap\/#primaryimage"},"image":{"@id":"https:\/\/sumkcaps.com\/product\/sufox-241091-custom-six-panel-3d-embroidery-snapback-cap\/#primaryimage"},"thumbnailUrl":"https:\/\/sumkcaps.com\/wp-content\/uploads\/2022\/10\/custom_6_panel_3d_embroidery_snapback_hat-1-1.jpg","datePublished":"2022-10-13T08:11:15+00:00","dateModified":"2025-12-17T08:03:14+00:00","description":"Sumkcaps 241091 Casquette Snapback avec broderie 3D, acrylique 100%, visi\u00e8re plate, taille unique, couleurs rouge\/personnalis\u00e9es, et prise en charge compl\u00e8te OEM et ODM.","breadcrumb":{"@id":"https:\/\/sumkcaps.com\/product\/sufox-241091-custom-six-panel-3d-embroidery-snapback-cap\/#breadcrumb"},"inLanguage":"fr-FR","potentialAction":[{"@type":"ReadAction","target":["https:\/\/sumkcaps.com\/product\/sufox-241091-custom-six-panel-3d-embroidery-snapback-cap\/"]}]},{"@type":"ImageObject","inLanguage":"fr-FR","@id":"https:\/\/sumkcaps.com\/product\/sufox-241091-custom-six-panel-3d-embroidery-snapback-cap\/#primaryimage","url":"https:\/\/sumkcaps.com\/wp-content\/uploads\/2022\/10\/custom_6_panel_3d_embroidery_snapback_hat-1-1.jpg","contentUrl":"https:\/\/sumkcaps.com\/wp-content\/uploads\/2022\/10\/custom_6_panel_3d_embroidery_snapback_hat-1-1.jpg","width":800,"height":800},{"@type":"BreadcrumbList","@id":"https:\/\/sumkcaps.com\/product\/sufox-241091-custom-six-panel-3d-embroidery-snapback-cap\/#breadcrumb","itemListElement":[{"@type":"ListItem","position":1,"name":"Home","item":"https:\/\/sumkcaps.com\/"},{"@type":"ListItem","position":2,"name":"Products","item":"https:\/\/sumkcaps.com\/product\/"},{"@type":"ListItem","position":3,"name":"Sumkcaps 241091 Custom Six Panel 3D Embroidery Snapback Cap"}]},{"@type":"WebSite","@id":"https:\/\/sumkcaps.com\/#website","url":"https:\/\/sumkcaps.com\/","name":"Sumkcaps - Fabricant et fournisseur chinois de couvre-chefs originaux","description":"Nous sommes une entreprise chinoise de fabrication de casquettes et de chapeaux, dont l'activit\u00e9 principale consiste \u00e0 personnaliser les casquettes et les chapeaux en fonction du LOGO du client. Tous les styles de casquettes, toutes les couleurs de casquettes, toutes les quantit\u00e9s, tous les mat\u00e9riaux et toutes les quantit\u00e9s ne posent aucun probl\u00e8me. En d'autres termes, tous les petits d\u00e9tails peuvent \u00eatre personnalis\u00e9s selon votre demande.","publisher":{"@id":"https:\/\/sumkcaps.com\/#organization"},"potentialAction":[{"@type":"SearchAction","target":{"@type":"EntryPoint","urlTemplate":"https:\/\/sumkcaps.com\/?s={search_term_string}"},"query-input":{"@type":"PropertyValueSpecification","valueRequired":true,"valueName":"search_term_string"}}],"inLanguage":"fr-FR"},{"@type":"Organization","@id":"https:\/\/sumkcaps.com\/#organization","name":"Sumkcaps - Fabricant et fournisseur chinois de couvre-chefs originaux","url":"https:\/\/sumkcaps.com\/","logo":{"@type":"ImageObject","inLanguage":"fr-FR","@id":"https:\/\/sumkcaps.com\/#\/schema\/logo\/image\/","url":"https:\/\/sumkcaps.com\/wp-content\/uploads\/2025\/12\/1234.jpg","contentUrl":"https:\/\/sumkcaps.com\/wp-content\/uploads\/2025\/12\/1234.jpg","width":800,"height":800,"caption":"Sumkcaps-China Original Headwear Manufacturer and Suppliers"},"image":{"@id":"https:\/\/sumkcaps.com\/#\/schema\/logo\/image\/"},"sameAs":["https:\/\/www.facebook.com\/sumkcap","https:\/\/www.instagram.com\/sumkcaps7\/","https:\/\/www.pinterest.com\/sumkcapschina\/"]}]}},"taxonomy_info":{"product_cat":[{"value":42,"label":"Snapback Hats Wholesale"}]},"featured_image_src_large":["https:\/\/sumkcaps.com\/wp-content\/uploads\/2022\/10\/custom_6_panel_3d_embroidery_snapback_hat-1-1.jpg",800,800,false],"author_info":[],"comment_info":"","_links":{"self":[{"href":"https:\/\/sumkcaps.com\/fr\/wp-json\/wp\/v2\/product\/16973","targetHints":{"allow":["GET"]}}],"collection":[{"href":"https:\/\/sumkcaps.com\/fr\/wp-json\/wp\/v2\/product"}],"about":[{"href":"https:\/\/sumkcaps.com\/fr\/wp-json\/wp\/v2\/types\/product"}],"wp:featuredmedia":[{"embeddable":true,"href":"https:\/\/sumkcaps.com\/fr\/wp-json\/wp\/v2\/media\/16974"}],"wp:attachment":[{"href":"https:\/\/sumkcaps.com\/fr\/wp-json\/wp\/v2\/media?parent=16973"}],"wp:term":[{"taxonomy":"product_brand","embeddable":true,"href":"https:\/\/sumkcaps.com\/fr\/wp-json\/wp\/v2\/product_brand?post=16973"},{"taxonomy":"product_cat","embeddable":true,"href":"https:\/\/sumkcaps.com\/fr\/wp-json\/wp\/v2\/product_cat?post=16973"},{"taxonomy":"product_tag","embeddable":true,"href":"https:\/\/sumkcaps.com\/fr\/wp-json\/wp\/v2\/product_tag?post=16973"}],"curies":[{"name":"wp","href":"https:\/\/api.w.org\/{rel}","templated":true}]}}