{"id":16950,"date":"2022-10-13T15:49:44","date_gmt":"2022-10-13T07:49:44","guid":{"rendered":"https:\/\/sumkcaps.com\/?post_type=product&#038;p=16950"},"modified":"2026-03-10T16:00:59","modified_gmt":"2026-03-10T08:00:59","slug":"sufox-241098-custom-six-panel-3d-embroidery-camo-snapback-cap","status":"publish","type":"product","link":"https:\/\/sumkcaps.com\/fr\/produit\/sufox-241098-custom-six-panel-3d-embroidery-camo-snapback-cap\/","title":{"rendered":"Sumkcaps 241098 Custom Six Panel 3D Embroidery Camo Snapback Cap"},"content":{"rendered":"<h3 data-start=\"0\" data-end=\"396\"><strong data-start=\"0\" data-end=\"30\">D\u00e9coration<\/strong><\/h3>\n<p data-start=\"0\" data-end=\"396\">Cette casquette snapback est orn\u00e9e d'une broderie 3D de qualit\u00e9 sup\u00e9rieure qui cr\u00e9e un effet de logo en relief sur le panneau avant. Les coutures \u00e9paisses ajoutent de la profondeur et de la texture, ce qui permet de faire ressortir clairement les logos ou les lettres. Cette technique de d\u00e9coration est tr\u00e8s pris\u00e9e par les marques de streetwear, les collections de plein air et les articles promotionnels en raison de son fort impact visuel et de sa durabilit\u00e9.<\/p>\n<h3 data-start=\"398\" data-end=\"755\"><strong data-start=\"398\" data-end=\"424\">Mat\u00e9riau<\/strong><\/h3>\n<p data-start=\"398\" data-end=\"755\">Fabriqu\u00e9e en coton 100%, cette casquette offre une respirabilit\u00e9, une douceur et un confort naturels pour un usage quotidien. Le coton permet une excellente absorption de l'humidit\u00e9 et une bonne circulation de l'air, ce qui le rend adapt\u00e9 aux activit\u00e9s de plein air et aux temps chauds. Il offre \u00e9galement une sensation classique et de haute qualit\u00e9 tout en conservant sa durabilit\u00e9 pour une utilisation \u00e0 long terme.<\/p>\n<h3 data-start=\"757\" data-end=\"1114\"><strong data-start=\"757\" data-end=\"785\">Couleur<\/strong><\/h3>\n<p data-start=\"757\" data-end=\"1114\">La casquette pr\u00e9sente un motif camouflage stylis\u00e9 qui lui conf\u00e8re un look robuste et inspir\u00e9 des activit\u00e9s de plein air. Les motifs camouflage sont populaires dans la mode streetwear et outdoor. Outre les motifs camouflage, Sumkcaps prend \u00e9galement en charge la personnalisation compl\u00e8te des couleurs, ce qui permet aux marques de s\u00e9lectionner les couleurs et les motifs qui correspondent \u00e0 leur identit\u00e9 ou \u00e0 leur concept.<\/p>\n<h3 data-start=\"1116\" data-end=\"1414\"><strong data-start=\"1116\" data-end=\"1149\">Taille<\/strong><\/h3>\n<p data-start=\"1116\" data-end=\"1414\">Con\u00e7ue avec une fermeture r\u00e9glable, cette casquette offre une taille OSFM (One Size Fits Most) qui s'adapte aux tours de t\u00eate de 7 \u00e0 7 3\/4. La sangle r\u00e9glable permet aux utilisateurs de modifier facilement l'ajustement pour plus de confort et de stabilit\u00e9, ce qui la rend adapt\u00e9e \u00e0 la plupart des adultes.<\/p>\n<h3 data-start=\"1416\" data-end=\"1688\"><strong data-start=\"1416\" data-end=\"1437\">Visi\u00e8re<\/strong><\/h3>\n<p data-start=\"1416\" data-end=\"1688\">La visi\u00e8re \u00e0 bord plat offre une esth\u00e9tique streetwear moderne tout en assurant une protection solaire fiable. Son design structur\u00e9 maintient une apparence propre et \u00e9l\u00e9gante, ce qui en fait un choix populaire pour la mode d\u00e9contract\u00e9e, les activit\u00e9s de plein air et le style urbain.<\/p>\n<h3 data-start=\"1690\" data-end=\"1986\"><strong data-start=\"1690\" data-end=\"1713\">Service<\/strong><\/h3>\n<p data-start=\"1690\" data-end=\"1986\">Sumkcaps offre des services professionnels OEM et ODM pour soutenir les marques mondiales, les grossistes et les entreprises promotionnelles. De la s\u00e9lection des mat\u00e9riaux \u00e0 la personnalisation du logo en passant par les solutions d'emballage, notre \u00e9quipe exp\u00e9riment\u00e9e aide \u00e0 transformer les concepts de design en casquettes personnalis\u00e9es de haute qualit\u00e9.<\/p>\n<h3 data-start=\"1988\" data-end=\"2286\"><strong data-start=\"1988\" data-end=\"2030\">D\u00e9lai d'ex\u00e9cution<\/strong><\/h3>\n<p data-start=\"1988\" data-end=\"2286\" data-is-last-node=\"\" data-is-only-node=\"\">La mise au point d'un \u00e9chantillon prend g\u00e9n\u00e9ralement de 7 \u00e0 9 jours ouvrables, ce qui permet aux clients d'examiner les d\u00e9tails du produit et de confirmer rapidement les dessins. La production en s\u00e9rie n\u00e9cessite g\u00e9n\u00e9ralement 18 \u00e0 22 jours ouvrables, ce qui garantit un contr\u00f4le de qualit\u00e9 constant et une livraison fiable pour les commandes importantes.<\/p>","protected":false},"excerpt":{"rendered":"<p>Sumkcaps 241098 Custom Six Panel 3D Embroidery Camo Snapback Cap est l'un des styles de casquettes les plus populaires, l\u00e9ger et respirant. Nos Snapbacks sont disponibles dans une vari\u00e9t\u00e9 de styles et de couleurs de toutes les grandes marques.<\/p>","protected":false},"featured_media":16951,"template":"","meta":{"_acf_changed":false,"_kad_blocks_custom_css":"","_kad_blocks_head_custom_js":"","_kad_blocks_body_custom_js":"","_kad_blocks_footer_custom_js":""},"product_brand":[],"product_cat":[42],"product_tag":[],"class_list":{"0":"post-16950","1":"product","2":"type-product","3":"status-publish","4":"has-post-thumbnail","6":"product_cat-snapback-cap","8":"first","9":"outofstock","10":"shipping-taxable","11":"product-type-simple"},"acf":[],"yoast_head":"<!-- This site is optimized with the Yoast SEO Premium plugin v20.8 (Yoast SEO v25.9) - https:\/\/yoast.com\/wordpress\/plugins\/seo\/ -->\n<title>Custom 3D Embroidery Camo Snapback Cap | China Manufactuer<\/title>\n<meta name=\"description\" content=\"High Quality China Custom Headwear Manufacturer. Top Quality Products At Best Prices. Add Your Logo or Custom Design Online. Expert Service. 16950\" \/>\n<meta name=\"robots\" content=\"index, follow, max-snippet:-1, max-image-preview:large, max-video-preview:-1\" \/>\n<link rel=\"canonical\" href=\"https:\/\/sumkcaps.com\/fr\/produit\/sufox-241098-custom-six-panel-3d-embroidery-camo-snapback-cap\/\" \/>\n<meta property=\"og:locale\" content=\"fr_FR\" \/>\n<meta property=\"og:type\" content=\"article\" \/>\n<meta property=\"og:title\" content=\"Sumkcaps 241098 Custom Six Panel 3D Embroidery Camo Snapback Cap - Sumkcaps\" \/>\n<meta property=\"og:description\" content=\"High Quality China Custom Headwear Manufacturer. Top Quality Products At Best Prices. Add Your Logo or Custom Design Online. Expert Service. 16950\" \/>\n<meta property=\"og:url\" content=\"https:\/\/sumkcaps.com\/fr\/produit\/sufox-241098-custom-six-panel-3d-embroidery-camo-snapback-cap\/\" \/>\n<meta property=\"og:site_name\" content=\"Sumkcaps-China Original Headwear Manufacturer and Suppliers\" \/>\n<meta property=\"article:publisher\" content=\"https:\/\/www.facebook.com\/sumkcap\" \/>\n<meta property=\"article:modified_time\" content=\"2026-03-10T08:00:59+00:00\" \/>\n<meta property=\"og:image\" content=\"https:\/\/sumkcaps.com\/wp-content\/uploads\/2022\/10\/custom_3d_embroidery_camo_snapback_cap-1.jpg\" \/>\n\t<meta property=\"og:image:width\" content=\"1000\" \/>\n\t<meta property=\"og:image:height\" content=\"1000\" \/>\n\t<meta property=\"og:image:type\" content=\"image\/jpeg\" \/>\n<meta name=\"twitter:card\" content=\"summary_large_image\" \/>\n<meta name=\"twitter:label1\" content=\"Dur\u00e9e de lecture estim\u00e9e\" \/>\n\t<meta name=\"twitter:data1\" content=\"2 minutes\" \/>\n<script type=\"application\/ld+json\" class=\"yoast-schema-graph\">{\"@context\":\"https:\/\/schema.org\",\"@graph\":[{\"@type\":\"WebPage\",\"@id\":\"https:\/\/sumkcaps.com\/product\/sufox-241098-custom-six-panel-3d-embroidery-camo-snapback-cap\/\",\"url\":\"https:\/\/sumkcaps.com\/product\/sufox-241098-custom-six-panel-3d-embroidery-camo-snapback-cap\/\",\"name\":\"Custom 3D Embroidery Camo Snapback Cap | China Manufactuer\",\"isPartOf\":{\"@id\":\"https:\/\/sumkcaps.com\/#website\"},\"primaryImageOfPage\":{\"@id\":\"https:\/\/sumkcaps.com\/product\/sufox-241098-custom-six-panel-3d-embroidery-camo-snapback-cap\/#primaryimage\"},\"image\":{\"@id\":\"https:\/\/sumkcaps.com\/product\/sufox-241098-custom-six-panel-3d-embroidery-camo-snapback-cap\/#primaryimage\"},\"thumbnailUrl\":\"https:\/\/sumkcaps.com\/wp-content\/uploads\/2022\/10\/custom_3d_embroidery_camo_snapback_cap-1.jpg\",\"datePublished\":\"2022-10-13T07:49:44+00:00\",\"dateModified\":\"2026-03-10T08:00:59+00:00\",\"description\":\"High Quality China Custom Headwear Manufacturer. Top Quality Products At Best Prices. Add Your Logo or Custom Design Online. Expert Service. 16950\",\"breadcrumb\":{\"@id\":\"https:\/\/sumkcaps.com\/product\/sufox-241098-custom-six-panel-3d-embroidery-camo-snapback-cap\/#breadcrumb\"},\"inLanguage\":\"fr-FR\",\"potentialAction\":[{\"@type\":\"ReadAction\",\"target\":[\"https:\/\/sumkcaps.com\/product\/sufox-241098-custom-six-panel-3d-embroidery-camo-snapback-cap\/\"]}]},{\"@type\":\"ImageObject\",\"inLanguage\":\"fr-FR\",\"@id\":\"https:\/\/sumkcaps.com\/product\/sufox-241098-custom-six-panel-3d-embroidery-camo-snapback-cap\/#primaryimage\",\"url\":\"https:\/\/sumkcaps.com\/wp-content\/uploads\/2022\/10\/custom_3d_embroidery_camo_snapback_cap-1.jpg\",\"contentUrl\":\"https:\/\/sumkcaps.com\/wp-content\/uploads\/2022\/10\/custom_3d_embroidery_camo_snapback_cap-1.jpg\",\"width\":1000,\"height\":1000,\"caption\":\"custom 3d embroidery camo snapback cap\"},{\"@type\":\"BreadcrumbList\",\"@id\":\"https:\/\/sumkcaps.com\/product\/sufox-241098-custom-six-panel-3d-embroidery-camo-snapback-cap\/#breadcrumb\",\"itemListElement\":[{\"@type\":\"ListItem\",\"position\":1,\"name\":\"Home\",\"item\":\"https:\/\/sumkcaps.com\/\"},{\"@type\":\"ListItem\",\"position\":2,\"name\":\"Products\",\"item\":\"https:\/\/sumkcaps.com\/product\/\"},{\"@type\":\"ListItem\",\"position\":3,\"name\":\"Sumkcaps 241098 Custom Six Panel 3D Embroidery Camo Snapback Cap\"}]},{\"@type\":\"WebSite\",\"@id\":\"https:\/\/sumkcaps.com\/#website\",\"url\":\"https:\/\/sumkcaps.com\/\",\"name\":\"Sumkcaps-China Original Headwear Manufacturer and Suppliers\",\"description\":\"We are China Cap And Hat Original Factory, whose main business is to custom cap and hat as client&#039;s LOGO. Any cap style, any cap color, any qty, any material and qty is no problem. In one words, any small details can be customized as your request.\",\"publisher\":{\"@id\":\"https:\/\/sumkcaps.com\/#organization\"},\"potentialAction\":[{\"@type\":\"SearchAction\",\"target\":{\"@type\":\"EntryPoint\",\"urlTemplate\":\"https:\/\/sumkcaps.com\/?s={search_term_string}\"},\"query-input\":{\"@type\":\"PropertyValueSpecification\",\"valueRequired\":true,\"valueName\":\"search_term_string\"}}],\"inLanguage\":\"fr-FR\"},{\"@type\":\"Organization\",\"@id\":\"https:\/\/sumkcaps.com\/#organization\",\"name\":\"Sumkcaps-China Original Headwear Manufacturer and Suppliers\",\"url\":\"https:\/\/sumkcaps.com\/\",\"logo\":{\"@type\":\"ImageObject\",\"inLanguage\":\"fr-FR\",\"@id\":\"https:\/\/sumkcaps.com\/#\/schema\/logo\/image\/\",\"url\":\"https:\/\/sumkcaps.com\/wp-content\/uploads\/2025\/12\/1234.jpg\",\"contentUrl\":\"https:\/\/sumkcaps.com\/wp-content\/uploads\/2025\/12\/1234.jpg\",\"width\":800,\"height\":800,\"caption\":\"Sumkcaps-China Original Headwear Manufacturer and Suppliers\"},\"image\":{\"@id\":\"https:\/\/sumkcaps.com\/#\/schema\/logo\/image\/\"},\"sameAs\":[\"https:\/\/www.facebook.com\/sumkcap\",\"https:\/\/www.instagram.com\/sumkcaps7\/\",\"https:\/\/www.pinterest.com\/sumkcapschina\/\"]}]}<\/script>\n<!-- \/ Yoast SEO Premium plugin. -->","yoast_head_json":{"title":"Custom 3D Embroidery Camo Snapback Cap | China Manufactuer","description":"Fabricant chinois de couvre-chefs personnalis\u00e9s de haute qualit\u00e9. Produits de qualit\u00e9 sup\u00e9rieure aux meilleurs prix. Ajoutez votre logo ou un design personnalis\u00e9 en ligne. Service d'experts. 16950","robots":{"index":"index","follow":"follow","max-snippet":"max-snippet:-1","max-image-preview":"max-image-preview:large","max-video-preview":"max-video-preview:-1"},"canonical":"https:\/\/sumkcaps.com\/fr\/produit\/sufox-241098-custom-six-panel-3d-embroidery-camo-snapback-cap\/","og_locale":"fr_FR","og_type":"article","og_title":"Sumkcaps 241098 Custom Six Panel 3D Embroidery Camo Snapback Cap - Sumkcaps","og_description":"High Quality China Custom Headwear Manufacturer. Top Quality Products At Best Prices. Add Your Logo or Custom Design Online. Expert Service. 16950","og_url":"https:\/\/sumkcaps.com\/fr\/produit\/sufox-241098-custom-six-panel-3d-embroidery-camo-snapback-cap\/","og_site_name":"Sumkcaps-China Original Headwear Manufacturer and Suppliers","article_publisher":"https:\/\/www.facebook.com\/sumkcap","article_modified_time":"2026-03-10T08:00:59+00:00","og_image":[{"width":1000,"height":1000,"url":"https:\/\/sumkcaps.com\/wp-content\/uploads\/2022\/10\/custom_3d_embroidery_camo_snapback_cap-1.jpg","type":"image\/jpeg"}],"twitter_card":"summary_large_image","twitter_misc":{"Dur\u00e9e de lecture estim\u00e9e":"2 minutes"},"schema":{"@context":"https:\/\/schema.org","@graph":[{"@type":"WebPage","@id":"https:\/\/sumkcaps.com\/product\/sufox-241098-custom-six-panel-3d-embroidery-camo-snapback-cap\/","url":"https:\/\/sumkcaps.com\/product\/sufox-241098-custom-six-panel-3d-embroidery-camo-snapback-cap\/","name":"Custom 3D Embroidery Camo Snapback Cap | China Manufactuer","isPartOf":{"@id":"https:\/\/sumkcaps.com\/#website"},"primaryImageOfPage":{"@id":"https:\/\/sumkcaps.com\/product\/sufox-241098-custom-six-panel-3d-embroidery-camo-snapback-cap\/#primaryimage"},"image":{"@id":"https:\/\/sumkcaps.com\/product\/sufox-241098-custom-six-panel-3d-embroidery-camo-snapback-cap\/#primaryimage"},"thumbnailUrl":"https:\/\/sumkcaps.com\/wp-content\/uploads\/2022\/10\/custom_3d_embroidery_camo_snapback_cap-1.jpg","datePublished":"2022-10-13T07:49:44+00:00","dateModified":"2026-03-10T08:00:59+00:00","description":"Fabricant chinois de couvre-chefs personnalis\u00e9s de haute qualit\u00e9. Produits de qualit\u00e9 sup\u00e9rieure aux meilleurs prix. Ajoutez votre logo ou un design personnalis\u00e9 en ligne. Service d'experts. 16950","breadcrumb":{"@id":"https:\/\/sumkcaps.com\/product\/sufox-241098-custom-six-panel-3d-embroidery-camo-snapback-cap\/#breadcrumb"},"inLanguage":"fr-FR","potentialAction":[{"@type":"ReadAction","target":["https:\/\/sumkcaps.com\/product\/sufox-241098-custom-six-panel-3d-embroidery-camo-snapback-cap\/"]}]},{"@type":"ImageObject","inLanguage":"fr-FR","@id":"https:\/\/sumkcaps.com\/product\/sufox-241098-custom-six-panel-3d-embroidery-camo-snapback-cap\/#primaryimage","url":"https:\/\/sumkcaps.com\/wp-content\/uploads\/2022\/10\/custom_3d_embroidery_camo_snapback_cap-1.jpg","contentUrl":"https:\/\/sumkcaps.com\/wp-content\/uploads\/2022\/10\/custom_3d_embroidery_camo_snapback_cap-1.jpg","width":1000,"height":1000,"caption":"custom 3d embroidery camo snapback cap"},{"@type":"BreadcrumbList","@id":"https:\/\/sumkcaps.com\/product\/sufox-241098-custom-six-panel-3d-embroidery-camo-snapback-cap\/#breadcrumb","itemListElement":[{"@type":"ListItem","position":1,"name":"Home","item":"https:\/\/sumkcaps.com\/"},{"@type":"ListItem","position":2,"name":"Products","item":"https:\/\/sumkcaps.com\/product\/"},{"@type":"ListItem","position":3,"name":"Sumkcaps 241098 Custom Six Panel 3D Embroidery Camo Snapback Cap"}]},{"@type":"WebSite","@id":"https:\/\/sumkcaps.com\/#website","url":"https:\/\/sumkcaps.com\/","name":"Sumkcaps - Fabricant et fournisseur chinois de couvre-chefs originaux","description":"Nous sommes une entreprise chinoise de fabrication de casquettes et de chapeaux, dont l'activit\u00e9 principale consiste \u00e0 personnaliser les casquettes et les chapeaux en fonction du LOGO du client. Tous les styles de casquettes, toutes les couleurs de casquettes, toutes les quantit\u00e9s, tous les mat\u00e9riaux et toutes les quantit\u00e9s ne posent aucun probl\u00e8me. En d'autres termes, tous les petits d\u00e9tails peuvent \u00eatre personnalis\u00e9s selon votre demande.","publisher":{"@id":"https:\/\/sumkcaps.com\/#organization"},"potentialAction":[{"@type":"SearchAction","target":{"@type":"EntryPoint","urlTemplate":"https:\/\/sumkcaps.com\/?s={search_term_string}"},"query-input":{"@type":"PropertyValueSpecification","valueRequired":true,"valueName":"search_term_string"}}],"inLanguage":"fr-FR"},{"@type":"Organization","@id":"https:\/\/sumkcaps.com\/#organization","name":"Sumkcaps - Fabricant et fournisseur chinois de couvre-chefs originaux","url":"https:\/\/sumkcaps.com\/","logo":{"@type":"ImageObject","inLanguage":"fr-FR","@id":"https:\/\/sumkcaps.com\/#\/schema\/logo\/image\/","url":"https:\/\/sumkcaps.com\/wp-content\/uploads\/2025\/12\/1234.jpg","contentUrl":"https:\/\/sumkcaps.com\/wp-content\/uploads\/2025\/12\/1234.jpg","width":800,"height":800,"caption":"Sumkcaps-China Original Headwear Manufacturer and Suppliers"},"image":{"@id":"https:\/\/sumkcaps.com\/#\/schema\/logo\/image\/"},"sameAs":["https:\/\/www.facebook.com\/sumkcap","https:\/\/www.instagram.com\/sumkcaps7\/","https:\/\/www.pinterest.com\/sumkcapschina\/"]}]}},"taxonomy_info":{"product_cat":[{"value":42,"label":"Snapback Hats Wholesale"}]},"featured_image_src_large":["https:\/\/sumkcaps.com\/wp-content\/uploads\/2022\/10\/custom_3d_embroidery_camo_snapback_cap-1.jpg",800,800,false],"author_info":[],"comment_info":"","_links":{"self":[{"href":"https:\/\/sumkcaps.com\/fr\/wp-json\/wp\/v2\/product\/16950","targetHints":{"allow":["GET"]}}],"collection":[{"href":"https:\/\/sumkcaps.com\/fr\/wp-json\/wp\/v2\/product"}],"about":[{"href":"https:\/\/sumkcaps.com\/fr\/wp-json\/wp\/v2\/types\/product"}],"wp:featuredmedia":[{"embeddable":true,"href":"https:\/\/sumkcaps.com\/fr\/wp-json\/wp\/v2\/media\/16951"}],"wp:attachment":[{"href":"https:\/\/sumkcaps.com\/fr\/wp-json\/wp\/v2\/media?parent=16950"}],"wp:term":[{"taxonomy":"product_brand","embeddable":true,"href":"https:\/\/sumkcaps.com\/fr\/wp-json\/wp\/v2\/product_brand?post=16950"},{"taxonomy":"product_cat","embeddable":true,"href":"https:\/\/sumkcaps.com\/fr\/wp-json\/wp\/v2\/product_cat?post=16950"},{"taxonomy":"product_tag","embeddable":true,"href":"https:\/\/sumkcaps.com\/fr\/wp-json\/wp\/v2\/product_tag?post=16950"}],"curies":[{"name":"wp","href":"https:\/\/api.w.org\/{rel}","templated":true}]}}