{"id":16918,"date":"2022-10-13T15:24:54","date_gmt":"2022-10-13T07:24:54","guid":{"rendered":"https:\/\/sumkcaps.com\/?post_type=product&#038;p=16918"},"modified":"2026-03-12T14:08:10","modified_gmt":"2026-03-12T06:08:10","slug":"sufox-241103-custom-six-panel-embroidery-cotton-stripe-snapback-cap","status":"publish","type":"product","link":"https:\/\/sumkcaps.com\/fr\/produit\/sufox-241103-custom-six-panel-embroidery-cotton-stripe-snapback-cap-2\/","title":{"rendered":"Casquette Snapback Sumkcaps \u00e0 six panneaux brod\u00e9e en coton ray\u00e9"},"content":{"rendered":"<div class=\"flex max-w-full flex-col gap-4 grow\">\n<div class=\"min-h-8 text-message relative flex w-full flex-col items-end gap-2 text-start break-words whitespace-normal [.text-message+&amp;]:mt-1\" dir=\"auto\" data-message-author-role=\"assistant\" data-message-id=\"085c51a3-080a-4e2a-a580-b9c69132ff1d\" data-message-model-slug=\"gpt-5-3\">\n<div class=\"flex w-full flex-col gap-1 empty:hidden\">\n<div class=\"markdown prose dark:prose-invert w-full wrap-break-word light markdown-new-styling\">\n<h3 data-start=\"73\" data-end=\"414\"><strong data-start=\"73\" data-end=\"100\">D\u00e9coration<\/strong><\/h3>\n<p data-start=\"73\" data-end=\"414\">Cette casquette snapback est orn\u00e9e d'une broderie de haute qualit\u00e9 qui permet de pr\u00e9senter un logo propre, durable et professionnel. Les techniques de broderie avanc\u00e9es garantissent des d\u00e9tails pr\u00e9cis et des coutures durables, ce qui est id\u00e9al pour les logos de marque, les graphiques d'\u00e9quipe ou les conceptions promotionnelles, tout en conservant un aspect haut de gamme.<\/p>\n<h3 data-start=\"416\" data-end=\"713\"><strong data-start=\"416\" data-end=\"442\">Mat\u00e9riau<\/strong><\/h3>\n<p data-start=\"416\" data-end=\"713\">Fabriqu\u00e9e en coton 100%, cette casquette offre une excellente respirabilit\u00e9 et un grand confort au quotidien. Le coton naturel est doux, durable et agr\u00e9able \u00e0 porter, tandis que le motif \u00e0 rayures ajoute une texture visuelle \u00e9l\u00e9gante qui rehausse l'aspect g\u00e9n\u00e9ral de la casquette.<\/p>\n<h3 data-start=\"715\" data-end=\"1013\"><strong data-start=\"715\" data-end=\"737\">Couleur<\/strong><\/h3>\n<p data-start=\"715\" data-end=\"1013\">La casquette peut \u00eatre personnalis\u00e9e en couleur pour correspondre \u00e0 l'identit\u00e9 de votre marque ou \u00e0 vos besoins en mati\u00e8re de design. Diff\u00e9rentes combinaisons de rayures et de couleurs de fils de broderie peuvent \u00eatre s\u00e9lectionn\u00e9es, ce qui permet aux marques de cr\u00e9er un couvre-chef unique qui s'aligne sur les tendances de la mode ou les campagnes promotionnelles.<\/p>\n<h3 data-start=\"1015\" data-end=\"1287\"><strong data-start=\"1015\" data-end=\"1048\">Taille<\/strong><\/h3>\n<p data-start=\"1015\" data-end=\"1287\">Con\u00e7ue avec une fermeture r\u00e9glable, cette casquette offre un ajustement flexible qui convient \u00e0 la plupart des tailles de t\u00eate allant de 7 \u00e0 7 3\/4. La conception r\u00e9glable assure confort et praticit\u00e9, ce qui la rend adapt\u00e9e \u00e0 un large \u00e9ventail de clients.<\/p>\n<h3 data-start=\"1289\" data-end=\"1558\"><strong data-start=\"1289\" data-end=\"1310\">Visi\u00e8re<\/strong><\/h3>\n<p data-start=\"1289\" data-end=\"1558\">La visi\u00e8re \u00e0 bord plat conf\u00e8re \u00e0 la casquette un style streetwear moderne tout en offrant une protection solaire efficace. Son design structur\u00e9 aide \u00e0 maintenir la forme de la casquette et cr\u00e9e une silhouette audacieuse qui est populaire sur les march\u00e9s de la mode urbaine et du style de vie.<\/p>\n<h3 data-start=\"1560\" data-end=\"1828\"><strong data-start=\"1560\" data-end=\"1583\">Service<\/strong><\/h3>\n<p data-start=\"1560\" data-end=\"1828\">Sumkcaps offre des services complets de personnalisation OEM et ODM. De la broderie du logo \u00e0 la s\u00e9lection des couleurs en passant par l'\u00e9tiquetage et l'emballage, notre \u00e9quipe exp\u00e9riment\u00e9e aide les marques, les grossistes et les d\u00e9taillants \u00e0 d\u00e9velopper des produits de coiffure personnalis\u00e9s.<\/p>\n<h3 data-start=\"1830\" data-end=\"2099\"><strong data-start=\"1830\" data-end=\"1849\">D\u00e9lai d'ex\u00e9cution<\/strong><\/h3>\n<p data-start=\"1830\" data-end=\"2099\" data-is-last-node=\"\" data-is-only-node=\"\">Une gestion efficace de la production garantit un d\u00e9lai d'ex\u00e9cution rapide pour les commandes personnalis\u00e9es. La production d'\u00e9chantillons prend g\u00e9n\u00e9ralement <strong data-start=\"1960\" data-end=\"1980\">7-9 jours ouvrables<\/strong>, tandis que la production en vrac n\u00e9cessite <strong data-start=\"2013\" data-end=\"2035\">18-22 jours ouvrables<\/strong>, Les entreprises peuvent ainsi lancer des produits rapidement et r\u00e9pondre \u00e0 la demande du march\u00e9.<\/p>\n<\/div>\n<\/div>\n<\/div>\n<\/div>\n<div class=\"mt-3 w-full empty:hidden\">\n<div class=\"text-center\">\n<div>\n<div class=\"inline-flex border border-gray-100 dark:border-gray-700 rounded-xl\">\n<div class=\"text-token-text-secondary flex items-center justify-center gap-4 px-4 py-2.5 text-sm whitespace-nowrap\"><\/div>\n<\/div>\n<\/div>\n<\/div>\n<\/div>","protected":false},"excerpt":{"rendered":"<p>Sumkcaps 241103 Custom Six Panel Embroidery Cotton Stripe Snapback Cap est l'un des styles de casquettes les plus populaires, l\u00e9ger et respirant. Nos Snapbacks sont disponibles dans une vari\u00e9t\u00e9 de styles et de couleurs de toutes les grandes marques.<\/p>","protected":false},"featured_media":16919,"template":"","meta":{"_acf_changed":false,"_kad_blocks_custom_css":"","_kad_blocks_head_custom_js":"","_kad_blocks_body_custom_js":"","_kad_blocks_footer_custom_js":""},"product_brand":[],"product_cat":[42],"product_tag":[],"class_list":{"0":"post-16918","1":"product","2":"type-product","3":"status-publish","4":"has-post-thumbnail","6":"product_cat-snapback-cap","8":"first","9":"outofstock","10":"shipping-taxable","11":"product-type-simple"},"acf":[],"yoast_head":"<!-- This site is optimized with the Yoast SEO Premium plugin v20.8 (Yoast SEO v25.9) - https:\/\/yoast.com\/wordpress\/plugins\/seo\/ -->\n<title>Custom Embroidery Stripe Snapback Cap | China Manufactuer<\/title>\n<meta name=\"description\" content=\"We are dedicated to manufacturing Premium Custom Caps, beanies and bucket hats. Patches available. Many custom options. Expert Service. Bulk Discount.\" \/>\n<meta name=\"robots\" content=\"index, follow, max-snippet:-1, max-image-preview:large, max-video-preview:-1\" \/>\n<link rel=\"canonical\" href=\"https:\/\/sumkcaps.com\/fr\/produit\/sufox-241103-custom-six-panel-embroidery-cotton-stripe-snapback-cap-2\/\" \/>\n<meta property=\"og:locale\" content=\"fr_FR\" \/>\n<meta property=\"og:type\" content=\"article\" \/>\n<meta property=\"og:title\" content=\"Sumkcaps Six Panel Embroidery Cotton Stripe Snapback Cap - Sumkcaps\" \/>\n<meta property=\"og:description\" content=\"We are dedicated to manufacturing Premium Custom Caps, beanies and bucket hats. Patches available. Many custom options. Expert Service. Bulk Discount.\" \/>\n<meta property=\"og:url\" content=\"https:\/\/sumkcaps.com\/fr\/produit\/sufox-241103-custom-six-panel-embroidery-cotton-stripe-snapback-cap-2\/\" \/>\n<meta property=\"og:site_name\" content=\"Sumkcaps-China Original Headwear Manufacturer and Suppliers\" \/>\n<meta property=\"article:publisher\" content=\"https:\/\/www.facebook.com\/sumkcap\" \/>\n<meta property=\"article:modified_time\" content=\"2026-03-12T06:08:10+00:00\" \/>\n<meta property=\"og:image\" content=\"https:\/\/sumkcaps.com\/wp-content\/uploads\/2022\/10\/men_6_panel_embroidery_cotton_stripe_snapback_hat-1.jpg\" \/>\n\t<meta property=\"og:image:width\" content=\"800\" \/>\n\t<meta property=\"og:image:height\" content=\"800\" \/>\n\t<meta property=\"og:image:type\" content=\"image\/jpeg\" \/>\n<meta name=\"twitter:card\" content=\"summary_large_image\" \/>\n<meta name=\"twitter:label1\" content=\"Dur\u00e9e de lecture estim\u00e9e\" \/>\n\t<meta name=\"twitter:data1\" content=\"2 minutes\" \/>\n<script type=\"application\/ld+json\" class=\"yoast-schema-graph\">{\"@context\":\"https:\/\/schema.org\",\"@graph\":[{\"@type\":\"WebPage\",\"@id\":\"https:\/\/sumkcaps.com\/product\/sufox-241103-custom-six-panel-embroidery-cotton-stripe-snapback-cap\/\",\"url\":\"https:\/\/sumkcaps.com\/product\/sufox-241103-custom-six-panel-embroidery-cotton-stripe-snapback-cap\/\",\"name\":\"Custom Embroidery Stripe Snapback Cap | China Manufactuer\",\"isPartOf\":{\"@id\":\"https:\/\/sumkcaps.com\/#website\"},\"primaryImageOfPage\":{\"@id\":\"https:\/\/sumkcaps.com\/product\/sufox-241103-custom-six-panel-embroidery-cotton-stripe-snapback-cap\/#primaryimage\"},\"image\":{\"@id\":\"https:\/\/sumkcaps.com\/product\/sufox-241103-custom-six-panel-embroidery-cotton-stripe-snapback-cap\/#primaryimage\"},\"thumbnailUrl\":\"https:\/\/sumkcaps.com\/wp-content\/uploads\/2022\/10\/men_6_panel_embroidery_cotton_stripe_snapback_hat-1.jpg\",\"datePublished\":\"2022-10-13T07:24:54+00:00\",\"dateModified\":\"2026-03-12T06:08:10+00:00\",\"description\":\"We are dedicated to manufacturing Premium Custom Caps, beanies and bucket hats. Patches available. Many custom options. Expert Service. Bulk Discount.\",\"breadcrumb\":{\"@id\":\"https:\/\/sumkcaps.com\/product\/sufox-241103-custom-six-panel-embroidery-cotton-stripe-snapback-cap\/#breadcrumb\"},\"inLanguage\":\"fr-FR\",\"potentialAction\":[{\"@type\":\"ReadAction\",\"target\":[\"https:\/\/sumkcaps.com\/product\/sufox-241103-custom-six-panel-embroidery-cotton-stripe-snapback-cap\/\"]}]},{\"@type\":\"ImageObject\",\"inLanguage\":\"fr-FR\",\"@id\":\"https:\/\/sumkcaps.com\/product\/sufox-241103-custom-six-panel-embroidery-cotton-stripe-snapback-cap\/#primaryimage\",\"url\":\"https:\/\/sumkcaps.com\/wp-content\/uploads\/2022\/10\/men_6_panel_embroidery_cotton_stripe_snapback_hat-1.jpg\",\"contentUrl\":\"https:\/\/sumkcaps.com\/wp-content\/uploads\/2022\/10\/men_6_panel_embroidery_cotton_stripe_snapback_hat-1.jpg\",\"width\":800,\"height\":800},{\"@type\":\"BreadcrumbList\",\"@id\":\"https:\/\/sumkcaps.com\/product\/sufox-241103-custom-six-panel-embroidery-cotton-stripe-snapback-cap\/#breadcrumb\",\"itemListElement\":[{\"@type\":\"ListItem\",\"position\":1,\"name\":\"Home\",\"item\":\"https:\/\/sumkcaps.com\/\"},{\"@type\":\"ListItem\",\"position\":2,\"name\":\"Products\",\"item\":\"https:\/\/sumkcaps.com\/product\/\"},{\"@type\":\"ListItem\",\"position\":3,\"name\":\"Sumkcaps Six Panel Embroidery Cotton Stripe Snapback Cap\"}]},{\"@type\":\"WebSite\",\"@id\":\"https:\/\/sumkcaps.com\/#website\",\"url\":\"https:\/\/sumkcaps.com\/\",\"name\":\"Sumkcaps-China Original Headwear Manufacturer and Suppliers\",\"description\":\"We are China Cap And Hat Original Factory, whose main business is to custom cap and hat as client&#039;s LOGO. Any cap style, any cap color, any qty, any material and qty is no problem. In one words, any small details can be customized as your request.\",\"publisher\":{\"@id\":\"https:\/\/sumkcaps.com\/#organization\"},\"potentialAction\":[{\"@type\":\"SearchAction\",\"target\":{\"@type\":\"EntryPoint\",\"urlTemplate\":\"https:\/\/sumkcaps.com\/?s={search_term_string}\"},\"query-input\":{\"@type\":\"PropertyValueSpecification\",\"valueRequired\":true,\"valueName\":\"search_term_string\"}}],\"inLanguage\":\"fr-FR\"},{\"@type\":\"Organization\",\"@id\":\"https:\/\/sumkcaps.com\/#organization\",\"name\":\"Sumkcaps-China Original Headwear Manufacturer and Suppliers\",\"url\":\"https:\/\/sumkcaps.com\/\",\"logo\":{\"@type\":\"ImageObject\",\"inLanguage\":\"fr-FR\",\"@id\":\"https:\/\/sumkcaps.com\/#\/schema\/logo\/image\/\",\"url\":\"https:\/\/sumkcaps.com\/wp-content\/uploads\/2025\/12\/1234.jpg\",\"contentUrl\":\"https:\/\/sumkcaps.com\/wp-content\/uploads\/2025\/12\/1234.jpg\",\"width\":800,\"height\":800,\"caption\":\"Sumkcaps-China Original Headwear Manufacturer and Suppliers\"},\"image\":{\"@id\":\"https:\/\/sumkcaps.com\/#\/schema\/logo\/image\/\"},\"sameAs\":[\"https:\/\/www.facebook.com\/sumkcap\",\"https:\/\/www.instagram.com\/sumkcaps7\/\",\"https:\/\/www.pinterest.com\/sumkcapschina\/\"]}]}<\/script>\n<!-- \/ Yoast SEO Premium plugin. -->","yoast_head_json":{"title":"Casquette Snapback \u00e0 rayures brod\u00e9es sur mesure | China Manufacturer","description":"Nous nous consacrons \u00e0 la fabrication de casquettes, de bonnets et de chapeaux \u00e0 godets personnalis\u00e9s de qualit\u00e9 sup\u00e9rieure. Ecussons disponibles. Nombreuses options personnalis\u00e9es. Service d'expert. Remise en vrac.","robots":{"index":"index","follow":"follow","max-snippet":"max-snippet:-1","max-image-preview":"max-image-preview:large","max-video-preview":"max-video-preview:-1"},"canonical":"https:\/\/sumkcaps.com\/fr\/produit\/sufox-241103-custom-six-panel-embroidery-cotton-stripe-snapback-cap-2\/","og_locale":"fr_FR","og_type":"article","og_title":"Sumkcaps Six Panel Embroidery Cotton Stripe Snapback Cap - Sumkcaps","og_description":"We are dedicated to manufacturing Premium Custom Caps, beanies and bucket hats. Patches available. Many custom options. Expert Service. Bulk Discount.","og_url":"https:\/\/sumkcaps.com\/fr\/produit\/sufox-241103-custom-six-panel-embroidery-cotton-stripe-snapback-cap-2\/","og_site_name":"Sumkcaps-China Original Headwear Manufacturer and Suppliers","article_publisher":"https:\/\/www.facebook.com\/sumkcap","article_modified_time":"2026-03-12T06:08:10+00:00","og_image":[{"width":800,"height":800,"url":"https:\/\/sumkcaps.com\/wp-content\/uploads\/2022\/10\/men_6_panel_embroidery_cotton_stripe_snapback_hat-1.jpg","type":"image\/jpeg"}],"twitter_card":"summary_large_image","twitter_misc":{"Dur\u00e9e de lecture estim\u00e9e":"2 minutes"},"schema":{"@context":"https:\/\/schema.org","@graph":[{"@type":"WebPage","@id":"https:\/\/sumkcaps.com\/product\/sufox-241103-custom-six-panel-embroidery-cotton-stripe-snapback-cap\/","url":"https:\/\/sumkcaps.com\/product\/sufox-241103-custom-six-panel-embroidery-cotton-stripe-snapback-cap\/","name":"Casquette Snapback \u00e0 rayures brod\u00e9es sur mesure | China Manufacturer","isPartOf":{"@id":"https:\/\/sumkcaps.com\/#website"},"primaryImageOfPage":{"@id":"https:\/\/sumkcaps.com\/product\/sufox-241103-custom-six-panel-embroidery-cotton-stripe-snapback-cap\/#primaryimage"},"image":{"@id":"https:\/\/sumkcaps.com\/product\/sufox-241103-custom-six-panel-embroidery-cotton-stripe-snapback-cap\/#primaryimage"},"thumbnailUrl":"https:\/\/sumkcaps.com\/wp-content\/uploads\/2022\/10\/men_6_panel_embroidery_cotton_stripe_snapback_hat-1.jpg","datePublished":"2022-10-13T07:24:54+00:00","dateModified":"2026-03-12T06:08:10+00:00","description":"Nous nous consacrons \u00e0 la fabrication de casquettes, de bonnets et de chapeaux \u00e0 godets personnalis\u00e9s de qualit\u00e9 sup\u00e9rieure. Ecussons disponibles. Nombreuses options personnalis\u00e9es. Service d'expert. Remise en vrac.","breadcrumb":{"@id":"https:\/\/sumkcaps.com\/product\/sufox-241103-custom-six-panel-embroidery-cotton-stripe-snapback-cap\/#breadcrumb"},"inLanguage":"fr-FR","potentialAction":[{"@type":"ReadAction","target":["https:\/\/sumkcaps.com\/product\/sufox-241103-custom-six-panel-embroidery-cotton-stripe-snapback-cap\/"]}]},{"@type":"ImageObject","inLanguage":"fr-FR","@id":"https:\/\/sumkcaps.com\/product\/sufox-241103-custom-six-panel-embroidery-cotton-stripe-snapback-cap\/#primaryimage","url":"https:\/\/sumkcaps.com\/wp-content\/uploads\/2022\/10\/men_6_panel_embroidery_cotton_stripe_snapback_hat-1.jpg","contentUrl":"https:\/\/sumkcaps.com\/wp-content\/uploads\/2022\/10\/men_6_panel_embroidery_cotton_stripe_snapback_hat-1.jpg","width":800,"height":800},{"@type":"BreadcrumbList","@id":"https:\/\/sumkcaps.com\/product\/sufox-241103-custom-six-panel-embroidery-cotton-stripe-snapback-cap\/#breadcrumb","itemListElement":[{"@type":"ListItem","position":1,"name":"Home","item":"https:\/\/sumkcaps.com\/"},{"@type":"ListItem","position":2,"name":"Products","item":"https:\/\/sumkcaps.com\/product\/"},{"@type":"ListItem","position":3,"name":"Sumkcaps Six Panel Embroidery Cotton Stripe Snapback Cap"}]},{"@type":"WebSite","@id":"https:\/\/sumkcaps.com\/#website","url":"https:\/\/sumkcaps.com\/","name":"Sumkcaps - Fabricant et fournisseur chinois de couvre-chefs originaux","description":"Nous sommes une entreprise chinoise de fabrication de casquettes et de chapeaux, dont l'activit\u00e9 principale consiste \u00e0 personnaliser les casquettes et les chapeaux en fonction du LOGO du client. Tous les styles de casquettes, toutes les couleurs de casquettes, toutes les quantit\u00e9s, tous les mat\u00e9riaux et toutes les quantit\u00e9s ne posent aucun probl\u00e8me. En d'autres termes, tous les petits d\u00e9tails peuvent \u00eatre personnalis\u00e9s selon votre demande.","publisher":{"@id":"https:\/\/sumkcaps.com\/#organization"},"potentialAction":[{"@type":"SearchAction","target":{"@type":"EntryPoint","urlTemplate":"https:\/\/sumkcaps.com\/?s={search_term_string}"},"query-input":{"@type":"PropertyValueSpecification","valueRequired":true,"valueName":"search_term_string"}}],"inLanguage":"fr-FR"},{"@type":"Organization","@id":"https:\/\/sumkcaps.com\/#organization","name":"Sumkcaps - Fabricant et fournisseur chinois de couvre-chefs originaux","url":"https:\/\/sumkcaps.com\/","logo":{"@type":"ImageObject","inLanguage":"fr-FR","@id":"https:\/\/sumkcaps.com\/#\/schema\/logo\/image\/","url":"https:\/\/sumkcaps.com\/wp-content\/uploads\/2025\/12\/1234.jpg","contentUrl":"https:\/\/sumkcaps.com\/wp-content\/uploads\/2025\/12\/1234.jpg","width":800,"height":800,"caption":"Sumkcaps-China Original Headwear Manufacturer and Suppliers"},"image":{"@id":"https:\/\/sumkcaps.com\/#\/schema\/logo\/image\/"},"sameAs":["https:\/\/www.facebook.com\/sumkcap","https:\/\/www.instagram.com\/sumkcaps7\/","https:\/\/www.pinterest.com\/sumkcapschina\/"]}]}},"taxonomy_info":{"product_cat":[{"value":42,"label":"Snapback Hats Wholesale"}]},"featured_image_src_large":["https:\/\/sumkcaps.com\/wp-content\/uploads\/2022\/10\/men_6_panel_embroidery_cotton_stripe_snapback_hat-1.jpg",800,800,false],"author_info":[],"comment_info":"","_links":{"self":[{"href":"https:\/\/sumkcaps.com\/fr\/wp-json\/wp\/v2\/product\/16918","targetHints":{"allow":["GET"]}}],"collection":[{"href":"https:\/\/sumkcaps.com\/fr\/wp-json\/wp\/v2\/product"}],"about":[{"href":"https:\/\/sumkcaps.com\/fr\/wp-json\/wp\/v2\/types\/product"}],"wp:featuredmedia":[{"embeddable":true,"href":"https:\/\/sumkcaps.com\/fr\/wp-json\/wp\/v2\/media\/16919"}],"wp:attachment":[{"href":"https:\/\/sumkcaps.com\/fr\/wp-json\/wp\/v2\/media?parent=16918"}],"wp:term":[{"taxonomy":"product_brand","embeddable":true,"href":"https:\/\/sumkcaps.com\/fr\/wp-json\/wp\/v2\/product_brand?post=16918"},{"taxonomy":"product_cat","embeddable":true,"href":"https:\/\/sumkcaps.com\/fr\/wp-json\/wp\/v2\/product_cat?post=16918"},{"taxonomy":"product_tag","embeddable":true,"href":"https:\/\/sumkcaps.com\/fr\/wp-json\/wp\/v2\/product_tag?post=16918"}],"curies":[{"name":"wp","href":"https:\/\/api.w.org\/{rel}","templated":true}]}}