{"id":16853,"date":"2022-10-13T14:30:18","date_gmt":"2022-10-13T06:30:18","guid":{"rendered":"https:\/\/sumkcaps.com\/?post_type=product&#038;p=16853"},"modified":"2026-01-09T09:45:40","modified_gmt":"2026-01-09T01:45:40","slug":"sufox-241095-custom-printed-coral-velvet-bucket-hats","status":"publish","type":"product","link":"https:\/\/sumkcaps.com\/fr\/produit\/sufox-241095-chapeaux-baquets-en-velours-corail-imprimes-sur-mesure\/","title":{"rendered":"Sumkcaps 241095 Chapeaux Bucket en velours corail imprim\u00e9s sur mesure"},"content":{"rendered":"<h3 data-start=\"133\" data-end=\"162\"><strong data-start=\"137\" data-end=\"160\">Service<\/strong><\/h3>\n<p data-start=\"163\" data-end=\"511\">Sumkcaps propose des services OEM et ODM complets pour les chapeaux baquets en velours corail, en prenant en charge les designs personnalis\u00e9s de la conception \u00e0 la production. De la s\u00e9lection du tissu et du d\u00e9veloppement du motif au placement de la marque et \u00e0 l'emballage, notre \u00e9quipe exp\u00e9riment\u00e9e garantit la flexibilit\u00e9, une r\u00e9ponse rapide et une qualit\u00e9 constante pour les marques priv\u00e9es, les marques de mode et les projets promotionnels.<\/p>\n<h3 data-start=\"518\" data-end=\"556\"><strong data-start=\"522\" data-end=\"554\">D\u00e9coration<\/strong><\/h3>\n<p data-start=\"557\" data-end=\"886\">Ces chapeaux seau sont dot\u00e9s d'une d\u00e9coration imprim\u00e9e personnalis\u00e9e, permettant aux couleurs vibrantes et aux motifs d\u00e9taill\u00e9s de ressortir sur la surface douce du velours corail. Les techniques d'impression avanc\u00e9es garantissent une forte adh\u00e9rence des couleurs, une durabilit\u00e9 et une finition lisse, ce qui rend ces chapeaux id\u00e9aux pour les marques, les collections saisonni\u00e8res et les conceptions de vente au d\u00e9tail accrocheuses.<\/p>\n<h3 data-start=\"893\" data-end=\"926\"><strong data-start=\"897\" data-end=\"924\">Mat\u00e9riau<\/strong><\/h3>\n<p data-start=\"927\" data-end=\"1224\">Fabriqu\u00e9 en velours corail de premi\u00e8re qualit\u00e9, ce chapeau baquet offre un toucher moelleux et ultra-doux, ainsi qu'une chaleur et un confort excellents. Le mat\u00e9riau offre un aspect luxueux tout en restant l\u00e9ger et respirant, ce qui le rend adapt\u00e9 aux tenues d'automne et d'hiver ainsi qu'aux collections ax\u00e9es sur la mode.<\/p>\n<h3 data-start=\"1231\" data-end=\"1259\"><strong data-start=\"1235\" data-end=\"1257\">Forme<\/strong><\/h3>\n<p data-start=\"1260\" data-end=\"1541\">Con\u00e7u dans une forme classique de chapeau baquet, ce mod\u00e8le offre une couverture compl\u00e8te du bord et une silhouette d\u00e9contract\u00e9e. La structure \u00e9quilibre le confort et le style, ce qui le rend adapt\u00e9 aux tenues d\u00e9contract\u00e9es, \u00e0 la mode de la rue, aux activit\u00e9s de plein air et \u00e0 l'image de marque de style de vie avec un look moderne et tendance.<\/p>\n<h3 data-start=\"1548\" data-end=\"1572\"><strong data-start=\"1552\" data-end=\"1570\">Couleur<\/strong><\/h3>\n<p data-start=\"1573\" data-end=\"1860\">Les options de couleur sont enti\u00e8rement personnalisables pour correspondre \u00e0 l'identit\u00e9 de la marque ou aux th\u00e8mes saisonniers. Qu'il s'agisse de tons neutres ou de nuances audacieuses, Sumkcaps permet une correspondance pr\u00e9cise des couleurs afin d'assurer la coh\u00e9rence des collections et d'aider les marques \u00e0 cr\u00e9er des mod\u00e8les de chapeaux \u00e0 godets distinctifs et reconnaissables.<\/p>\n<h3 data-start=\"1867\" data-end=\"1906\"><strong data-start=\"1871\" data-end=\"1904\">Taille<\/strong><\/h3>\n<p data-start=\"1907\" data-end=\"2175\">Avec son design \"One Size Fits Most\", ce chapeau seau s'adapte \u00e0 des tailles de t\u00eate allant de 7 \u00e0 7 3\/4. La construction flexible assure un ajustement confortable pour la plupart des adultes, ce qui le rend id\u00e9al pour les commandes en vrac, la distribution au d\u00e9tail et l'utilisation promotionnelle sans classement complexe des tailles.<\/p>\n<h3 data-start=\"2182\" data-end=\"2207\"><strong data-start=\"2186\" data-end=\"2205\">D\u00e9lai d'ex\u00e9cution<\/strong><\/h3>\n<p data-start=\"2208\" data-end=\"2490\">La production d'\u00e9chantillons prend environ 7 \u00e0 9 jours ouvrables, ce qui permet de valider rapidement la conception avant la production en s\u00e9rie. Le d\u00e9lai de production standard est de 18 \u00e0 22 jours ouvrables, ce qui permet d'assurer une ex\u00e9cution efficace des commandes tout en maintenant un contr\u00f4le de qualit\u00e9 strict pour les projets de gros et les projets personnalis\u00e9s.<\/p>","protected":false},"excerpt":{"rendered":"<p>Sumkcaps 241095 Custom Printed Coral Velvet Bucket Hats sont fabriqu\u00e9s \u00e0 partir de velours corail doux et de premi\u00e8re qualit\u00e9 pour un toucher moelleux et une chaleur \u00e9l\u00e9gante. Dot\u00e9s d'une d\u00e9coration imprim\u00e9e personnalis\u00e9e et de couleurs enti\u00e8rement personnalisables, ces chapeaux seau sont id\u00e9aux pour les marques de mode et les utilisations promotionnelles. La forme classique du chapeau seau offre un confort total, tandis que la coupe OSFM (7-7 3\/4) convient \u00e0 la plupart des porteurs. Avec des services professionnels OEM et ODM, un \u00e9chantillonnage rapide en 7-9 jours ouvrables et une production efficace en 18-22 jours ouvrables, ce style offre flexibilit\u00e9, qualit\u00e9 et attrait tendance pour les commandes en gros et personnalis\u00e9es.<\/p>","protected":false},"featured_media":16854,"template":"","meta":{"_acf_changed":false,"_kad_blocks_custom_css":"","_kad_blocks_head_custom_js":"","_kad_blocks_body_custom_js":"","_kad_blocks_footer_custom_js":""},"product_brand":[],"product_cat":[55],"product_tag":[],"class_list":{"0":"post-16853","1":"product","2":"type-product","3":"status-publish","4":"has-post-thumbnail","6":"product_cat-bucket-hat-manufacturers","8":"first","9":"outofstock","10":"shipping-taxable","11":"product-type-simple"},"acf":[],"yoast_head":"<!-- This site is optimized with the Yoast SEO Premium plugin v20.8 (Yoast SEO v25.9) - https:\/\/yoast.com\/wordpress\/plugins\/seo\/ -->\n<title>Custom Printed Coral Velvet Bucket Hats | China Manufactuer<\/title>\n<meta name=\"description\" content=\"High Quality China Custom Headwear Manufacturer. Top Quality Products At Best Prices. 100% Satisfaction Guarantee. Expert Service. Bulk Discount.\" \/>\n<meta name=\"robots\" content=\"index, follow, max-snippet:-1, max-image-preview:large, max-video-preview:-1\" \/>\n<link rel=\"canonical\" href=\"https:\/\/sumkcaps.com\/fr\/produit\/sufox-241095-chapeaux-baquets-en-velours-corail-imprimes-sur-mesure\/\" \/>\n<meta property=\"og:locale\" content=\"fr_FR\" \/>\n<meta property=\"og:type\" content=\"article\" \/>\n<meta property=\"og:title\" content=\"Sumkcaps 241095 Custom Printed Coral Velvet Bucket Hats - Sumkcaps\" \/>\n<meta property=\"og:description\" content=\"High Quality China Custom Headwear Manufacturer. Top Quality Products At Best Prices. 100% Satisfaction Guarantee. Expert Service. Bulk Discount.\" \/>\n<meta property=\"og:url\" content=\"https:\/\/sumkcaps.com\/fr\/produit\/sufox-241095-chapeaux-baquets-en-velours-corail-imprimes-sur-mesure\/\" \/>\n<meta property=\"og:site_name\" content=\"Sumkcaps-China Original Headwear Manufacturer and Suppliers\" \/>\n<meta property=\"article:publisher\" content=\"https:\/\/www.facebook.com\/sumkcap\" \/>\n<meta property=\"article:modified_time\" content=\"2026-01-09T01:45:40+00:00\" \/>\n<meta property=\"og:image\" content=\"https:\/\/sumkcaps.com\/wp-content\/uploads\/2022\/10\/custom_winter_cow_print_furry_bucket_hat-1.jpg\" \/>\n\t<meta property=\"og:image:width\" content=\"800\" \/>\n\t<meta property=\"og:image:height\" content=\"800\" \/>\n\t<meta property=\"og:image:type\" content=\"image\/jpeg\" \/>\n<meta name=\"twitter:card\" content=\"summary_large_image\" \/>\n<meta name=\"twitter:label1\" content=\"Dur\u00e9e de lecture estim\u00e9e\" \/>\n\t<meta name=\"twitter:data1\" content=\"2 minutes\" \/>\n<script type=\"application\/ld+json\" class=\"yoast-schema-graph\">{\"@context\":\"https:\/\/schema.org\",\"@graph\":[{\"@type\":\"WebPage\",\"@id\":\"https:\/\/sumkcaps.com\/product\/sufox-241095-custom-printed-coral-velvet-bucket-hats\/\",\"url\":\"https:\/\/sumkcaps.com\/product\/sufox-241095-custom-printed-coral-velvet-bucket-hats\/\",\"name\":\"Custom Printed Coral Velvet Bucket Hats | China Manufactuer\",\"isPartOf\":{\"@id\":\"https:\/\/sumkcaps.com\/#website\"},\"primaryImageOfPage\":{\"@id\":\"https:\/\/sumkcaps.com\/product\/sufox-241095-custom-printed-coral-velvet-bucket-hats\/#primaryimage\"},\"image\":{\"@id\":\"https:\/\/sumkcaps.com\/product\/sufox-241095-custom-printed-coral-velvet-bucket-hats\/#primaryimage\"},\"thumbnailUrl\":\"https:\/\/sumkcaps.com\/wp-content\/uploads\/2022\/10\/custom_winter_cow_print_furry_bucket_hat-1.jpg\",\"datePublished\":\"2022-10-13T06:30:18+00:00\",\"dateModified\":\"2026-01-09T01:45:40+00:00\",\"description\":\"High Quality China Custom Headwear Manufacturer. Top Quality Products At Best Prices. 100% Satisfaction Guarantee. Expert Service. Bulk Discount.\",\"breadcrumb\":{\"@id\":\"https:\/\/sumkcaps.com\/product\/sufox-241095-custom-printed-coral-velvet-bucket-hats\/#breadcrumb\"},\"inLanguage\":\"fr-FR\",\"potentialAction\":[{\"@type\":\"ReadAction\",\"target\":[\"https:\/\/sumkcaps.com\/product\/sufox-241095-custom-printed-coral-velvet-bucket-hats\/\"]}]},{\"@type\":\"ImageObject\",\"inLanguage\":\"fr-FR\",\"@id\":\"https:\/\/sumkcaps.com\/product\/sufox-241095-custom-printed-coral-velvet-bucket-hats\/#primaryimage\",\"url\":\"https:\/\/sumkcaps.com\/wp-content\/uploads\/2022\/10\/custom_winter_cow_print_furry_bucket_hat-1.jpg\",\"contentUrl\":\"https:\/\/sumkcaps.com\/wp-content\/uploads\/2022\/10\/custom_winter_cow_print_furry_bucket_hat-1.jpg\",\"width\":800,\"height\":800},{\"@type\":\"BreadcrumbList\",\"@id\":\"https:\/\/sumkcaps.com\/product\/sufox-241095-custom-printed-coral-velvet-bucket-hats\/#breadcrumb\",\"itemListElement\":[{\"@type\":\"ListItem\",\"position\":1,\"name\":\"Home\",\"item\":\"https:\/\/sumkcaps.com\/\"},{\"@type\":\"ListItem\",\"position\":2,\"name\":\"Products\",\"item\":\"https:\/\/sumkcaps.com\/product\/\"},{\"@type\":\"ListItem\",\"position\":3,\"name\":\"Sumkcaps 241095 Custom Printed Coral Velvet Bucket Hats\"}]},{\"@type\":\"WebSite\",\"@id\":\"https:\/\/sumkcaps.com\/#website\",\"url\":\"https:\/\/sumkcaps.com\/\",\"name\":\"Sumkcaps-China Original Headwear Manufacturer and Suppliers\",\"description\":\"We are China Cap And Hat Original Factory, whose main business is to custom cap and hat as client&#039;s LOGO. Any cap style, any cap color, any qty, any material and qty is no problem. In one words, any small details can be customized as your request.\",\"publisher\":{\"@id\":\"https:\/\/sumkcaps.com\/#organization\"},\"potentialAction\":[{\"@type\":\"SearchAction\",\"target\":{\"@type\":\"EntryPoint\",\"urlTemplate\":\"https:\/\/sumkcaps.com\/?s={search_term_string}\"},\"query-input\":{\"@type\":\"PropertyValueSpecification\",\"valueRequired\":true,\"valueName\":\"search_term_string\"}}],\"inLanguage\":\"fr-FR\"},{\"@type\":\"Organization\",\"@id\":\"https:\/\/sumkcaps.com\/#organization\",\"name\":\"Sumkcaps-China Original Headwear Manufacturer and Suppliers\",\"url\":\"https:\/\/sumkcaps.com\/\",\"logo\":{\"@type\":\"ImageObject\",\"inLanguage\":\"fr-FR\",\"@id\":\"https:\/\/sumkcaps.com\/#\/schema\/logo\/image\/\",\"url\":\"https:\/\/sumkcaps.com\/wp-content\/uploads\/2025\/12\/1234.jpg\",\"contentUrl\":\"https:\/\/sumkcaps.com\/wp-content\/uploads\/2025\/12\/1234.jpg\",\"width\":800,\"height\":800,\"caption\":\"Sumkcaps-China Original Headwear Manufacturer and Suppliers\"},\"image\":{\"@id\":\"https:\/\/sumkcaps.com\/#\/schema\/logo\/image\/\"},\"sameAs\":[\"https:\/\/www.facebook.com\/sumkcap\",\"https:\/\/www.instagram.com\/sumkcaps7\/\",\"https:\/\/www.pinterest.com\/sumkcapschina\/\"]}]}<\/script>\n<!-- \/ Yoast SEO Premium plugin. -->","yoast_head_json":{"title":"Chapeau en velours corail imprim\u00e9 sur mesure | Fabricant chinois","description":"Fabricant chinois de couvre-chefs personnalis\u00e9s de haute qualit\u00e9. Produits de qualit\u00e9 sup\u00e9rieure aux meilleurs prix. Garantie de satisfaction 100%. Service d'expert. Remise en vrac.","robots":{"index":"index","follow":"follow","max-snippet":"max-snippet:-1","max-image-preview":"max-image-preview:large","max-video-preview":"max-video-preview:-1"},"canonical":"https:\/\/sumkcaps.com\/fr\/produit\/sufox-241095-chapeaux-baquets-en-velours-corail-imprimes-sur-mesure\/","og_locale":"fr_FR","og_type":"article","og_title":"Sumkcaps 241095 Custom Printed Coral Velvet Bucket Hats - Sumkcaps","og_description":"High Quality China Custom Headwear Manufacturer. Top Quality Products At Best Prices. 100% Satisfaction Guarantee. Expert Service. Bulk Discount.","og_url":"https:\/\/sumkcaps.com\/fr\/produit\/sufox-241095-chapeaux-baquets-en-velours-corail-imprimes-sur-mesure\/","og_site_name":"Sumkcaps-China Original Headwear Manufacturer and Suppliers","article_publisher":"https:\/\/www.facebook.com\/sumkcap","article_modified_time":"2026-01-09T01:45:40+00:00","og_image":[{"width":800,"height":800,"url":"https:\/\/sumkcaps.com\/wp-content\/uploads\/2022\/10\/custom_winter_cow_print_furry_bucket_hat-1.jpg","type":"image\/jpeg"}],"twitter_card":"summary_large_image","twitter_misc":{"Dur\u00e9e de lecture estim\u00e9e":"2 minutes"},"schema":{"@context":"https:\/\/schema.org","@graph":[{"@type":"WebPage","@id":"https:\/\/sumkcaps.com\/product\/sufox-241095-custom-printed-coral-velvet-bucket-hats\/","url":"https:\/\/sumkcaps.com\/product\/sufox-241095-custom-printed-coral-velvet-bucket-hats\/","name":"Chapeau en velours corail imprim\u00e9 sur mesure | Fabricant chinois","isPartOf":{"@id":"https:\/\/sumkcaps.com\/#website"},"primaryImageOfPage":{"@id":"https:\/\/sumkcaps.com\/product\/sufox-241095-custom-printed-coral-velvet-bucket-hats\/#primaryimage"},"image":{"@id":"https:\/\/sumkcaps.com\/product\/sufox-241095-custom-printed-coral-velvet-bucket-hats\/#primaryimage"},"thumbnailUrl":"https:\/\/sumkcaps.com\/wp-content\/uploads\/2022\/10\/custom_winter_cow_print_furry_bucket_hat-1.jpg","datePublished":"2022-10-13T06:30:18+00:00","dateModified":"2026-01-09T01:45:40+00:00","description":"Fabricant chinois de couvre-chefs personnalis\u00e9s de haute qualit\u00e9. Produits de qualit\u00e9 sup\u00e9rieure aux meilleurs prix. Garantie de satisfaction 100%. Service d'expert. Remise en vrac.","breadcrumb":{"@id":"https:\/\/sumkcaps.com\/product\/sufox-241095-custom-printed-coral-velvet-bucket-hats\/#breadcrumb"},"inLanguage":"fr-FR","potentialAction":[{"@type":"ReadAction","target":["https:\/\/sumkcaps.com\/product\/sufox-241095-custom-printed-coral-velvet-bucket-hats\/"]}]},{"@type":"ImageObject","inLanguage":"fr-FR","@id":"https:\/\/sumkcaps.com\/product\/sufox-241095-custom-printed-coral-velvet-bucket-hats\/#primaryimage","url":"https:\/\/sumkcaps.com\/wp-content\/uploads\/2022\/10\/custom_winter_cow_print_furry_bucket_hat-1.jpg","contentUrl":"https:\/\/sumkcaps.com\/wp-content\/uploads\/2022\/10\/custom_winter_cow_print_furry_bucket_hat-1.jpg","width":800,"height":800},{"@type":"BreadcrumbList","@id":"https:\/\/sumkcaps.com\/product\/sufox-241095-custom-printed-coral-velvet-bucket-hats\/#breadcrumb","itemListElement":[{"@type":"ListItem","position":1,"name":"Home","item":"https:\/\/sumkcaps.com\/"},{"@type":"ListItem","position":2,"name":"Products","item":"https:\/\/sumkcaps.com\/product\/"},{"@type":"ListItem","position":3,"name":"Sumkcaps 241095 Custom Printed Coral Velvet Bucket Hats"}]},{"@type":"WebSite","@id":"https:\/\/sumkcaps.com\/#website","url":"https:\/\/sumkcaps.com\/","name":"Sumkcaps - Fabricant et fournisseur chinois de couvre-chefs originaux","description":"Nous sommes une entreprise chinoise de fabrication de casquettes et de chapeaux, dont l'activit\u00e9 principale consiste \u00e0 personnaliser les casquettes et les chapeaux en fonction du LOGO du client. Tous les styles de casquettes, toutes les couleurs de casquettes, toutes les quantit\u00e9s, tous les mat\u00e9riaux et toutes les quantit\u00e9s ne posent aucun probl\u00e8me. En d'autres termes, tous les petits d\u00e9tails peuvent \u00eatre personnalis\u00e9s selon votre demande.","publisher":{"@id":"https:\/\/sumkcaps.com\/#organization"},"potentialAction":[{"@type":"SearchAction","target":{"@type":"EntryPoint","urlTemplate":"https:\/\/sumkcaps.com\/?s={search_term_string}"},"query-input":{"@type":"PropertyValueSpecification","valueRequired":true,"valueName":"search_term_string"}}],"inLanguage":"fr-FR"},{"@type":"Organization","@id":"https:\/\/sumkcaps.com\/#organization","name":"Sumkcaps - Fabricant et fournisseur chinois de couvre-chefs originaux","url":"https:\/\/sumkcaps.com\/","logo":{"@type":"ImageObject","inLanguage":"fr-FR","@id":"https:\/\/sumkcaps.com\/#\/schema\/logo\/image\/","url":"https:\/\/sumkcaps.com\/wp-content\/uploads\/2025\/12\/1234.jpg","contentUrl":"https:\/\/sumkcaps.com\/wp-content\/uploads\/2025\/12\/1234.jpg","width":800,"height":800,"caption":"Sumkcaps-China Original Headwear Manufacturer and Suppliers"},"image":{"@id":"https:\/\/sumkcaps.com\/#\/schema\/logo\/image\/"},"sameAs":["https:\/\/www.facebook.com\/sumkcap","https:\/\/www.instagram.com\/sumkcaps7\/","https:\/\/www.pinterest.com\/sumkcapschina\/"]}]}},"taxonomy_info":{"product_cat":[{"value":55,"label":"Bucket Hat Wholesale"}]},"featured_image_src_large":["https:\/\/sumkcaps.com\/wp-content\/uploads\/2022\/10\/custom_winter_cow_print_furry_bucket_hat-1.jpg",800,800,false],"author_info":[],"comment_info":"","_links":{"self":[{"href":"https:\/\/sumkcaps.com\/fr\/wp-json\/wp\/v2\/product\/16853","targetHints":{"allow":["GET"]}}],"collection":[{"href":"https:\/\/sumkcaps.com\/fr\/wp-json\/wp\/v2\/product"}],"about":[{"href":"https:\/\/sumkcaps.com\/fr\/wp-json\/wp\/v2\/types\/product"}],"wp:featuredmedia":[{"embeddable":true,"href":"https:\/\/sumkcaps.com\/fr\/wp-json\/wp\/v2\/media\/16854"}],"wp:attachment":[{"href":"https:\/\/sumkcaps.com\/fr\/wp-json\/wp\/v2\/media?parent=16853"}],"wp:term":[{"taxonomy":"product_brand","embeddable":true,"href":"https:\/\/sumkcaps.com\/fr\/wp-json\/wp\/v2\/product_brand?post=16853"},{"taxonomy":"product_cat","embeddable":true,"href":"https:\/\/sumkcaps.com\/fr\/wp-json\/wp\/v2\/product_cat?post=16853"},{"taxonomy":"product_tag","embeddable":true,"href":"https:\/\/sumkcaps.com\/fr\/wp-json\/wp\/v2\/product_tag?post=16853"}],"curies":[{"name":"wp","href":"https:\/\/api.w.org\/{rel}","templated":true}]}}