{"id":16782,"date":"2022-10-13T13:27:38","date_gmt":"2022-10-13T05:27:38","guid":{"rendered":"https:\/\/sumkcaps.com\/?post_type=product&#038;p=16782"},"modified":"2025-07-09T16:41:51","modified_gmt":"2025-07-09T08:41:51","slug":"sufox-241081-custom-woven-label-cotton-fisherman-bucket-hats","status":"publish","type":"product","link":"https:\/\/sumkcaps.com\/fr\/produit\/sufox-241081-custom-woven-label-cotton-fisherman-bucket-hats\/","title":{"rendered":"Custom Woven Label Cotton Fisherman Bucket Hats Wholesale"},"content":{"rendered":"<h2>Couleur<\/h2>\n<p>Nos casquettes de p\u00eacheur en coton tiss\u00e9 sont propos\u00e9es dans une combinaison de couleurs unique et \u00e9l\u00e9gante, \u00e0 savoir le bleu et la p\u00eache. Ce m\u00e9lange de couleurs vibrantes ajoute une touche tendance \u00e0 ces chapeaux \u00e0 godets personnalis\u00e9s, ce qui en fait un choix \u00e0 la mode pour diverses occasions.<\/p>\n<h2>Mat\u00e9riau<\/h2>\n<p>Fabriqu\u00e9s en coton de haute qualit\u00e9, ces chapeaux de p\u00eacheur Custom Woven Label Bucket Hats sont \u00e0 la fois durables et confortables. Le tissu de coton respirant assure un confort l\u00e9ger, ce qui rend le Custom Cotton Bucket Hat id\u00e9al pour une utilisation prolong\u00e9e. La construction durable garantit une utilisation \u00e0 long terme, ce qui en fait un choix fiable pour les clients.<\/p>\n<h2>Sc\u00e9nario d'application<\/h2>\n<p>Id\u00e9al pour les activit\u00e9s de plein air et les tenues d\u00e9contract\u00e9es, le chapeau de p\u00eacheur en coton Custom Woven Label est parfait pour les sorties \u00e0 la plage, les festivals, les randonn\u00e9es et les \u00e9v\u00e9nements promotionnels. Son design tendance et polyvalent en fait un choix populaire pour toutes les occasions. Que vous profitiez d'une journ\u00e9e ensoleill\u00e9e ou que vous participiez \u00e0 une aventure en plein air, le Custom Cotton Bucket Hat offre une excellente protection solaire et ajoute une touche de style \u00e0 votre tenue.<\/p>\n<h2>Mati\u00e8res pouvant \u00eatre produites<\/h2>\n<p>Outre le coton de haute qualit\u00e9, nous pouvons produire les chapeaux de p\u00eacheur \u00e0 \u00e9tiquette tiss\u00e9e personnalis\u00e9s dans une gamme d'autres mat\u00e9riaux pour r\u00e9pondre \u00e0 vos besoins sp\u00e9cifiques. Les options comprennent le polyester, la toile et le nylon, ce qui vous permet de trouver le mat\u00e9riau id\u00e9al pour votre chapeau Bucket Hat personnalis\u00e9. Chaque mat\u00e9riau est s\u00e9lectionn\u00e9 pour sa durabilit\u00e9 et son confort, ce qui garantit que nos chapeaux conservent leur qualit\u00e9 au fil du temps.<\/p>\n<h2>Logo personnalis\u00e9<\/h2>\n<p>Nous proposons des services de personnalisation pour nos chapeaux de p\u00eacheur en coton \u00e0 \u00e9tiquette tiss\u00e9e, ce qui vous permet d'ajouter votre propre logo ou dessin. Nos techniques avanc\u00e9es de broderie et de tissage garantissent que votre logo personnalis\u00e9 sur le chapeau se distingue par des couleurs vives et des d\u00e9tails pr\u00e9cis. Personnalisez ces chapeaux \u00e0 la mode pour promouvoir votre marque ou comm\u00e9morer un \u00e9v\u00e9nement sp\u00e9cial.<\/p>\n<h2>\u00c0 propos de Sumkcaps<\/h2>\n<p>Sumkcaps a plus de 20 ans d'exp\u00e9rience dans la fabrication de chapeaux et se sp\u00e9cialise dans les quantit\u00e9s minimales de commande et les services de vente en gros personnalis\u00e9s et rentables. Notre engagement envers la qualit\u00e9 et la satisfaction du client fait de nous le partenaire id\u00e9al pour vos besoins en mati\u00e8re de couvre-chefs. Choisissez Sumkcaps pour des chapeaux de p\u00eacheur en coton tiss\u00e9 de haute qualit\u00e9 et faites progresser votre entreprise gr\u00e2ce \u00e0 nos chapeaux \u00e0 la mode et durables.<\/p>","protected":false},"excerpt":{"rendered":"<p>La casquette de p\u00eacheur en coton Woven Label est fabriqu\u00e9e en coton de premi\u00e8re qualit\u00e9 pour le confort et la durabilit\u00e9. Disponible en bleu, en p\u00eache et dans des couleurs enti\u00e8rement personnalisables, ce chapeau est parfait pour les activit\u00e9s de plein air, les festivals et la promotion de la marque. Nous proposons des mat\u00e9riaux tels que le polyester, la toile et le nylon, ainsi que des logos personnalis\u00e9s par broderie ou impression d'\u00e9tiquettes tiss\u00e9es pour r\u00e9pondre \u00e0 divers besoins en mati\u00e8re de strat\u00e9gie de marque.<\/p>","protected":false},"featured_media":16783,"template":"","meta":{"_acf_changed":false,"_kad_blocks_custom_css":"","_kad_blocks_head_custom_js":"","_kad_blocks_body_custom_js":"","_kad_blocks_footer_custom_js":""},"product_brand":[],"product_cat":[55,965],"product_tag":[],"class_list":{"0":"post-16782","1":"product","2":"type-product","3":"status-publish","4":"has-post-thumbnail","6":"product_cat-bucket-hat-manufacturers","7":"product_cat-cotton-bucket-hats-wholesale","9":"first","10":"outofstock","11":"shipping-taxable","12":"product-type-simple"},"acf":[],"yoast_head":"<!-- This site is optimized with the Yoast SEO Premium plugin v20.8 (Yoast SEO v25.9) - https:\/\/yoast.com\/wordpress\/plugins\/seo\/ -->\n<title>Custom Woven Label Cotton Fisherman Bucket Hats Wholesale<\/title>\n<meta name=\"description\" content=\"Shop Custom Woven Label Cotton Fisherman Bucket Hats wholesale. Perfect for retailers &amp; pros. High-quality, stylish &amp; customizable. Order now!\" \/>\n<meta name=\"robots\" content=\"index, follow, max-snippet:-1, max-image-preview:large, max-video-preview:-1\" \/>\n<link rel=\"canonical\" href=\"https:\/\/sumkcaps.com\/fr\/produit\/sufox-241081-custom-woven-label-cotton-fisherman-bucket-hats\/\" \/>\n<meta property=\"og:locale\" content=\"fr_FR\" \/>\n<meta property=\"og:type\" content=\"article\" \/>\n<meta property=\"og:title\" content=\"Custom Woven Label Cotton Fisherman Bucket Hats Wholesale - Sumkcaps\" \/>\n<meta property=\"og:description\" content=\"Shop Custom Woven Label Cotton Fisherman Bucket Hats wholesale. Perfect for retailers &amp; pros. High-quality, stylish &amp; customizable. Order now!\" \/>\n<meta property=\"og:url\" content=\"https:\/\/sumkcaps.com\/fr\/produit\/sufox-241081-custom-woven-label-cotton-fisherman-bucket-hats\/\" \/>\n<meta property=\"og:site_name\" content=\"Sumkcaps-China Original Headwear Manufacturer and Suppliers\" \/>\n<meta property=\"article:publisher\" content=\"https:\/\/www.facebook.com\/sumkcap\" \/>\n<meta property=\"article:modified_time\" content=\"2025-07-09T08:41:51+00:00\" \/>\n<meta property=\"og:image\" content=\"https:\/\/sumkcaps.com\/wp-content\/uploads\/2022\/10\/custom_100_Cotton_men_fishermen_bucket_hat-4.jpg\" \/>\n\t<meta property=\"og:image:width\" content=\"800\" \/>\n\t<meta property=\"og:image:height\" content=\"800\" \/>\n\t<meta property=\"og:image:type\" content=\"image\/jpeg\" \/>\n<meta name=\"twitter:card\" content=\"summary_large_image\" \/>\n<meta name=\"twitter:label1\" content=\"Dur\u00e9e de lecture estim\u00e9e\" \/>\n\t<meta name=\"twitter:data1\" content=\"2 minutes\" \/>\n<script type=\"application\/ld+json\" class=\"yoast-schema-graph\">{\"@context\":\"https:\/\/schema.org\",\"@graph\":[{\"@type\":\"WebPage\",\"@id\":\"https:\/\/sumkcaps.com\/product\/sufox-241081-custom-woven-label-cotton-fisherman-bucket-hats\/\",\"url\":\"https:\/\/sumkcaps.com\/product\/sufox-241081-custom-woven-label-cotton-fisherman-bucket-hats\/\",\"name\":\"Custom Woven Label Cotton Fisherman Bucket Hats Wholesale\",\"isPartOf\":{\"@id\":\"https:\/\/sumkcaps.com\/#website\"},\"primaryImageOfPage\":{\"@id\":\"https:\/\/sumkcaps.com\/product\/sufox-241081-custom-woven-label-cotton-fisherman-bucket-hats\/#primaryimage\"},\"image\":{\"@id\":\"https:\/\/sumkcaps.com\/product\/sufox-241081-custom-woven-label-cotton-fisherman-bucket-hats\/#primaryimage\"},\"thumbnailUrl\":\"https:\/\/sumkcaps.com\/wp-content\/uploads\/2022\/10\/custom_100_Cotton_men_fishermen_bucket_hat-4.jpg\",\"datePublished\":\"2022-10-13T05:27:38+00:00\",\"dateModified\":\"2025-07-09T08:41:51+00:00\",\"description\":\"Shop Custom Woven Label Cotton Fisherman Bucket Hats wholesale. Perfect for retailers & pros. High-quality, stylish & customizable. Order now!\",\"breadcrumb\":{\"@id\":\"https:\/\/sumkcaps.com\/product\/sufox-241081-custom-woven-label-cotton-fisherman-bucket-hats\/#breadcrumb\"},\"inLanguage\":\"fr-FR\",\"potentialAction\":[{\"@type\":\"ReadAction\",\"target\":[\"https:\/\/sumkcaps.com\/product\/sufox-241081-custom-woven-label-cotton-fisherman-bucket-hats\/\"]}]},{\"@type\":\"ImageObject\",\"inLanguage\":\"fr-FR\",\"@id\":\"https:\/\/sumkcaps.com\/product\/sufox-241081-custom-woven-label-cotton-fisherman-bucket-hats\/#primaryimage\",\"url\":\"https:\/\/sumkcaps.com\/wp-content\/uploads\/2022\/10\/custom_100_Cotton_men_fishermen_bucket_hat-4.jpg\",\"contentUrl\":\"https:\/\/sumkcaps.com\/wp-content\/uploads\/2022\/10\/custom_100_Cotton_men_fishermen_bucket_hat-4.jpg\",\"width\":800,\"height\":800,\"caption\":\"Custom Woven Label Cotton Fisherman Bucket Hats Wholesale\"},{\"@type\":\"BreadcrumbList\",\"@id\":\"https:\/\/sumkcaps.com\/product\/sufox-241081-custom-woven-label-cotton-fisherman-bucket-hats\/#breadcrumb\",\"itemListElement\":[{\"@type\":\"ListItem\",\"position\":1,\"name\":\"Home\",\"item\":\"https:\/\/sumkcaps.com\/\"},{\"@type\":\"ListItem\",\"position\":2,\"name\":\"Products\",\"item\":\"https:\/\/sumkcaps.com\/product\/\"},{\"@type\":\"ListItem\",\"position\":3,\"name\":\"Custom Woven Label Cotton Fisherman Bucket Hats Wholesale\"}]},{\"@type\":\"WebSite\",\"@id\":\"https:\/\/sumkcaps.com\/#website\",\"url\":\"https:\/\/sumkcaps.com\/\",\"name\":\"Sumkcaps-China Original Headwear Manufacturer and Suppliers\",\"description\":\"We are China Cap And Hat Original Factory, whose main business is to custom cap and hat as client&#039;s LOGO. Any cap style, any cap color, any qty, any material and qty is no problem. In one words, any small details can be customized as your request.\",\"publisher\":{\"@id\":\"https:\/\/sumkcaps.com\/#organization\"},\"potentialAction\":[{\"@type\":\"SearchAction\",\"target\":{\"@type\":\"EntryPoint\",\"urlTemplate\":\"https:\/\/sumkcaps.com\/?s={search_term_string}\"},\"query-input\":{\"@type\":\"PropertyValueSpecification\",\"valueRequired\":true,\"valueName\":\"search_term_string\"}}],\"inLanguage\":\"fr-FR\"},{\"@type\":\"Organization\",\"@id\":\"https:\/\/sumkcaps.com\/#organization\",\"name\":\"Sumkcaps-China Original Headwear Manufacturer and Suppliers\",\"url\":\"https:\/\/sumkcaps.com\/\",\"logo\":{\"@type\":\"ImageObject\",\"inLanguage\":\"fr-FR\",\"@id\":\"https:\/\/sumkcaps.com\/#\/schema\/logo\/image\/\",\"url\":\"https:\/\/sumkcaps.com\/wp-content\/uploads\/2025\/12\/1234.jpg\",\"contentUrl\":\"https:\/\/sumkcaps.com\/wp-content\/uploads\/2025\/12\/1234.jpg\",\"width\":800,\"height\":800,\"caption\":\"Sumkcaps-China Original Headwear Manufacturer and Suppliers\"},\"image\":{\"@id\":\"https:\/\/sumkcaps.com\/#\/schema\/logo\/image\/\"},\"sameAs\":[\"https:\/\/www.facebook.com\/sumkcap\",\"https:\/\/www.instagram.com\/sumkcaps7\/\",\"https:\/\/www.pinterest.com\/sumkcapschina\/\"]}]}<\/script>\n<!-- \/ Yoast SEO Premium plugin. -->","yoast_head_json":{"title":"Custom Woven Label Cotton Fisherman Bucket Hats Wholesale","description":"Achetez en gros des casquettes de p\u00eacheur en coton avec \u00e9tiquette tiss\u00e9e. Parfait pour les d\u00e9taillants et les professionnels. De haute qualit\u00e9, \u00e9l\u00e9gants et personnalisables. Commandez d\u00e8s maintenant !","robots":{"index":"index","follow":"follow","max-snippet":"max-snippet:-1","max-image-preview":"max-image-preview:large","max-video-preview":"max-video-preview:-1"},"canonical":"https:\/\/sumkcaps.com\/fr\/produit\/sufox-241081-custom-woven-label-cotton-fisherman-bucket-hats\/","og_locale":"fr_FR","og_type":"article","og_title":"Custom Woven Label Cotton Fisherman Bucket Hats Wholesale - Sumkcaps","og_description":"Shop Custom Woven Label Cotton Fisherman Bucket Hats wholesale. Perfect for retailers & pros. High-quality, stylish & customizable. Order now!","og_url":"https:\/\/sumkcaps.com\/fr\/produit\/sufox-241081-custom-woven-label-cotton-fisherman-bucket-hats\/","og_site_name":"Sumkcaps-China Original Headwear Manufacturer and Suppliers","article_publisher":"https:\/\/www.facebook.com\/sumkcap","article_modified_time":"2025-07-09T08:41:51+00:00","og_image":[{"width":800,"height":800,"url":"https:\/\/sumkcaps.com\/wp-content\/uploads\/2022\/10\/custom_100_Cotton_men_fishermen_bucket_hat-4.jpg","type":"image\/jpeg"}],"twitter_card":"summary_large_image","twitter_misc":{"Dur\u00e9e de lecture estim\u00e9e":"2 minutes"},"schema":{"@context":"https:\/\/schema.org","@graph":[{"@type":"WebPage","@id":"https:\/\/sumkcaps.com\/product\/sufox-241081-custom-woven-label-cotton-fisherman-bucket-hats\/","url":"https:\/\/sumkcaps.com\/product\/sufox-241081-custom-woven-label-cotton-fisherman-bucket-hats\/","name":"Custom Woven Label Cotton Fisherman Bucket Hats Wholesale","isPartOf":{"@id":"https:\/\/sumkcaps.com\/#website"},"primaryImageOfPage":{"@id":"https:\/\/sumkcaps.com\/product\/sufox-241081-custom-woven-label-cotton-fisherman-bucket-hats\/#primaryimage"},"image":{"@id":"https:\/\/sumkcaps.com\/product\/sufox-241081-custom-woven-label-cotton-fisherman-bucket-hats\/#primaryimage"},"thumbnailUrl":"https:\/\/sumkcaps.com\/wp-content\/uploads\/2022\/10\/custom_100_Cotton_men_fishermen_bucket_hat-4.jpg","datePublished":"2022-10-13T05:27:38+00:00","dateModified":"2025-07-09T08:41:51+00:00","description":"Achetez en gros des casquettes de p\u00eacheur en coton avec \u00e9tiquette tiss\u00e9e. Parfait pour les d\u00e9taillants et les professionnels. De haute qualit\u00e9, \u00e9l\u00e9gants et personnalisables. Commandez d\u00e8s maintenant !","breadcrumb":{"@id":"https:\/\/sumkcaps.com\/product\/sufox-241081-custom-woven-label-cotton-fisherman-bucket-hats\/#breadcrumb"},"inLanguage":"fr-FR","potentialAction":[{"@type":"ReadAction","target":["https:\/\/sumkcaps.com\/product\/sufox-241081-custom-woven-label-cotton-fisherman-bucket-hats\/"]}]},{"@type":"ImageObject","inLanguage":"fr-FR","@id":"https:\/\/sumkcaps.com\/product\/sufox-241081-custom-woven-label-cotton-fisherman-bucket-hats\/#primaryimage","url":"https:\/\/sumkcaps.com\/wp-content\/uploads\/2022\/10\/custom_100_Cotton_men_fishermen_bucket_hat-4.jpg","contentUrl":"https:\/\/sumkcaps.com\/wp-content\/uploads\/2022\/10\/custom_100_Cotton_men_fishermen_bucket_hat-4.jpg","width":800,"height":800,"caption":"Custom Woven Label Cotton Fisherman Bucket Hats Wholesale"},{"@type":"BreadcrumbList","@id":"https:\/\/sumkcaps.com\/product\/sufox-241081-custom-woven-label-cotton-fisherman-bucket-hats\/#breadcrumb","itemListElement":[{"@type":"ListItem","position":1,"name":"Home","item":"https:\/\/sumkcaps.com\/"},{"@type":"ListItem","position":2,"name":"Products","item":"https:\/\/sumkcaps.com\/product\/"},{"@type":"ListItem","position":3,"name":"Custom Woven Label Cotton Fisherman Bucket Hats Wholesale"}]},{"@type":"WebSite","@id":"https:\/\/sumkcaps.com\/#website","url":"https:\/\/sumkcaps.com\/","name":"Sumkcaps - Fabricant et fournisseur chinois de couvre-chefs originaux","description":"Nous sommes une entreprise chinoise de fabrication de casquettes et de chapeaux, dont l'activit\u00e9 principale consiste \u00e0 personnaliser les casquettes et les chapeaux en fonction du LOGO du client. Tous les styles de casquettes, toutes les couleurs de casquettes, toutes les quantit\u00e9s, tous les mat\u00e9riaux et toutes les quantit\u00e9s ne posent aucun probl\u00e8me. En d'autres termes, tous les petits d\u00e9tails peuvent \u00eatre personnalis\u00e9s selon votre demande.","publisher":{"@id":"https:\/\/sumkcaps.com\/#organization"},"potentialAction":[{"@type":"SearchAction","target":{"@type":"EntryPoint","urlTemplate":"https:\/\/sumkcaps.com\/?s={search_term_string}"},"query-input":{"@type":"PropertyValueSpecification","valueRequired":true,"valueName":"search_term_string"}}],"inLanguage":"fr-FR"},{"@type":"Organization","@id":"https:\/\/sumkcaps.com\/#organization","name":"Sumkcaps - Fabricant et fournisseur chinois de couvre-chefs originaux","url":"https:\/\/sumkcaps.com\/","logo":{"@type":"ImageObject","inLanguage":"fr-FR","@id":"https:\/\/sumkcaps.com\/#\/schema\/logo\/image\/","url":"https:\/\/sumkcaps.com\/wp-content\/uploads\/2025\/12\/1234.jpg","contentUrl":"https:\/\/sumkcaps.com\/wp-content\/uploads\/2025\/12\/1234.jpg","width":800,"height":800,"caption":"Sumkcaps-China Original Headwear Manufacturer and Suppliers"},"image":{"@id":"https:\/\/sumkcaps.com\/#\/schema\/logo\/image\/"},"sameAs":["https:\/\/www.facebook.com\/sumkcap","https:\/\/www.instagram.com\/sumkcaps7\/","https:\/\/www.pinterest.com\/sumkcapschina\/"]}]}},"taxonomy_info":{"product_cat":[{"value":55,"label":"Bucket Hat Wholesale"},{"value":965,"label":"Cotton Bucket Hats Wholesale"}]},"featured_image_src_large":["https:\/\/sumkcaps.com\/wp-content\/uploads\/2022\/10\/custom_100_Cotton_men_fishermen_bucket_hat-4.jpg",800,800,false],"author_info":[],"comment_info":"","_links":{"self":[{"href":"https:\/\/sumkcaps.com\/fr\/wp-json\/wp\/v2\/product\/16782","targetHints":{"allow":["GET"]}}],"collection":[{"href":"https:\/\/sumkcaps.com\/fr\/wp-json\/wp\/v2\/product"}],"about":[{"href":"https:\/\/sumkcaps.com\/fr\/wp-json\/wp\/v2\/types\/product"}],"wp:featuredmedia":[{"embeddable":true,"href":"https:\/\/sumkcaps.com\/fr\/wp-json\/wp\/v2\/media\/16783"}],"wp:attachment":[{"href":"https:\/\/sumkcaps.com\/fr\/wp-json\/wp\/v2\/media?parent=16782"}],"wp:term":[{"taxonomy":"product_brand","embeddable":true,"href":"https:\/\/sumkcaps.com\/fr\/wp-json\/wp\/v2\/product_brand?post=16782"},{"taxonomy":"product_cat","embeddable":true,"href":"https:\/\/sumkcaps.com\/fr\/wp-json\/wp\/v2\/product_cat?post=16782"},{"taxonomy":"product_tag","embeddable":true,"href":"https:\/\/sumkcaps.com\/fr\/wp-json\/wp\/v2\/product_tag?post=16782"}],"curies":[{"name":"wp","href":"https:\/\/api.w.org\/{rel}","templated":true}]}}