{"id":16729,"date":"2022-10-13T11:19:02","date_gmt":"2022-10-13T03:19:02","guid":{"rendered":"https:\/\/sumkcaps.com\/?post_type=product&#038;p=16729"},"modified":"2026-03-12T14:53:41","modified_gmt":"2026-03-12T06:53:41","slug":"sufox-241075-custom-six-panel-3d-embroidery-blue-snapback-cap","status":"publish","type":"product","link":"https:\/\/sumkcaps.com\/fr\/produit\/sufox-241075-custom-six-panel-3d-embroidery-blue-snapback-cap\/","title":{"rendered":"Sumkcaps 241075 Custom Six Panel 3D Embroidery Blue Snapback Cap"},"content":{"rendered":"<h3 data-start=\"81\" data-end=\"428\"><strong data-start=\"81\" data-end=\"111\">D\u00e9coration<\/strong><\/h3>\n<p data-start=\"81\" data-end=\"428\">Cette casquette snapback est dot\u00e9e d'une broderie 3D de qualit\u00e9 sup\u00e9rieure qui cr\u00e9e un logo en relief, textur\u00e9 et d'une grande profondeur visuelle. La technique de broderie avanc\u00e9e garantit une couture pr\u00e9cise et une durabilit\u00e9 \u00e0 long terme, ce qui la rend id\u00e9ale pour les logos de marque, les embl\u00e8mes d'\u00e9quipe ou les conceptions personnalis\u00e9es qui requi\u00e8rent une apparence audacieuse et professionnelle.<\/p>\n<h3 data-start=\"430\" data-end=\"741\"><strong data-start=\"430\" data-end=\"457\">Mat\u00e9riau<\/strong><\/h3>\n<p data-start=\"430\" data-end=\"741\">Fabriqu\u00e9e en tissu acrylique 100% de haute qualit\u00e9, la casquette offre une grande durabilit\u00e9, un confort l\u00e9ger et une excellente conservation de la forme. L'acrylique permet de conserver la structure de la casquette tout en r\u00e9sistant aux plis et \u00e0 la d\u00e9coloration, ce qui garantit que la casquette reste \u00e9l\u00e9gante et fonctionnelle au quotidien.<\/p>\n<h3 data-start=\"743\" data-end=\"1029\"><strong data-start=\"743\" data-end=\"771\">Couleur<\/strong><\/h3>\n<p data-start=\"743\" data-end=\"1029\">La casquette est propos\u00e9e dans une couleur bleue classique qui offre un look \u00e9pur\u00e9 et polyvalent adapt\u00e9 au streetwear, au sport et \u00e0 la mode d\u00e9contract\u00e9e. Des options de couleurs personnalis\u00e9es sont \u00e9galement disponibles, permettant aux marques d'assortir leurs logos, leurs collections saisonni\u00e8res ou leurs th\u00e8mes promotionnels.<\/p>\n<h3 data-start=\"1031\" data-end=\"1323\"><strong data-start=\"1031\" data-end=\"1064\">Taille<\/strong><\/h3>\n<p data-start=\"1031\" data-end=\"1323\">Con\u00e7ue avec une fermeture r\u00e9glable, la casquette s'adapte \u00e0 la plupart des tailles de t\u00eate allant de 7 \u00e0 7 3\/4. Cette souplesse de taille garantit un ajustement confortable et s\u00fbr pour un large \u00e9ventail d'utilisateurs, ce qui la rend adapt\u00e9e \u00e0 la vente au d\u00e9tail, \u00e0 l'habillement d'\u00e9quipe et \u00e0 la distribution promotionnelle.<\/p>\n<h3 data-start=\"1325\" data-end=\"1607\"><strong data-start=\"1325\" data-end=\"1346\">Visi\u00e8re\u00a0<\/strong><\/h3>\n<p data-start=\"1325\" data-end=\"1607\">La visi\u00e8re \u00e0 bord plat conf\u00e8re une esth\u00e9tique streetwear moderne tout en offrant une protection solaire efficace. Son design structur\u00e9 met en valeur la silhouette de la casquette et contribue \u00e0 maintenir une forme nette et \u00e0 la mode qui reste populaire sur les march\u00e9s de l'habillement urbain et de l'habillement de style de vie.<\/p>\n<h3 data-start=\"1609\" data-end=\"1900\"><strong data-start=\"1609\" data-end=\"1632\">Service<\/strong><\/h3>\n<p data-start=\"1609\" data-end=\"1900\">Sumkcaps fournit des services professionnels OEM et ODM pour les marques, les grossistes et les distributeurs. Les options de personnalisation comprennent la broderie de logos, la correspondance des couleurs, l'\u00e9tiquetage priv\u00e9 et des solutions d'emballage pour aider les clients \u00e0 d\u00e9velopper des produits de coiffure uniques et comp\u00e9titifs.<\/p>\n<h3 data-start=\"1902\" data-end=\"2179\"><strong data-start=\"1902\" data-end=\"1921\">D\u00e9lai d'ex\u00e9cution<\/strong><\/h3>\n<p data-start=\"1902\" data-end=\"2179\" data-is-last-node=\"\" data-is-only-node=\"\">Notre syst\u00e8me de production efficace garantit une livraison fiable pour les commandes personnalis\u00e9es. La production d'\u00e9chantillons prend g\u00e9n\u00e9ralement <strong data-start=\"2035\" data-end=\"2055\">7-9 jours ouvrables<\/strong>, tandis que la production en vrac n\u00e9cessite <strong data-start=\"2088\" data-end=\"2110\">18-22 jours ouvrables<\/strong>, Les entreprises peuvent ainsi commercialiser rapidement et efficacement leurs nouveaux produits.<\/p>","protected":false},"excerpt":{"rendered":"<p>Sumkcaps 241075 Custom Six Panel 3D Embroidery Blue Snapback Cap est l'un des styles de casquettes les plus populaires, l\u00e9ger et respirant. Nos Snapbacks sont disponibles dans une vari\u00e9t\u00e9 de styles et de couleurs de toutes les grandes marques.<\/p>","protected":false},"featured_media":16730,"template":"","meta":{"_acf_changed":false,"_kad_blocks_custom_css":"","_kad_blocks_head_custom_js":"","_kad_blocks_body_custom_js":"","_kad_blocks_footer_custom_js":""},"product_brand":[],"product_cat":[42],"product_tag":[],"class_list":{"0":"post-16729","1":"product","2":"type-product","3":"status-publish","4":"has-post-thumbnail","6":"product_cat-snapback-cap","8":"first","9":"outofstock","10":"shipping-taxable","11":"product-type-simple"},"acf":[],"yoast_head":"<!-- This site is optimized with the Yoast SEO Premium plugin v20.8 (Yoast SEO v25.9) - https:\/\/yoast.com\/wordpress\/plugins\/seo\/ -->\n<title>Custom 3D Embroidery Snapback Cap | China Manufactuer<\/title>\n<meta name=\"description\" content=\"High Quality Cap Head Wear With Professional Custom Design Service Available. Add Your Logo or Custom Design Online. Expert Service. Bulk Discount.\" \/>\n<meta name=\"robots\" content=\"index, follow, max-snippet:-1, max-image-preview:large, max-video-preview:-1\" \/>\n<link rel=\"canonical\" href=\"https:\/\/sumkcaps.com\/fr\/produit\/sufox-241075-custom-six-panel-3d-embroidery-blue-snapback-cap\/\" \/>\n<meta property=\"og:locale\" content=\"fr_FR\" \/>\n<meta property=\"og:type\" content=\"article\" \/>\n<meta property=\"og:title\" content=\"Sumkcaps 241075 Custom Six Panel 3D Embroidery Blue Snapback Cap - Sumkcaps\" \/>\n<meta property=\"og:description\" content=\"High Quality Cap Head Wear With Professional Custom Design Service Available. Add Your Logo or Custom Design Online. Expert Service. Bulk Discount.\" \/>\n<meta property=\"og:url\" content=\"https:\/\/sumkcaps.com\/fr\/produit\/sufox-241075-custom-six-panel-3d-embroidery-blue-snapback-cap\/\" \/>\n<meta property=\"og:site_name\" content=\"Sumkcaps-China Original Headwear Manufacturer and Suppliers\" \/>\n<meta property=\"article:publisher\" content=\"https:\/\/www.facebook.com\/sumkcap\" \/>\n<meta property=\"article:modified_time\" content=\"2026-03-12T06:53:41+00:00\" \/>\n<meta property=\"og:image\" content=\"https:\/\/sumkcaps.com\/wp-content\/uploads\/2022\/10\/custom_6_panel_hip_hop_3d_embroidery_snapback_hat-1.jpg\" \/>\n\t<meta property=\"og:image:width\" content=\"800\" \/>\n\t<meta property=\"og:image:height\" content=\"800\" \/>\n\t<meta property=\"og:image:type\" content=\"image\/jpeg\" \/>\n<meta name=\"twitter:card\" content=\"summary_large_image\" \/>\n<meta name=\"twitter:label1\" content=\"Dur\u00e9e de lecture estim\u00e9e\" \/>\n\t<meta name=\"twitter:data1\" content=\"2 minutes\" \/>\n<script type=\"application\/ld+json\" class=\"yoast-schema-graph\">{\"@context\":\"https:\/\/schema.org\",\"@graph\":[{\"@type\":\"WebPage\",\"@id\":\"https:\/\/sumkcaps.com\/product\/sufox-241075-custom-six-panel-3d-embroidery-blue-snapback-cap\/\",\"url\":\"https:\/\/sumkcaps.com\/product\/sufox-241075-custom-six-panel-3d-embroidery-blue-snapback-cap\/\",\"name\":\"Custom 3D Embroidery Snapback Cap | China Manufactuer\",\"isPartOf\":{\"@id\":\"https:\/\/sumkcaps.com\/#website\"},\"primaryImageOfPage\":{\"@id\":\"https:\/\/sumkcaps.com\/product\/sufox-241075-custom-six-panel-3d-embroidery-blue-snapback-cap\/#primaryimage\"},\"image\":{\"@id\":\"https:\/\/sumkcaps.com\/product\/sufox-241075-custom-six-panel-3d-embroidery-blue-snapback-cap\/#primaryimage\"},\"thumbnailUrl\":\"https:\/\/sumkcaps.com\/wp-content\/uploads\/2022\/10\/custom_6_panel_hip_hop_3d_embroidery_snapback_hat-1.jpg\",\"datePublished\":\"2022-10-13T03:19:02+00:00\",\"dateModified\":\"2026-03-12T06:53:41+00:00\",\"description\":\"High Quality Cap Head Wear With Professional Custom Design Service Available. Add Your Logo or Custom Design Online. Expert Service. Bulk Discount.\",\"breadcrumb\":{\"@id\":\"https:\/\/sumkcaps.com\/product\/sufox-241075-custom-six-panel-3d-embroidery-blue-snapback-cap\/#breadcrumb\"},\"inLanguage\":\"fr-FR\",\"potentialAction\":[{\"@type\":\"ReadAction\",\"target\":[\"https:\/\/sumkcaps.com\/product\/sufox-241075-custom-six-panel-3d-embroidery-blue-snapback-cap\/\"]}]},{\"@type\":\"ImageObject\",\"inLanguage\":\"fr-FR\",\"@id\":\"https:\/\/sumkcaps.com\/product\/sufox-241075-custom-six-panel-3d-embroidery-blue-snapback-cap\/#primaryimage\",\"url\":\"https:\/\/sumkcaps.com\/wp-content\/uploads\/2022\/10\/custom_6_panel_hip_hop_3d_embroidery_snapback_hat-1.jpg\",\"contentUrl\":\"https:\/\/sumkcaps.com\/wp-content\/uploads\/2022\/10\/custom_6_panel_hip_hop_3d_embroidery_snapback_hat-1.jpg\",\"width\":800,\"height\":800},{\"@type\":\"BreadcrumbList\",\"@id\":\"https:\/\/sumkcaps.com\/product\/sufox-241075-custom-six-panel-3d-embroidery-blue-snapback-cap\/#breadcrumb\",\"itemListElement\":[{\"@type\":\"ListItem\",\"position\":1,\"name\":\"Home\",\"item\":\"https:\/\/sumkcaps.com\/\"},{\"@type\":\"ListItem\",\"position\":2,\"name\":\"Products\",\"item\":\"https:\/\/sumkcaps.com\/product\/\"},{\"@type\":\"ListItem\",\"position\":3,\"name\":\"Sumkcaps 241075 Custom Six Panel 3D Embroidery Blue Snapback Cap\"}]},{\"@type\":\"WebSite\",\"@id\":\"https:\/\/sumkcaps.com\/#website\",\"url\":\"https:\/\/sumkcaps.com\/\",\"name\":\"Sumkcaps-China Original Headwear Manufacturer and Suppliers\",\"description\":\"We are China Cap And Hat Original Factory, whose main business is to custom cap and hat as client&#039;s LOGO. Any cap style, any cap color, any qty, any material and qty is no problem. In one words, any small details can be customized as your request.\",\"publisher\":{\"@id\":\"https:\/\/sumkcaps.com\/#organization\"},\"potentialAction\":[{\"@type\":\"SearchAction\",\"target\":{\"@type\":\"EntryPoint\",\"urlTemplate\":\"https:\/\/sumkcaps.com\/?s={search_term_string}\"},\"query-input\":{\"@type\":\"PropertyValueSpecification\",\"valueRequired\":true,\"valueName\":\"search_term_string\"}}],\"inLanguage\":\"fr-FR\"},{\"@type\":\"Organization\",\"@id\":\"https:\/\/sumkcaps.com\/#organization\",\"name\":\"Sumkcaps-China Original Headwear Manufacturer and Suppliers\",\"url\":\"https:\/\/sumkcaps.com\/\",\"logo\":{\"@type\":\"ImageObject\",\"inLanguage\":\"fr-FR\",\"@id\":\"https:\/\/sumkcaps.com\/#\/schema\/logo\/image\/\",\"url\":\"https:\/\/sumkcaps.com\/wp-content\/uploads\/2025\/12\/1234.jpg\",\"contentUrl\":\"https:\/\/sumkcaps.com\/wp-content\/uploads\/2025\/12\/1234.jpg\",\"width\":800,\"height\":800,\"caption\":\"Sumkcaps-China Original Headwear Manufacturer and Suppliers\"},\"image\":{\"@id\":\"https:\/\/sumkcaps.com\/#\/schema\/logo\/image\/\"},\"sameAs\":[\"https:\/\/www.facebook.com\/sumkcap\",\"https:\/\/www.instagram.com\/sumkcaps7\/\",\"https:\/\/www.pinterest.com\/sumkcapschina\/\"]}]}<\/script>\n<!-- \/ Yoast SEO Premium plugin. -->","yoast_head_json":{"title":"Custom 3D Embroidery Snapback Cap | China Manufactuer","description":"Casquette de haute qualit\u00e9 avec service professionnel de conception personnalis\u00e9e. Ajoutez votre logo ou votre dessin personnalis\u00e9 en ligne. Service d'expert. Remise en vrac.","robots":{"index":"index","follow":"follow","max-snippet":"max-snippet:-1","max-image-preview":"max-image-preview:large","max-video-preview":"max-video-preview:-1"},"canonical":"https:\/\/sumkcaps.com\/fr\/produit\/sufox-241075-custom-six-panel-3d-embroidery-blue-snapback-cap\/","og_locale":"fr_FR","og_type":"article","og_title":"Sumkcaps 241075 Custom Six Panel 3D Embroidery Blue Snapback Cap - Sumkcaps","og_description":"High Quality Cap Head Wear With Professional Custom Design Service Available. Add Your Logo or Custom Design Online. Expert Service. Bulk Discount.","og_url":"https:\/\/sumkcaps.com\/fr\/produit\/sufox-241075-custom-six-panel-3d-embroidery-blue-snapback-cap\/","og_site_name":"Sumkcaps-China Original Headwear Manufacturer and Suppliers","article_publisher":"https:\/\/www.facebook.com\/sumkcap","article_modified_time":"2026-03-12T06:53:41+00:00","og_image":[{"width":800,"height":800,"url":"https:\/\/sumkcaps.com\/wp-content\/uploads\/2022\/10\/custom_6_panel_hip_hop_3d_embroidery_snapback_hat-1.jpg","type":"image\/jpeg"}],"twitter_card":"summary_large_image","twitter_misc":{"Dur\u00e9e de lecture estim\u00e9e":"2 minutes"},"schema":{"@context":"https:\/\/schema.org","@graph":[{"@type":"WebPage","@id":"https:\/\/sumkcaps.com\/product\/sufox-241075-custom-six-panel-3d-embroidery-blue-snapback-cap\/","url":"https:\/\/sumkcaps.com\/product\/sufox-241075-custom-six-panel-3d-embroidery-blue-snapback-cap\/","name":"Custom 3D Embroidery Snapback Cap | China Manufactuer","isPartOf":{"@id":"https:\/\/sumkcaps.com\/#website"},"primaryImageOfPage":{"@id":"https:\/\/sumkcaps.com\/product\/sufox-241075-custom-six-panel-3d-embroidery-blue-snapback-cap\/#primaryimage"},"image":{"@id":"https:\/\/sumkcaps.com\/product\/sufox-241075-custom-six-panel-3d-embroidery-blue-snapback-cap\/#primaryimage"},"thumbnailUrl":"https:\/\/sumkcaps.com\/wp-content\/uploads\/2022\/10\/custom_6_panel_hip_hop_3d_embroidery_snapback_hat-1.jpg","datePublished":"2022-10-13T03:19:02+00:00","dateModified":"2026-03-12T06:53:41+00:00","description":"Casquette de haute qualit\u00e9 avec service professionnel de conception personnalis\u00e9e. Ajoutez votre logo ou votre dessin personnalis\u00e9 en ligne. Service d'expert. Remise en vrac.","breadcrumb":{"@id":"https:\/\/sumkcaps.com\/product\/sufox-241075-custom-six-panel-3d-embroidery-blue-snapback-cap\/#breadcrumb"},"inLanguage":"fr-FR","potentialAction":[{"@type":"ReadAction","target":["https:\/\/sumkcaps.com\/product\/sufox-241075-custom-six-panel-3d-embroidery-blue-snapback-cap\/"]}]},{"@type":"ImageObject","inLanguage":"fr-FR","@id":"https:\/\/sumkcaps.com\/product\/sufox-241075-custom-six-panel-3d-embroidery-blue-snapback-cap\/#primaryimage","url":"https:\/\/sumkcaps.com\/wp-content\/uploads\/2022\/10\/custom_6_panel_hip_hop_3d_embroidery_snapback_hat-1.jpg","contentUrl":"https:\/\/sumkcaps.com\/wp-content\/uploads\/2022\/10\/custom_6_panel_hip_hop_3d_embroidery_snapback_hat-1.jpg","width":800,"height":800},{"@type":"BreadcrumbList","@id":"https:\/\/sumkcaps.com\/product\/sufox-241075-custom-six-panel-3d-embroidery-blue-snapback-cap\/#breadcrumb","itemListElement":[{"@type":"ListItem","position":1,"name":"Home","item":"https:\/\/sumkcaps.com\/"},{"@type":"ListItem","position":2,"name":"Products","item":"https:\/\/sumkcaps.com\/product\/"},{"@type":"ListItem","position":3,"name":"Sumkcaps 241075 Custom Six Panel 3D Embroidery Blue Snapback Cap"}]},{"@type":"WebSite","@id":"https:\/\/sumkcaps.com\/#website","url":"https:\/\/sumkcaps.com\/","name":"Sumkcaps - Fabricant et fournisseur chinois de couvre-chefs originaux","description":"Nous sommes une entreprise chinoise de fabrication de casquettes et de chapeaux, dont l'activit\u00e9 principale consiste \u00e0 personnaliser les casquettes et les chapeaux en fonction du LOGO du client. Tous les styles de casquettes, toutes les couleurs de casquettes, toutes les quantit\u00e9s, tous les mat\u00e9riaux et toutes les quantit\u00e9s ne posent aucun probl\u00e8me. En d'autres termes, tous les petits d\u00e9tails peuvent \u00eatre personnalis\u00e9s selon votre demande.","publisher":{"@id":"https:\/\/sumkcaps.com\/#organization"},"potentialAction":[{"@type":"SearchAction","target":{"@type":"EntryPoint","urlTemplate":"https:\/\/sumkcaps.com\/?s={search_term_string}"},"query-input":{"@type":"PropertyValueSpecification","valueRequired":true,"valueName":"search_term_string"}}],"inLanguage":"fr-FR"},{"@type":"Organization","@id":"https:\/\/sumkcaps.com\/#organization","name":"Sumkcaps - Fabricant et fournisseur chinois de couvre-chefs originaux","url":"https:\/\/sumkcaps.com\/","logo":{"@type":"ImageObject","inLanguage":"fr-FR","@id":"https:\/\/sumkcaps.com\/#\/schema\/logo\/image\/","url":"https:\/\/sumkcaps.com\/wp-content\/uploads\/2025\/12\/1234.jpg","contentUrl":"https:\/\/sumkcaps.com\/wp-content\/uploads\/2025\/12\/1234.jpg","width":800,"height":800,"caption":"Sumkcaps-China Original Headwear Manufacturer and Suppliers"},"image":{"@id":"https:\/\/sumkcaps.com\/#\/schema\/logo\/image\/"},"sameAs":["https:\/\/www.facebook.com\/sumkcap","https:\/\/www.instagram.com\/sumkcaps7\/","https:\/\/www.pinterest.com\/sumkcapschina\/"]}]}},"taxonomy_info":{"product_cat":[{"value":42,"label":"Snapback Hats Wholesale"}]},"featured_image_src_large":["https:\/\/sumkcaps.com\/wp-content\/uploads\/2022\/10\/custom_6_panel_hip_hop_3d_embroidery_snapback_hat-1.jpg",800,800,false],"author_info":[],"comment_info":"","_links":{"self":[{"href":"https:\/\/sumkcaps.com\/fr\/wp-json\/wp\/v2\/product\/16729","targetHints":{"allow":["GET"]}}],"collection":[{"href":"https:\/\/sumkcaps.com\/fr\/wp-json\/wp\/v2\/product"}],"about":[{"href":"https:\/\/sumkcaps.com\/fr\/wp-json\/wp\/v2\/types\/product"}],"wp:featuredmedia":[{"embeddable":true,"href":"https:\/\/sumkcaps.com\/fr\/wp-json\/wp\/v2\/media\/16730"}],"wp:attachment":[{"href":"https:\/\/sumkcaps.com\/fr\/wp-json\/wp\/v2\/media?parent=16729"}],"wp:term":[{"taxonomy":"product_brand","embeddable":true,"href":"https:\/\/sumkcaps.com\/fr\/wp-json\/wp\/v2\/product_brand?post=16729"},{"taxonomy":"product_cat","embeddable":true,"href":"https:\/\/sumkcaps.com\/fr\/wp-json\/wp\/v2\/product_cat?post=16729"},{"taxonomy":"product_tag","embeddable":true,"href":"https:\/\/sumkcaps.com\/fr\/wp-json\/wp\/v2\/product_tag?post=16729"}],"curies":[{"name":"wp","href":"https:\/\/api.w.org\/{rel}","templated":true}]}}