{"id":16668,"date":"2022-10-13T10:20:53","date_gmt":"2022-10-13T02:20:53","guid":{"rendered":"https:\/\/sumkcaps.com\/?post_type=product&#038;p=16668"},"modified":"2026-03-17T11:06:12","modified_gmt":"2026-03-17T03:06:12","slug":"sufox-241068-custom-six-panel-embroidered-gray-snapback-cap","status":"publish","type":"product","link":"https:\/\/sumkcaps.com\/fr\/produit\/sufox-241068-custom-six-panel-embroidered-gray-snapback-cap\/","title":{"rendered":"Sumkcaps 241068 Custom Six Panel Embroidered Gray Snapback Cap"},"content":{"rendered":"<div class=\"flex max-w-full flex-col gap-4 grow\">\n<div class=\"min-h-8 text-message relative flex w-full flex-col items-end gap-2 text-start break-words whitespace-normal [.text-message+&amp;]:mt-1\" dir=\"auto\" data-message-author-role=\"assistant\" data-message-id=\"b44cec7d-019b-462e-8e92-9ae230291269\" data-message-model-slug=\"gpt-5-3\">\n<div class=\"flex w-full flex-col gap-1 empty:hidden\">\n<div class=\"markdown prose dark:prose-invert w-full wrap-break-word light markdown-new-styling\">\n<h3 data-start=\"0\" data-end=\"381\"><strong data-start=\"0\" data-end=\"35\">D\u00e9coration<\/strong><\/h3>\n<p data-start=\"0\" data-end=\"381\">Cette casquette snapback est dot\u00e9e d'une broderie plate de haute qualit\u00e9 qui offre un design net, pr\u00e9cis et durable. La broderie \u00e0 plat est id\u00e9ale pour les logos, les textes ou les \u0153uvres d'art personnalis\u00e9es, garantissant un aspect professionnel et durable. Les coutures restent nettes m\u00eame apr\u00e8s un usage prolong\u00e9, ce qui en fait un produit id\u00e9al pour les marques, les \u00e9quipes et les casquettes promotionnelles.<\/p>\n<h3 data-start=\"0\" data-end=\"381\"><strong data-start=\"383\" data-end=\"413\">Mat\u00e9riau<\/strong><\/h3>\n<p data-start=\"0\" data-end=\"381\">Fabriqu\u00e9e en tissu acrylique 100% de premi\u00e8re qualit\u00e9, cette casquette offre une excellente durabilit\u00e9, une bonne tenue de la forme et un confort l\u00e9ger. L'acrylique r\u00e9siste aux plis et \u00e0 la d\u00e9coloration, ce qui le rend adapt\u00e9 \u00e0 une utilisation quotidienne ou \u00e0 long terme. Le tissu offre \u00e9galement une surface lisse qui se pr\u00eate parfaitement \u00e0 la personnalisation par broderie.<\/p>\n<h3 data-start=\"736\" data-end=\"1074\"><strong data-start=\"736\" data-end=\"768\">Couleur<\/strong><\/h3>\n<p data-start=\"736\" data-end=\"1074\">La casquette est disponible en gris classique ainsi qu'en couleurs enti\u00e8rement personnalis\u00e9es pour correspondre \u00e0 l'identit\u00e9 de votre marque ou \u00e0 vos besoins en mati\u00e8re de design. Que vous souhaitiez des tons neutres, des couleurs vives ou des teintes assorties aux couleurs Pantone, nous pouvons produire la casquette selon vos exigences, garantissant ainsi une pr\u00e9sentation coh\u00e9rente et professionnelle de votre marque.<\/p>\n<h3 data-start=\"1076\" data-end=\"1410\"><strong data-start=\"1076\" data-end=\"1112\">Taille<\/strong><\/h3>\n<p data-start=\"1076\" data-end=\"1410\">Con\u00e7ue avec une fermeture r\u00e9glable \u00e0 pression, cette casquette offre une taille OSFM (One Size Fits Most), s'adaptant confortablement aux tours de t\u00eate de 7 \u00e0 7 3\/4. La structure r\u00e9glable permet aux utilisateurs de personnaliser facilement l'ajustement, offrant \u00e0 la fois confort et praticit\u00e9 pour les diff\u00e9rentes formes de t\u00eate et les v\u00eatements de tous les jours.<\/p>\n<h3 data-start=\"1412\" data-end=\"1703\"><strong data-start=\"1412\" data-end=\"1436\">Visi\u00e8re<\/strong><\/h3>\n<p data-start=\"1412\" data-end=\"1703\">La visi\u00e8re \u00e0 bord plat donne \u00e0 la casquette un look streetwear moderne tout en offrant une protection solaire efficace. Son design structur\u00e9 permet \u00e0 la casquette de conserver sa forme et lui conf\u00e8re une apparence audacieuse et tendance, tr\u00e8s appr\u00e9ci\u00e9e dans les tenues d\u00e9contract\u00e9es, les sports et les styles urbains.<\/p>\n<h3 data-start=\"1705\" data-end=\"2017\"><strong data-start=\"1705\" data-end=\"1731\">Service<\/strong><\/h3>\n<p data-start=\"1705\" data-end=\"2017\">Nous proposons des services OEM et ODM pour r\u00e9pondre aux diff\u00e9rents besoins de personnalisation. De la conception du logo \u00e0 la s\u00e9lection du tissu, en passant par la correspondance des couleurs et les options d'emballage, notre \u00e9quipe de professionnels travaille en \u00e9troite collaboration avec nos clients pour cr\u00e9er des casquettes personnalis\u00e9es uniques qui correspondent \u00e0 l'identit\u00e9 de la marque et aux exigences du march\u00e9.<\/p>\n<h3 data-start=\"2019\" data-end=\"2319\"><strong data-start=\"2019\" data-end=\"2041\">D\u00e9lai d'ex\u00e9cution<\/strong><\/h3>\n<p data-start=\"2019\" data-end=\"2319\" data-is-last-node=\"\" data-is-only-node=\"\">Notre processus de production est efficace et fiable. La production d'\u00e9chantillons prend g\u00e9n\u00e9ralement <strong data-start=\"2128\" data-end=\"2148\">7-9 jours ouvrables<\/strong>, Vous pouvez ainsi revoir la conception avant la production en s\u00e9rie. La production en s\u00e9rie n\u00e9cessite g\u00e9n\u00e9ralement <strong data-start=\"2241\" data-end=\"2263\">18-22 jours ouvrables<\/strong>, selon la quantit\u00e9 command\u00e9e et les d\u00e9tails de la personnalisation.<\/p>\n<\/div>\n<\/div>\n<\/div>\n<\/div>\n<div class=\"z-0 flex min-h-[46px] justify-start\"><\/div>\n<div class=\"mt-3 w-full empty:hidden\">\n<div class=\"text-center\">\n<div>\n<div class=\"inline-flex border border-gray-100 dark:border-gray-700 rounded-xl\">\n<div class=\"bg-token-main-surface-tertiary w-px flex-1 self-stretch\"><\/div>\n<\/div>\n<\/div>\n<\/div>\n<\/div>","protected":false},"excerpt":{"rendered":"<p>Sumkcaps 241068 Custom Six Panel Embroidered Gray Snapback Cap est l'un des styles de casquettes les plus populaires, l\u00e9ger et respirant. Nos Snapbacks sont disponibles dans une vari\u00e9t\u00e9 de styles et de couleurs de toutes les grandes marques.<\/p>","protected":false},"featured_media":16669,"template":"","meta":{"_acf_changed":false,"_kad_blocks_custom_css":"","_kad_blocks_head_custom_js":"","_kad_blocks_body_custom_js":"","_kad_blocks_footer_custom_js":""},"product_brand":[],"product_cat":[42],"product_tag":[],"class_list":{"0":"post-16668","1":"product","2":"type-product","3":"status-publish","4":"has-post-thumbnail","6":"product_cat-snapback-cap","8":"first","9":"outofstock","10":"shipping-taxable","11":"product-type-simple"},"acf":[],"yoast_head":"<!-- This site is optimized with the Yoast SEO Premium plugin v20.8 (Yoast SEO v25.9) - https:\/\/yoast.com\/wordpress\/plugins\/seo\/ -->\n<title>Custom Embroidered Gray Snapback Cap | China Manufactuer<\/title>\n<meta name=\"description\" content=\"High Quality Cap Head Wear With Professional Custom Design Service Available. Add Your Logo or Custom Design Online. Expert Service. Bulk Discount.\" \/>\n<meta name=\"robots\" content=\"index, follow, max-snippet:-1, max-image-preview:large, max-video-preview:-1\" \/>\n<link rel=\"canonical\" href=\"https:\/\/sumkcaps.com\/fr\/produit\/sufox-241068-custom-six-panel-embroidered-gray-snapback-cap\/\" \/>\n<meta property=\"og:locale\" content=\"fr_FR\" \/>\n<meta property=\"og:type\" content=\"article\" \/>\n<meta property=\"og:title\" content=\"Sumkcaps 241068 Custom Six Panel Embroidered Gray Snapback Cap - Sumkcaps\" \/>\n<meta property=\"og:description\" content=\"High Quality Cap Head Wear With Professional Custom Design Service Available. Add Your Logo or Custom Design Online. Expert Service. Bulk Discount.\" \/>\n<meta property=\"og:url\" content=\"https:\/\/sumkcaps.com\/fr\/produit\/sufox-241068-custom-six-panel-embroidered-gray-snapback-cap\/\" \/>\n<meta property=\"og:site_name\" content=\"Sumkcaps-China Original Headwear Manufacturer and Suppliers\" \/>\n<meta property=\"article:publisher\" content=\"https:\/\/www.facebook.com\/sumkcap\" \/>\n<meta property=\"article:modified_time\" content=\"2026-03-17T03:06:12+00:00\" \/>\n<meta property=\"og:image\" content=\"https:\/\/sumkcaps.com\/wp-content\/uploads\/2022\/10\/custom_6_panel_embroidered_grey_snapback_hat-1.jpg\" \/>\n\t<meta property=\"og:image:width\" content=\"800\" \/>\n\t<meta property=\"og:image:height\" content=\"800\" \/>\n\t<meta property=\"og:image:type\" content=\"image\/jpeg\" \/>\n<meta name=\"twitter:card\" content=\"summary_large_image\" \/>\n<meta name=\"twitter:label1\" content=\"Dur\u00e9e de lecture estim\u00e9e\" \/>\n\t<meta name=\"twitter:data1\" content=\"2 minutes\" \/>\n<script type=\"application\/ld+json\" class=\"yoast-schema-graph\">{\"@context\":\"https:\/\/schema.org\",\"@graph\":[{\"@type\":\"WebPage\",\"@id\":\"https:\/\/sumkcaps.com\/product\/sufox-241068-custom-six-panel-embroidered-gray-snapback-cap\/\",\"url\":\"https:\/\/sumkcaps.com\/product\/sufox-241068-custom-six-panel-embroidered-gray-snapback-cap\/\",\"name\":\"Custom Embroidered Gray Snapback Cap | China Manufactuer\",\"isPartOf\":{\"@id\":\"https:\/\/sumkcaps.com\/#website\"},\"primaryImageOfPage\":{\"@id\":\"https:\/\/sumkcaps.com\/product\/sufox-241068-custom-six-panel-embroidered-gray-snapback-cap\/#primaryimage\"},\"image\":{\"@id\":\"https:\/\/sumkcaps.com\/product\/sufox-241068-custom-six-panel-embroidered-gray-snapback-cap\/#primaryimage\"},\"thumbnailUrl\":\"https:\/\/sumkcaps.com\/wp-content\/uploads\/2022\/10\/custom_6_panel_embroidered_grey_snapback_hat-1.jpg\",\"datePublished\":\"2022-10-13T02:20:53+00:00\",\"dateModified\":\"2026-03-17T03:06:12+00:00\",\"description\":\"High Quality Cap Head Wear With Professional Custom Design Service Available. Add Your Logo or Custom Design Online. Expert Service. Bulk Discount.\",\"breadcrumb\":{\"@id\":\"https:\/\/sumkcaps.com\/product\/sufox-241068-custom-six-panel-embroidered-gray-snapback-cap\/#breadcrumb\"},\"inLanguage\":\"fr-FR\",\"potentialAction\":[{\"@type\":\"ReadAction\",\"target\":[\"https:\/\/sumkcaps.com\/product\/sufox-241068-custom-six-panel-embroidered-gray-snapback-cap\/\"]}]},{\"@type\":\"ImageObject\",\"inLanguage\":\"fr-FR\",\"@id\":\"https:\/\/sumkcaps.com\/product\/sufox-241068-custom-six-panel-embroidered-gray-snapback-cap\/#primaryimage\",\"url\":\"https:\/\/sumkcaps.com\/wp-content\/uploads\/2022\/10\/custom_6_panel_embroidered_grey_snapback_hat-1.jpg\",\"contentUrl\":\"https:\/\/sumkcaps.com\/wp-content\/uploads\/2022\/10\/custom_6_panel_embroidered_grey_snapback_hat-1.jpg\",\"width\":800,\"height\":800},{\"@type\":\"BreadcrumbList\",\"@id\":\"https:\/\/sumkcaps.com\/product\/sufox-241068-custom-six-panel-embroidered-gray-snapback-cap\/#breadcrumb\",\"itemListElement\":[{\"@type\":\"ListItem\",\"position\":1,\"name\":\"Home\",\"item\":\"https:\/\/sumkcaps.com\/\"},{\"@type\":\"ListItem\",\"position\":2,\"name\":\"Products\",\"item\":\"https:\/\/sumkcaps.com\/product\/\"},{\"@type\":\"ListItem\",\"position\":3,\"name\":\"Sumkcaps 241068 Custom Six Panel Embroidered Gray Snapback Cap\"}]},{\"@type\":\"WebSite\",\"@id\":\"https:\/\/sumkcaps.com\/#website\",\"url\":\"https:\/\/sumkcaps.com\/\",\"name\":\"Sumkcaps-China Original Headwear Manufacturer and Suppliers\",\"description\":\"We are China Cap And Hat Original Factory, whose main business is to custom cap and hat as client&#039;s LOGO. Any cap style, any cap color, any qty, any material and qty is no problem. In one words, any small details can be customized as your request.\",\"publisher\":{\"@id\":\"https:\/\/sumkcaps.com\/#organization\"},\"potentialAction\":[{\"@type\":\"SearchAction\",\"target\":{\"@type\":\"EntryPoint\",\"urlTemplate\":\"https:\/\/sumkcaps.com\/?s={search_term_string}\"},\"query-input\":{\"@type\":\"PropertyValueSpecification\",\"valueRequired\":true,\"valueName\":\"search_term_string\"}}],\"inLanguage\":\"fr-FR\"},{\"@type\":\"Organization\",\"@id\":\"https:\/\/sumkcaps.com\/#organization\",\"name\":\"Sumkcaps-China Original Headwear Manufacturer and Suppliers\",\"url\":\"https:\/\/sumkcaps.com\/\",\"logo\":{\"@type\":\"ImageObject\",\"inLanguage\":\"fr-FR\",\"@id\":\"https:\/\/sumkcaps.com\/#\/schema\/logo\/image\/\",\"url\":\"https:\/\/sumkcaps.com\/wp-content\/uploads\/2025\/12\/1234.jpg\",\"contentUrl\":\"https:\/\/sumkcaps.com\/wp-content\/uploads\/2025\/12\/1234.jpg\",\"width\":800,\"height\":800,\"caption\":\"Sumkcaps-China Original Headwear Manufacturer and Suppliers\"},\"image\":{\"@id\":\"https:\/\/sumkcaps.com\/#\/schema\/logo\/image\/\"},\"sameAs\":[\"https:\/\/www.facebook.com\/sumkcap\",\"https:\/\/www.instagram.com\/sumkcaps7\/\",\"https:\/\/www.pinterest.com\/sumkcapschina\/\"]}]}<\/script>\n<!-- \/ Yoast SEO Premium plugin. -->","yoast_head_json":{"title":"Custom Embroidered Gray Snapback Cap | China Manufactuer","description":"Casquette de haute qualit\u00e9 avec service professionnel de conception personnalis\u00e9e. Ajoutez votre logo ou votre dessin personnalis\u00e9 en ligne. Service d'expert. Remise en vrac.","robots":{"index":"index","follow":"follow","max-snippet":"max-snippet:-1","max-image-preview":"max-image-preview:large","max-video-preview":"max-video-preview:-1"},"canonical":"https:\/\/sumkcaps.com\/fr\/produit\/sufox-241068-custom-six-panel-embroidered-gray-snapback-cap\/","og_locale":"fr_FR","og_type":"article","og_title":"Sumkcaps 241068 Custom Six Panel Embroidered Gray Snapback Cap - Sumkcaps","og_description":"High Quality Cap Head Wear With Professional Custom Design Service Available. Add Your Logo or Custom Design Online. Expert Service. Bulk Discount.","og_url":"https:\/\/sumkcaps.com\/fr\/produit\/sufox-241068-custom-six-panel-embroidered-gray-snapback-cap\/","og_site_name":"Sumkcaps-China Original Headwear Manufacturer and Suppliers","article_publisher":"https:\/\/www.facebook.com\/sumkcap","article_modified_time":"2026-03-17T03:06:12+00:00","og_image":[{"width":800,"height":800,"url":"https:\/\/sumkcaps.com\/wp-content\/uploads\/2022\/10\/custom_6_panel_embroidered_grey_snapback_hat-1.jpg","type":"image\/jpeg"}],"twitter_card":"summary_large_image","twitter_misc":{"Dur\u00e9e de lecture estim\u00e9e":"2 minutes"},"schema":{"@context":"https:\/\/schema.org","@graph":[{"@type":"WebPage","@id":"https:\/\/sumkcaps.com\/product\/sufox-241068-custom-six-panel-embroidered-gray-snapback-cap\/","url":"https:\/\/sumkcaps.com\/product\/sufox-241068-custom-six-panel-embroidered-gray-snapback-cap\/","name":"Custom Embroidered Gray Snapback Cap | China Manufactuer","isPartOf":{"@id":"https:\/\/sumkcaps.com\/#website"},"primaryImageOfPage":{"@id":"https:\/\/sumkcaps.com\/product\/sufox-241068-custom-six-panel-embroidered-gray-snapback-cap\/#primaryimage"},"image":{"@id":"https:\/\/sumkcaps.com\/product\/sufox-241068-custom-six-panel-embroidered-gray-snapback-cap\/#primaryimage"},"thumbnailUrl":"https:\/\/sumkcaps.com\/wp-content\/uploads\/2022\/10\/custom_6_panel_embroidered_grey_snapback_hat-1.jpg","datePublished":"2022-10-13T02:20:53+00:00","dateModified":"2026-03-17T03:06:12+00:00","description":"Casquette de haute qualit\u00e9 avec service professionnel de conception personnalis\u00e9e. Ajoutez votre logo ou votre dessin personnalis\u00e9 en ligne. Service d'expert. Remise en vrac.","breadcrumb":{"@id":"https:\/\/sumkcaps.com\/product\/sufox-241068-custom-six-panel-embroidered-gray-snapback-cap\/#breadcrumb"},"inLanguage":"fr-FR","potentialAction":[{"@type":"ReadAction","target":["https:\/\/sumkcaps.com\/product\/sufox-241068-custom-six-panel-embroidered-gray-snapback-cap\/"]}]},{"@type":"ImageObject","inLanguage":"fr-FR","@id":"https:\/\/sumkcaps.com\/product\/sufox-241068-custom-six-panel-embroidered-gray-snapback-cap\/#primaryimage","url":"https:\/\/sumkcaps.com\/wp-content\/uploads\/2022\/10\/custom_6_panel_embroidered_grey_snapback_hat-1.jpg","contentUrl":"https:\/\/sumkcaps.com\/wp-content\/uploads\/2022\/10\/custom_6_panel_embroidered_grey_snapback_hat-1.jpg","width":800,"height":800},{"@type":"BreadcrumbList","@id":"https:\/\/sumkcaps.com\/product\/sufox-241068-custom-six-panel-embroidered-gray-snapback-cap\/#breadcrumb","itemListElement":[{"@type":"ListItem","position":1,"name":"Home","item":"https:\/\/sumkcaps.com\/"},{"@type":"ListItem","position":2,"name":"Products","item":"https:\/\/sumkcaps.com\/product\/"},{"@type":"ListItem","position":3,"name":"Sumkcaps 241068 Custom Six Panel Embroidered Gray Snapback Cap"}]},{"@type":"WebSite","@id":"https:\/\/sumkcaps.com\/#website","url":"https:\/\/sumkcaps.com\/","name":"Sumkcaps - Fabricant et fournisseur chinois de couvre-chefs originaux","description":"Nous sommes une entreprise chinoise de fabrication de casquettes et de chapeaux, dont l'activit\u00e9 principale consiste \u00e0 personnaliser les casquettes et les chapeaux en fonction du LOGO du client. Tous les styles de casquettes, toutes les couleurs de casquettes, toutes les quantit\u00e9s, tous les mat\u00e9riaux et toutes les quantit\u00e9s ne posent aucun probl\u00e8me. En d'autres termes, tous les petits d\u00e9tails peuvent \u00eatre personnalis\u00e9s selon votre demande.","publisher":{"@id":"https:\/\/sumkcaps.com\/#organization"},"potentialAction":[{"@type":"SearchAction","target":{"@type":"EntryPoint","urlTemplate":"https:\/\/sumkcaps.com\/?s={search_term_string}"},"query-input":{"@type":"PropertyValueSpecification","valueRequired":true,"valueName":"search_term_string"}}],"inLanguage":"fr-FR"},{"@type":"Organization","@id":"https:\/\/sumkcaps.com\/#organization","name":"Sumkcaps - Fabricant et fournisseur chinois de couvre-chefs originaux","url":"https:\/\/sumkcaps.com\/","logo":{"@type":"ImageObject","inLanguage":"fr-FR","@id":"https:\/\/sumkcaps.com\/#\/schema\/logo\/image\/","url":"https:\/\/sumkcaps.com\/wp-content\/uploads\/2025\/12\/1234.jpg","contentUrl":"https:\/\/sumkcaps.com\/wp-content\/uploads\/2025\/12\/1234.jpg","width":800,"height":800,"caption":"Sumkcaps-China Original Headwear Manufacturer and Suppliers"},"image":{"@id":"https:\/\/sumkcaps.com\/#\/schema\/logo\/image\/"},"sameAs":["https:\/\/www.facebook.com\/sumkcap","https:\/\/www.instagram.com\/sumkcaps7\/","https:\/\/www.pinterest.com\/sumkcapschina\/"]}]}},"taxonomy_info":{"product_cat":[{"value":42,"label":"Snapback Hats Wholesale"}]},"featured_image_src_large":["https:\/\/sumkcaps.com\/wp-content\/uploads\/2022\/10\/custom_6_panel_embroidered_grey_snapback_hat-1.jpg",800,800,false],"author_info":[],"comment_info":"","_links":{"self":[{"href":"https:\/\/sumkcaps.com\/fr\/wp-json\/wp\/v2\/product\/16668","targetHints":{"allow":["GET"]}}],"collection":[{"href":"https:\/\/sumkcaps.com\/fr\/wp-json\/wp\/v2\/product"}],"about":[{"href":"https:\/\/sumkcaps.com\/fr\/wp-json\/wp\/v2\/types\/product"}],"wp:featuredmedia":[{"embeddable":true,"href":"https:\/\/sumkcaps.com\/fr\/wp-json\/wp\/v2\/media\/16669"}],"wp:attachment":[{"href":"https:\/\/sumkcaps.com\/fr\/wp-json\/wp\/v2\/media?parent=16668"}],"wp:term":[{"taxonomy":"product_brand","embeddable":true,"href":"https:\/\/sumkcaps.com\/fr\/wp-json\/wp\/v2\/product_brand?post=16668"},{"taxonomy":"product_cat","embeddable":true,"href":"https:\/\/sumkcaps.com\/fr\/wp-json\/wp\/v2\/product_cat?post=16668"},{"taxonomy":"product_tag","embeddable":true,"href":"https:\/\/sumkcaps.com\/fr\/wp-json\/wp\/v2\/product_tag?post=16668"}],"curies":[{"name":"wp","href":"https:\/\/api.w.org\/{rel}","templated":true}]}}