{"id":16477,"date":"2022-10-12T15:27:15","date_gmt":"2022-10-12T07:27:15","guid":{"rendered":"https:\/\/sumkcaps.com\/?post_type=product&#038;p=16477"},"modified":"2026-03-19T15:58:07","modified_gmt":"2026-03-19T07:58:07","slug":"sufox-241046-custom-six-panel-100-cotton-printed-snapback-cap","status":"publish","type":"product","link":"https:\/\/sumkcaps.com\/fr\/produit\/sufox-241046-custom-six-panel-100-cotton-printed-snapback-cap\/","title":{"rendered":"Sumkcaps 241046 Custom Six Panel 100% Cotton Printed Snapback Cap"},"content":{"rendered":"<h3 data-start=\"180\" data-end=\"507\"><strong data-start=\"180\" data-end=\"213\">D\u00e9coration<\/strong><\/h3>\n<p data-start=\"180\" data-end=\"507\">Cette casquette snapback est enti\u00e8rement personnalisable gr\u00e2ce \u00e0 une impression de pr\u00e9cision qui permet de mettre en valeur des logos, des \u0153uvres d'art ou des dessins. Qu'il s'agisse d'une marque, d'un \u00e9v\u00e9nement ou d'un style personnel, l'impression de haute qualit\u00e9 garantit des couleurs \u00e9clatantes et des d\u00e9tails pr\u00e9cis qui restent durables dans le temps, am\u00e9liorant ainsi l'attrait visuel de la casquette.<\/p>\n<h3 data-start=\"509\" data-end=\"822\"><strong data-start=\"509\" data-end=\"535\">Mat\u00e9riau<\/strong><\/h3>\n<p data-start=\"509\" data-end=\"822\">Enti\u00e8rement fabriqu\u00e9e en coton de premi\u00e8re qualit\u00e9, cette casquette offre un confort doux, une excellente respirabilit\u00e9 et une absorption naturelle de l'humidit\u00e9. Son tissu durable conserve sa forme et sa couleur m\u00eame apr\u00e8s de nombreux lavages, ce qui la rend id\u00e9ale pour un usage quotidien, des activit\u00e9s de plein air ou des activit\u00e9s promotionnelles.<\/p>\n<h3><strong data-start=\"824\" data-end=\"846\">Couleur<\/strong><\/h3>\n<p data-start=\"824\" data-end=\"1114\">Choisissez la couleur qui correspond \u00e0 votre marque, \u00e0 votre \u00e9quipe ou \u00e0 vos pr\u00e9f\u00e9rences personnelles. La casquette peut \u00eatre enti\u00e8rement personnalis\u00e9e, ce qui permet des combinaisons uniques et une repr\u00e9sentation pr\u00e9cise de la marque. Chaque option de couleur est soigneusement produite pour maintenir la coh\u00e9rence et l'\u00e9clat dans toutes les unit\u00e9s.<\/p>\n<h3 data-start=\"1116\" data-end=\"1401\"><strong data-start=\"1116\" data-end=\"1149\">Taille<\/strong><\/h3>\n<p data-start=\"1116\" data-end=\"1401\">Con\u00e7ue comme une taille unique, cette snapback r\u00e9glable s'adapte aux tours de t\u00eate de 7 \u00e0 7 3\/4. La fermeture conviviale assure un ajustement s\u00fbr et confortable pour un large \u00e9ventail de porteurs, offrant une polyvalence sans sacrifier le style ou la fonctionnalit\u00e9.<\/p>\n<h3 data-start=\"1403\" data-end=\"1701\"><strong data-start=\"1403\" data-end=\"1424\">Visi\u00e8re<\/strong><\/h3>\n<p data-start=\"1403\" data-end=\"1701\">Le design \u00e0 bord plat offre un look contemporain et \u00e0 la mode, parfait pour les styles d\u00e9contract\u00e9s, streetwear ou sportswear. Dot\u00e9e de coutures renforc\u00e9es, la visi\u00e8re conserve sa forme tout en offrant une ombre et une protection contre les rayons du soleil, alliant ainsi parfaitement fonction et tendance.<\/p>\n<h3 data-start=\"1703\" data-end=\"2000\"><strong data-start=\"1703\" data-end=\"1726\">Service<\/strong><\/h3>\n<p data-start=\"1703\" data-end=\"2000\">Sumkcaps propose des services OEM et ODM, permettant une personnalisation compl\u00e8te du concept au produit fini. De l'impression \u00e0 la conception en passant par le choix des mat\u00e9riaux et des couleurs, nous fournissons des conseils et une ex\u00e9cution professionnels pour les commandes de petite ou de grande taille, garantissant ainsi des r\u00e9sultats de qualit\u00e9 sup\u00e9rieure.<\/p>\n<h3 data-start=\"2002\" data-end=\"2344\"><strong data-start=\"2002\" data-end=\"2064\">D\u00e9lai d'ex\u00e9cution<\/strong><\/h3>\n<p data-start=\"2002\" data-end=\"2344\">La livraison rapide d'\u00e9chantillons dans un d\u00e9lai de 7 \u00e0 9 jours ouvrables vous permet de confirmer l'exactitude de la conception. La production \u00e0 grande \u00e9chelle est achev\u00e9e en 18 \u00e0 22 jours ouvrables, ce qui garantit une livraison dans les d\u00e9lais tout en maintenant un contr\u00f4le de qualit\u00e9 strict, de sorte que chaque casquette r\u00e9ponde \u00e0 des normes \u00e9lev\u00e9es en mati\u00e8re d'artisanat et de durabilit\u00e9.<\/p>","protected":false},"excerpt":{"rendered":"<p>Sumkcaps 241046 Custom Six Panel 100% Cotton Printed Snapback Cap est l'un des styles de casquettes les plus populaires, l\u00e9ger et respirant. Chapeau parfait pour votre petite entreprise, votre \u00e9quipe sportive, un \u00e9v\u00e9nement sp\u00e9cial, etc. Changez facilement votre propre logo.<\/p>","protected":false},"featured_media":16538,"template":"","meta":{"_acf_changed":false,"_kad_blocks_custom_css":"","_kad_blocks_head_custom_js":"","_kad_blocks_body_custom_js":"","_kad_blocks_footer_custom_js":""},"product_brand":[],"product_cat":[42],"product_tag":[],"class_list":{"0":"post-16477","1":"product","2":"type-product","3":"status-publish","4":"has-post-thumbnail","6":"product_cat-snapback-cap","8":"first","9":"outofstock","10":"shipping-taxable","11":"product-type-simple"},"acf":[],"yoast_head":"<!-- This site is optimized with the Yoast SEO Premium plugin v20.8 (Yoast SEO v25.9) - https:\/\/yoast.com\/wordpress\/plugins\/seo\/ -->\n<title>Custom 3D Embroidered Brown Trucker Hat | China Manufactuer<\/title>\n<meta name=\"description\" content=\"High Quality China Custom Headwear Manufacturer. Top Quality Products At Best Prices. 100% Satisfaction Guarantee.Expert Service. Bulk Discount.\" \/>\n<meta name=\"robots\" content=\"index, follow, max-snippet:-1, max-image-preview:large, max-video-preview:-1\" \/>\n<link rel=\"canonical\" href=\"https:\/\/sumkcaps.com\/fr\/produit\/sufox-241046-custom-six-panel-100-cotton-printed-snapback-cap\/\" \/>\n<meta property=\"og:locale\" content=\"fr_FR\" \/>\n<meta property=\"og:type\" content=\"article\" \/>\n<meta property=\"og:title\" content=\"Sumkcaps 241046 Custom Six Panel 100% Cotton Printed Snapback Cap - Sumkcaps\" \/>\n<meta property=\"og:description\" content=\"High Quality China Custom Headwear Manufacturer. Top Quality Products At Best Prices. 100% Satisfaction Guarantee.Expert Service. Bulk Discount.\" \/>\n<meta property=\"og:url\" content=\"https:\/\/sumkcaps.com\/fr\/produit\/sufox-241046-custom-six-panel-100-cotton-printed-snapback-cap\/\" \/>\n<meta property=\"og:site_name\" content=\"Sumkcaps-China Original Headwear Manufacturer and Suppliers\" \/>\n<meta property=\"article:publisher\" content=\"https:\/\/www.facebook.com\/sumkcap\" \/>\n<meta property=\"article:modified_time\" content=\"2026-03-19T07:58:07+00:00\" \/>\n<meta property=\"og:image\" content=\"https:\/\/sumkcaps.com\/wp-content\/uploads\/2022\/10\/custom_6_panel_printed_snapback_cap-1.jpg\" \/>\n\t<meta property=\"og:image:width\" content=\"800\" \/>\n\t<meta property=\"og:image:height\" content=\"800\" \/>\n\t<meta property=\"og:image:type\" content=\"image\/jpeg\" \/>\n<meta name=\"twitter:card\" content=\"summary_large_image\" \/>\n<meta name=\"twitter:label1\" content=\"Dur\u00e9e de lecture estim\u00e9e\" \/>\n\t<meta name=\"twitter:data1\" content=\"2 minutes\" \/>\n<script type=\"application\/ld+json\" class=\"yoast-schema-graph\">{\"@context\":\"https:\/\/schema.org\",\"@graph\":[{\"@type\":\"WebPage\",\"@id\":\"https:\/\/sumkcaps.com\/product\/sufox-241046-custom-six-panel-100-cotton-printed-snapback-cap\/\",\"url\":\"https:\/\/sumkcaps.com\/product\/sufox-241046-custom-six-panel-100-cotton-printed-snapback-cap\/\",\"name\":\"Custom 3D Embroidered Brown Trucker Hat | China Manufactuer\",\"isPartOf\":{\"@id\":\"https:\/\/sumkcaps.com\/#website\"},\"primaryImageOfPage\":{\"@id\":\"https:\/\/sumkcaps.com\/product\/sufox-241046-custom-six-panel-100-cotton-printed-snapback-cap\/#primaryimage\"},\"image\":{\"@id\":\"https:\/\/sumkcaps.com\/product\/sufox-241046-custom-six-panel-100-cotton-printed-snapback-cap\/#primaryimage\"},\"thumbnailUrl\":\"https:\/\/sumkcaps.com\/wp-content\/uploads\/2022\/10\/custom_6_panel_printed_snapback_cap-1.jpg\",\"datePublished\":\"2022-10-12T07:27:15+00:00\",\"dateModified\":\"2026-03-19T07:58:07+00:00\",\"description\":\"High Quality China Custom Headwear Manufacturer. Top Quality Products At Best Prices. 100% Satisfaction Guarantee.Expert Service. Bulk Discount.\",\"breadcrumb\":{\"@id\":\"https:\/\/sumkcaps.com\/product\/sufox-241046-custom-six-panel-100-cotton-printed-snapback-cap\/#breadcrumb\"},\"inLanguage\":\"fr-FR\",\"potentialAction\":[{\"@type\":\"ReadAction\",\"target\":[\"https:\/\/sumkcaps.com\/product\/sufox-241046-custom-six-panel-100-cotton-printed-snapback-cap\/\"]}]},{\"@type\":\"ImageObject\",\"inLanguage\":\"fr-FR\",\"@id\":\"https:\/\/sumkcaps.com\/product\/sufox-241046-custom-six-panel-100-cotton-printed-snapback-cap\/#primaryimage\",\"url\":\"https:\/\/sumkcaps.com\/wp-content\/uploads\/2022\/10\/custom_6_panel_printed_snapback_cap-1.jpg\",\"contentUrl\":\"https:\/\/sumkcaps.com\/wp-content\/uploads\/2022\/10\/custom_6_panel_printed_snapback_cap-1.jpg\",\"width\":800,\"height\":800},{\"@type\":\"BreadcrumbList\",\"@id\":\"https:\/\/sumkcaps.com\/product\/sufox-241046-custom-six-panel-100-cotton-printed-snapback-cap\/#breadcrumb\",\"itemListElement\":[{\"@type\":\"ListItem\",\"position\":1,\"name\":\"Home\",\"item\":\"https:\/\/sumkcaps.com\/\"},{\"@type\":\"ListItem\",\"position\":2,\"name\":\"Products\",\"item\":\"https:\/\/sumkcaps.com\/product\/\"},{\"@type\":\"ListItem\",\"position\":3,\"name\":\"Sumkcaps 241046 Custom Six Panel 100% Cotton Printed Snapback Cap\"}]},{\"@type\":\"WebSite\",\"@id\":\"https:\/\/sumkcaps.com\/#website\",\"url\":\"https:\/\/sumkcaps.com\/\",\"name\":\"Sumkcaps-China Original Headwear Manufacturer and Suppliers\",\"description\":\"We are China Cap And Hat Original Factory, whose main business is to custom cap and hat as client&#039;s LOGO. Any cap style, any cap color, any qty, any material and qty is no problem. In one words, any small details can be customized as your request.\",\"publisher\":{\"@id\":\"https:\/\/sumkcaps.com\/#organization\"},\"potentialAction\":[{\"@type\":\"SearchAction\",\"target\":{\"@type\":\"EntryPoint\",\"urlTemplate\":\"https:\/\/sumkcaps.com\/?s={search_term_string}\"},\"query-input\":{\"@type\":\"PropertyValueSpecification\",\"valueRequired\":true,\"valueName\":\"search_term_string\"}}],\"inLanguage\":\"fr-FR\"},{\"@type\":\"Organization\",\"@id\":\"https:\/\/sumkcaps.com\/#organization\",\"name\":\"Sumkcaps-China Original Headwear Manufacturer and Suppliers\",\"url\":\"https:\/\/sumkcaps.com\/\",\"logo\":{\"@type\":\"ImageObject\",\"inLanguage\":\"fr-FR\",\"@id\":\"https:\/\/sumkcaps.com\/#\/schema\/logo\/image\/\",\"url\":\"https:\/\/sumkcaps.com\/wp-content\/uploads\/2025\/12\/1234.jpg\",\"contentUrl\":\"https:\/\/sumkcaps.com\/wp-content\/uploads\/2025\/12\/1234.jpg\",\"width\":800,\"height\":800,\"caption\":\"Sumkcaps-China Original Headwear Manufacturer and Suppliers\"},\"image\":{\"@id\":\"https:\/\/sumkcaps.com\/#\/schema\/logo\/image\/\"},\"sameAs\":[\"https:\/\/www.facebook.com\/sumkcap\",\"https:\/\/www.instagram.com\/sumkcaps7\/\",\"https:\/\/www.pinterest.com\/sumkcapschina\/\"]}]}<\/script>\n<!-- \/ Yoast SEO Premium plugin. -->","yoast_head_json":{"title":"Casquette de camionneur marron brod\u00e9e en 3D sur mesure | China Manufactuer","description":"Fabricant chinois de couvre-chefs personnalis\u00e9s de haute qualit\u00e9. Produits de qualit\u00e9 sup\u00e9rieure aux meilleurs prix. Garantie de satisfaction 100%. Service d'expert. Remise en vrac.","robots":{"index":"index","follow":"follow","max-snippet":"max-snippet:-1","max-image-preview":"max-image-preview:large","max-video-preview":"max-video-preview:-1"},"canonical":"https:\/\/sumkcaps.com\/fr\/produit\/sufox-241046-custom-six-panel-100-cotton-printed-snapback-cap\/","og_locale":"fr_FR","og_type":"article","og_title":"Sumkcaps 241046 Custom Six Panel 100% Cotton Printed Snapback Cap - Sumkcaps","og_description":"High Quality China Custom Headwear Manufacturer. Top Quality Products At Best Prices. 100% Satisfaction Guarantee.Expert Service. Bulk Discount.","og_url":"https:\/\/sumkcaps.com\/fr\/produit\/sufox-241046-custom-six-panel-100-cotton-printed-snapback-cap\/","og_site_name":"Sumkcaps-China Original Headwear Manufacturer and Suppliers","article_publisher":"https:\/\/www.facebook.com\/sumkcap","article_modified_time":"2026-03-19T07:58:07+00:00","og_image":[{"width":800,"height":800,"url":"https:\/\/sumkcaps.com\/wp-content\/uploads\/2022\/10\/custom_6_panel_printed_snapback_cap-1.jpg","type":"image\/jpeg"}],"twitter_card":"summary_large_image","twitter_misc":{"Dur\u00e9e de lecture estim\u00e9e":"2 minutes"},"schema":{"@context":"https:\/\/schema.org","@graph":[{"@type":"WebPage","@id":"https:\/\/sumkcaps.com\/product\/sufox-241046-custom-six-panel-100-cotton-printed-snapback-cap\/","url":"https:\/\/sumkcaps.com\/product\/sufox-241046-custom-six-panel-100-cotton-printed-snapback-cap\/","name":"Casquette de camionneur marron brod\u00e9e en 3D sur mesure | China Manufactuer","isPartOf":{"@id":"https:\/\/sumkcaps.com\/#website"},"primaryImageOfPage":{"@id":"https:\/\/sumkcaps.com\/product\/sufox-241046-custom-six-panel-100-cotton-printed-snapback-cap\/#primaryimage"},"image":{"@id":"https:\/\/sumkcaps.com\/product\/sufox-241046-custom-six-panel-100-cotton-printed-snapback-cap\/#primaryimage"},"thumbnailUrl":"https:\/\/sumkcaps.com\/wp-content\/uploads\/2022\/10\/custom_6_panel_printed_snapback_cap-1.jpg","datePublished":"2022-10-12T07:27:15+00:00","dateModified":"2026-03-19T07:58:07+00:00","description":"Fabricant chinois de couvre-chefs personnalis\u00e9s de haute qualit\u00e9. Produits de qualit\u00e9 sup\u00e9rieure aux meilleurs prix. Garantie de satisfaction 100%. Service d'expert. Remise en vrac.","breadcrumb":{"@id":"https:\/\/sumkcaps.com\/product\/sufox-241046-custom-six-panel-100-cotton-printed-snapback-cap\/#breadcrumb"},"inLanguage":"fr-FR","potentialAction":[{"@type":"ReadAction","target":["https:\/\/sumkcaps.com\/product\/sufox-241046-custom-six-panel-100-cotton-printed-snapback-cap\/"]}]},{"@type":"ImageObject","inLanguage":"fr-FR","@id":"https:\/\/sumkcaps.com\/product\/sufox-241046-custom-six-panel-100-cotton-printed-snapback-cap\/#primaryimage","url":"https:\/\/sumkcaps.com\/wp-content\/uploads\/2022\/10\/custom_6_panel_printed_snapback_cap-1.jpg","contentUrl":"https:\/\/sumkcaps.com\/wp-content\/uploads\/2022\/10\/custom_6_panel_printed_snapback_cap-1.jpg","width":800,"height":800},{"@type":"BreadcrumbList","@id":"https:\/\/sumkcaps.com\/product\/sufox-241046-custom-six-panel-100-cotton-printed-snapback-cap\/#breadcrumb","itemListElement":[{"@type":"ListItem","position":1,"name":"Home","item":"https:\/\/sumkcaps.com\/"},{"@type":"ListItem","position":2,"name":"Products","item":"https:\/\/sumkcaps.com\/product\/"},{"@type":"ListItem","position":3,"name":"Sumkcaps 241046 Custom Six Panel 100% Cotton Printed Snapback Cap"}]},{"@type":"WebSite","@id":"https:\/\/sumkcaps.com\/#website","url":"https:\/\/sumkcaps.com\/","name":"Sumkcaps - Fabricant et fournisseur chinois de couvre-chefs originaux","description":"Nous sommes une entreprise chinoise de fabrication de casquettes et de chapeaux, dont l'activit\u00e9 principale consiste \u00e0 personnaliser les casquettes et les chapeaux en fonction du LOGO du client. Tous les styles de casquettes, toutes les couleurs de casquettes, toutes les quantit\u00e9s, tous les mat\u00e9riaux et toutes les quantit\u00e9s ne posent aucun probl\u00e8me. En d'autres termes, tous les petits d\u00e9tails peuvent \u00eatre personnalis\u00e9s selon votre demande.","publisher":{"@id":"https:\/\/sumkcaps.com\/#organization"},"potentialAction":[{"@type":"SearchAction","target":{"@type":"EntryPoint","urlTemplate":"https:\/\/sumkcaps.com\/?s={search_term_string}"},"query-input":{"@type":"PropertyValueSpecification","valueRequired":true,"valueName":"search_term_string"}}],"inLanguage":"fr-FR"},{"@type":"Organization","@id":"https:\/\/sumkcaps.com\/#organization","name":"Sumkcaps - Fabricant et fournisseur chinois de couvre-chefs originaux","url":"https:\/\/sumkcaps.com\/","logo":{"@type":"ImageObject","inLanguage":"fr-FR","@id":"https:\/\/sumkcaps.com\/#\/schema\/logo\/image\/","url":"https:\/\/sumkcaps.com\/wp-content\/uploads\/2025\/12\/1234.jpg","contentUrl":"https:\/\/sumkcaps.com\/wp-content\/uploads\/2025\/12\/1234.jpg","width":800,"height":800,"caption":"Sumkcaps-China Original Headwear Manufacturer and Suppliers"},"image":{"@id":"https:\/\/sumkcaps.com\/#\/schema\/logo\/image\/"},"sameAs":["https:\/\/www.facebook.com\/sumkcap","https:\/\/www.instagram.com\/sumkcaps7\/","https:\/\/www.pinterest.com\/sumkcapschina\/"]}]}},"taxonomy_info":{"product_cat":[{"value":42,"label":"Snapback Hats Wholesale"}]},"featured_image_src_large":["https:\/\/sumkcaps.com\/wp-content\/uploads\/2022\/10\/custom_6_panel_printed_snapback_cap-1.jpg",800,800,false],"author_info":[],"comment_info":"","_links":{"self":[{"href":"https:\/\/sumkcaps.com\/fr\/wp-json\/wp\/v2\/product\/16477","targetHints":{"allow":["GET"]}}],"collection":[{"href":"https:\/\/sumkcaps.com\/fr\/wp-json\/wp\/v2\/product"}],"about":[{"href":"https:\/\/sumkcaps.com\/fr\/wp-json\/wp\/v2\/types\/product"}],"wp:featuredmedia":[{"embeddable":true,"href":"https:\/\/sumkcaps.com\/fr\/wp-json\/wp\/v2\/media\/16538"}],"wp:attachment":[{"href":"https:\/\/sumkcaps.com\/fr\/wp-json\/wp\/v2\/media?parent=16477"}],"wp:term":[{"taxonomy":"product_brand","embeddable":true,"href":"https:\/\/sumkcaps.com\/fr\/wp-json\/wp\/v2\/product_brand?post=16477"},{"taxonomy":"product_cat","embeddable":true,"href":"https:\/\/sumkcaps.com\/fr\/wp-json\/wp\/v2\/product_cat?post=16477"},{"taxonomy":"product_tag","embeddable":true,"href":"https:\/\/sumkcaps.com\/fr\/wp-json\/wp\/v2\/product_tag?post=16477"}],"curies":[{"name":"wp","href":"https:\/\/api.w.org\/{rel}","templated":true}]}}