{"id":15921,"date":"2022-09-29T13:25:54","date_gmt":"2022-09-29T05:25:54","guid":{"rendered":"https:\/\/sumkcaps.com\/?post_type=product&#038;p=15921"},"modified":"2026-01-12T10:07:57","modified_gmt":"2026-01-12T02:07:57","slug":"sufox-23938-custom-two-side-reversible-bucket-hats","status":"publish","type":"product","link":"https:\/\/sumkcaps.com\/fr\/produit\/sufox-23938-custom-two-side-reversible-bucket-hats\/","title":{"rendered":"Sumkcaps 23938 Custom Two Side Reversible Bucket Hats"},"content":{"rendered":"<h3 data-start=\"86\" data-end=\"123\">D\u00e9coration<\/h3>\n<p data-start=\"124\" data-end=\"564\">Con\u00e7u avec une structure enti\u00e8rement r\u00e9versible, ce chapeau seau offre deux looks distincts en un seul produit. Chaque c\u00f4t\u00e9 peut pr\u00e9senter des couleurs, des motifs ou des \u00e9l\u00e9ments de marque diff\u00e9rents, ce qui offre une libert\u00e9 de cr\u00e9ation maximale pour les conceptions personnalis\u00e9es. Id\u00e9ale pour les marques \u00e0 la recherche de polyvalence, la d\u00e9coration r\u00e9versible am\u00e9liore la portabilit\u00e9 tout en doublant les options de style, ce qui la rend parfaite pour une utilisation promotionnelle, des collections de vente au d\u00e9tail ou des lignes de streetwear \u00e0 la pointe de la mode.<\/p>\n<h3 data-start=\"571\" data-end=\"604\">Mat\u00e9riau<\/h3>\n<p data-start=\"605\" data-end=\"1023\">Fabriqu\u00e9 \u00e0 partir d'un m\u00e9lange durable de polyester et de coton, ce chapeau baquet allie confort, respirabilit\u00e9 et performances durables. Le coton procure un toucher doux et agr\u00e9able, tandis que le polyester apporte solidit\u00e9, maintien de la forme et r\u00e9sistance \u00e0 la froissure. Cette combinaison de mat\u00e9riaux permet au chapeau de bien fonctionner au quotidien, lors d'activit\u00e9s de plein air et d'utilisations fr\u00e9quentes, en conservant son aspect et son confort au fil du temps.<\/p>\n<h3 data-start=\"1030\" data-end=\"1054\">Forme<\/h3>\n<p data-start=\"1055\" data-end=\"1444\">Dot\u00e9 d'une silhouette classique de chapeau baquet, ce mod\u00e8le offre une forme d\u00e9contract\u00e9e et intemporelle adapt\u00e9e \u00e0 toutes les saisons. Le bord uniform\u00e9ment inclin\u00e9 offre un style d\u00e9contract\u00e9 et une couverture fonctionnelle, tandis que la couronne structur\u00e9e assure un ajustement coh\u00e9rent. Sa forme universellement populaire en fait un excellent choix pour les marques de streetwear, les marques de style de vie et les articles promotionnels qui recherchent un large attrait commercial.<\/p>\n<h3 data-start=\"1451\" data-end=\"1471\">Couleur<\/h3>\n<p data-start=\"1472\" data-end=\"1865\">Ce chapeau seau est enti\u00e8rement personnalisable des deux c\u00f4t\u00e9s, ce qui permet aux marques de s'aligner sur des nuances Pantone sp\u00e9cifiques, des palettes saisonni\u00e8res ou des couleurs propres \u00e0 la marque. Que vous pr\u00e9f\u00e9riez les contrastes audacieux, les tons subtils ou les imprim\u00e9s cr\u00e9atifs, les options de personnalisation des couleurs permettent de donner vie \u00e0 des concepts uniques. Gr\u00e2ce \u00e0 cette flexibilit\u00e9, le chapeau convient aux collections de mode, aux \u00e9v\u00e9nements et aux campagnes de marque.<\/p>\n<h3 data-start=\"1872\" data-end=\"1894\">Visi\u00e8re<\/h3>\n<p data-start=\"1895\" data-end=\"2264\">Con\u00e7ue sans visi\u00e8re traditionnelle, cette casquette se caract\u00e9rise par un profil \u00e9pur\u00e9 et minimal, tout en offrant une couverture compl\u00e8te du bord. La structure sans visi\u00e8re am\u00e9liore le confort et la flexibilit\u00e9, ce qui permet de l'emballer, de la plier et de la porter dans diff\u00e9rents contextes. Ce choix de design met l'accent sur le style d\u00e9contract\u00e9 et l'aspect pratique, id\u00e9al pour les voyages, les loisirs de plein air et les tenues de ville de tous les jours.<\/p>\n<h3 data-start=\"2271\" data-end=\"2306\">Taille<\/h3>\n<p data-start=\"2307\" data-end=\"2654\">Avec sa conception \"taille unique\", ce chapeau seau s'adapte confortablement \u00e0 des tours de t\u00eate allant de 7 \u00e0 7 3\/4. La construction \u00e9quilibr\u00e9e assure un ajustement s\u00fbr mais d\u00e9contract\u00e9 pour la plupart des porteurs, ce qui le rend adapt\u00e9 \u00e0 un usage unisexe. Cette taille standardis\u00e9e simplifie les commandes en vrac et en fait une excellente option pour la vente en gros, les promotions et la distribution au d\u00e9tail.<\/p>\n<h3 data-start=\"2661\" data-end=\"2682\">D\u00e9lai d'ex\u00e9cution<\/h3>\n<p data-start=\"2683\" data-end=\"3071\" data-is-last-node=\"\" data-is-only-node=\"\">Les d\u00e9lais de production efficaces font de ce chapeau r\u00e9versible la solution id\u00e9ale pour les lancements planifi\u00e9s et les commandes en gros. La production d'\u00e9chantillons prend g\u00e9n\u00e9ralement de 7 \u00e0 9 jours ouvrables, ce qui permet de v\u00e9rifier rapidement le design. Une fois approuv\u00e9e, la production en s\u00e9rie est achev\u00e9e dans un d\u00e9lai de 18 \u00e0 22 jours ouvrables. Ce d\u00e9lai fiable aide les marques \u00e0 g\u00e9rer efficacement les calendriers tout en maintenant une qualit\u00e9 et un savoir-faire constants.<\/p>","protected":false},"excerpt":{"rendered":"<p>Le Sumkcaps 23938 Custom Two Side Reversible Bucket Hat pr\u00e9sente un design r\u00e9versible polyvalent qui offre deux styles en un. Fabriqu\u00e9 \u00e0 partir d'un m\u00e9lange durable de polyester et de coton, il offre confort, respirabilit\u00e9 et durabilit\u00e9. Avec des couleurs enti\u00e8rement personnalisables des deux c\u00f4t\u00e9s et une forme classique de chapeau baquet, ce chapeau OSFM est id\u00e9al pour les marques, les promotions et les collections de mode.<\/p>","protected":false},"featured_media":15922,"template":"","meta":{"_acf_changed":false,"_kad_blocks_custom_css":"","_kad_blocks_head_custom_js":"","_kad_blocks_body_custom_js":"","_kad_blocks_footer_custom_js":""},"product_brand":[],"product_cat":[55],"product_tag":[],"class_list":{"0":"post-15921","1":"product","2":"type-product","3":"status-publish","4":"has-post-thumbnail","6":"product_cat-bucket-hat-manufacturers","8":"first","9":"outofstock","10":"shipping-taxable","11":"product-type-simple"},"acf":[],"yoast_head":"<!-- This site is optimized with the Yoast SEO Premium plugin v20.8 (Yoast SEO v25.9) - https:\/\/yoast.com\/wordpress\/plugins\/seo\/ -->\n<title>Custom Two Side Reversible Bucket Hats | China Manufactuer<\/title>\n<meta name=\"description\" content=\"Custom Cap, Logo Cap, Brand Caps, Custom Made Snapback Caps, Custom Snapback Baseball Hats. Premium Cap Manufacturer since 2006. Order Today!\" \/>\n<meta name=\"robots\" content=\"index, follow, max-snippet:-1, max-image-preview:large, max-video-preview:-1\" \/>\n<link rel=\"canonical\" href=\"https:\/\/sumkcaps.com\/fr\/produit\/sufox-23938-custom-two-side-reversible-bucket-hats\/\" \/>\n<meta property=\"og:locale\" content=\"fr_FR\" \/>\n<meta property=\"og:type\" content=\"article\" \/>\n<meta property=\"og:title\" content=\"Sumkcaps 23938 Custom Two Side Reversible Bucket Hats - Sumkcaps\" \/>\n<meta property=\"og:description\" content=\"Custom Cap, Logo Cap, Brand Caps, Custom Made Snapback Caps, Custom Snapback Baseball Hats. Premium Cap Manufacturer since 2006. Order Today!\" \/>\n<meta property=\"og:url\" content=\"https:\/\/sumkcaps.com\/fr\/produit\/sufox-23938-custom-two-side-reversible-bucket-hats\/\" \/>\n<meta property=\"og:site_name\" content=\"Sumkcaps-China Original Headwear Manufacturer and Suppliers\" \/>\n<meta property=\"article:publisher\" content=\"https:\/\/www.facebook.com\/sumkcap\" \/>\n<meta property=\"article:modified_time\" content=\"2026-01-12T02:07:57+00:00\" \/>\n<meta property=\"og:image\" content=\"https:\/\/sumkcaps.com\/wp-content\/uploads\/2022\/09\/custom_reversible_bucket_hat-1.jpg\" \/>\n\t<meta property=\"og:image:width\" content=\"800\" \/>\n\t<meta property=\"og:image:height\" content=\"800\" \/>\n\t<meta property=\"og:image:type\" content=\"image\/jpeg\" \/>\n<meta name=\"twitter:card\" content=\"summary_large_image\" \/>\n<meta name=\"twitter:label1\" content=\"Dur\u00e9e de lecture estim\u00e9e\" \/>\n\t<meta name=\"twitter:data1\" content=\"2 minutes\" \/>\n<script type=\"application\/ld+json\" class=\"yoast-schema-graph\">{\"@context\":\"https:\/\/schema.org\",\"@graph\":[{\"@type\":\"WebPage\",\"@id\":\"https:\/\/sumkcaps.com\/product\/sufox-23938-custom-two-side-reversible-bucket-hats\/\",\"url\":\"https:\/\/sumkcaps.com\/product\/sufox-23938-custom-two-side-reversible-bucket-hats\/\",\"name\":\"Custom Two Side Reversible Bucket Hats | China Manufactuer\",\"isPartOf\":{\"@id\":\"https:\/\/sumkcaps.com\/#website\"},\"primaryImageOfPage\":{\"@id\":\"https:\/\/sumkcaps.com\/product\/sufox-23938-custom-two-side-reversible-bucket-hats\/#primaryimage\"},\"image\":{\"@id\":\"https:\/\/sumkcaps.com\/product\/sufox-23938-custom-two-side-reversible-bucket-hats\/#primaryimage\"},\"thumbnailUrl\":\"https:\/\/sumkcaps.com\/wp-content\/uploads\/2022\/09\/custom_reversible_bucket_hat-1.jpg\",\"datePublished\":\"2022-09-29T05:25:54+00:00\",\"dateModified\":\"2026-01-12T02:07:57+00:00\",\"description\":\"Custom Cap, Logo Cap, Brand Caps, Custom Made Snapback Caps, Custom Snapback Baseball Hats. Premium Cap Manufacturer since 2006. Order Today!\",\"breadcrumb\":{\"@id\":\"https:\/\/sumkcaps.com\/product\/sufox-23938-custom-two-side-reversible-bucket-hats\/#breadcrumb\"},\"inLanguage\":\"fr-FR\",\"potentialAction\":[{\"@type\":\"ReadAction\",\"target\":[\"https:\/\/sumkcaps.com\/product\/sufox-23938-custom-two-side-reversible-bucket-hats\/\"]}]},{\"@type\":\"ImageObject\",\"inLanguage\":\"fr-FR\",\"@id\":\"https:\/\/sumkcaps.com\/product\/sufox-23938-custom-two-side-reversible-bucket-hats\/#primaryimage\",\"url\":\"https:\/\/sumkcaps.com\/wp-content\/uploads\/2022\/09\/custom_reversible_bucket_hat-1.jpg\",\"contentUrl\":\"https:\/\/sumkcaps.com\/wp-content\/uploads\/2022\/09\/custom_reversible_bucket_hat-1.jpg\",\"width\":800,\"height\":800},{\"@type\":\"BreadcrumbList\",\"@id\":\"https:\/\/sumkcaps.com\/product\/sufox-23938-custom-two-side-reversible-bucket-hats\/#breadcrumb\",\"itemListElement\":[{\"@type\":\"ListItem\",\"position\":1,\"name\":\"Home\",\"item\":\"https:\/\/sumkcaps.com\/\"},{\"@type\":\"ListItem\",\"position\":2,\"name\":\"Products\",\"item\":\"https:\/\/sumkcaps.com\/product\/\"},{\"@type\":\"ListItem\",\"position\":3,\"name\":\"Sumkcaps 23938 Custom Two Side Reversible Bucket Hats\"}]},{\"@type\":\"WebSite\",\"@id\":\"https:\/\/sumkcaps.com\/#website\",\"url\":\"https:\/\/sumkcaps.com\/\",\"name\":\"Sumkcaps-China Original Headwear Manufacturer and Suppliers\",\"description\":\"We are China Cap And Hat Original Factory, whose main business is to custom cap and hat as client&#039;s LOGO. Any cap style, any cap color, any qty, any material and qty is no problem. In one words, any small details can be customized as your request.\",\"publisher\":{\"@id\":\"https:\/\/sumkcaps.com\/#organization\"},\"potentialAction\":[{\"@type\":\"SearchAction\",\"target\":{\"@type\":\"EntryPoint\",\"urlTemplate\":\"https:\/\/sumkcaps.com\/?s={search_term_string}\"},\"query-input\":{\"@type\":\"PropertyValueSpecification\",\"valueRequired\":true,\"valueName\":\"search_term_string\"}}],\"inLanguage\":\"fr-FR\"},{\"@type\":\"Organization\",\"@id\":\"https:\/\/sumkcaps.com\/#organization\",\"name\":\"Sumkcaps-China Original Headwear Manufacturer and Suppliers\",\"url\":\"https:\/\/sumkcaps.com\/\",\"logo\":{\"@type\":\"ImageObject\",\"inLanguage\":\"fr-FR\",\"@id\":\"https:\/\/sumkcaps.com\/#\/schema\/logo\/image\/\",\"url\":\"https:\/\/sumkcaps.com\/wp-content\/uploads\/2025\/12\/1234.jpg\",\"contentUrl\":\"https:\/\/sumkcaps.com\/wp-content\/uploads\/2025\/12\/1234.jpg\",\"width\":800,\"height\":800,\"caption\":\"Sumkcaps-China Original Headwear Manufacturer and Suppliers\"},\"image\":{\"@id\":\"https:\/\/sumkcaps.com\/#\/schema\/logo\/image\/\"},\"sameAs\":[\"https:\/\/www.facebook.com\/sumkcap\",\"https:\/\/www.instagram.com\/sumkcaps7\/\",\"https:\/\/www.pinterest.com\/sumkcapschina\/\"]}]}<\/script>\n<!-- \/ Yoast SEO Premium plugin. -->","yoast_head_json":{"title":"Casquettes r\u00e9versibles \u00e0 deux c\u00f4t\u00e9s sur mesure | Fabricant chinois","description":"Casquette personnalis\u00e9e, casquette \u00e0 logo, casquette de marque, casquette Snapback personnalis\u00e9e, casquette de baseball Snapback personnalis\u00e9e. Fabricant de casquettes haut de gamme depuis 2006. Commandez d\u00e8s aujourd'hui !","robots":{"index":"index","follow":"follow","max-snippet":"max-snippet:-1","max-image-preview":"max-image-preview:large","max-video-preview":"max-video-preview:-1"},"canonical":"https:\/\/sumkcaps.com\/fr\/produit\/sufox-23938-custom-two-side-reversible-bucket-hats\/","og_locale":"fr_FR","og_type":"article","og_title":"Sumkcaps 23938 Custom Two Side Reversible Bucket Hats - Sumkcaps","og_description":"Custom Cap, Logo Cap, Brand Caps, Custom Made Snapback Caps, Custom Snapback Baseball Hats. Premium Cap Manufacturer since 2006. Order Today!","og_url":"https:\/\/sumkcaps.com\/fr\/produit\/sufox-23938-custom-two-side-reversible-bucket-hats\/","og_site_name":"Sumkcaps-China Original Headwear Manufacturer and Suppliers","article_publisher":"https:\/\/www.facebook.com\/sumkcap","article_modified_time":"2026-01-12T02:07:57+00:00","og_image":[{"width":800,"height":800,"url":"https:\/\/sumkcaps.com\/wp-content\/uploads\/2022\/09\/custom_reversible_bucket_hat-1.jpg","type":"image\/jpeg"}],"twitter_card":"summary_large_image","twitter_misc":{"Dur\u00e9e de lecture estim\u00e9e":"2 minutes"},"schema":{"@context":"https:\/\/schema.org","@graph":[{"@type":"WebPage","@id":"https:\/\/sumkcaps.com\/product\/sufox-23938-custom-two-side-reversible-bucket-hats\/","url":"https:\/\/sumkcaps.com\/product\/sufox-23938-custom-two-side-reversible-bucket-hats\/","name":"Casquettes r\u00e9versibles \u00e0 deux c\u00f4t\u00e9s sur mesure | Fabricant chinois","isPartOf":{"@id":"https:\/\/sumkcaps.com\/#website"},"primaryImageOfPage":{"@id":"https:\/\/sumkcaps.com\/product\/sufox-23938-custom-two-side-reversible-bucket-hats\/#primaryimage"},"image":{"@id":"https:\/\/sumkcaps.com\/product\/sufox-23938-custom-two-side-reversible-bucket-hats\/#primaryimage"},"thumbnailUrl":"https:\/\/sumkcaps.com\/wp-content\/uploads\/2022\/09\/custom_reversible_bucket_hat-1.jpg","datePublished":"2022-09-29T05:25:54+00:00","dateModified":"2026-01-12T02:07:57+00:00","description":"Casquette personnalis\u00e9e, casquette \u00e0 logo, casquette de marque, casquette Snapback personnalis\u00e9e, casquette de baseball Snapback personnalis\u00e9e. Fabricant de casquettes haut de gamme depuis 2006. Commandez d\u00e8s aujourd'hui !","breadcrumb":{"@id":"https:\/\/sumkcaps.com\/product\/sufox-23938-custom-two-side-reversible-bucket-hats\/#breadcrumb"},"inLanguage":"fr-FR","potentialAction":[{"@type":"ReadAction","target":["https:\/\/sumkcaps.com\/product\/sufox-23938-custom-two-side-reversible-bucket-hats\/"]}]},{"@type":"ImageObject","inLanguage":"fr-FR","@id":"https:\/\/sumkcaps.com\/product\/sufox-23938-custom-two-side-reversible-bucket-hats\/#primaryimage","url":"https:\/\/sumkcaps.com\/wp-content\/uploads\/2022\/09\/custom_reversible_bucket_hat-1.jpg","contentUrl":"https:\/\/sumkcaps.com\/wp-content\/uploads\/2022\/09\/custom_reversible_bucket_hat-1.jpg","width":800,"height":800},{"@type":"BreadcrumbList","@id":"https:\/\/sumkcaps.com\/product\/sufox-23938-custom-two-side-reversible-bucket-hats\/#breadcrumb","itemListElement":[{"@type":"ListItem","position":1,"name":"Home","item":"https:\/\/sumkcaps.com\/"},{"@type":"ListItem","position":2,"name":"Products","item":"https:\/\/sumkcaps.com\/product\/"},{"@type":"ListItem","position":3,"name":"Sumkcaps 23938 Custom Two Side Reversible Bucket Hats"}]},{"@type":"WebSite","@id":"https:\/\/sumkcaps.com\/#website","url":"https:\/\/sumkcaps.com\/","name":"Sumkcaps - Fabricant et fournisseur chinois de couvre-chefs originaux","description":"Nous sommes une entreprise chinoise de fabrication de casquettes et de chapeaux, dont l'activit\u00e9 principale consiste \u00e0 personnaliser les casquettes et les chapeaux en fonction du LOGO du client. Tous les styles de casquettes, toutes les couleurs de casquettes, toutes les quantit\u00e9s, tous les mat\u00e9riaux et toutes les quantit\u00e9s ne posent aucun probl\u00e8me. En d'autres termes, tous les petits d\u00e9tails peuvent \u00eatre personnalis\u00e9s selon votre demande.","publisher":{"@id":"https:\/\/sumkcaps.com\/#organization"},"potentialAction":[{"@type":"SearchAction","target":{"@type":"EntryPoint","urlTemplate":"https:\/\/sumkcaps.com\/?s={search_term_string}"},"query-input":{"@type":"PropertyValueSpecification","valueRequired":true,"valueName":"search_term_string"}}],"inLanguage":"fr-FR"},{"@type":"Organization","@id":"https:\/\/sumkcaps.com\/#organization","name":"Sumkcaps - Fabricant et fournisseur chinois de couvre-chefs originaux","url":"https:\/\/sumkcaps.com\/","logo":{"@type":"ImageObject","inLanguage":"fr-FR","@id":"https:\/\/sumkcaps.com\/#\/schema\/logo\/image\/","url":"https:\/\/sumkcaps.com\/wp-content\/uploads\/2025\/12\/1234.jpg","contentUrl":"https:\/\/sumkcaps.com\/wp-content\/uploads\/2025\/12\/1234.jpg","width":800,"height":800,"caption":"Sumkcaps-China Original Headwear Manufacturer and Suppliers"},"image":{"@id":"https:\/\/sumkcaps.com\/#\/schema\/logo\/image\/"},"sameAs":["https:\/\/www.facebook.com\/sumkcap","https:\/\/www.instagram.com\/sumkcaps7\/","https:\/\/www.pinterest.com\/sumkcapschina\/"]}]}},"taxonomy_info":{"product_cat":[{"value":55,"label":"Bucket Hat Wholesale"}]},"featured_image_src_large":["https:\/\/sumkcaps.com\/wp-content\/uploads\/2022\/09\/custom_reversible_bucket_hat-1.jpg",800,800,false],"author_info":[],"comment_info":"","_links":{"self":[{"href":"https:\/\/sumkcaps.com\/fr\/wp-json\/wp\/v2\/product\/15921","targetHints":{"allow":["GET"]}}],"collection":[{"href":"https:\/\/sumkcaps.com\/fr\/wp-json\/wp\/v2\/product"}],"about":[{"href":"https:\/\/sumkcaps.com\/fr\/wp-json\/wp\/v2\/types\/product"}],"wp:featuredmedia":[{"embeddable":true,"href":"https:\/\/sumkcaps.com\/fr\/wp-json\/wp\/v2\/media\/15922"}],"wp:attachment":[{"href":"https:\/\/sumkcaps.com\/fr\/wp-json\/wp\/v2\/media?parent=15921"}],"wp:term":[{"taxonomy":"product_brand","embeddable":true,"href":"https:\/\/sumkcaps.com\/fr\/wp-json\/wp\/v2\/product_brand?post=15921"},{"taxonomy":"product_cat","embeddable":true,"href":"https:\/\/sumkcaps.com\/fr\/wp-json\/wp\/v2\/product_cat?post=15921"},{"taxonomy":"product_tag","embeddable":true,"href":"https:\/\/sumkcaps.com\/fr\/wp-json\/wp\/v2\/product_tag?post=15921"}],"curies":[{"name":"wp","href":"https:\/\/api.w.org\/{rel}","templated":true}]}}