{"id":15861,"date":"2022-09-29T10:51:03","date_gmt":"2022-09-29T02:51:03","guid":{"rendered":"https:\/\/sumkcaps.com\/?post_type=product&#038;p=15861"},"modified":"2026-04-03T10:04:23","modified_gmt":"2026-04-03T02:04:23","slug":"sufox-23931-custom-black-leather-embroidered-snapback-cap","status":"publish","type":"product","link":"https:\/\/sumkcaps.com\/fr\/produit\/sufox-23931-custom-cuir-noir-casquette-snapback-brodee\/","title":{"rendered":"Sumkcaps 23931 Custom Black Leather Embroidered Snapback Cap"},"content":{"rendered":"<div class=\"flex flex-col text-sm pb-25\">\n<section class=\"text-token-text-primary w-full focus:outline-none [--shadow-height:45px] has-data-writing-block:pointer-events-none has-data-writing-block:-mt-(--shadow-height) has-data-writing-block:pt-(--shadow-height) [&amp;:has([data-writing-block])&gt;*]:pointer-events-auto scroll-mt-[calc(var(--header-height)+min(200px,max(70px,20svh)))]\" dir=\"auto\" data-turn-id=\"request-WEB:bbc05147-6152-4591-8172-cc7c19e1ce4f-4\" data-testid=\"conversation-turn-10\" data-scroll-anchor=\"true\" data-turn=\"assistant\">\n<div class=\"text-base my-auto mx-auto pb-10 [--thread-content-margin:var(--thread-content-margin-xs,calc(var(--spacing)*4))] @w-sm\/main:[--thread-content-margin:var(--thread-content-margin-sm,calc(var(--spacing)*6))] @w-lg\/main:[--thread-content-margin:var(--thread-content-margin-lg,calc(var(--spacing)*16))] px-(--thread-content-margin)\">\n<div class=\"[--thread-content-max-width:40rem] @w-lg\/main:[--thread-content-max-width:48rem] mx-auto max-w-(--thread-content-max-width) flex-1 group\/turn-messages focus-visible:outline-hidden relative flex w-full min-w-0 flex-col agent-turn\">\n<div class=\"flex max-w-full flex-col gap-4 grow\">\n<div class=\"min-h-8 text-message relative flex w-full flex-col items-end gap-2 text-start break-words whitespace-normal outline-none keyboard-focused:focus-ring [.text-message+&amp;]:mt-1\" dir=\"auto\" tabindex=\"0\" data-message-author-role=\"assistant\" data-message-id=\"309a0517-2198-4d8f-ae84-48a1a0d47f01\" data-message-model-slug=\"gpt-5-3\" data-turn-start-message=\"true\">\n<div class=\"flex w-full flex-col gap-1 empty:hidden\">\n<div class=\"markdown prose dark:prose-invert w-full wrap-break-word light markdown-new-styling\">\n<h3 data-section-id=\"mtqtsz\" data-start=\"126\" data-end=\"159\"><span role=\"text\"><strong data-start=\"130\" data-end=\"157\">D\u00e9coration<\/strong><\/span><\/h3>\n<p data-start=\"160\" data-end=\"446\">Cette casquette snapback est orn\u00e9e d'une broderie de haute qualit\u00e9 qui permet d'obtenir un logo net, pr\u00e9cis et professionnel. Les coutures sont durables et r\u00e9sistantes \u00e0 l'usure, ce qui garantit un attrait visuel durable. Elle est id\u00e9ale pour les marques raffin\u00e9es, les collections haut de gamme et les conceptions personnalis\u00e9es sophistiqu\u00e9es.<\/p>\n<h3 data-section-id=\"d771fh\" data-start=\"453\" data-end=\"481\"><span role=\"text\"><strong data-start=\"457\" data-end=\"479\">Mat\u00e9riau<\/strong><\/span><\/h3>\n<p data-start=\"482\" data-end=\"762\">Fabriqu\u00e9e en cuir de premi\u00e8re qualit\u00e9, cette casquette offre un aspect et un toucher luxueux ainsi qu'une excellente durabilit\u00e9. Le mat\u00e9riau pr\u00e9sente une texture lisse, une r\u00e9sistance naturelle et un aspect haut de gamme, ce qui le rend id\u00e9al pour les marques \u00e0 la pointe de la mode et les clients \u00e0 la recherche d'un style distinctif et haut de gamme.<\/p>\n<h3 data-section-id=\"slu0w9\" data-start=\"769\" data-end=\"797\"><span role=\"text\"><strong data-start=\"773\" data-end=\"795\">Couleur<\/strong><\/span><\/h3>\n<p data-start=\"798\" data-end=\"1055\">Disponible dans des options de couleurs enti\u00e8rement personnalis\u00e9es, cette snapback en cuir permet aux marques de choisir des tons classiques ou des nuances audacieuses. Cette flexibilit\u00e9 garantit que votre design s'aligne parfaitement sur l'identit\u00e9 de votre marque, am\u00e9liorant \u00e0 la fois l'impact visuel et l'attrait du march\u00e9.<\/p>\n<h3 data-section-id=\"1ujt2bk\" data-start=\"1062\" data-end=\"1101\"><span role=\"text\"><strong data-start=\"1066\" data-end=\"1099\">Taille<\/strong><\/span><\/h3>\n<p data-start=\"1102\" data-end=\"1347\">Con\u00e7ue avec une fermeture \u00e0 bouton-pression r\u00e9glable, cette casquette offre une taille unique allant de 7 \u00e0 7 3\/4. Elle garantit un ajustement confortable et s\u00fbr pour la plupart des tailles de t\u00eate, ce qui en fait une option polyvalente pour les groupes de clients larges et les commandes en vrac.<\/p>\n<h3 data-section-id=\"3asju8\" data-start=\"1354\" data-end=\"1381\"><span role=\"text\"><strong data-start=\"1358\" data-end=\"1379\">Visi\u00e8re<\/strong><\/span><\/h3>\n<p data-start=\"1382\" data-end=\"1622\">La visi\u00e8re \u00e0 bord plat offre une silhouette moderne et structur\u00e9e qui s'harmonise avec le mat\u00e9riau en cuir de premi\u00e8re qualit\u00e9. Elle conserve sa forme au fil du temps tout en offrant une protection solaire efficace, alliant style contemporain et fonctionnalit\u00e9 quotidienne.<\/p>\n<h3 data-section-id=\"3nymbz\" data-start=\"1629\" data-end=\"1658\"><span role=\"text\"><strong data-start=\"1633\" data-end=\"1656\">Service<\/strong><\/span><\/h3>\n<p data-start=\"1659\" data-end=\"1899\">Nous proposons des services OEM et ODM complets, avec des logos, des mat\u00e9riaux, des couleurs et des solutions d'emballage personnalis\u00e9s. Notre \u00e9quipe exp\u00e9riment\u00e9e travaille en \u00e9troite collaboration avec nos clients pour s'assurer que chaque produit r\u00e9pond aux normes de la marque, du concept initial \u00e0 la production finale.<\/p>\n<h3 data-section-id=\"1mx9aa5\" data-start=\"1906\" data-end=\"1931\"><span role=\"text\"><strong data-start=\"1910\" data-end=\"1929\">D\u00e9lai d'ex\u00e9cution<\/strong><\/span><\/h3>\n<p data-start=\"1932\" data-end=\"2149\" data-is-last-node=\"\" data-is-only-node=\"\">Notre flux de travail efficace garantit des d\u00e9lais d'ex\u00e9cution rapides. Les \u00e9chantillons sont r\u00e9alis\u00e9s dans un d\u00e9lai de 7 \u00e0 9 jours ouvrables, et la production en s\u00e9rie prend de 18 \u00e0 22 jours ouvrables, ce qui vous aide \u00e0 respecter les d\u00e9lais et \u00e0 r\u00e9pondre efficacement aux demandes du march\u00e9.<\/p>\n<\/div>\n<\/div>\n<\/div>\n<\/div>\n<\/div>\n<\/div>\n<\/section>\n<\/div>","protected":false},"excerpt":{"rendered":"<p>Sumkcaps 23931 Custom Black Leather Embroidered Snapback Cap est l'un des styles de casquettes les plus populaires, l\u00e9ger et respirant. Nos Snapbacks sont disponibles dans une vari\u00e9t\u00e9 de styles et de couleurs de toutes les grandes marques.<\/p>","protected":false},"featured_media":15862,"template":"","meta":{"_acf_changed":false,"_kad_blocks_custom_css":"","_kad_blocks_head_custom_js":"","_kad_blocks_body_custom_js":"","_kad_blocks_footer_custom_js":""},"product_brand":[],"product_cat":[42],"product_tag":[],"class_list":{"0":"post-15861","1":"product","2":"type-product","3":"status-publish","4":"has-post-thumbnail","6":"product_cat-snapback-cap","8":"first","9":"outofstock","10":"shipping-taxable","11":"product-type-simple"},"acf":[],"yoast_head":"<!-- This site is optimized with the Yoast SEO Premium plugin v20.8 (Yoast SEO v25.9) - https:\/\/yoast.com\/wordpress\/plugins\/seo\/ -->\n<title>Custom Embroidered Leather Snapback Cap | China Manufactuer<\/title>\n<meta name=\"description\" content=\"Custom Cap, Logo Cap, Brand Caps, Custom Made Snapback Caps, Custom Snapback Baseball Hats. Premium Cap Manufacturer since 2006. Order Today!\" \/>\n<meta name=\"robots\" content=\"index, follow, max-snippet:-1, max-image-preview:large, max-video-preview:-1\" \/>\n<link rel=\"canonical\" href=\"https:\/\/sumkcaps.com\/fr\/produit\/sufox-23931-custom-cuir-noir-casquette-snapback-brodee\/\" \/>\n<meta property=\"og:locale\" content=\"fr_FR\" \/>\n<meta property=\"og:type\" content=\"article\" \/>\n<meta property=\"og:title\" content=\"Sumkcaps 23931 Custom Black Leather Embroidered Snapback Cap - Sumkcaps\" \/>\n<meta property=\"og:description\" content=\"Custom Cap, Logo Cap, Brand Caps, Custom Made Snapback Caps, Custom Snapback Baseball Hats. Premium Cap Manufacturer since 2006. Order Today!\" \/>\n<meta property=\"og:url\" content=\"https:\/\/sumkcaps.com\/fr\/produit\/sufox-23931-custom-cuir-noir-casquette-snapback-brodee\/\" \/>\n<meta property=\"og:site_name\" content=\"Sumkcaps-China Original Headwear Manufacturer and Suppliers\" \/>\n<meta property=\"article:publisher\" content=\"https:\/\/www.facebook.com\/sumkcap\" \/>\n<meta property=\"article:modified_time\" content=\"2026-04-03T02:04:23+00:00\" \/>\n<meta property=\"og:image\" content=\"https:\/\/sumkcaps.com\/wp-content\/uploads\/2022\/09\/custom_unisex_leather_snapback_cap-1.jpg\" \/>\n\t<meta property=\"og:image:width\" content=\"800\" \/>\n\t<meta property=\"og:image:height\" content=\"800\" \/>\n\t<meta property=\"og:image:type\" content=\"image\/jpeg\" \/>\n<meta name=\"twitter:card\" content=\"summary_large_image\" \/>\n<meta name=\"twitter:label1\" content=\"Dur\u00e9e de lecture estim\u00e9e\" \/>\n\t<meta name=\"twitter:data1\" content=\"2 minutes\" \/>\n<script type=\"application\/ld+json\" class=\"yoast-schema-graph\">{\"@context\":\"https:\/\/schema.org\",\"@graph\":[{\"@type\":\"WebPage\",\"@id\":\"https:\/\/sumkcaps.com\/product\/sufox-23931-custom-black-leather-embroidered-snapback-cap\/\",\"url\":\"https:\/\/sumkcaps.com\/product\/sufox-23931-custom-black-leather-embroidered-snapback-cap\/\",\"name\":\"Custom Embroidered Leather Snapback Cap | China Manufactuer\",\"isPartOf\":{\"@id\":\"https:\/\/sumkcaps.com\/#website\"},\"primaryImageOfPage\":{\"@id\":\"https:\/\/sumkcaps.com\/product\/sufox-23931-custom-black-leather-embroidered-snapback-cap\/#primaryimage\"},\"image\":{\"@id\":\"https:\/\/sumkcaps.com\/product\/sufox-23931-custom-black-leather-embroidered-snapback-cap\/#primaryimage\"},\"thumbnailUrl\":\"https:\/\/sumkcaps.com\/wp-content\/uploads\/2022\/09\/custom_unisex_leather_snapback_cap-1.jpg\",\"datePublished\":\"2022-09-29T02:51:03+00:00\",\"dateModified\":\"2026-04-03T02:04:23+00:00\",\"description\":\"Custom Cap, Logo Cap, Brand Caps, Custom Made Snapback Caps, Custom Snapback Baseball Hats. Premium Cap Manufacturer since 2006. Order Today!\",\"breadcrumb\":{\"@id\":\"https:\/\/sumkcaps.com\/product\/sufox-23931-custom-black-leather-embroidered-snapback-cap\/#breadcrumb\"},\"inLanguage\":\"fr-FR\",\"potentialAction\":[{\"@type\":\"ReadAction\",\"target\":[\"https:\/\/sumkcaps.com\/product\/sufox-23931-custom-black-leather-embroidered-snapback-cap\/\"]}]},{\"@type\":\"ImageObject\",\"inLanguage\":\"fr-FR\",\"@id\":\"https:\/\/sumkcaps.com\/product\/sufox-23931-custom-black-leather-embroidered-snapback-cap\/#primaryimage\",\"url\":\"https:\/\/sumkcaps.com\/wp-content\/uploads\/2022\/09\/custom_unisex_leather_snapback_cap-1.jpg\",\"contentUrl\":\"https:\/\/sumkcaps.com\/wp-content\/uploads\/2022\/09\/custom_unisex_leather_snapback_cap-1.jpg\",\"width\":800,\"height\":800},{\"@type\":\"BreadcrumbList\",\"@id\":\"https:\/\/sumkcaps.com\/product\/sufox-23931-custom-black-leather-embroidered-snapback-cap\/#breadcrumb\",\"itemListElement\":[{\"@type\":\"ListItem\",\"position\":1,\"name\":\"Home\",\"item\":\"https:\/\/sumkcaps.com\/\"},{\"@type\":\"ListItem\",\"position\":2,\"name\":\"Products\",\"item\":\"https:\/\/sumkcaps.com\/product\/\"},{\"@type\":\"ListItem\",\"position\":3,\"name\":\"Sumkcaps 23931 Custom Black Leather Embroidered Snapback Cap\"}]},{\"@type\":\"WebSite\",\"@id\":\"https:\/\/sumkcaps.com\/#website\",\"url\":\"https:\/\/sumkcaps.com\/\",\"name\":\"Sumkcaps-China Original Headwear Manufacturer and Suppliers\",\"description\":\"We are China Cap And Hat Original Factory, whose main business is to custom cap and hat as client&#039;s LOGO. Any cap style, any cap color, any qty, any material and qty is no problem. In one words, any small details can be customized as your request.\",\"publisher\":{\"@id\":\"https:\/\/sumkcaps.com\/#organization\"},\"potentialAction\":[{\"@type\":\"SearchAction\",\"target\":{\"@type\":\"EntryPoint\",\"urlTemplate\":\"https:\/\/sumkcaps.com\/?s={search_term_string}\"},\"query-input\":{\"@type\":\"PropertyValueSpecification\",\"valueRequired\":true,\"valueName\":\"search_term_string\"}}],\"inLanguage\":\"fr-FR\"},{\"@type\":\"Organization\",\"@id\":\"https:\/\/sumkcaps.com\/#organization\",\"name\":\"Sumkcaps-China Original Headwear Manufacturer and Suppliers\",\"url\":\"https:\/\/sumkcaps.com\/\",\"logo\":{\"@type\":\"ImageObject\",\"inLanguage\":\"fr-FR\",\"@id\":\"https:\/\/sumkcaps.com\/#\/schema\/logo\/image\/\",\"url\":\"https:\/\/sumkcaps.com\/wp-content\/uploads\/2025\/12\/1234.jpg\",\"contentUrl\":\"https:\/\/sumkcaps.com\/wp-content\/uploads\/2025\/12\/1234.jpg\",\"width\":800,\"height\":800,\"caption\":\"Sumkcaps-China Original Headwear Manufacturer and Suppliers\"},\"image\":{\"@id\":\"https:\/\/sumkcaps.com\/#\/schema\/logo\/image\/\"},\"sameAs\":[\"https:\/\/www.facebook.com\/sumkcap\",\"https:\/\/www.instagram.com\/sumkcaps7\/\",\"https:\/\/www.pinterest.com\/sumkcapschina\/\"]}]}<\/script>\n<!-- \/ Yoast SEO Premium plugin. -->","yoast_head_json":{"title":"Casquette Snapback en cuir brod\u00e9e sur mesure | China Manufacturer","description":"Casquette personnalis\u00e9e, casquette \u00e0 logo, casquette de marque, casquette Snapback personnalis\u00e9e, casquette de baseball Snapback personnalis\u00e9e. Fabricant de casquettes haut de gamme depuis 2006. Commandez d\u00e8s aujourd'hui !","robots":{"index":"index","follow":"follow","max-snippet":"max-snippet:-1","max-image-preview":"max-image-preview:large","max-video-preview":"max-video-preview:-1"},"canonical":"https:\/\/sumkcaps.com\/fr\/produit\/sufox-23931-custom-cuir-noir-casquette-snapback-brodee\/","og_locale":"fr_FR","og_type":"article","og_title":"Sumkcaps 23931 Custom Black Leather Embroidered Snapback Cap - Sumkcaps","og_description":"Custom Cap, Logo Cap, Brand Caps, Custom Made Snapback Caps, Custom Snapback Baseball Hats. Premium Cap Manufacturer since 2006. Order Today!","og_url":"https:\/\/sumkcaps.com\/fr\/produit\/sufox-23931-custom-cuir-noir-casquette-snapback-brodee\/","og_site_name":"Sumkcaps-China Original Headwear Manufacturer and Suppliers","article_publisher":"https:\/\/www.facebook.com\/sumkcap","article_modified_time":"2026-04-03T02:04:23+00:00","og_image":[{"width":800,"height":800,"url":"https:\/\/sumkcaps.com\/wp-content\/uploads\/2022\/09\/custom_unisex_leather_snapback_cap-1.jpg","type":"image\/jpeg"}],"twitter_card":"summary_large_image","twitter_misc":{"Dur\u00e9e de lecture estim\u00e9e":"2 minutes"},"schema":{"@context":"https:\/\/schema.org","@graph":[{"@type":"WebPage","@id":"https:\/\/sumkcaps.com\/product\/sufox-23931-custom-black-leather-embroidered-snapback-cap\/","url":"https:\/\/sumkcaps.com\/product\/sufox-23931-custom-black-leather-embroidered-snapback-cap\/","name":"Casquette Snapback en cuir brod\u00e9e sur mesure | China Manufacturer","isPartOf":{"@id":"https:\/\/sumkcaps.com\/#website"},"primaryImageOfPage":{"@id":"https:\/\/sumkcaps.com\/product\/sufox-23931-custom-black-leather-embroidered-snapback-cap\/#primaryimage"},"image":{"@id":"https:\/\/sumkcaps.com\/product\/sufox-23931-custom-black-leather-embroidered-snapback-cap\/#primaryimage"},"thumbnailUrl":"https:\/\/sumkcaps.com\/wp-content\/uploads\/2022\/09\/custom_unisex_leather_snapback_cap-1.jpg","datePublished":"2022-09-29T02:51:03+00:00","dateModified":"2026-04-03T02:04:23+00:00","description":"Casquette personnalis\u00e9e, casquette \u00e0 logo, casquette de marque, casquette Snapback personnalis\u00e9e, casquette de baseball Snapback personnalis\u00e9e. Fabricant de casquettes haut de gamme depuis 2006. Commandez d\u00e8s aujourd'hui !","breadcrumb":{"@id":"https:\/\/sumkcaps.com\/product\/sufox-23931-custom-black-leather-embroidered-snapback-cap\/#breadcrumb"},"inLanguage":"fr-FR","potentialAction":[{"@type":"ReadAction","target":["https:\/\/sumkcaps.com\/product\/sufox-23931-custom-black-leather-embroidered-snapback-cap\/"]}]},{"@type":"ImageObject","inLanguage":"fr-FR","@id":"https:\/\/sumkcaps.com\/product\/sufox-23931-custom-black-leather-embroidered-snapback-cap\/#primaryimage","url":"https:\/\/sumkcaps.com\/wp-content\/uploads\/2022\/09\/custom_unisex_leather_snapback_cap-1.jpg","contentUrl":"https:\/\/sumkcaps.com\/wp-content\/uploads\/2022\/09\/custom_unisex_leather_snapback_cap-1.jpg","width":800,"height":800},{"@type":"BreadcrumbList","@id":"https:\/\/sumkcaps.com\/product\/sufox-23931-custom-black-leather-embroidered-snapback-cap\/#breadcrumb","itemListElement":[{"@type":"ListItem","position":1,"name":"Home","item":"https:\/\/sumkcaps.com\/"},{"@type":"ListItem","position":2,"name":"Products","item":"https:\/\/sumkcaps.com\/product\/"},{"@type":"ListItem","position":3,"name":"Sumkcaps 23931 Custom Black Leather Embroidered Snapback Cap"}]},{"@type":"WebSite","@id":"https:\/\/sumkcaps.com\/#website","url":"https:\/\/sumkcaps.com\/","name":"Sumkcaps - Fabricant et fournisseur chinois de couvre-chefs originaux","description":"Nous sommes une entreprise chinoise de fabrication de casquettes et de chapeaux, dont l'activit\u00e9 principale consiste \u00e0 personnaliser les casquettes et les chapeaux en fonction du LOGO du client. Tous les styles de casquettes, toutes les couleurs de casquettes, toutes les quantit\u00e9s, tous les mat\u00e9riaux et toutes les quantit\u00e9s ne posent aucun probl\u00e8me. En d'autres termes, tous les petits d\u00e9tails peuvent \u00eatre personnalis\u00e9s selon votre demande.","publisher":{"@id":"https:\/\/sumkcaps.com\/#organization"},"potentialAction":[{"@type":"SearchAction","target":{"@type":"EntryPoint","urlTemplate":"https:\/\/sumkcaps.com\/?s={search_term_string}"},"query-input":{"@type":"PropertyValueSpecification","valueRequired":true,"valueName":"search_term_string"}}],"inLanguage":"fr-FR"},{"@type":"Organization","@id":"https:\/\/sumkcaps.com\/#organization","name":"Sumkcaps - Fabricant et fournisseur chinois de couvre-chefs originaux","url":"https:\/\/sumkcaps.com\/","logo":{"@type":"ImageObject","inLanguage":"fr-FR","@id":"https:\/\/sumkcaps.com\/#\/schema\/logo\/image\/","url":"https:\/\/sumkcaps.com\/wp-content\/uploads\/2025\/12\/1234.jpg","contentUrl":"https:\/\/sumkcaps.com\/wp-content\/uploads\/2025\/12\/1234.jpg","width":800,"height":800,"caption":"Sumkcaps-China Original Headwear Manufacturer and Suppliers"},"image":{"@id":"https:\/\/sumkcaps.com\/#\/schema\/logo\/image\/"},"sameAs":["https:\/\/www.facebook.com\/sumkcap","https:\/\/www.instagram.com\/sumkcaps7\/","https:\/\/www.pinterest.com\/sumkcapschina\/"]}]}},"taxonomy_info":{"product_cat":[{"value":42,"label":"Snapback Hats Wholesale"}]},"featured_image_src_large":["https:\/\/sumkcaps.com\/wp-content\/uploads\/2022\/09\/custom_unisex_leather_snapback_cap-1.jpg",800,800,false],"author_info":[],"comment_info":"","_links":{"self":[{"href":"https:\/\/sumkcaps.com\/fr\/wp-json\/wp\/v2\/product\/15861","targetHints":{"allow":["GET"]}}],"collection":[{"href":"https:\/\/sumkcaps.com\/fr\/wp-json\/wp\/v2\/product"}],"about":[{"href":"https:\/\/sumkcaps.com\/fr\/wp-json\/wp\/v2\/types\/product"}],"wp:featuredmedia":[{"embeddable":true,"href":"https:\/\/sumkcaps.com\/fr\/wp-json\/wp\/v2\/media\/15862"}],"wp:attachment":[{"href":"https:\/\/sumkcaps.com\/fr\/wp-json\/wp\/v2\/media?parent=15861"}],"wp:term":[{"taxonomy":"product_brand","embeddable":true,"href":"https:\/\/sumkcaps.com\/fr\/wp-json\/wp\/v2\/product_brand?post=15861"},{"taxonomy":"product_cat","embeddable":true,"href":"https:\/\/sumkcaps.com\/fr\/wp-json\/wp\/v2\/product_cat?post=15861"},{"taxonomy":"product_tag","embeddable":true,"href":"https:\/\/sumkcaps.com\/fr\/wp-json\/wp\/v2\/product_tag?post=15861"}],"curies":[{"name":"wp","href":"https:\/\/api.w.org\/{rel}","templated":true}]}}