{"id":15851,"date":"2022-09-29T10:35:07","date_gmt":"2022-09-29T02:35:07","guid":{"rendered":"https:\/\/sumkcaps.com\/?post_type=product&#038;p=15851"},"modified":"2026-04-03T09:58:31","modified_gmt":"2026-04-03T01:58:31","slug":"sufox-23930-custom-3d-embroidered-six-panel-snapback-cap","status":"publish","type":"product","link":"https:\/\/sumkcaps.com\/fr\/produit\/sufox-23930-custom-3d-embroidered-six-panel-snapback-cap\/","title":{"rendered":"Sumkcaps 23930 Custom 3D Embroidered Six Panel Snapback Cap"},"content":{"rendered":"<h3 data-section-id=\"1o0wlg4\" data-start=\"141\" data-end=\"177\"><span role=\"text\"><strong data-start=\"145\" data-end=\"175\">D\u00e9coration<\/strong><\/span><\/h3>\n<p data-start=\"178\" data-end=\"460\">Cette casquette est dot\u00e9e d'une broderie 3D de qualit\u00e9 sup\u00e9rieure, qui permet d'obtenir un logo en relief et textur\u00e9 qui renforce la profondeur et l'attrait visuel. Cette technique garantit une durabilit\u00e9 \u00e0 long terme et un aspect audacieux et haut de gamme, ce qui la rend id\u00e9ale pour les marques, les collections streetwear et les conceptions promotionnelles accrocheuses.<\/p>\n<h3 data-section-id=\"1p2br5x\" data-start=\"467\" data-end=\"500\"><span role=\"text\"><strong data-start=\"471\" data-end=\"498\">Mat\u00e9riau<\/strong><\/span><\/h3>\n<p data-start=\"501\" data-end=\"774\">Fabriqu\u00e9e en acrylique 100%, cette casquette snapback offre une excellente durabilit\u00e9 et une bonne tenue de la forme. Le mat\u00e9riau est l\u00e9ger mais robuste, r\u00e9sistant aux plis et facile \u00e0 entretenir, ce qui garantit une structure et un confort constants pour un usage quotidien dans diff\u00e9rents environnements.<\/p>\n<h3 data-section-id=\"slu0w9\" data-start=\"781\" data-end=\"809\"><span role=\"text\"><strong data-start=\"785\" data-end=\"807\">Couleur<\/strong><\/span><\/h3>\n<p data-start=\"810\" data-end=\"1079\">La couleur du capuchon est enti\u00e8rement personnalisable, ce qui vous permet d'assortir les teintes Pantone ou de cr\u00e9er des combinaisons uniques. Cette flexibilit\u00e9 permet aux marques d'exprimer clairement leur identit\u00e9, ce qui convient aux collections saisonni\u00e8res, aux \u00e9v\u00e9nements promotionnels ou aux d\u00e9clarations de mode distinctives.<\/p>\n<h3 data-section-id=\"1ujt2bk\" data-start=\"1086\" data-end=\"1125\"><span role=\"text\"><strong data-start=\"1090\" data-end=\"1123\">Taille<\/strong><\/span><\/h3>\n<p data-start=\"1126\" data-end=\"1374\">Con\u00e7ue avec une fermeture \u00e0 bouton-pression r\u00e9glable, cette casquette offre une taille unique allant de 7 \u00e0 7 3\/4. Elle garantit un ajustement s\u00fbr et confortable pour un large public, ce qui en fait une excellente option pour les commandes en gros et les besoins divers des clients.<\/p>\n<h3 data-section-id=\"3asju8\" data-start=\"1381\" data-end=\"1408\"><span role=\"text\"><strong data-start=\"1385\" data-end=\"1406\">Visi\u00e8re<\/strong><\/span><\/h3>\n<p data-start=\"1409\" data-end=\"1639\">La visi\u00e8re \u00e0 bord plat conf\u00e8re \u00e0 la casquette un aspect moderne et structur\u00e9 qui s'inscrit dans les tendances actuelles du streetwear. Elle conserve sa forme au fil du temps tout en offrant une protection solaire pratique, alliant style et fonction pour un usage quotidien.<\/p>\n<h3 data-section-id=\"3nymbz\" data-start=\"1646\" data-end=\"1675\"><span role=\"text\"><strong data-start=\"1650\" data-end=\"1673\">Service<\/strong><\/span><\/h3>\n<p data-start=\"1676\" data-end=\"1918\">Nous fournissons des services OEM et ODM complets, prenant en charge la personnalisation des logos, des mat\u00e9riaux, des couleurs et des emballages. De la conception \u00e0 la production, notre \u00e9quipe assure une ex\u00e9cution de haute qualit\u00e9 et une communication efficace pour r\u00e9pondre aux exigences exactes de votre marque.<\/p>\n<h3 data-section-id=\"1mx9aa5\" data-start=\"1925\" data-end=\"1950\"><span role=\"text\"><strong data-start=\"1929\" data-end=\"1948\">D\u00e9lai d'ex\u00e9cution<\/strong><\/span><\/h3>\n<p data-start=\"1951\" data-end=\"2191\" data-is-last-node=\"\" data-is-only-node=\"\">Notre processus de production rationalis\u00e9 garantit une livraison rapide et fiable. Les \u00e9chantillons sont r\u00e9alis\u00e9s dans un d\u00e9lai de 7 \u00e0 9 jours ouvrables, tandis que la production en s\u00e9rie prend de 18 \u00e0 22 jours ouvrables, ce qui vous permet de respecter des d\u00e9lais serr\u00e9s et de r\u00e9pondre rapidement aux demandes du march\u00e9.<\/p>","protected":false},"excerpt":{"rendered":"<p>Sumkcaps 23930 Custom 3D Embroidered Six Panel Snapback Cap est l'un des styles de casquettes les plus populaires, l\u00e9ger et respirant. Nos Snapbacks sont disponibles dans une vari\u00e9t\u00e9 de styles et de couleurs de toutes les grandes marques.<\/p>","protected":false},"featured_media":15852,"template":"","meta":{"_acf_changed":false,"_kad_blocks_custom_css":"","_kad_blocks_head_custom_js":"","_kad_blocks_body_custom_js":"","_kad_blocks_footer_custom_js":""},"product_brand":[],"product_cat":[42],"product_tag":[],"class_list":{"0":"post-15851","1":"product","2":"type-product","3":"status-publish","4":"has-post-thumbnail","6":"product_cat-snapback-cap","8":"first","9":"outofstock","10":"shipping-taxable","11":"product-type-simple"},"acf":[],"yoast_head":"<!-- This site is optimized with the Yoast SEO Premium plugin v20.8 (Yoast SEO v25.9) - https:\/\/yoast.com\/wordpress\/plugins\/seo\/ -->\n<title>Custom 3D Embroidered Snapback Cap | China Manufactuer<\/title>\n<meta name=\"description\" content=\"We are dedicated to manufacturing Premium Custom Caps, beanies and bucket hats. Patches available. Many custom options. Save Your 75% Budget!\" \/>\n<meta name=\"robots\" content=\"index, follow, max-snippet:-1, max-image-preview:large, max-video-preview:-1\" \/>\n<link rel=\"canonical\" href=\"https:\/\/sumkcaps.com\/fr\/produit\/sufox-23930-custom-3d-embroidered-six-panel-snapback-cap\/\" \/>\n<meta property=\"og:locale\" content=\"fr_FR\" \/>\n<meta property=\"og:type\" content=\"article\" \/>\n<meta property=\"og:title\" content=\"Sumkcaps 23930 Custom 3D Embroidered Six Panel Snapback Cap - Sumkcaps\" \/>\n<meta property=\"og:description\" content=\"We are dedicated to manufacturing Premium Custom Caps, beanies and bucket hats. Patches available. Many custom options. Save Your 75% Budget!\" \/>\n<meta property=\"og:url\" content=\"https:\/\/sumkcaps.com\/fr\/produit\/sufox-23930-custom-3d-embroidered-six-panel-snapback-cap\/\" \/>\n<meta property=\"og:site_name\" content=\"Sumkcaps-China Original Headwear Manufacturer and Suppliers\" \/>\n<meta property=\"article:publisher\" content=\"https:\/\/www.facebook.com\/sumkcap\" \/>\n<meta property=\"article:modified_time\" content=\"2026-04-03T01:58:31+00:00\" \/>\n<meta property=\"og:image\" content=\"https:\/\/sumkcaps.com\/wp-content\/uploads\/2022\/09\/custom_logo_6_panel_snapback_cap-1.jpg\" \/>\n\t<meta property=\"og:image:width\" content=\"800\" \/>\n\t<meta property=\"og:image:height\" content=\"800\" \/>\n\t<meta property=\"og:image:type\" content=\"image\/jpeg\" \/>\n<meta name=\"twitter:card\" content=\"summary_large_image\" \/>\n<meta name=\"twitter:label1\" content=\"Dur\u00e9e de lecture estim\u00e9e\" \/>\n\t<meta name=\"twitter:data1\" content=\"2 minutes\" \/>\n<script type=\"application\/ld+json\" class=\"yoast-schema-graph\">{\"@context\":\"https:\/\/schema.org\",\"@graph\":[{\"@type\":\"WebPage\",\"@id\":\"https:\/\/sumkcaps.com\/product\/sufox-23930-custom-3d-embroidered-six-panel-snapback-cap\/\",\"url\":\"https:\/\/sumkcaps.com\/product\/sufox-23930-custom-3d-embroidered-six-panel-snapback-cap\/\",\"name\":\"Custom 3D Embroidered Snapback Cap | China Manufactuer\",\"isPartOf\":{\"@id\":\"https:\/\/sumkcaps.com\/#website\"},\"primaryImageOfPage\":{\"@id\":\"https:\/\/sumkcaps.com\/product\/sufox-23930-custom-3d-embroidered-six-panel-snapback-cap\/#primaryimage\"},\"image\":{\"@id\":\"https:\/\/sumkcaps.com\/product\/sufox-23930-custom-3d-embroidered-six-panel-snapback-cap\/#primaryimage\"},\"thumbnailUrl\":\"https:\/\/sumkcaps.com\/wp-content\/uploads\/2022\/09\/custom_logo_6_panel_snapback_cap-1.jpg\",\"datePublished\":\"2022-09-29T02:35:07+00:00\",\"dateModified\":\"2026-04-03T01:58:31+00:00\",\"description\":\"We are dedicated to manufacturing Premium Custom Caps, beanies and bucket hats. Patches available. Many custom options. Save Your 75% Budget!\",\"breadcrumb\":{\"@id\":\"https:\/\/sumkcaps.com\/product\/sufox-23930-custom-3d-embroidered-six-panel-snapback-cap\/#breadcrumb\"},\"inLanguage\":\"fr-FR\",\"potentialAction\":[{\"@type\":\"ReadAction\",\"target\":[\"https:\/\/sumkcaps.com\/product\/sufox-23930-custom-3d-embroidered-six-panel-snapback-cap\/\"]}]},{\"@type\":\"ImageObject\",\"inLanguage\":\"fr-FR\",\"@id\":\"https:\/\/sumkcaps.com\/product\/sufox-23930-custom-3d-embroidered-six-panel-snapback-cap\/#primaryimage\",\"url\":\"https:\/\/sumkcaps.com\/wp-content\/uploads\/2022\/09\/custom_logo_6_panel_snapback_cap-1.jpg\",\"contentUrl\":\"https:\/\/sumkcaps.com\/wp-content\/uploads\/2022\/09\/custom_logo_6_panel_snapback_cap-1.jpg\",\"width\":800,\"height\":800},{\"@type\":\"BreadcrumbList\",\"@id\":\"https:\/\/sumkcaps.com\/product\/sufox-23930-custom-3d-embroidered-six-panel-snapback-cap\/#breadcrumb\",\"itemListElement\":[{\"@type\":\"ListItem\",\"position\":1,\"name\":\"Home\",\"item\":\"https:\/\/sumkcaps.com\/\"},{\"@type\":\"ListItem\",\"position\":2,\"name\":\"Products\",\"item\":\"https:\/\/sumkcaps.com\/product\/\"},{\"@type\":\"ListItem\",\"position\":3,\"name\":\"Sumkcaps 23930 Custom 3D Embroidered Six Panel Snapback Cap\"}]},{\"@type\":\"WebSite\",\"@id\":\"https:\/\/sumkcaps.com\/#website\",\"url\":\"https:\/\/sumkcaps.com\/\",\"name\":\"Sumkcaps-China Original Headwear Manufacturer and Suppliers\",\"description\":\"We are China Cap And Hat Original Factory, whose main business is to custom cap and hat as client&#039;s LOGO. Any cap style, any cap color, any qty, any material and qty is no problem. In one words, any small details can be customized as your request.\",\"publisher\":{\"@id\":\"https:\/\/sumkcaps.com\/#organization\"},\"potentialAction\":[{\"@type\":\"SearchAction\",\"target\":{\"@type\":\"EntryPoint\",\"urlTemplate\":\"https:\/\/sumkcaps.com\/?s={search_term_string}\"},\"query-input\":{\"@type\":\"PropertyValueSpecification\",\"valueRequired\":true,\"valueName\":\"search_term_string\"}}],\"inLanguage\":\"fr-FR\"},{\"@type\":\"Organization\",\"@id\":\"https:\/\/sumkcaps.com\/#organization\",\"name\":\"Sumkcaps-China Original Headwear Manufacturer and Suppliers\",\"url\":\"https:\/\/sumkcaps.com\/\",\"logo\":{\"@type\":\"ImageObject\",\"inLanguage\":\"fr-FR\",\"@id\":\"https:\/\/sumkcaps.com\/#\/schema\/logo\/image\/\",\"url\":\"https:\/\/sumkcaps.com\/wp-content\/uploads\/2025\/12\/1234.jpg\",\"contentUrl\":\"https:\/\/sumkcaps.com\/wp-content\/uploads\/2025\/12\/1234.jpg\",\"width\":800,\"height\":800,\"caption\":\"Sumkcaps-China Original Headwear Manufacturer and Suppliers\"},\"image\":{\"@id\":\"https:\/\/sumkcaps.com\/#\/schema\/logo\/image\/\"},\"sameAs\":[\"https:\/\/www.facebook.com\/sumkcap\",\"https:\/\/www.instagram.com\/sumkcaps7\/\",\"https:\/\/www.pinterest.com\/sumkcapschina\/\"]}]}<\/script>\n<!-- \/ Yoast SEO Premium plugin. -->","yoast_head_json":{"title":"Custom 3D Embroidered Snapback Cap | China Manufactuer","description":"Nous nous consacrons \u00e0 la fabrication de casquettes, de bonnets et de chapeaux \u00e0 godets personnalis\u00e9s de qualit\u00e9 sup\u00e9rieure. Ecussons disponibles. Nombreuses options personnalis\u00e9es. \u00c9conomisez votre budget 75% !","robots":{"index":"index","follow":"follow","max-snippet":"max-snippet:-1","max-image-preview":"max-image-preview:large","max-video-preview":"max-video-preview:-1"},"canonical":"https:\/\/sumkcaps.com\/fr\/produit\/sufox-23930-custom-3d-embroidered-six-panel-snapback-cap\/","og_locale":"fr_FR","og_type":"article","og_title":"Sumkcaps 23930 Custom 3D Embroidered Six Panel Snapback Cap - Sumkcaps","og_description":"We are dedicated to manufacturing Premium Custom Caps, beanies and bucket hats. Patches available. Many custom options. Save Your 75% Budget!","og_url":"https:\/\/sumkcaps.com\/fr\/produit\/sufox-23930-custom-3d-embroidered-six-panel-snapback-cap\/","og_site_name":"Sumkcaps-China Original Headwear Manufacturer and Suppliers","article_publisher":"https:\/\/www.facebook.com\/sumkcap","article_modified_time":"2026-04-03T01:58:31+00:00","og_image":[{"width":800,"height":800,"url":"https:\/\/sumkcaps.com\/wp-content\/uploads\/2022\/09\/custom_logo_6_panel_snapback_cap-1.jpg","type":"image\/jpeg"}],"twitter_card":"summary_large_image","twitter_misc":{"Dur\u00e9e de lecture estim\u00e9e":"2 minutes"},"schema":{"@context":"https:\/\/schema.org","@graph":[{"@type":"WebPage","@id":"https:\/\/sumkcaps.com\/product\/sufox-23930-custom-3d-embroidered-six-panel-snapback-cap\/","url":"https:\/\/sumkcaps.com\/product\/sufox-23930-custom-3d-embroidered-six-panel-snapback-cap\/","name":"Custom 3D Embroidered Snapback Cap | China Manufactuer","isPartOf":{"@id":"https:\/\/sumkcaps.com\/#website"},"primaryImageOfPage":{"@id":"https:\/\/sumkcaps.com\/product\/sufox-23930-custom-3d-embroidered-six-panel-snapback-cap\/#primaryimage"},"image":{"@id":"https:\/\/sumkcaps.com\/product\/sufox-23930-custom-3d-embroidered-six-panel-snapback-cap\/#primaryimage"},"thumbnailUrl":"https:\/\/sumkcaps.com\/wp-content\/uploads\/2022\/09\/custom_logo_6_panel_snapback_cap-1.jpg","datePublished":"2022-09-29T02:35:07+00:00","dateModified":"2026-04-03T01:58:31+00:00","description":"Nous nous consacrons \u00e0 la fabrication de casquettes, de bonnets et de chapeaux \u00e0 godets personnalis\u00e9s de qualit\u00e9 sup\u00e9rieure. Ecussons disponibles. Nombreuses options personnalis\u00e9es. \u00c9conomisez votre budget 75% !","breadcrumb":{"@id":"https:\/\/sumkcaps.com\/product\/sufox-23930-custom-3d-embroidered-six-panel-snapback-cap\/#breadcrumb"},"inLanguage":"fr-FR","potentialAction":[{"@type":"ReadAction","target":["https:\/\/sumkcaps.com\/product\/sufox-23930-custom-3d-embroidered-six-panel-snapback-cap\/"]}]},{"@type":"ImageObject","inLanguage":"fr-FR","@id":"https:\/\/sumkcaps.com\/product\/sufox-23930-custom-3d-embroidered-six-panel-snapback-cap\/#primaryimage","url":"https:\/\/sumkcaps.com\/wp-content\/uploads\/2022\/09\/custom_logo_6_panel_snapback_cap-1.jpg","contentUrl":"https:\/\/sumkcaps.com\/wp-content\/uploads\/2022\/09\/custom_logo_6_panel_snapback_cap-1.jpg","width":800,"height":800},{"@type":"BreadcrumbList","@id":"https:\/\/sumkcaps.com\/product\/sufox-23930-custom-3d-embroidered-six-panel-snapback-cap\/#breadcrumb","itemListElement":[{"@type":"ListItem","position":1,"name":"Home","item":"https:\/\/sumkcaps.com\/"},{"@type":"ListItem","position":2,"name":"Products","item":"https:\/\/sumkcaps.com\/product\/"},{"@type":"ListItem","position":3,"name":"Sumkcaps 23930 Custom 3D Embroidered Six Panel Snapback Cap"}]},{"@type":"WebSite","@id":"https:\/\/sumkcaps.com\/#website","url":"https:\/\/sumkcaps.com\/","name":"Sumkcaps - Fabricant et fournisseur chinois de couvre-chefs originaux","description":"Nous sommes une entreprise chinoise de fabrication de casquettes et de chapeaux, dont l'activit\u00e9 principale consiste \u00e0 personnaliser les casquettes et les chapeaux en fonction du LOGO du client. Tous les styles de casquettes, toutes les couleurs de casquettes, toutes les quantit\u00e9s, tous les mat\u00e9riaux et toutes les quantit\u00e9s ne posent aucun probl\u00e8me. En d'autres termes, tous les petits d\u00e9tails peuvent \u00eatre personnalis\u00e9s selon votre demande.","publisher":{"@id":"https:\/\/sumkcaps.com\/#organization"},"potentialAction":[{"@type":"SearchAction","target":{"@type":"EntryPoint","urlTemplate":"https:\/\/sumkcaps.com\/?s={search_term_string}"},"query-input":{"@type":"PropertyValueSpecification","valueRequired":true,"valueName":"search_term_string"}}],"inLanguage":"fr-FR"},{"@type":"Organization","@id":"https:\/\/sumkcaps.com\/#organization","name":"Sumkcaps - Fabricant et fournisseur chinois de couvre-chefs originaux","url":"https:\/\/sumkcaps.com\/","logo":{"@type":"ImageObject","inLanguage":"fr-FR","@id":"https:\/\/sumkcaps.com\/#\/schema\/logo\/image\/","url":"https:\/\/sumkcaps.com\/wp-content\/uploads\/2025\/12\/1234.jpg","contentUrl":"https:\/\/sumkcaps.com\/wp-content\/uploads\/2025\/12\/1234.jpg","width":800,"height":800,"caption":"Sumkcaps-China Original Headwear Manufacturer and Suppliers"},"image":{"@id":"https:\/\/sumkcaps.com\/#\/schema\/logo\/image\/"},"sameAs":["https:\/\/www.facebook.com\/sumkcap","https:\/\/www.instagram.com\/sumkcaps7\/","https:\/\/www.pinterest.com\/sumkcapschina\/"]}]}},"taxonomy_info":{"product_cat":[{"value":42,"label":"Snapback Hats Wholesale"}]},"featured_image_src_large":["https:\/\/sumkcaps.com\/wp-content\/uploads\/2022\/09\/custom_logo_6_panel_snapback_cap-1.jpg",800,800,false],"author_info":[],"comment_info":"","_links":{"self":[{"href":"https:\/\/sumkcaps.com\/fr\/wp-json\/wp\/v2\/product\/15851","targetHints":{"allow":["GET"]}}],"collection":[{"href":"https:\/\/sumkcaps.com\/fr\/wp-json\/wp\/v2\/product"}],"about":[{"href":"https:\/\/sumkcaps.com\/fr\/wp-json\/wp\/v2\/types\/product"}],"wp:featuredmedia":[{"embeddable":true,"href":"https:\/\/sumkcaps.com\/fr\/wp-json\/wp\/v2\/media\/15852"}],"wp:attachment":[{"href":"https:\/\/sumkcaps.com\/fr\/wp-json\/wp\/v2\/media?parent=15851"}],"wp:term":[{"taxonomy":"product_brand","embeddable":true,"href":"https:\/\/sumkcaps.com\/fr\/wp-json\/wp\/v2\/product_brand?post=15851"},{"taxonomy":"product_cat","embeddable":true,"href":"https:\/\/sumkcaps.com\/fr\/wp-json\/wp\/v2\/product_cat?post=15851"},{"taxonomy":"product_tag","embeddable":true,"href":"https:\/\/sumkcaps.com\/fr\/wp-json\/wp\/v2\/product_tag?post=15851"}],"curies":[{"name":"wp","href":"https:\/\/api.w.org\/{rel}","templated":true}]}}