{"id":15603,"date":"2022-09-25T00:06:55","date_gmt":"2022-09-24T16:06:55","guid":{"rendered":"https:\/\/sumkcaps.com\/?post_type=product&#038;p=15603"},"modified":"2024-05-08T14:35:28","modified_gmt":"2024-05-08T06:35:28","slug":"china-factory-custom-high-quality-camo-distressed-dad-hat","status":"publish","type":"product","link":"https:\/\/sumkcaps.com\/fr\/produit\/china-factory-custom-high-quality-camo-distressed-dad-hat\/","title":{"rendered":"Casquette personnalis\u00e9e de haute qualit\u00e9 Camo Distressed Dad Hat Wholesale"},"content":{"rendered":"","protected":false},"excerpt":{"rendered":"<p>La casquette de p\u00e8re \u00e0 6 panneaux est un style de casquette tr\u00e8s populaire, doux et confortable. La casquette peut \u00e9galement \u00eatre personnalis\u00e9e \u00e0 votre demande. Le logo, la taille, la couleur, etc. peuvent \u00eatre personnalis\u00e9s.<\/p>\n<p>Qualit\u00e9 sup\u00e9rieure ou qualit\u00e9 promotionnelle, tout est possible.<\/p>","protected":false},"featured_media":15598,"template":"","meta":{"_acf_changed":false,"_kad_blocks_custom_css":"","_kad_blocks_head_custom_js":"","_kad_blocks_body_custom_js":"","_kad_blocks_footer_custom_js":""},"product_brand":[],"product_cat":[695,955,952],"product_tag":[],"class_list":{"0":"post-15603","1":"product","2":"type-product","3":"status-publish","4":"has-post-thumbnail","6":"product_cat-dad-cap","7":"product_cat-camo-dad-hat-wholesale","8":"product_cat-custom-distressed-dad-hat-wholesale","10":"first","11":"outofstock","12":"shipping-taxable","13":"product-type-simple"},"acf":[],"yoast_head":"<!-- This site is optimized with the Yoast SEO Premium plugin v20.8 (Yoast SEO v25.9) - https:\/\/yoast.com\/wordpress\/plugins\/seo\/ -->\n<title>China Factory Custom High Quality Camo Distressed Dad Hat<\/title>\n<meta name=\"description\" content=\"We are able to Camo Distressed Dad Hat Supplier as your logo. 100pcs minimum, any material, any logo, any size, any color can be customized as your request.\" \/>\n<meta name=\"robots\" content=\"index, follow, max-snippet:-1, max-image-preview:large, max-video-preview:-1\" \/>\n<link rel=\"canonical\" href=\"https:\/\/sumkcaps.com\/fr\/produit\/china-factory-custom-high-quality-camo-distressed-dad-hat\/\" \/>\n<meta property=\"og:locale\" content=\"fr_FR\" \/>\n<meta property=\"og:type\" content=\"article\" \/>\n<meta property=\"og:title\" content=\"Custom High Quality Camo Distressed Dad Hat Wholesale - Sumkcaps\" \/>\n<meta property=\"og:description\" content=\"We are able to Camo Distressed Dad Hat Supplier as your logo. 100pcs minimum, any material, any logo, any size, any color can be customized as your request.\" \/>\n<meta property=\"og:url\" content=\"https:\/\/sumkcaps.com\/fr\/produit\/china-factory-custom-high-quality-camo-distressed-dad-hat\/\" \/>\n<meta property=\"og:site_name\" content=\"Sumkcaps-China Original Headwear Manufacturer and Suppliers\" \/>\n<meta property=\"article:publisher\" content=\"https:\/\/www.facebook.com\/sumkcap\" \/>\n<meta property=\"article:modified_time\" content=\"2024-05-08T06:35:28+00:00\" \/>\n<meta property=\"og:image\" content=\"https:\/\/sumkcaps.com\/wp-content\/uploads\/2022\/09\/camo_dad_hat-1.jpg\" \/>\n\t<meta property=\"og:image:width\" content=\"2044\" \/>\n\t<meta property=\"og:image:height\" content=\"1665\" \/>\n\t<meta property=\"og:image:type\" content=\"image\/jpeg\" \/>\n<meta name=\"twitter:card\" content=\"summary_large_image\" \/>\n<script type=\"application\/ld+json\" class=\"yoast-schema-graph\">{\"@context\":\"https:\/\/schema.org\",\"@graph\":[{\"@type\":\"WebPage\",\"@id\":\"https:\/\/sumkcaps.com\/product\/china-factory-custom-high-quality-camo-distressed-dad-hat\/\",\"url\":\"https:\/\/sumkcaps.com\/product\/china-factory-custom-high-quality-camo-distressed-dad-hat\/\",\"name\":\"China Factory Custom High Quality Camo Distressed Dad Hat\",\"isPartOf\":{\"@id\":\"https:\/\/sumkcaps.com\/#website\"},\"primaryImageOfPage\":{\"@id\":\"https:\/\/sumkcaps.com\/product\/china-factory-custom-high-quality-camo-distressed-dad-hat\/#primaryimage\"},\"image\":{\"@id\":\"https:\/\/sumkcaps.com\/product\/china-factory-custom-high-quality-camo-distressed-dad-hat\/#primaryimage\"},\"thumbnailUrl\":\"https:\/\/sumkcaps.com\/wp-content\/uploads\/2022\/09\/camo_dad_hat-1.jpg\",\"datePublished\":\"2022-09-24T16:06:55+00:00\",\"dateModified\":\"2024-05-08T06:35:28+00:00\",\"description\":\"We are able to Camo Distressed Dad Hat Supplier as your logo. 100pcs minimum, any material, any logo, any size, any color can be customized as your request.\",\"breadcrumb\":{\"@id\":\"https:\/\/sumkcaps.com\/product\/china-factory-custom-high-quality-camo-distressed-dad-hat\/#breadcrumb\"},\"inLanguage\":\"fr-FR\",\"potentialAction\":[{\"@type\":\"ReadAction\",\"target\":[\"https:\/\/sumkcaps.com\/product\/china-factory-custom-high-quality-camo-distressed-dad-hat\/\"]}]},{\"@type\":\"ImageObject\",\"inLanguage\":\"fr-FR\",\"@id\":\"https:\/\/sumkcaps.com\/product\/china-factory-custom-high-quality-camo-distressed-dad-hat\/#primaryimage\",\"url\":\"https:\/\/sumkcaps.com\/wp-content\/uploads\/2022\/09\/camo_dad_hat-1.jpg\",\"contentUrl\":\"https:\/\/sumkcaps.com\/wp-content\/uploads\/2022\/09\/camo_dad_hat-1.jpg\",\"width\":2044,\"height\":1665,\"caption\":\"Dad Hat\"},{\"@type\":\"BreadcrumbList\",\"@id\":\"https:\/\/sumkcaps.com\/product\/china-factory-custom-high-quality-camo-distressed-dad-hat\/#breadcrumb\",\"itemListElement\":[{\"@type\":\"ListItem\",\"position\":1,\"name\":\"Home\",\"item\":\"https:\/\/sumkcaps.com\/\"},{\"@type\":\"ListItem\",\"position\":2,\"name\":\"Products\",\"item\":\"https:\/\/sumkcaps.com\/product\/\"},{\"@type\":\"ListItem\",\"position\":3,\"name\":\"Custom High Quality Camo Distressed Dad Hat Wholesale\"}]},{\"@type\":\"WebSite\",\"@id\":\"https:\/\/sumkcaps.com\/#website\",\"url\":\"https:\/\/sumkcaps.com\/\",\"name\":\"Sumkcaps-China Original Headwear Manufacturer and Suppliers\",\"description\":\"We are China Cap And Hat Original Factory, whose main business is to custom cap and hat as client&#039;s LOGO. Any cap style, any cap color, any qty, any material and qty is no problem. In one words, any small details can be customized as your request.\",\"publisher\":{\"@id\":\"https:\/\/sumkcaps.com\/#organization\"},\"potentialAction\":[{\"@type\":\"SearchAction\",\"target\":{\"@type\":\"EntryPoint\",\"urlTemplate\":\"https:\/\/sumkcaps.com\/?s={search_term_string}\"},\"query-input\":{\"@type\":\"PropertyValueSpecification\",\"valueRequired\":true,\"valueName\":\"search_term_string\"}}],\"inLanguage\":\"fr-FR\"},{\"@type\":\"Organization\",\"@id\":\"https:\/\/sumkcaps.com\/#organization\",\"name\":\"Sumkcaps-China Original Headwear Manufacturer and Suppliers\",\"url\":\"https:\/\/sumkcaps.com\/\",\"logo\":{\"@type\":\"ImageObject\",\"inLanguage\":\"fr-FR\",\"@id\":\"https:\/\/sumkcaps.com\/#\/schema\/logo\/image\/\",\"url\":\"https:\/\/sumkcaps.com\/wp-content\/uploads\/2025\/12\/1234.jpg\",\"contentUrl\":\"https:\/\/sumkcaps.com\/wp-content\/uploads\/2025\/12\/1234.jpg\",\"width\":800,\"height\":800,\"caption\":\"Sumkcaps-China Original Headwear Manufacturer and Suppliers\"},\"image\":{\"@id\":\"https:\/\/sumkcaps.com\/#\/schema\/logo\/image\/\"},\"sameAs\":[\"https:\/\/www.facebook.com\/sumkcap\",\"https:\/\/www.instagram.com\/sumkcaps7\/\",\"https:\/\/www.pinterest.com\/sumkcapschina\/\"]}]}<\/script>\n<!-- \/ Yoast SEO Premium plugin. -->","yoast_head_json":{"title":"Chapeau Camo Distressed Dad Hat de haute qualit\u00e9, fabriqu\u00e9 en Chine","description":"Nous sommes en mesure de Camo Distressed Dad Hat Supplier comme votre logo. 100pcs minimum, tout mat\u00e9riau, tout logo, toute taille, toute couleur peuvent \u00eatre personnalis\u00e9s selon votre demande.","robots":{"index":"index","follow":"follow","max-snippet":"max-snippet:-1","max-image-preview":"max-image-preview:large","max-video-preview":"max-video-preview:-1"},"canonical":"https:\/\/sumkcaps.com\/fr\/produit\/china-factory-custom-high-quality-camo-distressed-dad-hat\/","og_locale":"fr_FR","og_type":"article","og_title":"Custom High Quality Camo Distressed Dad Hat Wholesale - Sumkcaps","og_description":"We are able to Camo Distressed Dad Hat Supplier as your logo. 100pcs minimum, any material, any logo, any size, any color can be customized as your request.","og_url":"https:\/\/sumkcaps.com\/fr\/produit\/china-factory-custom-high-quality-camo-distressed-dad-hat\/","og_site_name":"Sumkcaps-China Original Headwear Manufacturer and Suppliers","article_publisher":"https:\/\/www.facebook.com\/sumkcap","article_modified_time":"2024-05-08T06:35:28+00:00","og_image":[{"width":2044,"height":1665,"url":"https:\/\/sumkcaps.com\/wp-content\/uploads\/2022\/09\/camo_dad_hat-1.jpg","type":"image\/jpeg"}],"twitter_card":"summary_large_image","schema":{"@context":"https:\/\/schema.org","@graph":[{"@type":"WebPage","@id":"https:\/\/sumkcaps.com\/product\/china-factory-custom-high-quality-camo-distressed-dad-hat\/","url":"https:\/\/sumkcaps.com\/product\/china-factory-custom-high-quality-camo-distressed-dad-hat\/","name":"Chapeau Camo Distressed Dad Hat de haute qualit\u00e9, fabriqu\u00e9 en Chine","isPartOf":{"@id":"https:\/\/sumkcaps.com\/#website"},"primaryImageOfPage":{"@id":"https:\/\/sumkcaps.com\/product\/china-factory-custom-high-quality-camo-distressed-dad-hat\/#primaryimage"},"image":{"@id":"https:\/\/sumkcaps.com\/product\/china-factory-custom-high-quality-camo-distressed-dad-hat\/#primaryimage"},"thumbnailUrl":"https:\/\/sumkcaps.com\/wp-content\/uploads\/2022\/09\/camo_dad_hat-1.jpg","datePublished":"2022-09-24T16:06:55+00:00","dateModified":"2024-05-08T06:35:28+00:00","description":"Nous sommes en mesure de Camo Distressed Dad Hat Supplier comme votre logo. 100pcs minimum, tout mat\u00e9riau, tout logo, toute taille, toute couleur peuvent \u00eatre personnalis\u00e9s selon votre demande.","breadcrumb":{"@id":"https:\/\/sumkcaps.com\/product\/china-factory-custom-high-quality-camo-distressed-dad-hat\/#breadcrumb"},"inLanguage":"fr-FR","potentialAction":[{"@type":"ReadAction","target":["https:\/\/sumkcaps.com\/product\/china-factory-custom-high-quality-camo-distressed-dad-hat\/"]}]},{"@type":"ImageObject","inLanguage":"fr-FR","@id":"https:\/\/sumkcaps.com\/product\/china-factory-custom-high-quality-camo-distressed-dad-hat\/#primaryimage","url":"https:\/\/sumkcaps.com\/wp-content\/uploads\/2022\/09\/camo_dad_hat-1.jpg","contentUrl":"https:\/\/sumkcaps.com\/wp-content\/uploads\/2022\/09\/camo_dad_hat-1.jpg","width":2044,"height":1665,"caption":"Dad Hat"},{"@type":"BreadcrumbList","@id":"https:\/\/sumkcaps.com\/product\/china-factory-custom-high-quality-camo-distressed-dad-hat\/#breadcrumb","itemListElement":[{"@type":"ListItem","position":1,"name":"Home","item":"https:\/\/sumkcaps.com\/"},{"@type":"ListItem","position":2,"name":"Products","item":"https:\/\/sumkcaps.com\/product\/"},{"@type":"ListItem","position":3,"name":"Custom High Quality Camo Distressed Dad Hat Wholesale"}]},{"@type":"WebSite","@id":"https:\/\/sumkcaps.com\/#website","url":"https:\/\/sumkcaps.com\/","name":"Sumkcaps - Fabricant et fournisseur chinois de couvre-chefs originaux","description":"Nous sommes une entreprise chinoise de fabrication de casquettes et de chapeaux, dont l'activit\u00e9 principale consiste \u00e0 personnaliser les casquettes et les chapeaux en fonction du LOGO du client. Tous les styles de casquettes, toutes les couleurs de casquettes, toutes les quantit\u00e9s, tous les mat\u00e9riaux et toutes les quantit\u00e9s ne posent aucun probl\u00e8me. En d'autres termes, tous les petits d\u00e9tails peuvent \u00eatre personnalis\u00e9s selon votre demande.","publisher":{"@id":"https:\/\/sumkcaps.com\/#organization"},"potentialAction":[{"@type":"SearchAction","target":{"@type":"EntryPoint","urlTemplate":"https:\/\/sumkcaps.com\/?s={search_term_string}"},"query-input":{"@type":"PropertyValueSpecification","valueRequired":true,"valueName":"search_term_string"}}],"inLanguage":"fr-FR"},{"@type":"Organization","@id":"https:\/\/sumkcaps.com\/#organization","name":"Sumkcaps - Fabricant et fournisseur chinois de couvre-chefs originaux","url":"https:\/\/sumkcaps.com\/","logo":{"@type":"ImageObject","inLanguage":"fr-FR","@id":"https:\/\/sumkcaps.com\/#\/schema\/logo\/image\/","url":"https:\/\/sumkcaps.com\/wp-content\/uploads\/2025\/12\/1234.jpg","contentUrl":"https:\/\/sumkcaps.com\/wp-content\/uploads\/2025\/12\/1234.jpg","width":800,"height":800,"caption":"Sumkcaps-China Original Headwear Manufacturer and Suppliers"},"image":{"@id":"https:\/\/sumkcaps.com\/#\/schema\/logo\/image\/"},"sameAs":["https:\/\/www.facebook.com\/sumkcap","https:\/\/www.instagram.com\/sumkcaps7\/","https:\/\/www.pinterest.com\/sumkcapschina\/"]}]}},"taxonomy_info":{"product_cat":[{"value":695,"label":"Dad Hat Wholesale"},{"value":955,"label":"Camo Dad Hat Wholesale"},{"value":952,"label":"Distressed Dad Hat Wholesale"}]},"featured_image_src_large":["https:\/\/sumkcaps.com\/wp-content\/uploads\/2022\/09\/camo_dad_hat-1-1024x834.jpg",800,652,true],"author_info":[],"comment_info":"","_links":{"self":[{"href":"https:\/\/sumkcaps.com\/fr\/wp-json\/wp\/v2\/product\/15603","targetHints":{"allow":["GET"]}}],"collection":[{"href":"https:\/\/sumkcaps.com\/fr\/wp-json\/wp\/v2\/product"}],"about":[{"href":"https:\/\/sumkcaps.com\/fr\/wp-json\/wp\/v2\/types\/product"}],"wp:featuredmedia":[{"embeddable":true,"href":"https:\/\/sumkcaps.com\/fr\/wp-json\/wp\/v2\/media\/15598"}],"wp:attachment":[{"href":"https:\/\/sumkcaps.com\/fr\/wp-json\/wp\/v2\/media?parent=15603"}],"wp:term":[{"taxonomy":"product_brand","embeddable":true,"href":"https:\/\/sumkcaps.com\/fr\/wp-json\/wp\/v2\/product_brand?post=15603"},{"taxonomy":"product_cat","embeddable":true,"href":"https:\/\/sumkcaps.com\/fr\/wp-json\/wp\/v2\/product_cat?post=15603"},{"taxonomy":"product_tag","embeddable":true,"href":"https:\/\/sumkcaps.com\/fr\/wp-json\/wp\/v2\/product_tag?post=15603"}],"curies":[{"name":"wp","href":"https:\/\/api.w.org\/{rel}","templated":true}]}}