{"id":15584,"date":"2022-09-24T23:52:37","date_gmt":"2022-09-24T15:52:37","guid":{"rendered":"https:\/\/sumkcaps.com\/?post_type=product&#038;p=15584"},"modified":"2025-12-30T16:43:58","modified_gmt":"2025-12-30T08:43:58","slug":"custom-high-quality-distressed-dad-hat-supplier","status":"publish","type":"product","link":"https:\/\/sumkcaps.com\/fr\/produit\/fournisseur-de-casquettes-de-pere-de-famille-de-haute-qualite-et-personnalisees\/","title":{"rendered":"Casquette plate bordeaux personnalis\u00e9e avec broderie vieillie"},"content":{"rendered":"<div class=\"flex flex-col text-sm\">\n<article class=\"text-token-text-primary w-full focus:outline-none [--shadow-height:45px] has-data-writing-block:pointer-events-none has-data-writing-block:-mt-(--shadow-height) has-data-writing-block:pt-(--shadow-height) [&amp;:has([data-writing-block])&gt;*]:pointer-events-auto scroll-mt-[calc(var(--header-height)+min(200px,max(70px,20svh)))]\" dir=\"auto\" tabindex=\"-1\" data-turn-id=\"request-WEB:0bccb25d-486a-44f7-89a7-147dc36e6e4d-19\" data-testid=\"conversation-turn-40\" data-scroll-anchor=\"true\" data-turn=\"assistant\">\n<div class=\"text-base my-auto mx-auto pb-10 [--thread-content-margin:--spacing(4)] @w-sm\/main:[--thread-content-margin:--spacing(6)] @w-lg\/main:[--thread-content-margin:--spacing(16)] px-(--thread-content-margin)\">\n<div class=\"[--thread-content-max-width:40rem] @w-lg\/main:[--thread-content-max-width:48rem] mx-auto max-w-(--thread-content-max-width) flex-1 group\/turn-messages focus-visible:outline-hidden relative flex w-full min-w-0 flex-col agent-turn\" tabindex=\"-1\">\n<div class=\"flex max-w-full flex-col grow\">\n<div class=\"min-h-8 text-message relative flex w-full flex-col items-end gap-2 text-start break-words whitespace-normal [.text-message+&amp;]:mt-1\" dir=\"auto\" data-message-author-role=\"assistant\" data-message-id=\"12be7c67-45f3-47bb-bbd5-354780c69ea9\" data-message-model-slug=\"gpt-5-2\">\n<div class=\"flex w-full flex-col gap-1 empty:hidden first:pt-[1px]\">\n<div class=\"markdown prose dark:prose-invert w-full break-words light markdown-new-styling\">\n<h3 data-start=\"0\" data-end=\"16\">D\u00e9coration<\/h3>\n<p data-start=\"17\" data-end=\"345\">Cette casquette de p\u00e8re de famille est finie avec <strong data-start=\"47\" data-end=\"73\">broderie plate personnalis\u00e9e<\/strong>, La broderie \u00e0 plat permet d'obtenir une surface lisse et durable, ce qui est id\u00e9al pour les v\u00eatements de tous les jours, les articles de marque ou les articles promotionnels. La broderie \u00e0 plat garde la surface lisse et durable, ce qui en fait un produit id\u00e9al pour les v\u00eatements de tous les jours, les articles de marque ou les articles promotionnels, tout en conservant une apparence classique et intemporelle.<\/p>\n<h3 data-start=\"347\" data-end=\"358\">Couleur<\/h3>\n<p data-start=\"359\" data-end=\"631\">Pr\u00e9sent\u00e9 dans un <strong data-start=\"379\" data-end=\"397\">couleur bordeaux<\/strong>, Ce chapeau offre une inspiration vintage et un ton polyvalent qui s'associe facilement \u00e0 des tenues d\u00e9contract\u00e9es. En plus du bordeaux, la couleur peut \u00eatre <strong data-start=\"534\" data-end=\"554\">enti\u00e8rement personnalis\u00e9<\/strong> pour r\u00e9pondre aux lignes directrices de la marque, aux collections saisonni\u00e8res ou \u00e0 des concepts de design sp\u00e9cifiques.<\/p>\n<h3 data-start=\"633\" data-end=\"644\">Forme<\/h3>\n<p data-start=\"645\" data-end=\"889\">Avec un mod\u00e8le classique de <strong data-start=\"665\" data-end=\"682\">forme de chapeau de papa<\/strong>, Cette casquette est dot\u00e9e d'une couronne non structur\u00e9e qui donne une impression de d\u00e9contraction. Son profil bas repose naturellement sur la t\u00eate, ce qui la rend confortable et facile \u00e0 porter pour les looks quotidiens, d\u00e9contract\u00e9s ou streetwear.<\/p>\n<h3 data-start=\"891\" data-end=\"902\">Visi\u00e8re<\/h3>\n<p data-start=\"903\" data-end=\"1140\">Les <strong data-start=\"907\" data-end=\"927\">visi\u00e8re pr\u00e9-courb\u00e9e<\/strong> offre un confort imm\u00e9diat et une protection solaire fiable d\u00e8s la sortie de la bo\u00eete. Sa courbe naturelle rehausse l'esth\u00e9tique d\u00e9contract\u00e9e tout en conservant une forme \u00e9quilibr\u00e9e qui compl\u00e8te le design non structur\u00e9 de la casquette.<\/p>\n<h3 data-start=\"1142\" data-end=\"1158\">Taille<\/h3>\n<p data-start=\"1159\" data-end=\"1366\" data-is-last-node=\"\" data-is-only-node=\"\">Con\u00e7u avec un <strong data-start=\"1176\" data-end=\"1200\">Taille OSFM (7 - 7 3\/4)<\/strong>, Gr\u00e2ce \u00e0 sa forme, cette casquette s'adapte confortablement \u00e0 la plupart des tailles de t\u00eate. La construction r\u00e9glable assure un ajustement s\u00fbr mais d\u00e9contract\u00e9, ce qui permet \u00e0 un grand nombre de personnes de la porter.<\/p>\n<\/div>\n<\/div>\n<\/div>\n<\/div>\n<\/div>\n<\/div>\n<\/article>\n<\/div>","protected":false},"excerpt":{"rendered":"<div data-page-id=\"GYEtfTyrddocT5ctbEDcsBdJnQe\" data-lark-html-role=\"root\" data-docx-has-block-data=\"false\">\n<div class=\"ace-line ace-line old-record-id-MsJhfKwFcd7qOyc2tXqcDfyKnCd\">La casquette Custom Burgundy Flat Embroidery Distressed Dad Hat associe un style r\u00e9tro classique \u00e0 un design pratique, ce qui en fait un choix parfait pour une utilisation quotidienne et l'expression d'une marque. Fabriqu\u00e9 dans une teinte bordeaux profonde, il arbore un ton vintage et polyvalent qui s'associe sans effort \u00e0 diverses tenues d\u00e9contract\u00e9es. Il s'int\u00e8gre parfaitement aux sorties quotidiennes, aux activit\u00e9s de plein air et aux looks streetwear tout en mettant en valeur un go\u00fbt unique.<\/div>\n<\/div>","protected":false},"featured_media":33103,"template":"","meta":{"_acf_changed":false,"_kad_blocks_custom_css":"","_kad_blocks_head_custom_js":"","_kad_blocks_body_custom_js":"","_kad_blocks_footer_custom_js":""},"product_brand":[],"product_cat":[695,952],"product_tag":[],"class_list":{"0":"post-15584","1":"product","2":"type-product","3":"status-publish","4":"has-post-thumbnail","6":"product_cat-dad-cap","7":"product_cat-custom-distressed-dad-hat-wholesale","9":"first","10":"outofstock","11":"shipping-taxable","12":"product-type-simple"},"acf":[],"yoast_head":"<!-- This site is optimized with the Yoast SEO Premium plugin v20.8 (Yoast SEO v25.9) - https:\/\/yoast.com\/wordpress\/plugins\/seo\/ -->\n<title>Custom High Quality Distressed Dad Hat Wholesale<\/title>\n<meta name=\"description\" content=\"Custom Burgundy Distressed Dad Hat: classic retro style, deep burgundy hue, versatile for casual &amp; streetwear.\" \/>\n<meta name=\"robots\" content=\"index, follow, max-snippet:-1, max-image-preview:large, max-video-preview:-1\" \/>\n<link rel=\"canonical\" href=\"https:\/\/sumkcaps.com\/fr\/produit\/fournisseur-de-casquettes-de-pere-de-famille-de-haute-qualite-et-personnalisees\/\" \/>\n<meta property=\"og:locale\" content=\"fr_FR\" \/>\n<meta property=\"og:type\" content=\"article\" \/>\n<meta property=\"og:title\" content=\"Custom Burgundy Flat Embroidery Distressed Dad Hat - Sumkcaps\" \/>\n<meta property=\"og:description\" content=\"Custom Burgundy Distressed Dad Hat: classic retro style, deep burgundy hue, versatile for casual &amp; streetwear.\" \/>\n<meta property=\"og:url\" content=\"https:\/\/sumkcaps.com\/fr\/produit\/fournisseur-de-casquettes-de-pere-de-famille-de-haute-qualite-et-personnalisees\/\" \/>\n<meta property=\"og:site_name\" content=\"Sumkcaps-China Original Headwear Manufacturer and Suppliers\" \/>\n<meta property=\"article:publisher\" content=\"https:\/\/www.facebook.com\/sumkcap\" \/>\n<meta property=\"article:modified_time\" content=\"2025-12-30T08:43:58+00:00\" \/>\n<meta property=\"og:image\" content=\"https:\/\/sumkcaps.com\/wp-content\/uploads\/2022\/09\/Custom-Burgundy-Flat-Embroidery-Distressed-Dad-Hat.jpg\" \/>\n\t<meta property=\"og:image:width\" content=\"800\" \/>\n\t<meta property=\"og:image:height\" content=\"800\" \/>\n\t<meta property=\"og:image:type\" content=\"image\/jpeg\" \/>\n<meta name=\"twitter:card\" content=\"summary_large_image\" \/>\n<meta name=\"twitter:label1\" content=\"Dur\u00e9e de lecture estim\u00e9e\" \/>\n\t<meta name=\"twitter:data1\" content=\"2 minutes\" \/>\n<script type=\"application\/ld+json\" class=\"yoast-schema-graph\">{\"@context\":\"https:\/\/schema.org\",\"@graph\":[{\"@type\":\"WebPage\",\"@id\":\"https:\/\/sumkcaps.com\/product\/custom-high-quality-distressed-dad-hat-supplier\/\",\"url\":\"https:\/\/sumkcaps.com\/product\/custom-high-quality-distressed-dad-hat-supplier\/\",\"name\":\"Custom High Quality Distressed Dad Hat Wholesale\",\"isPartOf\":{\"@id\":\"https:\/\/sumkcaps.com\/#website\"},\"primaryImageOfPage\":{\"@id\":\"https:\/\/sumkcaps.com\/product\/custom-high-quality-distressed-dad-hat-supplier\/#primaryimage\"},\"image\":{\"@id\":\"https:\/\/sumkcaps.com\/product\/custom-high-quality-distressed-dad-hat-supplier\/#primaryimage\"},\"thumbnailUrl\":\"https:\/\/sumkcaps.com\/wp-content\/uploads\/2022\/09\/Custom-Burgundy-Flat-Embroidery-Distressed-Dad-Hat.jpg\",\"datePublished\":\"2022-09-24T15:52:37+00:00\",\"dateModified\":\"2025-12-30T08:43:58+00:00\",\"description\":\"Custom Burgundy Distressed Dad Hat: classic retro style, deep burgundy hue, versatile for casual & streetwear.\",\"breadcrumb\":{\"@id\":\"https:\/\/sumkcaps.com\/product\/custom-high-quality-distressed-dad-hat-supplier\/#breadcrumb\"},\"inLanguage\":\"fr-FR\",\"potentialAction\":[{\"@type\":\"ReadAction\",\"target\":[\"https:\/\/sumkcaps.com\/product\/custom-high-quality-distressed-dad-hat-supplier\/\"]}]},{\"@type\":\"ImageObject\",\"inLanguage\":\"fr-FR\",\"@id\":\"https:\/\/sumkcaps.com\/product\/custom-high-quality-distressed-dad-hat-supplier\/#primaryimage\",\"url\":\"https:\/\/sumkcaps.com\/wp-content\/uploads\/2022\/09\/Custom-Burgundy-Flat-Embroidery-Distressed-Dad-Hat.jpg\",\"contentUrl\":\"https:\/\/sumkcaps.com\/wp-content\/uploads\/2022\/09\/Custom-Burgundy-Flat-Embroidery-Distressed-Dad-Hat.jpg\",\"width\":800,\"height\":800,\"caption\":\"Custom Burgundy Flat Embroidery Distressed Dad Hat\"},{\"@type\":\"BreadcrumbList\",\"@id\":\"https:\/\/sumkcaps.com\/product\/custom-high-quality-distressed-dad-hat-supplier\/#breadcrumb\",\"itemListElement\":[{\"@type\":\"ListItem\",\"position\":1,\"name\":\"Home\",\"item\":\"https:\/\/sumkcaps.com\/\"},{\"@type\":\"ListItem\",\"position\":2,\"name\":\"Products\",\"item\":\"https:\/\/sumkcaps.com\/product\/\"},{\"@type\":\"ListItem\",\"position\":3,\"name\":\"Custom Burgundy Flat Embroidery Distressed Dad Hat\"}]},{\"@type\":\"WebSite\",\"@id\":\"https:\/\/sumkcaps.com\/#website\",\"url\":\"https:\/\/sumkcaps.com\/\",\"name\":\"Sumkcaps-China Original Headwear Manufacturer and Suppliers\",\"description\":\"We are China Cap And Hat Original Factory, whose main business is to custom cap and hat as client&#039;s LOGO. Any cap style, any cap color, any qty, any material and qty is no problem. In one words, any small details can be customized as your request.\",\"publisher\":{\"@id\":\"https:\/\/sumkcaps.com\/#organization\"},\"potentialAction\":[{\"@type\":\"SearchAction\",\"target\":{\"@type\":\"EntryPoint\",\"urlTemplate\":\"https:\/\/sumkcaps.com\/?s={search_term_string}\"},\"query-input\":{\"@type\":\"PropertyValueSpecification\",\"valueRequired\":true,\"valueName\":\"search_term_string\"}}],\"inLanguage\":\"fr-FR\"},{\"@type\":\"Organization\",\"@id\":\"https:\/\/sumkcaps.com\/#organization\",\"name\":\"Sumkcaps-China Original Headwear Manufacturer and Suppliers\",\"url\":\"https:\/\/sumkcaps.com\/\",\"logo\":{\"@type\":\"ImageObject\",\"inLanguage\":\"fr-FR\",\"@id\":\"https:\/\/sumkcaps.com\/#\/schema\/logo\/image\/\",\"url\":\"https:\/\/sumkcaps.com\/wp-content\/uploads\/2025\/12\/1234.jpg\",\"contentUrl\":\"https:\/\/sumkcaps.com\/wp-content\/uploads\/2025\/12\/1234.jpg\",\"width\":800,\"height\":800,\"caption\":\"Sumkcaps-China Original Headwear Manufacturer and Suppliers\"},\"image\":{\"@id\":\"https:\/\/sumkcaps.com\/#\/schema\/logo\/image\/\"},\"sameAs\":[\"https:\/\/www.facebook.com\/sumkcap\",\"https:\/\/www.instagram.com\/sumkcaps7\/\",\"https:\/\/www.pinterest.com\/sumkcapschina\/\"]}]}<\/script>\n<!-- \/ Yoast SEO Premium plugin. -->","yoast_head_json":{"title":"Chapeau de p\u00e8re personnalis\u00e9 de haute qualit\u00e9 Wholesale","description":"Chapeau de p\u00e8re de famille personnalis\u00e9 en bourgogne : style r\u00e9tro classique, teinte bordeaux profonde, polyvalent pour les tenues d\u00e9contract\u00e9es et les v\u00eatements de ville.","robots":{"index":"index","follow":"follow","max-snippet":"max-snippet:-1","max-image-preview":"max-image-preview:large","max-video-preview":"max-video-preview:-1"},"canonical":"https:\/\/sumkcaps.com\/fr\/produit\/fournisseur-de-casquettes-de-pere-de-famille-de-haute-qualite-et-personnalisees\/","og_locale":"fr_FR","og_type":"article","og_title":"Custom Burgundy Flat Embroidery Distressed Dad Hat - Sumkcaps","og_description":"Custom Burgundy Distressed Dad Hat: classic retro style, deep burgundy hue, versatile for casual & streetwear.","og_url":"https:\/\/sumkcaps.com\/fr\/produit\/fournisseur-de-casquettes-de-pere-de-famille-de-haute-qualite-et-personnalisees\/","og_site_name":"Sumkcaps-China Original Headwear Manufacturer and Suppliers","article_publisher":"https:\/\/www.facebook.com\/sumkcap","article_modified_time":"2025-12-30T08:43:58+00:00","og_image":[{"width":800,"height":800,"url":"https:\/\/sumkcaps.com\/wp-content\/uploads\/2022\/09\/Custom-Burgundy-Flat-Embroidery-Distressed-Dad-Hat.jpg","type":"image\/jpeg"}],"twitter_card":"summary_large_image","twitter_misc":{"Dur\u00e9e de lecture estim\u00e9e":"2 minutes"},"schema":{"@context":"https:\/\/schema.org","@graph":[{"@type":"WebPage","@id":"https:\/\/sumkcaps.com\/product\/custom-high-quality-distressed-dad-hat-supplier\/","url":"https:\/\/sumkcaps.com\/product\/custom-high-quality-distressed-dad-hat-supplier\/","name":"Chapeau de p\u00e8re personnalis\u00e9 de haute qualit\u00e9 Wholesale","isPartOf":{"@id":"https:\/\/sumkcaps.com\/#website"},"primaryImageOfPage":{"@id":"https:\/\/sumkcaps.com\/product\/custom-high-quality-distressed-dad-hat-supplier\/#primaryimage"},"image":{"@id":"https:\/\/sumkcaps.com\/product\/custom-high-quality-distressed-dad-hat-supplier\/#primaryimage"},"thumbnailUrl":"https:\/\/sumkcaps.com\/wp-content\/uploads\/2022\/09\/Custom-Burgundy-Flat-Embroidery-Distressed-Dad-Hat.jpg","datePublished":"2022-09-24T15:52:37+00:00","dateModified":"2025-12-30T08:43:58+00:00","description":"Chapeau de p\u00e8re de famille personnalis\u00e9 en bourgogne : style r\u00e9tro classique, teinte bordeaux profonde, polyvalent pour les tenues d\u00e9contract\u00e9es et les v\u00eatements de ville.","breadcrumb":{"@id":"https:\/\/sumkcaps.com\/product\/custom-high-quality-distressed-dad-hat-supplier\/#breadcrumb"},"inLanguage":"fr-FR","potentialAction":[{"@type":"ReadAction","target":["https:\/\/sumkcaps.com\/product\/custom-high-quality-distressed-dad-hat-supplier\/"]}]},{"@type":"ImageObject","inLanguage":"fr-FR","@id":"https:\/\/sumkcaps.com\/product\/custom-high-quality-distressed-dad-hat-supplier\/#primaryimage","url":"https:\/\/sumkcaps.com\/wp-content\/uploads\/2022\/09\/Custom-Burgundy-Flat-Embroidery-Distressed-Dad-Hat.jpg","contentUrl":"https:\/\/sumkcaps.com\/wp-content\/uploads\/2022\/09\/Custom-Burgundy-Flat-Embroidery-Distressed-Dad-Hat.jpg","width":800,"height":800,"caption":"Custom Burgundy Flat Embroidery Distressed Dad Hat"},{"@type":"BreadcrumbList","@id":"https:\/\/sumkcaps.com\/product\/custom-high-quality-distressed-dad-hat-supplier\/#breadcrumb","itemListElement":[{"@type":"ListItem","position":1,"name":"Home","item":"https:\/\/sumkcaps.com\/"},{"@type":"ListItem","position":2,"name":"Products","item":"https:\/\/sumkcaps.com\/product\/"},{"@type":"ListItem","position":3,"name":"Custom Burgundy Flat Embroidery Distressed Dad Hat"}]},{"@type":"WebSite","@id":"https:\/\/sumkcaps.com\/#website","url":"https:\/\/sumkcaps.com\/","name":"Sumkcaps - Fabricant et fournisseur chinois de couvre-chefs originaux","description":"Nous sommes une entreprise chinoise de fabrication de casquettes et de chapeaux, dont l'activit\u00e9 principale consiste \u00e0 personnaliser les casquettes et les chapeaux en fonction du LOGO du client. Tous les styles de casquettes, toutes les couleurs de casquettes, toutes les quantit\u00e9s, tous les mat\u00e9riaux et toutes les quantit\u00e9s ne posent aucun probl\u00e8me. En d'autres termes, tous les petits d\u00e9tails peuvent \u00eatre personnalis\u00e9s selon votre demande.","publisher":{"@id":"https:\/\/sumkcaps.com\/#organization"},"potentialAction":[{"@type":"SearchAction","target":{"@type":"EntryPoint","urlTemplate":"https:\/\/sumkcaps.com\/?s={search_term_string}"},"query-input":{"@type":"PropertyValueSpecification","valueRequired":true,"valueName":"search_term_string"}}],"inLanguage":"fr-FR"},{"@type":"Organization","@id":"https:\/\/sumkcaps.com\/#organization","name":"Sumkcaps - Fabricant et fournisseur chinois de couvre-chefs originaux","url":"https:\/\/sumkcaps.com\/","logo":{"@type":"ImageObject","inLanguage":"fr-FR","@id":"https:\/\/sumkcaps.com\/#\/schema\/logo\/image\/","url":"https:\/\/sumkcaps.com\/wp-content\/uploads\/2025\/12\/1234.jpg","contentUrl":"https:\/\/sumkcaps.com\/wp-content\/uploads\/2025\/12\/1234.jpg","width":800,"height":800,"caption":"Sumkcaps-China Original Headwear Manufacturer and Suppliers"},"image":{"@id":"https:\/\/sumkcaps.com\/#\/schema\/logo\/image\/"},"sameAs":["https:\/\/www.facebook.com\/sumkcap","https:\/\/www.instagram.com\/sumkcaps7\/","https:\/\/www.pinterest.com\/sumkcapschina\/"]}]}},"taxonomy_info":{"product_cat":[{"value":695,"label":"Dad Hat Wholesale"},{"value":952,"label":"Distressed Dad Hat Wholesale"}]},"featured_image_src_large":["https:\/\/sumkcaps.com\/wp-content\/uploads\/2022\/09\/Custom-Burgundy-Flat-Embroidery-Distressed-Dad-Hat.jpg",800,800,false],"author_info":[],"comment_info":"","_links":{"self":[{"href":"https:\/\/sumkcaps.com\/fr\/wp-json\/wp\/v2\/product\/15584","targetHints":{"allow":["GET"]}}],"collection":[{"href":"https:\/\/sumkcaps.com\/fr\/wp-json\/wp\/v2\/product"}],"about":[{"href":"https:\/\/sumkcaps.com\/fr\/wp-json\/wp\/v2\/types\/product"}],"wp:featuredmedia":[{"embeddable":true,"href":"https:\/\/sumkcaps.com\/fr\/wp-json\/wp\/v2\/media\/33103"}],"wp:attachment":[{"href":"https:\/\/sumkcaps.com\/fr\/wp-json\/wp\/v2\/media?parent=15584"}],"wp:term":[{"taxonomy":"product_brand","embeddable":true,"href":"https:\/\/sumkcaps.com\/fr\/wp-json\/wp\/v2\/product_brand?post=15584"},{"taxonomy":"product_cat","embeddable":true,"href":"https:\/\/sumkcaps.com\/fr\/wp-json\/wp\/v2\/product_cat?post=15584"},{"taxonomy":"product_tag","embeddable":true,"href":"https:\/\/sumkcaps.com\/fr\/wp-json\/wp\/v2\/product_tag?post=15584"}],"curies":[{"name":"wp","href":"https:\/\/api.w.org\/{rel}","templated":true}]}}