{"id":14893,"date":"2022-09-19T14:34:22","date_gmt":"2022-09-19T06:34:22","guid":{"rendered":"https:\/\/sumkcaps.com\/?post_type=product&#038;p=14893"},"modified":"2025-07-09T17:34:15","modified_gmt":"2025-07-09T09:34:15","slug":"sufox-2910-custom-printed-logo-leather-closure-five-panel-hat","status":"publish","type":"product","link":"https:\/\/sumkcaps.com\/fr\/produit\/sufox-2910-logo-imprime-personnalise-fermeture-en-cuir-chapeau-cinq-panneaux\/","title":{"rendered":"Sumkcaps 2910 Custom Printed Logo Leather Closure Five Panel Hat"},"content":{"rendered":"<h2 data-start=\"784\" data-end=\"839\"><strong data-start=\"790\" data-end=\"839\">Structure : Cinq panneaux pour un style moderne<\/strong><\/h2>\n<p data-start=\"840\" data-end=\"1108\">Les <strong data-start=\"844\" data-end=\"869\">silhouette \u00e0 cinq panneaux<\/strong> offre un panneau frontal plat et sans couture, id\u00e9al pour les logos imprim\u00e9s en grand et en gras. Sa coupe structur\u00e9e mais discr\u00e8te s\u00e9duit les march\u00e9s du streetwear, du surf\/skate et de l'outdoor, offrant un look polyvalent qui convient aussi bien \u00e0 la mode d\u00e9contract\u00e9e qu'\u00e0 la mode haut de gamme.<\/p>\n<h2 data-start=\"1110\" data-end=\"1165\"><strong data-start=\"1116\" data-end=\"1165\">D\u00e9coration : Logos imprim\u00e9s personnalis\u00e9s de haute qualit\u00e9<\/strong><\/h2>\n<p data-start=\"1166\" data-end=\"1380\">L'impression de logos personnalis\u00e9s permet de mettre en valeur votre conception avec des d\u00e9tails pr\u00e9cis et \u00e9clatants. L'impression est id\u00e9ale pour les logos complexes, les \u0153uvres d'art en couleur ou les graphiques de marque cr\u00e9atifs, donnant \u00e0 votre chapeau un aspect audacieux et professionnel.<\/p>\n<h2 data-start=\"1166\" data-end=\"1380\"><strong data-start=\"1388\" data-end=\"1449\">Mati\u00e8re : M\u00e9lange polyester\/coton pour le confort et la durabilit\u00e9<\/strong><\/h2>\n<p data-start=\"1450\" data-end=\"1671\">Fabriqu\u00e9 \u00e0 partir d'un <strong data-start=\"1462\" data-end=\"1488\">m\u00e9lange polyester\/coton<\/strong>Ce chapeau offre un \u00e9quilibre parfait entre structure et douceur. Le polyester assure la durabilit\u00e9 et la solidit\u00e9 des couleurs, tandis que le coton garantit la respirabilit\u00e9 et le confort pour une utilisation tout au long de la journ\u00e9e.<\/p>\n<h2 data-start=\"1673\" data-end=\"1736\"><strong data-start=\"1679\" data-end=\"1736\">Fermeture : Courroie en cuir r\u00e9glable pour une touche haut de gamme<\/strong><\/h2>\n<p data-start=\"1737\" data-end=\"1953\">Les <strong data-start=\"1741\" data-end=\"1784\">bracelet en cuir v\u00e9ritable avec boucle en m\u00e9tal<\/strong> permet non seulement d'ajuster la taille, mais aussi d'ajouter une touche raffin\u00e9e et haut de gamme. Cette fermeture haut de gamme diff\u00e9rencie le chapeau des boutons-pression standard ou des fermetures auto-agrippantes.<\/p>\n<h2 data-start=\"1955\" data-end=\"2000\"><strong data-start=\"1961\" data-end=\"2000\">Visi\u00e8re : Pr\u00e9-courb\u00e9e pour un ajustement d\u00e9contract\u00e9<\/strong><\/h2>\n<p data-start=\"2001\" data-end=\"2149\">Les <strong data-start=\"2005\" data-end=\"2025\">visi\u00e8re pr\u00e9-courb\u00e9e<\/strong> offre un look pr\u00eat-\u00e0-porter et d\u00e9contract\u00e9, ce qui rend ce chapeau id\u00e9al pour les collections de style de vie, les promotions en plein air et les v\u00eatements d'\u00e9quipe.<\/p>\n<h2 data-start=\"2151\" data-end=\"2186\"><strong data-start=\"2157\" data-end=\"2186\">Couleur : Enti\u00e8rement personnalisable<\/strong><\/h2>\n<p data-start=\"2187\" data-end=\"2333\">La couleur de base du chapeau et les motifs imprim\u00e9s peuvent \u00eatre enti\u00e8rement personnalis\u00e9s pour correspondre \u00e0 la palette de couleurs de votre marque ou \u00e0 votre style saisonnier.<\/p>\n<h2 data-start=\"2335\" data-end=\"2378\"><strong data-start=\"2341\" data-end=\"2378\">MOQ : 200 pi\u00e8ces par mod\u00e8le et par couleur<\/strong><\/h2>\n<p data-start=\"2379\" data-end=\"2526\">Avec un <strong data-start=\"2386\" data-end=\"2426\">quantit\u00e9 minimale de commande de 200 pi\u00e8ces<\/strong>Ce chapeau est accessible aux marques \u00e9mergentes, aux petits d\u00e9taillants et aux promotions d'entreprise.<\/p>\n<h2 data-start=\"2528\" data-end=\"2575\"><strong data-start=\"2534\" data-end=\"2575\">Service : Fabrication compl\u00e8te OEM et ODM<\/strong><\/h2>\n<p data-start=\"2576\" data-end=\"2744\">Sumkcaps offre un service complet <strong data-start=\"2601\" data-end=\"2623\">Services OEM et ODM<\/strong>Les marques peuvent ainsi cr\u00e9er des mod\u00e8les originaux, ajuster les sp\u00e9cifications des produits et augmenter la production pour r\u00e9pondre aux demandes du march\u00e9.<\/p>","protected":false},"excerpt":{"rendered":"<p>Sumkcaps 2910 Custom Printed Logo Leather Closure Five Panel Hat est l'un des styles de casquettes les plus populaires, l\u00e9ger et respirant. Chapeau parfait pour votre petite entreprise, votre \u00e9quipe sportive, un \u00e9v\u00e9nement sp\u00e9cial, etc. Changez facilement votre propre logo.<\/p>","protected":false},"featured_media":14894,"template":"","meta":{"_acf_changed":false,"_kad_blocks_custom_css":"","_kad_blocks_head_custom_js":"","_kad_blocks_body_custom_js":"","_kad_blocks_footer_custom_js":""},"product_brand":[],"product_cat":[60],"product_tag":[],"class_list":{"0":"post-14893","1":"product","2":"type-product","3":"status-publish","4":"has-post-thumbnail","6":"product_cat-5-panel-hat","8":"first","9":"outofstock","10":"shipping-taxable","11":"product-type-simple"},"acf":[],"yoast_head":"<!-- This site is optimized with the Yoast SEO Premium plugin v20.8 (Yoast SEO v25.9) - https:\/\/yoast.com\/wordpress\/plugins\/seo\/ -->\n<title>Custom Printed Logo Five Panel Hat | China Manufactuer<\/title>\n<meta name=\"description\" content=\"Leading Manufacturer For Headwear, Orders From Factory Directly And Save Your 75% Budget! Add Your Logo or Custom Design Online. Expert Service.\" \/>\n<meta name=\"robots\" content=\"index, follow, max-snippet:-1, max-image-preview:large, max-video-preview:-1\" \/>\n<link rel=\"canonical\" href=\"https:\/\/sumkcaps.com\/fr\/produit\/sufox-2910-logo-imprime-personnalise-fermeture-en-cuir-chapeau-cinq-panneaux\/\" \/>\n<meta property=\"og:locale\" content=\"fr_FR\" \/>\n<meta property=\"og:type\" content=\"article\" \/>\n<meta property=\"og:title\" content=\"Sumkcaps 2910 Custom Printed Logo Leather Closure Five Panel Hat - Sumkcaps\" \/>\n<meta property=\"og:description\" content=\"Leading Manufacturer For Headwear, Orders From Factory Directly And Save Your 75% Budget! Add Your Logo or Custom Design Online. Expert Service.\" \/>\n<meta property=\"og:url\" content=\"https:\/\/sumkcaps.com\/fr\/produit\/sufox-2910-logo-imprime-personnalise-fermeture-en-cuir-chapeau-cinq-panneaux\/\" \/>\n<meta property=\"og:site_name\" content=\"Sumkcaps-China Original Headwear Manufacturer and Suppliers\" \/>\n<meta property=\"article:publisher\" content=\"https:\/\/www.facebook.com\/sumkcap\" \/>\n<meta property=\"article:modified_time\" content=\"2025-07-09T09:34:15+00:00\" \/>\n<meta property=\"og:image\" content=\"https:\/\/sumkcaps.com\/wp-content\/uploads\/2022\/09\/5_panel_caps_hats-4.jpg\" \/>\n\t<meta property=\"og:image:width\" content=\"1000\" \/>\n\t<meta property=\"og:image:height\" content=\"1000\" \/>\n\t<meta property=\"og:image:type\" content=\"image\/jpeg\" \/>\n<meta name=\"twitter:card\" content=\"summary_large_image\" \/>\n<meta name=\"twitter:label1\" content=\"Dur\u00e9e de lecture estim\u00e9e\" \/>\n\t<meta name=\"twitter:data1\" content=\"2 minutes\" \/>\n<script type=\"application\/ld+json\" class=\"yoast-schema-graph\">{\"@context\":\"https:\/\/schema.org\",\"@graph\":[{\"@type\":\"WebPage\",\"@id\":\"https:\/\/sumkcaps.com\/product\/sufox-2910-custom-printed-logo-leather-closure-five-panel-hat\/\",\"url\":\"https:\/\/sumkcaps.com\/product\/sufox-2910-custom-printed-logo-leather-closure-five-panel-hat\/\",\"name\":\"Custom Printed Logo Five Panel Hat | China Manufactuer\",\"isPartOf\":{\"@id\":\"https:\/\/sumkcaps.com\/#website\"},\"primaryImageOfPage\":{\"@id\":\"https:\/\/sumkcaps.com\/product\/sufox-2910-custom-printed-logo-leather-closure-five-panel-hat\/#primaryimage\"},\"image\":{\"@id\":\"https:\/\/sumkcaps.com\/product\/sufox-2910-custom-printed-logo-leather-closure-five-panel-hat\/#primaryimage\"},\"thumbnailUrl\":\"https:\/\/sumkcaps.com\/wp-content\/uploads\/2022\/09\/5_panel_caps_hats-4.jpg\",\"datePublished\":\"2022-09-19T06:34:22+00:00\",\"dateModified\":\"2025-07-09T09:34:15+00:00\",\"description\":\"Leading Manufacturer For Headwear, Orders From Factory Directly And Save Your 75% Budget! Add Your Logo or Custom Design Online. Expert Service.\",\"breadcrumb\":{\"@id\":\"https:\/\/sumkcaps.com\/product\/sufox-2910-custom-printed-logo-leather-closure-five-panel-hat\/#breadcrumb\"},\"inLanguage\":\"fr-FR\",\"potentialAction\":[{\"@type\":\"ReadAction\",\"target\":[\"https:\/\/sumkcaps.com\/product\/sufox-2910-custom-printed-logo-leather-closure-five-panel-hat\/\"]}]},{\"@type\":\"ImageObject\",\"inLanguage\":\"fr-FR\",\"@id\":\"https:\/\/sumkcaps.com\/product\/sufox-2910-custom-printed-logo-leather-closure-five-panel-hat\/#primaryimage\",\"url\":\"https:\/\/sumkcaps.com\/wp-content\/uploads\/2022\/09\/5_panel_caps_hats-4.jpg\",\"contentUrl\":\"https:\/\/sumkcaps.com\/wp-content\/uploads\/2022\/09\/5_panel_caps_hats-4.jpg\",\"width\":1000,\"height\":1000,\"caption\":\"Custom 5 panel camp hat\"},{\"@type\":\"BreadcrumbList\",\"@id\":\"https:\/\/sumkcaps.com\/product\/sufox-2910-custom-printed-logo-leather-closure-five-panel-hat\/#breadcrumb\",\"itemListElement\":[{\"@type\":\"ListItem\",\"position\":1,\"name\":\"Home\",\"item\":\"https:\/\/sumkcaps.com\/\"},{\"@type\":\"ListItem\",\"position\":2,\"name\":\"Products\",\"item\":\"https:\/\/sumkcaps.com\/product\/\"},{\"@type\":\"ListItem\",\"position\":3,\"name\":\"Sumkcaps 2910 Custom Printed Logo Leather Closure Five Panel Hat\"}]},{\"@type\":\"WebSite\",\"@id\":\"https:\/\/sumkcaps.com\/#website\",\"url\":\"https:\/\/sumkcaps.com\/\",\"name\":\"Sumkcaps-China Original Headwear Manufacturer and Suppliers\",\"description\":\"We are China Cap And Hat Original Factory, whose main business is to custom cap and hat as client&#039;s LOGO. Any cap style, any cap color, any qty, any material and qty is no problem. In one words, any small details can be customized as your request.\",\"publisher\":{\"@id\":\"https:\/\/sumkcaps.com\/#organization\"},\"potentialAction\":[{\"@type\":\"SearchAction\",\"target\":{\"@type\":\"EntryPoint\",\"urlTemplate\":\"https:\/\/sumkcaps.com\/?s={search_term_string}\"},\"query-input\":{\"@type\":\"PropertyValueSpecification\",\"valueRequired\":true,\"valueName\":\"search_term_string\"}}],\"inLanguage\":\"fr-FR\"},{\"@type\":\"Organization\",\"@id\":\"https:\/\/sumkcaps.com\/#organization\",\"name\":\"Sumkcaps-China Original Headwear Manufacturer and Suppliers\",\"url\":\"https:\/\/sumkcaps.com\/\",\"logo\":{\"@type\":\"ImageObject\",\"inLanguage\":\"fr-FR\",\"@id\":\"https:\/\/sumkcaps.com\/#\/schema\/logo\/image\/\",\"url\":\"https:\/\/sumkcaps.com\/wp-content\/uploads\/2025\/12\/1234.jpg\",\"contentUrl\":\"https:\/\/sumkcaps.com\/wp-content\/uploads\/2025\/12\/1234.jpg\",\"width\":800,\"height\":800,\"caption\":\"Sumkcaps-China Original Headwear Manufacturer and Suppliers\"},\"image\":{\"@id\":\"https:\/\/sumkcaps.com\/#\/schema\/logo\/image\/\"},\"sameAs\":[\"https:\/\/www.facebook.com\/sumkcap\",\"https:\/\/www.instagram.com\/sumkcaps7\/\",\"https:\/\/www.pinterest.com\/sumkcapschina\/\"]}]}<\/script>\n<!-- \/ Yoast SEO Premium plugin. -->","yoast_head_json":{"title":"Chapeau \u00e0 cinq panneaux avec logo imprim\u00e9 sur mesure | Fabricant chinois","description":"Fabricant leader de couvre-chefs, commandez directement \u00e0 l'usine et \u00e9conomisez votre budget 75% ! Ajoutez votre logo ou un design personnalis\u00e9 en ligne. Service d'expert.","robots":{"index":"index","follow":"follow","max-snippet":"max-snippet:-1","max-image-preview":"max-image-preview:large","max-video-preview":"max-video-preview:-1"},"canonical":"https:\/\/sumkcaps.com\/fr\/produit\/sufox-2910-logo-imprime-personnalise-fermeture-en-cuir-chapeau-cinq-panneaux\/","og_locale":"fr_FR","og_type":"article","og_title":"Sumkcaps 2910 Custom Printed Logo Leather Closure Five Panel Hat - Sumkcaps","og_description":"Leading Manufacturer For Headwear, Orders From Factory Directly And Save Your 75% Budget! Add Your Logo or Custom Design Online. Expert Service.","og_url":"https:\/\/sumkcaps.com\/fr\/produit\/sufox-2910-logo-imprime-personnalise-fermeture-en-cuir-chapeau-cinq-panneaux\/","og_site_name":"Sumkcaps-China Original Headwear Manufacturer and Suppliers","article_publisher":"https:\/\/www.facebook.com\/sumkcap","article_modified_time":"2025-07-09T09:34:15+00:00","og_image":[{"width":1000,"height":1000,"url":"https:\/\/sumkcaps.com\/wp-content\/uploads\/2022\/09\/5_panel_caps_hats-4.jpg","type":"image\/jpeg"}],"twitter_card":"summary_large_image","twitter_misc":{"Dur\u00e9e de lecture estim\u00e9e":"2 minutes"},"schema":{"@context":"https:\/\/schema.org","@graph":[{"@type":"WebPage","@id":"https:\/\/sumkcaps.com\/product\/sufox-2910-custom-printed-logo-leather-closure-five-panel-hat\/","url":"https:\/\/sumkcaps.com\/product\/sufox-2910-custom-printed-logo-leather-closure-five-panel-hat\/","name":"Chapeau \u00e0 cinq panneaux avec logo imprim\u00e9 sur mesure | Fabricant chinois","isPartOf":{"@id":"https:\/\/sumkcaps.com\/#website"},"primaryImageOfPage":{"@id":"https:\/\/sumkcaps.com\/product\/sufox-2910-custom-printed-logo-leather-closure-five-panel-hat\/#primaryimage"},"image":{"@id":"https:\/\/sumkcaps.com\/product\/sufox-2910-custom-printed-logo-leather-closure-five-panel-hat\/#primaryimage"},"thumbnailUrl":"https:\/\/sumkcaps.com\/wp-content\/uploads\/2022\/09\/5_panel_caps_hats-4.jpg","datePublished":"2022-09-19T06:34:22+00:00","dateModified":"2025-07-09T09:34:15+00:00","description":"Fabricant leader de couvre-chefs, commandez directement \u00e0 l'usine et \u00e9conomisez votre budget 75% ! Ajoutez votre logo ou un design personnalis\u00e9 en ligne. Service d'expert.","breadcrumb":{"@id":"https:\/\/sumkcaps.com\/product\/sufox-2910-custom-printed-logo-leather-closure-five-panel-hat\/#breadcrumb"},"inLanguage":"fr-FR","potentialAction":[{"@type":"ReadAction","target":["https:\/\/sumkcaps.com\/product\/sufox-2910-custom-printed-logo-leather-closure-five-panel-hat\/"]}]},{"@type":"ImageObject","inLanguage":"fr-FR","@id":"https:\/\/sumkcaps.com\/product\/sufox-2910-custom-printed-logo-leather-closure-five-panel-hat\/#primaryimage","url":"https:\/\/sumkcaps.com\/wp-content\/uploads\/2022\/09\/5_panel_caps_hats-4.jpg","contentUrl":"https:\/\/sumkcaps.com\/wp-content\/uploads\/2022\/09\/5_panel_caps_hats-4.jpg","width":1000,"height":1000,"caption":"Custom 5 panel camp hat"},{"@type":"BreadcrumbList","@id":"https:\/\/sumkcaps.com\/product\/sufox-2910-custom-printed-logo-leather-closure-five-panel-hat\/#breadcrumb","itemListElement":[{"@type":"ListItem","position":1,"name":"Home","item":"https:\/\/sumkcaps.com\/"},{"@type":"ListItem","position":2,"name":"Products","item":"https:\/\/sumkcaps.com\/product\/"},{"@type":"ListItem","position":3,"name":"Sumkcaps 2910 Custom Printed Logo Leather Closure Five Panel Hat"}]},{"@type":"WebSite","@id":"https:\/\/sumkcaps.com\/#website","url":"https:\/\/sumkcaps.com\/","name":"Sumkcaps - Fabricant et fournisseur chinois de couvre-chefs originaux","description":"Nous sommes une entreprise chinoise de fabrication de casquettes et de chapeaux, dont l'activit\u00e9 principale consiste \u00e0 personnaliser les casquettes et les chapeaux en fonction du LOGO du client. Tous les styles de casquettes, toutes les couleurs de casquettes, toutes les quantit\u00e9s, tous les mat\u00e9riaux et toutes les quantit\u00e9s ne posent aucun probl\u00e8me. En d'autres termes, tous les petits d\u00e9tails peuvent \u00eatre personnalis\u00e9s selon votre demande.","publisher":{"@id":"https:\/\/sumkcaps.com\/#organization"},"potentialAction":[{"@type":"SearchAction","target":{"@type":"EntryPoint","urlTemplate":"https:\/\/sumkcaps.com\/?s={search_term_string}"},"query-input":{"@type":"PropertyValueSpecification","valueRequired":true,"valueName":"search_term_string"}}],"inLanguage":"fr-FR"},{"@type":"Organization","@id":"https:\/\/sumkcaps.com\/#organization","name":"Sumkcaps - Fabricant et fournisseur chinois de couvre-chefs originaux","url":"https:\/\/sumkcaps.com\/","logo":{"@type":"ImageObject","inLanguage":"fr-FR","@id":"https:\/\/sumkcaps.com\/#\/schema\/logo\/image\/","url":"https:\/\/sumkcaps.com\/wp-content\/uploads\/2025\/12\/1234.jpg","contentUrl":"https:\/\/sumkcaps.com\/wp-content\/uploads\/2025\/12\/1234.jpg","width":800,"height":800,"caption":"Sumkcaps-China Original Headwear Manufacturer and Suppliers"},"image":{"@id":"https:\/\/sumkcaps.com\/#\/schema\/logo\/image\/"},"sameAs":["https:\/\/www.facebook.com\/sumkcap","https:\/\/www.instagram.com\/sumkcaps7\/","https:\/\/www.pinterest.com\/sumkcapschina\/"]}]}},"taxonomy_info":{"product_cat":[{"value":60,"label":"Wholesale Five Panel Hats"}]},"featured_image_src_large":["https:\/\/sumkcaps.com\/wp-content\/uploads\/2022\/09\/5_panel_caps_hats-4.jpg",800,800,false],"author_info":[],"comment_info":"","_links":{"self":[{"href":"https:\/\/sumkcaps.com\/fr\/wp-json\/wp\/v2\/product\/14893","targetHints":{"allow":["GET"]}}],"collection":[{"href":"https:\/\/sumkcaps.com\/fr\/wp-json\/wp\/v2\/product"}],"about":[{"href":"https:\/\/sumkcaps.com\/fr\/wp-json\/wp\/v2\/types\/product"}],"wp:featuredmedia":[{"embeddable":true,"href":"https:\/\/sumkcaps.com\/fr\/wp-json\/wp\/v2\/media\/14894"}],"wp:attachment":[{"href":"https:\/\/sumkcaps.com\/fr\/wp-json\/wp\/v2\/media?parent=14893"}],"wp:term":[{"taxonomy":"product_brand","embeddable":true,"href":"https:\/\/sumkcaps.com\/fr\/wp-json\/wp\/v2\/product_brand?post=14893"},{"taxonomy":"product_cat","embeddable":true,"href":"https:\/\/sumkcaps.com\/fr\/wp-json\/wp\/v2\/product_cat?post=14893"},{"taxonomy":"product_tag","embeddable":true,"href":"https:\/\/sumkcaps.com\/fr\/wp-json\/wp\/v2\/product_tag?post=14893"}],"curies":[{"name":"wp","href":"https:\/\/api.w.org\/{rel}","templated":true}]}}