{"id":14836,"date":"2022-09-19T11:34:23","date_gmt":"2022-09-19T03:34:23","guid":{"rendered":"https:\/\/sumkcaps.com\/?post_type=product&#038;p=14836"},"modified":"2026-04-03T15:31:42","modified_gmt":"2026-04-03T07:31:42","slug":"sufox-2919-custom-six-panel-sublimation-full-newspaper-printing-snapback-cap","status":"publish","type":"product","link":"https:\/\/sumkcaps.com\/fr\/produit\/sufox-2919-custom-six-panel-sublimation-full-newspaper-printing-snapback-cap\/","title":{"rendered":"Sumkcaps 2919 Custom Six Panel Sublimation Full Newspaper Printing Snapback Cap"},"content":{"rendered":"<div class=\"flex flex-col text-sm pb-25\">\n<section class=\"text-token-text-primary w-full focus:outline-none [--shadow-height:45px] has-data-writing-block:pointer-events-none has-data-writing-block:-mt-(--shadow-height) has-data-writing-block:pt-(--shadow-height) [&amp;:has([data-writing-block])&gt;*]:pointer-events-auto scroll-mt-[calc(var(--header-height)+min(200px,max(70px,20svh)))]\" dir=\"auto\" data-turn-id=\"request-WEB:bbc05147-6152-4591-8172-cc7c19e1ce4f-7\" data-testid=\"conversation-turn-16\" data-scroll-anchor=\"true\" data-turn=\"assistant\">\n<div class=\"text-base my-auto mx-auto pb-10 [--thread-content-margin:var(--thread-content-margin-xs,calc(var(--spacing)*4))] @w-sm\/main:[--thread-content-margin:var(--thread-content-margin-sm,calc(var(--spacing)*6))] @w-lg\/main:[--thread-content-margin:var(--thread-content-margin-lg,calc(var(--spacing)*16))] px-(--thread-content-margin)\">\n<div class=\"[--thread-content-max-width:40rem] @w-lg\/main:[--thread-content-max-width:48rem] mx-auto max-w-(--thread-content-max-width) flex-1 group\/turn-messages focus-visible:outline-hidden relative flex w-full min-w-0 flex-col agent-turn\">\n<div class=\"flex max-w-full flex-col gap-4 grow\">\n<div class=\"min-h-8 text-message relative flex w-full flex-col items-end gap-2 text-start break-words whitespace-normal outline-none keyboard-focused:focus-ring [.text-message+&amp;]:mt-1\" dir=\"auto\" tabindex=\"0\" data-message-author-role=\"assistant\" data-message-id=\"dd038b26-2562-46dc-a21f-d9b28d209f57\" data-message-model-slug=\"gpt-5-3\" data-turn-start-message=\"true\">\n<div class=\"flex w-full flex-col gap-1 empty:hidden\">\n<div class=\"markdown prose dark:prose-invert w-full wrap-break-word light markdown-new-styling\">\n<h3 data-section-id=\"1d2uf3t\" data-start=\"126\" data-end=\"184\"><span role=\"text\"><strong data-start=\"130\" data-end=\"182\">D\u00e9coration<\/strong><\/span><\/h3>\n<p data-start=\"185\" data-end=\"476\">Cette casquette est dot\u00e9e d'une impression par sublimation sur toute la surface, ce qui permet d'obtenir des motifs \u00e9clatants sur toute la surface, tels que des graphiques de journaux et des motifs complexes. Le processus d'impression garantit que les couleurs sont profond\u00e9ment impr\u00e9gn\u00e9es dans le tissu, \u00e9vitant ainsi toute d\u00e9coloration ou craquelure, tout en offrant des images nettes et en haute r\u00e9solution.<\/p>\n<h3 data-section-id=\"kpdawz\" data-start=\"483\" data-end=\"520\"><span role=\"text\"><strong data-start=\"487\" data-end=\"518\">Mat\u00e9riau<\/strong><\/span><\/h3>\n<p data-start=\"521\" data-end=\"797\">Fabriqu\u00e9e \u00e0 partir d'un m\u00e9lange de polyester et de coton, cette casquette allie durabilit\u00e9 et confort. Le polyester am\u00e9liore la r\u00e9tention des couleurs et la clart\u00e9 de l'impression, tandis que le coton apporte douceur et respirabilit\u00e9. Le r\u00e9sultat est un mat\u00e9riau \u00e9quilibr\u00e9 qui permet une impression d\u00e9taill\u00e9e et un port quotidien confortable.<\/p>\n<h3 data-section-id=\"slu0w9\" data-start=\"804\" data-end=\"832\"><span role=\"text\"><strong data-start=\"808\" data-end=\"830\">Couleur<\/strong><\/span><\/h3>\n<p data-start=\"833\" data-end=\"1108\">Le bouchon prend en charge des conceptions de couleurs enti\u00e8rement personnalis\u00e9es, ce qui le rend id\u00e9al pour les concepts cr\u00e9atifs tels que les impressions de journaux ou les motifs artistiques. Les marques peuvent r\u00e9aliser un nombre illimit\u00e9 de combinaisons de couleurs et d'agencements complexes, ce qui garantit que chaque pi\u00e8ce se distingue par son aspect unique et accrocheur.<\/p>\n<h3 data-section-id=\"1ujt2bk\" data-start=\"1115\" data-end=\"1154\"><span role=\"text\"><strong data-start=\"1119\" data-end=\"1152\">Taille<\/strong><\/span><\/h3>\n<p data-start=\"1155\" data-end=\"1409\">Con\u00e7ue avec une fermeture r\u00e9glable \u00e0 bouton-pression, cette casquette offre une taille unique allant de 7 \u00e0 7 3\/4. Elle offre un ajustement s\u00fbr et confortable pour un large \u00e9ventail de tailles de t\u00eate, ce qui la rend adapt\u00e9e \u00e0 la grande distribution et \u00e0 divers groupes de clients.<\/p>\n<h3 data-section-id=\"3asju8\" data-start=\"1416\" data-end=\"1443\"><span role=\"text\"><strong data-start=\"1420\" data-end=\"1441\">Visi\u00e8re<\/strong><\/span><\/h3>\n<p data-start=\"1444\" data-end=\"1675\">La visi\u00e8re \u00e0 bord plat rehausse le look moderne et inspir\u00e9 de la rue de la casquette. Elle conserve sa forme structur\u00e9e au fil du temps et compl\u00e8te le design audacieux de l'imprim\u00e9 int\u00e9gral, tout en offrant une protection solaire pratique pour les activit\u00e9s de plein air quotidiennes.<\/p>\n<h3 data-section-id=\"3nymbz\" data-start=\"1682\" data-end=\"1711\"><span role=\"text\"><strong data-start=\"1686\" data-end=\"1709\">Service<\/strong><\/span><\/h3>\n<p data-start=\"1712\" data-end=\"1959\">Nous fournissons des services OEM et ODM complets, prenant en charge les illustrations, les mat\u00e9riaux, les couleurs et les solutions d'emballage personnalis\u00e9s. Notre \u00e9quipe assure une ex\u00e9cution pr\u00e9cise des conceptions complexes, aidant les marques \u00e0 transformer efficacement leurs id\u00e9es cr\u00e9atives en produits finis de haute qualit\u00e9.<\/p>\n<h3 data-section-id=\"1mx9aa5\" data-start=\"1966\" data-end=\"1991\"><span role=\"text\"><strong data-start=\"1970\" data-end=\"1989\">D\u00e9lai d'ex\u00e9cution<\/strong><\/span><\/h3>\n<p data-start=\"1992\" data-end=\"2229\" data-is-last-node=\"\" data-is-only-node=\"\">Gr\u00e2ce \u00e0 un processus de production rationalis\u00e9, les \u00e9chantillons sont produits dans un d\u00e9lai de 7 \u00e0 9 jours ouvrables, et la production en s\u00e9rie prend de 18 \u00e0 22 jours ouvrables. Ce d\u00e9lai efficace permet aux marques de respecter des \u00e9ch\u00e9ances serr\u00e9es et de lancer rapidement de nouveaux mod\u00e8les sur le march\u00e9.<\/p>\n<\/div>\n<\/div>\n<\/div>\n<\/div>\n<\/div>\n<\/div>\n<\/section>\n<\/div>","protected":false},"excerpt":{"rendered":"<p>Sumkcaps 2919 Custom Six Panel Sublimation Full Newspaper Printing Snapback Cap est l'un des styles de casquettes les plus populaires, l\u00e9ger et respirant. Nos Snapbacks sont disponibles dans une vari\u00e9t\u00e9 de styles et de couleurs de toutes les grandes marques.<\/p>","protected":false},"featured_media":14837,"template":"","meta":{"_acf_changed":false,"_kad_blocks_custom_css":"","_kad_blocks_head_custom_js":"","_kad_blocks_body_custom_js":"","_kad_blocks_footer_custom_js":""},"product_brand":[],"product_cat":[42],"product_tag":[],"class_list":{"0":"post-14836","1":"product","2":"type-product","3":"status-publish","4":"has-post-thumbnail","6":"product_cat-snapback-cap","8":"first","9":"outofstock","10":"shipping-taxable","11":"product-type-simple"},"acf":[],"yoast_head":"<!-- This site is optimized with the Yoast SEO Premium plugin v20.8 (Yoast SEO v25.9) - https:\/\/yoast.com\/wordpress\/plugins\/seo\/ -->\n<title>Custom Sublimation Printing Snapback Cap | China Manufactuer<\/title>\n<meta name=\"description\" content=\"Custom Cap, Logo Cap, Brand Caps, Custom Made Snapback Caps, Custom Snapback Baseball Hats. Premium Cap Manufacturer since 2006. Min order 100pcs\" \/>\n<meta name=\"robots\" content=\"index, follow, max-snippet:-1, max-image-preview:large, max-video-preview:-1\" \/>\n<link rel=\"canonical\" href=\"https:\/\/sumkcaps.com\/fr\/produit\/sufox-2919-custom-six-panel-sublimation-full-newspaper-printing-snapback-cap\/\" \/>\n<meta property=\"og:locale\" content=\"fr_FR\" \/>\n<meta property=\"og:type\" content=\"article\" \/>\n<meta property=\"og:title\" content=\"Sumkcaps 2919 Custom Six Panel Sublimation Full Newspaper Printing Snapback Cap - Sumkcaps\" \/>\n<meta property=\"og:description\" content=\"Custom Cap, Logo Cap, Brand Caps, Custom Made Snapback Caps, Custom Snapback Baseball Hats. Premium Cap Manufacturer since 2006. Min order 100pcs\" \/>\n<meta property=\"og:url\" content=\"https:\/\/sumkcaps.com\/fr\/produit\/sufox-2919-custom-six-panel-sublimation-full-newspaper-printing-snapback-cap\/\" \/>\n<meta property=\"og:site_name\" content=\"Sumkcaps-China Original Headwear Manufacturer and Suppliers\" \/>\n<meta property=\"article:publisher\" content=\"https:\/\/www.facebook.com\/sumkcap\" \/>\n<meta property=\"article:modified_time\" content=\"2026-04-03T07:31:42+00:00\" \/>\n<meta property=\"og:image\" content=\"https:\/\/sumkcaps.com\/wp-content\/uploads\/2022\/09\/printing_snapback_cap-1.jpg\" \/>\n\t<meta property=\"og:image:width\" content=\"1000\" \/>\n\t<meta property=\"og:image:height\" content=\"1000\" \/>\n\t<meta property=\"og:image:type\" content=\"image\/jpeg\" \/>\n<meta name=\"twitter:card\" content=\"summary_large_image\" \/>\n<meta name=\"twitter:label1\" content=\"Dur\u00e9e de lecture estim\u00e9e\" \/>\n\t<meta name=\"twitter:data1\" content=\"2 minutes\" \/>\n<script type=\"application\/ld+json\" class=\"yoast-schema-graph\">{\"@context\":\"https:\/\/schema.org\",\"@graph\":[{\"@type\":\"WebPage\",\"@id\":\"https:\/\/sumkcaps.com\/product\/sufox-2919-custom-six-panel-sublimation-full-newspaper-printing-snapback-cap\/\",\"url\":\"https:\/\/sumkcaps.com\/product\/sufox-2919-custom-six-panel-sublimation-full-newspaper-printing-snapback-cap\/\",\"name\":\"Custom Sublimation Printing Snapback Cap | China Manufactuer\",\"isPartOf\":{\"@id\":\"https:\/\/sumkcaps.com\/#website\"},\"primaryImageOfPage\":{\"@id\":\"https:\/\/sumkcaps.com\/product\/sufox-2919-custom-six-panel-sublimation-full-newspaper-printing-snapback-cap\/#primaryimage\"},\"image\":{\"@id\":\"https:\/\/sumkcaps.com\/product\/sufox-2919-custom-six-panel-sublimation-full-newspaper-printing-snapback-cap\/#primaryimage\"},\"thumbnailUrl\":\"https:\/\/sumkcaps.com\/wp-content\/uploads\/2022\/09\/printing_snapback_cap-1.jpg\",\"datePublished\":\"2022-09-19T03:34:23+00:00\",\"dateModified\":\"2026-04-03T07:31:42+00:00\",\"description\":\"Custom Cap, Logo Cap, Brand Caps, Custom Made Snapback Caps, Custom Snapback Baseball Hats. Premium Cap Manufacturer since 2006. Min order 100pcs\",\"breadcrumb\":{\"@id\":\"https:\/\/sumkcaps.com\/product\/sufox-2919-custom-six-panel-sublimation-full-newspaper-printing-snapback-cap\/#breadcrumb\"},\"inLanguage\":\"fr-FR\",\"potentialAction\":[{\"@type\":\"ReadAction\",\"target\":[\"https:\/\/sumkcaps.com\/product\/sufox-2919-custom-six-panel-sublimation-full-newspaper-printing-snapback-cap\/\"]}]},{\"@type\":\"ImageObject\",\"inLanguage\":\"fr-FR\",\"@id\":\"https:\/\/sumkcaps.com\/product\/sufox-2919-custom-six-panel-sublimation-full-newspaper-printing-snapback-cap\/#primaryimage\",\"url\":\"https:\/\/sumkcaps.com\/wp-content\/uploads\/2022\/09\/printing_snapback_cap-1.jpg\",\"contentUrl\":\"https:\/\/sumkcaps.com\/wp-content\/uploads\/2022\/09\/printing_snapback_cap-1.jpg\",\"width\":1000,\"height\":1000},{\"@type\":\"BreadcrumbList\",\"@id\":\"https:\/\/sumkcaps.com\/product\/sufox-2919-custom-six-panel-sublimation-full-newspaper-printing-snapback-cap\/#breadcrumb\",\"itemListElement\":[{\"@type\":\"ListItem\",\"position\":1,\"name\":\"Home\",\"item\":\"https:\/\/sumkcaps.com\/\"},{\"@type\":\"ListItem\",\"position\":2,\"name\":\"Products\",\"item\":\"https:\/\/sumkcaps.com\/product\/\"},{\"@type\":\"ListItem\",\"position\":3,\"name\":\"Sumkcaps 2919 Custom Six Panel Sublimation Full Newspaper Printing Snapback Cap\"}]},{\"@type\":\"WebSite\",\"@id\":\"https:\/\/sumkcaps.com\/#website\",\"url\":\"https:\/\/sumkcaps.com\/\",\"name\":\"Sumkcaps-China Original Headwear Manufacturer and Suppliers\",\"description\":\"We are China Cap And Hat Original Factory, whose main business is to custom cap and hat as client&#039;s LOGO. Any cap style, any cap color, any qty, any material and qty is no problem. In one words, any small details can be customized as your request.\",\"publisher\":{\"@id\":\"https:\/\/sumkcaps.com\/#organization\"},\"potentialAction\":[{\"@type\":\"SearchAction\",\"target\":{\"@type\":\"EntryPoint\",\"urlTemplate\":\"https:\/\/sumkcaps.com\/?s={search_term_string}\"},\"query-input\":{\"@type\":\"PropertyValueSpecification\",\"valueRequired\":true,\"valueName\":\"search_term_string\"}}],\"inLanguage\":\"fr-FR\"},{\"@type\":\"Organization\",\"@id\":\"https:\/\/sumkcaps.com\/#organization\",\"name\":\"Sumkcaps-China Original Headwear Manufacturer and Suppliers\",\"url\":\"https:\/\/sumkcaps.com\/\",\"logo\":{\"@type\":\"ImageObject\",\"inLanguage\":\"fr-FR\",\"@id\":\"https:\/\/sumkcaps.com\/#\/schema\/logo\/image\/\",\"url\":\"https:\/\/sumkcaps.com\/wp-content\/uploads\/2025\/12\/1234.jpg\",\"contentUrl\":\"https:\/\/sumkcaps.com\/wp-content\/uploads\/2025\/12\/1234.jpg\",\"width\":800,\"height\":800,\"caption\":\"Sumkcaps-China Original Headwear Manufacturer and Suppliers\"},\"image\":{\"@id\":\"https:\/\/sumkcaps.com\/#\/schema\/logo\/image\/\"},\"sameAs\":[\"https:\/\/www.facebook.com\/sumkcap\",\"https:\/\/www.instagram.com\/sumkcaps7\/\",\"https:\/\/www.pinterest.com\/sumkcapschina\/\"]}]}<\/script>\n<!-- \/ Yoast SEO Premium plugin. -->","yoast_head_json":{"title":"Impression par sublimation sur mesure Casquette Snapback | Fabricant chinois","description":"Casquette personnalis\u00e9e, casquette \u00e0 logo, casquette de marque, casquette Snapback personnalis\u00e9e, casquette de baseball Snapback personnalis\u00e9e. Fabricant de casquettes haut de gamme depuis 2006. Commande minimum de 100 pi\u00e8ces","robots":{"index":"index","follow":"follow","max-snippet":"max-snippet:-1","max-image-preview":"max-image-preview:large","max-video-preview":"max-video-preview:-1"},"canonical":"https:\/\/sumkcaps.com\/fr\/produit\/sufox-2919-custom-six-panel-sublimation-full-newspaper-printing-snapback-cap\/","og_locale":"fr_FR","og_type":"article","og_title":"Sumkcaps 2919 Custom Six Panel Sublimation Full Newspaper Printing Snapback Cap - Sumkcaps","og_description":"Custom Cap, Logo Cap, Brand Caps, Custom Made Snapback Caps, Custom Snapback Baseball Hats. Premium Cap Manufacturer since 2006. Min order 100pcs","og_url":"https:\/\/sumkcaps.com\/fr\/produit\/sufox-2919-custom-six-panel-sublimation-full-newspaper-printing-snapback-cap\/","og_site_name":"Sumkcaps-China Original Headwear Manufacturer and Suppliers","article_publisher":"https:\/\/www.facebook.com\/sumkcap","article_modified_time":"2026-04-03T07:31:42+00:00","og_image":[{"width":1000,"height":1000,"url":"https:\/\/sumkcaps.com\/wp-content\/uploads\/2022\/09\/printing_snapback_cap-1.jpg","type":"image\/jpeg"}],"twitter_card":"summary_large_image","twitter_misc":{"Dur\u00e9e de lecture estim\u00e9e":"2 minutes"},"schema":{"@context":"https:\/\/schema.org","@graph":[{"@type":"WebPage","@id":"https:\/\/sumkcaps.com\/product\/sufox-2919-custom-six-panel-sublimation-full-newspaper-printing-snapback-cap\/","url":"https:\/\/sumkcaps.com\/product\/sufox-2919-custom-six-panel-sublimation-full-newspaper-printing-snapback-cap\/","name":"Impression par sublimation sur mesure Casquette Snapback | Fabricant chinois","isPartOf":{"@id":"https:\/\/sumkcaps.com\/#website"},"primaryImageOfPage":{"@id":"https:\/\/sumkcaps.com\/product\/sufox-2919-custom-six-panel-sublimation-full-newspaper-printing-snapback-cap\/#primaryimage"},"image":{"@id":"https:\/\/sumkcaps.com\/product\/sufox-2919-custom-six-panel-sublimation-full-newspaper-printing-snapback-cap\/#primaryimage"},"thumbnailUrl":"https:\/\/sumkcaps.com\/wp-content\/uploads\/2022\/09\/printing_snapback_cap-1.jpg","datePublished":"2022-09-19T03:34:23+00:00","dateModified":"2026-04-03T07:31:42+00:00","description":"Casquette personnalis\u00e9e, casquette \u00e0 logo, casquette de marque, casquette Snapback personnalis\u00e9e, casquette de baseball Snapback personnalis\u00e9e. Fabricant de casquettes haut de gamme depuis 2006. Commande minimum de 100 pi\u00e8ces","breadcrumb":{"@id":"https:\/\/sumkcaps.com\/product\/sufox-2919-custom-six-panel-sublimation-full-newspaper-printing-snapback-cap\/#breadcrumb"},"inLanguage":"fr-FR","potentialAction":[{"@type":"ReadAction","target":["https:\/\/sumkcaps.com\/product\/sufox-2919-custom-six-panel-sublimation-full-newspaper-printing-snapback-cap\/"]}]},{"@type":"ImageObject","inLanguage":"fr-FR","@id":"https:\/\/sumkcaps.com\/product\/sufox-2919-custom-six-panel-sublimation-full-newspaper-printing-snapback-cap\/#primaryimage","url":"https:\/\/sumkcaps.com\/wp-content\/uploads\/2022\/09\/printing_snapback_cap-1.jpg","contentUrl":"https:\/\/sumkcaps.com\/wp-content\/uploads\/2022\/09\/printing_snapback_cap-1.jpg","width":1000,"height":1000},{"@type":"BreadcrumbList","@id":"https:\/\/sumkcaps.com\/product\/sufox-2919-custom-six-panel-sublimation-full-newspaper-printing-snapback-cap\/#breadcrumb","itemListElement":[{"@type":"ListItem","position":1,"name":"Home","item":"https:\/\/sumkcaps.com\/"},{"@type":"ListItem","position":2,"name":"Products","item":"https:\/\/sumkcaps.com\/product\/"},{"@type":"ListItem","position":3,"name":"Sumkcaps 2919 Custom Six Panel Sublimation Full Newspaper Printing Snapback Cap"}]},{"@type":"WebSite","@id":"https:\/\/sumkcaps.com\/#website","url":"https:\/\/sumkcaps.com\/","name":"Sumkcaps - Fabricant et fournisseur chinois de couvre-chefs originaux","description":"Nous sommes une entreprise chinoise de fabrication de casquettes et de chapeaux, dont l'activit\u00e9 principale consiste \u00e0 personnaliser les casquettes et les chapeaux en fonction du LOGO du client. Tous les styles de casquettes, toutes les couleurs de casquettes, toutes les quantit\u00e9s, tous les mat\u00e9riaux et toutes les quantit\u00e9s ne posent aucun probl\u00e8me. En d'autres termes, tous les petits d\u00e9tails peuvent \u00eatre personnalis\u00e9s selon votre demande.","publisher":{"@id":"https:\/\/sumkcaps.com\/#organization"},"potentialAction":[{"@type":"SearchAction","target":{"@type":"EntryPoint","urlTemplate":"https:\/\/sumkcaps.com\/?s={search_term_string}"},"query-input":{"@type":"PropertyValueSpecification","valueRequired":true,"valueName":"search_term_string"}}],"inLanguage":"fr-FR"},{"@type":"Organization","@id":"https:\/\/sumkcaps.com\/#organization","name":"Sumkcaps - Fabricant et fournisseur chinois de couvre-chefs originaux","url":"https:\/\/sumkcaps.com\/","logo":{"@type":"ImageObject","inLanguage":"fr-FR","@id":"https:\/\/sumkcaps.com\/#\/schema\/logo\/image\/","url":"https:\/\/sumkcaps.com\/wp-content\/uploads\/2025\/12\/1234.jpg","contentUrl":"https:\/\/sumkcaps.com\/wp-content\/uploads\/2025\/12\/1234.jpg","width":800,"height":800,"caption":"Sumkcaps-China Original Headwear Manufacturer and Suppliers"},"image":{"@id":"https:\/\/sumkcaps.com\/#\/schema\/logo\/image\/"},"sameAs":["https:\/\/www.facebook.com\/sumkcap","https:\/\/www.instagram.com\/sumkcaps7\/","https:\/\/www.pinterest.com\/sumkcapschina\/"]}]}},"taxonomy_info":{"product_cat":[{"value":42,"label":"Snapback Hats Wholesale"}]},"featured_image_src_large":["https:\/\/sumkcaps.com\/wp-content\/uploads\/2022\/09\/printing_snapback_cap-1.jpg",800,800,false],"author_info":[],"comment_info":"","_links":{"self":[{"href":"https:\/\/sumkcaps.com\/fr\/wp-json\/wp\/v2\/product\/14836","targetHints":{"allow":["GET"]}}],"collection":[{"href":"https:\/\/sumkcaps.com\/fr\/wp-json\/wp\/v2\/product"}],"about":[{"href":"https:\/\/sumkcaps.com\/fr\/wp-json\/wp\/v2\/types\/product"}],"wp:featuredmedia":[{"embeddable":true,"href":"https:\/\/sumkcaps.com\/fr\/wp-json\/wp\/v2\/media\/14837"}],"wp:attachment":[{"href":"https:\/\/sumkcaps.com\/fr\/wp-json\/wp\/v2\/media?parent=14836"}],"wp:term":[{"taxonomy":"product_brand","embeddable":true,"href":"https:\/\/sumkcaps.com\/fr\/wp-json\/wp\/v2\/product_brand?post=14836"},{"taxonomy":"product_cat","embeddable":true,"href":"https:\/\/sumkcaps.com\/fr\/wp-json\/wp\/v2\/product_cat?post=14836"},{"taxonomy":"product_tag","embeddable":true,"href":"https:\/\/sumkcaps.com\/fr\/wp-json\/wp\/v2\/product_tag?post=14836"}],"curies":[{"name":"wp","href":"https:\/\/api.w.org\/{rel}","templated":true}]}}