{"id":14769,"date":"2022-09-15T13:17:24","date_gmt":"2022-09-15T05:17:24","guid":{"rendered":"https:\/\/sumkcaps.com\/?post_type=product&#038;p=14769"},"modified":"2026-01-12T10:44:31","modified_gmt":"2026-01-12T02:44:31","slug":"sufox-2713-custom-woven-label-sublimation-printing-bucket-hats","status":"publish","type":"product","link":"https:\/\/sumkcaps.com\/fr\/produit\/sufox-2713-etiquette-tissee-personnalisee-impression-par-sublimation-chapeaux-baquets\/","title":{"rendered":"Sumkcaps 2713 Custom Woven Label Sublimation Printing Bucket Hats"},"content":{"rendered":"<h3 data-start=\"98\" data-end=\"136\">D\u00e9coration<\/h3>\n<p data-start=\"137\" data-end=\"585\">Cette casquette se caract\u00e9rise par une d\u00e9coration personnalis\u00e9e combin\u00e9e \u00e0 une \u00e9tiquette tiss\u00e9e de haute qualit\u00e9, ajoutant un \u00e9l\u00e9ment de marque de premier ordre \u00e0 la conception. L'impression par sublimation permet d'int\u00e9grer de fa\u00e7on permanente des motifs d\u00e9taill\u00e9s et des couleurs vives dans le tissu, garantissant ainsi des visuels durables qui ne se d\u00e9coloreront pas et ne se fissureront pas. L'\u00e9tiquette tiss\u00e9e renforce l'identit\u00e9 de la marque et la valeur per\u00e7ue, ce qui rend ce chapeau id\u00e9al pour les marques de mode, les marques de streetwear et les collections promotionnelles.<\/p>\n<h3 data-start=\"592\" data-end=\"625\">Mat\u00e9riau<\/h3>\n<p data-start=\"626\" data-end=\"1044\">Fabriqu\u00e9 \u00e0 partir d'un m\u00e9lange \u00e9quilibr\u00e9 de polyester et de coton, ce chapeau baquet offre une combinaison parfaite de durabilit\u00e9, de confort et de respirabilit\u00e9. Le coton procure une sensation douce et naturelle sur la peau, tandis que le polyester am\u00e9liore la solidit\u00e9, la r\u00e9sistance aux plis et la r\u00e9tention des couleurs. Ce m\u00e9lange de mat\u00e9riaux supporte exceptionnellement bien l'impression par sublimation, ce qui permet de conserver la vivacit\u00e9 des motifs tout en assurant un port confortable.<\/p>\n<h3 data-start=\"1051\" data-end=\"1075\">Forme<\/h3>\n<p data-start=\"1076\" data-end=\"1432\">Con\u00e7u avec une silhouette classique de chapeau baquet, ce mod\u00e8le offre un look intemporel et polyvalent. La couronne structur\u00e9e et le bord de forme r\u00e9guli\u00e8re cr\u00e9ent un profil net qui s'adapte aux saisons et aux tendances de la mode. Cette forme universellement populaire rend le chapeau facile \u00e0 coiffer et convient aux tenues d\u00e9contract\u00e9es, aux activit\u00e9s de plein air et aux collections d'articles de marque.<\/p>\n<h3 data-start=\"1439\" data-end=\"1459\">Couleur<\/h3>\n<p data-start=\"1460\" data-end=\"1831\">Ce chapeau seau peut \u00eatre personnalis\u00e9 en couleur pour correspondre aux directives de la marque ou aux concepts cr\u00e9atifs. L'impression par sublimation permet des transitions de couleurs fluides et des motifs complexes sans ajouter de poids au tissu. Qu'il s'agisse de graphiques audacieux et accrocheurs ou de conceptions tonales subtiles, les options de couleurs personnalis\u00e9es offrent une grande souplesse pour les lancements de mode, les sorties saisonni\u00e8res et les campagnes de marketing.<\/p>\n<h3 data-start=\"1838\" data-end=\"1861\">Visi\u00e8re<\/h3>\n<p data-start=\"1862\" data-end=\"2193\">Dot\u00e9 d'un bord plat, ce chapeau seau offre une apparence moderne et structur\u00e9e. Le bord plat am\u00e9liore la protection contre le soleil tout en ajoutant une touche contemporaine au style classique du chapeau baquet. Ce d\u00e9tail de conception rend la casquette particuli\u00e8rement attrayante pour les marques de streetwear et les amateurs de mode \u00e0 la recherche d'une silhouette nette et audacieuse.<\/p>\n<h3 data-start=\"2200\" data-end=\"2235\">Taille<\/h3>\n<p data-start=\"2236\" data-end=\"2561\">Avec une construction de taille unique, ce chapeau seau s'adapte confortablement \u00e0 des tailles de t\u00eate allant de 7 \u00e0 7 3\/4. La structure bien \u00e9quilibr\u00e9e assure un ajustement s\u00fbr mais d\u00e9contract\u00e9 pour la plupart des porteurs. Cette taille standardis\u00e9e simplifie les commandes en vrac et rend le chapeau adapt\u00e9 au port unisexe, \u00e0 la vente au d\u00e9tail et \u00e0 la distribution promotionnelle.<\/p>\n<h3 data-start=\"2568\" data-end=\"2589\">D\u00e9lai d'ex\u00e9cution<\/h3>\n<p data-start=\"2590\" data-end=\"2914\" data-is-last-node=\"\" data-is-only-node=\"\">Ce chapeau seau personnalis\u00e9 offre des d\u00e9lais de production efficaces et fiables. Les commandes d'\u00e9chantillons sont g\u00e9n\u00e9ralement trait\u00e9es dans un d\u00e9lai de 7 \u00e0 9 jours ouvrables pour confirmation du design. Apr\u00e8s approbation, la production compl\u00e8te prend environ 18 \u00e0 22 jours ouvrables, ce qui en fait un choix fiable pour les marques qui pr\u00e9voient des lancements saisonniers ou des commandes \u00e0 grande \u00e9chelle.<\/p>","protected":false},"excerpt":{"rendered":"<div class=\"text-base my-auto mx-auto pb-10 [--thread-content-margin:--spacing(4)] @w-sm\/main:[--thread-content-margin:--spacing(6)] @w-lg\/main:[--thread-content-margin:--spacing(16)] px-(--thread-content-margin)\">\n<div class=\"[--thread-content-max-width:40rem] @w-lg\/main:[--thread-content-max-width:48rem] mx-auto max-w-(--thread-content-max-width) flex-1 group\/turn-messages focus-visible:outline-hidden relative flex w-full min-w-0 flex-col agent-turn\" tabindex=\"-1\">\n<div class=\"flex max-w-full flex-col grow\">\n<div class=\"min-h-8 text-message relative flex w-full flex-col items-end gap-2 text-start break-words whitespace-normal [.text-message+&amp;]:mt-1\" dir=\"auto\" data-message-author-role=\"assistant\" data-message-id=\"66a347df-c67b-45f3-aabe-677be1b17d06\" data-message-model-slug=\"gpt-5-2\">\n<div class=\"flex w-full flex-col gap-1 empty:hidden first:pt-[1px]\">\n<div class=\"markdown prose dark:prose-invert w-full break-words light markdown-new-styling\">\n<p data-start=\"0\" data-end=\"358\" data-is-last-node=\"\" data-is-only-node=\"\">Le Sumkcaps 2713 Custom Woven Label Sublimation Printing Bucket Hat est fabriqu\u00e9 \u00e0 partir d'un m\u00e9lange polyester\/coton durable et con\u00e7u pour des impressions vibrantes et durables. Avec sa forme classique de seau, son bord plat moderne et son \u00e9tiquette tiss\u00e9e personnalis\u00e9e, il offre confort, image de marque forte et style remarquable. Id\u00e9al pour le streetwear, les collections de mode et l'utilisation promotionnelle.<\/p>\n<\/div>\n<\/div>\n<\/div>\n<\/div>\n<\/div>\n<\/div>","protected":false},"featured_media":14770,"template":"","meta":{"_acf_changed":false,"_kad_blocks_custom_css":"","_kad_blocks_head_custom_js":"","_kad_blocks_body_custom_js":"","_kad_blocks_footer_custom_js":""},"product_brand":[],"product_cat":[55],"product_tag":[],"class_list":{"0":"post-14769","1":"product","2":"type-product","3":"status-publish","4":"has-post-thumbnail","6":"product_cat-bucket-hat-manufacturers","8":"first","9":"outofstock","10":"shipping-taxable","11":"product-type-simple"},"acf":[],"yoast_head":"<!-- This site is optimized with the Yoast SEO Premium plugin v20.8 (Yoast SEO v25.9) - https:\/\/yoast.com\/wordpress\/plugins\/seo\/ -->\n<title>Sufox Custom Woven Label Sublimation Printing Bucket Hats<\/title>\n<meta name=\"description\" content=\"Sumkcaps 2713 Custom Bucket Hat features sublimation printing, a woven label, flat bill, and OSFM fit\u2014perfect for streetwear and branding.\" \/>\n<meta name=\"robots\" content=\"index, follow, max-snippet:-1, max-image-preview:large, max-video-preview:-1\" \/>\n<link rel=\"canonical\" href=\"https:\/\/sumkcaps.com\/fr\/produit\/sufox-2713-etiquette-tissee-personnalisee-impression-par-sublimation-chapeaux-baquets\/\" \/>\n<meta property=\"og:locale\" content=\"fr_FR\" \/>\n<meta property=\"og:type\" content=\"article\" \/>\n<meta property=\"og:title\" content=\"Sumkcaps 2713 Custom Woven Label Sublimation Printing Bucket Hats - Sumkcaps\" \/>\n<meta property=\"og:description\" content=\"Sumkcaps 2713 Custom Bucket Hat features sublimation printing, a woven label, flat bill, and OSFM fit\u2014perfect for streetwear and branding.\" \/>\n<meta property=\"og:url\" content=\"https:\/\/sumkcaps.com\/fr\/produit\/sufox-2713-etiquette-tissee-personnalisee-impression-par-sublimation-chapeaux-baquets\/\" \/>\n<meta property=\"og:site_name\" content=\"Sumkcaps-China Original Headwear Manufacturer and Suppliers\" \/>\n<meta property=\"article:publisher\" content=\"https:\/\/www.facebook.com\/sumkcap\" \/>\n<meta property=\"article:modified_time\" content=\"2026-01-12T02:44:31+00:00\" \/>\n<meta property=\"og:image\" content=\"https:\/\/sumkcaps.com\/wp-content\/uploads\/2022\/09\/Full_printing_bucket_hat.jpg\" \/>\n\t<meta property=\"og:image:width\" content=\"1000\" \/>\n\t<meta property=\"og:image:height\" content=\"1000\" \/>\n\t<meta property=\"og:image:type\" content=\"image\/jpeg\" \/>\n<meta name=\"twitter:card\" content=\"summary_large_image\" \/>\n<meta name=\"twitter:label1\" content=\"Dur\u00e9e de lecture estim\u00e9e\" \/>\n\t<meta name=\"twitter:data1\" content=\"2 minutes\" \/>\n<script type=\"application\/ld+json\" class=\"yoast-schema-graph\">{\"@context\":\"https:\/\/schema.org\",\"@graph\":[{\"@type\":\"WebPage\",\"@id\":\"https:\/\/sumkcaps.com\/product\/sufox-2713-custom-woven-label-sublimation-printing-bucket-hats\/\",\"url\":\"https:\/\/sumkcaps.com\/product\/sufox-2713-custom-woven-label-sublimation-printing-bucket-hats\/\",\"name\":\"Sufox Custom Woven Label Sublimation Printing Bucket Hats\",\"isPartOf\":{\"@id\":\"https:\/\/sumkcaps.com\/#website\"},\"primaryImageOfPage\":{\"@id\":\"https:\/\/sumkcaps.com\/product\/sufox-2713-custom-woven-label-sublimation-printing-bucket-hats\/#primaryimage\"},\"image\":{\"@id\":\"https:\/\/sumkcaps.com\/product\/sufox-2713-custom-woven-label-sublimation-printing-bucket-hats\/#primaryimage\"},\"thumbnailUrl\":\"https:\/\/sumkcaps.com\/wp-content\/uploads\/2022\/09\/Full_printing_bucket_hat.jpg\",\"datePublished\":\"2022-09-15T05:17:24+00:00\",\"dateModified\":\"2026-01-12T02:44:31+00:00\",\"description\":\"Sumkcaps 2713 Custom Bucket Hat features sublimation printing, a woven label, flat bill, and OSFM fit\u2014perfect for streetwear and branding.\",\"breadcrumb\":{\"@id\":\"https:\/\/sumkcaps.com\/product\/sufox-2713-custom-woven-label-sublimation-printing-bucket-hats\/#breadcrumb\"},\"inLanguage\":\"fr-FR\",\"potentialAction\":[{\"@type\":\"ReadAction\",\"target\":[\"https:\/\/sumkcaps.com\/product\/sufox-2713-custom-woven-label-sublimation-printing-bucket-hats\/\"]}]},{\"@type\":\"ImageObject\",\"inLanguage\":\"fr-FR\",\"@id\":\"https:\/\/sumkcaps.com\/product\/sufox-2713-custom-woven-label-sublimation-printing-bucket-hats\/#primaryimage\",\"url\":\"https:\/\/sumkcaps.com\/wp-content\/uploads\/2022\/09\/Full_printing_bucket_hat.jpg\",\"contentUrl\":\"https:\/\/sumkcaps.com\/wp-content\/uploads\/2022\/09\/Full_printing_bucket_hat.jpg\",\"width\":1000,\"height\":1000},{\"@type\":\"BreadcrumbList\",\"@id\":\"https:\/\/sumkcaps.com\/product\/sufox-2713-custom-woven-label-sublimation-printing-bucket-hats\/#breadcrumb\",\"itemListElement\":[{\"@type\":\"ListItem\",\"position\":1,\"name\":\"Home\",\"item\":\"https:\/\/sumkcaps.com\/\"},{\"@type\":\"ListItem\",\"position\":2,\"name\":\"Products\",\"item\":\"https:\/\/sumkcaps.com\/product\/\"},{\"@type\":\"ListItem\",\"position\":3,\"name\":\"Sumkcaps 2713 Custom Woven Label Sublimation Printing Bucket Hats\"}]},{\"@type\":\"WebSite\",\"@id\":\"https:\/\/sumkcaps.com\/#website\",\"url\":\"https:\/\/sumkcaps.com\/\",\"name\":\"Sumkcaps-China Original Headwear Manufacturer and Suppliers\",\"description\":\"We are China Cap And Hat Original Factory, whose main business is to custom cap and hat as client&#039;s LOGO. Any cap style, any cap color, any qty, any material and qty is no problem. In one words, any small details can be customized as your request.\",\"publisher\":{\"@id\":\"https:\/\/sumkcaps.com\/#organization\"},\"potentialAction\":[{\"@type\":\"SearchAction\",\"target\":{\"@type\":\"EntryPoint\",\"urlTemplate\":\"https:\/\/sumkcaps.com\/?s={search_term_string}\"},\"query-input\":{\"@type\":\"PropertyValueSpecification\",\"valueRequired\":true,\"valueName\":\"search_term_string\"}}],\"inLanguage\":\"fr-FR\"},{\"@type\":\"Organization\",\"@id\":\"https:\/\/sumkcaps.com\/#organization\",\"name\":\"Sumkcaps-China Original Headwear Manufacturer and Suppliers\",\"url\":\"https:\/\/sumkcaps.com\/\",\"logo\":{\"@type\":\"ImageObject\",\"inLanguage\":\"fr-FR\",\"@id\":\"https:\/\/sumkcaps.com\/#\/schema\/logo\/image\/\",\"url\":\"https:\/\/sumkcaps.com\/wp-content\/uploads\/2025\/12\/1234.jpg\",\"contentUrl\":\"https:\/\/sumkcaps.com\/wp-content\/uploads\/2025\/12\/1234.jpg\",\"width\":800,\"height\":800,\"caption\":\"Sumkcaps-China Original Headwear Manufacturer and Suppliers\"},\"image\":{\"@id\":\"https:\/\/sumkcaps.com\/#\/schema\/logo\/image\/\"},\"sameAs\":[\"https:\/\/www.facebook.com\/sumkcap\",\"https:\/\/www.instagram.com\/sumkcaps7\/\",\"https:\/\/www.pinterest.com\/sumkcapschina\/\"]}]}<\/script>\n<!-- \/ Yoast SEO Premium plugin. -->","yoast_head_json":{"title":"Sufox Custom Woven Label Sublimation Printing Bucket Hats (Chapeaux Bucket)","description":"Le Sumkcaps 2713 Custom Bucket Hat est dot\u00e9 d'une impression par sublimation, d'une \u00e9tiquette tiss\u00e9e, d'une visi\u00e8re plate et d'une coupe OSFM - parfait pour le streetwear et le branding.","robots":{"index":"index","follow":"follow","max-snippet":"max-snippet:-1","max-image-preview":"max-image-preview:large","max-video-preview":"max-video-preview:-1"},"canonical":"https:\/\/sumkcaps.com\/fr\/produit\/sufox-2713-etiquette-tissee-personnalisee-impression-par-sublimation-chapeaux-baquets\/","og_locale":"fr_FR","og_type":"article","og_title":"Sumkcaps 2713 Custom Woven Label Sublimation Printing Bucket Hats - Sumkcaps","og_description":"Sumkcaps 2713 Custom Bucket Hat features sublimation printing, a woven label, flat bill, and OSFM fit\u2014perfect for streetwear and branding.","og_url":"https:\/\/sumkcaps.com\/fr\/produit\/sufox-2713-etiquette-tissee-personnalisee-impression-par-sublimation-chapeaux-baquets\/","og_site_name":"Sumkcaps-China Original Headwear Manufacturer and Suppliers","article_publisher":"https:\/\/www.facebook.com\/sumkcap","article_modified_time":"2026-01-12T02:44:31+00:00","og_image":[{"width":1000,"height":1000,"url":"https:\/\/sumkcaps.com\/wp-content\/uploads\/2022\/09\/Full_printing_bucket_hat.jpg","type":"image\/jpeg"}],"twitter_card":"summary_large_image","twitter_misc":{"Dur\u00e9e de lecture estim\u00e9e":"2 minutes"},"schema":{"@context":"https:\/\/schema.org","@graph":[{"@type":"WebPage","@id":"https:\/\/sumkcaps.com\/product\/sufox-2713-custom-woven-label-sublimation-printing-bucket-hats\/","url":"https:\/\/sumkcaps.com\/product\/sufox-2713-custom-woven-label-sublimation-printing-bucket-hats\/","name":"Sufox Custom Woven Label Sublimation Printing Bucket Hats (Chapeaux Bucket)","isPartOf":{"@id":"https:\/\/sumkcaps.com\/#website"},"primaryImageOfPage":{"@id":"https:\/\/sumkcaps.com\/product\/sufox-2713-custom-woven-label-sublimation-printing-bucket-hats\/#primaryimage"},"image":{"@id":"https:\/\/sumkcaps.com\/product\/sufox-2713-custom-woven-label-sublimation-printing-bucket-hats\/#primaryimage"},"thumbnailUrl":"https:\/\/sumkcaps.com\/wp-content\/uploads\/2022\/09\/Full_printing_bucket_hat.jpg","datePublished":"2022-09-15T05:17:24+00:00","dateModified":"2026-01-12T02:44:31+00:00","description":"Le Sumkcaps 2713 Custom Bucket Hat est dot\u00e9 d'une impression par sublimation, d'une \u00e9tiquette tiss\u00e9e, d'une visi\u00e8re plate et d'une coupe OSFM - parfait pour le streetwear et le branding.","breadcrumb":{"@id":"https:\/\/sumkcaps.com\/product\/sufox-2713-custom-woven-label-sublimation-printing-bucket-hats\/#breadcrumb"},"inLanguage":"fr-FR","potentialAction":[{"@type":"ReadAction","target":["https:\/\/sumkcaps.com\/product\/sufox-2713-custom-woven-label-sublimation-printing-bucket-hats\/"]}]},{"@type":"ImageObject","inLanguage":"fr-FR","@id":"https:\/\/sumkcaps.com\/product\/sufox-2713-custom-woven-label-sublimation-printing-bucket-hats\/#primaryimage","url":"https:\/\/sumkcaps.com\/wp-content\/uploads\/2022\/09\/Full_printing_bucket_hat.jpg","contentUrl":"https:\/\/sumkcaps.com\/wp-content\/uploads\/2022\/09\/Full_printing_bucket_hat.jpg","width":1000,"height":1000},{"@type":"BreadcrumbList","@id":"https:\/\/sumkcaps.com\/product\/sufox-2713-custom-woven-label-sublimation-printing-bucket-hats\/#breadcrumb","itemListElement":[{"@type":"ListItem","position":1,"name":"Home","item":"https:\/\/sumkcaps.com\/"},{"@type":"ListItem","position":2,"name":"Products","item":"https:\/\/sumkcaps.com\/product\/"},{"@type":"ListItem","position":3,"name":"Sumkcaps 2713 Custom Woven Label Sublimation Printing Bucket Hats"}]},{"@type":"WebSite","@id":"https:\/\/sumkcaps.com\/#website","url":"https:\/\/sumkcaps.com\/","name":"Sumkcaps - Fabricant et fournisseur chinois de couvre-chefs originaux","description":"Nous sommes une entreprise chinoise de fabrication de casquettes et de chapeaux, dont l'activit\u00e9 principale consiste \u00e0 personnaliser les casquettes et les chapeaux en fonction du LOGO du client. Tous les styles de casquettes, toutes les couleurs de casquettes, toutes les quantit\u00e9s, tous les mat\u00e9riaux et toutes les quantit\u00e9s ne posent aucun probl\u00e8me. En d'autres termes, tous les petits d\u00e9tails peuvent \u00eatre personnalis\u00e9s selon votre demande.","publisher":{"@id":"https:\/\/sumkcaps.com\/#organization"},"potentialAction":[{"@type":"SearchAction","target":{"@type":"EntryPoint","urlTemplate":"https:\/\/sumkcaps.com\/?s={search_term_string}"},"query-input":{"@type":"PropertyValueSpecification","valueRequired":true,"valueName":"search_term_string"}}],"inLanguage":"fr-FR"},{"@type":"Organization","@id":"https:\/\/sumkcaps.com\/#organization","name":"Sumkcaps - Fabricant et fournisseur chinois de couvre-chefs originaux","url":"https:\/\/sumkcaps.com\/","logo":{"@type":"ImageObject","inLanguage":"fr-FR","@id":"https:\/\/sumkcaps.com\/#\/schema\/logo\/image\/","url":"https:\/\/sumkcaps.com\/wp-content\/uploads\/2025\/12\/1234.jpg","contentUrl":"https:\/\/sumkcaps.com\/wp-content\/uploads\/2025\/12\/1234.jpg","width":800,"height":800,"caption":"Sumkcaps-China Original Headwear Manufacturer and Suppliers"},"image":{"@id":"https:\/\/sumkcaps.com\/#\/schema\/logo\/image\/"},"sameAs":["https:\/\/www.facebook.com\/sumkcap","https:\/\/www.instagram.com\/sumkcaps7\/","https:\/\/www.pinterest.com\/sumkcapschina\/"]}]}},"taxonomy_info":{"product_cat":[{"value":55,"label":"Bucket Hat Wholesale"}]},"featured_image_src_large":["https:\/\/sumkcaps.com\/wp-content\/uploads\/2022\/09\/Full_printing_bucket_hat.jpg",800,800,false],"author_info":[],"comment_info":"","_links":{"self":[{"href":"https:\/\/sumkcaps.com\/fr\/wp-json\/wp\/v2\/product\/14769","targetHints":{"allow":["GET"]}}],"collection":[{"href":"https:\/\/sumkcaps.com\/fr\/wp-json\/wp\/v2\/product"}],"about":[{"href":"https:\/\/sumkcaps.com\/fr\/wp-json\/wp\/v2\/types\/product"}],"wp:featuredmedia":[{"embeddable":true,"href":"https:\/\/sumkcaps.com\/fr\/wp-json\/wp\/v2\/media\/14770"}],"wp:attachment":[{"href":"https:\/\/sumkcaps.com\/fr\/wp-json\/wp\/v2\/media?parent=14769"}],"wp:term":[{"taxonomy":"product_brand","embeddable":true,"href":"https:\/\/sumkcaps.com\/fr\/wp-json\/wp\/v2\/product_brand?post=14769"},{"taxonomy":"product_cat","embeddable":true,"href":"https:\/\/sumkcaps.com\/fr\/wp-json\/wp\/v2\/product_cat?post=14769"},{"taxonomy":"product_tag","embeddable":true,"href":"https:\/\/sumkcaps.com\/fr\/wp-json\/wp\/v2\/product_tag?post=14769"}],"curies":[{"name":"wp","href":"https:\/\/api.w.org\/{rel}","templated":true}]}}