{"id":14763,"date":"2022-09-15T13:05:58","date_gmt":"2022-09-15T05:05:58","guid":{"rendered":"https:\/\/sumkcaps.com\/?post_type=product&#038;p=14763"},"modified":"2026-01-12T10:56:24","modified_gmt":"2026-01-12T02:56:24","slug":"sufox-2712-custom-rubber-patch-full-printing-bucket-hats","status":"publish","type":"product","link":"https:\/\/sumkcaps.com\/fr\/produit\/sufox-2712-casquettes-de-baseball-avec-patch-en-caoutchouc-et-impression-complete\/","title":{"rendered":"Sumkcaps 2712 Custom Rubber Patch Full Printing Bucket Hats"},"content":{"rendered":"<div class=\"flex flex-col text-sm pb-25\">\n<article class=\"text-token-text-primary w-full focus:outline-none [--shadow-height:45px] has-data-writing-block:pointer-events-none has-data-writing-block:-mt-(--shadow-height) has-data-writing-block:pt-(--shadow-height) [&amp;:has([data-writing-block])&gt;*]:pointer-events-auto scroll-mt-[calc(var(--header-height)+min(200px,max(70px,20svh)))]\" dir=\"auto\" tabindex=\"-1\" data-turn-id=\"request-WEB:a19c8f3b-d9f5-4531-9910-bb9043c76dce-11\" data-testid=\"conversation-turn-24\" data-scroll-anchor=\"true\" data-turn=\"assistant\">\n<div class=\"text-base my-auto mx-auto pb-10 [--thread-content-margin:--spacing(4)] @w-sm\/main:[--thread-content-margin:--spacing(6)] @w-lg\/main:[--thread-content-margin:--spacing(16)] px-(--thread-content-margin)\">\n<div class=\"[--thread-content-max-width:40rem] @w-lg\/main:[--thread-content-max-width:48rem] mx-auto max-w-(--thread-content-max-width) flex-1 group\/turn-messages focus-visible:outline-hidden relative flex w-full min-w-0 flex-col agent-turn\" tabindex=\"-1\">\n<div class=\"flex max-w-full flex-col grow\">\n<div class=\"min-h-8 text-message relative flex w-full flex-col items-end gap-2 text-start break-words whitespace-normal [.text-message+&amp;]:mt-1\" dir=\"auto\" data-message-author-role=\"assistant\" data-message-id=\"cbddbcd5-59c1-430e-8903-ccef19375895\" data-message-model-slug=\"gpt-5-mini\">\n<div class=\"flex w-full flex-col gap-1 empty:hidden first:pt-[1px]\">\n<div class=\"markdown prose dark:prose-invert w-full break-words light markdown-new-styling\">\n<h3 data-start=\"94\" data-end=\"133\">D\u00e9coration<\/h3>\n<p data-start=\"134\" data-end=\"519\">Cette casquette se caract\u00e9rise par une impression personnalis\u00e9e sur toute la surface, combin\u00e9e \u00e0 un \u00e9cusson en caoutchouc de qualit\u00e9 sup\u00e9rieure pour la promotion de la marque ou \u00e0 des fins d\u00e9coratives. Le patch en caoutchouc ajoute un \u00e9l\u00e9ment tactile en 3D et un accent visuel durable, tandis que l'impression int\u00e9grale permet de cr\u00e9er des motifs d\u00e9taill\u00e9s et \u00e9clatants sur l'ensemble de la casquette. Id\u00e9al pour le streetwear, les articles promotionnels ou les collections de mode \u00e0 la recherche d'un style audacieux et d'une grande visibilit\u00e9 de la marque.<\/p>\n<h3 data-start=\"526\" data-end=\"548\">Mat\u00e9riau<\/h3>\n<p data-start=\"549\" data-end=\"913\">Fabriqu\u00e9 en nylon de haute qualit\u00e9, ce chapeau baquet est l\u00e9ger, durable et r\u00e9sistant \u00e0 l'usure. La surface lisse du nylon rehausse l'\u00e9clat des motifs imprim\u00e9s et garantit une conservation durable des couleurs. Ses propri\u00e9t\u00e9s de s\u00e9chage rapide et de respirabilit\u00e9 en font un produit adapt\u00e9 aux activit\u00e9s de plein air, aux voyages et \u00e0 l'usage quotidien, alliant praticit\u00e9 et style accrocheur.<\/p>\n<h3 data-start=\"920\" data-end=\"944\">Forme<\/h3>\n<p data-start=\"945\" data-end=\"1279\">Con\u00e7u avec une silhouette classique de chapeau baquet, ce mod\u00e8le offre un look intemporel et d\u00e9contract\u00e9. La couronne structur\u00e9e et le bord de forme r\u00e9guli\u00e8re cr\u00e9ent un profil net et polyvalent qui convient \u00e0 toutes les saisons. Sa forme populaire s\u00e9duit un large public, ce qui le rend id\u00e9al pour les marques de streetwear, les collections lifestyle et les march\u00e9s de la mode d\u00e9contract\u00e9e.<\/p>\n<h3 data-start=\"1286\" data-end=\"1306\">Couleur<\/h3>\n<p data-start=\"1307\" data-end=\"1664\">Ce chapeau seau permet une personnalisation compl\u00e8te des couleurs pour correspondre aux directives de la marque ou \u00e0 des conceptions cr\u00e9atives. Des motifs audacieux aux tons subtils, les options de couleurs personnalis\u00e9es offrent une grande flexibilit\u00e9 pour un style unique. Associ\u00e9 \u00e0 une impression compl\u00e8te, le chapeau devient un accessoire remarquable qui peut refl\u00e9ter les tendances saisonni\u00e8res, l'identit\u00e9 de la marque ou les th\u00e8mes promotionnels avec pr\u00e9cision et style.<\/p>\n<h3 data-start=\"1671\" data-end=\"1694\">Visi\u00e8re<\/h3>\n<p data-start=\"1695\" data-end=\"2025\">Dot\u00e9 d'un bord plat, ce chapeau seau offre un look contemporain et structur\u00e9 tout en offrant une couverture compl\u00e8te. Le bord plat rehausse le style et la fonctionnalit\u00e9, apportant une touche de modernit\u00e9 \u00e0 la casquette classique. Ce mod\u00e8le s\u00e9duit les amateurs de mode et les adeptes du streetwear \u00e0 la recherche d'une silhouette nette et audacieuse.<\/p>\n<h3 data-start=\"2032\" data-end=\"2067\">Taille<\/h3>\n<p data-start=\"2068\" data-end=\"2400\">Avec une conception de taille unique, ce chapeau seau s'adapte confortablement aux tailles de t\u00eate de 7 \u00e0 7 3\/4. Sa construction \u00e9quilibr\u00e9e garantit un ajustement s\u00fbr mais d\u00e9contract\u00e9 pour la plupart des porteurs. Cette taille standardis\u00e9e convient \u00e0 un usage unisexe, aux commandes en gros, \u00e0 la distribution au d\u00e9tail et aux campagnes promotionnelles, ce qui simplifie la gestion des stocks.<\/p>\n<h3 data-start=\"2407\" data-end=\"2428\">D\u00e9lai d'ex\u00e9cution<\/h3>\n<p data-start=\"2429\" data-end=\"2744\" data-is-last-node=\"\" data-is-only-node=\"\">Une production efficace garantit une livraison dans les d\u00e9lais. La production d'\u00e9chantillons prend de 7 \u00e0 9 jours ouvrables pour la confirmation de la conception, et la production de masse est achev\u00e9e dans un d\u00e9lai de 18 \u00e0 22 jours ouvrables. Ce d\u00e9lai fiable est id\u00e9al pour les marques qui pr\u00e9voient des collections saisonni\u00e8res, des marchandises \u00e9v\u00e9nementielles ou des commandes en gros, sans compromettre la qualit\u00e9.<\/p>\n<\/div>\n<\/div>\n<\/div>\n<\/div>\n<\/div>\n<\/div>\n<\/article>\n<\/div>","protected":false},"excerpt":{"rendered":"<p>Le Sumkcaps 2712 Custom Rubber Patch Full Printing Bucket Hat est fabriqu\u00e9 en nylon durable avec une impression vibrante sur toute la surface et un patch en caoutchouc de premi\u00e8re qualit\u00e9. De forme classique, avec un bord plat et une coupe OSFM, il offre confort, style et un fort attrait pour la marque. Id\u00e9al pour le streetwear, les collections de mode et l'utilisation promotionnelle.<\/p>","protected":false},"featured_media":14764,"template":"","meta":{"_acf_changed":false,"_kad_blocks_custom_css":"","_kad_blocks_head_custom_js":"","_kad_blocks_body_custom_js":"","_kad_blocks_footer_custom_js":""},"product_brand":[],"product_cat":[55],"product_tag":[],"class_list":{"0":"post-14763","1":"product","2":"type-product","3":"status-publish","4":"has-post-thumbnail","6":"product_cat-bucket-hat-manufacturers","8":"first","9":"outofstock","10":"shipping-taxable","11":"product-type-simple"},"acf":[],"yoast_head":"<!-- This site is optimized with the Yoast SEO Premium plugin v20.8 (Yoast SEO v25.9) - https:\/\/yoast.com\/wordpress\/plugins\/seo\/ -->\n<title>Sufox Custom Rubber Patch Full Printing Bucket Hats<\/title>\n<meta name=\"description\" content=\"Sumkcaps 2712 Custom Nylon Bucket Hat features full printing, a rubber patch, flat bill, and OSFM fit\u2014perfect for streetwear and branding.\" \/>\n<meta name=\"robots\" content=\"index, follow, max-snippet:-1, max-image-preview:large, max-video-preview:-1\" \/>\n<link rel=\"canonical\" href=\"https:\/\/sumkcaps.com\/fr\/produit\/sufox-2712-casquettes-de-baseball-avec-patch-en-caoutchouc-et-impression-complete\/\" \/>\n<meta property=\"og:locale\" content=\"fr_FR\" \/>\n<meta property=\"og:type\" content=\"article\" \/>\n<meta property=\"og:title\" content=\"Sumkcaps 2712 Custom Rubber Patch Full Printing Bucket Hats - Sumkcaps\" \/>\n<meta property=\"og:description\" content=\"Sumkcaps 2712 Custom Nylon Bucket Hat features full printing, a rubber patch, flat bill, and OSFM fit\u2014perfect for streetwear and branding.\" \/>\n<meta property=\"og:url\" content=\"https:\/\/sumkcaps.com\/fr\/produit\/sufox-2712-casquettes-de-baseball-avec-patch-en-caoutchouc-et-impression-complete\/\" \/>\n<meta property=\"og:site_name\" content=\"Sumkcaps-China Original Headwear Manufacturer and Suppliers\" \/>\n<meta property=\"article:publisher\" content=\"https:\/\/www.facebook.com\/sumkcap\" \/>\n<meta property=\"article:modified_time\" content=\"2026-01-12T02:56:24+00:00\" \/>\n<meta property=\"og:image\" content=\"https:\/\/sumkcaps.com\/wp-content\/uploads\/2022\/09\/full_printing_bucket_hat-1.jpg\" \/>\n\t<meta property=\"og:image:width\" content=\"1000\" \/>\n\t<meta property=\"og:image:height\" content=\"1000\" \/>\n\t<meta property=\"og:image:type\" content=\"image\/jpeg\" \/>\n<meta name=\"twitter:card\" content=\"summary_large_image\" \/>\n<meta name=\"twitter:label1\" content=\"Dur\u00e9e de lecture estim\u00e9e\" \/>\n\t<meta name=\"twitter:data1\" content=\"2 minutes\" \/>\n<script type=\"application\/ld+json\" class=\"yoast-schema-graph\">{\"@context\":\"https:\/\/schema.org\",\"@graph\":[{\"@type\":\"WebPage\",\"@id\":\"https:\/\/sumkcaps.com\/product\/sufox-2712-custom-rubber-patch-full-printing-bucket-hats\/\",\"url\":\"https:\/\/sumkcaps.com\/product\/sufox-2712-custom-rubber-patch-full-printing-bucket-hats\/\",\"name\":\"Sufox Custom Rubber Patch Full Printing Bucket Hats\",\"isPartOf\":{\"@id\":\"https:\/\/sumkcaps.com\/#website\"},\"primaryImageOfPage\":{\"@id\":\"https:\/\/sumkcaps.com\/product\/sufox-2712-custom-rubber-patch-full-printing-bucket-hats\/#primaryimage\"},\"image\":{\"@id\":\"https:\/\/sumkcaps.com\/product\/sufox-2712-custom-rubber-patch-full-printing-bucket-hats\/#primaryimage\"},\"thumbnailUrl\":\"https:\/\/sumkcaps.com\/wp-content\/uploads\/2022\/09\/full_printing_bucket_hat-1.jpg\",\"datePublished\":\"2022-09-15T05:05:58+00:00\",\"dateModified\":\"2026-01-12T02:56:24+00:00\",\"description\":\"Sumkcaps 2712 Custom Nylon Bucket Hat features full printing, a rubber patch, flat bill, and OSFM fit\u2014perfect for streetwear and branding.\",\"breadcrumb\":{\"@id\":\"https:\/\/sumkcaps.com\/product\/sufox-2712-custom-rubber-patch-full-printing-bucket-hats\/#breadcrumb\"},\"inLanguage\":\"fr-FR\",\"potentialAction\":[{\"@type\":\"ReadAction\",\"target\":[\"https:\/\/sumkcaps.com\/product\/sufox-2712-custom-rubber-patch-full-printing-bucket-hats\/\"]}]},{\"@type\":\"ImageObject\",\"inLanguage\":\"fr-FR\",\"@id\":\"https:\/\/sumkcaps.com\/product\/sufox-2712-custom-rubber-patch-full-printing-bucket-hats\/#primaryimage\",\"url\":\"https:\/\/sumkcaps.com\/wp-content\/uploads\/2022\/09\/full_printing_bucket_hat-1.jpg\",\"contentUrl\":\"https:\/\/sumkcaps.com\/wp-content\/uploads\/2022\/09\/full_printing_bucket_hat-1.jpg\",\"width\":1000,\"height\":1000},{\"@type\":\"BreadcrumbList\",\"@id\":\"https:\/\/sumkcaps.com\/product\/sufox-2712-custom-rubber-patch-full-printing-bucket-hats\/#breadcrumb\",\"itemListElement\":[{\"@type\":\"ListItem\",\"position\":1,\"name\":\"Home\",\"item\":\"https:\/\/sumkcaps.com\/\"},{\"@type\":\"ListItem\",\"position\":2,\"name\":\"Products\",\"item\":\"https:\/\/sumkcaps.com\/product\/\"},{\"@type\":\"ListItem\",\"position\":3,\"name\":\"Sumkcaps 2712 Custom Rubber Patch Full Printing Bucket Hats\"}]},{\"@type\":\"WebSite\",\"@id\":\"https:\/\/sumkcaps.com\/#website\",\"url\":\"https:\/\/sumkcaps.com\/\",\"name\":\"Sumkcaps-China Original Headwear Manufacturer and Suppliers\",\"description\":\"We are China Cap And Hat Original Factory, whose main business is to custom cap and hat as client&#039;s LOGO. Any cap style, any cap color, any qty, any material and qty is no problem. In one words, any small details can be customized as your request.\",\"publisher\":{\"@id\":\"https:\/\/sumkcaps.com\/#organization\"},\"potentialAction\":[{\"@type\":\"SearchAction\",\"target\":{\"@type\":\"EntryPoint\",\"urlTemplate\":\"https:\/\/sumkcaps.com\/?s={search_term_string}\"},\"query-input\":{\"@type\":\"PropertyValueSpecification\",\"valueRequired\":true,\"valueName\":\"search_term_string\"}}],\"inLanguage\":\"fr-FR\"},{\"@type\":\"Organization\",\"@id\":\"https:\/\/sumkcaps.com\/#organization\",\"name\":\"Sumkcaps-China Original Headwear Manufacturer and Suppliers\",\"url\":\"https:\/\/sumkcaps.com\/\",\"logo\":{\"@type\":\"ImageObject\",\"inLanguage\":\"fr-FR\",\"@id\":\"https:\/\/sumkcaps.com\/#\/schema\/logo\/image\/\",\"url\":\"https:\/\/sumkcaps.com\/wp-content\/uploads\/2025\/12\/1234.jpg\",\"contentUrl\":\"https:\/\/sumkcaps.com\/wp-content\/uploads\/2025\/12\/1234.jpg\",\"width\":800,\"height\":800,\"caption\":\"Sumkcaps-China Original Headwear Manufacturer and Suppliers\"},\"image\":{\"@id\":\"https:\/\/sumkcaps.com\/#\/schema\/logo\/image\/\"},\"sameAs\":[\"https:\/\/www.facebook.com\/sumkcap\",\"https:\/\/www.instagram.com\/sumkcaps7\/\",\"https:\/\/www.pinterest.com\/sumkcapschina\/\"]}]}<\/script>\n<!-- \/ Yoast SEO Premium plugin. -->","yoast_head_json":{"title":"Sufox Custom Rubber Patch Full Printing Bucket Hats","description":"Le Sumkcaps 2712 Custom Nylon Bucket Hat pr\u00e9sente une impression compl\u00e8te, un patch en caoutchouc, un bord plat et une coupe OSFM - parfait pour le streetwear et le branding.","robots":{"index":"index","follow":"follow","max-snippet":"max-snippet:-1","max-image-preview":"max-image-preview:large","max-video-preview":"max-video-preview:-1"},"canonical":"https:\/\/sumkcaps.com\/fr\/produit\/sufox-2712-casquettes-de-baseball-avec-patch-en-caoutchouc-et-impression-complete\/","og_locale":"fr_FR","og_type":"article","og_title":"Sumkcaps 2712 Custom Rubber Patch Full Printing Bucket Hats - Sumkcaps","og_description":"Sumkcaps 2712 Custom Nylon Bucket Hat features full printing, a rubber patch, flat bill, and OSFM fit\u2014perfect for streetwear and branding.","og_url":"https:\/\/sumkcaps.com\/fr\/produit\/sufox-2712-casquettes-de-baseball-avec-patch-en-caoutchouc-et-impression-complete\/","og_site_name":"Sumkcaps-China Original Headwear Manufacturer and Suppliers","article_publisher":"https:\/\/www.facebook.com\/sumkcap","article_modified_time":"2026-01-12T02:56:24+00:00","og_image":[{"width":1000,"height":1000,"url":"https:\/\/sumkcaps.com\/wp-content\/uploads\/2022\/09\/full_printing_bucket_hat-1.jpg","type":"image\/jpeg"}],"twitter_card":"summary_large_image","twitter_misc":{"Dur\u00e9e de lecture estim\u00e9e":"2 minutes"},"schema":{"@context":"https:\/\/schema.org","@graph":[{"@type":"WebPage","@id":"https:\/\/sumkcaps.com\/product\/sufox-2712-custom-rubber-patch-full-printing-bucket-hats\/","url":"https:\/\/sumkcaps.com\/product\/sufox-2712-custom-rubber-patch-full-printing-bucket-hats\/","name":"Sufox Custom Rubber Patch Full Printing Bucket Hats","isPartOf":{"@id":"https:\/\/sumkcaps.com\/#website"},"primaryImageOfPage":{"@id":"https:\/\/sumkcaps.com\/product\/sufox-2712-custom-rubber-patch-full-printing-bucket-hats\/#primaryimage"},"image":{"@id":"https:\/\/sumkcaps.com\/product\/sufox-2712-custom-rubber-patch-full-printing-bucket-hats\/#primaryimage"},"thumbnailUrl":"https:\/\/sumkcaps.com\/wp-content\/uploads\/2022\/09\/full_printing_bucket_hat-1.jpg","datePublished":"2022-09-15T05:05:58+00:00","dateModified":"2026-01-12T02:56:24+00:00","description":"Le Sumkcaps 2712 Custom Nylon Bucket Hat pr\u00e9sente une impression compl\u00e8te, un patch en caoutchouc, un bord plat et une coupe OSFM - parfait pour le streetwear et le branding.","breadcrumb":{"@id":"https:\/\/sumkcaps.com\/product\/sufox-2712-custom-rubber-patch-full-printing-bucket-hats\/#breadcrumb"},"inLanguage":"fr-FR","potentialAction":[{"@type":"ReadAction","target":["https:\/\/sumkcaps.com\/product\/sufox-2712-custom-rubber-patch-full-printing-bucket-hats\/"]}]},{"@type":"ImageObject","inLanguage":"fr-FR","@id":"https:\/\/sumkcaps.com\/product\/sufox-2712-custom-rubber-patch-full-printing-bucket-hats\/#primaryimage","url":"https:\/\/sumkcaps.com\/wp-content\/uploads\/2022\/09\/full_printing_bucket_hat-1.jpg","contentUrl":"https:\/\/sumkcaps.com\/wp-content\/uploads\/2022\/09\/full_printing_bucket_hat-1.jpg","width":1000,"height":1000},{"@type":"BreadcrumbList","@id":"https:\/\/sumkcaps.com\/product\/sufox-2712-custom-rubber-patch-full-printing-bucket-hats\/#breadcrumb","itemListElement":[{"@type":"ListItem","position":1,"name":"Home","item":"https:\/\/sumkcaps.com\/"},{"@type":"ListItem","position":2,"name":"Products","item":"https:\/\/sumkcaps.com\/product\/"},{"@type":"ListItem","position":3,"name":"Sumkcaps 2712 Custom Rubber Patch Full Printing Bucket Hats"}]},{"@type":"WebSite","@id":"https:\/\/sumkcaps.com\/#website","url":"https:\/\/sumkcaps.com\/","name":"Sumkcaps - Fabricant et fournisseur chinois de couvre-chefs originaux","description":"Nous sommes une entreprise chinoise de fabrication de casquettes et de chapeaux, dont l'activit\u00e9 principale consiste \u00e0 personnaliser les casquettes et les chapeaux en fonction du LOGO du client. Tous les styles de casquettes, toutes les couleurs de casquettes, toutes les quantit\u00e9s, tous les mat\u00e9riaux et toutes les quantit\u00e9s ne posent aucun probl\u00e8me. En d'autres termes, tous les petits d\u00e9tails peuvent \u00eatre personnalis\u00e9s selon votre demande.","publisher":{"@id":"https:\/\/sumkcaps.com\/#organization"},"potentialAction":[{"@type":"SearchAction","target":{"@type":"EntryPoint","urlTemplate":"https:\/\/sumkcaps.com\/?s={search_term_string}"},"query-input":{"@type":"PropertyValueSpecification","valueRequired":true,"valueName":"search_term_string"}}],"inLanguage":"fr-FR"},{"@type":"Organization","@id":"https:\/\/sumkcaps.com\/#organization","name":"Sumkcaps - Fabricant et fournisseur chinois de couvre-chefs originaux","url":"https:\/\/sumkcaps.com\/","logo":{"@type":"ImageObject","inLanguage":"fr-FR","@id":"https:\/\/sumkcaps.com\/#\/schema\/logo\/image\/","url":"https:\/\/sumkcaps.com\/wp-content\/uploads\/2025\/12\/1234.jpg","contentUrl":"https:\/\/sumkcaps.com\/wp-content\/uploads\/2025\/12\/1234.jpg","width":800,"height":800,"caption":"Sumkcaps-China Original Headwear Manufacturer and Suppliers"},"image":{"@id":"https:\/\/sumkcaps.com\/#\/schema\/logo\/image\/"},"sameAs":["https:\/\/www.facebook.com\/sumkcap","https:\/\/www.instagram.com\/sumkcaps7\/","https:\/\/www.pinterest.com\/sumkcapschina\/"]}]}},"taxonomy_info":{"product_cat":[{"value":55,"label":"Bucket Hat Wholesale"}]},"featured_image_src_large":["https:\/\/sumkcaps.com\/wp-content\/uploads\/2022\/09\/full_printing_bucket_hat-1.jpg",800,800,false],"author_info":[],"comment_info":"","_links":{"self":[{"href":"https:\/\/sumkcaps.com\/fr\/wp-json\/wp\/v2\/product\/14763","targetHints":{"allow":["GET"]}}],"collection":[{"href":"https:\/\/sumkcaps.com\/fr\/wp-json\/wp\/v2\/product"}],"about":[{"href":"https:\/\/sumkcaps.com\/fr\/wp-json\/wp\/v2\/types\/product"}],"wp:featuredmedia":[{"embeddable":true,"href":"https:\/\/sumkcaps.com\/fr\/wp-json\/wp\/v2\/media\/14764"}],"wp:attachment":[{"href":"https:\/\/sumkcaps.com\/fr\/wp-json\/wp\/v2\/media?parent=14763"}],"wp:term":[{"taxonomy":"product_brand","embeddable":true,"href":"https:\/\/sumkcaps.com\/fr\/wp-json\/wp\/v2\/product_brand?post=14763"},{"taxonomy":"product_cat","embeddable":true,"href":"https:\/\/sumkcaps.com\/fr\/wp-json\/wp\/v2\/product_cat?post=14763"},{"taxonomy":"product_tag","embeddable":true,"href":"https:\/\/sumkcaps.com\/fr\/wp-json\/wp\/v2\/product_tag?post=14763"}],"curies":[{"name":"wp","href":"https:\/\/api.w.org\/{rel}","templated":true}]}}