{"id":14750,"date":"2022-09-15T11:07:26","date_gmt":"2022-09-15T03:07:26","guid":{"rendered":"https:\/\/sumkcaps.com\/?post_type=product&#038;p=14750"},"modified":"2025-12-04T11:38:36","modified_gmt":"2025-12-04T03:38:36","slug":"sufox-2715-custom-wide-brim-foldable-boonie-hats-bucket-hats","status":"publish","type":"product","link":"https:\/\/sumkcaps.com\/fr\/produit\/sufox-2715-custom-wide-brim-foldable-boonie-hats-bucket-hats\/","title":{"rendered":"Sumkcaps 2715 Chapeaux Boonie \u00e0 large bord pliables personnalis\u00e9s"},"content":{"rendered":"<h3 data-start=\"610\" data-end=\"630\"><strong data-start=\"614\" data-end=\"628\">D\u00e9coration<\/strong><\/h3>\n<p data-start=\"631\" data-end=\"873\">Les options de personnalisation comprennent la broderie, les \u00e9cussons tiss\u00e9s, les \u00e9cussons en caoutchouc, l'impression et l'application d'\u00e9tiquettes. Vous pouvez choisir librement les m\u00e9thodes de personnalisation qui correspondent \u00e0 votre style, en vous assurant que votre logo ou votre illustration soit net et r\u00e9sistant \u00e0 l'usage ext\u00e9rieur.<\/p>\n<h3 data-start=\"875\" data-end=\"893\"><strong data-start=\"879\" data-end=\"891\">Mat\u00e9riau<\/strong><\/h3>\n<p data-start=\"894\" data-end=\"1138\">Fabriqu\u00e9 \u00e0 partir de polyester de haute qualit\u00e9, ce chapeau offre un confort l\u00e9ger, un s\u00e9chage rapide et une grande durabilit\u00e9. Le tissu r\u00e9siste aux plis, se plie facilement pour voyager et offre une excellente fiabilit\u00e9 par tous les temps pour une utilisation en ext\u00e9rieur ou au quotidien.<\/p>\n<h3 data-start=\"1140\" data-end=\"1155\"><strong data-start=\"1144\" data-end=\"1153\">Forme<\/strong><\/h3>\n<p data-start=\"1156\" data-end=\"1399\">Con\u00e7u dans un style classique avec un large bord de type boonie. Son design pliable facilite son rangement, tandis que sa couverture int\u00e9grale offre une protection accrue contre le soleil lors de randonn\u00e9es, de parties de p\u00eache, de voyages ou d'activit\u00e9s en plein air.<\/p>\n<h3 data-start=\"1401\" data-end=\"1416\"><strong data-start=\"1405\" data-end=\"1414\">Couleur<\/strong><\/h3>\n<p data-start=\"1417\" data-end=\"1641\">Disponible dans des couleurs personnalis\u00e9es pour s'harmoniser avec la palette de couleurs de votre marque, les exigences en mati\u00e8re d'uniformes ou les th\u00e8mes de vos \u00e9v\u00e9nements. Le rouge standard est \u00e9galement propos\u00e9 comme option pr\u00eate \u00e0 l'emploi, vous offrant \u00e0 la fois flexibilit\u00e9 et rapidit\u00e9 de d\u00e9cision pour diff\u00e9rents besoins en mati\u00e8re de conception.<\/p>\n<h3 data-start=\"1643\" data-end=\"1658\"><strong data-start=\"1647\" data-end=\"1656\">Visi\u00e8re<\/strong><\/h3>\n<p data-start=\"1659\" data-end=\"1872\">Dot\u00e9 d'une visi\u00e8re plate qui conserve une silhouette \u00e9pur\u00e9e et structur\u00e9e. Ce design am\u00e9liore la protection solaire, ajoute une touche esth\u00e9tique moderne et permet au chapeau de conserver son aspect impeccable m\u00eame apr\u00e8s avoir \u00e9t\u00e9 pli\u00e9 et rang\u00e9 \u00e0 plusieurs reprises.<\/p>\n<h3 data-start=\"1874\" data-end=\"1894\"><strong data-start=\"1878\" data-end=\"1892\">Taille<\/strong><\/h3>\n<p data-start=\"1895\" data-end=\"2109\">Con\u00e7u en taille unique (7\u20137 3\/4), il offre un ajustement universel confortable. Ce chapeau s'adapte \u00e0 la plupart des tailles de t\u00eate et peut \u00eatre facilement port\u00e9 par les \u00e9quipes en ext\u00e9rieur, les groupes de personnel ou les clients dans les magasins, sans avoir besoin de plusieurs tailles.<\/p>\n<h3 data-start=\"124\" data-end=\"137\"><strong data-start=\"128\" data-end=\"135\">MOQ<\/strong><\/h3>\n<p data-start=\"138\" data-end=\"366\">La quantit\u00e9 minimale de commande est de 200 pi\u00e8ces par motif et par couleur, ce qui vous offre une grande flexibilit\u00e9 pour vos projets de branding, vos uniformes d'\u00e9quipe, vos \u00e9v\u00e9nements en plein air ou vos collections de vente au d\u00e9tail, tout en garantissant une production efficace et un contr\u00f4le qualit\u00e9 constant.<\/p>\n<h3 data-start=\"368\" data-end=\"385\"><strong data-start=\"372\" data-end=\"383\">Service<\/strong><\/h3>\n<p data-start=\"386\" data-end=\"608\">Nous fournissons des services OEM et ODM complets, prenant en charge le d\u00e9veloppement de designs personnalis\u00e9s, le perfectionnement des \u00e9chantillons, le placement de marques et des solutions de production compl\u00e8tes pour vous aider \u00e0 cr\u00e9er des chapeaux boonie uniques adapt\u00e9s aux besoins pr\u00e9cis de votre march\u00e9.<\/p>\n<h3 data-start=\"2111\" data-end=\"2136\"><strong data-start=\"2115\" data-end=\"2134\">D\u00e9lai d'ex\u00e9cution<\/strong><\/h3>\n<p data-start=\"2137\" data-end=\"2346\">La cr\u00e9ation d'\u00e9chantillons prend entre 7 et 9 jours ouvrables. La production n\u00e9cessite entre 18 et 22 jours ouvrables, ce qui garantit un \u00e9quilibre entre rapidit\u00e9 et savoir-faire pour les commandes personnalis\u00e9es, tout en laissant le temps n\u00e9cessaire pour un branding pr\u00e9cis et des contr\u00f4les qualit\u00e9.<\/p>","protected":false},"excerpt":{"rendered":"<p>Sumkcaps 2715 Custom Wide Brim Foldable Boonie Hats Bucket Hat Is Fashion and Keep Your Product Unique. Le meilleur choix pour promouvoir votre marque.<\/p>","protected":false},"featured_media":14751,"template":"","meta":{"_acf_changed":false,"_kad_blocks_custom_css":"","_kad_blocks_head_custom_js":"","_kad_blocks_body_custom_js":"","_kad_blocks_footer_custom_js":""},"product_brand":[],"product_cat":[55,963],"product_tag":[],"class_list":{"0":"post-14750","1":"product","2":"type-product","3":"status-publish","4":"has-post-thumbnail","6":"product_cat-bucket-hat-manufacturers","7":"product_cat-custom-bucket-hats-with-string","9":"first","10":"outofstock","11":"shipping-taxable","12":"product-type-simple"},"acf":[],"yoast_head":"<!-- This site is optimized with the Yoast SEO Premium plugin v20.8 (Yoast SEO v25.9) - https:\/\/yoast.com\/wordpress\/plugins\/seo\/ -->\n<title>Sumkcaps Custom Wide Brim Foldable Boonie Hats Bucket Hats<\/title>\n<meta name=\"description\" content=\"Sumkcaps 2715 Custom Wide Brim Foldable Boonie Hats Bucket Hat Is Fashion And Keep Your Product Unique. Best Choice To Promote Your Brand.\" \/>\n<meta name=\"robots\" content=\"index, follow, max-snippet:-1, max-image-preview:large, max-video-preview:-1\" \/>\n<link rel=\"canonical\" href=\"https:\/\/sumkcaps.com\/fr\/produit\/sufox-2715-custom-wide-brim-foldable-boonie-hats-bucket-hats\/\" \/>\n<meta property=\"og:locale\" content=\"fr_FR\" \/>\n<meta property=\"og:type\" content=\"article\" \/>\n<meta property=\"og:title\" content=\"Sumkcaps 2715 Custom Wide Brim Foldable Boonie Bucket Hats - Sumkcaps\" \/>\n<meta property=\"og:description\" content=\"Sumkcaps 2715 Custom Wide Brim Foldable Boonie Hats Bucket Hat Is Fashion And Keep Your Product Unique. Best Choice To Promote Your Brand.\" \/>\n<meta property=\"og:url\" content=\"https:\/\/sumkcaps.com\/fr\/produit\/sufox-2715-custom-wide-brim-foldable-boonie-hats-bucket-hats\/\" \/>\n<meta property=\"og:site_name\" content=\"Sumkcaps-China Original Headwear Manufacturer and Suppliers\" \/>\n<meta property=\"article:publisher\" content=\"https:\/\/www.facebook.com\/sumkcap\" \/>\n<meta property=\"article:modified_time\" content=\"2025-12-04T03:38:36+00:00\" \/>\n<meta property=\"og:image\" content=\"https:\/\/sumkcaps.com\/wp-content\/uploads\/2022\/09\/sun_cap-4.jpg\" \/>\n\t<meta property=\"og:image:width\" content=\"1000\" \/>\n\t<meta property=\"og:image:height\" content=\"1000\" \/>\n\t<meta property=\"og:image:type\" content=\"image\/jpeg\" \/>\n<meta name=\"twitter:card\" content=\"summary_large_image\" \/>\n<meta name=\"twitter:label1\" content=\"Dur\u00e9e de lecture estim\u00e9e\" \/>\n\t<meta name=\"twitter:data1\" content=\"2 minutes\" \/>\n<script type=\"application\/ld+json\" class=\"yoast-schema-graph\">{\"@context\":\"https:\/\/schema.org\",\"@graph\":[{\"@type\":\"WebPage\",\"@id\":\"https:\/\/sumkcaps.com\/product\/sufox-2715-custom-wide-brim-foldable-boonie-hats-bucket-hats\/\",\"url\":\"https:\/\/sumkcaps.com\/product\/sufox-2715-custom-wide-brim-foldable-boonie-hats-bucket-hats\/\",\"name\":\"Sumkcaps Custom Wide Brim Foldable Boonie Hats Bucket Hats\",\"isPartOf\":{\"@id\":\"https:\/\/sumkcaps.com\/#website\"},\"primaryImageOfPage\":{\"@id\":\"https:\/\/sumkcaps.com\/product\/sufox-2715-custom-wide-brim-foldable-boonie-hats-bucket-hats\/#primaryimage\"},\"image\":{\"@id\":\"https:\/\/sumkcaps.com\/product\/sufox-2715-custom-wide-brim-foldable-boonie-hats-bucket-hats\/#primaryimage\"},\"thumbnailUrl\":\"https:\/\/sumkcaps.com\/wp-content\/uploads\/2022\/09\/sun_cap-4.jpg\",\"datePublished\":\"2022-09-15T03:07:26+00:00\",\"dateModified\":\"2025-12-04T03:38:36+00:00\",\"description\":\"Sumkcaps 2715 Custom Wide Brim Foldable Boonie Hats Bucket Hat Is Fashion And Keep Your Product Unique. Best Choice To Promote Your Brand.\",\"breadcrumb\":{\"@id\":\"https:\/\/sumkcaps.com\/product\/sufox-2715-custom-wide-brim-foldable-boonie-hats-bucket-hats\/#breadcrumb\"},\"inLanguage\":\"fr-FR\",\"potentialAction\":[{\"@type\":\"ReadAction\",\"target\":[\"https:\/\/sumkcaps.com\/product\/sufox-2715-custom-wide-brim-foldable-boonie-hats-bucket-hats\/\"]}]},{\"@type\":\"ImageObject\",\"inLanguage\":\"fr-FR\",\"@id\":\"https:\/\/sumkcaps.com\/product\/sufox-2715-custom-wide-brim-foldable-boonie-hats-bucket-hats\/#primaryimage\",\"url\":\"https:\/\/sumkcaps.com\/wp-content\/uploads\/2022\/09\/sun_cap-4.jpg\",\"contentUrl\":\"https:\/\/sumkcaps.com\/wp-content\/uploads\/2022\/09\/sun_cap-4.jpg\",\"width\":1000,\"height\":1000},{\"@type\":\"BreadcrumbList\",\"@id\":\"https:\/\/sumkcaps.com\/product\/sufox-2715-custom-wide-brim-foldable-boonie-hats-bucket-hats\/#breadcrumb\",\"itemListElement\":[{\"@type\":\"ListItem\",\"position\":1,\"name\":\"Home\",\"item\":\"https:\/\/sumkcaps.com\/\"},{\"@type\":\"ListItem\",\"position\":2,\"name\":\"Products\",\"item\":\"https:\/\/sumkcaps.com\/product\/\"},{\"@type\":\"ListItem\",\"position\":3,\"name\":\"Sumkcaps 2715 Custom Wide Brim Foldable Boonie Bucket Hats\"}]},{\"@type\":\"WebSite\",\"@id\":\"https:\/\/sumkcaps.com\/#website\",\"url\":\"https:\/\/sumkcaps.com\/\",\"name\":\"Sumkcaps-China Original Headwear Manufacturer and Suppliers\",\"description\":\"We are China Cap And Hat Original Factory, whose main business is to custom cap and hat as client&#039;s LOGO. Any cap style, any cap color, any qty, any material and qty is no problem. In one words, any small details can be customized as your request.\",\"publisher\":{\"@id\":\"https:\/\/sumkcaps.com\/#organization\"},\"potentialAction\":[{\"@type\":\"SearchAction\",\"target\":{\"@type\":\"EntryPoint\",\"urlTemplate\":\"https:\/\/sumkcaps.com\/?s={search_term_string}\"},\"query-input\":{\"@type\":\"PropertyValueSpecification\",\"valueRequired\":true,\"valueName\":\"search_term_string\"}}],\"inLanguage\":\"fr-FR\"},{\"@type\":\"Organization\",\"@id\":\"https:\/\/sumkcaps.com\/#organization\",\"name\":\"Sumkcaps-China Original Headwear Manufacturer and Suppliers\",\"url\":\"https:\/\/sumkcaps.com\/\",\"logo\":{\"@type\":\"ImageObject\",\"inLanguage\":\"fr-FR\",\"@id\":\"https:\/\/sumkcaps.com\/#\/schema\/logo\/image\/\",\"url\":\"https:\/\/sumkcaps.com\/wp-content\/uploads\/2025\/12\/1234.jpg\",\"contentUrl\":\"https:\/\/sumkcaps.com\/wp-content\/uploads\/2025\/12\/1234.jpg\",\"width\":800,\"height\":800,\"caption\":\"Sumkcaps-China Original Headwear Manufacturer and Suppliers\"},\"image\":{\"@id\":\"https:\/\/sumkcaps.com\/#\/schema\/logo\/image\/\"},\"sameAs\":[\"https:\/\/www.facebook.com\/sumkcap\",\"https:\/\/www.instagram.com\/sumkcaps7\/\",\"https:\/\/www.pinterest.com\/sumkcapschina\/\"]}]}<\/script>\n<!-- \/ Yoast SEO Premium plugin. -->","yoast_head_json":{"title":"Chapeaux Boonie \u00e0 large bord pliables personnalis\u00e9s Sumkcaps Chapeaux Bucket","description":"Sumkcaps 2715 Custom Wide Brim Foldable Boonie Hats Bucket Hat Is Fashion and Keep Your Product Unique. Le meilleur choix pour promouvoir votre marque.","robots":{"index":"index","follow":"follow","max-snippet":"max-snippet:-1","max-image-preview":"max-image-preview:large","max-video-preview":"max-video-preview:-1"},"canonical":"https:\/\/sumkcaps.com\/fr\/produit\/sufox-2715-custom-wide-brim-foldable-boonie-hats-bucket-hats\/","og_locale":"fr_FR","og_type":"article","og_title":"Sumkcaps 2715 Custom Wide Brim Foldable Boonie Bucket Hats - Sumkcaps","og_description":"Sumkcaps 2715 Custom Wide Brim Foldable Boonie Hats Bucket Hat Is Fashion And Keep Your Product Unique. Best Choice To Promote Your Brand.","og_url":"https:\/\/sumkcaps.com\/fr\/produit\/sufox-2715-custom-wide-brim-foldable-boonie-hats-bucket-hats\/","og_site_name":"Sumkcaps-China Original Headwear Manufacturer and Suppliers","article_publisher":"https:\/\/www.facebook.com\/sumkcap","article_modified_time":"2025-12-04T03:38:36+00:00","og_image":[{"width":1000,"height":1000,"url":"https:\/\/sumkcaps.com\/wp-content\/uploads\/2022\/09\/sun_cap-4.jpg","type":"image\/jpeg"}],"twitter_card":"summary_large_image","twitter_misc":{"Dur\u00e9e de lecture estim\u00e9e":"2 minutes"},"schema":{"@context":"https:\/\/schema.org","@graph":[{"@type":"WebPage","@id":"https:\/\/sumkcaps.com\/product\/sufox-2715-custom-wide-brim-foldable-boonie-hats-bucket-hats\/","url":"https:\/\/sumkcaps.com\/product\/sufox-2715-custom-wide-brim-foldable-boonie-hats-bucket-hats\/","name":"Chapeaux Boonie \u00e0 large bord pliables personnalis\u00e9s Sumkcaps Chapeaux Bucket","isPartOf":{"@id":"https:\/\/sumkcaps.com\/#website"},"primaryImageOfPage":{"@id":"https:\/\/sumkcaps.com\/product\/sufox-2715-custom-wide-brim-foldable-boonie-hats-bucket-hats\/#primaryimage"},"image":{"@id":"https:\/\/sumkcaps.com\/product\/sufox-2715-custom-wide-brim-foldable-boonie-hats-bucket-hats\/#primaryimage"},"thumbnailUrl":"https:\/\/sumkcaps.com\/wp-content\/uploads\/2022\/09\/sun_cap-4.jpg","datePublished":"2022-09-15T03:07:26+00:00","dateModified":"2025-12-04T03:38:36+00:00","description":"Sumkcaps 2715 Custom Wide Brim Foldable Boonie Hats Bucket Hat Is Fashion and Keep Your Product Unique. Le meilleur choix pour promouvoir votre marque.","breadcrumb":{"@id":"https:\/\/sumkcaps.com\/product\/sufox-2715-custom-wide-brim-foldable-boonie-hats-bucket-hats\/#breadcrumb"},"inLanguage":"fr-FR","potentialAction":[{"@type":"ReadAction","target":["https:\/\/sumkcaps.com\/product\/sufox-2715-custom-wide-brim-foldable-boonie-hats-bucket-hats\/"]}]},{"@type":"ImageObject","inLanguage":"fr-FR","@id":"https:\/\/sumkcaps.com\/product\/sufox-2715-custom-wide-brim-foldable-boonie-hats-bucket-hats\/#primaryimage","url":"https:\/\/sumkcaps.com\/wp-content\/uploads\/2022\/09\/sun_cap-4.jpg","contentUrl":"https:\/\/sumkcaps.com\/wp-content\/uploads\/2022\/09\/sun_cap-4.jpg","width":1000,"height":1000},{"@type":"BreadcrumbList","@id":"https:\/\/sumkcaps.com\/product\/sufox-2715-custom-wide-brim-foldable-boonie-hats-bucket-hats\/#breadcrumb","itemListElement":[{"@type":"ListItem","position":1,"name":"Home","item":"https:\/\/sumkcaps.com\/"},{"@type":"ListItem","position":2,"name":"Products","item":"https:\/\/sumkcaps.com\/product\/"},{"@type":"ListItem","position":3,"name":"Sumkcaps 2715 Custom Wide Brim Foldable Boonie Bucket Hats"}]},{"@type":"WebSite","@id":"https:\/\/sumkcaps.com\/#website","url":"https:\/\/sumkcaps.com\/","name":"Sumkcaps - Fabricant et fournisseur chinois de couvre-chefs originaux","description":"Nous sommes une entreprise chinoise de fabrication de casquettes et de chapeaux, dont l'activit\u00e9 principale consiste \u00e0 personnaliser les casquettes et les chapeaux en fonction du LOGO du client. Tous les styles de casquettes, toutes les couleurs de casquettes, toutes les quantit\u00e9s, tous les mat\u00e9riaux et toutes les quantit\u00e9s ne posent aucun probl\u00e8me. En d'autres termes, tous les petits d\u00e9tails peuvent \u00eatre personnalis\u00e9s selon votre demande.","publisher":{"@id":"https:\/\/sumkcaps.com\/#organization"},"potentialAction":[{"@type":"SearchAction","target":{"@type":"EntryPoint","urlTemplate":"https:\/\/sumkcaps.com\/?s={search_term_string}"},"query-input":{"@type":"PropertyValueSpecification","valueRequired":true,"valueName":"search_term_string"}}],"inLanguage":"fr-FR"},{"@type":"Organization","@id":"https:\/\/sumkcaps.com\/#organization","name":"Sumkcaps - Fabricant et fournisseur chinois de couvre-chefs originaux","url":"https:\/\/sumkcaps.com\/","logo":{"@type":"ImageObject","inLanguage":"fr-FR","@id":"https:\/\/sumkcaps.com\/#\/schema\/logo\/image\/","url":"https:\/\/sumkcaps.com\/wp-content\/uploads\/2025\/12\/1234.jpg","contentUrl":"https:\/\/sumkcaps.com\/wp-content\/uploads\/2025\/12\/1234.jpg","width":800,"height":800,"caption":"Sumkcaps-China Original Headwear Manufacturer and Suppliers"},"image":{"@id":"https:\/\/sumkcaps.com\/#\/schema\/logo\/image\/"},"sameAs":["https:\/\/www.facebook.com\/sumkcap","https:\/\/www.instagram.com\/sumkcaps7\/","https:\/\/www.pinterest.com\/sumkcapschina\/"]}]}},"taxonomy_info":{"product_cat":[{"value":55,"label":"Bucket Hat Wholesale"},{"value":963,"label":"Custom Bucket Hats With String"}]},"featured_image_src_large":["https:\/\/sumkcaps.com\/wp-content\/uploads\/2022\/09\/sun_cap-4.jpg",800,800,false],"author_info":[],"comment_info":"","_links":{"self":[{"href":"https:\/\/sumkcaps.com\/fr\/wp-json\/wp\/v2\/product\/14750","targetHints":{"allow":["GET"]}}],"collection":[{"href":"https:\/\/sumkcaps.com\/fr\/wp-json\/wp\/v2\/product"}],"about":[{"href":"https:\/\/sumkcaps.com\/fr\/wp-json\/wp\/v2\/types\/product"}],"wp:featuredmedia":[{"embeddable":true,"href":"https:\/\/sumkcaps.com\/fr\/wp-json\/wp\/v2\/media\/14751"}],"wp:attachment":[{"href":"https:\/\/sumkcaps.com\/fr\/wp-json\/wp\/v2\/media?parent=14750"}],"wp:term":[{"taxonomy":"product_brand","embeddable":true,"href":"https:\/\/sumkcaps.com\/fr\/wp-json\/wp\/v2\/product_brand?post=14750"},{"taxonomy":"product_cat","embeddable":true,"href":"https:\/\/sumkcaps.com\/fr\/wp-json\/wp\/v2\/product_cat?post=14750"},{"taxonomy":"product_tag","embeddable":true,"href":"https:\/\/sumkcaps.com\/fr\/wp-json\/wp\/v2\/product_tag?post=14750"}],"curies":[{"name":"wp","href":"https:\/\/api.w.org\/{rel}","templated":true}]}}